{"id":48231,"date":"2023-07-03T15:39:41","date_gmt":"2023-07-03T13:39:41","guid":{"rendered":"https:\/\/clarijs-fietstassen.nl\/lenkertasche-ibera-ib-hb1\/"},"modified":"2025-02-17T13:17:31","modified_gmt":"2025-02-17T12:17:31","slug":"lenkertasche-ibera-ib-hb1","status":"publish","type":"product","link":"https:\/\/clarijs-fietstassen.nl\/de\/produkt\/lenkertasche-ibera-ib-hb1\/","title":{"rendered":"Lenkertasche Ibera IB-HB1"},"content":{"rendered":"<p><span style=\"font-weight: 400;\">Das intelligente und abnehmbare Klicksystem erm\u00f6glicht es Ihnen, die Tasche m\u00fchelos anzubringen und abzunehmen. Kein \u00c4rger mehr mit komplizierten Befestigungen, denn mit dieser Tasche sind Sie im Handumdrehen startklar. <\/span><\/p>\n<p><span style=\"font-weight: 400;\">Mit den Ma\u00dfen 13 x 13 x 15 cm (L x B x H) bietet sie gen\u00fcgend Platz f\u00fcr all Ihre wichtigen Dinge. Die aus strapazierf\u00e4higem Polyester gefertigte Tasche ist nicht nur leicht (nur 240 Gramm), sondern h\u00e4lt auch den Herausforderungen des t\u00e4glichen Gebrauchs stand. <\/span><\/p>\n<p><span style=\"font-weight: 400;\">Die Tasche ist f\u00fcr Lenkerdurchmesser von 22,2 &#8211; 31,8 mm geeignet und passt damit perfekt auf die meisten Fahrr\u00e4der. Mit einem gro\u00dfz\u00fcgigen Fassungsverm\u00f6gen von 2,5 Litern k\u00f6nnen Sie alles mitnehmen, was Sie f\u00fcr eine sorgenfreie Fahrt ben\u00f6tigen. <\/span><\/p>\n<p><span style=\"font-weight: 400;\">Entscheiden Sie sich f\u00fcr den Komfort und die Vielseitigkeit der Ibera Tasche und genie\u00dfen Sie ein m\u00fcheloses Raderlebnis. Erg\u00e4nzen Sie jetzt Ihre Fahrradausr\u00fcstung mit dieser hochwertigen Tasche und fahren Sie mit Zuversicht los, denn Sie wissen, dass all Ihre Habseligkeiten sicher und in Reichweite sind! <\/span><\/p>\n<p><br style=\"font-weight: 400;\"><\/p>\n","protected":false},"excerpt":{"rendered":"<p>Das intelligente und abnehmbare Klicksystem erm\u00f6glicht es Ihnen, die Tasche m\u00fchelos anzubringen und abzunehmen. Kein \u00c4rger mehr mit komplizierten Befestigungen, denn mit dieser Tasche sind Sie im Handumdrehen startklar. Mit den Ma\u00dfen 13 x 13 x 15 cm (L x B x H) bietet sie gen\u00fcgend Platz f\u00fcr all Ihre wichtigen Dinge. Die aus strapazierf\u00e4higem [&hellip;]<\/p>\n","protected":false},"featured_media":48234,"comment_status":"closed","ping_status":"closed","template":"","meta":{"_acf_changed":false,"_et_pb_use_builder":"","_et_pb_old_content":"","_et_gb_content_width":""},"product_brand":[],"product_cat":[881,879,723,684],"product_tag":[],"class_list":{"0":"post-48231","1":"product","2":"type-product","3":"status-publish","4":"has-post-thumbnail","6":"product_cat-angebote","7":"product_cat-deals","8":"product_cat-fahrradzubehor","9":"product_cat-zubehor","10":"pa_afmetingen-13-x-13-x-15-cm-l-x-b-x-h-de","11":"pa_kleur-schwarz","12":"pa_materiaal-polyester-de","14":"first","15":"instock","16":"sale","17":"taxable","18":"shipping-taxable","19":"purchasable","20":"product-type-simple"},"acf":[],"yoast_head":"<!-- This site is optimized with the Yoast SEO Premium plugin v27.2 (Yoast SEO v27.3) - https:\/\/yoast.com\/product\/yoast-seo-premium-wordpress\/ -->\n<title>Lenkertasche Ibera IB-HB1 - Clarijs Fietstassen<\/title>\n<meta name=\"description\" content=\"Diese praktische Tasche von Ibera sorgt daf\u00fcr, dass Sie Ihre Sachen leicht verstauen k\u00f6nnen, wenn Sie unterwegs sind. Kaufen Sie sie noch heute!\" \/>\n<meta name=\"robots\" content=\"index, follow, max-snippet:-1, max-image-preview:large, max-video-preview:-1\" \/>\n<link rel=\"canonical\" href=\"http:\/\/clarijs-fietstassen.nl\/produkt\/stuurtas-ibera-ib-hb1\/\" \/>\n<meta property=\"og:locale\" content=\"de_DE\" \/>\n<meta property=\"og:type\" content=\"article\" \/>\n<meta property=\"og:title\" content=\"Lenkertasche Ibera IB-HB1\" \/>\n<meta property=\"og:description\" content=\"Diese praktische Tasche von Ibera sorgt daf\u00fcr, dass Sie Ihre Sachen leicht verstauen k\u00f6nnen, wenn Sie unterwegs sind. Kaufen Sie sie noch heute!\" \/>\n<meta property=\"og:url\" content=\"http:\/\/clarijs-fietstassen.nl\/produkt\/stuurtas-ibera-ib-hb1\/\" \/>\n<meta property=\"og:site_name\" content=\"Clarijs Fietstassen\" \/>\n<meta property=\"article:publisher\" content=\"https:\/\/www.facebook.com\/clarijs1948\/\" \/>\n<meta property=\"article:modified_time\" content=\"2025-02-17T12:17:31+00:00\" \/>\n<meta property=\"og:image\" content=\"https:\/\/clarijs-fietstassen.nl\/wp-content\/uploads\/2023\/07\/Afbeelding-Ibera-IB-HB1-stuurtas.jpg\" \/>\n\t<meta property=\"og:image:width\" content=\"500\" \/>\n\t<meta property=\"og:image:height\" content=\"500\" \/>\n\t<meta property=\"og:image:type\" content=\"image\/jpeg\" \/>\n<meta name=\"twitter:card\" content=\"summary_large_image\" \/>\n<meta name=\"twitter:label1\" content=\"Preis\" \/>\n\t<meta name=\"twitter:data1\" content=\"&euro;12.50\" \/>\n\t<meta name=\"twitter:label2\" content=\"Verf\u00fcgbarkeit\" \/>\n\t<meta name=\"twitter:data2\" content=\"Auf Lager\" \/>\n<script type=\"application\/ld+json\" class=\"yoast-schema-graph\">{\"@context\":\"https:\\\/\\\/schema.org\",\"@graph\":[{\"@type\":\"WebPage\",\"@id\":\"http:\\\/\\\/clarijs-fietstassen.nl\\\/produkt\\\/stuurtas-ibera-ib-hb1\\\/\",\"url\":\"http:\\\/\\\/clarijs-fietstassen.nl\\\/produkt\\\/stuurtas-ibera-ib-hb1\\\/\",\"name\":\"Lenkertasche Ibera IB-HB1 - Clarijs Fietstassen\",\"isPartOf\":{\"@id\":\"https:\\\/\\\/clarijs-fietstassen.nl\\\/de\\\/#website\"},\"primaryImageOfPage\":{\"@id\":\"http:\\\/\\\/clarijs-fietstassen.nl\\\/produkt\\\/stuurtas-ibera-ib-hb1\\\/#primaryimage\"},\"image\":{\"@id\":\"http:\\\/\\\/clarijs-fietstassen.nl\\\/produkt\\\/stuurtas-ibera-ib-hb1\\\/#primaryimage\"},\"thumbnailUrl\":\"https:\\\/\\\/clarijs-fietstassen.nl\\\/wp-content\\\/uploads\\\/2023\\\/07\\\/Afbeelding-Ibera-IB-HB1-stuurtas.jpg\",\"datePublished\":\"2023-07-03T13:39:41+00:00\",\"dateModified\":\"2025-02-17T12:17:31+00:00\",\"description\":\"Diese praktische Tasche von Ibera sorgt daf\u00fcr, dass Sie Ihre Sachen leicht verstauen k\u00f6nnen, wenn Sie unterwegs sind. Kaufen Sie sie noch heute!\",\"breadcrumb\":{\"@id\":\"http:\\\/\\\/clarijs-fietstassen.nl\\\/produkt\\\/stuurtas-ibera-ib-hb1\\\/#breadcrumb\"},\"inLanguage\":\"de\",\"potentialAction\":[{\"@type\":\"ReadAction\",\"target\":[\"http:\\\/\\\/clarijs-fietstassen.nl\\\/produkt\\\/stuurtas-ibera-ib-hb1\\\/\"]}]},{\"@type\":\"ImageObject\",\"inLanguage\":\"de\",\"@id\":\"http:\\\/\\\/clarijs-fietstassen.nl\\\/produkt\\\/stuurtas-ibera-ib-hb1\\\/#primaryimage\",\"url\":\"https:\\\/\\\/clarijs-fietstassen.nl\\\/wp-content\\\/uploads\\\/2023\\\/07\\\/Afbeelding-Ibera-IB-HB1-stuurtas.jpg\",\"contentUrl\":\"https:\\\/\\\/clarijs-fietstassen.nl\\\/wp-content\\\/uploads\\\/2023\\\/07\\\/Afbeelding-Ibera-IB-HB1-stuurtas.jpg\",\"width\":500,\"height\":500},{\"@type\":\"BreadcrumbList\",\"@id\":\"http:\\\/\\\/clarijs-fietstassen.nl\\\/produkt\\\/stuurtas-ibera-ib-hb1\\\/#breadcrumb\",\"itemListElement\":[{\"@type\":\"ListItem\",\"position\":1,\"name\":\"Home\",\"item\":\"https:\\\/\\\/clarijs-fietstassen.nl\\\/de\\\/\"},{\"@type\":\"ListItem\",\"position\":2,\"name\":\"Shop\",\"item\":\"https:\\\/\\\/clarijs-fietstassen.nl\\\/de\\\/shop\\\/\"},{\"@type\":\"ListItem\",\"position\":3,\"name\":\"Aanbiedingen\",\"item\":\"https:\\\/\\\/clarijs-fietstassen.nl\\\/aanbiedingen\\\/\"},{\"@type\":\"ListItem\",\"position\":4,\"name\":\"Lenkertasche Ibera IB-HB1\"}]},{\"@type\":\"WebSite\",\"@id\":\"https:\\\/\\\/clarijs-fietstassen.nl\\\/de\\\/#website\",\"url\":\"https:\\\/\\\/clarijs-fietstassen.nl\\\/de\\\/\",\"name\":\"Clarijs Fietstassen\",\"description\":\"Kwaliteit &amp; ambacht sinds 1948\",\"publisher\":{\"@id\":\"https:\\\/\\\/clarijs-fietstassen.nl\\\/de\\\/#organization\"},\"potentialAction\":[{\"@type\":\"SearchAction\",\"target\":{\"@type\":\"EntryPoint\",\"urlTemplate\":\"https:\\\/\\\/clarijs-fietstassen.nl\\\/de\\\/?s={search_term_string}\"},\"query-input\":{\"@type\":\"PropertyValueSpecification\",\"valueRequired\":true,\"valueName\":\"search_term_string\"}}],\"inLanguage\":\"de\"},{\"@type\":\"Organization\",\"@id\":\"https:\\\/\\\/clarijs-fietstassen.nl\\\/de\\\/#organization\",\"name\":\"Clarijs Fietstassen\",\"url\":\"https:\\\/\\\/clarijs-fietstassen.nl\\\/de\\\/\",\"logo\":{\"@type\":\"ImageObject\",\"inLanguage\":\"de\",\"@id\":\"https:\\\/\\\/clarijs-fietstassen.nl\\\/de\\\/#\\\/schema\\\/logo\\\/image\\\/\",\"url\":\"https:\\\/\\\/clarijs-fietstassen.nl\\\/wp-content\\\/uploads\\\/2024\\\/01\\\/clarijs-logo-met-rand.jpg\",\"contentUrl\":\"https:\\\/\\\/clarijs-fietstassen.nl\\\/wp-content\\\/uploads\\\/2024\\\/01\\\/clarijs-logo-met-rand.jpg\",\"width\":560,\"height\":266,\"caption\":\"Clarijs Fietstassen\"},\"image\":{\"@id\":\"https:\\\/\\\/clarijs-fietstassen.nl\\\/de\\\/#\\\/schema\\\/logo\\\/image\\\/\"},\"sameAs\":[\"https:\\\/\\\/www.facebook.com\\\/clarijs1948\\\/\",\"https:\\\/\\\/www.instagram.com\\\/clarijscovers\\\/\"]}]}<\/script>\n<meta property=\"product:price:amount\" content=\"12.50\" \/>\n<meta property=\"product:price:currency\" content=\"EUR\" \/>\n<meta property=\"og:availability\" content=\"instock\" \/>\n<meta property=\"product:availability\" content=\"instock\" \/>\n<meta property=\"product:retailer_item_id\" content=\"4024\" \/>\n<meta property=\"product:condition\" content=\"new\" \/>\n<!-- \/ Yoast SEO Premium plugin. -->","yoast_head_json":{"title":"Lenkertasche Ibera IB-HB1 - Clarijs Fietstassen","description":"Diese praktische Tasche von Ibera sorgt daf\u00fcr, dass Sie Ihre Sachen leicht verstauen k\u00f6nnen, wenn Sie unterwegs sind. Kaufen Sie sie noch heute!","robots":{"index":"index","follow":"follow","max-snippet":"max-snippet:-1","max-image-preview":"max-image-preview:large","max-video-preview":"max-video-preview:-1"},"canonical":"http:\/\/clarijs-fietstassen.nl\/produkt\/stuurtas-ibera-ib-hb1\/","og_locale":"de_DE","og_type":"article","og_title":"Lenkertasche Ibera IB-HB1","og_description":"Diese praktische Tasche von Ibera sorgt daf\u00fcr, dass Sie Ihre Sachen leicht verstauen k\u00f6nnen, wenn Sie unterwegs sind. Kaufen Sie sie noch heute!","og_url":"http:\/\/clarijs-fietstassen.nl\/produkt\/stuurtas-ibera-ib-hb1\/","og_site_name":"Clarijs Fietstassen","article_publisher":"https:\/\/www.facebook.com\/clarijs1948\/","article_modified_time":"2025-02-17T12:17:31+00:00","og_image":[{"width":500,"height":500,"url":"https:\/\/clarijs-fietstassen.nl\/wp-content\/uploads\/2023\/07\/Afbeelding-Ibera-IB-HB1-stuurtas.jpg","type":"image\/jpeg"}],"twitter_card":"summary_large_image","twitter_misc":{"Preis":"&euro;12.50","Verf\u00fcgbarkeit":"Auf Lager"},"schema":{"@context":"https:\/\/schema.org","@graph":[{"@type":"WebPage","@id":"http:\/\/clarijs-fietstassen.nl\/produkt\/stuurtas-ibera-ib-hb1\/","url":"http:\/\/clarijs-fietstassen.nl\/produkt\/stuurtas-ibera-ib-hb1\/","name":"Lenkertasche Ibera IB-HB1 - Clarijs Fietstassen","isPartOf":{"@id":"https:\/\/clarijs-fietstassen.nl\/de\/#website"},"primaryImageOfPage":{"@id":"http:\/\/clarijs-fietstassen.nl\/produkt\/stuurtas-ibera-ib-hb1\/#primaryimage"},"image":{"@id":"http:\/\/clarijs-fietstassen.nl\/produkt\/stuurtas-ibera-ib-hb1\/#primaryimage"},"thumbnailUrl":"https:\/\/clarijs-fietstassen.nl\/wp-content\/uploads\/2023\/07\/Afbeelding-Ibera-IB-HB1-stuurtas.jpg","datePublished":"2023-07-03T13:39:41+00:00","dateModified":"2025-02-17T12:17:31+00:00","description":"Diese praktische Tasche von Ibera sorgt daf\u00fcr, dass Sie Ihre Sachen leicht verstauen k\u00f6nnen, wenn Sie unterwegs sind. Kaufen Sie sie noch heute!","breadcrumb":{"@id":"http:\/\/clarijs-fietstassen.nl\/produkt\/stuurtas-ibera-ib-hb1\/#breadcrumb"},"inLanguage":"de","potentialAction":[{"@type":"ReadAction","target":["http:\/\/clarijs-fietstassen.nl\/produkt\/stuurtas-ibera-ib-hb1\/"]}]},{"@type":"ImageObject","inLanguage":"de","@id":"http:\/\/clarijs-fietstassen.nl\/produkt\/stuurtas-ibera-ib-hb1\/#primaryimage","url":"https:\/\/clarijs-fietstassen.nl\/wp-content\/uploads\/2023\/07\/Afbeelding-Ibera-IB-HB1-stuurtas.jpg","contentUrl":"https:\/\/clarijs-fietstassen.nl\/wp-content\/uploads\/2023\/07\/Afbeelding-Ibera-IB-HB1-stuurtas.jpg","width":500,"height":500},{"@type":"BreadcrumbList","@id":"http:\/\/clarijs-fietstassen.nl\/produkt\/stuurtas-ibera-ib-hb1\/#breadcrumb","itemListElement":[{"@type":"ListItem","position":1,"name":"Home","item":"https:\/\/clarijs-fietstassen.nl\/de\/"},{"@type":"ListItem","position":2,"name":"Shop","item":"https:\/\/clarijs-fietstassen.nl\/de\/shop\/"},{"@type":"ListItem","position":3,"name":"Aanbiedingen","item":"https:\/\/clarijs-fietstassen.nl\/aanbiedingen\/"},{"@type":"ListItem","position":4,"name":"Lenkertasche Ibera IB-HB1"}]},{"@type":"WebSite","@id":"https:\/\/clarijs-fietstassen.nl\/de\/#website","url":"https:\/\/clarijs-fietstassen.nl\/de\/","name":"Clarijs Fietstassen","description":"Kwaliteit &amp; ambacht sinds 1948","publisher":{"@id":"https:\/\/clarijs-fietstassen.nl\/de\/#organization"},"potentialAction":[{"@type":"SearchAction","target":{"@type":"EntryPoint","urlTemplate":"https:\/\/clarijs-fietstassen.nl\/de\/?s={search_term_string}"},"query-input":{"@type":"PropertyValueSpecification","valueRequired":true,"valueName":"search_term_string"}}],"inLanguage":"de"},{"@type":"Organization","@id":"https:\/\/clarijs-fietstassen.nl\/de\/#organization","name":"Clarijs Fietstassen","url":"https:\/\/clarijs-fietstassen.nl\/de\/","logo":{"@type":"ImageObject","inLanguage":"de","@id":"https:\/\/clarijs-fietstassen.nl\/de\/#\/schema\/logo\/image\/","url":"https:\/\/clarijs-fietstassen.nl\/wp-content\/uploads\/2024\/01\/clarijs-logo-met-rand.jpg","contentUrl":"https:\/\/clarijs-fietstassen.nl\/wp-content\/uploads\/2024\/01\/clarijs-logo-met-rand.jpg","width":560,"height":266,"caption":"Clarijs Fietstassen"},"image":{"@id":"https:\/\/clarijs-fietstassen.nl\/de\/#\/schema\/logo\/image\/"},"sameAs":["https:\/\/www.facebook.com\/clarijs1948\/","https:\/\/www.instagram.com\/clarijscovers\/"]}]},"product_price_amount":"12.50","product_price_currency":"EUR","og_availability":"instock","product_availability":"instock","product_retailer_item_id":"4024","product_condition":"new"},"_links":{"self":[{"href":"https:\/\/clarijs-fietstassen.nl\/de\/wp-json\/wp\/v2\/product\/48231","targetHints":{"allow":["GET"]}}],"collection":[{"href":"https:\/\/clarijs-fietstassen.nl\/de\/wp-json\/wp\/v2\/product"}],"about":[{"href":"https:\/\/clarijs-fietstassen.nl\/de\/wp-json\/wp\/v2\/types\/product"}],"replies":[{"embeddable":true,"href":"https:\/\/clarijs-fietstassen.nl\/de\/wp-json\/wp\/v2\/comments?post=48231"}],"wp:featuredmedia":[{"embeddable":true,"href":"https:\/\/clarijs-fietstassen.nl\/de\/wp-json\/wp\/v2\/media\/48234"}],"wp:attachment":[{"href":"https:\/\/clarijs-fietstassen.nl\/de\/wp-json\/wp\/v2\/media?parent=48231"}],"wp:term":[{"taxonomy":"product_brand","embeddable":true,"href":"https:\/\/clarijs-fietstassen.nl\/de\/wp-json\/wp\/v2\/product_brand?post=48231"},{"taxonomy":"product_cat","embeddable":true,"href":"https:\/\/clarijs-fietstassen.nl\/de\/wp-json\/wp\/v2\/product_cat?post=48231"},{"taxonomy":"product_tag","embeddable":true,"href":"https:\/\/clarijs-fietstassen.nl\/de\/wp-json\/wp\/v2\/product_tag?post=48231"}],"curies":[{"name":"wp","href":"https:\/\/api.w.org\/{rel}","templated":true}]}}