{"id":48235,"date":"2023-07-03T14:39:42","date_gmt":"2023-07-03T13:39:42","guid":{"rendered":"https:\/\/clarijs-fietstassen.nl\/wasserflasche-mit-staubkappe-600ml\/"},"modified":"2025-02-17T13:17:31","modified_gmt":"2025-02-17T12:17:31","slug":"wasserflasche-mit-staubkappe-600ml","status":"publish","type":"product","link":"https:\/\/clarijs-fietstassen.nl\/de\/produkt\/wasserflasche-mit-staubkappe-600ml\/","title":{"rendered":"Wasserflasche mit Staubkappe 600ml"},"content":{"rendered":"<p><span style=\"font-weight: 400;\">Entdecken Sie die Race One Trinkflasche mit Staubkappe &#8211; der ideale Begleiter f\u00fcr Ihre Radabenteuer! Mit einem gro\u00dfz\u00fcgigen Fassungsverm\u00f6gen von 600 ml sind Sie bei Ihren Fahrten garantiert ausreichend mit Fl\u00fcssigkeit versorgt. <\/span><\/p>\n<p><span style=\"font-weight: 400;\">Diese Wasserflasche bietet nicht nur ausreichend Fassungsverm\u00f6gen, sondern auch zus\u00e4tzlichen Schutz dank der praktischen Staubkappe. Machen Sie sich keine Sorgen mehr, dass Sand oder Staub in Ihren Mund gelangen k\u00f6nnte, w\u00e4hrend Sie trinken, denn die Staubkappe h\u00e4lt alles an seinem Platz. <\/span><\/p>\n<p><br style=\"font-weight: 400;\"><\/p>\n","protected":false},"excerpt":{"rendered":"<p>Entdecken Sie die Race One Trinkflasche mit Staubkappe &#8211; der ideale Begleiter f\u00fcr Ihre Radabenteuer! Mit einem gro\u00dfz\u00fcgigen Fassungsverm\u00f6gen von 600 ml sind Sie bei Ihren Fahrten garantiert ausreichend mit Fl\u00fcssigkeit versorgt. Diese Wasserflasche bietet nicht nur ausreichend Fassungsverm\u00f6gen, sondern auch zus\u00e4tzlichen Schutz dank der praktischen Staubkappe. Machen Sie sich keine Sorgen mehr, dass Sand [&hellip;]<\/p>\n","protected":false},"featured_media":51697,"comment_status":"closed","ping_status":"closed","template":"","meta":{"_acf_changed":false,"_et_pb_use_builder":"","_et_pb_old_content":"","_et_gb_content_width":""},"product_brand":[],"product_cat":[881,879,723,684],"product_tag":[],"class_list":{"0":"post-48235","1":"product","2":"type-product","3":"status-publish","4":"has-post-thumbnail","6":"product_cat-angebote","7":"product_cat-deals","8":"product_cat-fahrradzubehor","9":"product_cat-zubehor","10":"pa_geschikt-voor-e-bike-ja-de","11":"pa_geschikt-voor-ledlampjes-ja-de","12":"pa_kleur-schwarz","13":"pa_kleur-transparent-de","15":"first","16":"instock","17":"sale","18":"taxable","19":"shipping-taxable","20":"purchasable","21":"product-type-variable"},"acf":[],"yoast_head":"<!-- This site is optimized with the Yoast SEO Premium plugin v27.2 (Yoast SEO v27.3) - https:\/\/yoast.com\/product\/yoast-seo-premium-wordpress\/ -->\n<title>Wasserflasche mit Staubkappe 600ml - Clarijs Fietstassen<\/title>\n<meta name=\"description\" content=\"Race One Wasserflasche mit Staubkappe. Mit dieser Wasserflasche auf Ihrem Fahrrad k\u00f6nnen Sie eine Weile unterwegs sein und die Staubkappe sorgt daf\u00fcr, dass Sie keinen Sand oder Staub in den Mund bekommen.\" \/>\n<meta name=\"robots\" content=\"index, follow, max-snippet:-1, max-image-preview:large, max-video-preview:-1\" \/>\n<link rel=\"canonical\" href=\"http:\/\/clarijs-fietstassen.nl\/produkt\/bidon-met-stofkap-600ml\/\" \/>\n<meta property=\"og:locale\" content=\"de_DE\" \/>\n<meta property=\"og:type\" content=\"article\" \/>\n<meta property=\"og:title\" content=\"Wasserflasche mit Staubkappe 600ml\" \/>\n<meta property=\"og:description\" content=\"Race One Wasserflasche mit Staubkappe. Mit dieser Wasserflasche auf Ihrem Fahrrad k\u00f6nnen Sie eine Weile unterwegs sein und die Staubkappe sorgt daf\u00fcr, dass Sie keinen Sand oder Staub in den Mund bekommen.\" \/>\n<meta property=\"og:url\" content=\"http:\/\/clarijs-fietstassen.nl\/produkt\/bidon-met-stofkap-600ml\/\" \/>\n<meta property=\"og:site_name\" content=\"Clarijs Fietstassen\" \/>\n<meta property=\"article:publisher\" content=\"https:\/\/www.facebook.com\/clarijs1948\/\" \/>\n<meta property=\"article:modified_time\" content=\"2025-02-17T12:17:31+00:00\" \/>\n<meta property=\"og:image\" content=\"https:\/\/clarijs-fietstassen.nl\/wp-content\/uploads\/2023\/07\/Bidon-zwart-raceone-zwart.png\" \/>\n\t<meta property=\"og:image:width\" content=\"1000\" \/>\n\t<meta property=\"og:image:height\" content=\"1000\" \/>\n\t<meta property=\"og:image:type\" content=\"image\/png\" \/>\n<meta name=\"twitter:card\" content=\"summary_large_image\" \/>\n<meta name=\"twitter:label1\" content=\"Verf\u00fcgbarkeit\" \/>\n\t<meta name=\"twitter:data1\" content=\"Auf Lager\" \/>\n<script type=\"application\/ld+json\" class=\"yoast-schema-graph\">{\"@context\":\"https:\\\/\\\/schema.org\",\"@graph\":[{\"@type\":\"WebPage\",\"@id\":\"http:\\\/\\\/clarijs-fietstassen.nl\\\/produkt\\\/bidon-met-stofkap-600ml\\\/\",\"url\":\"http:\\\/\\\/clarijs-fietstassen.nl\\\/produkt\\\/bidon-met-stofkap-600ml\\\/\",\"name\":\"Wasserflasche mit Staubkappe 600ml - Clarijs Fietstassen\",\"isPartOf\":{\"@id\":\"https:\\\/\\\/clarijs-fietstassen.nl\\\/de\\\/#website\"},\"primaryImageOfPage\":{\"@id\":\"http:\\\/\\\/clarijs-fietstassen.nl\\\/produkt\\\/bidon-met-stofkap-600ml\\\/#primaryimage\"},\"image\":{\"@id\":\"http:\\\/\\\/clarijs-fietstassen.nl\\\/produkt\\\/bidon-met-stofkap-600ml\\\/#primaryimage\"},\"thumbnailUrl\":\"https:\\\/\\\/clarijs-fietstassen.nl\\\/wp-content\\\/uploads\\\/2023\\\/07\\\/Bidon-zwart-raceone-zwart.png\",\"datePublished\":\"2023-07-03T13:39:42+00:00\",\"dateModified\":\"2025-02-17T12:17:31+00:00\",\"description\":\"Race One Wasserflasche mit Staubkappe. Mit dieser Wasserflasche auf Ihrem Fahrrad k\u00f6nnen Sie eine Weile unterwegs sein und die Staubkappe sorgt daf\u00fcr, dass Sie keinen Sand oder Staub in den Mund bekommen.\",\"breadcrumb\":{\"@id\":\"http:\\\/\\\/clarijs-fietstassen.nl\\\/produkt\\\/bidon-met-stofkap-600ml\\\/#breadcrumb\"},\"inLanguage\":\"de\",\"potentialAction\":[{\"@type\":\"ReadAction\",\"target\":[\"http:\\\/\\\/clarijs-fietstassen.nl\\\/produkt\\\/bidon-met-stofkap-600ml\\\/\"]}]},{\"@type\":\"ImageObject\",\"inLanguage\":\"de\",\"@id\":\"http:\\\/\\\/clarijs-fietstassen.nl\\\/produkt\\\/bidon-met-stofkap-600ml\\\/#primaryimage\",\"url\":\"https:\\\/\\\/clarijs-fietstassen.nl\\\/wp-content\\\/uploads\\\/2023\\\/07\\\/Bidon-zwart-raceone-zwart.png\",\"contentUrl\":\"https:\\\/\\\/clarijs-fietstassen.nl\\\/wp-content\\\/uploads\\\/2023\\\/07\\\/Bidon-zwart-raceone-zwart.png\",\"width\":1000,\"height\":1000,\"caption\":\"Bidon-zwart-raceone\"},{\"@type\":\"BreadcrumbList\",\"@id\":\"http:\\\/\\\/clarijs-fietstassen.nl\\\/produkt\\\/bidon-met-stofkap-600ml\\\/#breadcrumb\",\"itemListElement\":[{\"@type\":\"ListItem\",\"position\":1,\"name\":\"Home\",\"item\":\"https:\\\/\\\/clarijs-fietstassen.nl\\\/de\\\/\"},{\"@type\":\"ListItem\",\"position\":2,\"name\":\"Shop\",\"item\":\"https:\\\/\\\/clarijs-fietstassen.nl\\\/de\\\/shop\\\/\"},{\"@type\":\"ListItem\",\"position\":3,\"name\":\"Aanbiedingen\",\"item\":\"https:\\\/\\\/clarijs-fietstassen.nl\\\/aanbiedingen\\\/\"},{\"@type\":\"ListItem\",\"position\":4,\"name\":\"Wasserflasche mit Staubkappe 600ml\"}]},{\"@type\":\"WebSite\",\"@id\":\"https:\\\/\\\/clarijs-fietstassen.nl\\\/de\\\/#website\",\"url\":\"https:\\\/\\\/clarijs-fietstassen.nl\\\/de\\\/\",\"name\":\"Clarijs Fietstassen\",\"description\":\"Kwaliteit &amp; ambacht sinds 1948\",\"publisher\":{\"@id\":\"https:\\\/\\\/clarijs-fietstassen.nl\\\/de\\\/#organization\"},\"potentialAction\":[{\"@type\":\"SearchAction\",\"target\":{\"@type\":\"EntryPoint\",\"urlTemplate\":\"https:\\\/\\\/clarijs-fietstassen.nl\\\/de\\\/?s={search_term_string}\"},\"query-input\":{\"@type\":\"PropertyValueSpecification\",\"valueRequired\":true,\"valueName\":\"search_term_string\"}}],\"inLanguage\":\"de\"},{\"@type\":\"Organization\",\"@id\":\"https:\\\/\\\/clarijs-fietstassen.nl\\\/de\\\/#organization\",\"name\":\"Clarijs Fietstassen\",\"url\":\"https:\\\/\\\/clarijs-fietstassen.nl\\\/de\\\/\",\"logo\":{\"@type\":\"ImageObject\",\"inLanguage\":\"de\",\"@id\":\"https:\\\/\\\/clarijs-fietstassen.nl\\\/de\\\/#\\\/schema\\\/logo\\\/image\\\/\",\"url\":\"https:\\\/\\\/clarijs-fietstassen.nl\\\/wp-content\\\/uploads\\\/2024\\\/01\\\/clarijs-logo-met-rand.jpg\",\"contentUrl\":\"https:\\\/\\\/clarijs-fietstassen.nl\\\/wp-content\\\/uploads\\\/2024\\\/01\\\/clarijs-logo-met-rand.jpg\",\"width\":560,\"height\":266,\"caption\":\"Clarijs Fietstassen\"},\"image\":{\"@id\":\"https:\\\/\\\/clarijs-fietstassen.nl\\\/de\\\/#\\\/schema\\\/logo\\\/image\\\/\"},\"sameAs\":[\"https:\\\/\\\/www.facebook.com\\\/clarijs1948\\\/\",\"https:\\\/\\\/www.instagram.com\\\/clarijscovers\\\/\"]}]}<\/script>\n<meta property=\"og:availability\" content=\"instock\" \/>\n<meta property=\"product:availability\" content=\"instock\" \/>\n<meta property=\"product:retailer_item_id\" content=\"4061\" \/>\n<meta property=\"product:condition\" content=\"new\" \/>\n<!-- \/ Yoast SEO Premium plugin. -->","yoast_head_json":{"title":"Wasserflasche mit Staubkappe 600ml - Clarijs Fietstassen","description":"Race One Wasserflasche mit Staubkappe. Mit dieser Wasserflasche auf Ihrem Fahrrad k\u00f6nnen Sie eine Weile unterwegs sein und die Staubkappe sorgt daf\u00fcr, dass Sie keinen Sand oder Staub in den Mund bekommen.","robots":{"index":"index","follow":"follow","max-snippet":"max-snippet:-1","max-image-preview":"max-image-preview:large","max-video-preview":"max-video-preview:-1"},"canonical":"http:\/\/clarijs-fietstassen.nl\/produkt\/bidon-met-stofkap-600ml\/","og_locale":"de_DE","og_type":"article","og_title":"Wasserflasche mit Staubkappe 600ml","og_description":"Race One Wasserflasche mit Staubkappe. Mit dieser Wasserflasche auf Ihrem Fahrrad k\u00f6nnen Sie eine Weile unterwegs sein und die Staubkappe sorgt daf\u00fcr, dass Sie keinen Sand oder Staub in den Mund bekommen.","og_url":"http:\/\/clarijs-fietstassen.nl\/produkt\/bidon-met-stofkap-600ml\/","og_site_name":"Clarijs Fietstassen","article_publisher":"https:\/\/www.facebook.com\/clarijs1948\/","article_modified_time":"2025-02-17T12:17:31+00:00","og_image":[{"width":1000,"height":1000,"url":"https:\/\/clarijs-fietstassen.nl\/wp-content\/uploads\/2023\/07\/Bidon-zwart-raceone-zwart.png","type":"image\/png"}],"twitter_card":"summary_large_image","twitter_misc":{"Verf\u00fcgbarkeit":"Auf Lager"},"schema":{"@context":"https:\/\/schema.org","@graph":[{"@type":"WebPage","@id":"http:\/\/clarijs-fietstassen.nl\/produkt\/bidon-met-stofkap-600ml\/","url":"http:\/\/clarijs-fietstassen.nl\/produkt\/bidon-met-stofkap-600ml\/","name":"Wasserflasche mit Staubkappe 600ml - Clarijs Fietstassen","isPartOf":{"@id":"https:\/\/clarijs-fietstassen.nl\/de\/#website"},"primaryImageOfPage":{"@id":"http:\/\/clarijs-fietstassen.nl\/produkt\/bidon-met-stofkap-600ml\/#primaryimage"},"image":{"@id":"http:\/\/clarijs-fietstassen.nl\/produkt\/bidon-met-stofkap-600ml\/#primaryimage"},"thumbnailUrl":"https:\/\/clarijs-fietstassen.nl\/wp-content\/uploads\/2023\/07\/Bidon-zwart-raceone-zwart.png","datePublished":"2023-07-03T13:39:42+00:00","dateModified":"2025-02-17T12:17:31+00:00","description":"Race One Wasserflasche mit Staubkappe. Mit dieser Wasserflasche auf Ihrem Fahrrad k\u00f6nnen Sie eine Weile unterwegs sein und die Staubkappe sorgt daf\u00fcr, dass Sie keinen Sand oder Staub in den Mund bekommen.","breadcrumb":{"@id":"http:\/\/clarijs-fietstassen.nl\/produkt\/bidon-met-stofkap-600ml\/#breadcrumb"},"inLanguage":"de","potentialAction":[{"@type":"ReadAction","target":["http:\/\/clarijs-fietstassen.nl\/produkt\/bidon-met-stofkap-600ml\/"]}]},{"@type":"ImageObject","inLanguage":"de","@id":"http:\/\/clarijs-fietstassen.nl\/produkt\/bidon-met-stofkap-600ml\/#primaryimage","url":"https:\/\/clarijs-fietstassen.nl\/wp-content\/uploads\/2023\/07\/Bidon-zwart-raceone-zwart.png","contentUrl":"https:\/\/clarijs-fietstassen.nl\/wp-content\/uploads\/2023\/07\/Bidon-zwart-raceone-zwart.png","width":1000,"height":1000,"caption":"Bidon-zwart-raceone"},{"@type":"BreadcrumbList","@id":"http:\/\/clarijs-fietstassen.nl\/produkt\/bidon-met-stofkap-600ml\/#breadcrumb","itemListElement":[{"@type":"ListItem","position":1,"name":"Home","item":"https:\/\/clarijs-fietstassen.nl\/de\/"},{"@type":"ListItem","position":2,"name":"Shop","item":"https:\/\/clarijs-fietstassen.nl\/de\/shop\/"},{"@type":"ListItem","position":3,"name":"Aanbiedingen","item":"https:\/\/clarijs-fietstassen.nl\/aanbiedingen\/"},{"@type":"ListItem","position":4,"name":"Wasserflasche mit Staubkappe 600ml"}]},{"@type":"WebSite","@id":"https:\/\/clarijs-fietstassen.nl\/de\/#website","url":"https:\/\/clarijs-fietstassen.nl\/de\/","name":"Clarijs Fietstassen","description":"Kwaliteit &amp; ambacht sinds 1948","publisher":{"@id":"https:\/\/clarijs-fietstassen.nl\/de\/#organization"},"potentialAction":[{"@type":"SearchAction","target":{"@type":"EntryPoint","urlTemplate":"https:\/\/clarijs-fietstassen.nl\/de\/?s={search_term_string}"},"query-input":{"@type":"PropertyValueSpecification","valueRequired":true,"valueName":"search_term_string"}}],"inLanguage":"de"},{"@type":"Organization","@id":"https:\/\/clarijs-fietstassen.nl\/de\/#organization","name":"Clarijs Fietstassen","url":"https:\/\/clarijs-fietstassen.nl\/de\/","logo":{"@type":"ImageObject","inLanguage":"de","@id":"https:\/\/clarijs-fietstassen.nl\/de\/#\/schema\/logo\/image\/","url":"https:\/\/clarijs-fietstassen.nl\/wp-content\/uploads\/2024\/01\/clarijs-logo-met-rand.jpg","contentUrl":"https:\/\/clarijs-fietstassen.nl\/wp-content\/uploads\/2024\/01\/clarijs-logo-met-rand.jpg","width":560,"height":266,"caption":"Clarijs Fietstassen"},"image":{"@id":"https:\/\/clarijs-fietstassen.nl\/de\/#\/schema\/logo\/image\/"},"sameAs":["https:\/\/www.facebook.com\/clarijs1948\/","https:\/\/www.instagram.com\/clarijscovers\/"]}]},"og_availability":"instock","product_availability":"instock","product_retailer_item_id":"4061","product_condition":"new"},"_links":{"self":[{"href":"https:\/\/clarijs-fietstassen.nl\/de\/wp-json\/wp\/v2\/product\/48235","targetHints":{"allow":["GET"]}}],"collection":[{"href":"https:\/\/clarijs-fietstassen.nl\/de\/wp-json\/wp\/v2\/product"}],"about":[{"href":"https:\/\/clarijs-fietstassen.nl\/de\/wp-json\/wp\/v2\/types\/product"}],"replies":[{"embeddable":true,"href":"https:\/\/clarijs-fietstassen.nl\/de\/wp-json\/wp\/v2\/comments?post=48235"}],"wp:featuredmedia":[{"embeddable":true,"href":"https:\/\/clarijs-fietstassen.nl\/de\/wp-json\/wp\/v2\/media\/51697"}],"wp:attachment":[{"href":"https:\/\/clarijs-fietstassen.nl\/de\/wp-json\/wp\/v2\/media?parent=48235"}],"wp:term":[{"taxonomy":"product_brand","embeddable":true,"href":"https:\/\/clarijs-fietstassen.nl\/de\/wp-json\/wp\/v2\/product_brand?post=48235"},{"taxonomy":"product_cat","embeddable":true,"href":"https:\/\/clarijs-fietstassen.nl\/de\/wp-json\/wp\/v2\/product_cat?post=48235"},{"taxonomy":"product_tag","embeddable":true,"href":"https:\/\/clarijs-fietstassen.nl\/de\/wp-json\/wp\/v2\/product_tag?post=48235"}],"curies":[{"name":"wp","href":"https:\/\/api.w.org\/{rel}","templated":true}]}}