{"id":48256,"date":"2023-07-03T14:53:37","date_gmt":"2023-07-03T13:53:37","guid":{"rendered":"https:\/\/clarijs-fietstassen.nl\/tear-aid-reparaturset\/"},"modified":"2025-02-17T13:17:31","modified_gmt":"2025-02-17T12:17:31","slug":"tear-aid-reparaturset","status":"publish","type":"product","link":"https:\/\/clarijs-fietstassen.nl\/de\/produkt\/tear-aid-reparaturset\/","title":{"rendered":"Tear-Aid Reparaturset"},"content":{"rendered":"<h3 style=\"text-align: center;\"><span style=\"text-decoration: underline;\"><strong>W\u00c4HLEN SIE DEN RICHTIGEN TYP!<\/strong><\/span><\/h3>\n<div><\/div>\n<div>\n<p><b>Typ-A: <\/b><strong><em>90% Soforthaftung | 100% nach 1 Stunde<\/em><\/strong><\/p>\n<ul data-sanitized-data-mce-fragment=\"1\">\n<li data-sanitized-data-mce-fragment=\"1\">Ein 30x8cm gro\u00dfes transparentes Mehrzweck-Reparaturband.<\/li>\n<li data-sanitized-data-mce-fragment=\"1\">Repariert dauerhaft L\u00f6cher und Risse in praktisch allen Materialien <em><strong>au\u00dfer PVC und Vinyl.<\/strong><\/em><\/li>\n<li data-sanitized-data-mce-fragment=\"1\">Extrem stark, wasser- und luftdicht und kann sogar unter Wasser verwendet werden.<\/li>\n<li data-sanitized-data-mce-fragment=\"1\">Ideal f\u00fcr Zeltstoff, Segel, Schlafs\u00e4cke, Luftmatratzen, Schlafmatten, Fahrradreifen, Boote usw.<\/li>\n<li data-sanitized-data-mce-fragment=\"1\">Inklusive Verst\u00e4rkungsfaden f\u00fcr Kanten und N\u00e4hte und Reinigungst\u00fcchern f\u00fcr den Untergrund.<\/li>\n<\/ul>\n<p>&nbsp;<\/p>\n<p><strong>Typ-B: <em>Sofort einsatzbereit | 100% Haftung nach 24 Stunden<\/em><\/strong><\/p>\n<ul>\n<li>Ein transparentes Reparaturband <em><strong>f\u00fcr PVC und Vinyl<\/strong><\/em> mit den Ma\u00dfen 30x8cm.<\/li>\n<li>Repariert L\u00f6cher und Risse in praktisch allen Materialien dauerhaft.<\/li>\n<li>Extrem stark, wasser- und luftdicht und kann sogar unter Wasser verwendet werden.<\/li>\n<li>Speziell f\u00fcr Vinyl- und PVC-Material.<\/li>\n<li>Inklusive Verst\u00e4rkungsfaden f\u00fcr Kanten und N\u00e4hte und Reinigungst\u00fcchern f\u00fcr den Untergrund.<\/li>\n<\/ul>\n<\/div>\n<div><strong>Tear-Aid h\u00e4lt, was es verspricht, sofern die Gebrauchsanweisung befolgt wird<\/strong><\/div>\n<p><strong>wird genau \u00fcberwacht.<\/strong><\/p>\n<p><strong>Im Falle von Rissen oder L\u00f6chern in der Mitte des Materials:<\/strong><\/p>\n<p class=\"body\">1.<\/p>\n<p>Fetten Sie den Stoff um den Schaden herum mit dem mitgelieferten Alkoholtuch ein. &#8230;.Stellen Sie sicher, dass die Oberfl\u00e4che vollst\u00e4ndig trocken ist. 2. Schneiden Sie das Tear-Aid Pflaster auf die richtige Gr\u00f6\u00dfe zu.<\/p>\n<p>F\u00fcr eine optimale Verklebung ben\u00f6tigt &#8230;.de Flicken mindestens 2,5 Zentimeter Klebefl\u00e4che auf allen Seiten des Risses. 3.<br \/>\nSchneiden Sie die Ecken vorzugsweise rund. 4.<br \/>\n Ziehen Sie vorsichtig ein St\u00fcck von etwa 1 Zentimeter des Schutzpapiers von &#8230;.the patch ab.<br \/>\nDehnen Sie dazu den Flicken leicht, so dass das Papier rei\u00dft. 5.<br \/>\nLegen Sie das besch\u00e4digte Material zusammen. 6. Kleben Sie das gereinigte St\u00fcck Tear-Aid auf den Riss.<\/p>\n<p>Entfernen Sie den Rest des &#8230;.het Papiers und kleben Sie gleichzeitig den Rest des Flickens auf das Material. 7. Dr\u00fccken Sie noch einmal von der Mitte aus fest zu.  <\/p>\n<p class=\"body\"><strong>Im Falle von Rissen oder L\u00f6chern an der Kante des Materials:<\/strong><\/p>\n<p class=\"body f-lp\">1.<\/p>\n<p>Fetten Sie den Stoff um den Schaden herum mit dem mitgelieferten Alkoholtuch ein. &#8230;.Stellen Sie sicher, dass die Oberfl\u00e4che vollst\u00e4ndig trocken ist. 2. Schneiden Sie das Tear-Aid Pflaster auf die richtige Gr\u00f6\u00dfe zu.<\/p>\n<p>F\u00fcr eine optimale Verklebung &#8230;.das Pflaster muss auf allen Seiten des Risses mindestens 2,5 Zentimeter gro\u00df sein. 3.<br \/>\nBringen Sie den Flicken auf der Au\u00dfenseite des Stoffes an und drehen Sie den Stoff um. 4.<br \/>\nLegen Sie den mitgelieferten Nylonfaden zur Verst\u00e4rkung entlang der Kante. 5.<br \/>\nFalten Sie den \u00fcberstehenden Teil des Flickens um die Kante. 6.<br \/>\nBringen Sie einen zweiten Flicken auf der anderen Seite des Stoffes an. 7. Dr\u00fccken Sie die Flicken fest und schneiden Sie den \u00fcberstehenden Teil des Nylonfadens ab. <\/p>\n","protected":false},"excerpt":{"rendered":"<p>W\u00c4HLEN SIE DEN RICHTIGEN TYP! Typ-A: 90% Soforthaftung | 100% nach 1 Stunde Ein 30x8cm gro\u00dfes transparentes Mehrzweck-Reparaturband. Repariert dauerhaft L\u00f6cher und Risse in praktisch allen Materialien au\u00dfer PVC und Vinyl. Extrem stark, wasser- und luftdicht und kann sogar unter Wasser verwendet werden. Ideal f\u00fcr Zeltstoff, Segel, Schlafs\u00e4cke, Luftmatratzen, Schlafmatten, Fahrradreifen, Boote usw. Inklusive Verst\u00e4rkungsfaden [&hellip;]<\/p>\n","protected":false},"featured_media":57153,"comment_status":"closed","ping_status":"closed","template":"","meta":{"_acf_changed":false,"_et_pb_use_builder":"","_et_pb_old_content":"","_et_gb_content_width":""},"product_brand":[],"product_cat":[686,723,688],"product_tag":[],"class_list":{"0":"post-48256","1":"product","2":"type-product","3":"status-publish","4":"has-post-thumbnail","6":"product_cat-bakfiets-de","7":"product_cat-fahrradzubehor","8":"product_cat-lastenrad-zubehor","9":"pa_materiaal-type-a-de","10":"pa_materiaal-type-b-de","12":"first","13":"instock","14":"taxable","15":"shipping-taxable","16":"purchasable","17":"product-type-variable"},"acf":[],"yoast_head":"<!-- This site is optimized with the Yoast SEO Premium plugin v27.2 (Yoast SEO v27.4) - https:\/\/yoast.com\/product\/yoast-seo-premium-wordpress\/ -->\n<title>Tear-Aid Reparaturset - Clarijs Fietstassen<\/title>\n<meta name=\"robots\" content=\"index, follow, max-snippet:-1, max-image-preview:large, max-video-preview:-1\" \/>\n<link rel=\"canonical\" href=\"https:\/\/clarijs-fietstassen.nl\/de\/produkt\/tear-aid-reparaturset\/\" \/>\n<meta property=\"og:locale\" content=\"de_DE\" \/>\n<meta property=\"og:type\" content=\"article\" \/>\n<meta property=\"og:title\" content=\"Tear-Aid Reparaturset\" \/>\n<meta property=\"og:description\" content=\"W\u00c4HLEN SIE DEN RICHTIGEN TYP! Typ-A: 90% Soforthaftung | 100% nach 1 Stunde Ein 30x8cm gro\u00dfes transparentes Mehrzweck-Reparaturband. Repariert dauerhaft L\u00f6cher und Risse in praktisch allen Materialien au\u00dfer PVC und Vinyl. Extrem stark, wasser- und luftdicht und kann sogar unter Wasser verwendet werden. Ideal f\u00fcr Zeltstoff, Segel, Schlafs\u00e4cke, Luftmatratzen, Schlafmatten, Fahrradreifen, Boote usw. Inklusive Verst\u00e4rkungsfaden [&hellip;]\" \/>\n<meta property=\"og:url\" content=\"https:\/\/clarijs-fietstassen.nl\/de\/produkt\/tear-aid-reparaturset\/\" \/>\n<meta property=\"og:site_name\" content=\"Clarijs Fietstassen\" \/>\n<meta property=\"article:publisher\" content=\"https:\/\/www.facebook.com\/clarijs1948\/\" \/>\n<meta property=\"article:modified_time\" content=\"2025-02-17T12:17:31+00:00\" \/>\n<meta property=\"og:image\" content=\"https:\/\/clarijs-fietstassen.nl\/wp-content\/uploads\/2023\/07\/Tear-Aid-kit-Reparatiemiddel-set-Type-a-en-B-1.png\" \/>\n\t<meta property=\"og:image:width\" content=\"1000\" \/>\n\t<meta property=\"og:image:height\" content=\"1000\" \/>\n\t<meta property=\"og:image:type\" content=\"image\/png\" \/>\n<meta name=\"twitter:card\" content=\"summary_large_image\" \/>\n<meta name=\"twitter:label1\" content=\"Verf\u00fcgbarkeit\" \/>\n\t<meta name=\"twitter:data1\" content=\"Auf Lager\" \/>\n<script type=\"application\/ld+json\" class=\"yoast-schema-graph\">{\"@context\":\"https:\\\/\\\/schema.org\",\"@graph\":[{\"@type\":\"WebPage\",\"@id\":\"https:\\\/\\\/clarijs-fietstassen.nl\\\/de\\\/produkt\\\/tear-aid-reparaturset\\\/\",\"url\":\"https:\\\/\\\/clarijs-fietstassen.nl\\\/de\\\/produkt\\\/tear-aid-reparaturset\\\/\",\"name\":\"Tear-Aid Reparaturset - Clarijs Fietstassen\",\"isPartOf\":{\"@id\":\"https:\\\/\\\/clarijs-fietstassen.nl\\\/de\\\/#website\"},\"primaryImageOfPage\":{\"@id\":\"https:\\\/\\\/clarijs-fietstassen.nl\\\/de\\\/produkt\\\/tear-aid-reparaturset\\\/#primaryimage\"},\"image\":{\"@id\":\"https:\\\/\\\/clarijs-fietstassen.nl\\\/de\\\/produkt\\\/tear-aid-reparaturset\\\/#primaryimage\"},\"thumbnailUrl\":\"https:\\\/\\\/clarijs-fietstassen.nl\\\/wp-content\\\/uploads\\\/2023\\\/07\\\/Tear-Aid-kit-Reparatiemiddel-set-Type-a-en-B-1.png\",\"datePublished\":\"2023-07-03T13:53:37+00:00\",\"dateModified\":\"2025-02-17T12:17:31+00:00\",\"breadcrumb\":{\"@id\":\"https:\\\/\\\/clarijs-fietstassen.nl\\\/de\\\/produkt\\\/tear-aid-reparaturset\\\/#breadcrumb\"},\"inLanguage\":\"de\",\"potentialAction\":[{\"@type\":\"ReadAction\",\"target\":[\"https:\\\/\\\/clarijs-fietstassen.nl\\\/de\\\/produkt\\\/tear-aid-reparaturset\\\/\"]}]},{\"@type\":\"ImageObject\",\"inLanguage\":\"de\",\"@id\":\"https:\\\/\\\/clarijs-fietstassen.nl\\\/de\\\/produkt\\\/tear-aid-reparaturset\\\/#primaryimage\",\"url\":\"https:\\\/\\\/clarijs-fietstassen.nl\\\/wp-content\\\/uploads\\\/2023\\\/07\\\/Tear-Aid-kit-Reparatiemiddel-set-Type-a-en-B-1.png\",\"contentUrl\":\"https:\\\/\\\/clarijs-fietstassen.nl\\\/wp-content\\\/uploads\\\/2023\\\/07\\\/Tear-Aid-kit-Reparatiemiddel-set-Type-a-en-B-1.png\",\"width\":1000,\"height\":1000,\"caption\":\"Tear Aid kit Reparatiemiddel set Type a en B\"},{\"@type\":\"BreadcrumbList\",\"@id\":\"https:\\\/\\\/clarijs-fietstassen.nl\\\/de\\\/produkt\\\/tear-aid-reparaturset\\\/#breadcrumb\",\"itemListElement\":[{\"@type\":\"ListItem\",\"position\":1,\"name\":\"Home\",\"item\":\"https:\\\/\\\/clarijs-fietstassen.nl\\\/de\\\/\"},{\"@type\":\"ListItem\",\"position\":2,\"name\":\"Shop\",\"item\":\"https:\\\/\\\/clarijs-fietstassen.nl\\\/de\\\/shop\\\/\"},{\"@type\":\"ListItem\",\"position\":3,\"name\":\"Bakfiets\",\"item\":\"https:\\\/\\\/clarijs-fietstassen.nl\\\/bakfiets\\\/\"},{\"@type\":\"ListItem\",\"position\":4,\"name\":\"Tear-Aid Reparaturset\"}]},{\"@type\":\"WebSite\",\"@id\":\"https:\\\/\\\/clarijs-fietstassen.nl\\\/de\\\/#website\",\"url\":\"https:\\\/\\\/clarijs-fietstassen.nl\\\/de\\\/\",\"name\":\"Clarijs Fietstassen\",\"description\":\"Kwaliteit &amp; ambacht sinds 1948\",\"publisher\":{\"@id\":\"https:\\\/\\\/clarijs-fietstassen.nl\\\/de\\\/#organization\"},\"potentialAction\":[{\"@type\":\"SearchAction\",\"target\":{\"@type\":\"EntryPoint\",\"urlTemplate\":\"https:\\\/\\\/clarijs-fietstassen.nl\\\/de\\\/?s={search_term_string}\"},\"query-input\":{\"@type\":\"PropertyValueSpecification\",\"valueRequired\":true,\"valueName\":\"search_term_string\"}}],\"inLanguage\":\"de\"},{\"@type\":\"Organization\",\"@id\":\"https:\\\/\\\/clarijs-fietstassen.nl\\\/de\\\/#organization\",\"name\":\"Clarijs Fietstassen\",\"url\":\"https:\\\/\\\/clarijs-fietstassen.nl\\\/de\\\/\",\"logo\":{\"@type\":\"ImageObject\",\"inLanguage\":\"de\",\"@id\":\"https:\\\/\\\/clarijs-fietstassen.nl\\\/de\\\/#\\\/schema\\\/logo\\\/image\\\/\",\"url\":\"https:\\\/\\\/clarijs-fietstassen.nl\\\/wp-content\\\/uploads\\\/2024\\\/01\\\/clarijs-logo-met-rand.jpg\",\"contentUrl\":\"https:\\\/\\\/clarijs-fietstassen.nl\\\/wp-content\\\/uploads\\\/2024\\\/01\\\/clarijs-logo-met-rand.jpg\",\"width\":560,\"height\":266,\"caption\":\"Clarijs Fietstassen\"},\"image\":{\"@id\":\"https:\\\/\\\/clarijs-fietstassen.nl\\\/de\\\/#\\\/schema\\\/logo\\\/image\\\/\"},\"sameAs\":[\"https:\\\/\\\/www.facebook.com\\\/clarijs1948\\\/\",\"https:\\\/\\\/www.instagram.com\\\/clarijscovers\\\/\"]}]}<\/script>\n<meta property=\"og:availability\" content=\"instock\" \/>\n<meta property=\"product:availability\" content=\"instock\" \/>\n<meta property=\"product:retailer_item_id\" content=\"4063\" \/>\n<meta property=\"product:condition\" content=\"new\" \/>\n<!-- \/ Yoast SEO Premium plugin. -->","yoast_head_json":{"title":"Tear-Aid Reparaturset - Clarijs Fietstassen","robots":{"index":"index","follow":"follow","max-snippet":"max-snippet:-1","max-image-preview":"max-image-preview:large","max-video-preview":"max-video-preview:-1"},"canonical":"https:\/\/clarijs-fietstassen.nl\/de\/produkt\/tear-aid-reparaturset\/","og_locale":"de_DE","og_type":"article","og_title":"Tear-Aid Reparaturset","og_description":"W\u00c4HLEN SIE DEN RICHTIGEN TYP! Typ-A: 90% Soforthaftung | 100% nach 1 Stunde Ein 30x8cm gro\u00dfes transparentes Mehrzweck-Reparaturband. Repariert dauerhaft L\u00f6cher und Risse in praktisch allen Materialien au\u00dfer PVC und Vinyl. Extrem stark, wasser- und luftdicht und kann sogar unter Wasser verwendet werden. Ideal f\u00fcr Zeltstoff, Segel, Schlafs\u00e4cke, Luftmatratzen, Schlafmatten, Fahrradreifen, Boote usw. Inklusive Verst\u00e4rkungsfaden [&hellip;]","og_url":"https:\/\/clarijs-fietstassen.nl\/de\/produkt\/tear-aid-reparaturset\/","og_site_name":"Clarijs Fietstassen","article_publisher":"https:\/\/www.facebook.com\/clarijs1948\/","article_modified_time":"2025-02-17T12:17:31+00:00","og_image":[{"width":1000,"height":1000,"url":"https:\/\/clarijs-fietstassen.nl\/wp-content\/uploads\/2023\/07\/Tear-Aid-kit-Reparatiemiddel-set-Type-a-en-B-1.png","type":"image\/png"}],"twitter_card":"summary_large_image","twitter_misc":{"Verf\u00fcgbarkeit":"Auf Lager"},"schema":{"@context":"https:\/\/schema.org","@graph":[{"@type":"WebPage","@id":"https:\/\/clarijs-fietstassen.nl\/de\/produkt\/tear-aid-reparaturset\/","url":"https:\/\/clarijs-fietstassen.nl\/de\/produkt\/tear-aid-reparaturset\/","name":"Tear-Aid Reparaturset - Clarijs Fietstassen","isPartOf":{"@id":"https:\/\/clarijs-fietstassen.nl\/de\/#website"},"primaryImageOfPage":{"@id":"https:\/\/clarijs-fietstassen.nl\/de\/produkt\/tear-aid-reparaturset\/#primaryimage"},"image":{"@id":"https:\/\/clarijs-fietstassen.nl\/de\/produkt\/tear-aid-reparaturset\/#primaryimage"},"thumbnailUrl":"https:\/\/clarijs-fietstassen.nl\/wp-content\/uploads\/2023\/07\/Tear-Aid-kit-Reparatiemiddel-set-Type-a-en-B-1.png","datePublished":"2023-07-03T13:53:37+00:00","dateModified":"2025-02-17T12:17:31+00:00","breadcrumb":{"@id":"https:\/\/clarijs-fietstassen.nl\/de\/produkt\/tear-aid-reparaturset\/#breadcrumb"},"inLanguage":"de","potentialAction":[{"@type":"ReadAction","target":["https:\/\/clarijs-fietstassen.nl\/de\/produkt\/tear-aid-reparaturset\/"]}]},{"@type":"ImageObject","inLanguage":"de","@id":"https:\/\/clarijs-fietstassen.nl\/de\/produkt\/tear-aid-reparaturset\/#primaryimage","url":"https:\/\/clarijs-fietstassen.nl\/wp-content\/uploads\/2023\/07\/Tear-Aid-kit-Reparatiemiddel-set-Type-a-en-B-1.png","contentUrl":"https:\/\/clarijs-fietstassen.nl\/wp-content\/uploads\/2023\/07\/Tear-Aid-kit-Reparatiemiddel-set-Type-a-en-B-1.png","width":1000,"height":1000,"caption":"Tear Aid kit Reparatiemiddel set Type a en B"},{"@type":"BreadcrumbList","@id":"https:\/\/clarijs-fietstassen.nl\/de\/produkt\/tear-aid-reparaturset\/#breadcrumb","itemListElement":[{"@type":"ListItem","position":1,"name":"Home","item":"https:\/\/clarijs-fietstassen.nl\/de\/"},{"@type":"ListItem","position":2,"name":"Shop","item":"https:\/\/clarijs-fietstassen.nl\/de\/shop\/"},{"@type":"ListItem","position":3,"name":"Bakfiets","item":"https:\/\/clarijs-fietstassen.nl\/bakfiets\/"},{"@type":"ListItem","position":4,"name":"Tear-Aid Reparaturset"}]},{"@type":"WebSite","@id":"https:\/\/clarijs-fietstassen.nl\/de\/#website","url":"https:\/\/clarijs-fietstassen.nl\/de\/","name":"Clarijs Fietstassen","description":"Kwaliteit &amp; ambacht sinds 1948","publisher":{"@id":"https:\/\/clarijs-fietstassen.nl\/de\/#organization"},"potentialAction":[{"@type":"SearchAction","target":{"@type":"EntryPoint","urlTemplate":"https:\/\/clarijs-fietstassen.nl\/de\/?s={search_term_string}"},"query-input":{"@type":"PropertyValueSpecification","valueRequired":true,"valueName":"search_term_string"}}],"inLanguage":"de"},{"@type":"Organization","@id":"https:\/\/clarijs-fietstassen.nl\/de\/#organization","name":"Clarijs Fietstassen","url":"https:\/\/clarijs-fietstassen.nl\/de\/","logo":{"@type":"ImageObject","inLanguage":"de","@id":"https:\/\/clarijs-fietstassen.nl\/de\/#\/schema\/logo\/image\/","url":"https:\/\/clarijs-fietstassen.nl\/wp-content\/uploads\/2024\/01\/clarijs-logo-met-rand.jpg","contentUrl":"https:\/\/clarijs-fietstassen.nl\/wp-content\/uploads\/2024\/01\/clarijs-logo-met-rand.jpg","width":560,"height":266,"caption":"Clarijs Fietstassen"},"image":{"@id":"https:\/\/clarijs-fietstassen.nl\/de\/#\/schema\/logo\/image\/"},"sameAs":["https:\/\/www.facebook.com\/clarijs1948\/","https:\/\/www.instagram.com\/clarijscovers\/"]}]},"og_availability":"instock","product_availability":"instock","product_retailer_item_id":"4063","product_condition":"new"},"_links":{"self":[{"href":"https:\/\/clarijs-fietstassen.nl\/de\/wp-json\/wp\/v2\/product\/48256","targetHints":{"allow":["GET"]}}],"collection":[{"href":"https:\/\/clarijs-fietstassen.nl\/de\/wp-json\/wp\/v2\/product"}],"about":[{"href":"https:\/\/clarijs-fietstassen.nl\/de\/wp-json\/wp\/v2\/types\/product"}],"replies":[{"embeddable":true,"href":"https:\/\/clarijs-fietstassen.nl\/de\/wp-json\/wp\/v2\/comments?post=48256"}],"wp:featuredmedia":[{"embeddable":true,"href":"https:\/\/clarijs-fietstassen.nl\/de\/wp-json\/wp\/v2\/media\/57153"}],"wp:attachment":[{"href":"https:\/\/clarijs-fietstassen.nl\/de\/wp-json\/wp\/v2\/media?parent=48256"}],"wp:term":[{"taxonomy":"product_brand","embeddable":true,"href":"https:\/\/clarijs-fietstassen.nl\/de\/wp-json\/wp\/v2\/product_brand?post=48256"},{"taxonomy":"product_cat","embeddable":true,"href":"https:\/\/clarijs-fietstassen.nl\/de\/wp-json\/wp\/v2\/product_cat?post=48256"},{"taxonomy":"product_tag","embeddable":true,"href":"https:\/\/clarijs-fietstassen.nl\/de\/wp-json\/wp\/v2\/product_tag?post=48256"}],"curies":[{"name":"wp","href":"https:\/\/api.w.org\/{rel}","templated":true}]}}