{"id":48267,"date":"2023-07-03T14:45:41","date_gmt":"2023-07-03T12:45:41","guid":{"rendered":"https:\/\/clarijs-fietstassen.nl\/solobag-rucksack-rot\/"},"modified":"2025-02-17T13:17:31","modified_gmt":"2025-02-17T12:17:31","slug":"solobag-rucksack-rot","status":"publish","type":"product","link":"https:\/\/clarijs-fietstassen.nl\/de\/produkt\/solobag-rucksack-rot\/","title":{"rendered":"Solobag Rucksack Rot"},"content":{"rendered":"<p><span style=\"font-weight: 400;\">Entdecken Sie den Solobag Backpack Red, den idealen Rucksack f\u00fcr unterwegs. Dieser tragbare Rucksack bietet Platz f\u00fcr all Ihre wichtigen Dinge und kann beim Radfahren bequem auf dem R\u00fccken getragen werden. Der Rucksack verf\u00fcgt \u00fcber einen magnetischen    <\/span><span style=\"font-weight: 400;\">FIDLOCK\u00ae-Verschluss. Die Solobag ist nicht nur praktisch, sondern auch umweltfreundlich. Sie wird aus recycelten Materialien hergestellt, darunter PVC und beschichtetes Acryl von unseren Regenh\u00fcllen f\u00fcr Lastenfahrr\u00e4der.  <\/span><\/p>\n<p><b>Vorteile:<\/b><\/p>\n<ul>\n<li style=\"font-weight: 400;\" aria-level=\"1\"><span style=\"font-weight: 400;\">Multifunktional <\/span><b>100%<\/b> <b>wasserdicht<\/b><span style=\"font-weight: 400;\"> Rucksack<\/span><\/li>\n<li style=\"font-weight: 400;\" aria-level=\"1\"><span style=\"font-weight: 400;\">Die Tasche l\u00e4sst sich leicht mit <\/span><b>magnetischen <\/b><span style=\"font-weight: 400;\">FIDLOCK-Verschluss<\/span><\/li>\n<li style=\"font-weight: 400;\" aria-level=\"1\"><span style=\"font-weight: 400;\">Jede Menge Inhalt in einem Solobag-Rucksack <\/span><b>(24 Liter!)<\/b><\/li>\n<li style=\"font-weight: 400;\" aria-level=\"1\"><span style=\"font-weight: 400;\">Verst\u00e4rkte Tasche mit <\/span><b>ger\u00e4umigem Hauptfach<\/b><\/li>\n<li style=\"font-weight: 400;\" aria-level=\"1\"><span style=\"font-weight: 400;\">Die Vielseitigkeit der Solobag.  <\/span><\/li>\n<\/ul>\n<p><strong>\u00c4u\u00dfere Abmessungen dieses Solobag Rucksacks:<\/strong><\/p>\n<p><i><span style=\"font-weight: 400;\">Breite 31 cm<\/span><\/i><i><span style=\"font-weight: 400;\"><br \/>\n<\/span><\/i><i><span style=\"font-weight: 400;\">H\u00f6he 40 cm  <\/span><\/i><i><span style=\"font-weight: 400;\"><br \/>\n<\/span><\/i><i><span style=\"font-weight: 400;\">Tiefe 19 cm<\/span><\/i><\/p>\n<p><b>100% wasserdicht<\/b><\/p>\n<p><span style=\"font-weight: 400;\">Der Clarijs Solobag Backpack Red ist f\u00fcr alle geeignet, die einen ger\u00e4umigen, wasserdichten Rucksack ben\u00f6tigen. Au\u00dferdem verf\u00fcgt dieser Rucksack \u00fcber ein ger\u00e4umiges Hauptfach mit Innentasche. Au\u00dferdem hat er eine verst\u00e4rkte R\u00fcckenplatte und schlie\u00dft mit einem praktischen und wasserfesten Rollverschluss. Dieser Verschluss ist mit einer magnetischen FIDLOCK-Schnalle ausgestattet.   <\/span><\/p>\n<p><b>Hochwertiges Material<\/b><\/p>\n<ul>\n<li style=\"font-weight: 400;\" aria-level=\"1\"><span style=\"font-weight: 400;\">Die hochwertigen Materialien dieses Solobag sorgen daf\u00fcr, dass der Rucksack lange h\u00e4lt und dem t\u00e4glichen Gebrauch standh\u00e4lt.  <\/span><\/li>\n<li style=\"font-weight: 400;\" aria-level=\"1\"><span style=\"font-weight: 400;\">Die Materialien dieses Rucksacks bieten eine h\u00f6here Rei\u00df- und Abriebfestigkeit und machen ihn widerstandsf\u00e4hig gegen raue Bedingungen.  <\/span><\/li>\n<li style=\"font-weight: 400;\" aria-level=\"1\"><span style=\"font-weight: 400;\">Die Materialien dieses Rucksacks sorgen daf\u00fcr, dass er leicht bleibt.  <\/span><\/li>\n<li style=\"font-weight: 400;\" aria-level=\"1\"><span style=\"font-weight: 400;\">Diese tragbare Gep\u00e4cktr\u00e4gertasche wird aus den Produktionsabf\u00e4llen unserer Cargo-Bike-Regenabdeckungen hergestellt. Die von uns verwendeten Materialien sind beschichtetes Acryl und PVC. <\/span><\/li>\n<\/ul>\n","protected":false},"excerpt":{"rendered":"<p>Entdecken Sie den Solobag Backpack Red, den idealen Rucksack f\u00fcr unterwegs. Dieser tragbare Rucksack bietet Platz f\u00fcr all Ihre wichtigen Dinge und kann beim Radfahren bequem auf dem R\u00fccken getragen werden. Der Rucksack verf\u00fcgt \u00fcber einen magnetischen FIDLOCK\u00ae-Verschluss. Die Solobag ist nicht nur praktisch, sondern auch umweltfreundlich. Sie wird aus recycelten Materialien hergestellt, darunter PVC [&hellip;]<\/p>\n","protected":false},"featured_media":48269,"comment_status":"closed","ping_status":"closed","template":"","meta":{"_acf_changed":false,"_et_pb_use_builder":"","_et_pb_old_content":"","_et_gb_content_width":""},"product_brand":[],"product_cat":[730,747,763,769],"product_tag":[],"class_list":{"0":"post-48267","1":"product","2":"type-product","3":"status-publish","4":"has-post-thumbnail","6":"product_cat-fahrradtaschen-fur-den-einkauf","7":"product_cat-luxurioese-fahrradtaschen","8":"product_cat-solobag-backpack-de","9":"product_cat-taschen","10":"pa_kleur-rot","11":"pa_kleur-schwarz","12":"pa_materiaal-acryl-de","13":"pa_materiaal-pvc-de","14":"pa_merk-clarijs-covers-b-v-de","16":"first","17":"instock","18":"taxable","19":"shipping-taxable","20":"purchasable","21":"product-type-simple"},"acf":[],"yoast_head":"<!-- This site is optimized with the Yoast SEO Premium plugin v27.2 (Yoast SEO v27.3) - https:\/\/yoast.com\/product\/yoast-seo-premium-wordpress\/ -->\n<title>Solobag Rucksack Rot - Clarijs Fietstassen<\/title>\n<meta name=\"description\" content=\"Mit einem Fassungsverm\u00f6gen von 24 Litern ist dieser rote Soloback-Rucksack sehr praktisch in der Handhabung. Mit seinen guten Verschl\u00fcssen und seiner Wasserdichtigkeit ist er eine ausgezeichnete Tasche.\" \/>\n<meta name=\"robots\" content=\"index, follow, max-snippet:-1, max-image-preview:large, max-video-preview:-1\" \/>\n<link rel=\"canonical\" href=\"https:\/\/clarijs-fietstassen.nl\/produkt\/solobag-backpack-rood\/\" \/>\n<meta property=\"og:locale\" content=\"de_DE\" \/>\n<meta property=\"og:type\" content=\"article\" \/>\n<meta property=\"og:title\" content=\"Solobag Rucksack Rot\" \/>\n<meta property=\"og:description\" content=\"Mit einem Fassungsverm\u00f6gen von 24 Litern ist dieser rote Soloback-Rucksack sehr praktisch in der Handhabung. Mit seinen guten Verschl\u00fcssen und seiner Wasserdichtigkeit ist er eine ausgezeichnete Tasche.\" \/>\n<meta property=\"og:url\" content=\"https:\/\/clarijs-fietstassen.nl\/produkt\/solobag-backpack-rood\/\" \/>\n<meta property=\"og:site_name\" content=\"Clarijs Fietstassen\" \/>\n<meta property=\"article:publisher\" content=\"https:\/\/www.facebook.com\/clarijs1948\/\" \/>\n<meta property=\"article:modified_time\" content=\"2025-02-17T12:17:31+00:00\" \/>\n<meta property=\"og:image\" content=\"https:\/\/clarijs-fietstassen.nl\/wp-content\/uploads\/2023\/07\/Clarijs_03-21-1-1024x1024.png\" \/>\n\t<meta property=\"og:image:width\" content=\"1024\" \/>\n\t<meta property=\"og:image:height\" content=\"1024\" \/>\n\t<meta property=\"og:image:type\" content=\"image\/png\" \/>\n<meta name=\"twitter:card\" content=\"summary_large_image\" \/>\n<meta name=\"twitter:label1\" content=\"Preis\" \/>\n\t<meta name=\"twitter:data1\" content=\"&euro;80.00\" \/>\n\t<meta name=\"twitter:label2\" content=\"Verf\u00fcgbarkeit\" \/>\n\t<meta name=\"twitter:data2\" content=\"Auf Lager\" \/>\n<script type=\"application\/ld+json\" class=\"yoast-schema-graph\">{\"@context\":\"https:\\\/\\\/schema.org\",\"@graph\":[{\"@type\":\"WebPage\",\"@id\":\"https:\\\/\\\/clarijs-fietstassen.nl\\\/produkt\\\/solobag-backpack-rood\\\/\",\"url\":\"https:\\\/\\\/clarijs-fietstassen.nl\\\/produkt\\\/solobag-backpack-rood\\\/\",\"name\":\"Solobag Rucksack Rot - Clarijs Fietstassen\",\"isPartOf\":{\"@id\":\"https:\\\/\\\/clarijs-fietstassen.nl\\\/de\\\/#website\"},\"primaryImageOfPage\":{\"@id\":\"https:\\\/\\\/clarijs-fietstassen.nl\\\/produkt\\\/solobag-backpack-rood\\\/#primaryimage\"},\"image\":{\"@id\":\"https:\\\/\\\/clarijs-fietstassen.nl\\\/produkt\\\/solobag-backpack-rood\\\/#primaryimage\"},\"thumbnailUrl\":\"https:\\\/\\\/clarijs-fietstassen.nl\\\/wp-content\\\/uploads\\\/2023\\\/07\\\/Clarijs_03-21-1.png\",\"datePublished\":\"2023-07-03T12:45:41+00:00\",\"dateModified\":\"2025-02-17T12:17:31+00:00\",\"description\":\"Mit einem Fassungsverm\u00f6gen von 24 Litern ist dieser rote Soloback-Rucksack sehr praktisch in der Handhabung. Mit seinen guten Verschl\u00fcssen und seiner Wasserdichtigkeit ist er eine ausgezeichnete Tasche.\",\"breadcrumb\":{\"@id\":\"https:\\\/\\\/clarijs-fietstassen.nl\\\/produkt\\\/solobag-backpack-rood\\\/#breadcrumb\"},\"inLanguage\":\"de\",\"potentialAction\":[{\"@type\":\"ReadAction\",\"target\":[\"https:\\\/\\\/clarijs-fietstassen.nl\\\/produkt\\\/solobag-backpack-rood\\\/\"]}]},{\"@type\":\"ImageObject\",\"inLanguage\":\"de\",\"@id\":\"https:\\\/\\\/clarijs-fietstassen.nl\\\/produkt\\\/solobag-backpack-rood\\\/#primaryimage\",\"url\":\"https:\\\/\\\/clarijs-fietstassen.nl\\\/wp-content\\\/uploads\\\/2023\\\/07\\\/Clarijs_03-21-1.png\",\"contentUrl\":\"https:\\\/\\\/clarijs-fietstassen.nl\\\/wp-content\\\/uploads\\\/2023\\\/07\\\/Clarijs_03-21-1.png\",\"width\":1500,\"height\":1500,\"caption\":\"Solobag Rucksack Rot\"},{\"@type\":\"BreadcrumbList\",\"@id\":\"https:\\\/\\\/clarijs-fietstassen.nl\\\/produkt\\\/solobag-backpack-rood\\\/#breadcrumb\",\"itemListElement\":[{\"@type\":\"ListItem\",\"position\":1,\"name\":\"Home\",\"item\":\"https:\\\/\\\/clarijs-fietstassen.nl\\\/de\\\/\"},{\"@type\":\"ListItem\",\"position\":2,\"name\":\"Shop\",\"item\":\"https:\\\/\\\/clarijs-fietstassen.nl\\\/de\\\/shop\\\/\"},{\"@type\":\"ListItem\",\"position\":3,\"name\":\"Fietstassen voor boodschappen\",\"item\":\"http:\\\/\\\/clarijs-fietstassen.nl\\\/fietstassen-voor-boodschappen\\\/\"},{\"@type\":\"ListItem\",\"position\":4,\"name\":\"Solobag Rucksack Rot\"}]},{\"@type\":\"WebSite\",\"@id\":\"https:\\\/\\\/clarijs-fietstassen.nl\\\/de\\\/#website\",\"url\":\"https:\\\/\\\/clarijs-fietstassen.nl\\\/de\\\/\",\"name\":\"Clarijs Fietstassen\",\"description\":\"Kwaliteit &amp; ambacht sinds 1948\",\"publisher\":{\"@id\":\"https:\\\/\\\/clarijs-fietstassen.nl\\\/de\\\/#organization\"},\"potentialAction\":[{\"@type\":\"SearchAction\",\"target\":{\"@type\":\"EntryPoint\",\"urlTemplate\":\"https:\\\/\\\/clarijs-fietstassen.nl\\\/de\\\/?s={search_term_string}\"},\"query-input\":{\"@type\":\"PropertyValueSpecification\",\"valueRequired\":true,\"valueName\":\"search_term_string\"}}],\"inLanguage\":\"de\"},{\"@type\":\"Organization\",\"@id\":\"https:\\\/\\\/clarijs-fietstassen.nl\\\/de\\\/#organization\",\"name\":\"Clarijs Fietstassen\",\"url\":\"https:\\\/\\\/clarijs-fietstassen.nl\\\/de\\\/\",\"logo\":{\"@type\":\"ImageObject\",\"inLanguage\":\"de\",\"@id\":\"https:\\\/\\\/clarijs-fietstassen.nl\\\/de\\\/#\\\/schema\\\/logo\\\/image\\\/\",\"url\":\"https:\\\/\\\/clarijs-fietstassen.nl\\\/wp-content\\\/uploads\\\/2024\\\/01\\\/clarijs-logo-met-rand.jpg\",\"contentUrl\":\"https:\\\/\\\/clarijs-fietstassen.nl\\\/wp-content\\\/uploads\\\/2024\\\/01\\\/clarijs-logo-met-rand.jpg\",\"width\":560,\"height\":266,\"caption\":\"Clarijs Fietstassen\"},\"image\":{\"@id\":\"https:\\\/\\\/clarijs-fietstassen.nl\\\/de\\\/#\\\/schema\\\/logo\\\/image\\\/\"},\"sameAs\":[\"https:\\\/\\\/www.facebook.com\\\/clarijs1948\\\/\",\"https:\\\/\\\/www.instagram.com\\\/clarijscovers\\\/\"]}]}<\/script>\n<meta property=\"product:price:amount\" content=\"80.00\" \/>\n<meta property=\"product:price:currency\" content=\"EUR\" \/>\n<meta property=\"og:availability\" content=\"instock\" \/>\n<meta property=\"product:availability\" content=\"instock\" \/>\n<meta property=\"product:retailer_item_id\" content=\"3015\" \/>\n<meta property=\"product:condition\" content=\"new\" \/>\n<!-- \/ Yoast SEO Premium plugin. -->","yoast_head_json":{"title":"Solobag Rucksack Rot - Clarijs Fietstassen","description":"Mit einem Fassungsverm\u00f6gen von 24 Litern ist dieser rote Soloback-Rucksack sehr praktisch in der Handhabung. Mit seinen guten Verschl\u00fcssen und seiner Wasserdichtigkeit ist er eine ausgezeichnete Tasche.","robots":{"index":"index","follow":"follow","max-snippet":"max-snippet:-1","max-image-preview":"max-image-preview:large","max-video-preview":"max-video-preview:-1"},"canonical":"https:\/\/clarijs-fietstassen.nl\/produkt\/solobag-backpack-rood\/","og_locale":"de_DE","og_type":"article","og_title":"Solobag Rucksack Rot","og_description":"Mit einem Fassungsverm\u00f6gen von 24 Litern ist dieser rote Soloback-Rucksack sehr praktisch in der Handhabung. Mit seinen guten Verschl\u00fcssen und seiner Wasserdichtigkeit ist er eine ausgezeichnete Tasche.","og_url":"https:\/\/clarijs-fietstassen.nl\/produkt\/solobag-backpack-rood\/","og_site_name":"Clarijs Fietstassen","article_publisher":"https:\/\/www.facebook.com\/clarijs1948\/","article_modified_time":"2025-02-17T12:17:31+00:00","og_image":[{"width":1024,"height":1024,"url":"https:\/\/clarijs-fietstassen.nl\/wp-content\/uploads\/2023\/07\/Clarijs_03-21-1-1024x1024.png","type":"image\/png"}],"twitter_card":"summary_large_image","twitter_misc":{"Preis":"&euro;80.00","Verf\u00fcgbarkeit":"Auf Lager"},"schema":{"@context":"https:\/\/schema.org","@graph":[{"@type":"WebPage","@id":"https:\/\/clarijs-fietstassen.nl\/produkt\/solobag-backpack-rood\/","url":"https:\/\/clarijs-fietstassen.nl\/produkt\/solobag-backpack-rood\/","name":"Solobag Rucksack Rot - Clarijs Fietstassen","isPartOf":{"@id":"https:\/\/clarijs-fietstassen.nl\/de\/#website"},"primaryImageOfPage":{"@id":"https:\/\/clarijs-fietstassen.nl\/produkt\/solobag-backpack-rood\/#primaryimage"},"image":{"@id":"https:\/\/clarijs-fietstassen.nl\/produkt\/solobag-backpack-rood\/#primaryimage"},"thumbnailUrl":"https:\/\/clarijs-fietstassen.nl\/wp-content\/uploads\/2023\/07\/Clarijs_03-21-1.png","datePublished":"2023-07-03T12:45:41+00:00","dateModified":"2025-02-17T12:17:31+00:00","description":"Mit einem Fassungsverm\u00f6gen von 24 Litern ist dieser rote Soloback-Rucksack sehr praktisch in der Handhabung. Mit seinen guten Verschl\u00fcssen und seiner Wasserdichtigkeit ist er eine ausgezeichnete Tasche.","breadcrumb":{"@id":"https:\/\/clarijs-fietstassen.nl\/produkt\/solobag-backpack-rood\/#breadcrumb"},"inLanguage":"de","potentialAction":[{"@type":"ReadAction","target":["https:\/\/clarijs-fietstassen.nl\/produkt\/solobag-backpack-rood\/"]}]},{"@type":"ImageObject","inLanguage":"de","@id":"https:\/\/clarijs-fietstassen.nl\/produkt\/solobag-backpack-rood\/#primaryimage","url":"https:\/\/clarijs-fietstassen.nl\/wp-content\/uploads\/2023\/07\/Clarijs_03-21-1.png","contentUrl":"https:\/\/clarijs-fietstassen.nl\/wp-content\/uploads\/2023\/07\/Clarijs_03-21-1.png","width":1500,"height":1500,"caption":"Solobag Rucksack Rot"},{"@type":"BreadcrumbList","@id":"https:\/\/clarijs-fietstassen.nl\/produkt\/solobag-backpack-rood\/#breadcrumb","itemListElement":[{"@type":"ListItem","position":1,"name":"Home","item":"https:\/\/clarijs-fietstassen.nl\/de\/"},{"@type":"ListItem","position":2,"name":"Shop","item":"https:\/\/clarijs-fietstassen.nl\/de\/shop\/"},{"@type":"ListItem","position":3,"name":"Fietstassen voor boodschappen","item":"http:\/\/clarijs-fietstassen.nl\/fietstassen-voor-boodschappen\/"},{"@type":"ListItem","position":4,"name":"Solobag Rucksack Rot"}]},{"@type":"WebSite","@id":"https:\/\/clarijs-fietstassen.nl\/de\/#website","url":"https:\/\/clarijs-fietstassen.nl\/de\/","name":"Clarijs Fietstassen","description":"Kwaliteit &amp; ambacht sinds 1948","publisher":{"@id":"https:\/\/clarijs-fietstassen.nl\/de\/#organization"},"potentialAction":[{"@type":"SearchAction","target":{"@type":"EntryPoint","urlTemplate":"https:\/\/clarijs-fietstassen.nl\/de\/?s={search_term_string}"},"query-input":{"@type":"PropertyValueSpecification","valueRequired":true,"valueName":"search_term_string"}}],"inLanguage":"de"},{"@type":"Organization","@id":"https:\/\/clarijs-fietstassen.nl\/de\/#organization","name":"Clarijs Fietstassen","url":"https:\/\/clarijs-fietstassen.nl\/de\/","logo":{"@type":"ImageObject","inLanguage":"de","@id":"https:\/\/clarijs-fietstassen.nl\/de\/#\/schema\/logo\/image\/","url":"https:\/\/clarijs-fietstassen.nl\/wp-content\/uploads\/2024\/01\/clarijs-logo-met-rand.jpg","contentUrl":"https:\/\/clarijs-fietstassen.nl\/wp-content\/uploads\/2024\/01\/clarijs-logo-met-rand.jpg","width":560,"height":266,"caption":"Clarijs Fietstassen"},"image":{"@id":"https:\/\/clarijs-fietstassen.nl\/de\/#\/schema\/logo\/image\/"},"sameAs":["https:\/\/www.facebook.com\/clarijs1948\/","https:\/\/www.instagram.com\/clarijscovers\/"]}]},"product_price_amount":"80.00","product_price_currency":"EUR","og_availability":"instock","product_availability":"instock","product_retailer_item_id":"3015","product_condition":"new"},"_links":{"self":[{"href":"https:\/\/clarijs-fietstassen.nl\/de\/wp-json\/wp\/v2\/product\/48267","targetHints":{"allow":["GET"]}}],"collection":[{"href":"https:\/\/clarijs-fietstassen.nl\/de\/wp-json\/wp\/v2\/product"}],"about":[{"href":"https:\/\/clarijs-fietstassen.nl\/de\/wp-json\/wp\/v2\/types\/product"}],"replies":[{"embeddable":true,"href":"https:\/\/clarijs-fietstassen.nl\/de\/wp-json\/wp\/v2\/comments?post=48267"}],"wp:featuredmedia":[{"embeddable":true,"href":"https:\/\/clarijs-fietstassen.nl\/de\/wp-json\/wp\/v2\/media\/48269"}],"wp:attachment":[{"href":"https:\/\/clarijs-fietstassen.nl\/de\/wp-json\/wp\/v2\/media?parent=48267"}],"wp:term":[{"taxonomy":"product_brand","embeddable":true,"href":"https:\/\/clarijs-fietstassen.nl\/de\/wp-json\/wp\/v2\/product_brand?post=48267"},{"taxonomy":"product_cat","embeddable":true,"href":"https:\/\/clarijs-fietstassen.nl\/de\/wp-json\/wp\/v2\/product_cat?post=48267"},{"taxonomy":"product_tag","embeddable":true,"href":"https:\/\/clarijs-fietstassen.nl\/de\/wp-json\/wp\/v2\/product_tag?post=48267"}],"curies":[{"name":"wp","href":"https:\/\/api.w.org\/{rel}","templated":true}]}}