{"id":48275,"date":"2023-07-03T14:55:14","date_gmt":"2023-07-03T12:55:14","guid":{"rendered":"https:\/\/clarijs-fietstassen.nl\/regenzelt-fuer-cangoo-buckle-exkl-gestell\/"},"modified":"2025-09-24T14:27:15","modified_gmt":"2025-09-24T12:27:15","slug":"regenzelt-fuer-cangoo-buckle-exkl-gestell","status":"publish","type":"product","link":"https:\/\/clarijs-fietstassen.nl\/de\/produkt\/regenzelt-fuer-cangoo-buckle-exkl-gestell\/","title":{"rendered":"Regenzelt reCYCLEd f\u00fcr Cangoo Buckle (exkl. Rahmen)"},"content":{"rendered":"<p><span style=\"font-weight: 400;\">Das Regenzelt reCYCLEd f\u00fcr Cangoo Buckle (exkl. Rahmen)<\/span> von Clarijs ist ein nachhaltiges Lastenrad-Regenzelt, das dich und deine Ladung zuverl\u00e4ssig vor Regen und Wind sch\u00fctzt. Dieses Regenzelt besteht aus 1<strong data-start=\"498\" data-end=\"558\">00% recyceltem Polyester, hergestellt aus PET-Flaschen.<\/strong> Damit entscheidest du dich nicht nur f\u00fcr optimalen Schutz auf deinen Fahrten, sondern auch f\u00fcr eine umweltfreundliche Alternative, die Abfall ein zweites Leben schenkt.  <\/p>\n<p><b>Vorteile Regenzelt <span style=\"font-weight: 400;\">reCYCLEd f\u00fcr Cangoo Buckle<\/span><\/b><\/p>\n<ul>\n<li>100% wasserdicht und best\u00e4ndig gegen starken Regen<\/li>\n<li>Hergestellt aus <strong data-start=\"827\" data-end=\"873\">100% reCYCLEd Polyester aus PET-Flaschen<\/strong> &#8211; langlebig und robust<\/li>\n<li>Strapazierf\u00e4hig &amp; langlebig, ideal f\u00fcr den t\u00e4glichen Gebrauch mit dem Lastenrad<\/li>\n<li>Hohe Farbechtheit, bleibt auch bei intensiver Nutzung sch\u00f6n<\/li>\n<\/ul>\n<p><strong>Langlebiges &amp; starkes Material<\/strong><\/p>\n<p data-start=\"1078\" data-end=\"1371\">Das 100% recyceltem Polyester aus PET-Flaschen macht dieses Regenzelt extrem robust und vollst\u00e4ndig wasserdicht. Entwickelt f\u00fcr den t\u00e4glichen Einsatz, h\u00e4lt es dich und deine Ladung trocken und gesch\u00fctzt \u2013 selbst bei starkem Regen. <\/p>\n<p><strong>Handgefertigt in den Niederlanden<\/strong><\/p>\n<p>Alle Produkte von Clarijs werden in den Niederlanden handgefertigt. Das <strong data-start=\"143\" data-end=\"184\">Regenverdeck reCYCLEd f\u00fcr Cangoo Buckle<\/strong> wird ab sofort aus 100% recyceltem Polyester aus PET-Flaschen hergestellt \u2013 dem neuen nachhaltigen Material, das das alte ersetzt. <\/p>\n<p>Bestellen Sie das Regenzelt reCYCLEd f\u00fcr Cangoo Buckle (exkl. Rahmen) aus 100% Polyester aus recycelten PET-Flaschen und entscheiden Sie sich f\u00fcr eine nachhaltige, starke und wasserdichte L\u00f6sung f\u00fcr Ihr Lastenfahrrad.<\/p>\n","protected":false},"excerpt":{"rendered":"<p>Das Regenzelt reCYCLEd f\u00fcr Cangoo Buckle (exkl. Rahmen) von Clarijs ist ein nachhaltiges Lastenrad-Regenzelt, das dich und deine Ladung zuverl\u00e4ssig vor Regen und Wind sch\u00fctzt. Dieses Regenzelt besteht aus 100% recyceltem Polyester, hergestellt aus PET-Flaschen. Damit entscheidest du dich nicht nur f\u00fcr optimalen Schutz auf deinen Fahrten, sondern auch f\u00fcr eine umweltfreundliche Alternative, die Abfall [&hellip;]<\/p>\n","protected":false},"featured_media":56544,"comment_status":"closed","ping_status":"closed","template":"","meta":{"_acf_changed":false,"_et_pb_use_builder":"","_et_pb_old_content":"","_et_gb_content_width":""},"product_brand":[],"product_cat":[686,701,690,783],"product_tag":[683],"class_list":{"0":"post-48275","1":"product","2":"type-product","3":"status-publish","4":"has-post-thumbnail","6":"product_cat-bakfiets-de","7":"product_cat-cangoo-de","8":"product_cat-lastenrad-regenverdeck","9":"product_cat-recycled-de","10":"product_tag-cangoo-de","11":"pa_kleur-schwarz","12":"pa_materiaal-recyceltes-polyester-aus-pet-flaschen","13":"pa_merk-clarijs-covers-b-v-de","14":"pa_reflectie-nein","16":"first","17":"onbackorder","18":"taxable","19":"shipping-taxable","20":"purchasable","21":"product-type-simple"},"acf":[],"yoast_head":"<!-- This site is optimized with the Yoast SEO Premium plugin v27.2 (Yoast SEO v27.3) - https:\/\/yoast.com\/product\/yoast-seo-premium-wordpress\/ -->\n<title>Regenzelt reCYCLEd f\u00fcr Cangoo Buckle (exkl. Rahmen) - Clarijs Fietstassen<\/title>\n<meta name=\"description\" content=\"Entdecken Sie das Regenzelt reCYCLEd f\u00fcr Cangoo Buckle (exkl. Rahmen). 100% Polyester aus recycelten PET-Flaschen, wasserdicht und langlebig. Bestellen Sie jetzt bei Clarijs!\" \/>\n<meta name=\"robots\" content=\"index, follow, max-snippet:-1, max-image-preview:large, max-video-preview:-1\" \/>\n<link rel=\"canonical\" href=\"https:\/\/clarijs-fietstassen.nl\/de\/produkt\/regenzelt-fuer-cangoo-buckle-exkl-gestell\/\" \/>\n<meta property=\"og:locale\" content=\"de_DE\" \/>\n<meta property=\"og:type\" content=\"article\" \/>\n<meta property=\"og:title\" content=\"Regenzelt reCYCLEd f\u00fcr Cangoo Buckle (exkl. Rahmen)\" \/>\n<meta property=\"og:description\" content=\"Entdecken Sie das Regenzelt reCYCLEd f\u00fcr Cangoo Buckle (exkl. Rahmen). 100% Polyester aus recycelten PET-Flaschen, wasserdicht und langlebig. Bestellen Sie jetzt bei Clarijs!\" \/>\n<meta property=\"og:url\" content=\"https:\/\/clarijs-fietstassen.nl\/de\/produkt\/regenzelt-fuer-cangoo-buckle-exkl-gestell\/\" \/>\n<meta property=\"og:site_name\" content=\"Clarijs Fietstassen\" \/>\n<meta property=\"article:publisher\" content=\"https:\/\/www.facebook.com\/clarijs1948\/\" \/>\n<meta property=\"article:modified_time\" content=\"2025-09-24T12:27:15+00:00\" \/>\n<meta property=\"og:image\" content=\"https:\/\/clarijs-fietstassen.nl\/wp-content\/uploads\/2023\/07\/Cangoo-buckle-bewerkt-logo-niet-gespiegeld.png\" \/>\n\t<meta property=\"og:image:width\" content=\"1000\" \/>\n\t<meta property=\"og:image:height\" content=\"1000\" \/>\n\t<meta property=\"og:image:type\" content=\"image\/png\" \/>\n<meta name=\"twitter:card\" content=\"summary_large_image\" \/>\n<meta name=\"twitter:label1\" content=\"Preis\" \/>\n\t<meta name=\"twitter:data1\" content=\"&euro;219.00\" \/>\n\t<meta name=\"twitter:label2\" content=\"Verf\u00fcgbarkeit\" \/>\n\t<meta name=\"twitter:data2\" content=\"bei Nachbestellung\" \/>\n<script type=\"application\/ld+json\" class=\"yoast-schema-graph\">{\"@context\":\"https:\\\/\\\/schema.org\",\"@graph\":[{\"@type\":\"WebPage\",\"@id\":\"https:\\\/\\\/clarijs-fietstassen.nl\\\/de\\\/produkt\\\/regenzelt-fuer-cangoo-buckle-exkl-gestell\\\/\",\"url\":\"https:\\\/\\\/clarijs-fietstassen.nl\\\/de\\\/produkt\\\/regenzelt-fuer-cangoo-buckle-exkl-gestell\\\/\",\"name\":\"Regenzelt reCYCLEd f\u00fcr Cangoo Buckle (exkl. Rahmen) - Clarijs Fietstassen\",\"isPartOf\":{\"@id\":\"https:\\\/\\\/clarijs-fietstassen.nl\\\/de\\\/#website\"},\"primaryImageOfPage\":{\"@id\":\"https:\\\/\\\/clarijs-fietstassen.nl\\\/de\\\/produkt\\\/regenzelt-fuer-cangoo-buckle-exkl-gestell\\\/#primaryimage\"},\"image\":{\"@id\":\"https:\\\/\\\/clarijs-fietstassen.nl\\\/de\\\/produkt\\\/regenzelt-fuer-cangoo-buckle-exkl-gestell\\\/#primaryimage\"},\"thumbnailUrl\":\"https:\\\/\\\/clarijs-fietstassen.nl\\\/wp-content\\\/uploads\\\/2023\\\/07\\\/Cangoo-buckle-bewerkt-logo-niet-gespiegeld.png\",\"datePublished\":\"2023-07-03T12:55:14+00:00\",\"dateModified\":\"2025-09-24T12:27:15+00:00\",\"description\":\"Entdecken Sie das Regenzelt reCYCLEd f\u00fcr Cangoo Buckle (exkl. Rahmen). 100% Polyester aus recycelten PET-Flaschen, wasserdicht und langlebig. Bestellen Sie jetzt bei Clarijs!\",\"breadcrumb\":{\"@id\":\"https:\\\/\\\/clarijs-fietstassen.nl\\\/de\\\/produkt\\\/regenzelt-fuer-cangoo-buckle-exkl-gestell\\\/#breadcrumb\"},\"inLanguage\":\"de\",\"potentialAction\":[{\"@type\":\"ReadAction\",\"target\":[\"https:\\\/\\\/clarijs-fietstassen.nl\\\/de\\\/produkt\\\/regenzelt-fuer-cangoo-buckle-exkl-gestell\\\/\"]}]},{\"@type\":\"ImageObject\",\"inLanguage\":\"de\",\"@id\":\"https:\\\/\\\/clarijs-fietstassen.nl\\\/de\\\/produkt\\\/regenzelt-fuer-cangoo-buckle-exkl-gestell\\\/#primaryimage\",\"url\":\"https:\\\/\\\/clarijs-fietstassen.nl\\\/wp-content\\\/uploads\\\/2023\\\/07\\\/Cangoo-buckle-bewerkt-logo-niet-gespiegeld.png\",\"contentUrl\":\"https:\\\/\\\/clarijs-fietstassen.nl\\\/wp-content\\\/uploads\\\/2023\\\/07\\\/Cangoo-buckle-bewerkt-logo-niet-gespiegeld.png\",\"width\":1000,\"height\":1000,\"caption\":\"Regenzelt reCYCLEd f\u00fcr Cangoo Buckle (exkl. Rahmen)\"},{\"@type\":\"BreadcrumbList\",\"@id\":\"https:\\\/\\\/clarijs-fietstassen.nl\\\/de\\\/produkt\\\/regenzelt-fuer-cangoo-buckle-exkl-gestell\\\/#breadcrumb\",\"itemListElement\":[{\"@type\":\"ListItem\",\"position\":1,\"name\":\"Home\",\"item\":\"https:\\\/\\\/clarijs-fietstassen.nl\\\/de\\\/\"},{\"@type\":\"ListItem\",\"position\":2,\"name\":\"Shop\",\"item\":\"https:\\\/\\\/clarijs-fietstassen.nl\\\/de\\\/shop\\\/\"},{\"@type\":\"ListItem\",\"position\":3,\"name\":\"Cangoo\",\"item\":\"https:\\\/\\\/clarijs-fietstassen.nl\\\/cangoo\\\/\"},{\"@type\":\"ListItem\",\"position\":4,\"name\":\"Regenzelt reCYCLEd f\u00fcr Cangoo Buckle (exkl. Rahmen)\"}]},{\"@type\":\"WebSite\",\"@id\":\"https:\\\/\\\/clarijs-fietstassen.nl\\\/de\\\/#website\",\"url\":\"https:\\\/\\\/clarijs-fietstassen.nl\\\/de\\\/\",\"name\":\"Clarijs Fietstassen\",\"description\":\"Kwaliteit &amp; ambacht sinds 1948\",\"publisher\":{\"@id\":\"https:\\\/\\\/clarijs-fietstassen.nl\\\/de\\\/#organization\"},\"potentialAction\":[{\"@type\":\"SearchAction\",\"target\":{\"@type\":\"EntryPoint\",\"urlTemplate\":\"https:\\\/\\\/clarijs-fietstassen.nl\\\/de\\\/?s={search_term_string}\"},\"query-input\":{\"@type\":\"PropertyValueSpecification\",\"valueRequired\":true,\"valueName\":\"search_term_string\"}}],\"inLanguage\":\"de\"},{\"@type\":\"Organization\",\"@id\":\"https:\\\/\\\/clarijs-fietstassen.nl\\\/de\\\/#organization\",\"name\":\"Clarijs Fietstassen\",\"url\":\"https:\\\/\\\/clarijs-fietstassen.nl\\\/de\\\/\",\"logo\":{\"@type\":\"ImageObject\",\"inLanguage\":\"de\",\"@id\":\"https:\\\/\\\/clarijs-fietstassen.nl\\\/de\\\/#\\\/schema\\\/logo\\\/image\\\/\",\"url\":\"https:\\\/\\\/clarijs-fietstassen.nl\\\/wp-content\\\/uploads\\\/2024\\\/01\\\/clarijs-logo-met-rand.jpg\",\"contentUrl\":\"https:\\\/\\\/clarijs-fietstassen.nl\\\/wp-content\\\/uploads\\\/2024\\\/01\\\/clarijs-logo-met-rand.jpg\",\"width\":560,\"height\":266,\"caption\":\"Clarijs Fietstassen\"},\"image\":{\"@id\":\"https:\\\/\\\/clarijs-fietstassen.nl\\\/de\\\/#\\\/schema\\\/logo\\\/image\\\/\"},\"sameAs\":[\"https:\\\/\\\/www.facebook.com\\\/clarijs1948\\\/\",\"https:\\\/\\\/www.instagram.com\\\/clarijscovers\\\/\"]}]}<\/script>\n<meta property=\"product:price:amount\" content=\"219.00\" \/>\n<meta property=\"product:price:currency\" content=\"EUR\" \/>\n<meta property=\"og:availability\" content=\"backorder\" \/>\n<meta property=\"product:availability\" content=\"available for order\" \/>\n<meta property=\"product:retailer_item_id\" content=\"5085\" \/>\n<meta property=\"product:condition\" content=\"new\" \/>\n<!-- \/ Yoast SEO Premium plugin. -->","yoast_head_json":{"title":"Regenzelt reCYCLEd f\u00fcr Cangoo Buckle (exkl. Rahmen) - Clarijs Fietstassen","description":"Entdecken Sie das Regenzelt reCYCLEd f\u00fcr Cangoo Buckle (exkl. Rahmen). 100% Polyester aus recycelten PET-Flaschen, wasserdicht und langlebig. Bestellen Sie jetzt bei Clarijs!","robots":{"index":"index","follow":"follow","max-snippet":"max-snippet:-1","max-image-preview":"max-image-preview:large","max-video-preview":"max-video-preview:-1"},"canonical":"https:\/\/clarijs-fietstassen.nl\/de\/produkt\/regenzelt-fuer-cangoo-buckle-exkl-gestell\/","og_locale":"de_DE","og_type":"article","og_title":"Regenzelt reCYCLEd f\u00fcr Cangoo Buckle (exkl. Rahmen)","og_description":"Entdecken Sie das Regenzelt reCYCLEd f\u00fcr Cangoo Buckle (exkl. Rahmen). 100% Polyester aus recycelten PET-Flaschen, wasserdicht und langlebig. Bestellen Sie jetzt bei Clarijs!","og_url":"https:\/\/clarijs-fietstassen.nl\/de\/produkt\/regenzelt-fuer-cangoo-buckle-exkl-gestell\/","og_site_name":"Clarijs Fietstassen","article_publisher":"https:\/\/www.facebook.com\/clarijs1948\/","article_modified_time":"2025-09-24T12:27:15+00:00","og_image":[{"width":1000,"height":1000,"url":"https:\/\/clarijs-fietstassen.nl\/wp-content\/uploads\/2023\/07\/Cangoo-buckle-bewerkt-logo-niet-gespiegeld.png","type":"image\/png"}],"twitter_card":"summary_large_image","twitter_misc":{"Preis":"&euro;219.00","Verf\u00fcgbarkeit":"bei Nachbestellung"},"schema":{"@context":"https:\/\/schema.org","@graph":[{"@type":"WebPage","@id":"https:\/\/clarijs-fietstassen.nl\/de\/produkt\/regenzelt-fuer-cangoo-buckle-exkl-gestell\/","url":"https:\/\/clarijs-fietstassen.nl\/de\/produkt\/regenzelt-fuer-cangoo-buckle-exkl-gestell\/","name":"Regenzelt reCYCLEd f\u00fcr Cangoo Buckle (exkl. Rahmen) - Clarijs Fietstassen","isPartOf":{"@id":"https:\/\/clarijs-fietstassen.nl\/de\/#website"},"primaryImageOfPage":{"@id":"https:\/\/clarijs-fietstassen.nl\/de\/produkt\/regenzelt-fuer-cangoo-buckle-exkl-gestell\/#primaryimage"},"image":{"@id":"https:\/\/clarijs-fietstassen.nl\/de\/produkt\/regenzelt-fuer-cangoo-buckle-exkl-gestell\/#primaryimage"},"thumbnailUrl":"https:\/\/clarijs-fietstassen.nl\/wp-content\/uploads\/2023\/07\/Cangoo-buckle-bewerkt-logo-niet-gespiegeld.png","datePublished":"2023-07-03T12:55:14+00:00","dateModified":"2025-09-24T12:27:15+00:00","description":"Entdecken Sie das Regenzelt reCYCLEd f\u00fcr Cangoo Buckle (exkl. Rahmen). 100% Polyester aus recycelten PET-Flaschen, wasserdicht und langlebig. Bestellen Sie jetzt bei Clarijs!","breadcrumb":{"@id":"https:\/\/clarijs-fietstassen.nl\/de\/produkt\/regenzelt-fuer-cangoo-buckle-exkl-gestell\/#breadcrumb"},"inLanguage":"de","potentialAction":[{"@type":"ReadAction","target":["https:\/\/clarijs-fietstassen.nl\/de\/produkt\/regenzelt-fuer-cangoo-buckle-exkl-gestell\/"]}]},{"@type":"ImageObject","inLanguage":"de","@id":"https:\/\/clarijs-fietstassen.nl\/de\/produkt\/regenzelt-fuer-cangoo-buckle-exkl-gestell\/#primaryimage","url":"https:\/\/clarijs-fietstassen.nl\/wp-content\/uploads\/2023\/07\/Cangoo-buckle-bewerkt-logo-niet-gespiegeld.png","contentUrl":"https:\/\/clarijs-fietstassen.nl\/wp-content\/uploads\/2023\/07\/Cangoo-buckle-bewerkt-logo-niet-gespiegeld.png","width":1000,"height":1000,"caption":"Regenzelt reCYCLEd f\u00fcr Cangoo Buckle (exkl. Rahmen)"},{"@type":"BreadcrumbList","@id":"https:\/\/clarijs-fietstassen.nl\/de\/produkt\/regenzelt-fuer-cangoo-buckle-exkl-gestell\/#breadcrumb","itemListElement":[{"@type":"ListItem","position":1,"name":"Home","item":"https:\/\/clarijs-fietstassen.nl\/de\/"},{"@type":"ListItem","position":2,"name":"Shop","item":"https:\/\/clarijs-fietstassen.nl\/de\/shop\/"},{"@type":"ListItem","position":3,"name":"Cangoo","item":"https:\/\/clarijs-fietstassen.nl\/cangoo\/"},{"@type":"ListItem","position":4,"name":"Regenzelt reCYCLEd f\u00fcr Cangoo Buckle (exkl. Rahmen)"}]},{"@type":"WebSite","@id":"https:\/\/clarijs-fietstassen.nl\/de\/#website","url":"https:\/\/clarijs-fietstassen.nl\/de\/","name":"Clarijs Fietstassen","description":"Kwaliteit &amp; ambacht sinds 1948","publisher":{"@id":"https:\/\/clarijs-fietstassen.nl\/de\/#organization"},"potentialAction":[{"@type":"SearchAction","target":{"@type":"EntryPoint","urlTemplate":"https:\/\/clarijs-fietstassen.nl\/de\/?s={search_term_string}"},"query-input":{"@type":"PropertyValueSpecification","valueRequired":true,"valueName":"search_term_string"}}],"inLanguage":"de"},{"@type":"Organization","@id":"https:\/\/clarijs-fietstassen.nl\/de\/#organization","name":"Clarijs Fietstassen","url":"https:\/\/clarijs-fietstassen.nl\/de\/","logo":{"@type":"ImageObject","inLanguage":"de","@id":"https:\/\/clarijs-fietstassen.nl\/de\/#\/schema\/logo\/image\/","url":"https:\/\/clarijs-fietstassen.nl\/wp-content\/uploads\/2024\/01\/clarijs-logo-met-rand.jpg","contentUrl":"https:\/\/clarijs-fietstassen.nl\/wp-content\/uploads\/2024\/01\/clarijs-logo-met-rand.jpg","width":560,"height":266,"caption":"Clarijs Fietstassen"},"image":{"@id":"https:\/\/clarijs-fietstassen.nl\/de\/#\/schema\/logo\/image\/"},"sameAs":["https:\/\/www.facebook.com\/clarijs1948\/","https:\/\/www.instagram.com\/clarijscovers\/"]}]},"product_price_amount":"219.00","product_price_currency":"EUR","og_availability":"backorder","product_availability":"available for order","product_retailer_item_id":"5085","product_condition":"new"},"_links":{"self":[{"href":"https:\/\/clarijs-fietstassen.nl\/de\/wp-json\/wp\/v2\/product\/48275","targetHints":{"allow":["GET"]}}],"collection":[{"href":"https:\/\/clarijs-fietstassen.nl\/de\/wp-json\/wp\/v2\/product"}],"about":[{"href":"https:\/\/clarijs-fietstassen.nl\/de\/wp-json\/wp\/v2\/types\/product"}],"replies":[{"embeddable":true,"href":"https:\/\/clarijs-fietstassen.nl\/de\/wp-json\/wp\/v2\/comments?post=48275"}],"wp:featuredmedia":[{"embeddable":true,"href":"https:\/\/clarijs-fietstassen.nl\/de\/wp-json\/wp\/v2\/media\/56544"}],"wp:attachment":[{"href":"https:\/\/clarijs-fietstassen.nl\/de\/wp-json\/wp\/v2\/media?parent=48275"}],"wp:term":[{"taxonomy":"product_brand","embeddable":true,"href":"https:\/\/clarijs-fietstassen.nl\/de\/wp-json\/wp\/v2\/product_brand?post=48275"},{"taxonomy":"product_cat","embeddable":true,"href":"https:\/\/clarijs-fietstassen.nl\/de\/wp-json\/wp\/v2\/product_cat?post=48275"},{"taxonomy":"product_tag","embeddable":true,"href":"https:\/\/clarijs-fietstassen.nl\/de\/wp-json\/wp\/v2\/product_tag?post=48275"}],"curies":[{"name":"wp","href":"https:\/\/api.w.org\/{rel}","templated":true}]}}