{"id":48281,"date":"2023-07-03T15:04:16","date_gmt":"2023-07-03T13:04:16","guid":{"rendered":"https:\/\/clarijs-fietstassen.nl\/schabracken-in-verschiedenen-ausfuehrungen\/"},"modified":"2026-03-10T10:38:53","modified_gmt":"2026-03-10T09:38:53","slug":"schabracken-in-verschiedenen-ausfuehrungen","status":"publish","type":"product","link":"https:\/\/clarijs-fietstassen.nl\/de\/produkt\/schabracken-in-verschiedenen-ausfuehrungen\/","title":{"rendered":"Fahrradsattelbezug \u2013 Verschiedene Prints"},"content":{"rendered":"<p data-start=\"130\" data-end=\"449\">Bringen Sie mehr Farbe auf Ihr Fahrrad und halten Sie den Sattel trocken mit unserem Fahrradsattelbezug in verschiedenen Prints. Gefertigt aus robustem, glattem Material mit wasserabweisender Beschichtung, schmiegt sich der Bezug sauber an den Sattel an und sch\u00fctzt zuverl\u00e4ssig vor Regen. Dank des praktischen Anti-Diebstahl-Bands bleibt der Sattel\u00fcberzug sicher an Ort und Stelle.  <\/p>\n<p data-start=\"130\" data-end=\"449\">Lassen Sie den Bezug w\u00e4hrend eines Regenschauers einfach auf dem Sattel und nehmen Sie ihn erst ab, wenn Sie losfahren, oder bewahren Sie ihn unter dem Sattel auf und ziehen Sie ihn beim Losradeln dar\u00fcber. So oder so: Sie steigen immer auf einen trockenen Sattel. Passt auf die meisten Standards\u00e4ttel (29 \u00d7 25 cm) und sorgt sofort f\u00fcr einen frischen, fr\u00f6hlichen Look.  <\/p>\n<p data-start=\"130\" data-end=\"449\">W\u00e4hlen Sie Ihren Lieblingsprint und machen Sie jede Fahrt ein St\u00fcck fr\u00f6hlicher \u2014 oder finden Sie Ihr Fahrrad schneller wieder zwischen den anderen.<\/p>\n","protected":false},"excerpt":{"rendered":"<p>Bringen Sie mehr Farbe auf Ihr Fahrrad und halten Sie den Sattel trocken mit unserem Fahrradsattelbezug in verschiedenen Prints. Gefertigt aus robustem, glattem Material mit wasserabweisender Beschichtung, schmiegt sich der Bezug sauber an den Sattel an und sch\u00fctzt zuverl\u00e4ssig vor Regen. Dank des praktischen Anti-Diebstahl-Bands bleibt der Sattel\u00fcberzug sicher an Ort und Stelle. Lassen Sie [&hellip;]<\/p>\n","protected":false},"featured_media":59345,"comment_status":"closed","ping_status":"closed","template":"","meta":{"_acf_changed":false,"_et_pb_use_builder":"","_et_pb_old_content":"","_et_gb_content_width":""},"product_brand":[],"product_cat":[881,879,723,684],"product_tag":[],"class_list":{"0":"post-48281","1":"product","2":"type-product","3":"status-publish","4":"has-post-thumbnail","6":"product_cat-angebote","7":"product_cat-deals","8":"product_cat-fahrradzubehor","9":"product_cat-zubehor","10":"pa_color-black-dots-de","11":"pa_color-blooom-de","12":"pa_color-cow-de","13":"pa_color-delft-blue-tiles-de","14":"pa_color-eat-this-de","15":"pa_color-fruity-melon-de","16":"pa_color-green-petal-power-de","17":"pa_color-houndstooth-sand-de","18":"pa_color-on-the-road-de","19":"pa_color-orange-checkmate-de","20":"pa_color-red-dots-de","21":"pa_color-rosa-de","22":"pa_color-tropical-tree-de","23":"pa_color-universal-de","24":"pa_color-urban-de","26":"first","27":"instock","28":"sale","29":"taxable","30":"shipping-taxable","31":"purchasable","32":"product-type-variable"},"acf":[],"yoast_head":"<!-- This site is optimized with the Yoast SEO Premium plugin v27.2 (Yoast SEO v27.3) - https:\/\/yoast.com\/product\/yoast-seo-premium-wordpress\/ -->\n<title>Fahrradsattelbezug \u2013 Verschiedene Prints - Clarijs Fietstassen<\/title>\n<meta name=\"description\" content=\"Fahrradsattelbezug in verschiedenen Prints. Wasserabweisend, robust und passend f\u00fcr die meisten Standards\u00e4ttel. Praktischer Sattel\u00fcberzug f\u00fcr ein trockenen Sattel und einen frischen Look.\" \/>\n<meta name=\"robots\" content=\"index, follow, max-snippet:-1, max-image-preview:large, max-video-preview:-1\" \/>\n<link rel=\"canonical\" href=\"https:\/\/clarijs-fietstassen.nl\/de\/produkt\/schabracken-in-verschiedenen-ausfuehrungen\/\" \/>\n<meta property=\"og:locale\" content=\"de_DE\" \/>\n<meta property=\"og:type\" content=\"article\" \/>\n<meta property=\"og:title\" content=\"Fahrradsattelbezug \u2013 Verschiedene Prints\" \/>\n<meta property=\"og:description\" content=\"Fahrradsattelbezug in verschiedenen Prints. Wasserabweisend, robust und passend f\u00fcr die meisten Standards\u00e4ttel. Praktischer Sattel\u00fcberzug f\u00fcr ein trockenen Sattel und einen frischen Look.\" \/>\n<meta property=\"og:url\" content=\"https:\/\/clarijs-fietstassen.nl\/de\/produkt\/schabracken-in-verschiedenen-ausfuehrungen\/\" \/>\n<meta property=\"og:site_name\" content=\"Clarijs Fietstassen\" \/>\n<meta property=\"article:publisher\" content=\"https:\/\/www.facebook.com\/clarijs1948\/\" \/>\n<meta property=\"article:modified_time\" content=\"2026-03-10T09:38:53+00:00\" \/>\n<meta property=\"og:image\" content=\"https:\/\/clarijs-fietstassen.nl\/wp-content\/uploads\/2023\/07\/Black-Dots.jpg\" \/>\n\t<meta property=\"og:image:width\" content=\"1000\" \/>\n\t<meta property=\"og:image:height\" content=\"1000\" \/>\n\t<meta property=\"og:image:type\" content=\"image\/jpeg\" \/>\n<meta name=\"twitter:card\" content=\"summary_large_image\" \/>\n<meta name=\"twitter:label1\" content=\"Verf\u00fcgbarkeit\" \/>\n\t<meta name=\"twitter:data1\" content=\"Auf Lager\" \/>\n<script type=\"application\/ld+json\" class=\"yoast-schema-graph\">{\"@context\":\"https:\\\/\\\/schema.org\",\"@graph\":[{\"@type\":\"WebPage\",\"@id\":\"https:\\\/\\\/clarijs-fietstassen.nl\\\/de\\\/produkt\\\/schabracken-in-verschiedenen-ausfuehrungen\\\/\",\"url\":\"https:\\\/\\\/clarijs-fietstassen.nl\\\/de\\\/produkt\\\/schabracken-in-verschiedenen-ausfuehrungen\\\/\",\"name\":\"Fahrradsattelbezug \u2013 Verschiedene Prints - Clarijs Fietstassen\",\"isPartOf\":{\"@id\":\"https:\\\/\\\/clarijs-fietstassen.nl\\\/de\\\/#website\"},\"primaryImageOfPage\":{\"@id\":\"https:\\\/\\\/clarijs-fietstassen.nl\\\/de\\\/produkt\\\/schabracken-in-verschiedenen-ausfuehrungen\\\/#primaryimage\"},\"image\":{\"@id\":\"https:\\\/\\\/clarijs-fietstassen.nl\\\/de\\\/produkt\\\/schabracken-in-verschiedenen-ausfuehrungen\\\/#primaryimage\"},\"thumbnailUrl\":\"https:\\\/\\\/clarijs-fietstassen.nl\\\/wp-content\\\/uploads\\\/2023\\\/07\\\/Black-Dots.jpg\",\"datePublished\":\"2023-07-03T13:04:16+00:00\",\"dateModified\":\"2026-03-10T09:38:53+00:00\",\"description\":\"Fahrradsattelbezug in verschiedenen Prints. Wasserabweisend, robust und passend f\u00fcr die meisten Standards\u00e4ttel. Praktischer Sattel\u00fcberzug f\u00fcr ein trockenen Sattel und einen frischen Look.\",\"breadcrumb\":{\"@id\":\"https:\\\/\\\/clarijs-fietstassen.nl\\\/de\\\/produkt\\\/schabracken-in-verschiedenen-ausfuehrungen\\\/#breadcrumb\"},\"inLanguage\":\"de\",\"potentialAction\":[{\"@type\":\"ReadAction\",\"target\":[\"https:\\\/\\\/clarijs-fietstassen.nl\\\/de\\\/produkt\\\/schabracken-in-verschiedenen-ausfuehrungen\\\/\"]}]},{\"@type\":\"ImageObject\",\"inLanguage\":\"de\",\"@id\":\"https:\\\/\\\/clarijs-fietstassen.nl\\\/de\\\/produkt\\\/schabracken-in-verschiedenen-ausfuehrungen\\\/#primaryimage\",\"url\":\"https:\\\/\\\/clarijs-fietstassen.nl\\\/wp-content\\\/uploads\\\/2023\\\/07\\\/Black-Dots.jpg\",\"contentUrl\":\"https:\\\/\\\/clarijs-fietstassen.nl\\\/wp-content\\\/uploads\\\/2023\\\/07\\\/Black-Dots.jpg\",\"width\":1000,\"height\":1000},{\"@type\":\"BreadcrumbList\",\"@id\":\"https:\\\/\\\/clarijs-fietstassen.nl\\\/de\\\/produkt\\\/schabracken-in-verschiedenen-ausfuehrungen\\\/#breadcrumb\",\"itemListElement\":[{\"@type\":\"ListItem\",\"position\":1,\"name\":\"Home\",\"item\":\"https:\\\/\\\/clarijs-fietstassen.nl\\\/de\\\/\"},{\"@type\":\"ListItem\",\"position\":2,\"name\":\"Shop\",\"item\":\"https:\\\/\\\/clarijs-fietstassen.nl\\\/de\\\/shop\\\/\"},{\"@type\":\"ListItem\",\"position\":3,\"name\":\"Accessoires\",\"item\":\"https:\\\/\\\/clarijs-fietstassen.nl\\\/accessoires\\\/\"},{\"@type\":\"ListItem\",\"position\":4,\"name\":\"Fahrradsattelbezug \u2013 Verschiedene Prints\"}]},{\"@type\":\"WebSite\",\"@id\":\"https:\\\/\\\/clarijs-fietstassen.nl\\\/de\\\/#website\",\"url\":\"https:\\\/\\\/clarijs-fietstassen.nl\\\/de\\\/\",\"name\":\"Clarijs Fietstassen\",\"description\":\"Kwaliteit &amp; ambacht sinds 1948\",\"publisher\":{\"@id\":\"https:\\\/\\\/clarijs-fietstassen.nl\\\/de\\\/#organization\"},\"potentialAction\":[{\"@type\":\"SearchAction\",\"target\":{\"@type\":\"EntryPoint\",\"urlTemplate\":\"https:\\\/\\\/clarijs-fietstassen.nl\\\/de\\\/?s={search_term_string}\"},\"query-input\":{\"@type\":\"PropertyValueSpecification\",\"valueRequired\":true,\"valueName\":\"search_term_string\"}}],\"inLanguage\":\"de\"},{\"@type\":\"Organization\",\"@id\":\"https:\\\/\\\/clarijs-fietstassen.nl\\\/de\\\/#organization\",\"name\":\"Clarijs Fietstassen\",\"url\":\"https:\\\/\\\/clarijs-fietstassen.nl\\\/de\\\/\",\"logo\":{\"@type\":\"ImageObject\",\"inLanguage\":\"de\",\"@id\":\"https:\\\/\\\/clarijs-fietstassen.nl\\\/de\\\/#\\\/schema\\\/logo\\\/image\\\/\",\"url\":\"https:\\\/\\\/clarijs-fietstassen.nl\\\/wp-content\\\/uploads\\\/2024\\\/01\\\/clarijs-logo-met-rand.jpg\",\"contentUrl\":\"https:\\\/\\\/clarijs-fietstassen.nl\\\/wp-content\\\/uploads\\\/2024\\\/01\\\/clarijs-logo-met-rand.jpg\",\"width\":560,\"height\":266,\"caption\":\"Clarijs Fietstassen\"},\"image\":{\"@id\":\"https:\\\/\\\/clarijs-fietstassen.nl\\\/de\\\/#\\\/schema\\\/logo\\\/image\\\/\"},\"sameAs\":[\"https:\\\/\\\/www.facebook.com\\\/clarijs1948\\\/\",\"https:\\\/\\\/www.instagram.com\\\/clarijscovers\\\/\"]}]}<\/script>\n<meta property=\"og:availability\" content=\"instock\" \/>\n<meta property=\"product:availability\" content=\"instock\" \/>\n<meta property=\"product:retailer_item_id\" content=\"4020\" \/>\n<meta property=\"product:condition\" content=\"new\" \/>\n<!-- \/ Yoast SEO Premium plugin. -->","yoast_head_json":{"title":"Fahrradsattelbezug \u2013 Verschiedene Prints - Clarijs Fietstassen","description":"Fahrradsattelbezug in verschiedenen Prints. Wasserabweisend, robust und passend f\u00fcr die meisten Standards\u00e4ttel. Praktischer Sattel\u00fcberzug f\u00fcr ein trockenen Sattel und einen frischen Look.","robots":{"index":"index","follow":"follow","max-snippet":"max-snippet:-1","max-image-preview":"max-image-preview:large","max-video-preview":"max-video-preview:-1"},"canonical":"https:\/\/clarijs-fietstassen.nl\/de\/produkt\/schabracken-in-verschiedenen-ausfuehrungen\/","og_locale":"de_DE","og_type":"article","og_title":"Fahrradsattelbezug \u2013 Verschiedene Prints","og_description":"Fahrradsattelbezug in verschiedenen Prints. Wasserabweisend, robust und passend f\u00fcr die meisten Standards\u00e4ttel. Praktischer Sattel\u00fcberzug f\u00fcr ein trockenen Sattel und einen frischen Look.","og_url":"https:\/\/clarijs-fietstassen.nl\/de\/produkt\/schabracken-in-verschiedenen-ausfuehrungen\/","og_site_name":"Clarijs Fietstassen","article_publisher":"https:\/\/www.facebook.com\/clarijs1948\/","article_modified_time":"2026-03-10T09:38:53+00:00","og_image":[{"width":1000,"height":1000,"url":"https:\/\/clarijs-fietstassen.nl\/wp-content\/uploads\/2023\/07\/Black-Dots.jpg","type":"image\/jpeg"}],"twitter_card":"summary_large_image","twitter_misc":{"Verf\u00fcgbarkeit":"Auf Lager"},"schema":{"@context":"https:\/\/schema.org","@graph":[{"@type":"WebPage","@id":"https:\/\/clarijs-fietstassen.nl\/de\/produkt\/schabracken-in-verschiedenen-ausfuehrungen\/","url":"https:\/\/clarijs-fietstassen.nl\/de\/produkt\/schabracken-in-verschiedenen-ausfuehrungen\/","name":"Fahrradsattelbezug \u2013 Verschiedene Prints - Clarijs Fietstassen","isPartOf":{"@id":"https:\/\/clarijs-fietstassen.nl\/de\/#website"},"primaryImageOfPage":{"@id":"https:\/\/clarijs-fietstassen.nl\/de\/produkt\/schabracken-in-verschiedenen-ausfuehrungen\/#primaryimage"},"image":{"@id":"https:\/\/clarijs-fietstassen.nl\/de\/produkt\/schabracken-in-verschiedenen-ausfuehrungen\/#primaryimage"},"thumbnailUrl":"https:\/\/clarijs-fietstassen.nl\/wp-content\/uploads\/2023\/07\/Black-Dots.jpg","datePublished":"2023-07-03T13:04:16+00:00","dateModified":"2026-03-10T09:38:53+00:00","description":"Fahrradsattelbezug in verschiedenen Prints. Wasserabweisend, robust und passend f\u00fcr die meisten Standards\u00e4ttel. Praktischer Sattel\u00fcberzug f\u00fcr ein trockenen Sattel und einen frischen Look.","breadcrumb":{"@id":"https:\/\/clarijs-fietstassen.nl\/de\/produkt\/schabracken-in-verschiedenen-ausfuehrungen\/#breadcrumb"},"inLanguage":"de","potentialAction":[{"@type":"ReadAction","target":["https:\/\/clarijs-fietstassen.nl\/de\/produkt\/schabracken-in-verschiedenen-ausfuehrungen\/"]}]},{"@type":"ImageObject","inLanguage":"de","@id":"https:\/\/clarijs-fietstassen.nl\/de\/produkt\/schabracken-in-verschiedenen-ausfuehrungen\/#primaryimage","url":"https:\/\/clarijs-fietstassen.nl\/wp-content\/uploads\/2023\/07\/Black-Dots.jpg","contentUrl":"https:\/\/clarijs-fietstassen.nl\/wp-content\/uploads\/2023\/07\/Black-Dots.jpg","width":1000,"height":1000},{"@type":"BreadcrumbList","@id":"https:\/\/clarijs-fietstassen.nl\/de\/produkt\/schabracken-in-verschiedenen-ausfuehrungen\/#breadcrumb","itemListElement":[{"@type":"ListItem","position":1,"name":"Home","item":"https:\/\/clarijs-fietstassen.nl\/de\/"},{"@type":"ListItem","position":2,"name":"Shop","item":"https:\/\/clarijs-fietstassen.nl\/de\/shop\/"},{"@type":"ListItem","position":3,"name":"Accessoires","item":"https:\/\/clarijs-fietstassen.nl\/accessoires\/"},{"@type":"ListItem","position":4,"name":"Fahrradsattelbezug \u2013 Verschiedene Prints"}]},{"@type":"WebSite","@id":"https:\/\/clarijs-fietstassen.nl\/de\/#website","url":"https:\/\/clarijs-fietstassen.nl\/de\/","name":"Clarijs Fietstassen","description":"Kwaliteit &amp; ambacht sinds 1948","publisher":{"@id":"https:\/\/clarijs-fietstassen.nl\/de\/#organization"},"potentialAction":[{"@type":"SearchAction","target":{"@type":"EntryPoint","urlTemplate":"https:\/\/clarijs-fietstassen.nl\/de\/?s={search_term_string}"},"query-input":{"@type":"PropertyValueSpecification","valueRequired":true,"valueName":"search_term_string"}}],"inLanguage":"de"},{"@type":"Organization","@id":"https:\/\/clarijs-fietstassen.nl\/de\/#organization","name":"Clarijs Fietstassen","url":"https:\/\/clarijs-fietstassen.nl\/de\/","logo":{"@type":"ImageObject","inLanguage":"de","@id":"https:\/\/clarijs-fietstassen.nl\/de\/#\/schema\/logo\/image\/","url":"https:\/\/clarijs-fietstassen.nl\/wp-content\/uploads\/2024\/01\/clarijs-logo-met-rand.jpg","contentUrl":"https:\/\/clarijs-fietstassen.nl\/wp-content\/uploads\/2024\/01\/clarijs-logo-met-rand.jpg","width":560,"height":266,"caption":"Clarijs Fietstassen"},"image":{"@id":"https:\/\/clarijs-fietstassen.nl\/de\/#\/schema\/logo\/image\/"},"sameAs":["https:\/\/www.facebook.com\/clarijs1948\/","https:\/\/www.instagram.com\/clarijscovers\/"]}]},"og_availability":"instock","product_availability":"instock","product_retailer_item_id":"4020","product_condition":"new"},"_links":{"self":[{"href":"https:\/\/clarijs-fietstassen.nl\/de\/wp-json\/wp\/v2\/product\/48281","targetHints":{"allow":["GET"]}}],"collection":[{"href":"https:\/\/clarijs-fietstassen.nl\/de\/wp-json\/wp\/v2\/product"}],"about":[{"href":"https:\/\/clarijs-fietstassen.nl\/de\/wp-json\/wp\/v2\/types\/product"}],"replies":[{"embeddable":true,"href":"https:\/\/clarijs-fietstassen.nl\/de\/wp-json\/wp\/v2\/comments?post=48281"}],"wp:featuredmedia":[{"embeddable":true,"href":"https:\/\/clarijs-fietstassen.nl\/de\/wp-json\/wp\/v2\/media\/59345"}],"wp:attachment":[{"href":"https:\/\/clarijs-fietstassen.nl\/de\/wp-json\/wp\/v2\/media?parent=48281"}],"wp:term":[{"taxonomy":"product_brand","embeddable":true,"href":"https:\/\/clarijs-fietstassen.nl\/de\/wp-json\/wp\/v2\/product_brand?post=48281"},{"taxonomy":"product_cat","embeddable":true,"href":"https:\/\/clarijs-fietstassen.nl\/de\/wp-json\/wp\/v2\/product_cat?post=48281"},{"taxonomy":"product_tag","embeddable":true,"href":"https:\/\/clarijs-fietstassen.nl\/de\/wp-json\/wp\/v2\/product_tag?post=48281"}],"curies":[{"name":"wp","href":"https:\/\/api.w.org\/{rel}","templated":true}]}}