{"id":48342,"date":"2023-07-03T15:26:10","date_gmt":"2023-07-03T13:26:10","guid":{"rendered":"https:\/\/clarijs-fietstassen.nl\/basil-mik-adapterplatte-schwarz\/"},"modified":"2025-11-11T09:45:49","modified_gmt":"2025-11-11T08:45:49","slug":"basil-mik-adapterplatte-schwarz","status":"publish","type":"product","link":"https:\/\/clarijs-fietstassen.nl\/de\/produkt\/basil-mik-adapterplatte-schwarz\/","title":{"rendered":"BASIL MIK ADAPTERPLATTE 2.0 SCHWARZ"},"content":{"rendered":"<p><span style=\"font-weight: 400;\">Entdecken Sie die praktische Basil Mik Adapterplatte 2.0 in elegantem Schwarz &#8211; die perfekte L\u00f6sung, um Ihren Fahrradkorb einfach anzubringen und abzunehmen!<\/span><\/p>\n<p><span style=\"font-weight: 400;\">Mit der Basil Mik Adapterplatte k\u00f6nnen Sie Ihren Basil Mik Fahrradkorb m\u00fchelos anbringen und abnehmen. Diese Adapterplatte wurde speziell f\u00fcr die Basil Mik Carrier Gep\u00e4cktr\u00e4gerplatte entwickelt und erm\u00f6glicht es Ihnen, Ihre Fahrradausr\u00fcstung an Ihre Bed\u00fcrfnisse anzupassen. <\/span><\/p>\n<p><span style=\"font-weight: 400;\">Das schwarze Design verleiht Ihrem Fahrrad einen modernen Look, w\u00e4hrend das haltbare Material daf\u00fcr sorgt, dass die Adapterplatte dem t\u00e4glichen Gebrauch und der Abnutzung standh\u00e4lt.<\/span><\/p>\n<p>&nbsp;<\/p>\n","protected":false},"excerpt":{"rendered":"<p>Entdecken Sie die praktische Basil Mik Adapterplatte 2.0 in elegantem Schwarz &#8211; die perfekte L\u00f6sung, um Ihren Fahrradkorb einfach anzubringen und abzunehmen! Mit der Basil Mik Adapterplatte k\u00f6nnen Sie Ihren Basil Mik Fahrradkorb m\u00fchelos anbringen und abnehmen. Diese Adapterplatte wurde speziell f\u00fcr die Basil Mik Carrier Gep\u00e4cktr\u00e4gerplatte entwickelt und erm\u00f6glicht es Ihnen, Ihre Fahrradausr\u00fcstung an [&hellip;]<\/p>\n","protected":false},"featured_media":48344,"comment_status":"closed","ping_status":"closed","template":"","meta":{"_acf_changed":false,"_et_pb_use_builder":"","_et_pb_old_content":"","_et_gb_content_width":""},"product_brand":[],"product_cat":[723,684],"product_tag":[],"class_list":{"0":"post-48342","1":"product","2":"type-product","3":"status-publish","4":"has-post-thumbnail","6":"product_cat-fahrradzubehor","7":"product_cat-zubehor","9":"first","10":"instock","11":"taxable","12":"shipping-taxable","13":"purchasable","14":"product-type-simple"},"acf":[],"yoast_head":"<!-- This site is optimized with the Yoast SEO Premium plugin v27.2 (Yoast SEO v27.3) - https:\/\/yoast.com\/product\/yoast-seo-premium-wordpress\/ -->\n<title>BASIL MIK ADAPTERPLATTE 2.0 SCHWARZ - Clarijs Fietstassen<\/title>\n<meta name=\"description\" content=\"Entdecken Sie die praktische Basil Mik Adapterplatte in elegantem Schwarz - die perfekte L\u00f6sung, um Ihren Fahrradkorb einfach anzubringen und abzunehmen!\" \/>\n<meta name=\"robots\" content=\"index, follow, max-snippet:-1, max-image-preview:large, max-video-preview:-1\" \/>\n<link rel=\"canonical\" href=\"https:\/\/clarijs-fietstassen.nl\/de\/produkt\/basil-mik-adapterplatte-schwarz\/\" \/>\n<meta property=\"og:locale\" content=\"de_DE\" \/>\n<meta property=\"og:type\" content=\"article\" \/>\n<meta property=\"og:title\" content=\"BASIL MIK ADAPTERPLATTE 2.0 SCHWARZ\" \/>\n<meta property=\"og:description\" content=\"Entdecken Sie die praktische Basil Mik Adapterplatte in elegantem Schwarz - die perfekte L\u00f6sung, um Ihren Fahrradkorb einfach anzubringen und abzunehmen!\" \/>\n<meta property=\"og:url\" content=\"https:\/\/clarijs-fietstassen.nl\/de\/produkt\/basil-mik-adapterplatte-schwarz\/\" \/>\n<meta property=\"og:site_name\" content=\"Clarijs Fietstassen\" \/>\n<meta property=\"article:publisher\" content=\"https:\/\/www.facebook.com\/clarijs1948\/\" \/>\n<meta property=\"article:modified_time\" content=\"2025-11-11T08:45:49+00:00\" \/>\n<meta property=\"og:image\" content=\"https:\/\/clarijs-fietstassen.nl\/wp-content\/uploads\/2023\/07\/mik-adapterplaat.jpg\" \/>\n\t<meta property=\"og:image:width\" content=\"500\" \/>\n\t<meta property=\"og:image:height\" content=\"500\" \/>\n\t<meta property=\"og:image:type\" content=\"image\/jpeg\" \/>\n<meta name=\"twitter:card\" content=\"summary_large_image\" \/>\n<meta name=\"twitter:label1\" content=\"Preis\" \/>\n\t<meta name=\"twitter:data1\" content=\"&euro;19.99\" \/>\n\t<meta name=\"twitter:label2\" content=\"Verf\u00fcgbarkeit\" \/>\n\t<meta name=\"twitter:data2\" content=\"Auf Lager\" \/>\n<script type=\"application\/ld+json\" class=\"yoast-schema-graph\">{\"@context\":\"https:\\\/\\\/schema.org\",\"@graph\":[{\"@type\":\"WebPage\",\"@id\":\"https:\\\/\\\/clarijs-fietstassen.nl\\\/de\\\/produkt\\\/basil-mik-adapterplatte-schwarz\\\/\",\"url\":\"https:\\\/\\\/clarijs-fietstassen.nl\\\/de\\\/produkt\\\/basil-mik-adapterplatte-schwarz\\\/\",\"name\":\"BASIL MIK ADAPTERPLATTE 2.0 SCHWARZ - Clarijs Fietstassen\",\"isPartOf\":{\"@id\":\"https:\\\/\\\/clarijs-fietstassen.nl\\\/de\\\/#website\"},\"primaryImageOfPage\":{\"@id\":\"https:\\\/\\\/clarijs-fietstassen.nl\\\/de\\\/produkt\\\/basil-mik-adapterplatte-schwarz\\\/#primaryimage\"},\"image\":{\"@id\":\"https:\\\/\\\/clarijs-fietstassen.nl\\\/de\\\/produkt\\\/basil-mik-adapterplatte-schwarz\\\/#primaryimage\"},\"thumbnailUrl\":\"https:\\\/\\\/clarijs-fietstassen.nl\\\/wp-content\\\/uploads\\\/2023\\\/07\\\/mik-adapterplaat.jpg\",\"datePublished\":\"2023-07-03T13:26:10+00:00\",\"dateModified\":\"2025-11-11T08:45:49+00:00\",\"description\":\"Entdecken Sie die praktische Basil Mik Adapterplatte in elegantem Schwarz - die perfekte L\u00f6sung, um Ihren Fahrradkorb einfach anzubringen und abzunehmen!\",\"breadcrumb\":{\"@id\":\"https:\\\/\\\/clarijs-fietstassen.nl\\\/de\\\/produkt\\\/basil-mik-adapterplatte-schwarz\\\/#breadcrumb\"},\"inLanguage\":\"de\",\"potentialAction\":[{\"@type\":\"ReadAction\",\"target\":[\"https:\\\/\\\/clarijs-fietstassen.nl\\\/de\\\/produkt\\\/basil-mik-adapterplatte-schwarz\\\/\"]}]},{\"@type\":\"ImageObject\",\"inLanguage\":\"de\",\"@id\":\"https:\\\/\\\/clarijs-fietstassen.nl\\\/de\\\/produkt\\\/basil-mik-adapterplatte-schwarz\\\/#primaryimage\",\"url\":\"https:\\\/\\\/clarijs-fietstassen.nl\\\/wp-content\\\/uploads\\\/2023\\\/07\\\/mik-adapterplaat.jpg\",\"contentUrl\":\"https:\\\/\\\/clarijs-fietstassen.nl\\\/wp-content\\\/uploads\\\/2023\\\/07\\\/mik-adapterplaat.jpg\",\"width\":500,\"height\":500},{\"@type\":\"BreadcrumbList\",\"@id\":\"https:\\\/\\\/clarijs-fietstassen.nl\\\/de\\\/produkt\\\/basil-mik-adapterplatte-schwarz\\\/#breadcrumb\",\"itemListElement\":[{\"@type\":\"ListItem\",\"position\":1,\"name\":\"Home\",\"item\":\"https:\\\/\\\/clarijs-fietstassen.nl\\\/de\\\/\"},{\"@type\":\"ListItem\",\"position\":2,\"name\":\"Shop\",\"item\":\"https:\\\/\\\/clarijs-fietstassen.nl\\\/de\\\/shop\\\/\"},{\"@type\":\"ListItem\",\"position\":3,\"name\":\"Fahrradzubeh\u00f6r\",\"item\":\"https:\\\/\\\/clarijs-fietstassen.nl\\\/de\\\/fahrradzubehor\\\/\"},{\"@type\":\"ListItem\",\"position\":4,\"name\":\"BASIL MIK ADAPTERPLATTE 2.0 SCHWARZ\"}]},{\"@type\":\"WebSite\",\"@id\":\"https:\\\/\\\/clarijs-fietstassen.nl\\\/de\\\/#website\",\"url\":\"https:\\\/\\\/clarijs-fietstassen.nl\\\/de\\\/\",\"name\":\"Clarijs Fietstassen\",\"description\":\"Kwaliteit &amp; ambacht sinds 1948\",\"publisher\":{\"@id\":\"https:\\\/\\\/clarijs-fietstassen.nl\\\/de\\\/#organization\"},\"potentialAction\":[{\"@type\":\"SearchAction\",\"target\":{\"@type\":\"EntryPoint\",\"urlTemplate\":\"https:\\\/\\\/clarijs-fietstassen.nl\\\/de\\\/?s={search_term_string}\"},\"query-input\":{\"@type\":\"PropertyValueSpecification\",\"valueRequired\":true,\"valueName\":\"search_term_string\"}}],\"inLanguage\":\"de\"},{\"@type\":\"Organization\",\"@id\":\"https:\\\/\\\/clarijs-fietstassen.nl\\\/de\\\/#organization\",\"name\":\"Clarijs Fietstassen\",\"url\":\"https:\\\/\\\/clarijs-fietstassen.nl\\\/de\\\/\",\"logo\":{\"@type\":\"ImageObject\",\"inLanguage\":\"de\",\"@id\":\"https:\\\/\\\/clarijs-fietstassen.nl\\\/de\\\/#\\\/schema\\\/logo\\\/image\\\/\",\"url\":\"https:\\\/\\\/clarijs-fietstassen.nl\\\/wp-content\\\/uploads\\\/2024\\\/01\\\/clarijs-logo-met-rand.jpg\",\"contentUrl\":\"https:\\\/\\\/clarijs-fietstassen.nl\\\/wp-content\\\/uploads\\\/2024\\\/01\\\/clarijs-logo-met-rand.jpg\",\"width\":560,\"height\":266,\"caption\":\"Clarijs Fietstassen\"},\"image\":{\"@id\":\"https:\\\/\\\/clarijs-fietstassen.nl\\\/de\\\/#\\\/schema\\\/logo\\\/image\\\/\"},\"sameAs\":[\"https:\\\/\\\/www.facebook.com\\\/clarijs1948\\\/\",\"https:\\\/\\\/www.instagram.com\\\/clarijscovers\\\/\"]}]}<\/script>\n<meta property=\"product:price:amount\" content=\"19.99\" \/>\n<meta property=\"product:price:currency\" content=\"EUR\" \/>\n<meta property=\"og:availability\" content=\"instock\" \/>\n<meta property=\"product:availability\" content=\"instock\" \/>\n<meta property=\"product:retailer_item_id\" content=\"4010\" \/>\n<meta property=\"product:condition\" content=\"new\" \/>\n<!-- \/ Yoast SEO Premium plugin. -->","yoast_head_json":{"title":"BASIL MIK ADAPTERPLATTE 2.0 SCHWARZ - Clarijs Fietstassen","description":"Entdecken Sie die praktische Basil Mik Adapterplatte in elegantem Schwarz - die perfekte L\u00f6sung, um Ihren Fahrradkorb einfach anzubringen und abzunehmen!","robots":{"index":"index","follow":"follow","max-snippet":"max-snippet:-1","max-image-preview":"max-image-preview:large","max-video-preview":"max-video-preview:-1"},"canonical":"https:\/\/clarijs-fietstassen.nl\/de\/produkt\/basil-mik-adapterplatte-schwarz\/","og_locale":"de_DE","og_type":"article","og_title":"BASIL MIK ADAPTERPLATTE 2.0 SCHWARZ","og_description":"Entdecken Sie die praktische Basil Mik Adapterplatte in elegantem Schwarz - die perfekte L\u00f6sung, um Ihren Fahrradkorb einfach anzubringen und abzunehmen!","og_url":"https:\/\/clarijs-fietstassen.nl\/de\/produkt\/basil-mik-adapterplatte-schwarz\/","og_site_name":"Clarijs Fietstassen","article_publisher":"https:\/\/www.facebook.com\/clarijs1948\/","article_modified_time":"2025-11-11T08:45:49+00:00","og_image":[{"width":500,"height":500,"url":"https:\/\/clarijs-fietstassen.nl\/wp-content\/uploads\/2023\/07\/mik-adapterplaat.jpg","type":"image\/jpeg"}],"twitter_card":"summary_large_image","twitter_misc":{"Preis":"&euro;19.99","Verf\u00fcgbarkeit":"Auf Lager"},"schema":{"@context":"https:\/\/schema.org","@graph":[{"@type":"WebPage","@id":"https:\/\/clarijs-fietstassen.nl\/de\/produkt\/basil-mik-adapterplatte-schwarz\/","url":"https:\/\/clarijs-fietstassen.nl\/de\/produkt\/basil-mik-adapterplatte-schwarz\/","name":"BASIL MIK ADAPTERPLATTE 2.0 SCHWARZ - Clarijs Fietstassen","isPartOf":{"@id":"https:\/\/clarijs-fietstassen.nl\/de\/#website"},"primaryImageOfPage":{"@id":"https:\/\/clarijs-fietstassen.nl\/de\/produkt\/basil-mik-adapterplatte-schwarz\/#primaryimage"},"image":{"@id":"https:\/\/clarijs-fietstassen.nl\/de\/produkt\/basil-mik-adapterplatte-schwarz\/#primaryimage"},"thumbnailUrl":"https:\/\/clarijs-fietstassen.nl\/wp-content\/uploads\/2023\/07\/mik-adapterplaat.jpg","datePublished":"2023-07-03T13:26:10+00:00","dateModified":"2025-11-11T08:45:49+00:00","description":"Entdecken Sie die praktische Basil Mik Adapterplatte in elegantem Schwarz - die perfekte L\u00f6sung, um Ihren Fahrradkorb einfach anzubringen und abzunehmen!","breadcrumb":{"@id":"https:\/\/clarijs-fietstassen.nl\/de\/produkt\/basil-mik-adapterplatte-schwarz\/#breadcrumb"},"inLanguage":"de","potentialAction":[{"@type":"ReadAction","target":["https:\/\/clarijs-fietstassen.nl\/de\/produkt\/basil-mik-adapterplatte-schwarz\/"]}]},{"@type":"ImageObject","inLanguage":"de","@id":"https:\/\/clarijs-fietstassen.nl\/de\/produkt\/basil-mik-adapterplatte-schwarz\/#primaryimage","url":"https:\/\/clarijs-fietstassen.nl\/wp-content\/uploads\/2023\/07\/mik-adapterplaat.jpg","contentUrl":"https:\/\/clarijs-fietstassen.nl\/wp-content\/uploads\/2023\/07\/mik-adapterplaat.jpg","width":500,"height":500},{"@type":"BreadcrumbList","@id":"https:\/\/clarijs-fietstassen.nl\/de\/produkt\/basil-mik-adapterplatte-schwarz\/#breadcrumb","itemListElement":[{"@type":"ListItem","position":1,"name":"Home","item":"https:\/\/clarijs-fietstassen.nl\/de\/"},{"@type":"ListItem","position":2,"name":"Shop","item":"https:\/\/clarijs-fietstassen.nl\/de\/shop\/"},{"@type":"ListItem","position":3,"name":"Fahrradzubeh\u00f6r","item":"https:\/\/clarijs-fietstassen.nl\/de\/fahrradzubehor\/"},{"@type":"ListItem","position":4,"name":"BASIL MIK ADAPTERPLATTE 2.0 SCHWARZ"}]},{"@type":"WebSite","@id":"https:\/\/clarijs-fietstassen.nl\/de\/#website","url":"https:\/\/clarijs-fietstassen.nl\/de\/","name":"Clarijs Fietstassen","description":"Kwaliteit &amp; ambacht sinds 1948","publisher":{"@id":"https:\/\/clarijs-fietstassen.nl\/de\/#organization"},"potentialAction":[{"@type":"SearchAction","target":{"@type":"EntryPoint","urlTemplate":"https:\/\/clarijs-fietstassen.nl\/de\/?s={search_term_string}"},"query-input":{"@type":"PropertyValueSpecification","valueRequired":true,"valueName":"search_term_string"}}],"inLanguage":"de"},{"@type":"Organization","@id":"https:\/\/clarijs-fietstassen.nl\/de\/#organization","name":"Clarijs Fietstassen","url":"https:\/\/clarijs-fietstassen.nl\/de\/","logo":{"@type":"ImageObject","inLanguage":"de","@id":"https:\/\/clarijs-fietstassen.nl\/de\/#\/schema\/logo\/image\/","url":"https:\/\/clarijs-fietstassen.nl\/wp-content\/uploads\/2024\/01\/clarijs-logo-met-rand.jpg","contentUrl":"https:\/\/clarijs-fietstassen.nl\/wp-content\/uploads\/2024\/01\/clarijs-logo-met-rand.jpg","width":560,"height":266,"caption":"Clarijs Fietstassen"},"image":{"@id":"https:\/\/clarijs-fietstassen.nl\/de\/#\/schema\/logo\/image\/"},"sameAs":["https:\/\/www.facebook.com\/clarijs1948\/","https:\/\/www.instagram.com\/clarijscovers\/"]}]},"product_price_amount":"19.99","product_price_currency":"EUR","og_availability":"instock","product_availability":"instock","product_retailer_item_id":"4010","product_condition":"new"},"_links":{"self":[{"href":"https:\/\/clarijs-fietstassen.nl\/de\/wp-json\/wp\/v2\/product\/48342","targetHints":{"allow":["GET"]}}],"collection":[{"href":"https:\/\/clarijs-fietstassen.nl\/de\/wp-json\/wp\/v2\/product"}],"about":[{"href":"https:\/\/clarijs-fietstassen.nl\/de\/wp-json\/wp\/v2\/types\/product"}],"replies":[{"embeddable":true,"href":"https:\/\/clarijs-fietstassen.nl\/de\/wp-json\/wp\/v2\/comments?post=48342"}],"wp:featuredmedia":[{"embeddable":true,"href":"https:\/\/clarijs-fietstassen.nl\/de\/wp-json\/wp\/v2\/media\/48344"}],"wp:attachment":[{"href":"https:\/\/clarijs-fietstassen.nl\/de\/wp-json\/wp\/v2\/media?parent=48342"}],"wp:term":[{"taxonomy":"product_brand","embeddable":true,"href":"https:\/\/clarijs-fietstassen.nl\/de\/wp-json\/wp\/v2\/product_brand?post=48342"},{"taxonomy":"product_cat","embeddable":true,"href":"https:\/\/clarijs-fietstassen.nl\/de\/wp-json\/wp\/v2\/product_cat?post=48342"},{"taxonomy":"product_tag","embeddable":true,"href":"https:\/\/clarijs-fietstassen.nl\/de\/wp-json\/wp\/v2\/product_tag?post=48342"}],"curies":[{"name":"wp","href":"https:\/\/api.w.org\/{rel}","templated":true}]}}