{"id":48347,"date":"2023-07-03T15:39:39","date_gmt":"2023-07-03T13:39:39","guid":{"rendered":"https:\/\/clarijs-fietstassen.nl\/bezug-fuer-cube-cargo-hybrid-mit-kindersitz\/"},"modified":"2026-02-26T21:52:40","modified_gmt":"2026-02-26T20:52:40","slug":"bezug-fuer-cube-cargo-hybrid-mit-kindersitz","status":"publish","type":"product","link":"https:\/\/clarijs-fietstassen.nl\/de\/produkt\/bezug-fuer-cube-cargo-hybrid-mit-kindersitz\/","title":{"rendered":"Plane f\u00fcr CUBE Cargo Hybrid &#8211; mit Kindersitz"},"content":{"rendered":"<p><span style=\"font-weight: 400;\">Die Plane f\u00fcr CUBE Cargo Hybrid &#8211; mit Kindersitz bietet zuverl\u00e4ssigen und wasserdichten Schutz f\u00fcr Ihren Fahrradanh\u00e4nger. Diese Plane aus strapazierf\u00e4higem und wetterfestem Material sorgt daf\u00fcr, dass Ihre Ladung und Ihr Kindersitz auch bei den schwierigsten Wetterbedingungen sicher und trocken bleiben. Sie k\u00f6nnen beruhigt auf die Stra\u00dfe gehen, denn Sie wissen, dass Ihre Passagiere vor Regen und Wind gesch\u00fctzt sind.  <\/span><\/p>\n<p><b>Vorteile<\/b> der Plane f\u00fcr CUBE Cargo Hybrid &#8211; mit Kindersitz:<\/p>\n<ul>\n<li style=\"font-weight: 400;\" aria-level=\"1\"><span style=\"font-weight: 400;\">Die Plane ist wasserfest<\/span><\/li>\n<li style=\"font-weight: 400;\" aria-level=\"1\"><span style=\"font-weight: 400;\">Die Plane hat eine hohe Farbechtheit<\/span><\/li>\n<li style=\"font-weight: 400;\" aria-level=\"1\"><span style=\"font-weight: 400;\">Er wird mit einem Kindersitz geliefert<\/span><\/li>\n<\/ul>\n<p><b>100 % wasserdicht<\/b><\/p>\n<p><span style=\"font-weight: 400;\">Die Plane ist aus gewebtem Nylon PU hergestellt. Dies sorgt daf\u00fcr, dass die Plane wasserabweisend ist. Dar\u00fcber hinaus ist sie widerstandsf\u00e4hig gegen den t\u00e4glichen Gebrauch. So bleibt die Ladung oder der Gegenstand, der unter der Plane platziert wird, auch bei starkem Regen oder anderen nassen Bedingungen trocken und gesch\u00fctzt.   <\/span><\/p>\n<p><b>Hochwertiges Material<\/b><\/p>\n<ul>\n<li style=\"font-weight: 400;\" aria-level=\"1\"><span style=\"font-weight: 400;\">Die hochwertigen Materialien der Plane sorgen daf\u00fcr, dass sie dem t\u00e4glichen Gebrauch standh\u00e4lt.<\/span><\/li>\n<li style=\"font-weight: 400;\" aria-level=\"1\"><span style=\"font-weight: 400;\">Die Nylon plane ist wasserdicht und bietet hervorragenden Schutz vor Regen und Feuchtigkeit. So bleibt Ihr Hab und Gut auch bei schlechtem Wetter trocken. <\/span><\/li>\n<li style=\"font-weight: 400;\" aria-level=\"1\"><span style=\"font-weight: 400;\">Die Nylon plane ist stark und kann gro\u00dfen Lasten standhalten. Dadurch eignet sie sich zum Tragen schwerer Gegenst\u00e4nde oder zum Aufbau stabiler Strukturen. <\/span><\/li>\n<li style=\"font-weight: 400;\" aria-level=\"1\"><span style=\"font-weight: 400;\">Nylon hat die F\u00e4higkeit, schnell zu trocknen, selbst wenn es Feuchtigkeit oder Regen ausgesetzt war.<\/span><\/li>\n<\/ul>\n","protected":false},"excerpt":{"rendered":"<p>Die Plane f\u00fcr CUBE Cargo Hybrid &#8211; mit Kindersitz bietet zuverl\u00e4ssigen und wasserdichten Schutz f\u00fcr Ihren Fahrradanh\u00e4nger. Diese Plane aus strapazierf\u00e4higem und wetterfestem Material sorgt daf\u00fcr, dass Ihre Ladung und Ihr Kindersitz auch bei den schwierigsten Wetterbedingungen sicher und trocken bleiben. Sie k\u00f6nnen beruhigt auf die Stra\u00dfe gehen, denn Sie wissen, dass Ihre Passagiere vor [&hellip;]<\/p>\n","protected":false},"featured_media":48348,"comment_status":"closed","ping_status":"closed","template":"","meta":{"_acf_changed":false,"_et_pb_use_builder":"","_et_pb_old_content":"","_et_gb_content_width":""},"product_brand":[],"product_cat":[686,689,700],"product_tag":[],"class_list":{"0":"post-48347","1":"product","2":"type-product","3":"status-publish","4":"has-post-thumbnail","6":"product_cat-bakfiets-de","7":"product_cat-bakfiets-planen","8":"product_cat-cube-de","9":"pa_geschikt-voor-e-bike-ja-de","10":"pa_kleur-schwarz","11":"pa_materiaal-gewebtes-nylon-pu","12":"pa_merk-clarijs-covers-b-v-de","13":"pa_reflectie-nein","15":"first","16":"instock","17":"sale","18":"taxable","19":"shipping-taxable","20":"purchasable","21":"product-type-simple"},"acf":[],"yoast_head":"<!-- This site is optimized with the Yoast SEO Premium plugin v27.2 (Yoast SEO v27.4) - https:\/\/yoast.com\/product\/yoast-seo-premium-wordpress\/ -->\n<title>Plane f\u00fcr CUBE Cargo Hybrid - mit Kindersitz - Clarijs Fietstassen<\/title>\n<meta name=\"description\" content=\"Die Plane f\u00fcr CUBE Cargo Hybrid - mit Kindersitz bietet wasserdichten und dauerhaften Schutz f\u00fcr Ihren Fahrradanh\u00e4nger. Jetzt einkaufen!\" \/>\n<meta name=\"robots\" content=\"index, follow, max-snippet:-1, max-image-preview:large, max-video-preview:-1\" \/>\n<link rel=\"canonical\" href=\"https:\/\/clarijs-fietstassen.nl\/de\/produkt\/bezug-fuer-cube-cargo-hybrid-mit-kindersitz\/\" \/>\n<meta property=\"og:locale\" content=\"de_DE\" \/>\n<meta property=\"og:type\" content=\"article\" \/>\n<meta property=\"og:title\" content=\"Plane f\u00fcr CUBE Cargo Hybrid - mit Kindersitz\" \/>\n<meta property=\"og:description\" content=\"Die Plane f\u00fcr CUBE Cargo Hybrid - mit Kindersitz bietet wasserdichten und dauerhaften Schutz f\u00fcr Ihren Fahrradanh\u00e4nger. Jetzt einkaufen!\" \/>\n<meta property=\"og:url\" content=\"https:\/\/clarijs-fietstassen.nl\/de\/produkt\/bezug-fuer-cube-cargo-hybrid-mit-kindersitz\/\" \/>\n<meta property=\"og:site_name\" content=\"Clarijs Fietstassen\" \/>\n<meta property=\"article:publisher\" content=\"https:\/\/www.facebook.com\/clarijs1948\/\" \/>\n<meta property=\"article:modified_time\" content=\"2026-02-26T20:52:40+00:00\" \/>\n<meta property=\"og:image\" content=\"https:\/\/clarijs-fietstassen.nl\/wp-content\/uploads\/2023\/07\/CUBE-met-bank-1.2.jpg\" \/>\n\t<meta property=\"og:image:width\" content=\"1000\" \/>\n\t<meta property=\"og:image:height\" content=\"1000\" \/>\n\t<meta property=\"og:image:type\" content=\"image\/jpeg\" \/>\n<meta name=\"twitter:card\" content=\"summary_large_image\" \/>\n<meta name=\"twitter:label1\" content=\"Preis\" \/>\n\t<meta name=\"twitter:data1\" content=\"&euro;62.96\" \/>\n\t<meta name=\"twitter:label2\" content=\"Verf\u00fcgbarkeit\" \/>\n\t<meta name=\"twitter:data2\" content=\"Auf Lager\" \/>\n<script type=\"application\/ld+json\" class=\"yoast-schema-graph\">{\"@context\":\"https:\\\/\\\/schema.org\",\"@graph\":[{\"@type\":\"WebPage\",\"@id\":\"https:\\\/\\\/clarijs-fietstassen.nl\\\/de\\\/produkt\\\/bezug-fuer-cube-cargo-hybrid-mit-kindersitz\\\/\",\"url\":\"https:\\\/\\\/clarijs-fietstassen.nl\\\/de\\\/produkt\\\/bezug-fuer-cube-cargo-hybrid-mit-kindersitz\\\/\",\"name\":\"Plane f\u00fcr CUBE Cargo Hybrid - mit Kindersitz - Clarijs Fietstassen\",\"isPartOf\":{\"@id\":\"https:\\\/\\\/clarijs-fietstassen.nl\\\/de\\\/#website\"},\"primaryImageOfPage\":{\"@id\":\"https:\\\/\\\/clarijs-fietstassen.nl\\\/de\\\/produkt\\\/bezug-fuer-cube-cargo-hybrid-mit-kindersitz\\\/#primaryimage\"},\"image\":{\"@id\":\"https:\\\/\\\/clarijs-fietstassen.nl\\\/de\\\/produkt\\\/bezug-fuer-cube-cargo-hybrid-mit-kindersitz\\\/#primaryimage\"},\"thumbnailUrl\":\"https:\\\/\\\/clarijs-fietstassen.nl\\\/wp-content\\\/uploads\\\/2023\\\/07\\\/CUBE-met-bank-1.2.jpg\",\"datePublished\":\"2023-07-03T13:39:39+00:00\",\"dateModified\":\"2026-02-26T20:52:40+00:00\",\"description\":\"Die Plane f\u00fcr CUBE Cargo Hybrid - mit Kindersitz bietet wasserdichten und dauerhaften Schutz f\u00fcr Ihren Fahrradanh\u00e4nger. Jetzt einkaufen!\",\"breadcrumb\":{\"@id\":\"https:\\\/\\\/clarijs-fietstassen.nl\\\/de\\\/produkt\\\/bezug-fuer-cube-cargo-hybrid-mit-kindersitz\\\/#breadcrumb\"},\"inLanguage\":\"de\",\"potentialAction\":[{\"@type\":\"ReadAction\",\"target\":[\"https:\\\/\\\/clarijs-fietstassen.nl\\\/de\\\/produkt\\\/bezug-fuer-cube-cargo-hybrid-mit-kindersitz\\\/\"]}]},{\"@type\":\"ImageObject\",\"inLanguage\":\"de\",\"@id\":\"https:\\\/\\\/clarijs-fietstassen.nl\\\/de\\\/produkt\\\/bezug-fuer-cube-cargo-hybrid-mit-kindersitz\\\/#primaryimage\",\"url\":\"https:\\\/\\\/clarijs-fietstassen.nl\\\/wp-content\\\/uploads\\\/2023\\\/07\\\/CUBE-met-bank-1.2.jpg\",\"contentUrl\":\"https:\\\/\\\/clarijs-fietstassen.nl\\\/wp-content\\\/uploads\\\/2023\\\/07\\\/CUBE-met-bank-1.2.jpg\",\"width\":1000,\"height\":1000,\"caption\":\"Plane f\u00fcr CUBE Cargo Hybrid - mit Kindersitz\"},{\"@type\":\"BreadcrumbList\",\"@id\":\"https:\\\/\\\/clarijs-fietstassen.nl\\\/de\\\/produkt\\\/bezug-fuer-cube-cargo-hybrid-mit-kindersitz\\\/#breadcrumb\",\"itemListElement\":[{\"@type\":\"ListItem\",\"position\":1,\"name\":\"Home\",\"item\":\"https:\\\/\\\/clarijs-fietstassen.nl\\\/de\\\/\"},{\"@type\":\"ListItem\",\"position\":2,\"name\":\"Shop\",\"item\":\"https:\\\/\\\/clarijs-fietstassen.nl\\\/de\\\/shop\\\/\"},{\"@type\":\"ListItem\",\"position\":3,\"name\":\"CUBE\",\"item\":\"https:\\\/\\\/clarijs-fietstassen.nl\\\/cube\\\/\"},{\"@type\":\"ListItem\",\"position\":4,\"name\":\"Plane f\u00fcr CUBE Cargo Hybrid &#8211; mit Kindersitz\"}]},{\"@type\":\"WebSite\",\"@id\":\"https:\\\/\\\/clarijs-fietstassen.nl\\\/de\\\/#website\",\"url\":\"https:\\\/\\\/clarijs-fietstassen.nl\\\/de\\\/\",\"name\":\"Clarijs Fietstassen\",\"description\":\"Kwaliteit &amp; ambacht sinds 1948\",\"publisher\":{\"@id\":\"https:\\\/\\\/clarijs-fietstassen.nl\\\/de\\\/#organization\"},\"potentialAction\":[{\"@type\":\"SearchAction\",\"target\":{\"@type\":\"EntryPoint\",\"urlTemplate\":\"https:\\\/\\\/clarijs-fietstassen.nl\\\/de\\\/?s={search_term_string}\"},\"query-input\":{\"@type\":\"PropertyValueSpecification\",\"valueRequired\":true,\"valueName\":\"search_term_string\"}}],\"inLanguage\":\"de\"},{\"@type\":\"Organization\",\"@id\":\"https:\\\/\\\/clarijs-fietstassen.nl\\\/de\\\/#organization\",\"name\":\"Clarijs Fietstassen\",\"url\":\"https:\\\/\\\/clarijs-fietstassen.nl\\\/de\\\/\",\"logo\":{\"@type\":\"ImageObject\",\"inLanguage\":\"de\",\"@id\":\"https:\\\/\\\/clarijs-fietstassen.nl\\\/de\\\/#\\\/schema\\\/logo\\\/image\\\/\",\"url\":\"https:\\\/\\\/clarijs-fietstassen.nl\\\/wp-content\\\/uploads\\\/2024\\\/01\\\/clarijs-logo-met-rand.jpg\",\"contentUrl\":\"https:\\\/\\\/clarijs-fietstassen.nl\\\/wp-content\\\/uploads\\\/2024\\\/01\\\/clarijs-logo-met-rand.jpg\",\"width\":560,\"height\":266,\"caption\":\"Clarijs Fietstassen\"},\"image\":{\"@id\":\"https:\\\/\\\/clarijs-fietstassen.nl\\\/de\\\/#\\\/schema\\\/logo\\\/image\\\/\"},\"sameAs\":[\"https:\\\/\\\/www.facebook.com\\\/clarijs1948\\\/\",\"https:\\\/\\\/www.instagram.com\\\/clarijscovers\\\/\"]}]}<\/script>\n<meta property=\"product:price:amount\" content=\"62.96\" \/>\n<meta property=\"product:price:currency\" content=\"EUR\" \/>\n<meta property=\"og:availability\" content=\"instock\" \/>\n<meta property=\"product:availability\" content=\"instock\" \/>\n<meta property=\"product:retailer_item_id\" content=\"5032\" \/>\n<meta property=\"product:condition\" content=\"new\" \/>\n<!-- \/ Yoast SEO Premium plugin. -->","yoast_head_json":{"title":"Plane f\u00fcr CUBE Cargo Hybrid - mit Kindersitz - Clarijs Fietstassen","description":"Die Plane f\u00fcr CUBE Cargo Hybrid - mit Kindersitz bietet wasserdichten und dauerhaften Schutz f\u00fcr Ihren Fahrradanh\u00e4nger. Jetzt einkaufen!","robots":{"index":"index","follow":"follow","max-snippet":"max-snippet:-1","max-image-preview":"max-image-preview:large","max-video-preview":"max-video-preview:-1"},"canonical":"https:\/\/clarijs-fietstassen.nl\/de\/produkt\/bezug-fuer-cube-cargo-hybrid-mit-kindersitz\/","og_locale":"de_DE","og_type":"article","og_title":"Plane f\u00fcr CUBE Cargo Hybrid - mit Kindersitz","og_description":"Die Plane f\u00fcr CUBE Cargo Hybrid - mit Kindersitz bietet wasserdichten und dauerhaften Schutz f\u00fcr Ihren Fahrradanh\u00e4nger. Jetzt einkaufen!","og_url":"https:\/\/clarijs-fietstassen.nl\/de\/produkt\/bezug-fuer-cube-cargo-hybrid-mit-kindersitz\/","og_site_name":"Clarijs Fietstassen","article_publisher":"https:\/\/www.facebook.com\/clarijs1948\/","article_modified_time":"2026-02-26T20:52:40+00:00","og_image":[{"width":1000,"height":1000,"url":"https:\/\/clarijs-fietstassen.nl\/wp-content\/uploads\/2023\/07\/CUBE-met-bank-1.2.jpg","type":"image\/jpeg"}],"twitter_card":"summary_large_image","twitter_misc":{"Preis":"&euro;62.96","Verf\u00fcgbarkeit":"Auf Lager"},"schema":{"@context":"https:\/\/schema.org","@graph":[{"@type":"WebPage","@id":"https:\/\/clarijs-fietstassen.nl\/de\/produkt\/bezug-fuer-cube-cargo-hybrid-mit-kindersitz\/","url":"https:\/\/clarijs-fietstassen.nl\/de\/produkt\/bezug-fuer-cube-cargo-hybrid-mit-kindersitz\/","name":"Plane f\u00fcr CUBE Cargo Hybrid - mit Kindersitz - Clarijs Fietstassen","isPartOf":{"@id":"https:\/\/clarijs-fietstassen.nl\/de\/#website"},"primaryImageOfPage":{"@id":"https:\/\/clarijs-fietstassen.nl\/de\/produkt\/bezug-fuer-cube-cargo-hybrid-mit-kindersitz\/#primaryimage"},"image":{"@id":"https:\/\/clarijs-fietstassen.nl\/de\/produkt\/bezug-fuer-cube-cargo-hybrid-mit-kindersitz\/#primaryimage"},"thumbnailUrl":"https:\/\/clarijs-fietstassen.nl\/wp-content\/uploads\/2023\/07\/CUBE-met-bank-1.2.jpg","datePublished":"2023-07-03T13:39:39+00:00","dateModified":"2026-02-26T20:52:40+00:00","description":"Die Plane f\u00fcr CUBE Cargo Hybrid - mit Kindersitz bietet wasserdichten und dauerhaften Schutz f\u00fcr Ihren Fahrradanh\u00e4nger. Jetzt einkaufen!","breadcrumb":{"@id":"https:\/\/clarijs-fietstassen.nl\/de\/produkt\/bezug-fuer-cube-cargo-hybrid-mit-kindersitz\/#breadcrumb"},"inLanguage":"de","potentialAction":[{"@type":"ReadAction","target":["https:\/\/clarijs-fietstassen.nl\/de\/produkt\/bezug-fuer-cube-cargo-hybrid-mit-kindersitz\/"]}]},{"@type":"ImageObject","inLanguage":"de","@id":"https:\/\/clarijs-fietstassen.nl\/de\/produkt\/bezug-fuer-cube-cargo-hybrid-mit-kindersitz\/#primaryimage","url":"https:\/\/clarijs-fietstassen.nl\/wp-content\/uploads\/2023\/07\/CUBE-met-bank-1.2.jpg","contentUrl":"https:\/\/clarijs-fietstassen.nl\/wp-content\/uploads\/2023\/07\/CUBE-met-bank-1.2.jpg","width":1000,"height":1000,"caption":"Plane f\u00fcr CUBE Cargo Hybrid - mit Kindersitz"},{"@type":"BreadcrumbList","@id":"https:\/\/clarijs-fietstassen.nl\/de\/produkt\/bezug-fuer-cube-cargo-hybrid-mit-kindersitz\/#breadcrumb","itemListElement":[{"@type":"ListItem","position":1,"name":"Home","item":"https:\/\/clarijs-fietstassen.nl\/de\/"},{"@type":"ListItem","position":2,"name":"Shop","item":"https:\/\/clarijs-fietstassen.nl\/de\/shop\/"},{"@type":"ListItem","position":3,"name":"CUBE","item":"https:\/\/clarijs-fietstassen.nl\/cube\/"},{"@type":"ListItem","position":4,"name":"Plane f\u00fcr CUBE Cargo Hybrid &#8211; mit Kindersitz"}]},{"@type":"WebSite","@id":"https:\/\/clarijs-fietstassen.nl\/de\/#website","url":"https:\/\/clarijs-fietstassen.nl\/de\/","name":"Clarijs Fietstassen","description":"Kwaliteit &amp; ambacht sinds 1948","publisher":{"@id":"https:\/\/clarijs-fietstassen.nl\/de\/#organization"},"potentialAction":[{"@type":"SearchAction","target":{"@type":"EntryPoint","urlTemplate":"https:\/\/clarijs-fietstassen.nl\/de\/?s={search_term_string}"},"query-input":{"@type":"PropertyValueSpecification","valueRequired":true,"valueName":"search_term_string"}}],"inLanguage":"de"},{"@type":"Organization","@id":"https:\/\/clarijs-fietstassen.nl\/de\/#organization","name":"Clarijs Fietstassen","url":"https:\/\/clarijs-fietstassen.nl\/de\/","logo":{"@type":"ImageObject","inLanguage":"de","@id":"https:\/\/clarijs-fietstassen.nl\/de\/#\/schema\/logo\/image\/","url":"https:\/\/clarijs-fietstassen.nl\/wp-content\/uploads\/2024\/01\/clarijs-logo-met-rand.jpg","contentUrl":"https:\/\/clarijs-fietstassen.nl\/wp-content\/uploads\/2024\/01\/clarijs-logo-met-rand.jpg","width":560,"height":266,"caption":"Clarijs Fietstassen"},"image":{"@id":"https:\/\/clarijs-fietstassen.nl\/de\/#\/schema\/logo\/image\/"},"sameAs":["https:\/\/www.facebook.com\/clarijs1948\/","https:\/\/www.instagram.com\/clarijscovers\/"]}]},"product_price_amount":"62.96","product_price_currency":"EUR","og_availability":"instock","product_availability":"instock","product_retailer_item_id":"5032","product_condition":"new"},"_links":{"self":[{"href":"https:\/\/clarijs-fietstassen.nl\/de\/wp-json\/wp\/v2\/product\/48347","targetHints":{"allow":["GET"]}}],"collection":[{"href":"https:\/\/clarijs-fietstassen.nl\/de\/wp-json\/wp\/v2\/product"}],"about":[{"href":"https:\/\/clarijs-fietstassen.nl\/de\/wp-json\/wp\/v2\/types\/product"}],"replies":[{"embeddable":true,"href":"https:\/\/clarijs-fietstassen.nl\/de\/wp-json\/wp\/v2\/comments?post=48347"}],"wp:featuredmedia":[{"embeddable":true,"href":"https:\/\/clarijs-fietstassen.nl\/de\/wp-json\/wp\/v2\/media\/48348"}],"wp:attachment":[{"href":"https:\/\/clarijs-fietstassen.nl\/de\/wp-json\/wp\/v2\/media?parent=48347"}],"wp:term":[{"taxonomy":"product_brand","embeddable":true,"href":"https:\/\/clarijs-fietstassen.nl\/de\/wp-json\/wp\/v2\/product_brand?post=48347"},{"taxonomy":"product_cat","embeddable":true,"href":"https:\/\/clarijs-fietstassen.nl\/de\/wp-json\/wp\/v2\/product_cat?post=48347"},{"taxonomy":"product_tag","embeddable":true,"href":"https:\/\/clarijs-fietstassen.nl\/de\/wp-json\/wp\/v2\/product_tag?post=48347"}],"curies":[{"name":"wp","href":"https:\/\/api.w.org\/{rel}","templated":true}]}}