{"id":48561,"date":"2023-07-04T11:47:15","date_gmt":"2023-07-04T09:47:15","guid":{"rendered":"https:\/\/clarijs-fietstassen.nl\/doppelte-fahrradtasche-frites\/"},"modified":"2026-03-25T10:27:59","modified_gmt":"2026-03-25T09:27:59","slug":"doppelte-fahrradtasche-frites","status":"publish","type":"product","link":"https:\/\/clarijs-fietstassen.nl\/de\/produkt\/doppelte-fahrradtasche-frites\/","title":{"rendered":"Doppelte Fahrradtasche Frites"},"content":{"rendered":"<p><span style=\"font-weight: 400;\">Die Doppelte Fahrradtasche Frites von Clarijs ist ideal f\u00fcr ein Elektrofahrrad und ein normales Fahrrad. Diese doppelte Fahrradtasche ist aus PVC-Canvas, einem wasserdichten Material, hergestellt. Die Tasche hat au\u00dferdem Reflexionen auf der Vorder- und R\u00fcckseite.   Auf diese Weise ist die Tasche bei dunklem oder nebligem Wetter besser sichtbar.<\/span><\/p>\n<p><b>Vorteile:<\/b><\/p>\n<ul>\n<li style=\"font-weight: 400;\" aria-level=\"1\"><span style=\"font-weight: 400;\">Der Deckel ist mit <\/span><b>Regenklappen<\/b><span style=\"font-weight: 400;\"> gegen eindringenden Regen.<\/span><\/li>\n<li style=\"font-weight: 400;\" aria-level=\"1\"><span style=\"font-weight: 400;\">Sehr <\/span><b>viel Platz<\/b><span style=\"font-weight: 400;\"> in einer doppelten Fahrradtasche von Clarijs.<\/span><\/li>\n<li style=\"font-weight: 400;\" aria-level=\"1\"><span style=\"font-weight: 400;\">Geeignet f\u00fcr raue Wetterbedingungen.<\/span><\/li>\n<li style=\"font-weight: 400;\" aria-level=\"1\"><span style=\"font-weight: 400;\">Geeignet f\u00fcr fast <\/span><b>jedes Fahrrad<\/b><span style=\"font-weight: 400;\">. (Auch Elektrofahrr\u00e4der)<\/span><\/li>\n<li style=\"font-weight: 400;\" aria-level=\"1\"><span style=\"font-weight: 400;\">Clarijs bietet nur die <\/span><b>h\u00f6chste Qualit\u00e4t<\/b><span style=\"font-weight: 400;\"> Materialien. <\/span> <\/li>\n<li style=\"font-weight: 400;\" aria-level=\"1\"><b>Reflexion<\/b><span style=\"font-weight: 400;\"> auf der Vorderseite &amp; R\u00fcckseite!<\/span><\/li>\n<li aria-level=\"1\">Alle Doppeltaschen haben <strong>Entw\u00e4sserungsl\u00f6cher<\/strong>.<\/li>\n<\/ul>\n<div>\n<div><strong>Gr\u00f6\u00dfen<\/strong> &#8211; <a href=\"https:\/\/clarijs-fietstassen.nl\/wp-content\/uploads\/2026\/03\/Lijntekening-Dubbele-Fietstas-met-maten.jpg\" target=\"_blank\" rel=\"noopener\">Bild<\/a><\/div>\n<div>Die Ma\u00dfe der Doppel-Fahrradtaschen sind in Zentimetern angegeben als: L\u00e4nge x Tiefe\/Breite x H\u00f6he<\/div>\n<p>Innen 36 x 18 x 32<br \/>\nAu\u00dfen 40 x 20 x 33<\/p>\n<p>Da die Taschen handgefertigt sind, k\u00f6nnen die Ma\u00dfe um etwa einen Zentimeter variieren.<br \/>\nDie Packtasche passt auf Gep\u00e4cktr\u00e4ger mit einer Breite zwischen 13 und 17 cm.<\/p>\n<\/div>\n<p><b>Hochwertiges Material<\/b><\/p>\n<ul>\n<li style=\"font-weight: 400;\" aria-level=\"1\"><span style=\"font-weight: 400;\">Die Fahrradtasche Frites ist aus Bisonyl PVC-Canvas gefertigt, dem gleichen Stoff, der auch f\u00fcr die Beschichtung von Lastwagen verwendet wird. <\/span><\/li>\n<li style=\"font-weight: 400;\" aria-level=\"1\"><span style=\"font-weight: 400;\">Die Vorteile von Bisonyl sind, dass der Stoff felsenfest, wasserdicht, farbecht und resistent gegen extreme Hitze und K\u00e4lte ist. <\/span><\/li>\n<li style=\"font-weight: 400;\" aria-level=\"1\"><span style=\"font-weight: 400;\">Die Schnallen der doppelten Fahrradtasche Frites sind aus einem hochwertigen, flexiblen Kunststoff gefertigt.  <\/span><\/li>\n<li style=\"font-weight: 400;\" aria-level=\"1\"><span style=\"font-weight: 400;\">Die Schnallen sind mit einem flexiblen, wasserabweisenden PP-Band an der Tasche befestigt.<\/span><\/li>\n<\/ul>\n<p><b>Extras:<\/b><\/p>\n<ul>\n<li aria-level=\"1\">Der Deckel der Packtasche ist mit Regenklappen ausgestattet, die das Eindringen von Regen verhindern.<\/li>\n<li aria-level=\"1\">Die R\u00fcckseite und der Boden des Koffers sind mit starken Platten aus recyceltem Kunststoff <b>verst\u00e4rkt<\/b>.<\/li>\n<li style=\"font-weight: 400;\" aria-level=\"1\"><span style=\"font-weight: 400;\">Die Clarijs Shopper sind ma\u00dfgefertigt und passen genau in Doppelpacktaschen. Der Shopper passt also problemlos in eine Doppelpacktasche.   <\/span><\/li>\n<li style=\"font-weight: 400;\" aria-level=\"1\"><span style=\"font-weight: 400;\">Die Fahrradtasche hat einen zus\u00e4tzlichen <\/span><b>Mittelgurt<\/b><span style=\"font-weight: 400;\"> um die Mitte herum, um die Tasche hochzuziehen und f\u00fcr zus\u00e4tzliche Stabilit\u00e4t zu sorgen, wenn sie schwer beladen ist.<\/span><\/li>\n<\/ul>\n","protected":false},"excerpt":{"rendered":"<p>Die Doppelte Fahrradtasche Frites von Clarijs ist ideal f\u00fcr ein Elektrofahrrad und ein normales Fahrrad. Diese doppelte Fahrradtasche ist aus PVC-Canvas, einem wasserdichten Material, hergestellt. Die Tasche hat au\u00dferdem Reflexionen auf der Vorder- und R\u00fcckseite. Auf diese Weise ist die Tasche bei dunklem oder nebligem Wetter besser sichtbar. Vorteile: Der Deckel ist mit Regenklappen gegen [&hellip;]<\/p>\n","protected":false},"featured_media":48562,"comment_status":"closed","ping_status":"closed","template":"","meta":{"_acf_changed":false,"_et_pb_use_builder":"","_et_pb_old_content":"","_et_gb_content_width":""},"product_brand":[],"product_cat":[881,695,705,879,714,718,716,728,732,734,741,745,768,767,777],"product_tag":[],"class_list":{"0":"post-48561","1":"product","2":"type-product","3":"status-publish","4":"has-post-thumbnail","6":"product_cat-angebote","7":"product_cat-bisonyl-packtaschen","8":"product_cat-cortina-fahrradtaschen","9":"product_cat-deals","10":"product_cat-doppelte-fahrradtaschen","11":"product_cat-doppelte-fahrradtaschen-fuer-damen","12":"product_cat-doppelte-fahrradtaschen-mit-aufdruck","13":"product_cat-fahrradtaschen","14":"product_cat-gazelle-fahrradtaschen","15":"product_cat-giant-fahrradtaschen","16":"product_cat-koga-fahrradtaschen","17":"product_cat-leichte-fahrradtaschen","18":"product_cat-stabile-fahrradtaschen","19":"product_cat-stella-fahrradtaschen","20":"product_cat-wasserdichte-fahrradtaschen","21":"pa_afmetingen-40-x-20-x-33-cm-l-x-b-x-h-de","22":"pa_geschikt-voor-e-bike-ja-de","23":"pa_geschikt-voor-ledlampjes-ja-de","24":"pa_inhoud-42-liter-de","25":"pa_kleur-holland-orange-de","26":"pa_kleur-orange-de","27":"pa_materiaal-bisonyl-pvc-leinwand","28":"pa_reflectie-ja-de","29":"pa_snelbinders-toegankelijk-ja-wahlen-sie-die-option-schneiden-oder-aussparen-der-mitte","31":"first","32":"instock","33":"sale","34":"taxable","35":"shipping-taxable","36":"purchasable","37":"product-type-simple"},"acf":[],"yoast_head":"<!-- This site is optimized with the Yoast SEO Premium plugin v27.2 (Yoast SEO v27.3) - https:\/\/yoast.com\/product\/yoast-seo-premium-wordpress\/ -->\n<title>Doppelte Fahrradtasche Frites - Clarijs Fietstassen<\/title>\n<meta name=\"description\" content=\"Doppelte Fahrradtasche Frites Sie ist aus PVC-Canvas, einem wasserdichten Material, hergestellt. Die Tasche hat au\u00dferdem Reflexionen auf der Vorder- und R\u00fcckseite. Bestellen Sie es jetzt!\" \/>\n<meta name=\"robots\" content=\"index, follow, max-snippet:-1, max-image-preview:large, max-video-preview:-1\" \/>\n<link rel=\"canonical\" href=\"https:\/\/clarijs-fietstassen.nl\/de\/produkt\/doppelte-fahrradtasche-frites\/\" \/>\n<meta property=\"og:locale\" content=\"de_DE\" \/>\n<meta property=\"og:type\" content=\"article\" \/>\n<meta property=\"og:title\" content=\"Doppelte Fahrradtasche Frites\" \/>\n<meta property=\"og:description\" content=\"Doppelte Fahrradtasche Frites Sie ist aus PVC-Canvas, einem wasserdichten Material, hergestellt. Die Tasche hat au\u00dferdem Reflexionen auf der Vorder- und R\u00fcckseite. Bestellen Sie es jetzt!\" \/>\n<meta property=\"og:url\" content=\"https:\/\/clarijs-fietstassen.nl\/de\/produkt\/doppelte-fahrradtasche-frites\/\" \/>\n<meta property=\"og:site_name\" content=\"Clarijs Fietstassen\" \/>\n<meta property=\"article:publisher\" content=\"https:\/\/www.facebook.com\/clarijs1948\/\" \/>\n<meta property=\"article:modified_time\" content=\"2026-03-25T09:27:59+00:00\" \/>\n<meta property=\"og:image\" content=\"https:\/\/clarijs-fietstassen.nl\/wp-content\/uploads\/2023\/07\/fietstas-frites.png\" \/>\n\t<meta property=\"og:image:width\" content=\"1000\" \/>\n\t<meta property=\"og:image:height\" content=\"1000\" \/>\n\t<meta property=\"og:image:type\" content=\"image\/png\" \/>\n<meta name=\"twitter:card\" content=\"summary_large_image\" \/>\n<meta name=\"twitter:label1\" content=\"Preis\" \/>\n\t<meta name=\"twitter:data1\" content=\"&euro;57.72\" \/>\n\t<meta name=\"twitter:label2\" content=\"Verf\u00fcgbarkeit\" \/>\n\t<meta name=\"twitter:data2\" content=\"Auf Lager\" \/>\n<script type=\"application\/ld+json\" class=\"yoast-schema-graph\">{\"@context\":\"https:\\\/\\\/schema.org\",\"@graph\":[{\"@type\":\"WebPage\",\"@id\":\"https:\\\/\\\/clarijs-fietstassen.nl\\\/de\\\/produkt\\\/doppelte-fahrradtasche-frites\\\/\",\"url\":\"https:\\\/\\\/clarijs-fietstassen.nl\\\/de\\\/produkt\\\/doppelte-fahrradtasche-frites\\\/\",\"name\":\"Doppelte Fahrradtasche Frites - Clarijs Fietstassen\",\"isPartOf\":{\"@id\":\"https:\\\/\\\/clarijs-fietstassen.nl\\\/de\\\/#website\"},\"primaryImageOfPage\":{\"@id\":\"https:\\\/\\\/clarijs-fietstassen.nl\\\/de\\\/produkt\\\/doppelte-fahrradtasche-frites\\\/#primaryimage\"},\"image\":{\"@id\":\"https:\\\/\\\/clarijs-fietstassen.nl\\\/de\\\/produkt\\\/doppelte-fahrradtasche-frites\\\/#primaryimage\"},\"thumbnailUrl\":\"https:\\\/\\\/clarijs-fietstassen.nl\\\/wp-content\\\/uploads\\\/2023\\\/07\\\/fietstas-frites.png\",\"datePublished\":\"2023-07-04T09:47:15+00:00\",\"dateModified\":\"2026-03-25T09:27:59+00:00\",\"description\":\"Doppelte Fahrradtasche Frites Sie ist aus PVC-Canvas, einem wasserdichten Material, hergestellt. Die Tasche hat au\u00dferdem Reflexionen auf der Vorder- und R\u00fcckseite. Bestellen Sie es jetzt!\",\"breadcrumb\":{\"@id\":\"https:\\\/\\\/clarijs-fietstassen.nl\\\/de\\\/produkt\\\/doppelte-fahrradtasche-frites\\\/#breadcrumb\"},\"inLanguage\":\"de\",\"potentialAction\":[{\"@type\":\"ReadAction\",\"target\":[\"https:\\\/\\\/clarijs-fietstassen.nl\\\/de\\\/produkt\\\/doppelte-fahrradtasche-frites\\\/\"]}]},{\"@type\":\"ImageObject\",\"inLanguage\":\"de\",\"@id\":\"https:\\\/\\\/clarijs-fietstassen.nl\\\/de\\\/produkt\\\/doppelte-fahrradtasche-frites\\\/#primaryimage\",\"url\":\"https:\\\/\\\/clarijs-fietstassen.nl\\\/wp-content\\\/uploads\\\/2023\\\/07\\\/fietstas-frites.png\",\"contentUrl\":\"https:\\\/\\\/clarijs-fietstassen.nl\\\/wp-content\\\/uploads\\\/2023\\\/07\\\/fietstas-frites.png\",\"width\":1000,\"height\":1000,\"caption\":\"Doppelte Fahrradtasche Frites\"},{\"@type\":\"BreadcrumbList\",\"@id\":\"https:\\\/\\\/clarijs-fietstassen.nl\\\/de\\\/produkt\\\/doppelte-fahrradtasche-frites\\\/#breadcrumb\",\"itemListElement\":[{\"@type\":\"ListItem\",\"position\":1,\"name\":\"Home\",\"item\":\"https:\\\/\\\/clarijs-fietstassen.nl\\\/de\\\/\"},{\"@type\":\"ListItem\",\"position\":2,\"name\":\"Shop\",\"item\":\"https:\\\/\\\/clarijs-fietstassen.nl\\\/de\\\/shop\\\/\"},{\"@type\":\"ListItem\",\"position\":3,\"name\":\"Doppelte Fahrradtaschen mit Aufdruck\",\"item\":\"https:\\\/\\\/clarijs-fietstassen.nl\\\/de\\\/doppelte-fahrradtaschen-mit-aufdruck\\\/\"},{\"@type\":\"ListItem\",\"position\":4,\"name\":\"Doppelte Fahrradtasche Frites\"}]},{\"@type\":\"WebSite\",\"@id\":\"https:\\\/\\\/clarijs-fietstassen.nl\\\/de\\\/#website\",\"url\":\"https:\\\/\\\/clarijs-fietstassen.nl\\\/de\\\/\",\"name\":\"Clarijs Fietstassen\",\"description\":\"Kwaliteit &amp; ambacht sinds 1948\",\"publisher\":{\"@id\":\"https:\\\/\\\/clarijs-fietstassen.nl\\\/de\\\/#organization\"},\"potentialAction\":[{\"@type\":\"SearchAction\",\"target\":{\"@type\":\"EntryPoint\",\"urlTemplate\":\"https:\\\/\\\/clarijs-fietstassen.nl\\\/de\\\/?s={search_term_string}\"},\"query-input\":{\"@type\":\"PropertyValueSpecification\",\"valueRequired\":true,\"valueName\":\"search_term_string\"}}],\"inLanguage\":\"de\"},{\"@type\":\"Organization\",\"@id\":\"https:\\\/\\\/clarijs-fietstassen.nl\\\/de\\\/#organization\",\"name\":\"Clarijs Fietstassen\",\"url\":\"https:\\\/\\\/clarijs-fietstassen.nl\\\/de\\\/\",\"logo\":{\"@type\":\"ImageObject\",\"inLanguage\":\"de\",\"@id\":\"https:\\\/\\\/clarijs-fietstassen.nl\\\/de\\\/#\\\/schema\\\/logo\\\/image\\\/\",\"url\":\"https:\\\/\\\/clarijs-fietstassen.nl\\\/wp-content\\\/uploads\\\/2024\\\/01\\\/clarijs-logo-met-rand.jpg\",\"contentUrl\":\"https:\\\/\\\/clarijs-fietstassen.nl\\\/wp-content\\\/uploads\\\/2024\\\/01\\\/clarijs-logo-met-rand.jpg\",\"width\":560,\"height\":266,\"caption\":\"Clarijs Fietstassen\"},\"image\":{\"@id\":\"https:\\\/\\\/clarijs-fietstassen.nl\\\/de\\\/#\\\/schema\\\/logo\\\/image\\\/\"},\"sameAs\":[\"https:\\\/\\\/www.facebook.com\\\/clarijs1948\\\/\",\"https:\\\/\\\/www.instagram.com\\\/clarijscovers\\\/\"]}]}<\/script>\n<meta property=\"product:price:amount\" content=\"57.72\" \/>\n<meta property=\"product:price:currency\" content=\"EUR\" \/>\n<meta property=\"og:availability\" content=\"instock\" \/>\n<meta property=\"product:availability\" content=\"instock\" \/>\n<meta property=\"product:retailer_item_id\" content=\"1025\" \/>\n<meta property=\"product:condition\" content=\"new\" \/>\n<!-- \/ Yoast SEO Premium plugin. -->","yoast_head_json":{"title":"Doppelte Fahrradtasche Frites - Clarijs Fietstassen","description":"Doppelte Fahrradtasche Frites Sie ist aus PVC-Canvas, einem wasserdichten Material, hergestellt. Die Tasche hat au\u00dferdem Reflexionen auf der Vorder- und R\u00fcckseite. Bestellen Sie es jetzt!","robots":{"index":"index","follow":"follow","max-snippet":"max-snippet:-1","max-image-preview":"max-image-preview:large","max-video-preview":"max-video-preview:-1"},"canonical":"https:\/\/clarijs-fietstassen.nl\/de\/produkt\/doppelte-fahrradtasche-frites\/","og_locale":"de_DE","og_type":"article","og_title":"Doppelte Fahrradtasche Frites","og_description":"Doppelte Fahrradtasche Frites Sie ist aus PVC-Canvas, einem wasserdichten Material, hergestellt. Die Tasche hat au\u00dferdem Reflexionen auf der Vorder- und R\u00fcckseite. Bestellen Sie es jetzt!","og_url":"https:\/\/clarijs-fietstassen.nl\/de\/produkt\/doppelte-fahrradtasche-frites\/","og_site_name":"Clarijs Fietstassen","article_publisher":"https:\/\/www.facebook.com\/clarijs1948\/","article_modified_time":"2026-03-25T09:27:59+00:00","og_image":[{"width":1000,"height":1000,"url":"https:\/\/clarijs-fietstassen.nl\/wp-content\/uploads\/2023\/07\/fietstas-frites.png","type":"image\/png"}],"twitter_card":"summary_large_image","twitter_misc":{"Preis":"&euro;57.72","Verf\u00fcgbarkeit":"Auf Lager"},"schema":{"@context":"https:\/\/schema.org","@graph":[{"@type":"WebPage","@id":"https:\/\/clarijs-fietstassen.nl\/de\/produkt\/doppelte-fahrradtasche-frites\/","url":"https:\/\/clarijs-fietstassen.nl\/de\/produkt\/doppelte-fahrradtasche-frites\/","name":"Doppelte Fahrradtasche Frites - Clarijs Fietstassen","isPartOf":{"@id":"https:\/\/clarijs-fietstassen.nl\/de\/#website"},"primaryImageOfPage":{"@id":"https:\/\/clarijs-fietstassen.nl\/de\/produkt\/doppelte-fahrradtasche-frites\/#primaryimage"},"image":{"@id":"https:\/\/clarijs-fietstassen.nl\/de\/produkt\/doppelte-fahrradtasche-frites\/#primaryimage"},"thumbnailUrl":"https:\/\/clarijs-fietstassen.nl\/wp-content\/uploads\/2023\/07\/fietstas-frites.png","datePublished":"2023-07-04T09:47:15+00:00","dateModified":"2026-03-25T09:27:59+00:00","description":"Doppelte Fahrradtasche Frites Sie ist aus PVC-Canvas, einem wasserdichten Material, hergestellt. Die Tasche hat au\u00dferdem Reflexionen auf der Vorder- und R\u00fcckseite. Bestellen Sie es jetzt!","breadcrumb":{"@id":"https:\/\/clarijs-fietstassen.nl\/de\/produkt\/doppelte-fahrradtasche-frites\/#breadcrumb"},"inLanguage":"de","potentialAction":[{"@type":"ReadAction","target":["https:\/\/clarijs-fietstassen.nl\/de\/produkt\/doppelte-fahrradtasche-frites\/"]}]},{"@type":"ImageObject","inLanguage":"de","@id":"https:\/\/clarijs-fietstassen.nl\/de\/produkt\/doppelte-fahrradtasche-frites\/#primaryimage","url":"https:\/\/clarijs-fietstassen.nl\/wp-content\/uploads\/2023\/07\/fietstas-frites.png","contentUrl":"https:\/\/clarijs-fietstassen.nl\/wp-content\/uploads\/2023\/07\/fietstas-frites.png","width":1000,"height":1000,"caption":"Doppelte Fahrradtasche Frites"},{"@type":"BreadcrumbList","@id":"https:\/\/clarijs-fietstassen.nl\/de\/produkt\/doppelte-fahrradtasche-frites\/#breadcrumb","itemListElement":[{"@type":"ListItem","position":1,"name":"Home","item":"https:\/\/clarijs-fietstassen.nl\/de\/"},{"@type":"ListItem","position":2,"name":"Shop","item":"https:\/\/clarijs-fietstassen.nl\/de\/shop\/"},{"@type":"ListItem","position":3,"name":"Doppelte Fahrradtaschen mit Aufdruck","item":"https:\/\/clarijs-fietstassen.nl\/de\/doppelte-fahrradtaschen-mit-aufdruck\/"},{"@type":"ListItem","position":4,"name":"Doppelte Fahrradtasche Frites"}]},{"@type":"WebSite","@id":"https:\/\/clarijs-fietstassen.nl\/de\/#website","url":"https:\/\/clarijs-fietstassen.nl\/de\/","name":"Clarijs Fietstassen","description":"Kwaliteit &amp; ambacht sinds 1948","publisher":{"@id":"https:\/\/clarijs-fietstassen.nl\/de\/#organization"},"potentialAction":[{"@type":"SearchAction","target":{"@type":"EntryPoint","urlTemplate":"https:\/\/clarijs-fietstassen.nl\/de\/?s={search_term_string}"},"query-input":{"@type":"PropertyValueSpecification","valueRequired":true,"valueName":"search_term_string"}}],"inLanguage":"de"},{"@type":"Organization","@id":"https:\/\/clarijs-fietstassen.nl\/de\/#organization","name":"Clarijs Fietstassen","url":"https:\/\/clarijs-fietstassen.nl\/de\/","logo":{"@type":"ImageObject","inLanguage":"de","@id":"https:\/\/clarijs-fietstassen.nl\/de\/#\/schema\/logo\/image\/","url":"https:\/\/clarijs-fietstassen.nl\/wp-content\/uploads\/2024\/01\/clarijs-logo-met-rand.jpg","contentUrl":"https:\/\/clarijs-fietstassen.nl\/wp-content\/uploads\/2024\/01\/clarijs-logo-met-rand.jpg","width":560,"height":266,"caption":"Clarijs Fietstassen"},"image":{"@id":"https:\/\/clarijs-fietstassen.nl\/de\/#\/schema\/logo\/image\/"},"sameAs":["https:\/\/www.facebook.com\/clarijs1948\/","https:\/\/www.instagram.com\/clarijscovers\/"]}]},"product_price_amount":"57.72","product_price_currency":"EUR","og_availability":"instock","product_availability":"instock","product_retailer_item_id":"1025","product_condition":"new"},"_links":{"self":[{"href":"https:\/\/clarijs-fietstassen.nl\/de\/wp-json\/wp\/v2\/product\/48561","targetHints":{"allow":["GET"]}}],"collection":[{"href":"https:\/\/clarijs-fietstassen.nl\/de\/wp-json\/wp\/v2\/product"}],"about":[{"href":"https:\/\/clarijs-fietstassen.nl\/de\/wp-json\/wp\/v2\/types\/product"}],"replies":[{"embeddable":true,"href":"https:\/\/clarijs-fietstassen.nl\/de\/wp-json\/wp\/v2\/comments?post=48561"}],"wp:featuredmedia":[{"embeddable":true,"href":"https:\/\/clarijs-fietstassen.nl\/de\/wp-json\/wp\/v2\/media\/48562"}],"wp:attachment":[{"href":"https:\/\/clarijs-fietstassen.nl\/de\/wp-json\/wp\/v2\/media?parent=48561"}],"wp:term":[{"taxonomy":"product_brand","embeddable":true,"href":"https:\/\/clarijs-fietstassen.nl\/de\/wp-json\/wp\/v2\/product_brand?post=48561"},{"taxonomy":"product_cat","embeddable":true,"href":"https:\/\/clarijs-fietstassen.nl\/de\/wp-json\/wp\/v2\/product_cat?post=48561"},{"taxonomy":"product_tag","embeddable":true,"href":"https:\/\/clarijs-fietstassen.nl\/de\/wp-json\/wp\/v2\/product_tag?post=48561"}],"curies":[{"name":"wp","href":"https:\/\/api.w.org\/{rel}","templated":true}]}}