{"id":48636,"date":"2023-07-04T10:57:09","date_gmt":"2023-07-04T08:57:09","guid":{"rendered":"https:\/\/clarijs-fietstassen.nl\/shopper-mandelbluete\/"},"modified":"2026-02-25T13:29:47","modified_gmt":"2026-02-25T12:29:47","slug":"shopper-mandelbluete","status":"publish","type":"product","link":"https:\/\/clarijs-fietstassen.nl\/de\/produkt\/shopper-mandelbluete\/","title":{"rendered":"Shopper Mandelbl\u00fcte"},"content":{"rendered":"<p><span style=\"font-weight: 400;\">Entdecken Sie den Shopper Mandelbl\u00fcte. Diese trendige Tasche kombiniert Funktionalit\u00e4t mit einem auff\u00e4lligen Design.  Mit viel Stauraum und praktischen Details ist dieser Shopper perfekt f\u00fcr den t\u00e4glichen Gebrauch.<\/span><\/p>\n<p><b>Vorteile: <\/b><\/p>\n<ul>\n<li style=\"font-weight: 400;\" aria-level=\"1\"><span style=\"font-weight: 400;\">Der Shopper ist wasserabweisend. <\/span><\/li>\n<li style=\"font-weight: 400;\" aria-level=\"1\"><span style=\"font-weight: 400;\">Die shopper ist mit einem auff\u00e4lligen Druck versehen.<\/span><\/li>\n<li style=\"font-weight: 400;\" aria-level=\"1\"><span style=\"font-weight: 400;\">Der Shopper passt perfekt in Ihre Packtaschen. <\/span><\/li>\n<\/ul>\n<div><strong>Abmessungen:<\/strong> &#8211; <a href=\"https:\/\/clarijs-fietstassen.nl\/wp-content\/uploads\/2024\/11\/Binnen-en-buitenmaten-XL-shopper.pdf\" target=\"_blank\" rel=\"noopener\">Bild<\/a><\/div>\n<div>Die Gr\u00f6\u00dfen der Shopper in Zentimetern sind: L\u00e4nge x Tiefe\/Breite x H\u00f6he<\/div>\n<ul>\n<li>Innen 33 x 16 x 32<\/li>\n<li>Au\u00dfen 36 x 18 x 36<\/li>\n<\/ul>\n<p>Die Gr\u00f6\u00dfen k\u00f6nnen leicht variieren, da alle unsere Taschen handgefertigt sind.<\/p>\n<p><b>Hochwertiges Material<\/b><\/p>\n<ul>\n<li style=\"font-weight: 400;\" aria-level=\"1\"><span style=\"font-weight: 400;\">Die hochwertigen Materialien des Shoppers sorgen daf\u00fcr, dass er dem t\u00e4glichen Gebrauch standh\u00e4lt.  <\/span><\/li>\n<li style=\"font-weight: 400;\" aria-level=\"1\"><span style=\"font-weight: 400;\">Das PVC-Gewebe ist wasserdicht und bietet hervorragenden Schutz vor Regen und Feuchtigkeit. So bleiben Ihre Habseligkeiten auch bei schlechtem Wetter trocken. <\/span><\/li>\n<li style=\"font-weight: 400;\" aria-level=\"1\"><span style=\"font-weight: 400;\">Das PVC-Gewebe ist stark und h\u00e4lt gro\u00dfen Belastungen stand. Dadurch eignet es sich zum Tragen schwerer Gegenst\u00e4nde oder zum Aufbau stabiler Strukturen. <\/span><\/li>\n<li style=\"font-weight: 400;\" aria-level=\"1\"><span style=\"font-weight: 400;\">PVC-Tuch ist leicht zu reinigen und zu pflegen. Sie k\u00f6nnen es mit einem feuchten Tuch abwischen oder mit milder Seife und Wasser reinigen. <\/span><\/li>\n<\/ul>\n","protected":false},"excerpt":{"rendered":"<p>Entdecken Sie den Shopper Mandelbl\u00fcte. Diese trendige Tasche kombiniert Funktionalit\u00e4t mit einem auff\u00e4lligen Design. Mit viel Stauraum und praktischen Details ist dieser Shopper perfekt f\u00fcr den t\u00e4glichen Gebrauch. Vorteile: Der Shopper ist wasserabweisend. Die shopper ist mit einem auff\u00e4lligen Druck versehen. Der Shopper passt perfekt in Ihre Packtaschen. Abmessungen: &#8211; Bild Die Gr\u00f6\u00dfen der Shopper [&hellip;]<\/p>\n","protected":false},"featured_media":48637,"comment_status":"open","ping_status":"closed","template":"","meta":{"_acf_changed":false,"_et_pb_use_builder":"","_et_pb_old_content":"","_et_gb_content_width":""},"product_brand":[],"product_cat":[695,756,759,769],"product_tag":[],"class_list":{"0":"post-48636","1":"product","2":"type-product","3":"status-publish","4":"has-post-thumbnail","6":"product_cat-bisonyl-packtaschen","7":"product_cat-shoppers-de","8":"product_cat-shoppers-mit-druck","9":"product_cat-taschen","10":"pa_afmetingen-36-x-18-x-36-cm-l-x-b-x-h-de","11":"pa_kleur-grun","12":"pa_kleur-matt-olive-de","13":"pa_materiaal-bisonyl-pvc-leinwand","14":"pa_merk-clarijs-covers-b-v-de","16":"first","17":"instock","18":"taxable","19":"shipping-taxable","20":"purchasable","21":"product-type-simple"},"acf":[],"yoast_head":"<!-- This site is optimized with the Yoast SEO Premium plugin v27.2 (Yoast SEO v27.3) - https:\/\/yoast.com\/product\/yoast-seo-premium-wordpress\/ -->\n<title>Shopper Mandelbl\u00fcte - Clarijs Fietstassen<\/title>\n<meta name=\"description\" content=\"Entdecken Sie den %. Diese trendige Tasche kombiniert Funktionalit\u00e4t mit einem auff\u00e4lligen Design.\" \/>\n<meta name=\"robots\" content=\"index, follow, max-snippet:-1, max-image-preview:large, max-video-preview:-1\" \/>\n<link rel=\"canonical\" href=\"https:\/\/clarijs-fietstassen.nl\/shopper-amandelbloesem\/\" \/>\n<meta property=\"og:locale\" content=\"de_DE\" \/>\n<meta property=\"og:type\" content=\"article\" \/>\n<meta property=\"og:title\" content=\"Shopper Mandelbl\u00fcte\" \/>\n<meta property=\"og:description\" content=\"Entdecken Sie den %. Diese trendige Tasche kombiniert Funktionalit\u00e4t mit einem auff\u00e4lligen Design.\" \/>\n<meta property=\"og:url\" content=\"https:\/\/clarijs-fietstassen.nl\/shopper-amandelbloesem\/\" \/>\n<meta property=\"og:site_name\" content=\"Clarijs Fietstassen\" \/>\n<meta property=\"article:publisher\" content=\"https:\/\/www.facebook.com\/clarijs1948\/\" \/>\n<meta property=\"article:modified_time\" content=\"2026-02-25T12:29:47+00:00\" \/>\n<meta property=\"og:image\" content=\"https:\/\/clarijs-fietstassen.nl\/wp-content\/uploads\/2023\/08\/Shopper-Amandelbloesem-2-300x300-1.png\" \/>\n\t<meta property=\"og:image:width\" content=\"300\" \/>\n\t<meta property=\"og:image:height\" content=\"300\" \/>\n\t<meta property=\"og:image:type\" content=\"image\/png\" \/>\n<meta name=\"twitter:card\" content=\"summary_large_image\" \/>\n<meta name=\"twitter:label1\" content=\"Preis\" \/>\n\t<meta name=\"twitter:data1\" content=\"&euro;39.00\" \/>\n\t<meta name=\"twitter:label2\" content=\"Verf\u00fcgbarkeit\" \/>\n\t<meta name=\"twitter:data2\" content=\"Auf Lager\" \/>\n<script type=\"application\/ld+json\" class=\"yoast-schema-graph\">{\"@context\":\"https:\\\/\\\/schema.org\",\"@graph\":[{\"@type\":\"WebPage\",\"@id\":\"https:\\\/\\\/clarijs-fietstassen.nl\\\/shopper-amandelbloesem\\\/\",\"url\":\"https:\\\/\\\/clarijs-fietstassen.nl\\\/shopper-amandelbloesem\\\/\",\"name\":\"Shopper Mandelbl\u00fcte - Clarijs Fietstassen\",\"isPartOf\":{\"@id\":\"https:\\\/\\\/clarijs-fietstassen.nl\\\/de\\\/#website\"},\"primaryImageOfPage\":{\"@id\":\"https:\\\/\\\/clarijs-fietstassen.nl\\\/shopper-amandelbloesem\\\/#primaryimage\"},\"image\":{\"@id\":\"https:\\\/\\\/clarijs-fietstassen.nl\\\/shopper-amandelbloesem\\\/#primaryimage\"},\"thumbnailUrl\":\"https:\\\/\\\/clarijs-fietstassen.nl\\\/wp-content\\\/uploads\\\/2023\\\/08\\\/Shopper-Amandelbloesem-2-300x300-1.png\",\"datePublished\":\"2023-07-04T08:57:09+00:00\",\"dateModified\":\"2026-02-25T12:29:47+00:00\",\"description\":\"Entdecken Sie den %. Diese trendige Tasche kombiniert Funktionalit\u00e4t mit einem auff\u00e4lligen Design.\",\"breadcrumb\":{\"@id\":\"https:\\\/\\\/clarijs-fietstassen.nl\\\/shopper-amandelbloesem\\\/#breadcrumb\"},\"inLanguage\":\"de\",\"potentialAction\":[{\"@type\":\"ReadAction\",\"target\":[\"https:\\\/\\\/clarijs-fietstassen.nl\\\/shopper-amandelbloesem\\\/\"]}]},{\"@type\":\"ImageObject\",\"inLanguage\":\"de\",\"@id\":\"https:\\\/\\\/clarijs-fietstassen.nl\\\/shopper-amandelbloesem\\\/#primaryimage\",\"url\":\"https:\\\/\\\/clarijs-fietstassen.nl\\\/wp-content\\\/uploads\\\/2023\\\/08\\\/Shopper-Amandelbloesem-2-300x300-1.png\",\"contentUrl\":\"https:\\\/\\\/clarijs-fietstassen.nl\\\/wp-content\\\/uploads\\\/2023\\\/08\\\/Shopper-Amandelbloesem-2-300x300-1.png\",\"width\":300,\"height\":300,\"caption\":\"Shopper Mandelbl\u00fcte\"},{\"@type\":\"BreadcrumbList\",\"@id\":\"https:\\\/\\\/clarijs-fietstassen.nl\\\/shopper-amandelbloesem\\\/#breadcrumb\",\"itemListElement\":[{\"@type\":\"ListItem\",\"position\":1,\"name\":\"Home\",\"item\":\"https:\\\/\\\/clarijs-fietstassen.nl\\\/de\\\/\"},{\"@type\":\"ListItem\",\"position\":2,\"name\":\"Shop\",\"item\":\"https:\\\/\\\/clarijs-fietstassen.nl\\\/de\\\/shop\\\/\"},{\"@type\":\"ListItem\",\"position\":3,\"name\":\"Bisonyl Packtaschen\",\"item\":\"https:\\\/\\\/clarijs-fietstassen.nl\\\/de\\\/bisonyl-packtaschen\\\/\"},{\"@type\":\"ListItem\",\"position\":4,\"name\":\"Shopper Mandelbl\u00fcte\"}]},{\"@type\":\"WebSite\",\"@id\":\"https:\\\/\\\/clarijs-fietstassen.nl\\\/de\\\/#website\",\"url\":\"https:\\\/\\\/clarijs-fietstassen.nl\\\/de\\\/\",\"name\":\"Clarijs Fietstassen\",\"description\":\"Kwaliteit &amp; ambacht sinds 1948\",\"publisher\":{\"@id\":\"https:\\\/\\\/clarijs-fietstassen.nl\\\/de\\\/#organization\"},\"potentialAction\":[{\"@type\":\"SearchAction\",\"target\":{\"@type\":\"EntryPoint\",\"urlTemplate\":\"https:\\\/\\\/clarijs-fietstassen.nl\\\/de\\\/?s={search_term_string}\"},\"query-input\":{\"@type\":\"PropertyValueSpecification\",\"valueRequired\":true,\"valueName\":\"search_term_string\"}}],\"inLanguage\":\"de\"},{\"@type\":\"Organization\",\"@id\":\"https:\\\/\\\/clarijs-fietstassen.nl\\\/de\\\/#organization\",\"name\":\"Clarijs Fietstassen\",\"url\":\"https:\\\/\\\/clarijs-fietstassen.nl\\\/de\\\/\",\"logo\":{\"@type\":\"ImageObject\",\"inLanguage\":\"de\",\"@id\":\"https:\\\/\\\/clarijs-fietstassen.nl\\\/de\\\/#\\\/schema\\\/logo\\\/image\\\/\",\"url\":\"https:\\\/\\\/clarijs-fietstassen.nl\\\/wp-content\\\/uploads\\\/2024\\\/01\\\/clarijs-logo-met-rand.jpg\",\"contentUrl\":\"https:\\\/\\\/clarijs-fietstassen.nl\\\/wp-content\\\/uploads\\\/2024\\\/01\\\/clarijs-logo-met-rand.jpg\",\"width\":560,\"height\":266,\"caption\":\"Clarijs Fietstassen\"},\"image\":{\"@id\":\"https:\\\/\\\/clarijs-fietstassen.nl\\\/de\\\/#\\\/schema\\\/logo\\\/image\\\/\"},\"sameAs\":[\"https:\\\/\\\/www.facebook.com\\\/clarijs1948\\\/\",\"https:\\\/\\\/www.instagram.com\\\/clarijscovers\\\/\"]}]}<\/script>\n<meta property=\"product:price:amount\" content=\"39.00\" \/>\n<meta property=\"product:price:currency\" content=\"EUR\" \/>\n<meta property=\"og:availability\" content=\"instock\" \/>\n<meta property=\"product:availability\" content=\"instock\" \/>\n<meta property=\"product:retailer_item_id\" content=\"2091\" \/>\n<meta property=\"product:condition\" content=\"new\" \/>\n<!-- \/ Yoast SEO Premium plugin. -->","yoast_head_json":{"title":"Shopper Mandelbl\u00fcte - Clarijs Fietstassen","description":"Entdecken Sie den %. Diese trendige Tasche kombiniert Funktionalit\u00e4t mit einem auff\u00e4lligen Design.","robots":{"index":"index","follow":"follow","max-snippet":"max-snippet:-1","max-image-preview":"max-image-preview:large","max-video-preview":"max-video-preview:-1"},"canonical":"https:\/\/clarijs-fietstassen.nl\/shopper-amandelbloesem\/","og_locale":"de_DE","og_type":"article","og_title":"Shopper Mandelbl\u00fcte","og_description":"Entdecken Sie den %. Diese trendige Tasche kombiniert Funktionalit\u00e4t mit einem auff\u00e4lligen Design.","og_url":"https:\/\/clarijs-fietstassen.nl\/shopper-amandelbloesem\/","og_site_name":"Clarijs Fietstassen","article_publisher":"https:\/\/www.facebook.com\/clarijs1948\/","article_modified_time":"2026-02-25T12:29:47+00:00","og_image":[{"width":300,"height":300,"url":"https:\/\/clarijs-fietstassen.nl\/wp-content\/uploads\/2023\/08\/Shopper-Amandelbloesem-2-300x300-1.png","type":"image\/png"}],"twitter_card":"summary_large_image","twitter_misc":{"Preis":"&euro;39.00","Verf\u00fcgbarkeit":"Auf Lager"},"schema":{"@context":"https:\/\/schema.org","@graph":[{"@type":"WebPage","@id":"https:\/\/clarijs-fietstassen.nl\/shopper-amandelbloesem\/","url":"https:\/\/clarijs-fietstassen.nl\/shopper-amandelbloesem\/","name":"Shopper Mandelbl\u00fcte - Clarijs Fietstassen","isPartOf":{"@id":"https:\/\/clarijs-fietstassen.nl\/de\/#website"},"primaryImageOfPage":{"@id":"https:\/\/clarijs-fietstassen.nl\/shopper-amandelbloesem\/#primaryimage"},"image":{"@id":"https:\/\/clarijs-fietstassen.nl\/shopper-amandelbloesem\/#primaryimage"},"thumbnailUrl":"https:\/\/clarijs-fietstassen.nl\/wp-content\/uploads\/2023\/08\/Shopper-Amandelbloesem-2-300x300-1.png","datePublished":"2023-07-04T08:57:09+00:00","dateModified":"2026-02-25T12:29:47+00:00","description":"Entdecken Sie den %. Diese trendige Tasche kombiniert Funktionalit\u00e4t mit einem auff\u00e4lligen Design.","breadcrumb":{"@id":"https:\/\/clarijs-fietstassen.nl\/shopper-amandelbloesem\/#breadcrumb"},"inLanguage":"de","potentialAction":[{"@type":"ReadAction","target":["https:\/\/clarijs-fietstassen.nl\/shopper-amandelbloesem\/"]}]},{"@type":"ImageObject","inLanguage":"de","@id":"https:\/\/clarijs-fietstassen.nl\/shopper-amandelbloesem\/#primaryimage","url":"https:\/\/clarijs-fietstassen.nl\/wp-content\/uploads\/2023\/08\/Shopper-Amandelbloesem-2-300x300-1.png","contentUrl":"https:\/\/clarijs-fietstassen.nl\/wp-content\/uploads\/2023\/08\/Shopper-Amandelbloesem-2-300x300-1.png","width":300,"height":300,"caption":"Shopper Mandelbl\u00fcte"},{"@type":"BreadcrumbList","@id":"https:\/\/clarijs-fietstassen.nl\/shopper-amandelbloesem\/#breadcrumb","itemListElement":[{"@type":"ListItem","position":1,"name":"Home","item":"https:\/\/clarijs-fietstassen.nl\/de\/"},{"@type":"ListItem","position":2,"name":"Shop","item":"https:\/\/clarijs-fietstassen.nl\/de\/shop\/"},{"@type":"ListItem","position":3,"name":"Bisonyl Packtaschen","item":"https:\/\/clarijs-fietstassen.nl\/de\/bisonyl-packtaschen\/"},{"@type":"ListItem","position":4,"name":"Shopper Mandelbl\u00fcte"}]},{"@type":"WebSite","@id":"https:\/\/clarijs-fietstassen.nl\/de\/#website","url":"https:\/\/clarijs-fietstassen.nl\/de\/","name":"Clarijs Fietstassen","description":"Kwaliteit &amp; ambacht sinds 1948","publisher":{"@id":"https:\/\/clarijs-fietstassen.nl\/de\/#organization"},"potentialAction":[{"@type":"SearchAction","target":{"@type":"EntryPoint","urlTemplate":"https:\/\/clarijs-fietstassen.nl\/de\/?s={search_term_string}"},"query-input":{"@type":"PropertyValueSpecification","valueRequired":true,"valueName":"search_term_string"}}],"inLanguage":"de"},{"@type":"Organization","@id":"https:\/\/clarijs-fietstassen.nl\/de\/#organization","name":"Clarijs Fietstassen","url":"https:\/\/clarijs-fietstassen.nl\/de\/","logo":{"@type":"ImageObject","inLanguage":"de","@id":"https:\/\/clarijs-fietstassen.nl\/de\/#\/schema\/logo\/image\/","url":"https:\/\/clarijs-fietstassen.nl\/wp-content\/uploads\/2024\/01\/clarijs-logo-met-rand.jpg","contentUrl":"https:\/\/clarijs-fietstassen.nl\/wp-content\/uploads\/2024\/01\/clarijs-logo-met-rand.jpg","width":560,"height":266,"caption":"Clarijs Fietstassen"},"image":{"@id":"https:\/\/clarijs-fietstassen.nl\/de\/#\/schema\/logo\/image\/"},"sameAs":["https:\/\/www.facebook.com\/clarijs1948\/","https:\/\/www.instagram.com\/clarijscovers\/"]}]},"product_price_amount":"39.00","product_price_currency":"EUR","og_availability":"instock","product_availability":"instock","product_retailer_item_id":"2091","product_condition":"new"},"_links":{"self":[{"href":"https:\/\/clarijs-fietstassen.nl\/de\/wp-json\/wp\/v2\/product\/48636","targetHints":{"allow":["GET"]}}],"collection":[{"href":"https:\/\/clarijs-fietstassen.nl\/de\/wp-json\/wp\/v2\/product"}],"about":[{"href":"https:\/\/clarijs-fietstassen.nl\/de\/wp-json\/wp\/v2\/types\/product"}],"replies":[{"embeddable":true,"href":"https:\/\/clarijs-fietstassen.nl\/de\/wp-json\/wp\/v2\/comments?post=48636"}],"wp:featuredmedia":[{"embeddable":true,"href":"https:\/\/clarijs-fietstassen.nl\/de\/wp-json\/wp\/v2\/media\/48637"}],"wp:attachment":[{"href":"https:\/\/clarijs-fietstassen.nl\/de\/wp-json\/wp\/v2\/media?parent=48636"}],"wp:term":[{"taxonomy":"product_brand","embeddable":true,"href":"https:\/\/clarijs-fietstassen.nl\/de\/wp-json\/wp\/v2\/product_brand?post=48636"},{"taxonomy":"product_cat","embeddable":true,"href":"https:\/\/clarijs-fietstassen.nl\/de\/wp-json\/wp\/v2\/product_cat?post=48636"},{"taxonomy":"product_tag","embeddable":true,"href":"https:\/\/clarijs-fietstassen.nl\/de\/wp-json\/wp\/v2\/product_tag?post=48636"}],"curies":[{"name":"wp","href":"https:\/\/api.w.org\/{rel}","templated":true}]}}