{"id":48660,"date":"2023-07-04T12:49:22","date_gmt":"2023-07-04T11:49:22","guid":{"rendered":"https:\/\/clarijs-fietstassen.nl\/tasche-fuer-gartenkissen\/"},"modified":"2025-02-17T13:17:31","modified_gmt":"2025-02-17T12:17:31","slug":"tasche-fuer-gartenkissen","status":"publish","type":"product","link":"https:\/\/clarijs-fietstassen.nl\/de\/produkt\/tasche-fuer-gartenkissen\/","title":{"rendered":"Tasche f\u00fcr Gartenkissen"},"content":{"rendered":"<p><span style=\"font-weight: 400;\">Die Tasche wurde speziell entwickelt, um Ihre Gartenkissen sicher und gesch\u00fctzt aufzubewahren. Aus robustem und wasserabweisendem Polyestermaterial gefertigt, bietet die Tasche hervorragenden Schutz vor Witterungseinfl\u00fcssen wie Regen, Sonne und Staub. Ihre Gartenkissen bleiben sauber und trocken und sind jederzeit einsatzbereit, wenn Sie sie brauchen.  <\/span><\/p>\n<p><b>Vorteile:  <\/b><\/p>\n<ul>\n<li style=\"font-weight: 400;\" aria-level=\"1\"><span style=\"font-weight: 400;\">Er bietet Platz f\u00fcr 4 Kissen.<\/span><\/li>\n<li style=\"font-weight: 400;\" aria-level=\"1\"><span style=\"font-weight: 400;\">Die Tasche ist wasserabweisend.  <\/span><\/li>\n<li style=\"font-weight: 400;\" aria-level=\"1\"><span style=\"font-weight: 400;\">Diese Tragetasche ist aus den besten Materialien gefertigt.  <\/span><\/li>\n<\/ul>\n<p>M<strong>a\u00dfe:<\/strong> H\u00f6he: 30 cm Breite: 50 cm L\u00e4nge: 120 cm<\/p>\n<p><b>Wasserdicht<\/b><b><br \/>\n<\/b><span style=\"font-weight: 400;\">Bisonyl PVC-Gewebe ist f\u00fcr seine hervorragende Wasserdichtigkeit bekannt und ein beliebtes Material f\u00fcr die Herstellung wasserfester Produkte. Das Material besteht aus einem hochwertigen, mit Polyvinylchlorid (PVC) beschichteten Polyestergewebe, das langlebig und wetterbest\u00e4ndig ist. <\/span><\/p>\n<p><span style=\"font-weight: 400;\">Die Wasserdichtigkeit von Bisonyl PVC-Gewebe wird durch die spezielle PVC-Beschichtung des Polyestergewebes erreicht. Diese Beschichtung bildet eine wasserdichte Barriere, die das Eindringen von Wasser in den Stoff verhindert. <\/span><\/p>\n<p><b>Hochwertiges Material<\/b><\/p>\n<ul>\n<li style=\"font-weight: 400;\" aria-level=\"1\"><span style=\"font-weight: 400;\">Die hochwertigen Materialien der Tasche sorgen daf\u00fcr, dass sie dem t\u00e4glichen Gebrauch standh\u00e4lt.  <\/span><\/li>\n<li style=\"font-weight: 400;\" aria-level=\"1\"><span style=\"font-weight: 400;\">Das PVC-Gewebe ist wasserdicht und bietet hervorragenden Schutz vor Regen und Feuchtigkeit. So bleiben Ihre Habseligkeiten auch bei schlechtem Wetter trocken. <\/span><\/li>\n<li style=\"font-weight: 400;\" aria-level=\"1\"><span style=\"font-weight: 400;\">Das PVC-Gewebe ist stark und h\u00e4lt gro\u00dfen Belastungen stand. Dadurch eignet es sich zum Tragen schwerer Gegenst\u00e4nde oder zum Aufbau stabiler Strukturen. <\/span><\/li>\n<\/ul>\n","protected":false},"excerpt":{"rendered":"<p>Die Tasche wurde speziell entwickelt, um Ihre Gartenkissen sicher und gesch\u00fctzt aufzubewahren. Aus robustem und wasserabweisendem Polyestermaterial gefertigt, bietet die Tasche hervorragenden Schutz vor Witterungseinfl\u00fcssen wie Regen, Sonne und Staub. Ihre Gartenkissen bleiben sauber und trocken und sind jederzeit einsatzbereit, wenn Sie sie brauchen. Vorteile: Er bietet Platz f\u00fcr 4 Kissen. Die Tasche ist wasserabweisend. [&hellip;]<\/p>\n","protected":false},"featured_media":48662,"comment_status":"closed","ping_status":"closed","template":"","meta":{"_acf_changed":false,"_et_pb_use_builder":"","_et_pb_old_content":"","_et_gb_content_width":""},"product_brand":[],"product_cat":[750,695,769],"product_tag":[],"class_list":{"0":"post-48660","1":"product","2":"type-product","3":"status-publish","4":"has-post-thumbnail","6":"product_cat-aufbewahrungstaschen","7":"product_cat-bisonyl-packtaschen","8":"product_cat-taschen","9":"pa_kleur-apfelgrun","10":"pa_kleur-azurblau","11":"pa_kleur-bordeaux-rot","12":"pa_kleur-creme-de","13":"pa_kleur-dunkelblau","14":"pa_kleur-feuerwehr-rot","15":"pa_kleur-gelb","16":"pa_kleur-holland-orange-de","17":"pa_kleur-lila","18":"pa_kleur-matt-schwarz-de","19":"pa_kleur-rosa","20":"pa_kleur-schokoladen-braun","21":"pa_kleur-schwarz","22":"pa_kleur-silber-metallic","23":"pa_kleur-weis","24":"pa_materiaal-bisonyl-pvc-leinwand","25":"pa_merk-clarijs-covers-b-v-de","27":"first","28":"instock","29":"taxable","30":"shipping-taxable","31":"purchasable","32":"product-type-variable"},"acf":[],"yoast_head":"<!-- This site is optimized with the Yoast SEO Premium plugin v27.2 (Yoast SEO v27.4) - https:\/\/yoast.com\/product\/yoast-seo-premium-wordpress\/ -->\n<title>Tasche f\u00fcr Gartenkissen - Clarijs Fietstassen<\/title>\n<meta name=\"description\" content=\"Die Tasche wurde speziell entwickelt, um Ihre Gartenkissen sicher und gesch\u00fctzt aufzubewahren. Sie ist aus robustem und wasserabweisendem Polyestermaterial gefertigt. Jetzt kaufen\" \/>\n<meta name=\"robots\" content=\"index, follow, max-snippet:-1, max-image-preview:large, max-video-preview:-1\" \/>\n<link rel=\"canonical\" href=\"http:\/\/clarijs-fietstassen.nl\/produkt\/tas-voor-tuinkussens\/\" \/>\n<meta property=\"og:locale\" content=\"de_DE\" \/>\n<meta property=\"og:type\" content=\"article\" \/>\n<meta property=\"og:title\" content=\"Tasche f\u00fcr Gartenkissen\" \/>\n<meta property=\"og:description\" content=\"Die Tasche wurde speziell entwickelt, um Ihre Gartenkissen sicher und gesch\u00fctzt aufzubewahren. Sie ist aus robustem und wasserabweisendem Polyestermaterial gefertigt. Jetzt kaufen\" \/>\n<meta property=\"og:url\" content=\"http:\/\/clarijs-fietstassen.nl\/produkt\/tas-voor-tuinkussens\/\" \/>\n<meta property=\"og:site_name\" content=\"Clarijs Fietstassen\" \/>\n<meta property=\"article:publisher\" content=\"https:\/\/www.facebook.com\/clarijs1948\/\" \/>\n<meta property=\"article:modified_time\" content=\"2025-02-17T12:17:31+00:00\" \/>\n<meta property=\"og:image\" content=\"https:\/\/clarijs-fietstassen.nl\/wp-content\/uploads\/2023\/07\/0000365_tas-voor-kussens-van-uw-tuin-meubulair_1903x.jpg\" \/>\n\t<meta property=\"og:image:width\" content=\"800\" \/>\n\t<meta property=\"og:image:height\" content=\"600\" \/>\n\t<meta property=\"og:image:type\" content=\"image\/jpeg\" \/>\n<meta name=\"twitter:card\" content=\"summary_large_image\" \/>\n<meta name=\"twitter:label1\" content=\"Verf\u00fcgbarkeit\" \/>\n\t<meta name=\"twitter:data1\" content=\"Auf Lager\" \/>\n<script type=\"application\/ld+json\" class=\"yoast-schema-graph\">{\"@context\":\"https:\\\/\\\/schema.org\",\"@graph\":[{\"@type\":\"WebPage\",\"@id\":\"http:\\\/\\\/clarijs-fietstassen.nl\\\/produkt\\\/tas-voor-tuinkussens\\\/\",\"url\":\"http:\\\/\\\/clarijs-fietstassen.nl\\\/produkt\\\/tas-voor-tuinkussens\\\/\",\"name\":\"Tasche f\u00fcr Gartenkissen - Clarijs Fietstassen\",\"isPartOf\":{\"@id\":\"https:\\\/\\\/clarijs-fietstassen.nl\\\/de\\\/#website\"},\"primaryImageOfPage\":{\"@id\":\"http:\\\/\\\/clarijs-fietstassen.nl\\\/produkt\\\/tas-voor-tuinkussens\\\/#primaryimage\"},\"image\":{\"@id\":\"http:\\\/\\\/clarijs-fietstassen.nl\\\/produkt\\\/tas-voor-tuinkussens\\\/#primaryimage\"},\"thumbnailUrl\":\"https:\\\/\\\/clarijs-fietstassen.nl\\\/wp-content\\\/uploads\\\/2023\\\/07\\\/0000365_tas-voor-kussens-van-uw-tuin-meubulair_1903x.jpg\",\"datePublished\":\"2023-07-04T11:49:22+00:00\",\"dateModified\":\"2025-02-17T12:17:31+00:00\",\"description\":\"Die Tasche wurde speziell entwickelt, um Ihre Gartenkissen sicher und gesch\u00fctzt aufzubewahren. Sie ist aus robustem und wasserabweisendem Polyestermaterial gefertigt. Jetzt kaufen\",\"breadcrumb\":{\"@id\":\"http:\\\/\\\/clarijs-fietstassen.nl\\\/produkt\\\/tas-voor-tuinkussens\\\/#breadcrumb\"},\"inLanguage\":\"de\",\"potentialAction\":[{\"@type\":\"ReadAction\",\"target\":[\"http:\\\/\\\/clarijs-fietstassen.nl\\\/produkt\\\/tas-voor-tuinkussens\\\/\"]}]},{\"@type\":\"ImageObject\",\"inLanguage\":\"de\",\"@id\":\"http:\\\/\\\/clarijs-fietstassen.nl\\\/produkt\\\/tas-voor-tuinkussens\\\/#primaryimage\",\"url\":\"https:\\\/\\\/clarijs-fietstassen.nl\\\/wp-content\\\/uploads\\\/2023\\\/07\\\/0000365_tas-voor-kussens-van-uw-tuin-meubulair_1903x.jpg\",\"contentUrl\":\"https:\\\/\\\/clarijs-fietstassen.nl\\\/wp-content\\\/uploads\\\/2023\\\/07\\\/0000365_tas-voor-kussens-van-uw-tuin-meubulair_1903x.jpg\",\"width\":800,\"height\":600},{\"@type\":\"BreadcrumbList\",\"@id\":\"http:\\\/\\\/clarijs-fietstassen.nl\\\/produkt\\\/tas-voor-tuinkussens\\\/#breadcrumb\",\"itemListElement\":[{\"@type\":\"ListItem\",\"position\":1,\"name\":\"Home\",\"item\":\"https:\\\/\\\/clarijs-fietstassen.nl\\\/de\\\/\"},{\"@type\":\"ListItem\",\"position\":2,\"name\":\"Shop\",\"item\":\"https:\\\/\\\/clarijs-fietstassen.nl\\\/de\\\/shop\\\/\"},{\"@type\":\"ListItem\",\"position\":3,\"name\":\"Bisonyl Fietstassen\",\"item\":\"https:\\\/\\\/clarijs-fietstassen.nl\\\/bisonyl-fietstassen\\\/\"},{\"@type\":\"ListItem\",\"position\":4,\"name\":\"Tasche f\u00fcr Gartenkissen\"}]},{\"@type\":\"WebSite\",\"@id\":\"https:\\\/\\\/clarijs-fietstassen.nl\\\/de\\\/#website\",\"url\":\"https:\\\/\\\/clarijs-fietstassen.nl\\\/de\\\/\",\"name\":\"Clarijs Fietstassen\",\"description\":\"Kwaliteit &amp; ambacht sinds 1948\",\"publisher\":{\"@id\":\"https:\\\/\\\/clarijs-fietstassen.nl\\\/de\\\/#organization\"},\"potentialAction\":[{\"@type\":\"SearchAction\",\"target\":{\"@type\":\"EntryPoint\",\"urlTemplate\":\"https:\\\/\\\/clarijs-fietstassen.nl\\\/de\\\/?s={search_term_string}\"},\"query-input\":{\"@type\":\"PropertyValueSpecification\",\"valueRequired\":true,\"valueName\":\"search_term_string\"}}],\"inLanguage\":\"de\"},{\"@type\":\"Organization\",\"@id\":\"https:\\\/\\\/clarijs-fietstassen.nl\\\/de\\\/#organization\",\"name\":\"Clarijs Fietstassen\",\"url\":\"https:\\\/\\\/clarijs-fietstassen.nl\\\/de\\\/\",\"logo\":{\"@type\":\"ImageObject\",\"inLanguage\":\"de\",\"@id\":\"https:\\\/\\\/clarijs-fietstassen.nl\\\/de\\\/#\\\/schema\\\/logo\\\/image\\\/\",\"url\":\"https:\\\/\\\/clarijs-fietstassen.nl\\\/wp-content\\\/uploads\\\/2024\\\/01\\\/clarijs-logo-met-rand.jpg\",\"contentUrl\":\"https:\\\/\\\/clarijs-fietstassen.nl\\\/wp-content\\\/uploads\\\/2024\\\/01\\\/clarijs-logo-met-rand.jpg\",\"width\":560,\"height\":266,\"caption\":\"Clarijs Fietstassen\"},\"image\":{\"@id\":\"https:\\\/\\\/clarijs-fietstassen.nl\\\/de\\\/#\\\/schema\\\/logo\\\/image\\\/\"},\"sameAs\":[\"https:\\\/\\\/www.facebook.com\\\/clarijs1948\\\/\",\"https:\\\/\\\/www.instagram.com\\\/clarijscovers\\\/\"]}]}<\/script>\n<meta property=\"og:availability\" content=\"instock\" \/>\n<meta property=\"product:availability\" content=\"instock\" \/>\n<meta property=\"product:retailer_item_id\" content=\"2049\" \/>\n<meta property=\"product:condition\" content=\"new\" \/>\n<!-- \/ Yoast SEO Premium plugin. -->","yoast_head_json":{"title":"Tasche f\u00fcr Gartenkissen - Clarijs Fietstassen","description":"Die Tasche wurde speziell entwickelt, um Ihre Gartenkissen sicher und gesch\u00fctzt aufzubewahren. Sie ist aus robustem und wasserabweisendem Polyestermaterial gefertigt. Jetzt kaufen","robots":{"index":"index","follow":"follow","max-snippet":"max-snippet:-1","max-image-preview":"max-image-preview:large","max-video-preview":"max-video-preview:-1"},"canonical":"http:\/\/clarijs-fietstassen.nl\/produkt\/tas-voor-tuinkussens\/","og_locale":"de_DE","og_type":"article","og_title":"Tasche f\u00fcr Gartenkissen","og_description":"Die Tasche wurde speziell entwickelt, um Ihre Gartenkissen sicher und gesch\u00fctzt aufzubewahren. Sie ist aus robustem und wasserabweisendem Polyestermaterial gefertigt. Jetzt kaufen","og_url":"http:\/\/clarijs-fietstassen.nl\/produkt\/tas-voor-tuinkussens\/","og_site_name":"Clarijs Fietstassen","article_publisher":"https:\/\/www.facebook.com\/clarijs1948\/","article_modified_time":"2025-02-17T12:17:31+00:00","og_image":[{"width":800,"height":600,"url":"https:\/\/clarijs-fietstassen.nl\/wp-content\/uploads\/2023\/07\/0000365_tas-voor-kussens-van-uw-tuin-meubulair_1903x.jpg","type":"image\/jpeg"}],"twitter_card":"summary_large_image","twitter_misc":{"Verf\u00fcgbarkeit":"Auf Lager"},"schema":{"@context":"https:\/\/schema.org","@graph":[{"@type":"WebPage","@id":"http:\/\/clarijs-fietstassen.nl\/produkt\/tas-voor-tuinkussens\/","url":"http:\/\/clarijs-fietstassen.nl\/produkt\/tas-voor-tuinkussens\/","name":"Tasche f\u00fcr Gartenkissen - Clarijs Fietstassen","isPartOf":{"@id":"https:\/\/clarijs-fietstassen.nl\/de\/#website"},"primaryImageOfPage":{"@id":"http:\/\/clarijs-fietstassen.nl\/produkt\/tas-voor-tuinkussens\/#primaryimage"},"image":{"@id":"http:\/\/clarijs-fietstassen.nl\/produkt\/tas-voor-tuinkussens\/#primaryimage"},"thumbnailUrl":"https:\/\/clarijs-fietstassen.nl\/wp-content\/uploads\/2023\/07\/0000365_tas-voor-kussens-van-uw-tuin-meubulair_1903x.jpg","datePublished":"2023-07-04T11:49:22+00:00","dateModified":"2025-02-17T12:17:31+00:00","description":"Die Tasche wurde speziell entwickelt, um Ihre Gartenkissen sicher und gesch\u00fctzt aufzubewahren. Sie ist aus robustem und wasserabweisendem Polyestermaterial gefertigt. Jetzt kaufen","breadcrumb":{"@id":"http:\/\/clarijs-fietstassen.nl\/produkt\/tas-voor-tuinkussens\/#breadcrumb"},"inLanguage":"de","potentialAction":[{"@type":"ReadAction","target":["http:\/\/clarijs-fietstassen.nl\/produkt\/tas-voor-tuinkussens\/"]}]},{"@type":"ImageObject","inLanguage":"de","@id":"http:\/\/clarijs-fietstassen.nl\/produkt\/tas-voor-tuinkussens\/#primaryimage","url":"https:\/\/clarijs-fietstassen.nl\/wp-content\/uploads\/2023\/07\/0000365_tas-voor-kussens-van-uw-tuin-meubulair_1903x.jpg","contentUrl":"https:\/\/clarijs-fietstassen.nl\/wp-content\/uploads\/2023\/07\/0000365_tas-voor-kussens-van-uw-tuin-meubulair_1903x.jpg","width":800,"height":600},{"@type":"BreadcrumbList","@id":"http:\/\/clarijs-fietstassen.nl\/produkt\/tas-voor-tuinkussens\/#breadcrumb","itemListElement":[{"@type":"ListItem","position":1,"name":"Home","item":"https:\/\/clarijs-fietstassen.nl\/de\/"},{"@type":"ListItem","position":2,"name":"Shop","item":"https:\/\/clarijs-fietstassen.nl\/de\/shop\/"},{"@type":"ListItem","position":3,"name":"Bisonyl Fietstassen","item":"https:\/\/clarijs-fietstassen.nl\/bisonyl-fietstassen\/"},{"@type":"ListItem","position":4,"name":"Tasche f\u00fcr Gartenkissen"}]},{"@type":"WebSite","@id":"https:\/\/clarijs-fietstassen.nl\/de\/#website","url":"https:\/\/clarijs-fietstassen.nl\/de\/","name":"Clarijs Fietstassen","description":"Kwaliteit &amp; ambacht sinds 1948","publisher":{"@id":"https:\/\/clarijs-fietstassen.nl\/de\/#organization"},"potentialAction":[{"@type":"SearchAction","target":{"@type":"EntryPoint","urlTemplate":"https:\/\/clarijs-fietstassen.nl\/de\/?s={search_term_string}"},"query-input":{"@type":"PropertyValueSpecification","valueRequired":true,"valueName":"search_term_string"}}],"inLanguage":"de"},{"@type":"Organization","@id":"https:\/\/clarijs-fietstassen.nl\/de\/#organization","name":"Clarijs Fietstassen","url":"https:\/\/clarijs-fietstassen.nl\/de\/","logo":{"@type":"ImageObject","inLanguage":"de","@id":"https:\/\/clarijs-fietstassen.nl\/de\/#\/schema\/logo\/image\/","url":"https:\/\/clarijs-fietstassen.nl\/wp-content\/uploads\/2024\/01\/clarijs-logo-met-rand.jpg","contentUrl":"https:\/\/clarijs-fietstassen.nl\/wp-content\/uploads\/2024\/01\/clarijs-logo-met-rand.jpg","width":560,"height":266,"caption":"Clarijs Fietstassen"},"image":{"@id":"https:\/\/clarijs-fietstassen.nl\/de\/#\/schema\/logo\/image\/"},"sameAs":["https:\/\/www.facebook.com\/clarijs1948\/","https:\/\/www.instagram.com\/clarijscovers\/"]}]},"og_availability":"instock","product_availability":"instock","product_retailer_item_id":"2049","product_condition":"new"},"_links":{"self":[{"href":"https:\/\/clarijs-fietstassen.nl\/de\/wp-json\/wp\/v2\/product\/48660","targetHints":{"allow":["GET"]}}],"collection":[{"href":"https:\/\/clarijs-fietstassen.nl\/de\/wp-json\/wp\/v2\/product"}],"about":[{"href":"https:\/\/clarijs-fietstassen.nl\/de\/wp-json\/wp\/v2\/types\/product"}],"replies":[{"embeddable":true,"href":"https:\/\/clarijs-fietstassen.nl\/de\/wp-json\/wp\/v2\/comments?post=48660"}],"wp:featuredmedia":[{"embeddable":true,"href":"https:\/\/clarijs-fietstassen.nl\/de\/wp-json\/wp\/v2\/media\/48662"}],"wp:attachment":[{"href":"https:\/\/clarijs-fietstassen.nl\/de\/wp-json\/wp\/v2\/media?parent=48660"}],"wp:term":[{"taxonomy":"product_brand","embeddable":true,"href":"https:\/\/clarijs-fietstassen.nl\/de\/wp-json\/wp\/v2\/product_brand?post=48660"},{"taxonomy":"product_cat","embeddable":true,"href":"https:\/\/clarijs-fietstassen.nl\/de\/wp-json\/wp\/v2\/product_cat?post=48660"},{"taxonomy":"product_tag","embeddable":true,"href":"https:\/\/clarijs-fietstassen.nl\/de\/wp-json\/wp\/v2\/product_tag?post=48660"}],"curies":[{"name":"wp","href":"https:\/\/api.w.org\/{rel}","templated":true}]}}