{"id":48685,"date":"2023-07-04T11:51:27","date_gmt":"2023-07-04T09:51:27","guid":{"rendered":"https:\/\/clarijs-fietstassen.nl\/coolbag-einzel-fahrradtasche\/"},"modified":"2025-02-17T13:17:31","modified_gmt":"2025-02-17T12:17:31","slug":"coolbag-einzel-fahrradtasche","status":"publish","type":"product","link":"https:\/\/clarijs-fietstassen.nl\/de\/produkt\/coolbag-einzel-fahrradtasche\/","title":{"rendered":"Coolbag Einzel-Fahrradtasche"},"content":{"rendered":"<p>Suchen Sie nach der perfekten L\u00f6sung f\u00fcr den Transport von gek\u00fchlten Produkten auf Ihrem Fahrrad? Die Cool Bag &#8211; Single Pannier von Clarijs Fietstassen ist Ihr idealer Begleiter, um Speisen und Getr\u00e4nke k\u00fchl zu halten, egal ob Sie f\u00fcr einen Tag an den Strand fahren, ein Picknick im Park machen oder Freunde zum Grillen besuchen. Perfekt f\u00fcr einen Sommertag oder wenn Sie etwas Gek\u00fchltes mitnehmen m\u00f6chten. Die Tasche verf\u00fcgt \u00fcber ein isoliertes Futter, das die Temperatur reguliert, und ist aus strapazierf\u00e4higem, wasserabweisendem Material hergestellt. Durch ihr geringes Gewicht und ihr kompaktes Design l\u00e4sst sich die Tasche leicht an Ihrem Fahrrad befestigen und einfach mitnehmen, wenn Sie z.B. in den Laden gehen. <strong>Vorteile<\/strong> der Cooler Bag Single Bicycle Bag:    <\/p>\n<ul>\n<li>Einfach zu verwenden: Die Tasche h\u00e4ngt an einer Seite Ihres Fahrrads, so dass Sie sie leicht anbringen, abnehmen und zu Ihrem n\u00e4chsten Ziel mitnehmen k\u00f6nnen.<\/li>\n<li>Ger\u00e4umiges Fassungsverm\u00f6gen: Trotz ihres kompakten Designs bietet die Tasche gen\u00fcgend Platz f\u00fcr gek\u00fchlte Getr\u00e4nke, Snacks oder andere Dinge, die Sie unterwegs ben\u00f6tigen. Dank des Rei\u00dfverschlusses bleiben Ihre Habseligkeiten auch an Ort und Stelle. <\/li>\n<li>K\u00fchler Transport: Die Tasche h\u00e4lt Ihre Produkte gek\u00fchlt und sorgt daf\u00fcr, dass Ihre Getr\u00e4nke und Lebensmittel w\u00e4hrend Ihrer Fahrt die richtige Temperatur haben.<\/li>\n<li>Strapazierf\u00e4hig und wetterfest: Aus wasserabweisendem Material, so dass Ihre Sachen auch bei Regen oder Feuchtigkeit gesch\u00fctzt bleiben.<\/li>\n<\/ul>\n<p><strong>Abmessungen<\/strong>:<\/p>\n<p>A<span style=\"font-weight: 400;\">u\u00dfenma\u00dfe dieser einzelnen Fahrradtasche:<\/span> Breite 38 cm Tiefe 13 cm H\u00f6he 39 cm Inhalt 19,3 L<span style=\"font-weight: 400;\">Innenma\u00dfe dieser einzelnen Fahrradtasche:<\/span> Breite 36,5 cm Tiefe 11,5 cm H\u00f6he 37,5 cm Inhalt 15,7 L<\/p>\n<p><strong>Hochwertige Materialien:<\/strong><\/p>\n<p>Unsere Cool Bag &#8211; Single Bicycle Bag ist aus einem speziellen, recycelbaren Stoff hergestellt, der f\u00fcr den Einsatz im Freien entwickelt wurde. Dieses Material bietet nicht nur eine hervorragende UV-Best\u00e4ndigkeit, sondern ist auch vollst\u00e4ndig wasserdicht und wasserabweisend. Dank dieser Eigenschaften bleiben Ihre Habseligkeiten auch bei unerwarteten Regenschauern oder feuchten Bedingungen gesch\u00fctzt. Diese mit viel Liebe zum Detail entworfene Tasche ist aus hochwertigen Materialien gefertigt, die Langlebigkeit und Funktionalit\u00e4t miteinander verbinden. Der robuste Stoff h\u00e4lt einer intensiven t\u00e4glichen Nutzung stand und sorgt daf\u00fcr, dass Ihre Tasche lange h\u00e4lt. Dar\u00fcber hinaus tr\u00e4gt die Verwendung von recycelbaren Materialien zu einer nachhaltigeren Zukunft bei, ohne dabei Kompromisse bei Stil oder Funktionalit\u00e4t einzugehen. Das Material ist auch leicht zu reinigen: ein feuchtes Tuch reicht oft aus, um die Tasche wieder wie neu erstrahlen zu lassen. Eine zuverl\u00e4ssige Wahl f\u00fcr jeden Radfahrer, der Qualit\u00e4t und Komfort sch\u00e4tzt!       <\/p>\n","protected":false},"excerpt":{"rendered":"<p>Suchen Sie nach der perfekten L\u00f6sung f\u00fcr den Transport von gek\u00fchlten Produkten auf Ihrem Fahrrad? Die Cool Bag &#8211; Single Pannier von Clarijs Fietstassen ist Ihr idealer Begleiter, um Speisen und Getr\u00e4nke k\u00fchl zu halten, egal ob Sie f\u00fcr einen Tag an den Strand fahren, ein Picknick im Park machen oder Freunde zum Grillen besuchen. [&hellip;]<\/p>\n","protected":false},"featured_media":48688,"comment_status":"closed","ping_status":"closed","template":"","meta":{"_acf_changed":false,"_et_pb_use_builder":"","_et_pb_old_content":"","_et_gb_content_width":""},"product_brand":[],"product_cat":[721,860,728,748],"product_tag":[],"class_list":{"0":"post-48685","1":"product","2":"type-product","3":"status-publish","4":"has-post-thumbnail","6":"product_cat-einzelne-fahrradtaschen","7":"product_cat-fahrrad-kuehltaschen","8":"product_cat-fahrradtaschen","9":"product_cat-neue-kollektion","10":"pa_kleur-grau","11":"pa_materiaal-recycelbares-pp","12":"pa_reflectie-ja-de","14":"first","15":"instock","16":"taxable","17":"shipping-taxable","18":"purchasable","19":"product-type-simple"},"acf":[],"yoast_head":"<!-- This site is optimized with the Yoast SEO Premium plugin v27.2 (Yoast SEO v27.3) - https:\/\/yoast.com\/product\/yoast-seo-premium-wordpress\/ -->\n<title>Coolbag Einzel-Fahrradtasche - Clarijs Fietstassen<\/title>\n<meta name=\"description\" content=\"Unsere Cool Bag - Single Bicycle Bag ist recycelbar, wasserdicht und langlebig. Perfekt, um gek\u00fchlte Produkte k\u00fchl und frisch zu transportieren, da das Innenfutter isoliert ist.\" \/>\n<meta name=\"robots\" content=\"index, follow, max-snippet:-1, max-image-preview:large, max-video-preview:-1\" \/>\n<link rel=\"canonical\" href=\"https:\/\/clarijs-fietstassen.nl\/de\/produkt\/coolbag-einzel-fahrradtasche\/\" \/>\n<meta property=\"og:locale\" content=\"de_DE\" \/>\n<meta property=\"og:type\" content=\"article\" \/>\n<meta property=\"og:title\" content=\"Coolbag Einzel-Fahrradtasche\" \/>\n<meta property=\"og:description\" content=\"Unsere Cool Bag - Single Bicycle Bag ist recycelbar, wasserdicht und langlebig. Perfekt, um gek\u00fchlte Produkte k\u00fchl und frisch zu transportieren, da das Innenfutter isoliert ist.\" \/>\n<meta property=\"og:url\" content=\"https:\/\/clarijs-fietstassen.nl\/de\/produkt\/coolbag-einzel-fahrradtasche\/\" \/>\n<meta property=\"og:site_name\" content=\"Clarijs Fietstassen\" \/>\n<meta property=\"article:publisher\" content=\"https:\/\/www.facebook.com\/clarijs1948\/\" \/>\n<meta property=\"article:modified_time\" content=\"2025-02-17T12:17:31+00:00\" \/>\n<meta property=\"og:image\" content=\"https:\/\/clarijs-fietstassen.nl\/wp-content\/uploads\/2024\/10\/koeltas.png\" \/>\n\t<meta property=\"og:image:width\" content=\"1000\" \/>\n\t<meta property=\"og:image:height\" content=\"1000\" \/>\n\t<meta property=\"og:image:type\" content=\"image\/png\" \/>\n<meta name=\"twitter:card\" content=\"summary_large_image\" \/>\n<meta name=\"twitter:label1\" content=\"Preis\" \/>\n\t<meta name=\"twitter:data1\" content=\"&euro;69.00\" \/>\n\t<meta name=\"twitter:label2\" content=\"Verf\u00fcgbarkeit\" \/>\n\t<meta name=\"twitter:data2\" content=\"Auf Lager\" \/>\n<script type=\"application\/ld+json\" class=\"yoast-schema-graph\">{\"@context\":\"https:\\\/\\\/schema.org\",\"@graph\":[{\"@type\":\"WebPage\",\"@id\":\"https:\\\/\\\/clarijs-fietstassen.nl\\\/de\\\/produkt\\\/coolbag-einzel-fahrradtasche\\\/\",\"url\":\"https:\\\/\\\/clarijs-fietstassen.nl\\\/de\\\/produkt\\\/coolbag-einzel-fahrradtasche\\\/\",\"name\":\"Coolbag Einzel-Fahrradtasche - Clarijs Fietstassen\",\"isPartOf\":{\"@id\":\"https:\\\/\\\/clarijs-fietstassen.nl\\\/de\\\/#website\"},\"primaryImageOfPage\":{\"@id\":\"https:\\\/\\\/clarijs-fietstassen.nl\\\/de\\\/produkt\\\/coolbag-einzel-fahrradtasche\\\/#primaryimage\"},\"image\":{\"@id\":\"https:\\\/\\\/clarijs-fietstassen.nl\\\/de\\\/produkt\\\/coolbag-einzel-fahrradtasche\\\/#primaryimage\"},\"thumbnailUrl\":\"https:\\\/\\\/clarijs-fietstassen.nl\\\/wp-content\\\/uploads\\\/2024\\\/10\\\/koeltas.png\",\"datePublished\":\"2023-07-04T09:51:27+00:00\",\"dateModified\":\"2025-02-17T12:17:31+00:00\",\"description\":\"Unsere Cool Bag - Single Bicycle Bag ist recycelbar, wasserdicht und langlebig. Perfekt, um gek\u00fchlte Produkte k\u00fchl und frisch zu transportieren, da das Innenfutter isoliert ist.\",\"breadcrumb\":{\"@id\":\"https:\\\/\\\/clarijs-fietstassen.nl\\\/de\\\/produkt\\\/coolbag-einzel-fahrradtasche\\\/#breadcrumb\"},\"inLanguage\":\"de\",\"potentialAction\":[{\"@type\":\"ReadAction\",\"target\":[\"https:\\\/\\\/clarijs-fietstassen.nl\\\/de\\\/produkt\\\/coolbag-einzel-fahrradtasche\\\/\"]}]},{\"@type\":\"ImageObject\",\"inLanguage\":\"de\",\"@id\":\"https:\\\/\\\/clarijs-fietstassen.nl\\\/de\\\/produkt\\\/coolbag-einzel-fahrradtasche\\\/#primaryimage\",\"url\":\"https:\\\/\\\/clarijs-fietstassen.nl\\\/wp-content\\\/uploads\\\/2024\\\/10\\\/koeltas.png\",\"contentUrl\":\"https:\\\/\\\/clarijs-fietstassen.nl\\\/wp-content\\\/uploads\\\/2024\\\/10\\\/koeltas.png\",\"width\":1000,\"height\":1000,\"caption\":\"Coolbag Einzel-Fahrradtasche\"},{\"@type\":\"BreadcrumbList\",\"@id\":\"https:\\\/\\\/clarijs-fietstassen.nl\\\/de\\\/produkt\\\/coolbag-einzel-fahrradtasche\\\/#breadcrumb\",\"itemListElement\":[{\"@type\":\"ListItem\",\"position\":1,\"name\":\"Home\",\"item\":\"https:\\\/\\\/clarijs-fietstassen.nl\\\/de\\\/\"},{\"@type\":\"ListItem\",\"position\":2,\"name\":\"Shop\",\"item\":\"https:\\\/\\\/clarijs-fietstassen.nl\\\/de\\\/shop\\\/\"},{\"@type\":\"ListItem\",\"position\":3,\"name\":\"Enkele fietstassen\",\"item\":\"https:\\\/\\\/clarijs-fietstassen.nl\\\/enkele-fietstassen\\\/\"},{\"@type\":\"ListItem\",\"position\":4,\"name\":\"Coolbag Einzel-Fahrradtasche\"}]},{\"@type\":\"WebSite\",\"@id\":\"https:\\\/\\\/clarijs-fietstassen.nl\\\/de\\\/#website\",\"url\":\"https:\\\/\\\/clarijs-fietstassen.nl\\\/de\\\/\",\"name\":\"Clarijs Fietstassen\",\"description\":\"Kwaliteit &amp; ambacht sinds 1948\",\"publisher\":{\"@id\":\"https:\\\/\\\/clarijs-fietstassen.nl\\\/de\\\/#organization\"},\"potentialAction\":[{\"@type\":\"SearchAction\",\"target\":{\"@type\":\"EntryPoint\",\"urlTemplate\":\"https:\\\/\\\/clarijs-fietstassen.nl\\\/de\\\/?s={search_term_string}\"},\"query-input\":{\"@type\":\"PropertyValueSpecification\",\"valueRequired\":true,\"valueName\":\"search_term_string\"}}],\"inLanguage\":\"de\"},{\"@type\":\"Organization\",\"@id\":\"https:\\\/\\\/clarijs-fietstassen.nl\\\/de\\\/#organization\",\"name\":\"Clarijs Fietstassen\",\"url\":\"https:\\\/\\\/clarijs-fietstassen.nl\\\/de\\\/\",\"logo\":{\"@type\":\"ImageObject\",\"inLanguage\":\"de\",\"@id\":\"https:\\\/\\\/clarijs-fietstassen.nl\\\/de\\\/#\\\/schema\\\/logo\\\/image\\\/\",\"url\":\"https:\\\/\\\/clarijs-fietstassen.nl\\\/wp-content\\\/uploads\\\/2024\\\/01\\\/clarijs-logo-met-rand.jpg\",\"contentUrl\":\"https:\\\/\\\/clarijs-fietstassen.nl\\\/wp-content\\\/uploads\\\/2024\\\/01\\\/clarijs-logo-met-rand.jpg\",\"width\":560,\"height\":266,\"caption\":\"Clarijs Fietstassen\"},\"image\":{\"@id\":\"https:\\\/\\\/clarijs-fietstassen.nl\\\/de\\\/#\\\/schema\\\/logo\\\/image\\\/\"},\"sameAs\":[\"https:\\\/\\\/www.facebook.com\\\/clarijs1948\\\/\",\"https:\\\/\\\/www.instagram.com\\\/clarijscovers\\\/\"]}]}<\/script>\n<meta property=\"product:price:amount\" content=\"69.00\" \/>\n<meta property=\"product:price:currency\" content=\"EUR\" \/>\n<meta property=\"og:availability\" content=\"instock\" \/>\n<meta property=\"product:availability\" content=\"instock\" \/>\n<meta property=\"product:retailer_item_id\" content=\"3061\" \/>\n<meta property=\"product:condition\" content=\"new\" \/>\n<!-- \/ Yoast SEO Premium plugin. -->","yoast_head_json":{"title":"Coolbag Einzel-Fahrradtasche - Clarijs Fietstassen","description":"Unsere Cool Bag - Single Bicycle Bag ist recycelbar, wasserdicht und langlebig. Perfekt, um gek\u00fchlte Produkte k\u00fchl und frisch zu transportieren, da das Innenfutter isoliert ist.","robots":{"index":"index","follow":"follow","max-snippet":"max-snippet:-1","max-image-preview":"max-image-preview:large","max-video-preview":"max-video-preview:-1"},"canonical":"https:\/\/clarijs-fietstassen.nl\/de\/produkt\/coolbag-einzel-fahrradtasche\/","og_locale":"de_DE","og_type":"article","og_title":"Coolbag Einzel-Fahrradtasche","og_description":"Unsere Cool Bag - Single Bicycle Bag ist recycelbar, wasserdicht und langlebig. Perfekt, um gek\u00fchlte Produkte k\u00fchl und frisch zu transportieren, da das Innenfutter isoliert ist.","og_url":"https:\/\/clarijs-fietstassen.nl\/de\/produkt\/coolbag-einzel-fahrradtasche\/","og_site_name":"Clarijs Fietstassen","article_publisher":"https:\/\/www.facebook.com\/clarijs1948\/","article_modified_time":"2025-02-17T12:17:31+00:00","og_image":[{"width":1000,"height":1000,"url":"https:\/\/clarijs-fietstassen.nl\/wp-content\/uploads\/2024\/10\/koeltas.png","type":"image\/png"}],"twitter_card":"summary_large_image","twitter_misc":{"Preis":"&euro;69.00","Verf\u00fcgbarkeit":"Auf Lager"},"schema":{"@context":"https:\/\/schema.org","@graph":[{"@type":"WebPage","@id":"https:\/\/clarijs-fietstassen.nl\/de\/produkt\/coolbag-einzel-fahrradtasche\/","url":"https:\/\/clarijs-fietstassen.nl\/de\/produkt\/coolbag-einzel-fahrradtasche\/","name":"Coolbag Einzel-Fahrradtasche - Clarijs Fietstassen","isPartOf":{"@id":"https:\/\/clarijs-fietstassen.nl\/de\/#website"},"primaryImageOfPage":{"@id":"https:\/\/clarijs-fietstassen.nl\/de\/produkt\/coolbag-einzel-fahrradtasche\/#primaryimage"},"image":{"@id":"https:\/\/clarijs-fietstassen.nl\/de\/produkt\/coolbag-einzel-fahrradtasche\/#primaryimage"},"thumbnailUrl":"https:\/\/clarijs-fietstassen.nl\/wp-content\/uploads\/2024\/10\/koeltas.png","datePublished":"2023-07-04T09:51:27+00:00","dateModified":"2025-02-17T12:17:31+00:00","description":"Unsere Cool Bag - Single Bicycle Bag ist recycelbar, wasserdicht und langlebig. Perfekt, um gek\u00fchlte Produkte k\u00fchl und frisch zu transportieren, da das Innenfutter isoliert ist.","breadcrumb":{"@id":"https:\/\/clarijs-fietstassen.nl\/de\/produkt\/coolbag-einzel-fahrradtasche\/#breadcrumb"},"inLanguage":"de","potentialAction":[{"@type":"ReadAction","target":["https:\/\/clarijs-fietstassen.nl\/de\/produkt\/coolbag-einzel-fahrradtasche\/"]}]},{"@type":"ImageObject","inLanguage":"de","@id":"https:\/\/clarijs-fietstassen.nl\/de\/produkt\/coolbag-einzel-fahrradtasche\/#primaryimage","url":"https:\/\/clarijs-fietstassen.nl\/wp-content\/uploads\/2024\/10\/koeltas.png","contentUrl":"https:\/\/clarijs-fietstassen.nl\/wp-content\/uploads\/2024\/10\/koeltas.png","width":1000,"height":1000,"caption":"Coolbag Einzel-Fahrradtasche"},{"@type":"BreadcrumbList","@id":"https:\/\/clarijs-fietstassen.nl\/de\/produkt\/coolbag-einzel-fahrradtasche\/#breadcrumb","itemListElement":[{"@type":"ListItem","position":1,"name":"Home","item":"https:\/\/clarijs-fietstassen.nl\/de\/"},{"@type":"ListItem","position":2,"name":"Shop","item":"https:\/\/clarijs-fietstassen.nl\/de\/shop\/"},{"@type":"ListItem","position":3,"name":"Enkele fietstassen","item":"https:\/\/clarijs-fietstassen.nl\/enkele-fietstassen\/"},{"@type":"ListItem","position":4,"name":"Coolbag Einzel-Fahrradtasche"}]},{"@type":"WebSite","@id":"https:\/\/clarijs-fietstassen.nl\/de\/#website","url":"https:\/\/clarijs-fietstassen.nl\/de\/","name":"Clarijs Fietstassen","description":"Kwaliteit &amp; ambacht sinds 1948","publisher":{"@id":"https:\/\/clarijs-fietstassen.nl\/de\/#organization"},"potentialAction":[{"@type":"SearchAction","target":{"@type":"EntryPoint","urlTemplate":"https:\/\/clarijs-fietstassen.nl\/de\/?s={search_term_string}"},"query-input":{"@type":"PropertyValueSpecification","valueRequired":true,"valueName":"search_term_string"}}],"inLanguage":"de"},{"@type":"Organization","@id":"https:\/\/clarijs-fietstassen.nl\/de\/#organization","name":"Clarijs Fietstassen","url":"https:\/\/clarijs-fietstassen.nl\/de\/","logo":{"@type":"ImageObject","inLanguage":"de","@id":"https:\/\/clarijs-fietstassen.nl\/de\/#\/schema\/logo\/image\/","url":"https:\/\/clarijs-fietstassen.nl\/wp-content\/uploads\/2024\/01\/clarijs-logo-met-rand.jpg","contentUrl":"https:\/\/clarijs-fietstassen.nl\/wp-content\/uploads\/2024\/01\/clarijs-logo-met-rand.jpg","width":560,"height":266,"caption":"Clarijs Fietstassen"},"image":{"@id":"https:\/\/clarijs-fietstassen.nl\/de\/#\/schema\/logo\/image\/"},"sameAs":["https:\/\/www.facebook.com\/clarijs1948\/","https:\/\/www.instagram.com\/clarijscovers\/"]}]},"product_price_amount":"69.00","product_price_currency":"EUR","og_availability":"instock","product_availability":"instock","product_retailer_item_id":"3061","product_condition":"new"},"_links":{"self":[{"href":"https:\/\/clarijs-fietstassen.nl\/de\/wp-json\/wp\/v2\/product\/48685","targetHints":{"allow":["GET"]}}],"collection":[{"href":"https:\/\/clarijs-fietstassen.nl\/de\/wp-json\/wp\/v2\/product"}],"about":[{"href":"https:\/\/clarijs-fietstassen.nl\/de\/wp-json\/wp\/v2\/types\/product"}],"replies":[{"embeddable":true,"href":"https:\/\/clarijs-fietstassen.nl\/de\/wp-json\/wp\/v2\/comments?post=48685"}],"wp:featuredmedia":[{"embeddable":true,"href":"https:\/\/clarijs-fietstassen.nl\/de\/wp-json\/wp\/v2\/media\/48688"}],"wp:attachment":[{"href":"https:\/\/clarijs-fietstassen.nl\/de\/wp-json\/wp\/v2\/media?parent=48685"}],"wp:term":[{"taxonomy":"product_brand","embeddable":true,"href":"https:\/\/clarijs-fietstassen.nl\/de\/wp-json\/wp\/v2\/product_brand?post=48685"},{"taxonomy":"product_cat","embeddable":true,"href":"https:\/\/clarijs-fietstassen.nl\/de\/wp-json\/wp\/v2\/product_cat?post=48685"},{"taxonomy":"product_tag","embeddable":true,"href":"https:\/\/clarijs-fietstassen.nl\/de\/wp-json\/wp\/v2\/product_tag?post=48685"}],"curies":[{"name":"wp","href":"https:\/\/api.w.org\/{rel}","templated":true}]}}