{"id":48690,"date":"2023-07-04T11:55:36","date_gmt":"2023-07-04T09:55:36","guid":{"rendered":"https:\/\/clarijs-fietstassen.nl\/fronttasche-premium\/"},"modified":"2025-02-17T13:17:31","modified_gmt":"2025-02-17T12:17:31","slug":"fronttasche-premium","status":"publish","type":"product","link":"https:\/\/clarijs-fietstassen.nl\/de\/produkt\/fronttasche-premium\/","title":{"rendered":"Fronttasche Premium"},"content":{"rendered":"<p><span style=\"font-weight: 400;\">Lernen Sie die Front Bag Premium kennen, eine liebevoll handgefertigte Fahrradtasche, die speziell f\u00fcr Lenkertr\u00e4ger entwickelt wurde. Diese vielseitige Tasche ist ein wahres Multitalent und bietet Ihnen den Komfort, den Sie bei Ihren Fahrradabenteuern brauchen. Mit ihren praktischen Funktionen und der hochwertigen Verarbeitung ist die Front Bag Premium der ideale Begleiter f\u00fcr Ihre t\u00e4glichen Fahrradtouren und Besorgungen.  <\/span><\/p>\n<p><b>Wichtige Merkmale:<\/b><\/p>\n<ul>\n<li style=\"font-weight: 400;\" aria-level=\"1\"><span style=\"font-weight: 400;\">Multifunktionales Design: Die Front Bag Premium ist nicht nur eine weitere Fahrradtasche. Sie verf\u00fcgt \u00fcber Tragegriffe an der Oberseite und einen abnehmbaren Schultergurt, mit dem sie sich m\u00fchelos in eine praktische Umh\u00e4ngetasche verwandeln l\u00e4sst. Ideal zum Einkaufen oder f\u00fcr andere t\u00e4gliche Aktivit\u00e4ten.  <\/span><\/li>\n<li style=\"font-weight: 400;\" aria-level=\"1\"><span style=\"font-weight: 400;\">Intelligentes Verschlusssystem: Das Verschlusssystem der Front Bag Premium verf\u00fcgt \u00fcber ein Magnetband, das das \u00d6ffnen und Schlie\u00dfen der Tasche zu einem Kinderspiel macht. Kein l\u00e4stiges Hantieren mit Rei\u00dfverschl\u00fcssen oder Schnallen mehr &#8211; einfach die Tasche schlie\u00dfen und los geht&#8217;s! <\/span><\/li>\n<li style=\"font-weight: 400;\" aria-level=\"1\"><span style=\"font-weight: 400;\">Robust und langlebig: Der Boden und die Seiten der Tasche sind mit recycelten Kunststoffplatten verst\u00e4rkt, was der Front Bag Premium zus\u00e4tzliche Stabilit\u00e4t verleiht. So k\u00f6nnen Sie all Ihre Habseligkeiten auch bei schwereren Lasten sicher und unbesorgt transportieren. <\/span><\/li>\n<\/ul>\n<p><b>Abmessungen und Inhalt:<\/b><\/p>\n<p><i><span style=\"font-weight: 400;\">Breite<\/span><\/i><span style=\"font-weight: 400;\">: 40 cm<\/span> <i><span style=\"font-weight: 400;\">Tiefe<\/span><\/i><span style=\"font-weight: 400;\">: 29 cm<\/span> <i><span style=\"font-weight: 400;\">H\u00f6he<\/span><\/i><span style=\"font-weight: 400;\">: 53 cm<\/span> <i><span style=\"font-weight: 400;\">Inhalt<\/span><\/i><span style=\"font-weight: 400;\">: 61 Liter<\/span><\/p>\n<p><b>Praktische Aufbewahrung:<\/b><\/p>\n<p><span style=\"font-weight: 400;\">Die Front Bag Premium verf\u00fcgt \u00fcber einen 17 cm hohen harten Boden, in dem Sie Ihre Sachen ordentlich und organisiert aufbewahren k\u00f6nnen. Au\u00dferdem gibt es eine gro\u00dfe Innentasche mit einer H\u00f6he von 35 cm und einer Breite von 40 cm, in der Sie wichtige Dinge w\u00e4hrend Ihrer Fahrradtouren griffbereit aufbewahren k\u00f6nnen.<br \/>\n<\/span><span style=\"font-weight: 400;\">Mit der Front Bag Premium sichern Sie sich eine hochwertige Fahrradtasche, die mit viel Liebe zum Detail hergestellt wurde. Diese Tasche ist Ihr ultimativer Begleiter f\u00fcr jede Fahrradtour und den t\u00e4glichen Gebrauch. Bestellen Sie jetzt Ihre Front Bag Premium und entdecken Sie den Komfort und die Vielseitigkeit dieser sch\u00f6nen Fahrradtasche!  <\/span><\/p>\n","protected":false},"excerpt":{"rendered":"<p>Lernen Sie die Front Bag Premium kennen, eine liebevoll handgefertigte Fahrradtasche, die speziell f\u00fcr Lenkertr\u00e4ger entwickelt wurde. Diese vielseitige Tasche ist ein wahres Multitalent und bietet Ihnen den Komfort, den Sie bei Ihren Fahrradabenteuern brauchen. Mit ihren praktischen Funktionen und der hochwertigen Verarbeitung ist die Front Bag Premium der ideale Begleiter f\u00fcr Ihre t\u00e4glichen Fahrradtouren [&hellip;]<\/p>\n","protected":false},"featured_media":48691,"comment_status":"closed","ping_status":"closed","template":"","meta":{"_acf_changed":false,"_et_pb_use_builder":"","_et_pb_old_content":"","_et_gb_content_width":""},"product_brand":[],"product_cat":[721,728,737,746,781,776],"product_tag":[],"class_list":{"0":"post-48690","1":"product","2":"type-product","3":"status-publish","4":"has-post-thumbnail","6":"product_cat-einzelne-fahrradtaschen","7":"product_cat-fahrradtaschen","8":"product_cat-grosse-fahrradtaschen","9":"product_cat-longtail-fahrradtaschen","10":"product_cat-schwarze-einzelfahrradtaschen","11":"product_cat-taschen-fuer-frontgepaecktraeger","13":"first","14":"instock","15":"taxable","16":"shipping-taxable","17":"purchasable","18":"product-type-simple"},"acf":[],"yoast_head":"<!-- This site is optimized with the Yoast SEO Premium plugin v27.2 (Yoast SEO v27.3) - https:\/\/yoast.com\/product\/yoast-seo-premium-wordpress\/ -->\n<title>Frontbag Premium-Fahrradtasche f\u00fcr den Gep\u00e4cktr\u00e4ger: Allesk\u00f6nner! - Clarijs Fietstassen<\/title>\n<meta name=\"description\" content=\"Kaufen Sie die Frontbag Premium-Fahrradtasche f\u00fcr Frontgep\u00e4cktr\u00e4ger. Ein multifunktionales Design, das die richtigen Funktionen f\u00fcr Ihre t\u00e4glichen Abenteuer bietet!\" \/>\n<meta name=\"robots\" content=\"index, follow, max-snippet:-1, max-image-preview:large, max-video-preview:-1\" \/>\n<link rel=\"canonical\" href=\"https:\/\/clarijs-fietstassen.nl\/produkt\/frontbag-premium\/\" \/>\n<meta property=\"og:locale\" content=\"de_DE\" \/>\n<meta property=\"og:type\" content=\"article\" \/>\n<meta property=\"og:title\" content=\"Fronttasche Premium\" \/>\n<meta property=\"og:description\" content=\"Kaufen Sie die Frontbag Premium-Fahrradtasche f\u00fcr Frontgep\u00e4cktr\u00e4ger. Ein multifunktionales Design, das die richtigen Funktionen f\u00fcr Ihre t\u00e4glichen Abenteuer bietet!\" \/>\n<meta property=\"og:url\" content=\"https:\/\/clarijs-fietstassen.nl\/produkt\/frontbag-premium\/\" \/>\n<meta property=\"og:site_name\" content=\"Clarijs Fietstassen\" \/>\n<meta property=\"article:publisher\" content=\"https:\/\/www.facebook.com\/clarijs1948\/\" \/>\n<meta property=\"article:modified_time\" content=\"2025-02-17T12:17:31+00:00\" \/>\n<meta property=\"og:image\" content=\"https:\/\/clarijs-fietstassen.nl\/wp-content\/uploads\/2023\/07\/Clarijs_03-1-2.png\" \/>\n\t<meta property=\"og:image:width\" content=\"1500\" \/>\n\t<meta property=\"og:image:height\" content=\"1500\" \/>\n\t<meta property=\"og:image:type\" content=\"image\/png\" \/>\n<meta name=\"twitter:card\" content=\"summary_large_image\" \/>\n<meta name=\"twitter:label1\" content=\"Preis\" \/>\n\t<meta name=\"twitter:data1\" content=\"&euro;119.00\" \/>\n\t<meta name=\"twitter:label2\" content=\"Verf\u00fcgbarkeit\" \/>\n\t<meta name=\"twitter:data2\" content=\"Auf Lager\" \/>\n<script type=\"application\/ld+json\" class=\"yoast-schema-graph\">{\"@context\":\"https:\\\/\\\/schema.org\",\"@graph\":[{\"@type\":\"WebPage\",\"@id\":\"https:\\\/\\\/clarijs-fietstassen.nl\\\/produkt\\\/frontbag-premium\\\/\",\"url\":\"https:\\\/\\\/clarijs-fietstassen.nl\\\/produkt\\\/frontbag-premium\\\/\",\"name\":\"Frontbag Premium-Fahrradtasche f\u00fcr den Gep\u00e4cktr\u00e4ger: Allesk\u00f6nner! - Clarijs Fietstassen\",\"isPartOf\":{\"@id\":\"https:\\\/\\\/clarijs-fietstassen.nl\\\/de\\\/#website\"},\"primaryImageOfPage\":{\"@id\":\"https:\\\/\\\/clarijs-fietstassen.nl\\\/produkt\\\/frontbag-premium\\\/#primaryimage\"},\"image\":{\"@id\":\"https:\\\/\\\/clarijs-fietstassen.nl\\\/produkt\\\/frontbag-premium\\\/#primaryimage\"},\"thumbnailUrl\":\"https:\\\/\\\/clarijs-fietstassen.nl\\\/wp-content\\\/uploads\\\/2023\\\/07\\\/Clarijs_03-1-2.png\",\"datePublished\":\"2023-07-04T09:55:36+00:00\",\"dateModified\":\"2025-02-17T12:17:31+00:00\",\"description\":\"Kaufen Sie die Frontbag Premium-Fahrradtasche f\u00fcr Frontgep\u00e4cktr\u00e4ger. Ein multifunktionales Design, das die richtigen Funktionen f\u00fcr Ihre t\u00e4glichen Abenteuer bietet!\",\"breadcrumb\":{\"@id\":\"https:\\\/\\\/clarijs-fietstassen.nl\\\/produkt\\\/frontbag-premium\\\/#breadcrumb\"},\"inLanguage\":\"de\",\"potentialAction\":[{\"@type\":\"ReadAction\",\"target\":[\"https:\\\/\\\/clarijs-fietstassen.nl\\\/produkt\\\/frontbag-premium\\\/\"]}]},{\"@type\":\"ImageObject\",\"inLanguage\":\"de\",\"@id\":\"https:\\\/\\\/clarijs-fietstassen.nl\\\/produkt\\\/frontbag-premium\\\/#primaryimage\",\"url\":\"https:\\\/\\\/clarijs-fietstassen.nl\\\/wp-content\\\/uploads\\\/2023\\\/07\\\/Clarijs_03-1-2.png\",\"contentUrl\":\"https:\\\/\\\/clarijs-fietstassen.nl\\\/wp-content\\\/uploads\\\/2023\\\/07\\\/Clarijs_03-1-2.png\",\"width\":1500,\"height\":1500,\"caption\":\"Fronttasche Premium\"},{\"@type\":\"BreadcrumbList\",\"@id\":\"https:\\\/\\\/clarijs-fietstassen.nl\\\/produkt\\\/frontbag-premium\\\/#breadcrumb\",\"itemListElement\":[{\"@type\":\"ListItem\",\"position\":1,\"name\":\"Home\",\"item\":\"https:\\\/\\\/clarijs-fietstassen.nl\\\/de\\\/\"},{\"@type\":\"ListItem\",\"position\":2,\"name\":\"Shop\",\"item\":\"https:\\\/\\\/clarijs-fietstassen.nl\\\/de\\\/shop\\\/\"},{\"@type\":\"ListItem\",\"position\":3,\"name\":\"Einzelne Fahrradtaschen\",\"item\":\"https:\\\/\\\/clarijs-fietstassen.nl\\\/de\\\/einzelne-fahrradtaschen\\\/\"},{\"@type\":\"ListItem\",\"position\":4,\"name\":\"Fronttasche Premium\"}]},{\"@type\":\"WebSite\",\"@id\":\"https:\\\/\\\/clarijs-fietstassen.nl\\\/de\\\/#website\",\"url\":\"https:\\\/\\\/clarijs-fietstassen.nl\\\/de\\\/\",\"name\":\"Clarijs Fietstassen\",\"description\":\"Kwaliteit &amp; ambacht sinds 1948\",\"publisher\":{\"@id\":\"https:\\\/\\\/clarijs-fietstassen.nl\\\/de\\\/#organization\"},\"potentialAction\":[{\"@type\":\"SearchAction\",\"target\":{\"@type\":\"EntryPoint\",\"urlTemplate\":\"https:\\\/\\\/clarijs-fietstassen.nl\\\/de\\\/?s={search_term_string}\"},\"query-input\":{\"@type\":\"PropertyValueSpecification\",\"valueRequired\":true,\"valueName\":\"search_term_string\"}}],\"inLanguage\":\"de\"},{\"@type\":\"Organization\",\"@id\":\"https:\\\/\\\/clarijs-fietstassen.nl\\\/de\\\/#organization\",\"name\":\"Clarijs Fietstassen\",\"url\":\"https:\\\/\\\/clarijs-fietstassen.nl\\\/de\\\/\",\"logo\":{\"@type\":\"ImageObject\",\"inLanguage\":\"de\",\"@id\":\"https:\\\/\\\/clarijs-fietstassen.nl\\\/de\\\/#\\\/schema\\\/logo\\\/image\\\/\",\"url\":\"https:\\\/\\\/clarijs-fietstassen.nl\\\/wp-content\\\/uploads\\\/2024\\\/01\\\/clarijs-logo-met-rand.jpg\",\"contentUrl\":\"https:\\\/\\\/clarijs-fietstassen.nl\\\/wp-content\\\/uploads\\\/2024\\\/01\\\/clarijs-logo-met-rand.jpg\",\"width\":560,\"height\":266,\"caption\":\"Clarijs Fietstassen\"},\"image\":{\"@id\":\"https:\\\/\\\/clarijs-fietstassen.nl\\\/de\\\/#\\\/schema\\\/logo\\\/image\\\/\"},\"sameAs\":[\"https:\\\/\\\/www.facebook.com\\\/clarijs1948\\\/\",\"https:\\\/\\\/www.instagram.com\\\/clarijscovers\\\/\"]}]}<\/script>\n<meta property=\"product:price:amount\" content=\"119.00\" \/>\n<meta property=\"product:price:currency\" content=\"EUR\" \/>\n<meta property=\"og:availability\" content=\"instock\" \/>\n<meta property=\"product:availability\" content=\"instock\" \/>\n<meta property=\"product:retailer_item_id\" content=\"3098\" \/>\n<meta property=\"product:condition\" content=\"new\" \/>\n<!-- \/ Yoast SEO Premium plugin. -->","yoast_head_json":{"title":"Frontbag Premium-Fahrradtasche f\u00fcr den Gep\u00e4cktr\u00e4ger: Allesk\u00f6nner! - Clarijs Fietstassen","description":"Kaufen Sie die Frontbag Premium-Fahrradtasche f\u00fcr Frontgep\u00e4cktr\u00e4ger. Ein multifunktionales Design, das die richtigen Funktionen f\u00fcr Ihre t\u00e4glichen Abenteuer bietet!","robots":{"index":"index","follow":"follow","max-snippet":"max-snippet:-1","max-image-preview":"max-image-preview:large","max-video-preview":"max-video-preview:-1"},"canonical":"https:\/\/clarijs-fietstassen.nl\/produkt\/frontbag-premium\/","og_locale":"de_DE","og_type":"article","og_title":"Fronttasche Premium","og_description":"Kaufen Sie die Frontbag Premium-Fahrradtasche f\u00fcr Frontgep\u00e4cktr\u00e4ger. Ein multifunktionales Design, das die richtigen Funktionen f\u00fcr Ihre t\u00e4glichen Abenteuer bietet!","og_url":"https:\/\/clarijs-fietstassen.nl\/produkt\/frontbag-premium\/","og_site_name":"Clarijs Fietstassen","article_publisher":"https:\/\/www.facebook.com\/clarijs1948\/","article_modified_time":"2025-02-17T12:17:31+00:00","og_image":[{"width":1500,"height":1500,"url":"https:\/\/clarijs-fietstassen.nl\/wp-content\/uploads\/2023\/07\/Clarijs_03-1-2.png","type":"image\/png"}],"twitter_card":"summary_large_image","twitter_misc":{"Preis":"&euro;119.00","Verf\u00fcgbarkeit":"Auf Lager"},"schema":{"@context":"https:\/\/schema.org","@graph":[{"@type":"WebPage","@id":"https:\/\/clarijs-fietstassen.nl\/produkt\/frontbag-premium\/","url":"https:\/\/clarijs-fietstassen.nl\/produkt\/frontbag-premium\/","name":"Frontbag Premium-Fahrradtasche f\u00fcr den Gep\u00e4cktr\u00e4ger: Allesk\u00f6nner! - Clarijs Fietstassen","isPartOf":{"@id":"https:\/\/clarijs-fietstassen.nl\/de\/#website"},"primaryImageOfPage":{"@id":"https:\/\/clarijs-fietstassen.nl\/produkt\/frontbag-premium\/#primaryimage"},"image":{"@id":"https:\/\/clarijs-fietstassen.nl\/produkt\/frontbag-premium\/#primaryimage"},"thumbnailUrl":"https:\/\/clarijs-fietstassen.nl\/wp-content\/uploads\/2023\/07\/Clarijs_03-1-2.png","datePublished":"2023-07-04T09:55:36+00:00","dateModified":"2025-02-17T12:17:31+00:00","description":"Kaufen Sie die Frontbag Premium-Fahrradtasche f\u00fcr Frontgep\u00e4cktr\u00e4ger. Ein multifunktionales Design, das die richtigen Funktionen f\u00fcr Ihre t\u00e4glichen Abenteuer bietet!","breadcrumb":{"@id":"https:\/\/clarijs-fietstassen.nl\/produkt\/frontbag-premium\/#breadcrumb"},"inLanguage":"de","potentialAction":[{"@type":"ReadAction","target":["https:\/\/clarijs-fietstassen.nl\/produkt\/frontbag-premium\/"]}]},{"@type":"ImageObject","inLanguage":"de","@id":"https:\/\/clarijs-fietstassen.nl\/produkt\/frontbag-premium\/#primaryimage","url":"https:\/\/clarijs-fietstassen.nl\/wp-content\/uploads\/2023\/07\/Clarijs_03-1-2.png","contentUrl":"https:\/\/clarijs-fietstassen.nl\/wp-content\/uploads\/2023\/07\/Clarijs_03-1-2.png","width":1500,"height":1500,"caption":"Fronttasche Premium"},{"@type":"BreadcrumbList","@id":"https:\/\/clarijs-fietstassen.nl\/produkt\/frontbag-premium\/#breadcrumb","itemListElement":[{"@type":"ListItem","position":1,"name":"Home","item":"https:\/\/clarijs-fietstassen.nl\/de\/"},{"@type":"ListItem","position":2,"name":"Shop","item":"https:\/\/clarijs-fietstassen.nl\/de\/shop\/"},{"@type":"ListItem","position":3,"name":"Einzelne Fahrradtaschen","item":"https:\/\/clarijs-fietstassen.nl\/de\/einzelne-fahrradtaschen\/"},{"@type":"ListItem","position":4,"name":"Fronttasche Premium"}]},{"@type":"WebSite","@id":"https:\/\/clarijs-fietstassen.nl\/de\/#website","url":"https:\/\/clarijs-fietstassen.nl\/de\/","name":"Clarijs Fietstassen","description":"Kwaliteit &amp; ambacht sinds 1948","publisher":{"@id":"https:\/\/clarijs-fietstassen.nl\/de\/#organization"},"potentialAction":[{"@type":"SearchAction","target":{"@type":"EntryPoint","urlTemplate":"https:\/\/clarijs-fietstassen.nl\/de\/?s={search_term_string}"},"query-input":{"@type":"PropertyValueSpecification","valueRequired":true,"valueName":"search_term_string"}}],"inLanguage":"de"},{"@type":"Organization","@id":"https:\/\/clarijs-fietstassen.nl\/de\/#organization","name":"Clarijs Fietstassen","url":"https:\/\/clarijs-fietstassen.nl\/de\/","logo":{"@type":"ImageObject","inLanguage":"de","@id":"https:\/\/clarijs-fietstassen.nl\/de\/#\/schema\/logo\/image\/","url":"https:\/\/clarijs-fietstassen.nl\/wp-content\/uploads\/2024\/01\/clarijs-logo-met-rand.jpg","contentUrl":"https:\/\/clarijs-fietstassen.nl\/wp-content\/uploads\/2024\/01\/clarijs-logo-met-rand.jpg","width":560,"height":266,"caption":"Clarijs Fietstassen"},"image":{"@id":"https:\/\/clarijs-fietstassen.nl\/de\/#\/schema\/logo\/image\/"},"sameAs":["https:\/\/www.facebook.com\/clarijs1948\/","https:\/\/www.instagram.com\/clarijscovers\/"]}]},"product_price_amount":"119.00","product_price_currency":"EUR","og_availability":"instock","product_availability":"instock","product_retailer_item_id":"3098","product_condition":"new"},"_links":{"self":[{"href":"https:\/\/clarijs-fietstassen.nl\/de\/wp-json\/wp\/v2\/product\/48690","targetHints":{"allow":["GET"]}}],"collection":[{"href":"https:\/\/clarijs-fietstassen.nl\/de\/wp-json\/wp\/v2\/product"}],"about":[{"href":"https:\/\/clarijs-fietstassen.nl\/de\/wp-json\/wp\/v2\/types\/product"}],"replies":[{"embeddable":true,"href":"https:\/\/clarijs-fietstassen.nl\/de\/wp-json\/wp\/v2\/comments?post=48690"}],"wp:featuredmedia":[{"embeddable":true,"href":"https:\/\/clarijs-fietstassen.nl\/de\/wp-json\/wp\/v2\/media\/48691"}],"wp:attachment":[{"href":"https:\/\/clarijs-fietstassen.nl\/de\/wp-json\/wp\/v2\/media?parent=48690"}],"wp:term":[{"taxonomy":"product_brand","embeddable":true,"href":"https:\/\/clarijs-fietstassen.nl\/de\/wp-json\/wp\/v2\/product_brand?post=48690"},{"taxonomy":"product_cat","embeddable":true,"href":"https:\/\/clarijs-fietstassen.nl\/de\/wp-json\/wp\/v2\/product_cat?post=48690"},{"taxonomy":"product_tag","embeddable":true,"href":"https:\/\/clarijs-fietstassen.nl\/de\/wp-json\/wp\/v2\/product_tag?post=48690"}],"curies":[{"name":"wp","href":"https:\/\/api.w.org\/{rel}","templated":true}]}}