{"id":48725,"date":"2025-01-27T16:24:50","date_gmt":"2025-01-27T15:24:50","guid":{"rendered":"https:\/\/clarijs-fietstassen.nl\/shopper-recycled-rosa\/"},"modified":"2026-02-25T11:34:53","modified_gmt":"2026-02-25T10:34:53","slug":"shopper-recycled-rosa","status":"publish","type":"product","link":"https:\/\/clarijs-fietstassen.nl\/de\/produkt\/shopper-recycled-rosa\/","title":{"rendered":"Shopper reCYCLEd Rosa &amp; Lila"},"content":{"rendered":"<p>Sind Sie auf der Suche nach einer nachhaltigen und einzigartigen Tasche? Der <strong data-start=\"210\" data-end=\"253\">Shopper ReCYCLEd &#8211; Pink &amp; Purple<\/strong> ist nicht nur eine umweltfreundliche Alternative, sondern hat auch einen einzigartigen Look. Er ist aus recyceltem LKW-Canvas hergestellt, einem megastarken Material, das intensivem Gebrauch und langfristiger Belastung standh\u00e4lt. Au\u00dferdem passt dieser Shopper reCYCLEd perfekt in unsere Doppelpacktaschen.   <\/p>\n<p><strong>Vorteile:<\/strong><\/p>\n<ul>\n<li>Ausgestattet mit einem langen Griff f\u00fcr zus\u00e4tzlichen Tragekomfort<\/li>\n<li>Hergestellt aus hochwertigen Materialien, damit die Tasche dem t\u00e4glichen Gebrauch standh\u00e4lt<\/li>\n<li>Die Shoppers passen perfekt in Ihre Gep\u00e4cktasche.<\/li>\n<\/ul>\n<p><strong>Abmessungen:<br \/>\n<\/strong>Die Abmessungen des Shoppers in Zentimetern sind: L\u00e4nge x Tiefe\/Breite x H\u00f6he<\/p>\n<ul>\n<li>Innen 33 x 16 x 32<\/li>\n<li>Au\u00dfen 36 x 18 x 36<\/li>\n<\/ul>\n<p>Die Gr\u00f6\u00dfen k\u00f6nnen leicht variieren, da alle unsere Taschen handgefertigt sind.<\/p>\n<p><strong>Hochwertiges Material<\/strong><\/p>\n<p>Der recycelte Lkw-Stoff ist megastark und h\u00e4lt intensivem Gebrauch und langfristiger Belastung stand. Alle von uns verwendeten Materialien stammen aus der EU und die handgefertigte Kollektion von Clarijs bietet nur das Beste. Sie k\u00f6nnen die Tasche einfach mit einem feuchten Tuch abwischen oder mit milder Seife und Wasser reinigen. Kaufen Sie diesen einzigartigen Shopper ReCYCLEd jetzt!   <\/p>\n","protected":false},"excerpt":{"rendered":"<p>Sind Sie auf der Suche nach einer nachhaltigen und einzigartigen Tasche? Der Shopper ReCYCLEd &#8211; Pink &amp; Purple ist nicht nur eine umweltfreundliche Alternative, sondern hat auch einen einzigartigen Look. Er ist aus recyceltem LKW-Canvas hergestellt, einem megastarken Material, das intensivem Gebrauch und langfristiger Belastung standh\u00e4lt. Au\u00dferdem passt dieser Shopper reCYCLEd perfekt in unsere Doppelpacktaschen. [&hellip;]<\/p>\n","protected":false},"featured_media":50031,"comment_status":"closed","ping_status":"closed","template":"","meta":{"_acf_changed":false,"_et_pb_use_builder":"","_et_pb_old_content":"","_et_gb_content_width":""},"product_brand":[],"product_cat":[783,759,761,769],"product_tag":[],"class_list":{"0":"post-48725","1":"product","2":"type-product","3":"status-publish","4":"has-post-thumbnail","6":"product_cat-recycled-de","7":"product_cat-shoppers-mit-druck","8":"product_cat-shoppers-recycled-de","9":"product_cat-taschen","10":"pa_afmetingen-40-x-20-x-33-cm-l-x-b-x-h-de","11":"pa_kleur-rosa","12":"pa_materiaal-bisonyl-pvc-leinwand","13":"pa_merk-clarijs-covers-b-v-de","15":"first","16":"instock","17":"taxable","18":"shipping-taxable","19":"purchasable","20":"product-type-simple"},"acf":[],"yoast_head":"<!-- This site is optimized with the Yoast SEO Premium plugin v27.2 (Yoast SEO v27.3) - https:\/\/yoast.com\/product\/yoast-seo-premium-wordpress\/ -->\n<title>Shopper reCYCLEd Rosa &amp; Lila - Clarijs Fietstassen<\/title>\n<meta name=\"description\" content=\"Shopper reCYCLEd Pink &amp; Purple: einzigartig, wasserdicht und handgefertigt aus recycelter LKW-Plane. Umweltfreundlich und ein echter Hingucker. Bestellen Sie jetzt!\" \/>\n<meta name=\"robots\" content=\"index, follow, max-snippet:-1, max-image-preview:large, max-video-preview:-1\" \/>\n<link rel=\"canonical\" href=\"https:\/\/clarijs-fietstassen.nl\/de\/produkt\/shopper-recycled-rosa\/\" \/>\n<meta property=\"og:locale\" content=\"de_DE\" \/>\n<meta property=\"og:type\" content=\"article\" \/>\n<meta property=\"og:title\" content=\"Shopper reCYCLEd Rosa &amp; Lila\" \/>\n<meta property=\"og:description\" content=\"Shopper reCYCLEd Pink &amp; Purple: einzigartig, wasserdicht und handgefertigt aus recycelter LKW-Plane. Umweltfreundlich und ein echter Hingucker. Bestellen Sie jetzt!\" \/>\n<meta property=\"og:url\" content=\"https:\/\/clarijs-fietstassen.nl\/de\/produkt\/shopper-recycled-rosa\/\" \/>\n<meta property=\"og:site_name\" content=\"Clarijs Fietstassen\" \/>\n<meta property=\"article:publisher\" content=\"https:\/\/www.facebook.com\/clarijs1948\/\" \/>\n<meta property=\"article:modified_time\" content=\"2026-02-25T10:34:53+00:00\" \/>\n<meta property=\"og:image\" content=\"https:\/\/clarijs-fietstassen.nl\/wp-content\/uploads\/2025\/03\/shopper-reCYCLEd-pink-purple5.png\" \/>\n\t<meta property=\"og:image:width\" content=\"1000\" \/>\n\t<meta property=\"og:image:height\" content=\"1000\" \/>\n\t<meta property=\"og:image:type\" content=\"image\/png\" \/>\n<meta name=\"twitter:card\" content=\"summary_large_image\" \/>\n<meta name=\"twitter:label1\" content=\"Preis\" \/>\n\t<meta name=\"twitter:data1\" content=\"&euro;32.00\" \/>\n\t<meta name=\"twitter:label2\" content=\"Verf\u00fcgbarkeit\" \/>\n\t<meta name=\"twitter:data2\" content=\"Auf Lager\" \/>\n<script type=\"application\/ld+json\" class=\"yoast-schema-graph\">{\"@context\":\"https:\\\/\\\/schema.org\",\"@graph\":[{\"@type\":\"WebPage\",\"@id\":\"https:\\\/\\\/clarijs-fietstassen.nl\\\/de\\\/produkt\\\/shopper-recycled-rosa\\\/\",\"url\":\"https:\\\/\\\/clarijs-fietstassen.nl\\\/de\\\/produkt\\\/shopper-recycled-rosa\\\/\",\"name\":\"Shopper reCYCLEd Rosa &amp; Lila - Clarijs Fietstassen\",\"isPartOf\":{\"@id\":\"https:\\\/\\\/clarijs-fietstassen.nl\\\/de\\\/#website\"},\"primaryImageOfPage\":{\"@id\":\"https:\\\/\\\/clarijs-fietstassen.nl\\\/de\\\/produkt\\\/shopper-recycled-rosa\\\/#primaryimage\"},\"image\":{\"@id\":\"https:\\\/\\\/clarijs-fietstassen.nl\\\/de\\\/produkt\\\/shopper-recycled-rosa\\\/#primaryimage\"},\"thumbnailUrl\":\"https:\\\/\\\/clarijs-fietstassen.nl\\\/wp-content\\\/uploads\\\/2025\\\/03\\\/shopper-reCYCLEd-pink-purple5.png\",\"datePublished\":\"2025-01-27T15:24:50+00:00\",\"dateModified\":\"2026-02-25T10:34:53+00:00\",\"description\":\"Shopper reCYCLEd Pink & Purple: einzigartig, wasserdicht und handgefertigt aus recycelter LKW-Plane. Umweltfreundlich und ein echter Hingucker. Bestellen Sie jetzt!\",\"breadcrumb\":{\"@id\":\"https:\\\/\\\/clarijs-fietstassen.nl\\\/de\\\/produkt\\\/shopper-recycled-rosa\\\/#breadcrumb\"},\"inLanguage\":\"de\",\"potentialAction\":[{\"@type\":\"ReadAction\",\"target\":[\"https:\\\/\\\/clarijs-fietstassen.nl\\\/de\\\/produkt\\\/shopper-recycled-rosa\\\/\"]}]},{\"@type\":\"ImageObject\",\"inLanguage\":\"de\",\"@id\":\"https:\\\/\\\/clarijs-fietstassen.nl\\\/de\\\/produkt\\\/shopper-recycled-rosa\\\/#primaryimage\",\"url\":\"https:\\\/\\\/clarijs-fietstassen.nl\\\/wp-content\\\/uploads\\\/2025\\\/03\\\/shopper-reCYCLEd-pink-purple5.png\",\"contentUrl\":\"https:\\\/\\\/clarijs-fietstassen.nl\\\/wp-content\\\/uploads\\\/2025\\\/03\\\/shopper-reCYCLEd-pink-purple5.png\",\"width\":1000,\"height\":1000,\"caption\":\"Shopper ReCYCLEd Rosa &amp; Lila 5\"},{\"@type\":\"BreadcrumbList\",\"@id\":\"https:\\\/\\\/clarijs-fietstassen.nl\\\/de\\\/produkt\\\/shopper-recycled-rosa\\\/#breadcrumb\",\"itemListElement\":[{\"@type\":\"ListItem\",\"position\":1,\"name\":\"Home\",\"item\":\"https:\\\/\\\/clarijs-fietstassen.nl\\\/de\\\/\"},{\"@type\":\"ListItem\",\"position\":2,\"name\":\"Shop\",\"item\":\"https:\\\/\\\/clarijs-fietstassen.nl\\\/de\\\/shop\\\/\"},{\"@type\":\"ListItem\",\"position\":3,\"name\":\"reCYCLEd\",\"item\":\"https:\\\/\\\/clarijs-fietstassen.nl\\\/recycled\\\/\"},{\"@type\":\"ListItem\",\"position\":4,\"name\":\"Shopper reCYCLEd Rosa &amp; Lila\"}]},{\"@type\":\"WebSite\",\"@id\":\"https:\\\/\\\/clarijs-fietstassen.nl\\\/de\\\/#website\",\"url\":\"https:\\\/\\\/clarijs-fietstassen.nl\\\/de\\\/\",\"name\":\"Clarijs Fietstassen\",\"description\":\"Kwaliteit &amp; ambacht sinds 1948\",\"publisher\":{\"@id\":\"https:\\\/\\\/clarijs-fietstassen.nl\\\/de\\\/#organization\"},\"potentialAction\":[{\"@type\":\"SearchAction\",\"target\":{\"@type\":\"EntryPoint\",\"urlTemplate\":\"https:\\\/\\\/clarijs-fietstassen.nl\\\/de\\\/?s={search_term_string}\"},\"query-input\":{\"@type\":\"PropertyValueSpecification\",\"valueRequired\":true,\"valueName\":\"search_term_string\"}}],\"inLanguage\":\"de\"},{\"@type\":\"Organization\",\"@id\":\"https:\\\/\\\/clarijs-fietstassen.nl\\\/de\\\/#organization\",\"name\":\"Clarijs Fietstassen\",\"url\":\"https:\\\/\\\/clarijs-fietstassen.nl\\\/de\\\/\",\"logo\":{\"@type\":\"ImageObject\",\"inLanguage\":\"de\",\"@id\":\"https:\\\/\\\/clarijs-fietstassen.nl\\\/de\\\/#\\\/schema\\\/logo\\\/image\\\/\",\"url\":\"https:\\\/\\\/clarijs-fietstassen.nl\\\/wp-content\\\/uploads\\\/2024\\\/01\\\/clarijs-logo-met-rand.jpg\",\"contentUrl\":\"https:\\\/\\\/clarijs-fietstassen.nl\\\/wp-content\\\/uploads\\\/2024\\\/01\\\/clarijs-logo-met-rand.jpg\",\"width\":560,\"height\":266,\"caption\":\"Clarijs Fietstassen\"},\"image\":{\"@id\":\"https:\\\/\\\/clarijs-fietstassen.nl\\\/de\\\/#\\\/schema\\\/logo\\\/image\\\/\"},\"sameAs\":[\"https:\\\/\\\/www.facebook.com\\\/clarijs1948\\\/\",\"https:\\\/\\\/www.instagram.com\\\/clarijscovers\\\/\"]}]}<\/script>\n<meta property=\"product:price:amount\" content=\"32.00\" \/>\n<meta property=\"product:price:currency\" content=\"EUR\" \/>\n<meta property=\"og:availability\" content=\"instock\" \/>\n<meta property=\"product:availability\" content=\"instock\" \/>\n<meta property=\"product:retailer_item_id\" content=\"2034\" \/>\n<meta property=\"product:condition\" content=\"new\" \/>\n<!-- \/ Yoast SEO Premium plugin. -->","yoast_head_json":{"title":"Shopper reCYCLEd Rosa &amp; Lila - Clarijs Fietstassen","description":"Shopper reCYCLEd Pink & Purple: einzigartig, wasserdicht und handgefertigt aus recycelter LKW-Plane. Umweltfreundlich und ein echter Hingucker. Bestellen Sie jetzt!","robots":{"index":"index","follow":"follow","max-snippet":"max-snippet:-1","max-image-preview":"max-image-preview:large","max-video-preview":"max-video-preview:-1"},"canonical":"https:\/\/clarijs-fietstassen.nl\/de\/produkt\/shopper-recycled-rosa\/","og_locale":"de_DE","og_type":"article","og_title":"Shopper reCYCLEd Rosa &amp; Lila","og_description":"Shopper reCYCLEd Pink & Purple: einzigartig, wasserdicht und handgefertigt aus recycelter LKW-Plane. Umweltfreundlich und ein echter Hingucker. Bestellen Sie jetzt!","og_url":"https:\/\/clarijs-fietstassen.nl\/de\/produkt\/shopper-recycled-rosa\/","og_site_name":"Clarijs Fietstassen","article_publisher":"https:\/\/www.facebook.com\/clarijs1948\/","article_modified_time":"2026-02-25T10:34:53+00:00","og_image":[{"width":1000,"height":1000,"url":"https:\/\/clarijs-fietstassen.nl\/wp-content\/uploads\/2025\/03\/shopper-reCYCLEd-pink-purple5.png","type":"image\/png"}],"twitter_card":"summary_large_image","twitter_misc":{"Preis":"&euro;32.00","Verf\u00fcgbarkeit":"Auf Lager"},"schema":{"@context":"https:\/\/schema.org","@graph":[{"@type":"WebPage","@id":"https:\/\/clarijs-fietstassen.nl\/de\/produkt\/shopper-recycled-rosa\/","url":"https:\/\/clarijs-fietstassen.nl\/de\/produkt\/shopper-recycled-rosa\/","name":"Shopper reCYCLEd Rosa &amp; Lila - Clarijs Fietstassen","isPartOf":{"@id":"https:\/\/clarijs-fietstassen.nl\/de\/#website"},"primaryImageOfPage":{"@id":"https:\/\/clarijs-fietstassen.nl\/de\/produkt\/shopper-recycled-rosa\/#primaryimage"},"image":{"@id":"https:\/\/clarijs-fietstassen.nl\/de\/produkt\/shopper-recycled-rosa\/#primaryimage"},"thumbnailUrl":"https:\/\/clarijs-fietstassen.nl\/wp-content\/uploads\/2025\/03\/shopper-reCYCLEd-pink-purple5.png","datePublished":"2025-01-27T15:24:50+00:00","dateModified":"2026-02-25T10:34:53+00:00","description":"Shopper reCYCLEd Pink & Purple: einzigartig, wasserdicht und handgefertigt aus recycelter LKW-Plane. Umweltfreundlich und ein echter Hingucker. Bestellen Sie jetzt!","breadcrumb":{"@id":"https:\/\/clarijs-fietstassen.nl\/de\/produkt\/shopper-recycled-rosa\/#breadcrumb"},"inLanguage":"de","potentialAction":[{"@type":"ReadAction","target":["https:\/\/clarijs-fietstassen.nl\/de\/produkt\/shopper-recycled-rosa\/"]}]},{"@type":"ImageObject","inLanguage":"de","@id":"https:\/\/clarijs-fietstassen.nl\/de\/produkt\/shopper-recycled-rosa\/#primaryimage","url":"https:\/\/clarijs-fietstassen.nl\/wp-content\/uploads\/2025\/03\/shopper-reCYCLEd-pink-purple5.png","contentUrl":"https:\/\/clarijs-fietstassen.nl\/wp-content\/uploads\/2025\/03\/shopper-reCYCLEd-pink-purple5.png","width":1000,"height":1000,"caption":"Shopper ReCYCLEd Rosa &amp; Lila 5"},{"@type":"BreadcrumbList","@id":"https:\/\/clarijs-fietstassen.nl\/de\/produkt\/shopper-recycled-rosa\/#breadcrumb","itemListElement":[{"@type":"ListItem","position":1,"name":"Home","item":"https:\/\/clarijs-fietstassen.nl\/de\/"},{"@type":"ListItem","position":2,"name":"Shop","item":"https:\/\/clarijs-fietstassen.nl\/de\/shop\/"},{"@type":"ListItem","position":3,"name":"reCYCLEd","item":"https:\/\/clarijs-fietstassen.nl\/recycled\/"},{"@type":"ListItem","position":4,"name":"Shopper reCYCLEd Rosa &amp; Lila"}]},{"@type":"WebSite","@id":"https:\/\/clarijs-fietstassen.nl\/de\/#website","url":"https:\/\/clarijs-fietstassen.nl\/de\/","name":"Clarijs Fietstassen","description":"Kwaliteit &amp; ambacht sinds 1948","publisher":{"@id":"https:\/\/clarijs-fietstassen.nl\/de\/#organization"},"potentialAction":[{"@type":"SearchAction","target":{"@type":"EntryPoint","urlTemplate":"https:\/\/clarijs-fietstassen.nl\/de\/?s={search_term_string}"},"query-input":{"@type":"PropertyValueSpecification","valueRequired":true,"valueName":"search_term_string"}}],"inLanguage":"de"},{"@type":"Organization","@id":"https:\/\/clarijs-fietstassen.nl\/de\/#organization","name":"Clarijs Fietstassen","url":"https:\/\/clarijs-fietstassen.nl\/de\/","logo":{"@type":"ImageObject","inLanguage":"de","@id":"https:\/\/clarijs-fietstassen.nl\/de\/#\/schema\/logo\/image\/","url":"https:\/\/clarijs-fietstassen.nl\/wp-content\/uploads\/2024\/01\/clarijs-logo-met-rand.jpg","contentUrl":"https:\/\/clarijs-fietstassen.nl\/wp-content\/uploads\/2024\/01\/clarijs-logo-met-rand.jpg","width":560,"height":266,"caption":"Clarijs Fietstassen"},"image":{"@id":"https:\/\/clarijs-fietstassen.nl\/de\/#\/schema\/logo\/image\/"},"sameAs":["https:\/\/www.facebook.com\/clarijs1948\/","https:\/\/www.instagram.com\/clarijscovers\/"]}]},"product_price_amount":"32.00","product_price_currency":"EUR","og_availability":"instock","product_availability":"instock","product_retailer_item_id":"2034","product_condition":"new"},"_links":{"self":[{"href":"https:\/\/clarijs-fietstassen.nl\/de\/wp-json\/wp\/v2\/product\/48725","targetHints":{"allow":["GET"]}}],"collection":[{"href":"https:\/\/clarijs-fietstassen.nl\/de\/wp-json\/wp\/v2\/product"}],"about":[{"href":"https:\/\/clarijs-fietstassen.nl\/de\/wp-json\/wp\/v2\/types\/product"}],"replies":[{"embeddable":true,"href":"https:\/\/clarijs-fietstassen.nl\/de\/wp-json\/wp\/v2\/comments?post=48725"}],"wp:featuredmedia":[{"embeddable":true,"href":"https:\/\/clarijs-fietstassen.nl\/de\/wp-json\/wp\/v2\/media\/50031"}],"wp:attachment":[{"href":"https:\/\/clarijs-fietstassen.nl\/de\/wp-json\/wp\/v2\/media?parent=48725"}],"wp:term":[{"taxonomy":"product_brand","embeddable":true,"href":"https:\/\/clarijs-fietstassen.nl\/de\/wp-json\/wp\/v2\/product_brand?post=48725"},{"taxonomy":"product_cat","embeddable":true,"href":"https:\/\/clarijs-fietstassen.nl\/de\/wp-json\/wp\/v2\/product_cat?post=48725"},{"taxonomy":"product_tag","embeddable":true,"href":"https:\/\/clarijs-fietstassen.nl\/de\/wp-json\/wp\/v2\/product_tag?post=48725"}],"curies":[{"name":"wp","href":"https:\/\/api.w.org\/{rel}","templated":true}]}}