{"id":48760,"date":"2023-07-02T11:02:32","date_gmt":"2023-07-02T09:02:32","guid":{"rendered":"https:\/\/clarijs-fietstassen.nl\/bakfiets-trike-regenschutz-clarijs\/"},"modified":"2025-09-03T15:21:05","modified_gmt":"2025-09-03T13:21:05","slug":"bakfiets-trike-regenschutz-clarijs","status":"publish","type":"product","link":"https:\/\/clarijs-fietstassen.nl\/de\/produkt\/bakfiets-trike-regenschutz-clarijs\/","title":{"rendered":"Lastenrad Regenschutz Dreirad \u2013 Clarijs"},"content":{"rendered":"<p>Halte dein dreir\u00e4driges Lastenrad und deine Ladung trocken mit dem <strong data-start=\"300\" data-end=\"345\">Clarijs Lastenrad Regenschutz Dreirad<\/strong>. Handgefertigt in den Niederlanden aus starkem, gewebtem Nylon mit PU-Beschichtung \u2013 die ideale Kombination aus Langlebigkeit und 100 % Wasserdichtigkeit. <\/p>\n<p><strong>Warum diesen Regenschutz w\u00e4hlen?<\/strong><\/p>\n<p>Mit dem Clarijs Regenschutz f\u00fcr Dreirad-Lastenr\u00e4der bist du bei jedem Wetter sorgenfrei unterwegs. Dein Rad und deine Ladung sind zuverl\u00e4ssig vor Regen, Wind und Schmutz gesch\u00fctzt. Der elastische Saum und stabile Metall\u00f6sen machen die Abdeckung leicht zu befestigen und zus\u00e4tzlich diebstahlsicher. Das strapazierf\u00e4hige Material ist f\u00fcr den t\u00e4glichen Gebrauch entwickelt und h\u00e4lt viele Jahre.   <\/p>\n<p data-start=\"932\" data-end=\"1022\"><strong>Perfekte Passform f\u00fcr Ihr Dreirad<\/strong><\/p>\n<p data-start=\"932\" data-end=\"1022\">Diese Regenh\u00fclle wurde speziell f\u00fcr dreir\u00e4drige Lastenr\u00e4der entwickelt. Sie passt unter anderem auf:<\/p>\n<ul data-start=\"1024\" data-end=\"1173\">\n<li data-start=\"1024\" data-end=\"1045\">\n<p data-start=\"1026\" data-end=\"1045\">Bakfiets.nl Dreirad<\/p>\n<\/li>\n<li data-start=\"1046\" data-end=\"1060\">\n<p data-start=\"1048\" data-end=\"1060\">Vogue Troy<\/p>\n<\/li>\n<li data-start=\"1061\" data-end=\"1078\">\n<p data-start=\"1063\" data-end=\"1078\">Vogue Carry 3<\/p>\n<\/li>\n<li data-start=\"1079\" data-end=\"1094\">\n<p data-start=\"1081\" data-end=\"1094\">Babboe Stadt<\/p>\n<\/li>\n<li data-start=\"1095\" data-end=\"1111\">\n<p data-start=\"1097\" data-end=\"1111\">Babboe Kurve<\/p>\n<\/li>\n<li data-start=\"1112\" data-end=\"1126\">\n<p data-start=\"1114\" data-end=\"1126\">Babboe Hund<\/p>\n<\/li>\n<li data-start=\"1127\" data-end=\"1136\">\n<p data-start=\"1129\" data-end=\"1136\">Bimas<\/p>\n<\/li>\n<li data-start=\"1137\" data-end=\"1147\">\n<p data-start=\"1139\" data-end=\"1147\">Cangoo<\/p>\n<\/li>\n<li data-start=\"1148\" data-end=\"1173\">\n<p data-start=\"1150\" data-end=\"1173\">und viele weitere Modelle<\/p>\n<\/li>\n<\/ul>\n<p data-start=\"1175\" data-end=\"1305\">Egal ob kurz oder lang \u2013 der Clarijs Regenschutz sitzt perfekt und bleibt auch bei starkem Wind sicher an Ort und Stelle. Bestelle jetzt deinen Lastenrad Regenschutz Dreirad Clarijs und sch\u00fctze dein Rad und deine Ladung \u2013 bei jedem Wetter. <\/p>\n","protected":false},"excerpt":{"rendered":"<p>Halte dein dreir\u00e4driges Lastenrad und deine Ladung trocken mit dem Clarijs Lastenrad Regenschutz Dreirad. Handgefertigt in den Niederlanden aus starkem, gewebtem Nylon mit PU-Beschichtung \u2013 die ideale Kombination aus Langlebigkeit und 100 % Wasserdichtigkeit. Warum diesen Regenschutz w\u00e4hlen? Mit dem Clarijs Regenschutz f\u00fcr Dreirad-Lastenr\u00e4der bist du bei jedem Wetter sorgenfrei unterwegs. Dein Rad und deine [&hellip;]<\/p>\n","protected":false},"featured_media":48762,"comment_status":"closed","ping_status":"closed","template":"","meta":{"_acf_changed":false,"_et_pb_use_builder":"","_et_pb_old_content":"","_et_gb_content_width":""},"product_brand":[],"product_cat":[686,687,702,724,693,688,684],"product_tag":[],"class_list":{"0":"post-48760","1":"product","2":"type-product","3":"status-publish","4":"has-post-thumbnail","6":"product_cat-bakfiets-de","7":"product_cat-bakfiets-nl-de","8":"product_cat-christiania-de","9":"product_cat-fietsfabriek-de","10":"product_cat-lastenrad-regenschutz","11":"product_cat-lastenrad-zubehor","12":"product_cat-zubehor","13":"pa_materiaal-gewebtes-nylon-pu","15":"first","16":"instock","17":"taxable","18":"shipping-taxable","19":"purchasable","20":"product-type-simple"},"acf":[],"yoast_head":"<!-- This site is optimized with the Yoast SEO Premium plugin v27.2 (Yoast SEO v27.4) - https:\/\/yoast.com\/product\/yoast-seo-premium-wordpress\/ -->\n<title>Lastenrad Regenschutz Dreirad \u2013 Clarijs - Clarijs Fietstassen<\/title>\n<meta name=\"description\" content=\"Sch\u00fctze dein dreir\u00e4driges Lastenrad mit dem Clarijs Regenschutz. 100 % wasserdicht, robust und handgemacht in den Niederlanden \u2013 perfekte Passform f\u00fcr Cargo Trikes.\" \/>\n<meta name=\"robots\" content=\"index, follow, max-snippet:-1, max-image-preview:large, max-video-preview:-1\" \/>\n<link rel=\"canonical\" href=\"https:\/\/clarijs-fietstassen.nl\/produkt\/bakfiets-driewieler-regenhoes-clarijs\/\" \/>\n<meta property=\"og:locale\" content=\"de_DE\" \/>\n<meta property=\"og:type\" content=\"article\" \/>\n<meta property=\"og:title\" content=\"Lastenrad Regenschutz Dreirad \u2013 Clarijs\" \/>\n<meta property=\"og:description\" content=\"Sch\u00fctze dein dreir\u00e4driges Lastenrad mit dem Clarijs Regenschutz. 100 % wasserdicht, robust und handgemacht in den Niederlanden \u2013 perfekte Passform f\u00fcr Cargo Trikes.\" \/>\n<meta property=\"og:url\" content=\"https:\/\/clarijs-fietstassen.nl\/produkt\/bakfiets-driewieler-regenhoes-clarijs\/\" \/>\n<meta property=\"og:site_name\" content=\"Clarijs Fietstassen\" \/>\n<meta property=\"article:publisher\" content=\"https:\/\/www.facebook.com\/clarijs1948\/\" \/>\n<meta property=\"article:modified_time\" content=\"2025-09-03T13:21:05+00:00\" \/>\n<meta property=\"og:image\" content=\"https:\/\/clarijs-fietstassen.nl\/wp-content\/uploads\/2024\/02\/Trike-regenhoes.jpg\" \/>\n\t<meta property=\"og:image:width\" content=\"800\" \/>\n\t<meta property=\"og:image:height\" content=\"800\" \/>\n\t<meta property=\"og:image:type\" content=\"image\/jpeg\" \/>\n<meta name=\"twitter:card\" content=\"summary_large_image\" \/>\n<meta name=\"twitter:label1\" content=\"Preis\" \/>\n\t<meta name=\"twitter:data1\" content=\"&euro;139.00\" \/>\n\t<meta name=\"twitter:label2\" content=\"Verf\u00fcgbarkeit\" \/>\n\t<meta name=\"twitter:data2\" content=\"Auf Lager\" \/>\n<script type=\"application\/ld+json\" class=\"yoast-schema-graph\">{\"@context\":\"https:\\\/\\\/schema.org\",\"@graph\":[{\"@type\":\"WebPage\",\"@id\":\"https:\\\/\\\/clarijs-fietstassen.nl\\\/produkt\\\/bakfiets-driewieler-regenhoes-clarijs\\\/\",\"url\":\"https:\\\/\\\/clarijs-fietstassen.nl\\\/produkt\\\/bakfiets-driewieler-regenhoes-clarijs\\\/\",\"name\":\"Lastenrad Regenschutz Dreirad \u2013 Clarijs - Clarijs Fietstassen\",\"isPartOf\":{\"@id\":\"https:\\\/\\\/clarijs-fietstassen.nl\\\/de\\\/#website\"},\"primaryImageOfPage\":{\"@id\":\"https:\\\/\\\/clarijs-fietstassen.nl\\\/produkt\\\/bakfiets-driewieler-regenhoes-clarijs\\\/#primaryimage\"},\"image\":{\"@id\":\"https:\\\/\\\/clarijs-fietstassen.nl\\\/produkt\\\/bakfiets-driewieler-regenhoes-clarijs\\\/#primaryimage\"},\"thumbnailUrl\":\"https:\\\/\\\/clarijs-fietstassen.nl\\\/wp-content\\\/uploads\\\/2024\\\/02\\\/Trike-regenhoes.jpg\",\"datePublished\":\"2023-07-02T09:02:32+00:00\",\"dateModified\":\"2025-09-03T13:21:05+00:00\",\"description\":\"Sch\u00fctze dein dreir\u00e4driges Lastenrad mit dem Clarijs Regenschutz. 100 % wasserdicht, robust und handgemacht in den Niederlanden \u2013 perfekte Passform f\u00fcr Cargo Trikes.\",\"breadcrumb\":{\"@id\":\"https:\\\/\\\/clarijs-fietstassen.nl\\\/produkt\\\/bakfiets-driewieler-regenhoes-clarijs\\\/#breadcrumb\"},\"inLanguage\":\"de\",\"potentialAction\":[{\"@type\":\"ReadAction\",\"target\":[\"https:\\\/\\\/clarijs-fietstassen.nl\\\/produkt\\\/bakfiets-driewieler-regenhoes-clarijs\\\/\"]}]},{\"@type\":\"ImageObject\",\"inLanguage\":\"de\",\"@id\":\"https:\\\/\\\/clarijs-fietstassen.nl\\\/produkt\\\/bakfiets-driewieler-regenhoes-clarijs\\\/#primaryimage\",\"url\":\"https:\\\/\\\/clarijs-fietstassen.nl\\\/wp-content\\\/uploads\\\/2024\\\/02\\\/Trike-regenhoes.jpg\",\"contentUrl\":\"https:\\\/\\\/clarijs-fietstassen.nl\\\/wp-content\\\/uploads\\\/2024\\\/02\\\/Trike-regenhoes.jpg\",\"width\":800,\"height\":800,\"caption\":\"Lastenrad Regenschutz Dreirad \u2013 Clarijs1\"},{\"@type\":\"BreadcrumbList\",\"@id\":\"https:\\\/\\\/clarijs-fietstassen.nl\\\/produkt\\\/bakfiets-driewieler-regenhoes-clarijs\\\/#breadcrumb\",\"itemListElement\":[{\"@type\":\"ListItem\",\"position\":1,\"name\":\"Home\",\"item\":\"https:\\\/\\\/clarijs-fietstassen.nl\\\/de\\\/\"},{\"@type\":\"ListItem\",\"position\":2,\"name\":\"Shop\",\"item\":\"https:\\\/\\\/clarijs-fietstassen.nl\\\/de\\\/shop\\\/\"},{\"@type\":\"ListItem\",\"position\":3,\"name\":\"Bakfiets\",\"item\":\"https:\\\/\\\/clarijs-fietstassen.nl\\\/de\\\/bakfiets-de\\\/\"},{\"@type\":\"ListItem\",\"position\":4,\"name\":\"Lastenrad Regenschutz Dreirad \u2013 Clarijs\"}]},{\"@type\":\"WebSite\",\"@id\":\"https:\\\/\\\/clarijs-fietstassen.nl\\\/de\\\/#website\",\"url\":\"https:\\\/\\\/clarijs-fietstassen.nl\\\/de\\\/\",\"name\":\"Clarijs Fietstassen\",\"description\":\"Kwaliteit &amp; ambacht sinds 1948\",\"publisher\":{\"@id\":\"https:\\\/\\\/clarijs-fietstassen.nl\\\/de\\\/#organization\"},\"potentialAction\":[{\"@type\":\"SearchAction\",\"target\":{\"@type\":\"EntryPoint\",\"urlTemplate\":\"https:\\\/\\\/clarijs-fietstassen.nl\\\/de\\\/?s={search_term_string}\"},\"query-input\":{\"@type\":\"PropertyValueSpecification\",\"valueRequired\":true,\"valueName\":\"search_term_string\"}}],\"inLanguage\":\"de\"},{\"@type\":\"Organization\",\"@id\":\"https:\\\/\\\/clarijs-fietstassen.nl\\\/de\\\/#organization\",\"name\":\"Clarijs Fietstassen\",\"url\":\"https:\\\/\\\/clarijs-fietstassen.nl\\\/de\\\/\",\"logo\":{\"@type\":\"ImageObject\",\"inLanguage\":\"de\",\"@id\":\"https:\\\/\\\/clarijs-fietstassen.nl\\\/de\\\/#\\\/schema\\\/logo\\\/image\\\/\",\"url\":\"https:\\\/\\\/clarijs-fietstassen.nl\\\/wp-content\\\/uploads\\\/2024\\\/01\\\/clarijs-logo-met-rand.jpg\",\"contentUrl\":\"https:\\\/\\\/clarijs-fietstassen.nl\\\/wp-content\\\/uploads\\\/2024\\\/01\\\/clarijs-logo-met-rand.jpg\",\"width\":560,\"height\":266,\"caption\":\"Clarijs Fietstassen\"},\"image\":{\"@id\":\"https:\\\/\\\/clarijs-fietstassen.nl\\\/de\\\/#\\\/schema\\\/logo\\\/image\\\/\"},\"sameAs\":[\"https:\\\/\\\/www.facebook.com\\\/clarijs1948\\\/\",\"https:\\\/\\\/www.instagram.com\\\/clarijscovers\\\/\"]}]}<\/script>\n<meta property=\"product:price:amount\" content=\"139.00\" \/>\n<meta property=\"product:price:currency\" content=\"EUR\" \/>\n<meta property=\"og:availability\" content=\"instock\" \/>\n<meta property=\"product:availability\" content=\"instock\" \/>\n<meta property=\"product:retailer_item_id\" content=\"4070\" \/>\n<meta property=\"product:condition\" content=\"new\" \/>\n<!-- \/ Yoast SEO Premium plugin. -->","yoast_head_json":{"title":"Lastenrad Regenschutz Dreirad \u2013 Clarijs - Clarijs Fietstassen","description":"Sch\u00fctze dein dreir\u00e4driges Lastenrad mit dem Clarijs Regenschutz. 100 % wasserdicht, robust und handgemacht in den Niederlanden \u2013 perfekte Passform f\u00fcr Cargo Trikes.","robots":{"index":"index","follow":"follow","max-snippet":"max-snippet:-1","max-image-preview":"max-image-preview:large","max-video-preview":"max-video-preview:-1"},"canonical":"https:\/\/clarijs-fietstassen.nl\/produkt\/bakfiets-driewieler-regenhoes-clarijs\/","og_locale":"de_DE","og_type":"article","og_title":"Lastenrad Regenschutz Dreirad \u2013 Clarijs","og_description":"Sch\u00fctze dein dreir\u00e4driges Lastenrad mit dem Clarijs Regenschutz. 100 % wasserdicht, robust und handgemacht in den Niederlanden \u2013 perfekte Passform f\u00fcr Cargo Trikes.","og_url":"https:\/\/clarijs-fietstassen.nl\/produkt\/bakfiets-driewieler-regenhoes-clarijs\/","og_site_name":"Clarijs Fietstassen","article_publisher":"https:\/\/www.facebook.com\/clarijs1948\/","article_modified_time":"2025-09-03T13:21:05+00:00","og_image":[{"width":800,"height":800,"url":"https:\/\/clarijs-fietstassen.nl\/wp-content\/uploads\/2024\/02\/Trike-regenhoes.jpg","type":"image\/jpeg"}],"twitter_card":"summary_large_image","twitter_misc":{"Preis":"&euro;139.00","Verf\u00fcgbarkeit":"Auf Lager"},"schema":{"@context":"https:\/\/schema.org","@graph":[{"@type":"WebPage","@id":"https:\/\/clarijs-fietstassen.nl\/produkt\/bakfiets-driewieler-regenhoes-clarijs\/","url":"https:\/\/clarijs-fietstassen.nl\/produkt\/bakfiets-driewieler-regenhoes-clarijs\/","name":"Lastenrad Regenschutz Dreirad \u2013 Clarijs - Clarijs Fietstassen","isPartOf":{"@id":"https:\/\/clarijs-fietstassen.nl\/de\/#website"},"primaryImageOfPage":{"@id":"https:\/\/clarijs-fietstassen.nl\/produkt\/bakfiets-driewieler-regenhoes-clarijs\/#primaryimage"},"image":{"@id":"https:\/\/clarijs-fietstassen.nl\/produkt\/bakfiets-driewieler-regenhoes-clarijs\/#primaryimage"},"thumbnailUrl":"https:\/\/clarijs-fietstassen.nl\/wp-content\/uploads\/2024\/02\/Trike-regenhoes.jpg","datePublished":"2023-07-02T09:02:32+00:00","dateModified":"2025-09-03T13:21:05+00:00","description":"Sch\u00fctze dein dreir\u00e4driges Lastenrad mit dem Clarijs Regenschutz. 100 % wasserdicht, robust und handgemacht in den Niederlanden \u2013 perfekte Passform f\u00fcr Cargo Trikes.","breadcrumb":{"@id":"https:\/\/clarijs-fietstassen.nl\/produkt\/bakfiets-driewieler-regenhoes-clarijs\/#breadcrumb"},"inLanguage":"de","potentialAction":[{"@type":"ReadAction","target":["https:\/\/clarijs-fietstassen.nl\/produkt\/bakfiets-driewieler-regenhoes-clarijs\/"]}]},{"@type":"ImageObject","inLanguage":"de","@id":"https:\/\/clarijs-fietstassen.nl\/produkt\/bakfiets-driewieler-regenhoes-clarijs\/#primaryimage","url":"https:\/\/clarijs-fietstassen.nl\/wp-content\/uploads\/2024\/02\/Trike-regenhoes.jpg","contentUrl":"https:\/\/clarijs-fietstassen.nl\/wp-content\/uploads\/2024\/02\/Trike-regenhoes.jpg","width":800,"height":800,"caption":"Lastenrad Regenschutz Dreirad \u2013 Clarijs1"},{"@type":"BreadcrumbList","@id":"https:\/\/clarijs-fietstassen.nl\/produkt\/bakfiets-driewieler-regenhoes-clarijs\/#breadcrumb","itemListElement":[{"@type":"ListItem","position":1,"name":"Home","item":"https:\/\/clarijs-fietstassen.nl\/de\/"},{"@type":"ListItem","position":2,"name":"Shop","item":"https:\/\/clarijs-fietstassen.nl\/de\/shop\/"},{"@type":"ListItem","position":3,"name":"Bakfiets","item":"https:\/\/clarijs-fietstassen.nl\/de\/bakfiets-de\/"},{"@type":"ListItem","position":4,"name":"Lastenrad Regenschutz Dreirad \u2013 Clarijs"}]},{"@type":"WebSite","@id":"https:\/\/clarijs-fietstassen.nl\/de\/#website","url":"https:\/\/clarijs-fietstassen.nl\/de\/","name":"Clarijs Fietstassen","description":"Kwaliteit &amp; ambacht sinds 1948","publisher":{"@id":"https:\/\/clarijs-fietstassen.nl\/de\/#organization"},"potentialAction":[{"@type":"SearchAction","target":{"@type":"EntryPoint","urlTemplate":"https:\/\/clarijs-fietstassen.nl\/de\/?s={search_term_string}"},"query-input":{"@type":"PropertyValueSpecification","valueRequired":true,"valueName":"search_term_string"}}],"inLanguage":"de"},{"@type":"Organization","@id":"https:\/\/clarijs-fietstassen.nl\/de\/#organization","name":"Clarijs Fietstassen","url":"https:\/\/clarijs-fietstassen.nl\/de\/","logo":{"@type":"ImageObject","inLanguage":"de","@id":"https:\/\/clarijs-fietstassen.nl\/de\/#\/schema\/logo\/image\/","url":"https:\/\/clarijs-fietstassen.nl\/wp-content\/uploads\/2024\/01\/clarijs-logo-met-rand.jpg","contentUrl":"https:\/\/clarijs-fietstassen.nl\/wp-content\/uploads\/2024\/01\/clarijs-logo-met-rand.jpg","width":560,"height":266,"caption":"Clarijs Fietstassen"},"image":{"@id":"https:\/\/clarijs-fietstassen.nl\/de\/#\/schema\/logo\/image\/"},"sameAs":["https:\/\/www.facebook.com\/clarijs1948\/","https:\/\/www.instagram.com\/clarijscovers\/"]}]},"product_price_amount":"139.00","product_price_currency":"EUR","og_availability":"instock","product_availability":"instock","product_retailer_item_id":"4070","product_condition":"new"},"_links":{"self":[{"href":"https:\/\/clarijs-fietstassen.nl\/de\/wp-json\/wp\/v2\/product\/48760","targetHints":{"allow":["GET"]}}],"collection":[{"href":"https:\/\/clarijs-fietstassen.nl\/de\/wp-json\/wp\/v2\/product"}],"about":[{"href":"https:\/\/clarijs-fietstassen.nl\/de\/wp-json\/wp\/v2\/types\/product"}],"replies":[{"embeddable":true,"href":"https:\/\/clarijs-fietstassen.nl\/de\/wp-json\/wp\/v2\/comments?post=48760"}],"wp:featuredmedia":[{"embeddable":true,"href":"https:\/\/clarijs-fietstassen.nl\/de\/wp-json\/wp\/v2\/media\/48762"}],"wp:attachment":[{"href":"https:\/\/clarijs-fietstassen.nl\/de\/wp-json\/wp\/v2\/media?parent=48760"}],"wp:term":[{"taxonomy":"product_brand","embeddable":true,"href":"https:\/\/clarijs-fietstassen.nl\/de\/wp-json\/wp\/v2\/product_brand?post=48760"},{"taxonomy":"product_cat","embeddable":true,"href":"https:\/\/clarijs-fietstassen.nl\/de\/wp-json\/wp\/v2\/product_cat?post=48760"},{"taxonomy":"product_tag","embeddable":true,"href":"https:\/\/clarijs-fietstassen.nl\/de\/wp-json\/wp\/v2\/product_tag?post=48760"}],"curies":[{"name":"wp","href":"https:\/\/api.w.org\/{rel}","templated":true}]}}