{"id":48764,"date":"2023-07-02T11:03:39","date_gmt":"2023-07-02T09:03:39","guid":{"rendered":"https:\/\/clarijs-fietstassen.nl\/bakfiets-regenschutz-zweirad-extra-lang-mit-regenverdeck\/"},"modified":"2025-05-07T16:07:45","modified_gmt":"2025-05-07T14:07:45","slug":"bakfiets-regenschutz-zweirad-extra-lang-mit-regenverdeck","status":"publish","type":"product","link":"https:\/\/clarijs-fietstassen.nl\/de\/produkt\/bakfiets-regenschutz-zweirad-extra-lang-mit-regenverdeck\/","title":{"rendered":"Bakfiets Regenschutz Zweirad Extra Lang mit Regenverdeck"},"content":{"rendered":"<p><span style=\"font-weight: 400;\">Entdecken Sie die vielseitige Bakfiets Rain Cover Bicycle Extra Long with Rain Canopy &#8211; Sch\u00fctzt Ihr Lastenfahrrad vor allen Elementen!<\/span><\/p>\n<p><span style=\"font-weight: 400;\">Unsere Bakfiets Rain Covers sind der ultimative Schutz f\u00fcr Ihren wertvollen Besitz. Diese Abdeckungen aus gewebtem Nylon-PU bieten un\u00fcbertroffene Wasserdichtigkeit und sorgen daf\u00fcr, dass Ihr Lastenfahrrad und Ihre wertvolle Ladung immer trocken bleiben, selbst bei den schwierigsten Wetterbedingungen. <\/span><\/p>\n<p>Extra langes Format von 265 cm.<\/p>\n<p><strong>Vorteile<\/strong> des <span style=\"font-weight: 400;\">Bakfiets Rain Cover Two Wheeler Extra Long mit Regenschutzdach:<\/span><\/p>\n<ul>\n<li>Passt \u00fcber die Kapuze<\/li>\n<li>Passt \u00fcber Gep\u00e4cktaschen<\/li>\n<li>Auch geeignet f\u00fcr ein Riese &amp; Muller Lastenrad mit einer Gesamtl\u00e4nge von 2,55 m<\/li>\n<\/ul>\n<p><span style=\"font-weight: 400;\">Passt perfekt:<\/span><\/p>\n<p><span style=\"font-weight: 400;\">Dank des cleveren Designs mit Gummizug an der Unterseite und praktischen Ringen passen diese Abdeckungen nahtlos auf verschiedene Cargo Bike-Modelle, einschlie\u00dflich Cargo Bike kurz, Cargo Bike lang, Bicycle Factory 995\/Original, Bicycle Factory 996\/Original lang, Dolly Cargo Bike und Nihola Cargo Bike (Trike). Egal, ob Sie ein kurzes oder langes Lastenfahrrad haben, Sie k\u00f6nnen sicher sein, dass unsere Regenschutzh\u00fcllen perfekt passen.<\/span><\/p>\n","protected":false},"excerpt":{"rendered":"<p>Entdecken Sie die vielseitige Bakfiets Rain Cover Bicycle Extra Long with Rain Canopy &#8211; Sch\u00fctzt Ihr Lastenfahrrad vor allen Elementen! Unsere Bakfiets Rain Covers sind der ultimative Schutz f\u00fcr Ihren wertvollen Besitz. Diese Abdeckungen aus gewebtem Nylon-PU bieten un\u00fcbertroffene Wasserdichtigkeit und sorgen daf\u00fcr, dass Ihr Lastenfahrrad und Ihre wertvolle Ladung immer trocken bleiben, selbst bei [&hellip;]<\/p>\n","protected":false},"featured_media":49549,"comment_status":"closed","ping_status":"closed","template":"","meta":{"_acf_changed":false,"_et_pb_use_builder":"","_et_pb_old_content":"","_et_gb_content_width":""},"product_brand":[],"product_cat":[686,687,693,688,684],"product_tag":[],"class_list":{"0":"post-48764","1":"product","2":"type-product","3":"status-publish","4":"has-post-thumbnail","6":"product_cat-bakfiets-de","7":"product_cat-bakfiets-nl-de","8":"product_cat-lastenrad-regenschutz","9":"product_cat-lastenrad-zubehor","10":"product_cat-zubehor","11":"pa_materiaal-gewebtes-nylon-pu","13":"first","14":"instock","15":"taxable","16":"shipping-taxable","17":"purchasable","18":"product-type-simple"},"acf":[],"yoast_head":"<!-- This site is optimized with the Yoast SEO Premium plugin v27.2 (Yoast SEO v27.3) - https:\/\/yoast.com\/product\/yoast-seo-premium-wordpress\/ -->\n<title>Bakfiets Regenschutz Zweirad Extra Lang mit Regenverdeck - Clarijs Fietstassen<\/title>\n<meta name=\"description\" content=\"Dieser Regenschutz hat eine extra lange Gr\u00f6\u00dfe, damit er \u00fcber das Verdeck und die Packtaschen passt. Auch f\u00fcr das Riesse &amp; Muller Zweirad von 255 cm geeignet.\" \/>\n<meta name=\"robots\" content=\"index, follow, max-snippet:-1, max-image-preview:large, max-video-preview:-1\" \/>\n<link rel=\"canonical\" href=\"https:\/\/clarijs-fietstassen.nl\/produkt\/bakfiets-regenhoes-tweewieler-extra-lang-met-regenhuif\/\" \/>\n<meta property=\"og:locale\" content=\"de_DE\" \/>\n<meta property=\"og:type\" content=\"article\" \/>\n<meta property=\"og:title\" content=\"Bakfiets Regenschutz Zweirad Extra Lang mit Regenverdeck\" \/>\n<meta property=\"og:description\" content=\"Dieser Regenschutz hat eine extra lange Gr\u00f6\u00dfe, damit er \u00fcber das Verdeck und die Packtaschen passt. Auch f\u00fcr das Riesse &amp; Muller Zweirad von 255 cm geeignet.\" \/>\n<meta property=\"og:url\" content=\"https:\/\/clarijs-fietstassen.nl\/produkt\/bakfiets-regenhoes-tweewieler-extra-lang-met-regenhuif\/\" \/>\n<meta property=\"og:site_name\" content=\"Clarijs Fietstassen\" \/>\n<meta property=\"article:publisher\" content=\"https:\/\/www.facebook.com\/clarijs1948\/\" \/>\n<meta property=\"article:modified_time\" content=\"2025-05-07T14:07:45+00:00\" \/>\n<meta property=\"og:image\" content=\"https:\/\/clarijs-fietstassen.nl\/wp-content\/uploads\/2025\/02\/4.png\" \/>\n\t<meta property=\"og:image:width\" content=\"1000\" \/>\n\t<meta property=\"og:image:height\" content=\"1000\" \/>\n\t<meta property=\"og:image:type\" content=\"image\/png\" \/>\n<meta name=\"twitter:card\" content=\"summary_large_image\" \/>\n<meta name=\"twitter:label1\" content=\"Preis\" \/>\n\t<meta name=\"twitter:data1\" content=\"&euro;149.00\" \/>\n\t<meta name=\"twitter:label2\" content=\"Verf\u00fcgbarkeit\" \/>\n\t<meta name=\"twitter:data2\" content=\"Auf Lager\" \/>\n<script type=\"application\/ld+json\" class=\"yoast-schema-graph\">{\"@context\":\"https:\\\/\\\/schema.org\",\"@graph\":[{\"@type\":\"WebPage\",\"@id\":\"https:\\\/\\\/clarijs-fietstassen.nl\\\/produkt\\\/bakfiets-regenhoes-tweewieler-extra-lang-met-regenhuif\\\/\",\"url\":\"https:\\\/\\\/clarijs-fietstassen.nl\\\/produkt\\\/bakfiets-regenhoes-tweewieler-extra-lang-met-regenhuif\\\/\",\"name\":\"Bakfiets Regenschutz Zweirad Extra Lang mit Regenverdeck - Clarijs Fietstassen\",\"isPartOf\":{\"@id\":\"https:\\\/\\\/clarijs-fietstassen.nl\\\/de\\\/#website\"},\"primaryImageOfPage\":{\"@id\":\"https:\\\/\\\/clarijs-fietstassen.nl\\\/produkt\\\/bakfiets-regenhoes-tweewieler-extra-lang-met-regenhuif\\\/#primaryimage\"},\"image\":{\"@id\":\"https:\\\/\\\/clarijs-fietstassen.nl\\\/produkt\\\/bakfiets-regenhoes-tweewieler-extra-lang-met-regenhuif\\\/#primaryimage\"},\"thumbnailUrl\":\"https:\\\/\\\/clarijs-fietstassen.nl\\\/wp-content\\\/uploads\\\/2025\\\/02\\\/4.png\",\"datePublished\":\"2023-07-02T09:03:39+00:00\",\"dateModified\":\"2025-05-07T14:07:45+00:00\",\"description\":\"Dieser Regenschutz hat eine extra lange Gr\u00f6\u00dfe, damit er \u00fcber das Verdeck und die Packtaschen passt. Auch f\u00fcr das Riesse & Muller Zweirad von 255 cm geeignet.\",\"breadcrumb\":{\"@id\":\"https:\\\/\\\/clarijs-fietstassen.nl\\\/produkt\\\/bakfiets-regenhoes-tweewieler-extra-lang-met-regenhuif\\\/#breadcrumb\"},\"inLanguage\":\"de\",\"potentialAction\":[{\"@type\":\"ReadAction\",\"target\":[\"https:\\\/\\\/clarijs-fietstassen.nl\\\/produkt\\\/bakfiets-regenhoes-tweewieler-extra-lang-met-regenhuif\\\/\"]}]},{\"@type\":\"ImageObject\",\"inLanguage\":\"de\",\"@id\":\"https:\\\/\\\/clarijs-fietstassen.nl\\\/produkt\\\/bakfiets-regenhoes-tweewieler-extra-lang-met-regenhuif\\\/#primaryimage\",\"url\":\"https:\\\/\\\/clarijs-fietstassen.nl\\\/wp-content\\\/uploads\\\/2025\\\/02\\\/4.png\",\"contentUrl\":\"https:\\\/\\\/clarijs-fietstassen.nl\\\/wp-content\\\/uploads\\\/2025\\\/02\\\/4.png\",\"width\":1000,\"height\":1000,\"caption\":\"Bakfiets Regenschutz Zweirad Extra Lang mit Regenverdeck\"},{\"@type\":\"BreadcrumbList\",\"@id\":\"https:\\\/\\\/clarijs-fietstassen.nl\\\/produkt\\\/bakfiets-regenhoes-tweewieler-extra-lang-met-regenhuif\\\/#breadcrumb\",\"itemListElement\":[{\"@type\":\"ListItem\",\"position\":1,\"name\":\"Home\",\"item\":\"https:\\\/\\\/clarijs-fietstassen.nl\\\/de\\\/\"},{\"@type\":\"ListItem\",\"position\":2,\"name\":\"Shop\",\"item\":\"https:\\\/\\\/clarijs-fietstassen.nl\\\/de\\\/shop\\\/\"},{\"@type\":\"ListItem\",\"position\":3,\"name\":\"Bakfiets\",\"item\":\"https:\\\/\\\/clarijs-fietstassen.nl\\\/de\\\/bakfiets-de\\\/\"},{\"@type\":\"ListItem\",\"position\":4,\"name\":\"Bakfiets Regenschutz Zweirad Extra Lang mit Regenverdeck\"}]},{\"@type\":\"WebSite\",\"@id\":\"https:\\\/\\\/clarijs-fietstassen.nl\\\/de\\\/#website\",\"url\":\"https:\\\/\\\/clarijs-fietstassen.nl\\\/de\\\/\",\"name\":\"Clarijs Fietstassen\",\"description\":\"Kwaliteit &amp; ambacht sinds 1948\",\"publisher\":{\"@id\":\"https:\\\/\\\/clarijs-fietstassen.nl\\\/de\\\/#organization\"},\"potentialAction\":[{\"@type\":\"SearchAction\",\"target\":{\"@type\":\"EntryPoint\",\"urlTemplate\":\"https:\\\/\\\/clarijs-fietstassen.nl\\\/de\\\/?s={search_term_string}\"},\"query-input\":{\"@type\":\"PropertyValueSpecification\",\"valueRequired\":true,\"valueName\":\"search_term_string\"}}],\"inLanguage\":\"de\"},{\"@type\":\"Organization\",\"@id\":\"https:\\\/\\\/clarijs-fietstassen.nl\\\/de\\\/#organization\",\"name\":\"Clarijs Fietstassen\",\"url\":\"https:\\\/\\\/clarijs-fietstassen.nl\\\/de\\\/\",\"logo\":{\"@type\":\"ImageObject\",\"inLanguage\":\"de\",\"@id\":\"https:\\\/\\\/clarijs-fietstassen.nl\\\/de\\\/#\\\/schema\\\/logo\\\/image\\\/\",\"url\":\"https:\\\/\\\/clarijs-fietstassen.nl\\\/wp-content\\\/uploads\\\/2024\\\/01\\\/clarijs-logo-met-rand.jpg\",\"contentUrl\":\"https:\\\/\\\/clarijs-fietstassen.nl\\\/wp-content\\\/uploads\\\/2024\\\/01\\\/clarijs-logo-met-rand.jpg\",\"width\":560,\"height\":266,\"caption\":\"Clarijs Fietstassen\"},\"image\":{\"@id\":\"https:\\\/\\\/clarijs-fietstassen.nl\\\/de\\\/#\\\/schema\\\/logo\\\/image\\\/\"},\"sameAs\":[\"https:\\\/\\\/www.facebook.com\\\/clarijs1948\\\/\",\"https:\\\/\\\/www.instagram.com\\\/clarijscovers\\\/\"]}]}<\/script>\n<meta property=\"product:price:amount\" content=\"149.00\" \/>\n<meta property=\"product:price:currency\" content=\"EUR\" \/>\n<meta property=\"og:availability\" content=\"instock\" \/>\n<meta property=\"product:availability\" content=\"instock\" \/>\n<meta property=\"product:retailer_item_id\" content=\"4078\" \/>\n<meta property=\"product:condition\" content=\"new\" \/>\n<!-- \/ Yoast SEO Premium plugin. -->","yoast_head_json":{"title":"Bakfiets Regenschutz Zweirad Extra Lang mit Regenverdeck - Clarijs Fietstassen","description":"Dieser Regenschutz hat eine extra lange Gr\u00f6\u00dfe, damit er \u00fcber das Verdeck und die Packtaschen passt. Auch f\u00fcr das Riesse & Muller Zweirad von 255 cm geeignet.","robots":{"index":"index","follow":"follow","max-snippet":"max-snippet:-1","max-image-preview":"max-image-preview:large","max-video-preview":"max-video-preview:-1"},"canonical":"https:\/\/clarijs-fietstassen.nl\/produkt\/bakfiets-regenhoes-tweewieler-extra-lang-met-regenhuif\/","og_locale":"de_DE","og_type":"article","og_title":"Bakfiets Regenschutz Zweirad Extra Lang mit Regenverdeck","og_description":"Dieser Regenschutz hat eine extra lange Gr\u00f6\u00dfe, damit er \u00fcber das Verdeck und die Packtaschen passt. Auch f\u00fcr das Riesse & Muller Zweirad von 255 cm geeignet.","og_url":"https:\/\/clarijs-fietstassen.nl\/produkt\/bakfiets-regenhoes-tweewieler-extra-lang-met-regenhuif\/","og_site_name":"Clarijs Fietstassen","article_publisher":"https:\/\/www.facebook.com\/clarijs1948\/","article_modified_time":"2025-05-07T14:07:45+00:00","og_image":[{"width":1000,"height":1000,"url":"https:\/\/clarijs-fietstassen.nl\/wp-content\/uploads\/2025\/02\/4.png","type":"image\/png"}],"twitter_card":"summary_large_image","twitter_misc":{"Preis":"&euro;149.00","Verf\u00fcgbarkeit":"Auf Lager"},"schema":{"@context":"https:\/\/schema.org","@graph":[{"@type":"WebPage","@id":"https:\/\/clarijs-fietstassen.nl\/produkt\/bakfiets-regenhoes-tweewieler-extra-lang-met-regenhuif\/","url":"https:\/\/clarijs-fietstassen.nl\/produkt\/bakfiets-regenhoes-tweewieler-extra-lang-met-regenhuif\/","name":"Bakfiets Regenschutz Zweirad Extra Lang mit Regenverdeck - Clarijs Fietstassen","isPartOf":{"@id":"https:\/\/clarijs-fietstassen.nl\/de\/#website"},"primaryImageOfPage":{"@id":"https:\/\/clarijs-fietstassen.nl\/produkt\/bakfiets-regenhoes-tweewieler-extra-lang-met-regenhuif\/#primaryimage"},"image":{"@id":"https:\/\/clarijs-fietstassen.nl\/produkt\/bakfiets-regenhoes-tweewieler-extra-lang-met-regenhuif\/#primaryimage"},"thumbnailUrl":"https:\/\/clarijs-fietstassen.nl\/wp-content\/uploads\/2025\/02\/4.png","datePublished":"2023-07-02T09:03:39+00:00","dateModified":"2025-05-07T14:07:45+00:00","description":"Dieser Regenschutz hat eine extra lange Gr\u00f6\u00dfe, damit er \u00fcber das Verdeck und die Packtaschen passt. Auch f\u00fcr das Riesse & Muller Zweirad von 255 cm geeignet.","breadcrumb":{"@id":"https:\/\/clarijs-fietstassen.nl\/produkt\/bakfiets-regenhoes-tweewieler-extra-lang-met-regenhuif\/#breadcrumb"},"inLanguage":"de","potentialAction":[{"@type":"ReadAction","target":["https:\/\/clarijs-fietstassen.nl\/produkt\/bakfiets-regenhoes-tweewieler-extra-lang-met-regenhuif\/"]}]},{"@type":"ImageObject","inLanguage":"de","@id":"https:\/\/clarijs-fietstassen.nl\/produkt\/bakfiets-regenhoes-tweewieler-extra-lang-met-regenhuif\/#primaryimage","url":"https:\/\/clarijs-fietstassen.nl\/wp-content\/uploads\/2025\/02\/4.png","contentUrl":"https:\/\/clarijs-fietstassen.nl\/wp-content\/uploads\/2025\/02\/4.png","width":1000,"height":1000,"caption":"Bakfiets Regenschutz Zweirad Extra Lang mit Regenverdeck"},{"@type":"BreadcrumbList","@id":"https:\/\/clarijs-fietstassen.nl\/produkt\/bakfiets-regenhoes-tweewieler-extra-lang-met-regenhuif\/#breadcrumb","itemListElement":[{"@type":"ListItem","position":1,"name":"Home","item":"https:\/\/clarijs-fietstassen.nl\/de\/"},{"@type":"ListItem","position":2,"name":"Shop","item":"https:\/\/clarijs-fietstassen.nl\/de\/shop\/"},{"@type":"ListItem","position":3,"name":"Bakfiets","item":"https:\/\/clarijs-fietstassen.nl\/de\/bakfiets-de\/"},{"@type":"ListItem","position":4,"name":"Bakfiets Regenschutz Zweirad Extra Lang mit Regenverdeck"}]},{"@type":"WebSite","@id":"https:\/\/clarijs-fietstassen.nl\/de\/#website","url":"https:\/\/clarijs-fietstassen.nl\/de\/","name":"Clarijs Fietstassen","description":"Kwaliteit &amp; ambacht sinds 1948","publisher":{"@id":"https:\/\/clarijs-fietstassen.nl\/de\/#organization"},"potentialAction":[{"@type":"SearchAction","target":{"@type":"EntryPoint","urlTemplate":"https:\/\/clarijs-fietstassen.nl\/de\/?s={search_term_string}"},"query-input":{"@type":"PropertyValueSpecification","valueRequired":true,"valueName":"search_term_string"}}],"inLanguage":"de"},{"@type":"Organization","@id":"https:\/\/clarijs-fietstassen.nl\/de\/#organization","name":"Clarijs Fietstassen","url":"https:\/\/clarijs-fietstassen.nl\/de\/","logo":{"@type":"ImageObject","inLanguage":"de","@id":"https:\/\/clarijs-fietstassen.nl\/de\/#\/schema\/logo\/image\/","url":"https:\/\/clarijs-fietstassen.nl\/wp-content\/uploads\/2024\/01\/clarijs-logo-met-rand.jpg","contentUrl":"https:\/\/clarijs-fietstassen.nl\/wp-content\/uploads\/2024\/01\/clarijs-logo-met-rand.jpg","width":560,"height":266,"caption":"Clarijs Fietstassen"},"image":{"@id":"https:\/\/clarijs-fietstassen.nl\/de\/#\/schema\/logo\/image\/"},"sameAs":["https:\/\/www.facebook.com\/clarijs1948\/","https:\/\/www.instagram.com\/clarijscovers\/"]}]},"product_price_amount":"149.00","product_price_currency":"EUR","og_availability":"instock","product_availability":"instock","product_retailer_item_id":"4078","product_condition":"new"},"_links":{"self":[{"href":"https:\/\/clarijs-fietstassen.nl\/de\/wp-json\/wp\/v2\/product\/48764","targetHints":{"allow":["GET"]}}],"collection":[{"href":"https:\/\/clarijs-fietstassen.nl\/de\/wp-json\/wp\/v2\/product"}],"about":[{"href":"https:\/\/clarijs-fietstassen.nl\/de\/wp-json\/wp\/v2\/types\/product"}],"replies":[{"embeddable":true,"href":"https:\/\/clarijs-fietstassen.nl\/de\/wp-json\/wp\/v2\/comments?post=48764"}],"wp:featuredmedia":[{"embeddable":true,"href":"https:\/\/clarijs-fietstassen.nl\/de\/wp-json\/wp\/v2\/media\/49549"}],"wp:attachment":[{"href":"https:\/\/clarijs-fietstassen.nl\/de\/wp-json\/wp\/v2\/media?parent=48764"}],"wp:term":[{"taxonomy":"product_brand","embeddable":true,"href":"https:\/\/clarijs-fietstassen.nl\/de\/wp-json\/wp\/v2\/product_brand?post=48764"},{"taxonomy":"product_cat","embeddable":true,"href":"https:\/\/clarijs-fietstassen.nl\/de\/wp-json\/wp\/v2\/product_cat?post=48764"},{"taxonomy":"product_tag","embeddable":true,"href":"https:\/\/clarijs-fietstassen.nl\/de\/wp-json\/wp\/v2\/product_tag?post=48764"}],"curies":[{"name":"wp","href":"https:\/\/api.w.org\/{rel}","templated":true}]}}