{"id":48769,"date":"2023-07-02T11:04:13","date_gmt":"2023-07-02T09:04:13","guid":{"rendered":"https:\/\/clarijs-fietstassen.nl\/bakfiets-regenschutz-zweirad-clarijs\/"},"modified":"2025-09-03T14:57:37","modified_gmt":"2025-09-03T12:57:37","slug":"bakfiets-regenschutz-zweirad-clarijs","status":"publish","type":"product","link":"https:\/\/clarijs-fietstassen.nl\/de\/produkt\/bakfiets-regenschutz-zweirad-clarijs\/","title":{"rendered":"Lastenrad Regenschutz Zweirad Clarijs"},"content":{"rendered":"<p>Halte dein Lastenrad und deine Ladung immer trocken mit dem <strong data-start=\"488\" data-end=\"533\">Lastenrad Regenschutz Zweirad Clarijs<\/strong>. Handgefertigt in den Niederlanden aus besonders robustem Nylon mit PU-Beschichtung \u2013 die perfekte Kombination aus Langlebigkeit und 100 % Wasserdichtigkeit. <\/p>\n<p><strong>Warum diesen Regenschutz w\u00e4hlen?<\/strong><\/p>\n<p data-start=\"231\" data-end=\"651\">Mit dem <strong data-start=\"238\" data-end=\"279\">Clarijs Lastenrad Regenschutz<\/strong> bleibst du auf jeder Fahrt trocken. Dein Lastenrad und deine Ladung sind zuverl\u00e4ssig vor Regen, Wind und Schmutz gesch\u00fctzt. Dank des elastischen Saums und stabiler Metall\u00f6sen l\u00e4sst sich die Abdeckung einfach befestigen und zus\u00e4tzlich diebstahlsicher machen. Das strapazierf\u00e4hige Material h\u00e4lt einiges aus, ideal f\u00fcr den t\u00e4glichen Einsatz und eine lange Lebensdauer.   <\/p>\n<p><strong>Perfekte Passform f\u00fcr Ihr Lastenfahrrad<\/strong><\/p>\n<p data-start=\"1069\" data-end=\"1157\">Diese Regenh\u00fclle wurde speziell f\u00fcr zweir\u00e4drige Lastenr\u00e4der entwickelt. Sie passt unter anderem auf: <\/p>\n<ul data-start=\"1158\" data-end=\"1301\">\n<li data-start=\"1158\" data-end=\"1185\">\n<p data-start=\"1160\" data-end=\"1185\">Cargo Bike kurz und lang<\/p>\n<\/li>\n<li data-start=\"1186\" data-end=\"1217\">\n<p data-start=\"1188\" data-end=\"1217\">Fahrradfabrik 995 \/ Original<\/p>\n<\/li>\n<li data-start=\"1218\" data-end=\"1254\">\n<p data-start=\"1220\" data-end=\"1254\">Fahrradfabrik 996 \/ Original Lang<\/p>\n<\/li>\n<li data-start=\"1255\" data-end=\"1273\">\n<p data-start=\"1257\" data-end=\"1273\">Dolly Lastenfahrrad<\/p>\n<\/li>\n<li data-start=\"1274\" data-end=\"1301\">\n<p data-start=\"1276\" data-end=\"1301\">Nihola Lastenfahrrad (Dreirad)<\/p>\n<\/li>\n<\/ul>\n<p data-start=\"1303\" data-end=\"1429\">Ob kurz oder lang \u2013 der Clarijs Regenschutz sitzt perfekt und bleibt auch bei starkem Wind sicher an Ort und Stelle.<\/p>\n<p><strong>Handgemacht &amp; nachhaltig<\/strong><\/p>\n<p data-start=\"1460\" data-end=\"1664\">Jeder Lastenrad Regenschutz wird in den Niederlanden von Hand gefertigt, gr\u00f6\u00dftenteils von Fachkr\u00e4ften aus sozialen Werkst\u00e4tten. So erh\u00e4ltst du nicht nur h\u00f6chste Qualit\u00e4t, sondern unterst\u00fctzt auch einen fairen und nachhaltigen Produktionsprozess. <\/p>\n","protected":false},"excerpt":{"rendered":"<p>Halte dein Lastenrad und deine Ladung immer trocken mit dem Lastenrad Regenschutz Zweirad Clarijs. Handgefertigt in den Niederlanden aus besonders robustem Nylon mit PU-Beschichtung \u2013 die perfekte Kombination aus Langlebigkeit und 100 % Wasserdichtigkeit. Warum diesen Regenschutz w\u00e4hlen? Mit dem Clarijs Lastenrad Regenschutz bleibst du auf jeder Fahrt trocken. Dein Lastenrad und deine Ladung sind [&hellip;]<\/p>\n","protected":false},"featured_media":49543,"comment_status":"closed","ping_status":"closed","template":"","meta":{"_acf_changed":false,"_et_pb_use_builder":"","_et_pb_old_content":"","_et_gb_content_width":""},"product_brand":[],"product_cat":[686,687,693,688,684],"product_tag":[],"class_list":{"0":"post-48769","1":"product","2":"type-product","3":"status-publish","4":"has-post-thumbnail","6":"product_cat-bakfiets-de","7":"product_cat-bakfiets-nl-de","8":"product_cat-lastenrad-regenschutz","9":"product_cat-lastenrad-zubehor","10":"product_cat-zubehor","11":"pa_materiaal-gewebtes-nylon-pu","13":"first","14":"instock","15":"taxable","16":"shipping-taxable","17":"purchasable","18":"product-type-simple"},"acf":[],"yoast_head":"<!-- This site is optimized with the Yoast SEO Premium plugin v27.2 (Yoast SEO v27.3) - https:\/\/yoast.com\/product\/yoast-seo-premium-wordpress\/ -->\n<title>Lastenrad Regenschutz Zweirad Clarijs - Clarijs Fietstassen<\/title>\n<meta name=\"description\" content=\"Sch\u00fctze dein Lastenrad mit dem Clarijs Regenschutz f\u00fcr Zweir\u00e4der. 100 % wasserdicht, robust und handgemacht in den Niederlanden \u2013 perfekte Passform f\u00fcr Cargo Bikes.\" \/>\n<meta name=\"robots\" content=\"index, follow, max-snippet:-1, max-image-preview:large, max-video-preview:-1\" \/>\n<link rel=\"canonical\" href=\"https:\/\/clarijs-fietstassen.nl\/produkt\/bakfiets-regenhoes-tweewieler-clarijs\/\" \/>\n<meta property=\"og:locale\" content=\"de_DE\" \/>\n<meta property=\"og:type\" content=\"article\" \/>\n<meta property=\"og:title\" content=\"Lastenrad Regenschutz Zweirad Clarijs\" \/>\n<meta property=\"og:description\" content=\"Sch\u00fctze dein Lastenrad mit dem Clarijs Regenschutz f\u00fcr Zweir\u00e4der. 100 % wasserdicht, robust und handgemacht in den Niederlanden \u2013 perfekte Passform f\u00fcr Cargo Bikes.\" \/>\n<meta property=\"og:url\" content=\"https:\/\/clarijs-fietstassen.nl\/produkt\/bakfiets-regenhoes-tweewieler-clarijs\/\" \/>\n<meta property=\"og:site_name\" content=\"Clarijs Fietstassen\" \/>\n<meta property=\"article:publisher\" content=\"https:\/\/www.facebook.com\/clarijs1948\/\" \/>\n<meta property=\"article:modified_time\" content=\"2025-09-03T12:57:37+00:00\" \/>\n<meta property=\"og:image\" content=\"https:\/\/clarijs-fietstassen.nl\/wp-content\/uploads\/2025\/02\/cargo-bakfietshoes-1.png\" \/>\n\t<meta property=\"og:image:width\" content=\"1000\" \/>\n\t<meta property=\"og:image:height\" content=\"999\" \/>\n\t<meta property=\"og:image:type\" content=\"image\/png\" \/>\n<meta name=\"twitter:card\" content=\"summary_large_image\" \/>\n<meta name=\"twitter:label1\" content=\"Preis\" \/>\n\t<meta name=\"twitter:data1\" content=\"&euro;139.00\" \/>\n\t<meta name=\"twitter:label2\" content=\"Verf\u00fcgbarkeit\" \/>\n\t<meta name=\"twitter:data2\" content=\"Auf Lager\" \/>\n<script type=\"application\/ld+json\" class=\"yoast-schema-graph\">{\"@context\":\"https:\\\/\\\/schema.org\",\"@graph\":[{\"@type\":\"WebPage\",\"@id\":\"https:\\\/\\\/clarijs-fietstassen.nl\\\/produkt\\\/bakfiets-regenhoes-tweewieler-clarijs\\\/\",\"url\":\"https:\\\/\\\/clarijs-fietstassen.nl\\\/produkt\\\/bakfiets-regenhoes-tweewieler-clarijs\\\/\",\"name\":\"Lastenrad Regenschutz Zweirad Clarijs - Clarijs Fietstassen\",\"isPartOf\":{\"@id\":\"https:\\\/\\\/clarijs-fietstassen.nl\\\/de\\\/#website\"},\"primaryImageOfPage\":{\"@id\":\"https:\\\/\\\/clarijs-fietstassen.nl\\\/produkt\\\/bakfiets-regenhoes-tweewieler-clarijs\\\/#primaryimage\"},\"image\":{\"@id\":\"https:\\\/\\\/clarijs-fietstassen.nl\\\/produkt\\\/bakfiets-regenhoes-tweewieler-clarijs\\\/#primaryimage\"},\"thumbnailUrl\":\"https:\\\/\\\/clarijs-fietstassen.nl\\\/wp-content\\\/uploads\\\/2025\\\/02\\\/cargo-bakfietshoes-1.png\",\"datePublished\":\"2023-07-02T09:04:13+00:00\",\"dateModified\":\"2025-09-03T12:57:37+00:00\",\"description\":\"Sch\u00fctze dein Lastenrad mit dem Clarijs Regenschutz f\u00fcr Zweir\u00e4der. 100 % wasserdicht, robust und handgemacht in den Niederlanden \u2013 perfekte Passform f\u00fcr Cargo Bikes.\",\"breadcrumb\":{\"@id\":\"https:\\\/\\\/clarijs-fietstassen.nl\\\/produkt\\\/bakfiets-regenhoes-tweewieler-clarijs\\\/#breadcrumb\"},\"inLanguage\":\"de\",\"potentialAction\":[{\"@type\":\"ReadAction\",\"target\":[\"https:\\\/\\\/clarijs-fietstassen.nl\\\/produkt\\\/bakfiets-regenhoes-tweewieler-clarijs\\\/\"]}]},{\"@type\":\"ImageObject\",\"inLanguage\":\"de\",\"@id\":\"https:\\\/\\\/clarijs-fietstassen.nl\\\/produkt\\\/bakfiets-regenhoes-tweewieler-clarijs\\\/#primaryimage\",\"url\":\"https:\\\/\\\/clarijs-fietstassen.nl\\\/wp-content\\\/uploads\\\/2025\\\/02\\\/cargo-bakfietshoes-1.png\",\"contentUrl\":\"https:\\\/\\\/clarijs-fietstassen.nl\\\/wp-content\\\/uploads\\\/2025\\\/02\\\/cargo-bakfietshoes-1.png\",\"width\":1000,\"height\":999,\"caption\":\"Regenschutz Zweirad f\u00fcr Lastenfahrr\u00e4der\"},{\"@type\":\"BreadcrumbList\",\"@id\":\"https:\\\/\\\/clarijs-fietstassen.nl\\\/produkt\\\/bakfiets-regenhoes-tweewieler-clarijs\\\/#breadcrumb\",\"itemListElement\":[{\"@type\":\"ListItem\",\"position\":1,\"name\":\"Home\",\"item\":\"https:\\\/\\\/clarijs-fietstassen.nl\\\/de\\\/\"},{\"@type\":\"ListItem\",\"position\":2,\"name\":\"Shop\",\"item\":\"https:\\\/\\\/clarijs-fietstassen.nl\\\/de\\\/shop\\\/\"},{\"@type\":\"ListItem\",\"position\":3,\"name\":\"Bakfiets\",\"item\":\"https:\\\/\\\/clarijs-fietstassen.nl\\\/de\\\/bakfiets-de\\\/\"},{\"@type\":\"ListItem\",\"position\":4,\"name\":\"Lastenrad Regenschutz Zweirad Clarijs\"}]},{\"@type\":\"WebSite\",\"@id\":\"https:\\\/\\\/clarijs-fietstassen.nl\\\/de\\\/#website\",\"url\":\"https:\\\/\\\/clarijs-fietstassen.nl\\\/de\\\/\",\"name\":\"Clarijs Fietstassen\",\"description\":\"Kwaliteit &amp; ambacht sinds 1948\",\"publisher\":{\"@id\":\"https:\\\/\\\/clarijs-fietstassen.nl\\\/de\\\/#organization\"},\"potentialAction\":[{\"@type\":\"SearchAction\",\"target\":{\"@type\":\"EntryPoint\",\"urlTemplate\":\"https:\\\/\\\/clarijs-fietstassen.nl\\\/de\\\/?s={search_term_string}\"},\"query-input\":{\"@type\":\"PropertyValueSpecification\",\"valueRequired\":true,\"valueName\":\"search_term_string\"}}],\"inLanguage\":\"de\"},{\"@type\":\"Organization\",\"@id\":\"https:\\\/\\\/clarijs-fietstassen.nl\\\/de\\\/#organization\",\"name\":\"Clarijs Fietstassen\",\"url\":\"https:\\\/\\\/clarijs-fietstassen.nl\\\/de\\\/\",\"logo\":{\"@type\":\"ImageObject\",\"inLanguage\":\"de\",\"@id\":\"https:\\\/\\\/clarijs-fietstassen.nl\\\/de\\\/#\\\/schema\\\/logo\\\/image\\\/\",\"url\":\"https:\\\/\\\/clarijs-fietstassen.nl\\\/wp-content\\\/uploads\\\/2024\\\/01\\\/clarijs-logo-met-rand.jpg\",\"contentUrl\":\"https:\\\/\\\/clarijs-fietstassen.nl\\\/wp-content\\\/uploads\\\/2024\\\/01\\\/clarijs-logo-met-rand.jpg\",\"width\":560,\"height\":266,\"caption\":\"Clarijs Fietstassen\"},\"image\":{\"@id\":\"https:\\\/\\\/clarijs-fietstassen.nl\\\/de\\\/#\\\/schema\\\/logo\\\/image\\\/\"},\"sameAs\":[\"https:\\\/\\\/www.facebook.com\\\/clarijs1948\\\/\",\"https:\\\/\\\/www.instagram.com\\\/clarijscovers\\\/\"]}]}<\/script>\n<meta property=\"product:price:amount\" content=\"139.00\" \/>\n<meta property=\"product:price:currency\" content=\"EUR\" \/>\n<meta property=\"og:availability\" content=\"instock\" \/>\n<meta property=\"product:availability\" content=\"instock\" \/>\n<meta property=\"product:retailer_item_id\" content=\"4000\" \/>\n<meta property=\"product:condition\" content=\"new\" \/>\n<!-- \/ Yoast SEO Premium plugin. -->","yoast_head_json":{"title":"Lastenrad Regenschutz Zweirad Clarijs - Clarijs Fietstassen","description":"Sch\u00fctze dein Lastenrad mit dem Clarijs Regenschutz f\u00fcr Zweir\u00e4der. 100 % wasserdicht, robust und handgemacht in den Niederlanden \u2013 perfekte Passform f\u00fcr Cargo Bikes.","robots":{"index":"index","follow":"follow","max-snippet":"max-snippet:-1","max-image-preview":"max-image-preview:large","max-video-preview":"max-video-preview:-1"},"canonical":"https:\/\/clarijs-fietstassen.nl\/produkt\/bakfiets-regenhoes-tweewieler-clarijs\/","og_locale":"de_DE","og_type":"article","og_title":"Lastenrad Regenschutz Zweirad Clarijs","og_description":"Sch\u00fctze dein Lastenrad mit dem Clarijs Regenschutz f\u00fcr Zweir\u00e4der. 100 % wasserdicht, robust und handgemacht in den Niederlanden \u2013 perfekte Passform f\u00fcr Cargo Bikes.","og_url":"https:\/\/clarijs-fietstassen.nl\/produkt\/bakfiets-regenhoes-tweewieler-clarijs\/","og_site_name":"Clarijs Fietstassen","article_publisher":"https:\/\/www.facebook.com\/clarijs1948\/","article_modified_time":"2025-09-03T12:57:37+00:00","og_image":[{"width":1000,"height":999,"url":"https:\/\/clarijs-fietstassen.nl\/wp-content\/uploads\/2025\/02\/cargo-bakfietshoes-1.png","type":"image\/png"}],"twitter_card":"summary_large_image","twitter_misc":{"Preis":"&euro;139.00","Verf\u00fcgbarkeit":"Auf Lager"},"schema":{"@context":"https:\/\/schema.org","@graph":[{"@type":"WebPage","@id":"https:\/\/clarijs-fietstassen.nl\/produkt\/bakfiets-regenhoes-tweewieler-clarijs\/","url":"https:\/\/clarijs-fietstassen.nl\/produkt\/bakfiets-regenhoes-tweewieler-clarijs\/","name":"Lastenrad Regenschutz Zweirad Clarijs - Clarijs Fietstassen","isPartOf":{"@id":"https:\/\/clarijs-fietstassen.nl\/de\/#website"},"primaryImageOfPage":{"@id":"https:\/\/clarijs-fietstassen.nl\/produkt\/bakfiets-regenhoes-tweewieler-clarijs\/#primaryimage"},"image":{"@id":"https:\/\/clarijs-fietstassen.nl\/produkt\/bakfiets-regenhoes-tweewieler-clarijs\/#primaryimage"},"thumbnailUrl":"https:\/\/clarijs-fietstassen.nl\/wp-content\/uploads\/2025\/02\/cargo-bakfietshoes-1.png","datePublished":"2023-07-02T09:04:13+00:00","dateModified":"2025-09-03T12:57:37+00:00","description":"Sch\u00fctze dein Lastenrad mit dem Clarijs Regenschutz f\u00fcr Zweir\u00e4der. 100 % wasserdicht, robust und handgemacht in den Niederlanden \u2013 perfekte Passform f\u00fcr Cargo Bikes.","breadcrumb":{"@id":"https:\/\/clarijs-fietstassen.nl\/produkt\/bakfiets-regenhoes-tweewieler-clarijs\/#breadcrumb"},"inLanguage":"de","potentialAction":[{"@type":"ReadAction","target":["https:\/\/clarijs-fietstassen.nl\/produkt\/bakfiets-regenhoes-tweewieler-clarijs\/"]}]},{"@type":"ImageObject","inLanguage":"de","@id":"https:\/\/clarijs-fietstassen.nl\/produkt\/bakfiets-regenhoes-tweewieler-clarijs\/#primaryimage","url":"https:\/\/clarijs-fietstassen.nl\/wp-content\/uploads\/2025\/02\/cargo-bakfietshoes-1.png","contentUrl":"https:\/\/clarijs-fietstassen.nl\/wp-content\/uploads\/2025\/02\/cargo-bakfietshoes-1.png","width":1000,"height":999,"caption":"Regenschutz Zweirad f\u00fcr Lastenfahrr\u00e4der"},{"@type":"BreadcrumbList","@id":"https:\/\/clarijs-fietstassen.nl\/produkt\/bakfiets-regenhoes-tweewieler-clarijs\/#breadcrumb","itemListElement":[{"@type":"ListItem","position":1,"name":"Home","item":"https:\/\/clarijs-fietstassen.nl\/de\/"},{"@type":"ListItem","position":2,"name":"Shop","item":"https:\/\/clarijs-fietstassen.nl\/de\/shop\/"},{"@type":"ListItem","position":3,"name":"Bakfiets","item":"https:\/\/clarijs-fietstassen.nl\/de\/bakfiets-de\/"},{"@type":"ListItem","position":4,"name":"Lastenrad Regenschutz Zweirad Clarijs"}]},{"@type":"WebSite","@id":"https:\/\/clarijs-fietstassen.nl\/de\/#website","url":"https:\/\/clarijs-fietstassen.nl\/de\/","name":"Clarijs Fietstassen","description":"Kwaliteit &amp; ambacht sinds 1948","publisher":{"@id":"https:\/\/clarijs-fietstassen.nl\/de\/#organization"},"potentialAction":[{"@type":"SearchAction","target":{"@type":"EntryPoint","urlTemplate":"https:\/\/clarijs-fietstassen.nl\/de\/?s={search_term_string}"},"query-input":{"@type":"PropertyValueSpecification","valueRequired":true,"valueName":"search_term_string"}}],"inLanguage":"de"},{"@type":"Organization","@id":"https:\/\/clarijs-fietstassen.nl\/de\/#organization","name":"Clarijs Fietstassen","url":"https:\/\/clarijs-fietstassen.nl\/de\/","logo":{"@type":"ImageObject","inLanguage":"de","@id":"https:\/\/clarijs-fietstassen.nl\/de\/#\/schema\/logo\/image\/","url":"https:\/\/clarijs-fietstassen.nl\/wp-content\/uploads\/2024\/01\/clarijs-logo-met-rand.jpg","contentUrl":"https:\/\/clarijs-fietstassen.nl\/wp-content\/uploads\/2024\/01\/clarijs-logo-met-rand.jpg","width":560,"height":266,"caption":"Clarijs Fietstassen"},"image":{"@id":"https:\/\/clarijs-fietstassen.nl\/de\/#\/schema\/logo\/image\/"},"sameAs":["https:\/\/www.facebook.com\/clarijs1948\/","https:\/\/www.instagram.com\/clarijscovers\/"]}]},"product_price_amount":"139.00","product_price_currency":"EUR","og_availability":"instock","product_availability":"instock","product_retailer_item_id":"4000","product_condition":"new"},"_links":{"self":[{"href":"https:\/\/clarijs-fietstassen.nl\/de\/wp-json\/wp\/v2\/product\/48769","targetHints":{"allow":["GET"]}}],"collection":[{"href":"https:\/\/clarijs-fietstassen.nl\/de\/wp-json\/wp\/v2\/product"}],"about":[{"href":"https:\/\/clarijs-fietstassen.nl\/de\/wp-json\/wp\/v2\/types\/product"}],"replies":[{"embeddable":true,"href":"https:\/\/clarijs-fietstassen.nl\/de\/wp-json\/wp\/v2\/comments?post=48769"}],"wp:featuredmedia":[{"embeddable":true,"href":"https:\/\/clarijs-fietstassen.nl\/de\/wp-json\/wp\/v2\/media\/49543"}],"wp:attachment":[{"href":"https:\/\/clarijs-fietstassen.nl\/de\/wp-json\/wp\/v2\/media?parent=48769"}],"wp:term":[{"taxonomy":"product_brand","embeddable":true,"href":"https:\/\/clarijs-fietstassen.nl\/de\/wp-json\/wp\/v2\/product_brand?post=48769"},{"taxonomy":"product_cat","embeddable":true,"href":"https:\/\/clarijs-fietstassen.nl\/de\/wp-json\/wp\/v2\/product_cat?post=48769"},{"taxonomy":"product_tag","embeddable":true,"href":"https:\/\/clarijs-fietstassen.nl\/de\/wp-json\/wp\/v2\/product_tag?post=48769"}],"curies":[{"name":"wp","href":"https:\/\/api.w.org\/{rel}","templated":true}]}}