{"id":48781,"date":"2023-07-03T15:02:15","date_gmt":"2023-07-03T13:02:15","guid":{"rendered":"https:\/\/clarijs-fietstassen.nl\/doppelte-fahrradtasche-excellent-rot\/"},"modified":"2026-03-25T10:08:46","modified_gmt":"2026-03-25T09:08:46","slug":"doppelte-fahrradtasche-excellent-rot","status":"publish","type":"product","link":"https:\/\/clarijs-fietstassen.nl\/de\/produkt\/doppelte-fahrradtasche-excellent-rot\/","title":{"rendered":"Doppelte Fahrradtasche Excellent &#8211; Rot"},"content":{"rendered":"<p>Entdecken Sie die Doppelte Fahrradtasche Excellent &#8211; Rot, ein wahres Schmuckst\u00fcck aus eisenfest beschichtetem Acrylgewebe, das normalerweise im Wassersport verwendet wird. Was diese Tasche wirklich besonders macht, ist ihre un\u00fcbertroffene Widerstandsf\u00e4higkeit gegen Seewasser. Das macht sie perfekt f\u00fcr abenteuerliche Radtouren, egal unter welchen Bedingungen Sie unterwegs sind.  <\/p>\n<p><strong>Vorteile:<\/strong><\/p>\n<ul>\n<li>Hergestellt in der EU mit l\u00f6sungsgef\u00e4rbtem Acrylgarn f\u00fcr hohe Farbechtheit.<\/li>\n<li>Sch\u00f6ner und schicker Look.<\/li>\n<li><span style=\"font-weight: 400;\">Der Deckel ist mit <\/span><b>Regenklappen<\/b><span style=\"font-weight: 400;\"> gegen eindringenden Regen.<\/span><\/li>\n<li><strong>Reflektionen<\/strong> auf Vorder- und R\u00fcckseite f\u00fcr bessere Sichtbarkeit.<\/li>\n<li>Die Tasche hat einen zus\u00e4tzlichen Mittelgurt und einen verst\u00e4rkten R\u00fccken und Boden.<\/li>\n<li>Handgefertigt in den Niederlanden aus \u00fcberwiegend EU-Materialien.<\/li>\n<li>M\u00f6glichkeit von Aussparungen oder Einschnitten.<\/li>\n<li>2 Jahre Garantie gegen Herstellungsfehler.<\/li>\n<li>Geeignet f\u00fcr E-Bikes und LED-Lichter.<\/li>\n<li>Wasserdicht und mit Schnellverschlussriemen.<\/li>\n<li>M\u00f6glichkeit f\u00fcr Zubeh\u00f6r wie einen Anti-Diebstahl-Ring oder eine U-Halterung.<\/li>\n<li>Alle Doppeltaschen haben <strong>Entw\u00e4sserungsl\u00f6cher<\/strong>.<\/li>\n<\/ul>\n<div>\n<div><strong>Gr\u00f6\u00dfen<\/strong> &#8211; <a href=\"https:\/\/clarijs-fietstassen.nl\/wp-content\/uploads\/2026\/03\/Lijntekening-Dubbele-Fietstas-met-maten.jpg\" target=\"_blank\" rel=\"noopener\">Bild<\/a><\/div>\n<div>Die Ma\u00dfe der Doppel-Fahrradtaschen sind in Zentimetern angegeben als: L\u00e4nge x Tiefe\/Breite x H\u00f6he<\/div>\n<p>Innen 36 x 18 x 32<br \/>\nAu\u00dfen 40 x 20 x 33<\/p>\n<p>Da die Taschen handgefertigt sind, k\u00f6nnen die Ma\u00dfe um etwa einen Zentimeter variieren.<br \/>\nDie Packtasche passt auf Gep\u00e4cktr\u00e4ger mit einer Breite zwischen 13 und 17 cm.<\/p>\n<\/div>\n<p><strong>Hohe Qualit\u00e4t und Service<\/strong><\/p>\n<p>Bei Clarijs stehen wir hinter der Qualit\u00e4t unserer Produkte. Deshalb bieten wir f\u00fcr alle Clarijs-Produkte eine 2-Jahres-Garantie gegen Herstellungsfehler. Unsere Rucks\u00e4cke werden in den Niederlanden mit viel Liebe und handwerklichem Geschick handgefertigt, wobei haupts\u00e4chlich Materialien aus der EU verwendet werden.  <\/p>\n<p>W\u00e4hlen Sie eine Clarijs Radtasche, die all Ihren Anforderungen entspricht. Ob Sie mit dem Rad zur Arbeit fahren, einen Radurlaub planen oder die Stadt erkunden, unsere Taschen bieten Sicherheit und Komfort. Au\u00dferdem verleihen sie Ihrem Fahrrad Stil und Pers\u00f6nlichkeit, so dass Sie es noch mehr genie\u00dfen k\u00f6nnen.  <\/p>\n<p><strong>Zus\u00e4tzliche Vorteile:<\/strong><\/p>\n<ul>\n<li>Hochwertige Packtaschen.<\/li>\n<li>Jahrelange Freude am Radfahren.<\/li>\n<li>Die perfekte Kombination aus Funktionalit\u00e4t, Haltbarkeit und Stil.<\/li>\n<li>Einschnitte f\u00fcr die Verwendung von Schnellbindern in dieser Tasche sind m\u00f6glich, werden aber nicht empfohlen!!!<\/li>\n<\/ul>\n","protected":false},"excerpt":{"rendered":"<p>Entdecken Sie die Doppelte Fahrradtasche Excellent &#8211; Rot, ein wahres Schmuckst\u00fcck aus eisenfest beschichtetem Acrylgewebe, das normalerweise im Wassersport verwendet wird. Was diese Tasche wirklich besonders macht, ist ihre un\u00fcbertroffene Widerstandsf\u00e4higkeit gegen Seewasser. Das macht sie perfekt f\u00fcr abenteuerliche Radtouren, egal unter welchen Bedingungen Sie unterwegs sind. Vorteile: Hergestellt in der EU mit l\u00f6sungsgef\u00e4rbtem Acrylgarn [&hellip;]<\/p>\n","protected":false},"featured_media":56281,"comment_status":"closed","ping_status":"closed","template":"","meta":{"_acf_changed":false,"_et_pb_use_builder":"","_et_pb_old_content":"","_et_gb_content_width":""},"product_brand":[],"product_cat":[705,714,715,718,728,732,734,741,745,747,753,768,767,777],"product_tag":[],"class_list":{"0":"post-48781","1":"product","2":"type-product","3":"status-publish","4":"has-post-thumbnail","6":"product_cat-cortina-fahrradtaschen","7":"product_cat-doppelte-fahrradtaschen","8":"product_cat-doppelte-fahrradtaschen-excellent","9":"product_cat-doppelte-fahrradtaschen-fuer-damen","10":"product_cat-fahrradtaschen","11":"product_cat-gazelle-fahrradtaschen","12":"product_cat-giant-fahrradtaschen","13":"product_cat-koga-fahrradtaschen","14":"product_cat-leichte-fahrradtaschen","15":"product_cat-luxurioese-fahrradtaschen","16":"product_cat-rote-fahrradtaschen","17":"product_cat-stabile-fahrradtaschen","18":"product_cat-stella-fahrradtaschen","19":"product_cat-wasserdichte-fahrradtaschen","20":"pa_afmetingen-40-x-20-x-33-cm-l-x-b-x-h-de","21":"pa_geschikt-voor-e-bike-ja-de","22":"pa_inhoud-42-liter-de","23":"pa_kleur-rot","24":"pa_materiaal-acryl-de","25":"pa_merk-clarijs-covers-b-v-de","26":"pa_reflectie-ja-de","28":"first","29":"instock","30":"taxable","31":"shipping-taxable","32":"purchasable","33":"product-type-simple"},"acf":[],"yoast_head":"<!-- This site is optimized with the Yoast SEO Premium plugin v27.2 (Yoast SEO v27.3) - https:\/\/yoast.com\/product\/yoast-seo-premium-wordpress\/ -->\n<title>Doppelte Fahrradtasche Excellent - Rot - Clarijs Fietstassen<\/title>\n<meta name=\"description\" content=\"Doppelte Fahrradtasche Excellent - Rot Das , ein wahres Schmuckst\u00fcck aus eisenbeschichtetem Acrylgewebe, das normalerweise im Wassersport verwendet wird.\" \/>\n<meta name=\"robots\" content=\"index, follow, max-snippet:-1, max-image-preview:large, max-video-preview:-1\" \/>\n<link rel=\"canonical\" href=\"https:\/\/clarijs-fietstassen.nl\/de\/doppelte-fahrradtasche-excellent-rot\/\" \/>\n<meta property=\"og:locale\" content=\"de_DE\" \/>\n<meta property=\"og:type\" content=\"article\" \/>\n<meta property=\"og:title\" content=\"Doppelte Fahrradtasche Excellent - Rot\" \/>\n<meta property=\"og:description\" content=\"Doppelte Fahrradtasche Excellent - Rot Das , ein wahres Schmuckst\u00fcck aus eisenbeschichtetem Acrylgewebe, das normalerweise im Wassersport verwendet wird.\" \/>\n<meta property=\"og:url\" content=\"https:\/\/clarijs-fietstassen.nl\/de\/doppelte-fahrradtasche-excellent-rot\/\" \/>\n<meta property=\"og:site_name\" content=\"Clarijs Fietstassen\" \/>\n<meta property=\"article:publisher\" content=\"https:\/\/www.facebook.com\/clarijs1948\/\" \/>\n<meta property=\"article:modified_time\" content=\"2026-03-25T09:08:46+00:00\" \/>\n<meta property=\"og:image\" content=\"https:\/\/clarijs-fietstassen.nl\/wp-content\/uploads\/2023\/07\/Excellent-red-2.png\" \/>\n\t<meta property=\"og:image:width\" content=\"1000\" \/>\n\t<meta property=\"og:image:height\" content=\"1000\" \/>\n\t<meta property=\"og:image:type\" content=\"image\/png\" \/>\n<meta name=\"twitter:card\" content=\"summary_large_image\" \/>\n<meta name=\"twitter:label1\" content=\"Preis\" \/>\n\t<meta name=\"twitter:data1\" content=\"&euro;75.00\" \/>\n\t<meta name=\"twitter:label2\" content=\"Verf\u00fcgbarkeit\" \/>\n\t<meta name=\"twitter:data2\" content=\"Auf Lager\" \/>\n<script type=\"application\/ld+json\" class=\"yoast-schema-graph\">{\"@context\":\"https:\\\/\\\/schema.org\",\"@graph\":[{\"@type\":\"WebPage\",\"@id\":\"https:\\\/\\\/clarijs-fietstassen.nl\\\/de\\\/doppelte-fahrradtasche-excellent-rot\\\/\",\"url\":\"https:\\\/\\\/clarijs-fietstassen.nl\\\/de\\\/doppelte-fahrradtasche-excellent-rot\\\/\",\"name\":\"Doppelte Fahrradtasche Excellent - Rot - Clarijs Fietstassen\",\"isPartOf\":{\"@id\":\"https:\\\/\\\/clarijs-fietstassen.nl\\\/de\\\/#website\"},\"primaryImageOfPage\":{\"@id\":\"https:\\\/\\\/clarijs-fietstassen.nl\\\/de\\\/doppelte-fahrradtasche-excellent-rot\\\/#primaryimage\"},\"image\":{\"@id\":\"https:\\\/\\\/clarijs-fietstassen.nl\\\/de\\\/doppelte-fahrradtasche-excellent-rot\\\/#primaryimage\"},\"thumbnailUrl\":\"https:\\\/\\\/clarijs-fietstassen.nl\\\/wp-content\\\/uploads\\\/2023\\\/07\\\/Excellent-red-2.png\",\"datePublished\":\"2023-07-03T13:02:15+00:00\",\"dateModified\":\"2026-03-25T09:08:46+00:00\",\"description\":\"Doppelte Fahrradtasche Excellent - Rot Das , ein wahres Schmuckst\u00fcck aus eisenbeschichtetem Acrylgewebe, das normalerweise im Wassersport verwendet wird.\",\"breadcrumb\":{\"@id\":\"https:\\\/\\\/clarijs-fietstassen.nl\\\/de\\\/doppelte-fahrradtasche-excellent-rot\\\/#breadcrumb\"},\"inLanguage\":\"de\",\"potentialAction\":[{\"@type\":\"ReadAction\",\"target\":[\"https:\\\/\\\/clarijs-fietstassen.nl\\\/de\\\/doppelte-fahrradtasche-excellent-rot\\\/\"]}]},{\"@type\":\"ImageObject\",\"inLanguage\":\"de\",\"@id\":\"https:\\\/\\\/clarijs-fietstassen.nl\\\/de\\\/doppelte-fahrradtasche-excellent-rot\\\/#primaryimage\",\"url\":\"https:\\\/\\\/clarijs-fietstassen.nl\\\/wp-content\\\/uploads\\\/2023\\\/07\\\/Excellent-red-2.png\",\"contentUrl\":\"https:\\\/\\\/clarijs-fietstassen.nl\\\/wp-content\\\/uploads\\\/2023\\\/07\\\/Excellent-red-2.png\",\"width\":1000,\"height\":1000,\"caption\":\"Doppelte Fahrradtasche Excellent \u2013 Rot\"},{\"@type\":\"BreadcrumbList\",\"@id\":\"https:\\\/\\\/clarijs-fietstassen.nl\\\/de\\\/doppelte-fahrradtasche-excellent-rot\\\/#breadcrumb\",\"itemListElement\":[{\"@type\":\"ListItem\",\"position\":1,\"name\":\"Home\",\"item\":\"https:\\\/\\\/clarijs-fietstassen.nl\\\/de\\\/\"},{\"@type\":\"ListItem\",\"position\":2,\"name\":\"Shop\",\"item\":\"https:\\\/\\\/clarijs-fietstassen.nl\\\/de\\\/shop\\\/\"},{\"@type\":\"ListItem\",\"position\":3,\"name\":\"Dubbele fietstassen Excellent\",\"item\":\"https:\\\/\\\/clarijs-fietstassen.nl\\\/dubbele-fietstassen-excellent\\\/\"},{\"@type\":\"ListItem\",\"position\":4,\"name\":\"Doppelte Fahrradtasche Excellent &#8211; Rot\"}]},{\"@type\":\"WebSite\",\"@id\":\"https:\\\/\\\/clarijs-fietstassen.nl\\\/de\\\/#website\",\"url\":\"https:\\\/\\\/clarijs-fietstassen.nl\\\/de\\\/\",\"name\":\"Clarijs Fietstassen\",\"description\":\"Kwaliteit &amp; ambacht sinds 1948\",\"publisher\":{\"@id\":\"https:\\\/\\\/clarijs-fietstassen.nl\\\/de\\\/#organization\"},\"potentialAction\":[{\"@type\":\"SearchAction\",\"target\":{\"@type\":\"EntryPoint\",\"urlTemplate\":\"https:\\\/\\\/clarijs-fietstassen.nl\\\/de\\\/?s={search_term_string}\"},\"query-input\":{\"@type\":\"PropertyValueSpecification\",\"valueRequired\":true,\"valueName\":\"search_term_string\"}}],\"inLanguage\":\"de\"},{\"@type\":\"Organization\",\"@id\":\"https:\\\/\\\/clarijs-fietstassen.nl\\\/de\\\/#organization\",\"name\":\"Clarijs Fietstassen\",\"url\":\"https:\\\/\\\/clarijs-fietstassen.nl\\\/de\\\/\",\"logo\":{\"@type\":\"ImageObject\",\"inLanguage\":\"de\",\"@id\":\"https:\\\/\\\/clarijs-fietstassen.nl\\\/de\\\/#\\\/schema\\\/logo\\\/image\\\/\",\"url\":\"https:\\\/\\\/clarijs-fietstassen.nl\\\/wp-content\\\/uploads\\\/2024\\\/01\\\/clarijs-logo-met-rand.jpg\",\"contentUrl\":\"https:\\\/\\\/clarijs-fietstassen.nl\\\/wp-content\\\/uploads\\\/2024\\\/01\\\/clarijs-logo-met-rand.jpg\",\"width\":560,\"height\":266,\"caption\":\"Clarijs Fietstassen\"},\"image\":{\"@id\":\"https:\\\/\\\/clarijs-fietstassen.nl\\\/de\\\/#\\\/schema\\\/logo\\\/image\\\/\"},\"sameAs\":[\"https:\\\/\\\/www.facebook.com\\\/clarijs1948\\\/\",\"https:\\\/\\\/www.instagram.com\\\/clarijscovers\\\/\"]}]}<\/script>\n<meta property=\"product:price:amount\" content=\"75.00\" \/>\n<meta property=\"product:price:currency\" content=\"EUR\" \/>\n<meta property=\"og:availability\" content=\"instock\" \/>\n<meta property=\"product:availability\" content=\"instock\" \/>\n<meta property=\"product:retailer_item_id\" content=\"1020\" \/>\n<meta property=\"product:condition\" content=\"new\" \/>\n<!-- \/ Yoast SEO Premium plugin. -->","yoast_head_json":{"title":"Doppelte Fahrradtasche Excellent - Rot - Clarijs Fietstassen","description":"Doppelte Fahrradtasche Excellent - Rot Das , ein wahres Schmuckst\u00fcck aus eisenbeschichtetem Acrylgewebe, das normalerweise im Wassersport verwendet wird.","robots":{"index":"index","follow":"follow","max-snippet":"max-snippet:-1","max-image-preview":"max-image-preview:large","max-video-preview":"max-video-preview:-1"},"canonical":"https:\/\/clarijs-fietstassen.nl\/de\/doppelte-fahrradtasche-excellent-rot\/","og_locale":"de_DE","og_type":"article","og_title":"Doppelte Fahrradtasche Excellent - Rot","og_description":"Doppelte Fahrradtasche Excellent - Rot Das , ein wahres Schmuckst\u00fcck aus eisenbeschichtetem Acrylgewebe, das normalerweise im Wassersport verwendet wird.","og_url":"https:\/\/clarijs-fietstassen.nl\/de\/doppelte-fahrradtasche-excellent-rot\/","og_site_name":"Clarijs Fietstassen","article_publisher":"https:\/\/www.facebook.com\/clarijs1948\/","article_modified_time":"2026-03-25T09:08:46+00:00","og_image":[{"width":1000,"height":1000,"url":"https:\/\/clarijs-fietstassen.nl\/wp-content\/uploads\/2023\/07\/Excellent-red-2.png","type":"image\/png"}],"twitter_card":"summary_large_image","twitter_misc":{"Preis":"&euro;75.00","Verf\u00fcgbarkeit":"Auf Lager"},"schema":{"@context":"https:\/\/schema.org","@graph":[{"@type":"WebPage","@id":"https:\/\/clarijs-fietstassen.nl\/de\/doppelte-fahrradtasche-excellent-rot\/","url":"https:\/\/clarijs-fietstassen.nl\/de\/doppelte-fahrradtasche-excellent-rot\/","name":"Doppelte Fahrradtasche Excellent - Rot - Clarijs Fietstassen","isPartOf":{"@id":"https:\/\/clarijs-fietstassen.nl\/de\/#website"},"primaryImageOfPage":{"@id":"https:\/\/clarijs-fietstassen.nl\/de\/doppelte-fahrradtasche-excellent-rot\/#primaryimage"},"image":{"@id":"https:\/\/clarijs-fietstassen.nl\/de\/doppelte-fahrradtasche-excellent-rot\/#primaryimage"},"thumbnailUrl":"https:\/\/clarijs-fietstassen.nl\/wp-content\/uploads\/2023\/07\/Excellent-red-2.png","datePublished":"2023-07-03T13:02:15+00:00","dateModified":"2026-03-25T09:08:46+00:00","description":"Doppelte Fahrradtasche Excellent - Rot Das , ein wahres Schmuckst\u00fcck aus eisenbeschichtetem Acrylgewebe, das normalerweise im Wassersport verwendet wird.","breadcrumb":{"@id":"https:\/\/clarijs-fietstassen.nl\/de\/doppelte-fahrradtasche-excellent-rot\/#breadcrumb"},"inLanguage":"de","potentialAction":[{"@type":"ReadAction","target":["https:\/\/clarijs-fietstassen.nl\/de\/doppelte-fahrradtasche-excellent-rot\/"]}]},{"@type":"ImageObject","inLanguage":"de","@id":"https:\/\/clarijs-fietstassen.nl\/de\/doppelte-fahrradtasche-excellent-rot\/#primaryimage","url":"https:\/\/clarijs-fietstassen.nl\/wp-content\/uploads\/2023\/07\/Excellent-red-2.png","contentUrl":"https:\/\/clarijs-fietstassen.nl\/wp-content\/uploads\/2023\/07\/Excellent-red-2.png","width":1000,"height":1000,"caption":"Doppelte Fahrradtasche Excellent \u2013 Rot"},{"@type":"BreadcrumbList","@id":"https:\/\/clarijs-fietstassen.nl\/de\/doppelte-fahrradtasche-excellent-rot\/#breadcrumb","itemListElement":[{"@type":"ListItem","position":1,"name":"Home","item":"https:\/\/clarijs-fietstassen.nl\/de\/"},{"@type":"ListItem","position":2,"name":"Shop","item":"https:\/\/clarijs-fietstassen.nl\/de\/shop\/"},{"@type":"ListItem","position":3,"name":"Dubbele fietstassen Excellent","item":"https:\/\/clarijs-fietstassen.nl\/dubbele-fietstassen-excellent\/"},{"@type":"ListItem","position":4,"name":"Doppelte Fahrradtasche Excellent &#8211; Rot"}]},{"@type":"WebSite","@id":"https:\/\/clarijs-fietstassen.nl\/de\/#website","url":"https:\/\/clarijs-fietstassen.nl\/de\/","name":"Clarijs Fietstassen","description":"Kwaliteit &amp; ambacht sinds 1948","publisher":{"@id":"https:\/\/clarijs-fietstassen.nl\/de\/#organization"},"potentialAction":[{"@type":"SearchAction","target":{"@type":"EntryPoint","urlTemplate":"https:\/\/clarijs-fietstassen.nl\/de\/?s={search_term_string}"},"query-input":{"@type":"PropertyValueSpecification","valueRequired":true,"valueName":"search_term_string"}}],"inLanguage":"de"},{"@type":"Organization","@id":"https:\/\/clarijs-fietstassen.nl\/de\/#organization","name":"Clarijs Fietstassen","url":"https:\/\/clarijs-fietstassen.nl\/de\/","logo":{"@type":"ImageObject","inLanguage":"de","@id":"https:\/\/clarijs-fietstassen.nl\/de\/#\/schema\/logo\/image\/","url":"https:\/\/clarijs-fietstassen.nl\/wp-content\/uploads\/2024\/01\/clarijs-logo-met-rand.jpg","contentUrl":"https:\/\/clarijs-fietstassen.nl\/wp-content\/uploads\/2024\/01\/clarijs-logo-met-rand.jpg","width":560,"height":266,"caption":"Clarijs Fietstassen"},"image":{"@id":"https:\/\/clarijs-fietstassen.nl\/de\/#\/schema\/logo\/image\/"},"sameAs":["https:\/\/www.facebook.com\/clarijs1948\/","https:\/\/www.instagram.com\/clarijscovers\/"]}]},"product_price_amount":"75.00","product_price_currency":"EUR","og_availability":"instock","product_availability":"instock","product_retailer_item_id":"1020","product_condition":"new"},"_links":{"self":[{"href":"https:\/\/clarijs-fietstassen.nl\/de\/wp-json\/wp\/v2\/product\/48781","targetHints":{"allow":["GET"]}}],"collection":[{"href":"https:\/\/clarijs-fietstassen.nl\/de\/wp-json\/wp\/v2\/product"}],"about":[{"href":"https:\/\/clarijs-fietstassen.nl\/de\/wp-json\/wp\/v2\/types\/product"}],"replies":[{"embeddable":true,"href":"https:\/\/clarijs-fietstassen.nl\/de\/wp-json\/wp\/v2\/comments?post=48781"}],"wp:featuredmedia":[{"embeddable":true,"href":"https:\/\/clarijs-fietstassen.nl\/de\/wp-json\/wp\/v2\/media\/56281"}],"wp:attachment":[{"href":"https:\/\/clarijs-fietstassen.nl\/de\/wp-json\/wp\/v2\/media?parent=48781"}],"wp:term":[{"taxonomy":"product_brand","embeddable":true,"href":"https:\/\/clarijs-fietstassen.nl\/de\/wp-json\/wp\/v2\/product_brand?post=48781"},{"taxonomy":"product_cat","embeddable":true,"href":"https:\/\/clarijs-fietstassen.nl\/de\/wp-json\/wp\/v2\/product_cat?post=48781"},{"taxonomy":"product_tag","embeddable":true,"href":"https:\/\/clarijs-fietstassen.nl\/de\/wp-json\/wp\/v2\/product_tag?post=48781"}],"curies":[{"name":"wp","href":"https:\/\/api.w.org\/{rel}","templated":true}]}}