{"id":48797,"date":"2023-07-03T14:03:15","date_gmt":"2023-07-03T12:03:15","guid":{"rendered":"https:\/\/clarijs-fietstassen.nl\/regenschutzdach-excellent-for-workcycles-kr8\/"},"modified":"2025-09-24T13:49:04","modified_gmt":"2025-09-24T11:49:04","slug":"regenschutzdach-excellent-for-workcycles-kr8","status":"publish","type":"product","link":"https:\/\/clarijs-fietstassen.nl\/de\/produkt\/regenschutzdach-excellent-for-workcycles-kr8\/","title":{"rendered":"Regenzelt Cabrio Excellent f\u00fcr WorkCycles KR8"},"content":{"rendered":"<p><span style=\"font-weight: 400;\">Das Regenzelt Cabrio Excellent f\u00fcr WorkCycles KR8 ist das ultimative Upgrade f\u00fcr Ihr KR8-Lastenfahrrad, mit dem Sie Ihr Raderlebnis auf die n\u00e4chste Stufe heben k\u00f6nnen. Dieses hochwertige Cabrio-Zelt, hergestellt von Clarijs Panniers, kombiniert Funktionalit\u00e4t, Komfort und Stil auf einzigartige Weise. <\/span><\/p>\n<p><b>Vorteile<\/b> des Regenzelt Cabrio Excellent f\u00fcr WorkCycles KR8:<\/p>\n<ul>\n<li style=\"font-weight: 400;\" aria-level=\"1\"><span style=\"font-weight: 400;\">Das Regenzelt ist in 5 verschiedenen Farben erh\u00e4ltlich.<\/span><\/li>\n<li style=\"font-weight: 400;\" aria-level=\"1\"><span style=\"font-weight: 400;\">Das Regenzelt ist wasserdicht.<\/span><\/li>\n<li style=\"font-weight: 400;\" aria-level=\"1\"><span style=\"font-weight: 400;\">Das Regenzelt hat eine hohe Farbechtheit.<\/span><\/li>\n<li style=\"font-weight: 400;\" aria-level=\"1\"><span style=\"font-weight: 400;\">Das Regenzelt ist aus dem besten Material Acryl gefertigt.  <\/span><\/li>\n<\/ul>\n<p><span style=\"font-weight: 400;\">Die H\u00f6he dieses Regenzelt, gemessen von der Bank aus, betr\u00e4gt 69 cm.<\/span><\/p>\n<p><b>100 % wasserdicht<\/b><\/p>\n<p><span style=\"font-weight: 400;\">Das in Spanien hergestellte beschichtete Acryl ist f\u00fcr seine hervorragende Wasserdichtigkeit bekannt. Acryl ist von Natur aus wasserfest und hat eine geschlossene Struktur, die es wasserabweisend macht. Wenn Acryl mit einer wasserabweisenden Schicht beschichtet wird, wird die Wasserbest\u00e4ndigkeit weiter verbessert.  <\/span><\/p>\n<p><b>Hochwertiges Material<\/b><b><\/b><\/p>\n<ul>\n<li style=\"font-weight: 400;\" aria-level=\"1\"><span style=\"font-weight: 400;\">Die hochwertigen Materialien des Regenzeltes sorgen daf\u00fcr, dass es dem t\u00e4glichen Gebrauch standh\u00e4lt.<\/span><\/li>\n<li style=\"font-weight: 400;\" aria-level=\"1\"><span style=\"font-weight: 400;\">Der beschichtete Acrylstoff ist so konzipiert, dass er verschiedenen Witterungsbedingungen wie Sonnenlicht, UV-Strahlung, Wind und extremen Temperaturen standh\u00e4lt. Die Beschichtung sch\u00fctzt den Stoff vor Verf\u00e4rbung, Ausbleichen und Degeneration durch Witterungseinfl\u00fcsse. <\/span><\/li>\n<li style=\"font-weight: 400;\" aria-level=\"1\"><span style=\"font-weight: 400;\">Beschichtetes Acryl hat einen gewissen Grad an Flexibilit\u00e4t, wodurch es sich leicht formen und f\u00fcr verschiedene Anwendungen verwenden l\u00e4sst. Es kann sowohl f\u00fcr flache Oberfl\u00e4chen als auch f\u00fcr gebogene Strukturen verwendet werden. <\/span><\/li>\n<li style=\"font-weight: 400;\" aria-level=\"1\"><span style=\"font-weight: 400;\">Beschichtetes Acryl ist im Allgemeinen leicht zu reinigen. Die Oberfl\u00e4che ist oft glatt und nicht por\u00f6s, so dass sich Schmutz und Flecken leicht mit milden Reinigungsmitteln und Wasser entfernen lassen. <\/span><\/li>\n<\/ul>\n","protected":false},"excerpt":{"rendered":"<p>Das Regenzelt Cabrio Excellent f\u00fcr WorkCycles KR8 ist das ultimative Upgrade f\u00fcr Ihr KR8-Lastenfahrrad, mit dem Sie Ihr Raderlebnis auf die n\u00e4chste Stufe heben k\u00f6nnen. Dieses hochwertige Cabrio-Zelt, hergestellt von Clarijs Panniers, kombiniert Funktionalit\u00e4t, Komfort und Stil auf einzigartige Weise. Vorteile des Regenzelt Cabrio Excellent f\u00fcr WorkCycles KR8: Das Regenzelt ist in 5 verschiedenen Farben [&hellip;]<\/p>\n","protected":false},"featured_media":48799,"comment_status":"closed","ping_status":"closed","template":"","meta":{"_acf_changed":false,"_et_pb_use_builder":"","_et_pb_old_content":"","_et_gb_content_width":""},"product_brand":[],"product_cat":[686,738,690,747],"product_tag":[],"class_list":{"0":"post-48797","1":"product","2":"type-product","3":"status-publish","4":"has-post-thumbnail","6":"product_cat-bakfiets-de","7":"product_cat-kr8-de","8":"product_cat-lastenrad-regenverdeck","9":"product_cat-luxurioese-fahrradtaschen","10":"pa_kleur-blau","11":"pa_kleur-camel-de","12":"pa_kleur-grau","13":"pa_kleur-rot","14":"pa_kleur-schokoladen-braun","15":"pa_kleur-schwarz","16":"pa_materiaal-acryl-de","17":"pa_merk-clarijs-covers-b-v-de","19":"first","20":"instock","21":"taxable","22":"shipping-taxable","23":"purchasable","24":"product-type-variable"},"acf":[],"yoast_head":"<!-- This site is optimized with the Yoast SEO Premium plugin v27.2 (Yoast SEO v27.3) - https:\/\/yoast.com\/product\/yoast-seo-premium-wordpress\/ -->\n<title>Regenzelt Cabrio Excellent f\u00fcr WorkCycles KR8 - Clarijs Fietstassen<\/title>\n<meta name=\"description\" content=\"Das Regenzelt Cabrio Excellent f\u00fcr WorkCycles KR8 ist ein Regenzelt f\u00fcr Lastenfahrr\u00e4der, das sich vollst\u00e4ndig \u00f6ffnen l\u00e4sst. Das bedeutet, dass es nie abgenommen werden muss.\" \/>\n<meta name=\"robots\" content=\"index, follow, max-snippet:-1, max-image-preview:large, max-video-preview:-1\" \/>\n<link rel=\"canonical\" href=\"http:\/\/clarijs-fietstassen.nl\/produkt\/regentent-cabrio-excellent-voor-workcycles-kr8\/\" \/>\n<meta property=\"og:locale\" content=\"de_DE\" \/>\n<meta property=\"og:type\" content=\"article\" \/>\n<meta property=\"og:title\" content=\"Regenzelt Cabrio Excellent f\u00fcr WorkCycles KR8\" \/>\n<meta property=\"og:description\" content=\"Das Regenzelt Cabrio Excellent f\u00fcr WorkCycles KR8 ist ein Regenzelt f\u00fcr Lastenfahrr\u00e4der, das sich vollst\u00e4ndig \u00f6ffnen l\u00e4sst. Das bedeutet, dass es nie abgenommen werden muss.\" \/>\n<meta property=\"og:url\" content=\"http:\/\/clarijs-fietstassen.nl\/produkt\/regentent-cabrio-excellent-voor-workcycles-kr8\/\" \/>\n<meta property=\"og:site_name\" content=\"Clarijs Fietstassen\" \/>\n<meta property=\"article:publisher\" content=\"https:\/\/www.facebook.com\/clarijs1948\/\" \/>\n<meta property=\"article:modified_time\" content=\"2025-09-24T11:49:04+00:00\" \/>\n<meta property=\"og:image\" content=\"https:\/\/clarijs-fietstassen.nl\/wp-content\/uploads\/2023\/07\/0003420_kr8-tent-excellent-cabrio_1903x.jpeg\" \/>\n\t<meta property=\"og:image:width\" content=\"700\" \/>\n\t<meta property=\"og:image:height\" content=\"525\" \/>\n\t<meta property=\"og:image:type\" content=\"image\/jpeg\" \/>\n<meta name=\"twitter:card\" content=\"summary_large_image\" \/>\n<meta name=\"twitter:label1\" content=\"Verf\u00fcgbarkeit\" \/>\n\t<meta name=\"twitter:data1\" content=\"Auf Lager\" \/>\n<script type=\"application\/ld+json\" class=\"yoast-schema-graph\">{\"@context\":\"https:\\\/\\\/schema.org\",\"@graph\":[{\"@type\":\"WebPage\",\"@id\":\"http:\\\/\\\/clarijs-fietstassen.nl\\\/produkt\\\/regentent-cabrio-excellent-voor-workcycles-kr8\\\/\",\"url\":\"http:\\\/\\\/clarijs-fietstassen.nl\\\/produkt\\\/regentent-cabrio-excellent-voor-workcycles-kr8\\\/\",\"name\":\"Regenzelt Cabrio Excellent f\u00fcr WorkCycles KR8 - Clarijs Fietstassen\",\"isPartOf\":{\"@id\":\"https:\\\/\\\/clarijs-fietstassen.nl\\\/de\\\/#website\"},\"primaryImageOfPage\":{\"@id\":\"http:\\\/\\\/clarijs-fietstassen.nl\\\/produkt\\\/regentent-cabrio-excellent-voor-workcycles-kr8\\\/#primaryimage\"},\"image\":{\"@id\":\"http:\\\/\\\/clarijs-fietstassen.nl\\\/produkt\\\/regentent-cabrio-excellent-voor-workcycles-kr8\\\/#primaryimage\"},\"thumbnailUrl\":\"https:\\\/\\\/clarijs-fietstassen.nl\\\/wp-content\\\/uploads\\\/2023\\\/07\\\/0003420_kr8-tent-excellent-cabrio_1903x.jpeg\",\"datePublished\":\"2023-07-03T12:03:15+00:00\",\"dateModified\":\"2025-09-24T11:49:04+00:00\",\"description\":\"Das Regenzelt Cabrio Excellent f\u00fcr WorkCycles KR8 ist ein Regenzelt f\u00fcr Lastenfahrr\u00e4der, das sich vollst\u00e4ndig \u00f6ffnen l\u00e4sst. Das bedeutet, dass es nie abgenommen werden muss.\",\"breadcrumb\":{\"@id\":\"http:\\\/\\\/clarijs-fietstassen.nl\\\/produkt\\\/regentent-cabrio-excellent-voor-workcycles-kr8\\\/#breadcrumb\"},\"inLanguage\":\"de\",\"potentialAction\":[{\"@type\":\"ReadAction\",\"target\":[\"http:\\\/\\\/clarijs-fietstassen.nl\\\/produkt\\\/regentent-cabrio-excellent-voor-workcycles-kr8\\\/\"]}]},{\"@type\":\"ImageObject\",\"inLanguage\":\"de\",\"@id\":\"http:\\\/\\\/clarijs-fietstassen.nl\\\/produkt\\\/regentent-cabrio-excellent-voor-workcycles-kr8\\\/#primaryimage\",\"url\":\"https:\\\/\\\/clarijs-fietstassen.nl\\\/wp-content\\\/uploads\\\/2023\\\/07\\\/0003420_kr8-tent-excellent-cabrio_1903x.jpeg\",\"contentUrl\":\"https:\\\/\\\/clarijs-fietstassen.nl\\\/wp-content\\\/uploads\\\/2023\\\/07\\\/0003420_kr8-tent-excellent-cabrio_1903x.jpeg\",\"width\":700,\"height\":525,\"caption\":\"Regenzelt Cabrio Excellent f\u00fcr WorkCycles KR8\"},{\"@type\":\"BreadcrumbList\",\"@id\":\"http:\\\/\\\/clarijs-fietstassen.nl\\\/produkt\\\/regentent-cabrio-excellent-voor-workcycles-kr8\\\/#breadcrumb\",\"itemListElement\":[{\"@type\":\"ListItem\",\"position\":1,\"name\":\"Home\",\"item\":\"https:\\\/\\\/clarijs-fietstassen.nl\\\/de\\\/\"},{\"@type\":\"ListItem\",\"position\":2,\"name\":\"Shop\",\"item\":\"https:\\\/\\\/clarijs-fietstassen.nl\\\/de\\\/shop\\\/\"},{\"@type\":\"ListItem\",\"position\":3,\"name\":\"KR8\",\"item\":\"https:\\\/\\\/clarijs-fietstassen.nl\\\/de\\\/kr8-de\\\/\"},{\"@type\":\"ListItem\",\"position\":4,\"name\":\"Regenzelt Cabrio Excellent f\u00fcr WorkCycles KR8\"}]},{\"@type\":\"WebSite\",\"@id\":\"https:\\\/\\\/clarijs-fietstassen.nl\\\/de\\\/#website\",\"url\":\"https:\\\/\\\/clarijs-fietstassen.nl\\\/de\\\/\",\"name\":\"Clarijs Fietstassen\",\"description\":\"Kwaliteit &amp; ambacht sinds 1948\",\"publisher\":{\"@id\":\"https:\\\/\\\/clarijs-fietstassen.nl\\\/de\\\/#organization\"},\"potentialAction\":[{\"@type\":\"SearchAction\",\"target\":{\"@type\":\"EntryPoint\",\"urlTemplate\":\"https:\\\/\\\/clarijs-fietstassen.nl\\\/de\\\/?s={search_term_string}\"},\"query-input\":{\"@type\":\"PropertyValueSpecification\",\"valueRequired\":true,\"valueName\":\"search_term_string\"}}],\"inLanguage\":\"de\"},{\"@type\":\"Organization\",\"@id\":\"https:\\\/\\\/clarijs-fietstassen.nl\\\/de\\\/#organization\",\"name\":\"Clarijs Fietstassen\",\"url\":\"https:\\\/\\\/clarijs-fietstassen.nl\\\/de\\\/\",\"logo\":{\"@type\":\"ImageObject\",\"inLanguage\":\"de\",\"@id\":\"https:\\\/\\\/clarijs-fietstassen.nl\\\/de\\\/#\\\/schema\\\/logo\\\/image\\\/\",\"url\":\"https:\\\/\\\/clarijs-fietstassen.nl\\\/wp-content\\\/uploads\\\/2024\\\/01\\\/clarijs-logo-met-rand.jpg\",\"contentUrl\":\"https:\\\/\\\/clarijs-fietstassen.nl\\\/wp-content\\\/uploads\\\/2024\\\/01\\\/clarijs-logo-met-rand.jpg\",\"width\":560,\"height\":266,\"caption\":\"Clarijs Fietstassen\"},\"image\":{\"@id\":\"https:\\\/\\\/clarijs-fietstassen.nl\\\/de\\\/#\\\/schema\\\/logo\\\/image\\\/\"},\"sameAs\":[\"https:\\\/\\\/www.facebook.com\\\/clarijs1948\\\/\",\"https:\\\/\\\/www.instagram.com\\\/clarijscovers\\\/\"]}]}<\/script>\n<meta property=\"og:availability\" content=\"instock\" \/>\n<meta property=\"product:availability\" content=\"instock\" \/>\n<meta property=\"product:retailer_item_id\" content=\"5047\" \/>\n<meta property=\"product:condition\" content=\"new\" \/>\n<!-- \/ Yoast SEO Premium plugin. -->","yoast_head_json":{"title":"Regenzelt Cabrio Excellent f\u00fcr WorkCycles KR8 - Clarijs Fietstassen","description":"Das Regenzelt Cabrio Excellent f\u00fcr WorkCycles KR8 ist ein Regenzelt f\u00fcr Lastenfahrr\u00e4der, das sich vollst\u00e4ndig \u00f6ffnen l\u00e4sst. Das bedeutet, dass es nie abgenommen werden muss.","robots":{"index":"index","follow":"follow","max-snippet":"max-snippet:-1","max-image-preview":"max-image-preview:large","max-video-preview":"max-video-preview:-1"},"canonical":"http:\/\/clarijs-fietstassen.nl\/produkt\/regentent-cabrio-excellent-voor-workcycles-kr8\/","og_locale":"de_DE","og_type":"article","og_title":"Regenzelt Cabrio Excellent f\u00fcr WorkCycles KR8","og_description":"Das Regenzelt Cabrio Excellent f\u00fcr WorkCycles KR8 ist ein Regenzelt f\u00fcr Lastenfahrr\u00e4der, das sich vollst\u00e4ndig \u00f6ffnen l\u00e4sst. Das bedeutet, dass es nie abgenommen werden muss.","og_url":"http:\/\/clarijs-fietstassen.nl\/produkt\/regentent-cabrio-excellent-voor-workcycles-kr8\/","og_site_name":"Clarijs Fietstassen","article_publisher":"https:\/\/www.facebook.com\/clarijs1948\/","article_modified_time":"2025-09-24T11:49:04+00:00","og_image":[{"width":700,"height":525,"url":"https:\/\/clarijs-fietstassen.nl\/wp-content\/uploads\/2023\/07\/0003420_kr8-tent-excellent-cabrio_1903x.jpeg","type":"image\/jpeg"}],"twitter_card":"summary_large_image","twitter_misc":{"Verf\u00fcgbarkeit":"Auf Lager"},"schema":{"@context":"https:\/\/schema.org","@graph":[{"@type":"WebPage","@id":"http:\/\/clarijs-fietstassen.nl\/produkt\/regentent-cabrio-excellent-voor-workcycles-kr8\/","url":"http:\/\/clarijs-fietstassen.nl\/produkt\/regentent-cabrio-excellent-voor-workcycles-kr8\/","name":"Regenzelt Cabrio Excellent f\u00fcr WorkCycles KR8 - Clarijs Fietstassen","isPartOf":{"@id":"https:\/\/clarijs-fietstassen.nl\/de\/#website"},"primaryImageOfPage":{"@id":"http:\/\/clarijs-fietstassen.nl\/produkt\/regentent-cabrio-excellent-voor-workcycles-kr8\/#primaryimage"},"image":{"@id":"http:\/\/clarijs-fietstassen.nl\/produkt\/regentent-cabrio-excellent-voor-workcycles-kr8\/#primaryimage"},"thumbnailUrl":"https:\/\/clarijs-fietstassen.nl\/wp-content\/uploads\/2023\/07\/0003420_kr8-tent-excellent-cabrio_1903x.jpeg","datePublished":"2023-07-03T12:03:15+00:00","dateModified":"2025-09-24T11:49:04+00:00","description":"Das Regenzelt Cabrio Excellent f\u00fcr WorkCycles KR8 ist ein Regenzelt f\u00fcr Lastenfahrr\u00e4der, das sich vollst\u00e4ndig \u00f6ffnen l\u00e4sst. Das bedeutet, dass es nie abgenommen werden muss.","breadcrumb":{"@id":"http:\/\/clarijs-fietstassen.nl\/produkt\/regentent-cabrio-excellent-voor-workcycles-kr8\/#breadcrumb"},"inLanguage":"de","potentialAction":[{"@type":"ReadAction","target":["http:\/\/clarijs-fietstassen.nl\/produkt\/regentent-cabrio-excellent-voor-workcycles-kr8\/"]}]},{"@type":"ImageObject","inLanguage":"de","@id":"http:\/\/clarijs-fietstassen.nl\/produkt\/regentent-cabrio-excellent-voor-workcycles-kr8\/#primaryimage","url":"https:\/\/clarijs-fietstassen.nl\/wp-content\/uploads\/2023\/07\/0003420_kr8-tent-excellent-cabrio_1903x.jpeg","contentUrl":"https:\/\/clarijs-fietstassen.nl\/wp-content\/uploads\/2023\/07\/0003420_kr8-tent-excellent-cabrio_1903x.jpeg","width":700,"height":525,"caption":"Regenzelt Cabrio Excellent f\u00fcr WorkCycles KR8"},{"@type":"BreadcrumbList","@id":"http:\/\/clarijs-fietstassen.nl\/produkt\/regentent-cabrio-excellent-voor-workcycles-kr8\/#breadcrumb","itemListElement":[{"@type":"ListItem","position":1,"name":"Home","item":"https:\/\/clarijs-fietstassen.nl\/de\/"},{"@type":"ListItem","position":2,"name":"Shop","item":"https:\/\/clarijs-fietstassen.nl\/de\/shop\/"},{"@type":"ListItem","position":3,"name":"KR8","item":"https:\/\/clarijs-fietstassen.nl\/de\/kr8-de\/"},{"@type":"ListItem","position":4,"name":"Regenzelt Cabrio Excellent f\u00fcr WorkCycles KR8"}]},{"@type":"WebSite","@id":"https:\/\/clarijs-fietstassen.nl\/de\/#website","url":"https:\/\/clarijs-fietstassen.nl\/de\/","name":"Clarijs Fietstassen","description":"Kwaliteit &amp; ambacht sinds 1948","publisher":{"@id":"https:\/\/clarijs-fietstassen.nl\/de\/#organization"},"potentialAction":[{"@type":"SearchAction","target":{"@type":"EntryPoint","urlTemplate":"https:\/\/clarijs-fietstassen.nl\/de\/?s={search_term_string}"},"query-input":{"@type":"PropertyValueSpecification","valueRequired":true,"valueName":"search_term_string"}}],"inLanguage":"de"},{"@type":"Organization","@id":"https:\/\/clarijs-fietstassen.nl\/de\/#organization","name":"Clarijs Fietstassen","url":"https:\/\/clarijs-fietstassen.nl\/de\/","logo":{"@type":"ImageObject","inLanguage":"de","@id":"https:\/\/clarijs-fietstassen.nl\/de\/#\/schema\/logo\/image\/","url":"https:\/\/clarijs-fietstassen.nl\/wp-content\/uploads\/2024\/01\/clarijs-logo-met-rand.jpg","contentUrl":"https:\/\/clarijs-fietstassen.nl\/wp-content\/uploads\/2024\/01\/clarijs-logo-met-rand.jpg","width":560,"height":266,"caption":"Clarijs Fietstassen"},"image":{"@id":"https:\/\/clarijs-fietstassen.nl\/de\/#\/schema\/logo\/image\/"},"sameAs":["https:\/\/www.facebook.com\/clarijs1948\/","https:\/\/www.instagram.com\/clarijscovers\/"]}]},"og_availability":"instock","product_availability":"instock","product_retailer_item_id":"5047","product_condition":"new"},"_links":{"self":[{"href":"https:\/\/clarijs-fietstassen.nl\/de\/wp-json\/wp\/v2\/product\/48797","targetHints":{"allow":["GET"]}}],"collection":[{"href":"https:\/\/clarijs-fietstassen.nl\/de\/wp-json\/wp\/v2\/product"}],"about":[{"href":"https:\/\/clarijs-fietstassen.nl\/de\/wp-json\/wp\/v2\/types\/product"}],"replies":[{"embeddable":true,"href":"https:\/\/clarijs-fietstassen.nl\/de\/wp-json\/wp\/v2\/comments?post=48797"}],"wp:featuredmedia":[{"embeddable":true,"href":"https:\/\/clarijs-fietstassen.nl\/de\/wp-json\/wp\/v2\/media\/48799"}],"wp:attachment":[{"href":"https:\/\/clarijs-fietstassen.nl\/de\/wp-json\/wp\/v2\/media?parent=48797"}],"wp:term":[{"taxonomy":"product_brand","embeddable":true,"href":"https:\/\/clarijs-fietstassen.nl\/de\/wp-json\/wp\/v2\/product_brand?post=48797"},{"taxonomy":"product_cat","embeddable":true,"href":"https:\/\/clarijs-fietstassen.nl\/de\/wp-json\/wp\/v2\/product_cat?post=48797"},{"taxonomy":"product_tag","embeddable":true,"href":"https:\/\/clarijs-fietstassen.nl\/de\/wp-json\/wp\/v2\/product_tag?post=48797"}],"curies":[{"name":"wp","href":"https:\/\/api.w.org\/{rel}","templated":true}]}}