{"id":48798,"date":"2023-07-03T14:04:15","date_gmt":"2023-07-03T13:04:15","guid":{"rendered":"https:\/\/clarijs-fietstassen.nl\/shopper-excellent-braun\/"},"modified":"2026-03-31T13:27:18","modified_gmt":"2026-03-31T11:27:18","slug":"shopper-excellent-braun","status":"publish","type":"product","link":"https:\/\/clarijs-fietstassen.nl\/de\/produkt\/shopper-excellent-braun\/","title":{"rendered":"Shopper Excellent &#8211; Braun"},"content":{"rendered":"<p><span style=\"font-weight: 400;\">Entdecken Sie den Shopper Excellent Brown. Diese trendige Tasche kombiniert Funktionalit\u00e4t mit einem minimalistischen Design. Mit viel Stauraum und praktischen Details ist dieser Shopper Excellent perfekt f\u00fcr den t\u00e4glichen Gebrauch.  <\/span><\/p>\n<p><b>Vorteile:<\/b><\/p>\n<ul>\n<li style=\"font-weight: 400;\" aria-level=\"1\"><span style=\"font-weight: 400;\">Der Shopper ist wasserabweisend.<\/span><\/li>\n<li style=\"font-weight: 400;\" aria-level=\"1\"><span style=\"font-weight: 400;\">Diese Tragetasche ist aus den besten Materialien gefertigt.<\/span><\/li>\n<li style=\"font-weight: 400;\" aria-level=\"1\"><span style=\"font-weight: 400;\">Der Shopper passt problemlos in Ihre Gep\u00e4cktaschen.<\/span><\/li>\n<\/ul>\n<div>\n<p><strong>Gr\u00f6\u00dfen<\/strong> &#8211; <a href=\"https:\/\/clarijs-fietstassen.nl\/wp-content\/uploads\/2026\/03\/Shopper-lijntekening.jpg\" target=\"_blank\" rel=\"noopener\">Bild<\/a><br \/>\nDie Ma\u00dfe der Doppel-Fahrradtaschen sind in Zentimetern angegeben als: L\u00e4nge x Tiefe\/Breite x H\u00f6he<\/p>\n<p>Innen 33 x 16 x 32<br \/>\nAu\u00dfen 36 x 18 x 36<\/p>\n<p>Da die Taschen handgefertigt sind, k\u00f6nnen die Ma\u00dfe um etwa einen Zentimeter variieren.<\/p>\n<\/div>\n<p><b>100% wasserdicht<br \/>\n<\/b><span style=\"font-weight: 400;\">Der Shopper ist aus eisenbeschichtetem Acrylgewebe gefertigt, das f\u00fcr den Wassersport verwendet wird und daher sogar salzwasserbest\u00e4ndig ist. Dadurch ist der Shopper Excellent wasserabweisend und widerstandsf\u00e4hig gegen den t\u00e4glichen Gebrauch.  <\/span><\/p>\n<p><b>Hochwertiges Material<\/b><\/p>\n<ul>\n<li style=\"font-weight: 400;\" aria-level=\"1\"><span style=\"font-weight: 400;\">Acryl ist ein langlebiges Material, das gegen Abnutzung, Ausbleichen und Schimmel resistent ist. Es beh\u00e4lt seine Qualit\u00e4t und Farbechtheit \u00fcber einen langen Zeitraum, selbst wenn es dem Sonnenlicht und der Witterung ausgesetzt ist. <\/span><\/li>\n<li style=\"font-weight: 400;\" aria-level=\"1\"><span style=\"font-weight: 400;\">Acryl hat eine ausgezeichnete Farbechtheit, d.h. die Farben bleiben lange erhalten, ohne zu verblassen.<\/span><\/li>\n<li style=\"font-weight: 400;\" aria-level=\"1\"><span style=\"font-weight: 400;\">Acryl ist leicht zu reinigen und zu pflegen.<\/span><\/li>\n<li style=\"font-weight: 400;\" aria-level=\"1\"><span style=\"font-weight: 400;\">Acryl ist wasserabweisend und widerstandsf\u00e4hig gegen verschiedene Wetterbedingungen, einschlie\u00dflich Regen, Schnee und UV-Strahlen. Es bietet Schutz vor Feuchtigkeit und verhindert, dass Wasser in das Material eindringt. <\/span><\/li>\n<\/ul>\n","protected":false},"excerpt":{"rendered":"<p>Entdecken Sie den Shopper Excellent Brown. Diese trendige Tasche kombiniert Funktionalit\u00e4t mit einem minimalistischen Design. Mit viel Stauraum und praktischen Details ist dieser Shopper Excellent perfekt f\u00fcr den t\u00e4glichen Gebrauch. Vorteile: Der Shopper ist wasserabweisend. Diese Tragetasche ist aus den besten Materialien gefertigt. Der Shopper passt problemlos in Ihre Gep\u00e4cktaschen. Gr\u00f6\u00dfen &#8211; Bild Die Ma\u00dfe [&hellip;]<\/p>\n","protected":false},"featured_media":48800,"comment_status":"closed","ping_status":"closed","template":"","meta":{"_acf_changed":false,"_et_pb_use_builder":"","_et_pb_old_content":"","_et_gb_content_width":""},"product_brand":[],"product_cat":[697,747,756,758,769],"product_tag":[],"class_list":{"0":"post-48798","1":"product","2":"type-product","3":"status-publish","4":"has-post-thumbnail","6":"product_cat-braune-fahrradtaschen","7":"product_cat-luxurioese-fahrradtaschen","8":"product_cat-shoppers-de","9":"product_cat-shoppers-excellent-de","10":"product_cat-taschen","11":"pa_afmetingen-36-x-18-x-36-cm-l-x-b-x-h-de","12":"pa_kleur-schokoladen-braun","13":"pa_materiaal-acryl-de","14":"pa_merk-clarijs-covers-b-v-de","16":"first","17":"instock","18":"taxable","19":"shipping-taxable","20":"purchasable","21":"product-type-simple"},"acf":[],"yoast_head":"<!-- This site is optimized with the Yoast SEO Premium plugin v27.2 (Yoast SEO v27.3) - https:\/\/yoast.com\/product\/yoast-seo-premium-wordpress\/ -->\n<title>Shopper Excellent - Braun - Clarijs Fietstassen<\/title>\n<meta name=\"description\" content=\"Shopper Excellent - BraunEntdecken Sie die . Diese trendige Tasche kombiniert Funktionalit\u00e4t mit einem minimalistischen Design. Mit viel Stauraum.\" \/>\n<meta name=\"robots\" content=\"index, follow, max-snippet:-1, max-image-preview:large, max-video-preview:-1\" \/>\n<link rel=\"canonical\" href=\"https:\/\/clarijs-fietstassen.nl\/de\/produkt\/shopper-excellent-braun\/\" \/>\n<meta property=\"og:locale\" content=\"de_DE\" \/>\n<meta property=\"og:type\" content=\"article\" \/>\n<meta property=\"og:title\" content=\"Shopper Excellent - Braun\" \/>\n<meta property=\"og:description\" content=\"Shopper Excellent - BraunEntdecken Sie die . Diese trendige Tasche kombiniert Funktionalit\u00e4t mit einem minimalistischen Design. Mit viel Stauraum.\" \/>\n<meta property=\"og:url\" content=\"https:\/\/clarijs-fietstassen.nl\/de\/produkt\/shopper-excellent-braun\/\" \/>\n<meta property=\"og:site_name\" content=\"Clarijs Fietstassen\" \/>\n<meta property=\"article:publisher\" content=\"https:\/\/www.facebook.com\/clarijs1948\/\" \/>\n<meta property=\"article:modified_time\" content=\"2026-03-31T11:27:18+00:00\" \/>\n<meta property=\"og:image\" content=\"https:\/\/clarijs-fietstassen.nl\/wp-content\/uploads\/2023\/07\/shopper-Excellent-bruin-turn-4.jpg\" \/>\n\t<meta property=\"og:image:width\" content=\"1200\" \/>\n\t<meta property=\"og:image:height\" content=\"1501\" \/>\n\t<meta property=\"og:image:type\" content=\"image\/jpeg\" \/>\n<meta name=\"twitter:card\" content=\"summary_large_image\" \/>\n<meta name=\"twitter:label1\" content=\"Preis\" \/>\n\t<meta name=\"twitter:data1\" content=\"&euro;37.00\" \/>\n\t<meta name=\"twitter:label2\" content=\"Verf\u00fcgbarkeit\" \/>\n\t<meta name=\"twitter:data2\" content=\"Auf Lager\" \/>\n<script type=\"application\/ld+json\" class=\"yoast-schema-graph\">{\"@context\":\"https:\\\/\\\/schema.org\",\"@graph\":[{\"@type\":\"WebPage\",\"@id\":\"https:\\\/\\\/clarijs-fietstassen.nl\\\/de\\\/produkt\\\/shopper-excellent-braun\\\/\",\"url\":\"https:\\\/\\\/clarijs-fietstassen.nl\\\/de\\\/produkt\\\/shopper-excellent-braun\\\/\",\"name\":\"Shopper Excellent - Braun - Clarijs Fietstassen\",\"isPartOf\":{\"@id\":\"https:\\\/\\\/clarijs-fietstassen.nl\\\/de\\\/#website\"},\"primaryImageOfPage\":{\"@id\":\"https:\\\/\\\/clarijs-fietstassen.nl\\\/de\\\/produkt\\\/shopper-excellent-braun\\\/#primaryimage\"},\"image\":{\"@id\":\"https:\\\/\\\/clarijs-fietstassen.nl\\\/de\\\/produkt\\\/shopper-excellent-braun\\\/#primaryimage\"},\"thumbnailUrl\":\"https:\\\/\\\/clarijs-fietstassen.nl\\\/wp-content\\\/uploads\\\/2023\\\/07\\\/shopper-Excellent-bruin-turn-4.jpg\",\"datePublished\":\"2023-07-03T13:04:15+00:00\",\"dateModified\":\"2026-03-31T11:27:18+00:00\",\"description\":\"Shopper Excellent - BraunEntdecken Sie die . Diese trendige Tasche kombiniert Funktionalit\u00e4t mit einem minimalistischen Design. Mit viel Stauraum.\",\"breadcrumb\":{\"@id\":\"https:\\\/\\\/clarijs-fietstassen.nl\\\/de\\\/produkt\\\/shopper-excellent-braun\\\/#breadcrumb\"},\"inLanguage\":\"de\",\"potentialAction\":[{\"@type\":\"ReadAction\",\"target\":[\"https:\\\/\\\/clarijs-fietstassen.nl\\\/de\\\/produkt\\\/shopper-excellent-braun\\\/\"]}]},{\"@type\":\"ImageObject\",\"inLanguage\":\"de\",\"@id\":\"https:\\\/\\\/clarijs-fietstassen.nl\\\/de\\\/produkt\\\/shopper-excellent-braun\\\/#primaryimage\",\"url\":\"https:\\\/\\\/clarijs-fietstassen.nl\\\/wp-content\\\/uploads\\\/2023\\\/07\\\/shopper-Excellent-bruin-turn-4.jpg\",\"contentUrl\":\"https:\\\/\\\/clarijs-fietstassen.nl\\\/wp-content\\\/uploads\\\/2023\\\/07\\\/shopper-Excellent-bruin-turn-4.jpg\",\"width\":1200,\"height\":1501,\"caption\":\"Shopper Excellent - Braun\"},{\"@type\":\"BreadcrumbList\",\"@id\":\"https:\\\/\\\/clarijs-fietstassen.nl\\\/de\\\/produkt\\\/shopper-excellent-braun\\\/#breadcrumb\",\"itemListElement\":[{\"@type\":\"ListItem\",\"position\":1,\"name\":\"Home\",\"item\":\"https:\\\/\\\/clarijs-fietstassen.nl\\\/de\\\/\"},{\"@type\":\"ListItem\",\"position\":2,\"name\":\"Shop\",\"item\":\"https:\\\/\\\/clarijs-fietstassen.nl\\\/de\\\/shop\\\/\"},{\"@type\":\"ListItem\",\"position\":3,\"name\":\"Braune Fahrradtaschen\",\"item\":\"https:\\\/\\\/clarijs-fietstassen.nl\\\/de\\\/braune-fahrradtaschen\\\/\"},{\"@type\":\"ListItem\",\"position\":4,\"name\":\"Shopper Excellent &#8211; Braun\"}]},{\"@type\":\"WebSite\",\"@id\":\"https:\\\/\\\/clarijs-fietstassen.nl\\\/de\\\/#website\",\"url\":\"https:\\\/\\\/clarijs-fietstassen.nl\\\/de\\\/\",\"name\":\"Clarijs Fietstassen\",\"description\":\"Kwaliteit &amp; ambacht sinds 1948\",\"publisher\":{\"@id\":\"https:\\\/\\\/clarijs-fietstassen.nl\\\/de\\\/#organization\"},\"potentialAction\":[{\"@type\":\"SearchAction\",\"target\":{\"@type\":\"EntryPoint\",\"urlTemplate\":\"https:\\\/\\\/clarijs-fietstassen.nl\\\/de\\\/?s={search_term_string}\"},\"query-input\":{\"@type\":\"PropertyValueSpecification\",\"valueRequired\":true,\"valueName\":\"search_term_string\"}}],\"inLanguage\":\"de\"},{\"@type\":\"Organization\",\"@id\":\"https:\\\/\\\/clarijs-fietstassen.nl\\\/de\\\/#organization\",\"name\":\"Clarijs Fietstassen\",\"url\":\"https:\\\/\\\/clarijs-fietstassen.nl\\\/de\\\/\",\"logo\":{\"@type\":\"ImageObject\",\"inLanguage\":\"de\",\"@id\":\"https:\\\/\\\/clarijs-fietstassen.nl\\\/de\\\/#\\\/schema\\\/logo\\\/image\\\/\",\"url\":\"https:\\\/\\\/clarijs-fietstassen.nl\\\/wp-content\\\/uploads\\\/2024\\\/01\\\/clarijs-logo-met-rand.jpg\",\"contentUrl\":\"https:\\\/\\\/clarijs-fietstassen.nl\\\/wp-content\\\/uploads\\\/2024\\\/01\\\/clarijs-logo-met-rand.jpg\",\"width\":560,\"height\":266,\"caption\":\"Clarijs Fietstassen\"},\"image\":{\"@id\":\"https:\\\/\\\/clarijs-fietstassen.nl\\\/de\\\/#\\\/schema\\\/logo\\\/image\\\/\"},\"sameAs\":[\"https:\\\/\\\/www.facebook.com\\\/clarijs1948\\\/\",\"https:\\\/\\\/www.instagram.com\\\/clarijscovers\\\/\"]}]}<\/script>\n<meta property=\"product:price:amount\" content=\"37.00\" \/>\n<meta property=\"product:price:currency\" content=\"EUR\" \/>\n<meta property=\"og:availability\" content=\"instock\" \/>\n<meta property=\"product:availability\" content=\"instock\" \/>\n<meta property=\"product:retailer_item_id\" content=\"2039\" \/>\n<meta property=\"product:condition\" content=\"new\" \/>\n<!-- \/ Yoast SEO Premium plugin. -->","yoast_head_json":{"title":"Shopper Excellent - Braun - Clarijs Fietstassen","description":"Shopper Excellent - BraunEntdecken Sie die . Diese trendige Tasche kombiniert Funktionalit\u00e4t mit einem minimalistischen Design. Mit viel Stauraum.","robots":{"index":"index","follow":"follow","max-snippet":"max-snippet:-1","max-image-preview":"max-image-preview:large","max-video-preview":"max-video-preview:-1"},"canonical":"https:\/\/clarijs-fietstassen.nl\/de\/produkt\/shopper-excellent-braun\/","og_locale":"de_DE","og_type":"article","og_title":"Shopper Excellent - Braun","og_description":"Shopper Excellent - BraunEntdecken Sie die . Diese trendige Tasche kombiniert Funktionalit\u00e4t mit einem minimalistischen Design. Mit viel Stauraum.","og_url":"https:\/\/clarijs-fietstassen.nl\/de\/produkt\/shopper-excellent-braun\/","og_site_name":"Clarijs Fietstassen","article_publisher":"https:\/\/www.facebook.com\/clarijs1948\/","article_modified_time":"2026-03-31T11:27:18+00:00","og_image":[{"width":1200,"height":1501,"url":"https:\/\/clarijs-fietstassen.nl\/wp-content\/uploads\/2023\/07\/shopper-Excellent-bruin-turn-4.jpg","type":"image\/jpeg"}],"twitter_card":"summary_large_image","twitter_misc":{"Preis":"&euro;37.00","Verf\u00fcgbarkeit":"Auf Lager"},"schema":{"@context":"https:\/\/schema.org","@graph":[{"@type":"WebPage","@id":"https:\/\/clarijs-fietstassen.nl\/de\/produkt\/shopper-excellent-braun\/","url":"https:\/\/clarijs-fietstassen.nl\/de\/produkt\/shopper-excellent-braun\/","name":"Shopper Excellent - Braun - Clarijs Fietstassen","isPartOf":{"@id":"https:\/\/clarijs-fietstassen.nl\/de\/#website"},"primaryImageOfPage":{"@id":"https:\/\/clarijs-fietstassen.nl\/de\/produkt\/shopper-excellent-braun\/#primaryimage"},"image":{"@id":"https:\/\/clarijs-fietstassen.nl\/de\/produkt\/shopper-excellent-braun\/#primaryimage"},"thumbnailUrl":"https:\/\/clarijs-fietstassen.nl\/wp-content\/uploads\/2023\/07\/shopper-Excellent-bruin-turn-4.jpg","datePublished":"2023-07-03T13:04:15+00:00","dateModified":"2026-03-31T11:27:18+00:00","description":"Shopper Excellent - BraunEntdecken Sie die . Diese trendige Tasche kombiniert Funktionalit\u00e4t mit einem minimalistischen Design. Mit viel Stauraum.","breadcrumb":{"@id":"https:\/\/clarijs-fietstassen.nl\/de\/produkt\/shopper-excellent-braun\/#breadcrumb"},"inLanguage":"de","potentialAction":[{"@type":"ReadAction","target":["https:\/\/clarijs-fietstassen.nl\/de\/produkt\/shopper-excellent-braun\/"]}]},{"@type":"ImageObject","inLanguage":"de","@id":"https:\/\/clarijs-fietstassen.nl\/de\/produkt\/shopper-excellent-braun\/#primaryimage","url":"https:\/\/clarijs-fietstassen.nl\/wp-content\/uploads\/2023\/07\/shopper-Excellent-bruin-turn-4.jpg","contentUrl":"https:\/\/clarijs-fietstassen.nl\/wp-content\/uploads\/2023\/07\/shopper-Excellent-bruin-turn-4.jpg","width":1200,"height":1501,"caption":"Shopper Excellent - Braun"},{"@type":"BreadcrumbList","@id":"https:\/\/clarijs-fietstassen.nl\/de\/produkt\/shopper-excellent-braun\/#breadcrumb","itemListElement":[{"@type":"ListItem","position":1,"name":"Home","item":"https:\/\/clarijs-fietstassen.nl\/de\/"},{"@type":"ListItem","position":2,"name":"Shop","item":"https:\/\/clarijs-fietstassen.nl\/de\/shop\/"},{"@type":"ListItem","position":3,"name":"Braune Fahrradtaschen","item":"https:\/\/clarijs-fietstassen.nl\/de\/braune-fahrradtaschen\/"},{"@type":"ListItem","position":4,"name":"Shopper Excellent &#8211; Braun"}]},{"@type":"WebSite","@id":"https:\/\/clarijs-fietstassen.nl\/de\/#website","url":"https:\/\/clarijs-fietstassen.nl\/de\/","name":"Clarijs Fietstassen","description":"Kwaliteit &amp; ambacht sinds 1948","publisher":{"@id":"https:\/\/clarijs-fietstassen.nl\/de\/#organization"},"potentialAction":[{"@type":"SearchAction","target":{"@type":"EntryPoint","urlTemplate":"https:\/\/clarijs-fietstassen.nl\/de\/?s={search_term_string}"},"query-input":{"@type":"PropertyValueSpecification","valueRequired":true,"valueName":"search_term_string"}}],"inLanguage":"de"},{"@type":"Organization","@id":"https:\/\/clarijs-fietstassen.nl\/de\/#organization","name":"Clarijs Fietstassen","url":"https:\/\/clarijs-fietstassen.nl\/de\/","logo":{"@type":"ImageObject","inLanguage":"de","@id":"https:\/\/clarijs-fietstassen.nl\/de\/#\/schema\/logo\/image\/","url":"https:\/\/clarijs-fietstassen.nl\/wp-content\/uploads\/2024\/01\/clarijs-logo-met-rand.jpg","contentUrl":"https:\/\/clarijs-fietstassen.nl\/wp-content\/uploads\/2024\/01\/clarijs-logo-met-rand.jpg","width":560,"height":266,"caption":"Clarijs Fietstassen"},"image":{"@id":"https:\/\/clarijs-fietstassen.nl\/de\/#\/schema\/logo\/image\/"},"sameAs":["https:\/\/www.facebook.com\/clarijs1948\/","https:\/\/www.instagram.com\/clarijscovers\/"]}]},"product_price_amount":"37.00","product_price_currency":"EUR","og_availability":"instock","product_availability":"instock","product_retailer_item_id":"2039","product_condition":"new"},"_links":{"self":[{"href":"https:\/\/clarijs-fietstassen.nl\/de\/wp-json\/wp\/v2\/product\/48798","targetHints":{"allow":["GET"]}}],"collection":[{"href":"https:\/\/clarijs-fietstassen.nl\/de\/wp-json\/wp\/v2\/product"}],"about":[{"href":"https:\/\/clarijs-fietstassen.nl\/de\/wp-json\/wp\/v2\/types\/product"}],"replies":[{"embeddable":true,"href":"https:\/\/clarijs-fietstassen.nl\/de\/wp-json\/wp\/v2\/comments?post=48798"}],"wp:featuredmedia":[{"embeddable":true,"href":"https:\/\/clarijs-fietstassen.nl\/de\/wp-json\/wp\/v2\/media\/48800"}],"wp:attachment":[{"href":"https:\/\/clarijs-fietstassen.nl\/de\/wp-json\/wp\/v2\/media?parent=48798"}],"wp:term":[{"taxonomy":"product_brand","embeddable":true,"href":"https:\/\/clarijs-fietstassen.nl\/de\/wp-json\/wp\/v2\/product_brand?post=48798"},{"taxonomy":"product_cat","embeddable":true,"href":"https:\/\/clarijs-fietstassen.nl\/de\/wp-json\/wp\/v2\/product_cat?post=48798"},{"taxonomy":"product_tag","embeddable":true,"href":"https:\/\/clarijs-fietstassen.nl\/de\/wp-json\/wp\/v2\/product_tag?post=48798"}],"curies":[{"name":"wp","href":"https:\/\/api.w.org\/{rel}","templated":true}]}}