{"id":48823,"date":"2023-07-03T14:05:11","date_gmt":"2023-07-03T12:05:11","guid":{"rendered":"https:\/\/clarijs-fietstassen.nl\/rohrrahmen-fuer-bicycle-factory-classic-rain-zelt\/"},"modified":"2025-02-17T13:17:31","modified_gmt":"2025-02-17T12:17:31","slug":"rohrrahmen-fuer-bicycle-factory-classic-rain-zelt","status":"publish","type":"product","link":"https:\/\/clarijs-fietstassen.nl\/de\/produkt\/rohrrahmen-fuer-bicycle-factory-classic-rain-zelt\/","title":{"rendered":"Rohrrahmen f\u00fcr Bicycle Factory Classic Rain Zelt"},"content":{"rendered":"<p><span style=\"font-weight: 400;\">Der Rohrrahmen f\u00fcr das Fietsfabriek Classic Regenverdeck von Clarijs Panniers ist ein unverzichtbares Zubeh\u00f6r f\u00fcr das Fietsfabriek Classic Regenverdeck. Mit diesem robusten und langlebigen Rohrrahmen k\u00f6nnen Sie das Verdeck sicher an Ihrem Fietsfabriek Classic Lastenfahrrad befestigen und Ihr Fahrerlebnis um zus\u00e4tzlichen Schutz und Funktionalit\u00e4t erweitern. <\/span><\/p>\n<p><span style=\"font-weight: 400;\">Der Rohrrahmen hat die Ma\u00dfe 69,5\u00d754,5 und passt damit perfekt zum Bicycle Factory Classic Rain Canopy. Stellen Sie sicher, dass Sie diese Ma\u00dfe \u00fcberpr\u00fcfen und mit Ihrem Verdeck \u00fcbereinstimmen, bevor Sie bestellen. <\/span><\/p>\n<p><b>Vorteile<\/b> des Rohrrahmens f\u00fcr das Bicycle Factory Classic Rain Tent:<\/p>\n<ul>\n<li style=\"font-weight: 400;\" aria-level=\"1\"><span style=\"font-weight: 400;\">die Steifigkeit des Rahmens<\/span><\/li>\n<li style=\"font-weight: 400;\" aria-level=\"1\"><span style=\"font-weight: 400;\">aus stabilem Metall  <\/span><\/li>\n<li style=\"font-weight: 400;\" aria-level=\"1\"><span style=\"font-weight: 400;\">leicht zu befestigen<\/span><\/li>\n<\/ul>\n<p><b>Hochwertiges Material<\/b><\/p>\n<ul>\n<li style=\"font-weight: 400;\" aria-level=\"1\"><span style=\"font-weight: 400;\">Aluminium ist ein leichtes Material, was zu einem Rohrrahmen f\u00fchrt, der einfach zu handhaben und zu transportieren ist. Dies ist besonders wichtig, wenn Sie einen Rohrrahmen in Kombination mit einem Lastenfahrrad verwenden, bei dem es auf Gewichtsersparnis ankommt. <\/span><\/li>\n<li style=\"font-weight: 400;\" aria-level=\"1\"><span style=\"font-weight: 400;\">Trotz seines geringen Gewichts ist Aluminium auch f\u00fcr seine St\u00e4rke und Haltbarkeit bekannt. Ein Aluminiumrohrrahmen bietet eine solide Struktur, die den Belastungen und St\u00f6\u00dfen standh\u00e4lt, die bei der Verwendung eines Zelts oder anderen Zubeh\u00f6rs auftreten k\u00f6nnen. <\/span><\/li>\n<li style=\"font-weight: 400;\" aria-level=\"1\"><span style=\"font-weight: 400;\">Aluminium hat von Natur aus eine hohe Korrosionsbest\u00e4ndigkeit, was bedeutet, dass der Rahmen sehr resistent gegen Rost und Oxidation ist. Dies ist besonders wichtig bei der Verwendung im Freien, wo der Rahmen Feuchtigkeit und verschiedenen Wetterbedingungen ausgesetzt sein kann. <\/span><\/li>\n<\/ul>\n<ul>\n<li style=\"font-weight: 400;\" aria-level=\"1\"><span style=\"font-weight: 400;\">Ein Aluminiumrohrrahmen erfordert im Allgemeinen nur minimale Pflege. Er l\u00e4sst sich leicht mit milder Seife und Wasser reinigen und ben\u00f6tigt keine speziellen Schutzbeschichtungen, um seine Haltbarkeit zu erhalten. <\/span><\/li>\n<\/ul>\n","protected":false},"excerpt":{"rendered":"<p>Der Rohrrahmen f\u00fcr das Fietsfabriek Classic Regenverdeck von Clarijs Panniers ist ein unverzichtbares Zubeh\u00f6r f\u00fcr das Fietsfabriek Classic Regenverdeck. Mit diesem robusten und langlebigen Rohrrahmen k\u00f6nnen Sie das Verdeck sicher an Ihrem Fietsfabriek Classic Lastenfahrrad befestigen und Ihr Fahrerlebnis um zus\u00e4tzlichen Schutz und Funktionalit\u00e4t erweitern. Der Rohrrahmen hat die Ma\u00dfe 69,5\u00d754,5 und passt damit perfekt [&hellip;]<\/p>\n","protected":false},"featured_media":48825,"comment_status":"closed","ping_status":"closed","template":"","meta":{"_acf_changed":false,"_et_pb_use_builder":"","_et_pb_old_content":"","_et_gb_content_width":""},"product_brand":[],"product_cat":[686,724,688,684],"product_tag":[],"class_list":{"0":"post-48823","1":"product","2":"type-product","3":"status-publish","4":"has-post-thumbnail","6":"product_cat-bakfiets-de","7":"product_cat-fietsfabriek-de","8":"product_cat-lastenrad-zubehor","9":"product_cat-zubehor","10":"pa_materiaal-aluminium-de","12":"first","13":"instock","14":"taxable","15":"shipping-taxable","16":"purchasable","17":"product-type-simple"},"acf":[],"yoast_head":"<!-- This site is optimized with the Yoast SEO Premium plugin v27.2 (Yoast SEO v27.3) - https:\/\/yoast.com\/product\/yoast-seo-premium-wordpress\/ -->\n<title>Rohrrahmen f\u00fcr Bicycle Factory Classic Rain Zelt - Clarijs Fietstassen<\/title>\n<meta name=\"description\" content=\"Der Tube Frame f\u00fcr Bicycle Factory Classic Regent, ist ein unverzichtbares Zubeh\u00f6r f\u00fcr das Bicycle Factory Classic Regent.\" \/>\n<meta name=\"robots\" content=\"index, follow, max-snippet:-1, max-image-preview:large, max-video-preview:-1\" \/>\n<link rel=\"canonical\" href=\"https:\/\/clarijs-fietstassen.nl\/produkt\/buizenframe-voor-fietsfabriek-classic-regentent\/\" \/>\n<meta property=\"og:locale\" content=\"de_DE\" \/>\n<meta property=\"og:type\" content=\"article\" \/>\n<meta property=\"og:title\" content=\"Rohrrahmen f\u00fcr Bicycle Factory Classic Rain Zelt\" \/>\n<meta property=\"og:description\" content=\"Der Tube Frame f\u00fcr Bicycle Factory Classic Regent, ist ein unverzichtbares Zubeh\u00f6r f\u00fcr das Bicycle Factory Classic Regent.\" \/>\n<meta property=\"og:url\" content=\"https:\/\/clarijs-fietstassen.nl\/produkt\/buizenframe-voor-fietsfabriek-classic-regentent\/\" \/>\n<meta property=\"og:site_name\" content=\"Clarijs Fietstassen\" \/>\n<meta property=\"article:publisher\" content=\"https:\/\/www.facebook.com\/clarijs1948\/\" \/>\n<meta property=\"article:modified_time\" content=\"2025-02-17T12:17:31+00:00\" \/>\n<meta property=\"og:image\" content=\"https:\/\/clarijs-fietstassen.nl\/wp-content\/uploads\/2023\/07\/Beugels_1903x.jpg\" \/>\n\t<meta property=\"og:image:width\" content=\"1200\" \/>\n\t<meta property=\"og:image:height\" content=\"1600\" \/>\n\t<meta property=\"og:image:type\" content=\"image\/jpeg\" \/>\n<meta name=\"twitter:card\" content=\"summary_large_image\" \/>\n<meta name=\"twitter:label1\" content=\"Preis\" \/>\n\t<meta name=\"twitter:data1\" content=\"&euro;56.00\" \/>\n\t<meta name=\"twitter:label2\" content=\"Verf\u00fcgbarkeit\" \/>\n\t<meta name=\"twitter:data2\" content=\"Auf Lager\" \/>\n<script type=\"application\/ld+json\" class=\"yoast-schema-graph\">{\"@context\":\"https:\\\/\\\/schema.org\",\"@graph\":[{\"@type\":\"WebPage\",\"@id\":\"https:\\\/\\\/clarijs-fietstassen.nl\\\/produkt\\\/buizenframe-voor-fietsfabriek-classic-regentent\\\/\",\"url\":\"https:\\\/\\\/clarijs-fietstassen.nl\\\/produkt\\\/buizenframe-voor-fietsfabriek-classic-regentent\\\/\",\"name\":\"Rohrrahmen f\u00fcr Bicycle Factory Classic Rain Zelt - Clarijs Fietstassen\",\"isPartOf\":{\"@id\":\"https:\\\/\\\/clarijs-fietstassen.nl\\\/de\\\/#website\"},\"primaryImageOfPage\":{\"@id\":\"https:\\\/\\\/clarijs-fietstassen.nl\\\/produkt\\\/buizenframe-voor-fietsfabriek-classic-regentent\\\/#primaryimage\"},\"image\":{\"@id\":\"https:\\\/\\\/clarijs-fietstassen.nl\\\/produkt\\\/buizenframe-voor-fietsfabriek-classic-regentent\\\/#primaryimage\"},\"thumbnailUrl\":\"https:\\\/\\\/clarijs-fietstassen.nl\\\/wp-content\\\/uploads\\\/2023\\\/07\\\/Beugels_1903x.jpg\",\"datePublished\":\"2023-07-03T12:05:11+00:00\",\"dateModified\":\"2025-02-17T12:17:31+00:00\",\"description\":\"Der Tube Frame f\u00fcr Bicycle Factory Classic Regent, ist ein unverzichtbares Zubeh\u00f6r f\u00fcr das Bicycle Factory Classic Regent.\",\"breadcrumb\":{\"@id\":\"https:\\\/\\\/clarijs-fietstassen.nl\\\/produkt\\\/buizenframe-voor-fietsfabriek-classic-regentent\\\/#breadcrumb\"},\"inLanguage\":\"de\",\"potentialAction\":[{\"@type\":\"ReadAction\",\"target\":[\"https:\\\/\\\/clarijs-fietstassen.nl\\\/produkt\\\/buizenframe-voor-fietsfabriek-classic-regentent\\\/\"]}]},{\"@type\":\"ImageObject\",\"inLanguage\":\"de\",\"@id\":\"https:\\\/\\\/clarijs-fietstassen.nl\\\/produkt\\\/buizenframe-voor-fietsfabriek-classic-regentent\\\/#primaryimage\",\"url\":\"https:\\\/\\\/clarijs-fietstassen.nl\\\/wp-content\\\/uploads\\\/2023\\\/07\\\/Beugels_1903x.jpg\",\"contentUrl\":\"https:\\\/\\\/clarijs-fietstassen.nl\\\/wp-content\\\/uploads\\\/2023\\\/07\\\/Beugels_1903x.jpg\",\"width\":1200,\"height\":1600,\"caption\":\"Rohrrahmen f\u00fcr Bicycle Factory Classic Rain Zelt\"},{\"@type\":\"BreadcrumbList\",\"@id\":\"https:\\\/\\\/clarijs-fietstassen.nl\\\/produkt\\\/buizenframe-voor-fietsfabriek-classic-regentent\\\/#breadcrumb\",\"itemListElement\":[{\"@type\":\"ListItem\",\"position\":1,\"name\":\"Home\",\"item\":\"https:\\\/\\\/clarijs-fietstassen.nl\\\/de\\\/\"},{\"@type\":\"ListItem\",\"position\":2,\"name\":\"Shop\",\"item\":\"https:\\\/\\\/clarijs-fietstassen.nl\\\/de\\\/shop\\\/\"},{\"@type\":\"ListItem\",\"position\":3,\"name\":\"Bakfiets\",\"item\":\"https:\\\/\\\/clarijs-fietstassen.nl\\\/de\\\/bakfiets-de\\\/\"},{\"@type\":\"ListItem\",\"position\":4,\"name\":\"Rohrrahmen f\u00fcr Bicycle Factory Classic Rain Zelt\"}]},{\"@type\":\"WebSite\",\"@id\":\"https:\\\/\\\/clarijs-fietstassen.nl\\\/de\\\/#website\",\"url\":\"https:\\\/\\\/clarijs-fietstassen.nl\\\/de\\\/\",\"name\":\"Clarijs Fietstassen\",\"description\":\"Kwaliteit &amp; ambacht sinds 1948\",\"publisher\":{\"@id\":\"https:\\\/\\\/clarijs-fietstassen.nl\\\/de\\\/#organization\"},\"potentialAction\":[{\"@type\":\"SearchAction\",\"target\":{\"@type\":\"EntryPoint\",\"urlTemplate\":\"https:\\\/\\\/clarijs-fietstassen.nl\\\/de\\\/?s={search_term_string}\"},\"query-input\":{\"@type\":\"PropertyValueSpecification\",\"valueRequired\":true,\"valueName\":\"search_term_string\"}}],\"inLanguage\":\"de\"},{\"@type\":\"Organization\",\"@id\":\"https:\\\/\\\/clarijs-fietstassen.nl\\\/de\\\/#organization\",\"name\":\"Clarijs Fietstassen\",\"url\":\"https:\\\/\\\/clarijs-fietstassen.nl\\\/de\\\/\",\"logo\":{\"@type\":\"ImageObject\",\"inLanguage\":\"de\",\"@id\":\"https:\\\/\\\/clarijs-fietstassen.nl\\\/de\\\/#\\\/schema\\\/logo\\\/image\\\/\",\"url\":\"https:\\\/\\\/clarijs-fietstassen.nl\\\/wp-content\\\/uploads\\\/2024\\\/01\\\/clarijs-logo-met-rand.jpg\",\"contentUrl\":\"https:\\\/\\\/clarijs-fietstassen.nl\\\/wp-content\\\/uploads\\\/2024\\\/01\\\/clarijs-logo-met-rand.jpg\",\"width\":560,\"height\":266,\"caption\":\"Clarijs Fietstassen\"},\"image\":{\"@id\":\"https:\\\/\\\/clarijs-fietstassen.nl\\\/de\\\/#\\\/schema\\\/logo\\\/image\\\/\"},\"sameAs\":[\"https:\\\/\\\/www.facebook.com\\\/clarijs1948\\\/\",\"https:\\\/\\\/www.instagram.com\\\/clarijscovers\\\/\"]}]}<\/script>\n<meta property=\"product:price:amount\" content=\"56.00\" \/>\n<meta property=\"product:price:currency\" content=\"EUR\" \/>\n<meta property=\"og:availability\" content=\"instock\" \/>\n<meta property=\"product:availability\" content=\"instock\" \/>\n<meta property=\"product:retailer_item_id\" content=\"5053\" \/>\n<meta property=\"product:condition\" content=\"new\" \/>\n<!-- \/ Yoast SEO Premium plugin. -->","yoast_head_json":{"title":"Rohrrahmen f\u00fcr Bicycle Factory Classic Rain Zelt - Clarijs Fietstassen","description":"Der Tube Frame f\u00fcr Bicycle Factory Classic Regent, ist ein unverzichtbares Zubeh\u00f6r f\u00fcr das Bicycle Factory Classic Regent.","robots":{"index":"index","follow":"follow","max-snippet":"max-snippet:-1","max-image-preview":"max-image-preview:large","max-video-preview":"max-video-preview:-1"},"canonical":"https:\/\/clarijs-fietstassen.nl\/produkt\/buizenframe-voor-fietsfabriek-classic-regentent\/","og_locale":"de_DE","og_type":"article","og_title":"Rohrrahmen f\u00fcr Bicycle Factory Classic Rain Zelt","og_description":"Der Tube Frame f\u00fcr Bicycle Factory Classic Regent, ist ein unverzichtbares Zubeh\u00f6r f\u00fcr das Bicycle Factory Classic Regent.","og_url":"https:\/\/clarijs-fietstassen.nl\/produkt\/buizenframe-voor-fietsfabriek-classic-regentent\/","og_site_name":"Clarijs Fietstassen","article_publisher":"https:\/\/www.facebook.com\/clarijs1948\/","article_modified_time":"2025-02-17T12:17:31+00:00","og_image":[{"width":1200,"height":1600,"url":"https:\/\/clarijs-fietstassen.nl\/wp-content\/uploads\/2023\/07\/Beugels_1903x.jpg","type":"image\/jpeg"}],"twitter_card":"summary_large_image","twitter_misc":{"Preis":"&euro;56.00","Verf\u00fcgbarkeit":"Auf Lager"},"schema":{"@context":"https:\/\/schema.org","@graph":[{"@type":"WebPage","@id":"https:\/\/clarijs-fietstassen.nl\/produkt\/buizenframe-voor-fietsfabriek-classic-regentent\/","url":"https:\/\/clarijs-fietstassen.nl\/produkt\/buizenframe-voor-fietsfabriek-classic-regentent\/","name":"Rohrrahmen f\u00fcr Bicycle Factory Classic Rain Zelt - Clarijs Fietstassen","isPartOf":{"@id":"https:\/\/clarijs-fietstassen.nl\/de\/#website"},"primaryImageOfPage":{"@id":"https:\/\/clarijs-fietstassen.nl\/produkt\/buizenframe-voor-fietsfabriek-classic-regentent\/#primaryimage"},"image":{"@id":"https:\/\/clarijs-fietstassen.nl\/produkt\/buizenframe-voor-fietsfabriek-classic-regentent\/#primaryimage"},"thumbnailUrl":"https:\/\/clarijs-fietstassen.nl\/wp-content\/uploads\/2023\/07\/Beugels_1903x.jpg","datePublished":"2023-07-03T12:05:11+00:00","dateModified":"2025-02-17T12:17:31+00:00","description":"Der Tube Frame f\u00fcr Bicycle Factory Classic Regent, ist ein unverzichtbares Zubeh\u00f6r f\u00fcr das Bicycle Factory Classic Regent.","breadcrumb":{"@id":"https:\/\/clarijs-fietstassen.nl\/produkt\/buizenframe-voor-fietsfabriek-classic-regentent\/#breadcrumb"},"inLanguage":"de","potentialAction":[{"@type":"ReadAction","target":["https:\/\/clarijs-fietstassen.nl\/produkt\/buizenframe-voor-fietsfabriek-classic-regentent\/"]}]},{"@type":"ImageObject","inLanguage":"de","@id":"https:\/\/clarijs-fietstassen.nl\/produkt\/buizenframe-voor-fietsfabriek-classic-regentent\/#primaryimage","url":"https:\/\/clarijs-fietstassen.nl\/wp-content\/uploads\/2023\/07\/Beugels_1903x.jpg","contentUrl":"https:\/\/clarijs-fietstassen.nl\/wp-content\/uploads\/2023\/07\/Beugels_1903x.jpg","width":1200,"height":1600,"caption":"Rohrrahmen f\u00fcr Bicycle Factory Classic Rain Zelt"},{"@type":"BreadcrumbList","@id":"https:\/\/clarijs-fietstassen.nl\/produkt\/buizenframe-voor-fietsfabriek-classic-regentent\/#breadcrumb","itemListElement":[{"@type":"ListItem","position":1,"name":"Home","item":"https:\/\/clarijs-fietstassen.nl\/de\/"},{"@type":"ListItem","position":2,"name":"Shop","item":"https:\/\/clarijs-fietstassen.nl\/de\/shop\/"},{"@type":"ListItem","position":3,"name":"Bakfiets","item":"https:\/\/clarijs-fietstassen.nl\/de\/bakfiets-de\/"},{"@type":"ListItem","position":4,"name":"Rohrrahmen f\u00fcr Bicycle Factory Classic Rain Zelt"}]},{"@type":"WebSite","@id":"https:\/\/clarijs-fietstassen.nl\/de\/#website","url":"https:\/\/clarijs-fietstassen.nl\/de\/","name":"Clarijs Fietstassen","description":"Kwaliteit &amp; ambacht sinds 1948","publisher":{"@id":"https:\/\/clarijs-fietstassen.nl\/de\/#organization"},"potentialAction":[{"@type":"SearchAction","target":{"@type":"EntryPoint","urlTemplate":"https:\/\/clarijs-fietstassen.nl\/de\/?s={search_term_string}"},"query-input":{"@type":"PropertyValueSpecification","valueRequired":true,"valueName":"search_term_string"}}],"inLanguage":"de"},{"@type":"Organization","@id":"https:\/\/clarijs-fietstassen.nl\/de\/#organization","name":"Clarijs Fietstassen","url":"https:\/\/clarijs-fietstassen.nl\/de\/","logo":{"@type":"ImageObject","inLanguage":"de","@id":"https:\/\/clarijs-fietstassen.nl\/de\/#\/schema\/logo\/image\/","url":"https:\/\/clarijs-fietstassen.nl\/wp-content\/uploads\/2024\/01\/clarijs-logo-met-rand.jpg","contentUrl":"https:\/\/clarijs-fietstassen.nl\/wp-content\/uploads\/2024\/01\/clarijs-logo-met-rand.jpg","width":560,"height":266,"caption":"Clarijs Fietstassen"},"image":{"@id":"https:\/\/clarijs-fietstassen.nl\/de\/#\/schema\/logo\/image\/"},"sameAs":["https:\/\/www.facebook.com\/clarijs1948\/","https:\/\/www.instagram.com\/clarijscovers\/"]}]},"product_price_amount":"56.00","product_price_currency":"EUR","og_availability":"instock","product_availability":"instock","product_retailer_item_id":"5053","product_condition":"new"},"_links":{"self":[{"href":"https:\/\/clarijs-fietstassen.nl\/de\/wp-json\/wp\/v2\/product\/48823","targetHints":{"allow":["GET"]}}],"collection":[{"href":"https:\/\/clarijs-fietstassen.nl\/de\/wp-json\/wp\/v2\/product"}],"about":[{"href":"https:\/\/clarijs-fietstassen.nl\/de\/wp-json\/wp\/v2\/types\/product"}],"replies":[{"embeddable":true,"href":"https:\/\/clarijs-fietstassen.nl\/de\/wp-json\/wp\/v2\/comments?post=48823"}],"wp:featuredmedia":[{"embeddable":true,"href":"https:\/\/clarijs-fietstassen.nl\/de\/wp-json\/wp\/v2\/media\/48825"}],"wp:attachment":[{"href":"https:\/\/clarijs-fietstassen.nl\/de\/wp-json\/wp\/v2\/media?parent=48823"}],"wp:term":[{"taxonomy":"product_brand","embeddable":true,"href":"https:\/\/clarijs-fietstassen.nl\/de\/wp-json\/wp\/v2\/product_brand?post=48823"},{"taxonomy":"product_cat","embeddable":true,"href":"https:\/\/clarijs-fietstassen.nl\/de\/wp-json\/wp\/v2\/product_cat?post=48823"},{"taxonomy":"product_tag","embeddable":true,"href":"https:\/\/clarijs-fietstassen.nl\/de\/wp-json\/wp\/v2\/product_tag?post=48823"}],"curies":[{"name":"wp","href":"https:\/\/api.w.org\/{rel}","templated":true}]}}