{"id":48824,"date":"2023-07-03T14:04:13","date_gmt":"2023-07-03T12:04:13","guid":{"rendered":"https:\/\/clarijs-fietstassen.nl\/regenzelt-fuer-workcycles-kr8\/"},"modified":"2025-09-30T13:00:25","modified_gmt":"2025-09-30T11:00:25","slug":"regenzelt-fuer-workcycles-kr8","status":"publish","type":"product","link":"https:\/\/clarijs-fietstassen.nl\/de\/produkt\/regenzelt-fuer-workcycles-kr8\/","title":{"rendered":"Regenzelt f\u00fcr WorkCycles KR8"},"content":{"rendered":"<p><span style=\"font-weight: 400;\">Mit dem Regenzelt f\u00fcr WorkCycles KR8 k\u00f6nnen Sie Ihr Lastenfahrrad schnell und einfach in eine gem\u00fctliche und gesch\u00fctzte Umgebung verwandeln. Ganz gleich, ob Sie Ihre Kinder transportieren, Besorgungen machen oder einfach nur eine gem\u00fctliche Fahrradtour genie\u00dfen m\u00f6chten, dieses Verdeck gibt Ihnen die Flexibilit\u00e4t, dies bei allen Wetterbedingungen zu tun. <\/span><\/p>\n<p><b>Vorteile<\/b> des Regenzelt f\u00fcr WorkCycles KR8:<\/p>\n<ul>\n<li style=\"font-weight: 400;\" aria-level=\"1\"><span style=\"font-weight: 400;\">Das Regenzelt ist in vielen verschiedenen Farben erh\u00e4ltlich.<\/span><\/li>\n<li style=\"font-weight: 400;\" aria-level=\"1\"><span style=\"font-weight: 400;\">Das Regenzelt ist wasserdicht.<\/span><\/li>\n<li style=\"font-weight: 400;\" aria-level=\"1\"><span style=\"font-weight: 400;\">Das Regenzelt hat eine hohe Farbechtheit.<\/span><\/li>\n<li style=\"font-weight: 400;\" aria-level=\"1\"><span style=\"font-weight: 400;\">Das Regenzelt ist in 2 verschiedenen Materialien erh\u00e4ltlich.<\/span><\/li>\n<\/ul>\n<p><i><span style=\"font-weight: 400;\">Die H\u00f6he dieses Regenzelt, gemessen von der Bank aus, betr\u00e4gt 69 cm.<\/span><\/i><\/p>\n<p><b>100 % wasserdicht<\/b><\/p>\n<p><span style=\"font-weight: 400;\">Das Regenzelt f\u00fcr WorkCycles KR8 ist aus Bisonyl PVC &#8211; Gewebe hergestellt. Die Wasserdichtigkeit des Bisonyl PVC-Gewebes ist auf die Kombination der wasserabweisenden Eigenschaften des PVC-Materials und der dichten Konstruktion des gewebten Stoffes zur\u00fcckzuf\u00fchren. Dadurch bleibt die Ladung oder der Gegenstand, der unter der Plane platziert wird, trocken und gesch\u00fctzt, selbst bei starkem Regen oder anderen nassen Bedingungen.  <\/span><\/p>\n<p><b>Hochwertiges Material<\/b><\/p>\n<ul>\n<li style=\"font-weight: 400;\" aria-level=\"1\"><span style=\"font-weight: 400;\">Die hochwertigen Materialien des Regenzeltes sorgen daf\u00fcr, dass es dem t\u00e4glichen Gebrauch standh\u00e4lt.<\/span><\/li>\n<li style=\"font-weight: 400;\" aria-level=\"1\"><span style=\"font-weight: 400;\">Der beschichtete Acrylstoff ist so konzipiert, dass er verschiedenen Witterungsbedingungen wie Sonnenlicht, UV-Strahlung, Wind und extremen Temperaturen standh\u00e4lt. Die Beschichtung sch\u00fctzt den Stoff vor Verf\u00e4rbung, Ausbleichen und Degeneration durch Witterungseinfl\u00fcsse. <\/span><\/li>\n<li style=\"font-weight: 400;\" aria-level=\"1\"><span style=\"font-weight: 400;\">Das PVC-Gewebe ist stark und h\u00e4lt gro\u00dfen Belastungen stand. Dadurch eignet es sich zum Tragen schwerer Gegenst\u00e4nde oder zum Aufbau stabiler Strukturen. <\/span><\/li>\n<\/ul>\n","protected":false},"excerpt":{"rendered":"<p>Mit dem Regenzelt f\u00fcr WorkCycles KR8 k\u00f6nnen Sie Ihr Lastenfahrrad schnell und einfach in eine gem\u00fctliche und gesch\u00fctzte Umgebung verwandeln. Ganz gleich, ob Sie Ihre Kinder transportieren, Besorgungen machen oder einfach nur eine gem\u00fctliche Fahrradtour genie\u00dfen m\u00f6chten, dieses Verdeck gibt Ihnen die Flexibilit\u00e4t, dies bei allen Wetterbedingungen zu tun. Vorteile des Regenzelt f\u00fcr WorkCycles KR8: [&hellip;]<\/p>\n","protected":false},"featured_media":48826,"comment_status":"closed","ping_status":"closed","template":"","meta":{"_acf_changed":false,"_et_pb_use_builder":"","_et_pb_old_content":"","_et_gb_content_width":""},"product_brand":[],"product_cat":[686,738,690],"product_tag":[],"class_list":{"0":"post-48824","1":"product","2":"type-product","3":"status-publish","4":"has-post-thumbnail","6":"product_cat-bakfiets-de","7":"product_cat-kr8-de","8":"product_cat-lastenrad-regenverdeck","9":"pa_kleur-apfelgrun","10":"pa_kleur-azurblau","11":"pa_kleur-bordeaux-rot","12":"pa_kleur-creme-de","13":"pa_kleur-dunkelblau","14":"pa_kleur-feuerwehr-rot","15":"pa_kleur-gelb","16":"pa_kleur-holland-orange-de","17":"pa_kleur-lila","18":"pa_kleur-matt-schwarz-de","19":"pa_kleur-rosa","20":"pa_kleur-schokoladen-braun","21":"pa_kleur-schwarz","22":"pa_kleur-silber-metallic","23":"pa_kleur-weis","24":"pa_materiaal-bisonyl-pvc-leinwand","25":"pa_merk-clarijs-covers-b-v-de","27":"first","28":"instock","29":"taxable","30":"shipping-taxable","31":"purchasable","32":"product-type-variable"},"acf":[],"yoast_head":"<!-- This site is optimized with the Yoast SEO Premium plugin v27.2 (Yoast SEO v27.2) - https:\/\/yoast.com\/product\/yoast-seo-premium-wordpress\/ -->\n<title>Regenzelt f\u00fcr WorkCycles KR8 - Clarijs Fietstassen<\/title>\n<meta name=\"description\" content=\"Mit dem Regenzelt f\u00fcr WorkCycles KR8 k\u00f6nnen Sie Ihr Lastenfahrrad schnell und einfach in eine gem\u00fctliche und gesch\u00fctzte Umgebung verwandeln. Kaufen Sie dieses Zelt jetzt!\" \/>\n<meta name=\"robots\" content=\"index, follow, max-snippet:-1, max-image-preview:large, max-video-preview:-1\" \/>\n<link rel=\"canonical\" href=\"https:\/\/clarijs-fietstassen.nl\/de\/produkt\/regenzelt-fuer-workcycles-kr8\/\" \/>\n<meta property=\"og:locale\" content=\"de_DE\" \/>\n<meta property=\"og:type\" content=\"article\" \/>\n<meta property=\"og:title\" content=\"Regenzelt f\u00fcr WorkCycles KR8\" \/>\n<meta property=\"og:description\" content=\"Mit dem Regenzelt f\u00fcr WorkCycles KR8 k\u00f6nnen Sie Ihr Lastenfahrrad schnell und einfach in eine gem\u00fctliche und gesch\u00fctzte Umgebung verwandeln. Kaufen Sie dieses Zelt jetzt!\" \/>\n<meta property=\"og:url\" content=\"https:\/\/clarijs-fietstassen.nl\/de\/produkt\/regenzelt-fuer-workcycles-kr8\/\" \/>\n<meta property=\"og:site_name\" content=\"Clarijs Fietstassen\" \/>\n<meta property=\"article:publisher\" content=\"https:\/\/www.facebook.com\/clarijs1948\/\" \/>\n<meta property=\"article:modified_time\" content=\"2025-09-30T11:00:25+00:00\" \/>\n<meta property=\"og:image\" content=\"https:\/\/clarijs-fietstassen.nl\/wp-content\/uploads\/2023\/07\/0002660_kr8-cabrio-tent-by-workcycles.jpeg\" \/>\n\t<meta property=\"og:image:width\" content=\"1024\" \/>\n\t<meta property=\"og:image:height\" content=\"683\" \/>\n\t<meta property=\"og:image:type\" content=\"image\/jpeg\" \/>\n<meta name=\"twitter:card\" content=\"summary_large_image\" \/>\n<meta name=\"twitter:label1\" content=\"Verf\u00fcgbarkeit\" \/>\n\t<meta name=\"twitter:data1\" content=\"Auf Lager\" \/>\n<script type=\"application\/ld+json\" class=\"yoast-schema-graph\">{\"@context\":\"https:\/\/schema.org\",\"@graph\":[{\"@type\":\"WebPage\",\"@id\":\"https:\/\/clarijs-fietstassen.nl\/de\/produkt\/regenzelt-fuer-workcycles-kr8\/\",\"url\":\"https:\/\/clarijs-fietstassen.nl\/de\/produkt\/regenzelt-fuer-workcycles-kr8\/\",\"name\":\"Regenzelt f\u00fcr WorkCycles KR8 - Clarijs Fietstassen\",\"isPartOf\":{\"@id\":\"https:\/\/clarijs-fietstassen.nl\/de\/#website\"},\"primaryImageOfPage\":{\"@id\":\"https:\/\/clarijs-fietstassen.nl\/de\/produkt\/regenzelt-fuer-workcycles-kr8\/#primaryimage\"},\"image\":{\"@id\":\"https:\/\/clarijs-fietstassen.nl\/de\/produkt\/regenzelt-fuer-workcycles-kr8\/#primaryimage\"},\"thumbnailUrl\":\"https:\/\/clarijs-fietstassen.nl\/wp-content\/uploads\/2023\/07\/0002660_kr8-cabrio-tent-by-workcycles.jpeg\",\"datePublished\":\"2023-07-03T12:04:13+00:00\",\"dateModified\":\"2025-09-30T11:00:25+00:00\",\"description\":\"Mit dem Regenzelt f\u00fcr WorkCycles KR8 k\u00f6nnen Sie Ihr Lastenfahrrad schnell und einfach in eine gem\u00fctliche und gesch\u00fctzte Umgebung verwandeln. Kaufen Sie dieses Zelt jetzt!\",\"breadcrumb\":{\"@id\":\"https:\/\/clarijs-fietstassen.nl\/de\/produkt\/regenzelt-fuer-workcycles-kr8\/#breadcrumb\"},\"inLanguage\":\"de\",\"potentialAction\":[{\"@type\":\"ReadAction\",\"target\":[\"https:\/\/clarijs-fietstassen.nl\/de\/produkt\/regenzelt-fuer-workcycles-kr8\/\"]}]},{\"@type\":\"ImageObject\",\"inLanguage\":\"de\",\"@id\":\"https:\/\/clarijs-fietstassen.nl\/de\/produkt\/regenzelt-fuer-workcycles-kr8\/#primaryimage\",\"url\":\"https:\/\/clarijs-fietstassen.nl\/wp-content\/uploads\/2023\/07\/0002660_kr8-cabrio-tent-by-workcycles.jpeg\",\"contentUrl\":\"https:\/\/clarijs-fietstassen.nl\/wp-content\/uploads\/2023\/07\/0002660_kr8-cabrio-tent-by-workcycles.jpeg\",\"width\":1024,\"height\":683,\"caption\":\"Regenzelt f\u00fcr WorkCycles KR8\"},{\"@type\":\"BreadcrumbList\",\"@id\":\"https:\/\/clarijs-fietstassen.nl\/de\/produkt\/regenzelt-fuer-workcycles-kr8\/#breadcrumb\",\"itemListElement\":[{\"@type\":\"ListItem\",\"position\":1,\"name\":\"Home\",\"item\":\"https:\/\/clarijs-fietstassen.nl\/de\/\"},{\"@type\":\"ListItem\",\"position\":2,\"name\":\"Shop\",\"item\":\"https:\/\/clarijs-fietstassen.nl\/de\/shop\/\"},{\"@type\":\"ListItem\",\"position\":3,\"name\":\"KR8\",\"item\":\"https:\/\/clarijs-fietstassen.nl\/de\/kr8-de\/\"},{\"@type\":\"ListItem\",\"position\":4,\"name\":\"Regenzelt f\u00fcr WorkCycles KR8\"}]},{\"@type\":\"WebSite\",\"@id\":\"https:\/\/clarijs-fietstassen.nl\/de\/#website\",\"url\":\"https:\/\/clarijs-fietstassen.nl\/de\/\",\"name\":\"Clarijs Fietstassen\",\"description\":\"Kwaliteit &amp; ambacht sinds 1948\",\"publisher\":{\"@id\":\"https:\/\/clarijs-fietstassen.nl\/de\/#organization\"},\"potentialAction\":[{\"@type\":\"SearchAction\",\"target\":{\"@type\":\"EntryPoint\",\"urlTemplate\":\"https:\/\/clarijs-fietstassen.nl\/de\/?s={search_term_string}\"},\"query-input\":{\"@type\":\"PropertyValueSpecification\",\"valueRequired\":true,\"valueName\":\"search_term_string\"}}],\"inLanguage\":\"de\"},{\"@type\":\"Organization\",\"@id\":\"https:\/\/clarijs-fietstassen.nl\/de\/#organization\",\"name\":\"Clarijs Fietstassen\",\"url\":\"https:\/\/clarijs-fietstassen.nl\/de\/\",\"logo\":{\"@type\":\"ImageObject\",\"inLanguage\":\"de\",\"@id\":\"https:\/\/clarijs-fietstassen.nl\/de\/#\/schema\/logo\/image\/\",\"url\":\"https:\/\/clarijs-fietstassen.nl\/wp-content\/uploads\/2024\/01\/clarijs-logo-met-rand.jpg\",\"contentUrl\":\"https:\/\/clarijs-fietstassen.nl\/wp-content\/uploads\/2024\/01\/clarijs-logo-met-rand.jpg\",\"width\":560,\"height\":266,\"caption\":\"Clarijs Fietstassen\"},\"image\":{\"@id\":\"https:\/\/clarijs-fietstassen.nl\/de\/#\/schema\/logo\/image\/\"},\"sameAs\":[\"https:\/\/www.facebook.com\/clarijs1948\/\",\"https:\/\/www.instagram.com\/clarijscovers\/\"]}]}<\/script>\n<meta property=\"og:availability\" content=\"instock\" \/>\n<meta property=\"product:availability\" content=\"instock\" \/>\n<meta property=\"product:retailer_item_id\" content=\"5046\" \/>\n<meta property=\"product:condition\" content=\"new\" \/>\n<!-- \/ Yoast SEO Premium plugin. -->","yoast_head_json":{"title":"Regenzelt f\u00fcr WorkCycles KR8 - Clarijs Fietstassen","description":"Mit dem Regenzelt f\u00fcr WorkCycles KR8 k\u00f6nnen Sie Ihr Lastenfahrrad schnell und einfach in eine gem\u00fctliche und gesch\u00fctzte Umgebung verwandeln. Kaufen Sie dieses Zelt jetzt!","robots":{"index":"index","follow":"follow","max-snippet":"max-snippet:-1","max-image-preview":"max-image-preview:large","max-video-preview":"max-video-preview:-1"},"canonical":"https:\/\/clarijs-fietstassen.nl\/de\/produkt\/regenzelt-fuer-workcycles-kr8\/","og_locale":"de_DE","og_type":"article","og_title":"Regenzelt f\u00fcr WorkCycles KR8","og_description":"Mit dem Regenzelt f\u00fcr WorkCycles KR8 k\u00f6nnen Sie Ihr Lastenfahrrad schnell und einfach in eine gem\u00fctliche und gesch\u00fctzte Umgebung verwandeln. Kaufen Sie dieses Zelt jetzt!","og_url":"https:\/\/clarijs-fietstassen.nl\/de\/produkt\/regenzelt-fuer-workcycles-kr8\/","og_site_name":"Clarijs Fietstassen","article_publisher":"https:\/\/www.facebook.com\/clarijs1948\/","article_modified_time":"2025-09-30T11:00:25+00:00","og_image":[{"width":1024,"height":683,"url":"https:\/\/clarijs-fietstassen.nl\/wp-content\/uploads\/2023\/07\/0002660_kr8-cabrio-tent-by-workcycles.jpeg","type":"image\/jpeg"}],"twitter_card":"summary_large_image","twitter_misc":{"Verf\u00fcgbarkeit":"Auf Lager"},"schema":{"@context":"https:\/\/schema.org","@graph":[{"@type":"WebPage","@id":"https:\/\/clarijs-fietstassen.nl\/de\/produkt\/regenzelt-fuer-workcycles-kr8\/","url":"https:\/\/clarijs-fietstassen.nl\/de\/produkt\/regenzelt-fuer-workcycles-kr8\/","name":"Regenzelt f\u00fcr WorkCycles KR8 - Clarijs Fietstassen","isPartOf":{"@id":"https:\/\/clarijs-fietstassen.nl\/de\/#website"},"primaryImageOfPage":{"@id":"https:\/\/clarijs-fietstassen.nl\/de\/produkt\/regenzelt-fuer-workcycles-kr8\/#primaryimage"},"image":{"@id":"https:\/\/clarijs-fietstassen.nl\/de\/produkt\/regenzelt-fuer-workcycles-kr8\/#primaryimage"},"thumbnailUrl":"https:\/\/clarijs-fietstassen.nl\/wp-content\/uploads\/2023\/07\/0002660_kr8-cabrio-tent-by-workcycles.jpeg","datePublished":"2023-07-03T12:04:13+00:00","dateModified":"2025-09-30T11:00:25+00:00","description":"Mit dem Regenzelt f\u00fcr WorkCycles KR8 k\u00f6nnen Sie Ihr Lastenfahrrad schnell und einfach in eine gem\u00fctliche und gesch\u00fctzte Umgebung verwandeln. Kaufen Sie dieses Zelt jetzt!","breadcrumb":{"@id":"https:\/\/clarijs-fietstassen.nl\/de\/produkt\/regenzelt-fuer-workcycles-kr8\/#breadcrumb"},"inLanguage":"de","potentialAction":[{"@type":"ReadAction","target":["https:\/\/clarijs-fietstassen.nl\/de\/produkt\/regenzelt-fuer-workcycles-kr8\/"]}]},{"@type":"ImageObject","inLanguage":"de","@id":"https:\/\/clarijs-fietstassen.nl\/de\/produkt\/regenzelt-fuer-workcycles-kr8\/#primaryimage","url":"https:\/\/clarijs-fietstassen.nl\/wp-content\/uploads\/2023\/07\/0002660_kr8-cabrio-tent-by-workcycles.jpeg","contentUrl":"https:\/\/clarijs-fietstassen.nl\/wp-content\/uploads\/2023\/07\/0002660_kr8-cabrio-tent-by-workcycles.jpeg","width":1024,"height":683,"caption":"Regenzelt f\u00fcr WorkCycles KR8"},{"@type":"BreadcrumbList","@id":"https:\/\/clarijs-fietstassen.nl\/de\/produkt\/regenzelt-fuer-workcycles-kr8\/#breadcrumb","itemListElement":[{"@type":"ListItem","position":1,"name":"Home","item":"https:\/\/clarijs-fietstassen.nl\/de\/"},{"@type":"ListItem","position":2,"name":"Shop","item":"https:\/\/clarijs-fietstassen.nl\/de\/shop\/"},{"@type":"ListItem","position":3,"name":"KR8","item":"https:\/\/clarijs-fietstassen.nl\/de\/kr8-de\/"},{"@type":"ListItem","position":4,"name":"Regenzelt f\u00fcr WorkCycles KR8"}]},{"@type":"WebSite","@id":"https:\/\/clarijs-fietstassen.nl\/de\/#website","url":"https:\/\/clarijs-fietstassen.nl\/de\/","name":"Clarijs Fietstassen","description":"Kwaliteit &amp; ambacht sinds 1948","publisher":{"@id":"https:\/\/clarijs-fietstassen.nl\/de\/#organization"},"potentialAction":[{"@type":"SearchAction","target":{"@type":"EntryPoint","urlTemplate":"https:\/\/clarijs-fietstassen.nl\/de\/?s={search_term_string}"},"query-input":{"@type":"PropertyValueSpecification","valueRequired":true,"valueName":"search_term_string"}}],"inLanguage":"de"},{"@type":"Organization","@id":"https:\/\/clarijs-fietstassen.nl\/de\/#organization","name":"Clarijs Fietstassen","url":"https:\/\/clarijs-fietstassen.nl\/de\/","logo":{"@type":"ImageObject","inLanguage":"de","@id":"https:\/\/clarijs-fietstassen.nl\/de\/#\/schema\/logo\/image\/","url":"https:\/\/clarijs-fietstassen.nl\/wp-content\/uploads\/2024\/01\/clarijs-logo-met-rand.jpg","contentUrl":"https:\/\/clarijs-fietstassen.nl\/wp-content\/uploads\/2024\/01\/clarijs-logo-met-rand.jpg","width":560,"height":266,"caption":"Clarijs Fietstassen"},"image":{"@id":"https:\/\/clarijs-fietstassen.nl\/de\/#\/schema\/logo\/image\/"},"sameAs":["https:\/\/www.facebook.com\/clarijs1948\/","https:\/\/www.instagram.com\/clarijscovers\/"]}]},"og_availability":"instock","product_availability":"instock","product_retailer_item_id":"5046","product_condition":"new"},"_links":{"self":[{"href":"https:\/\/clarijs-fietstassen.nl\/de\/wp-json\/wp\/v2\/product\/48824","targetHints":{"allow":["GET"]}}],"collection":[{"href":"https:\/\/clarijs-fietstassen.nl\/de\/wp-json\/wp\/v2\/product"}],"about":[{"href":"https:\/\/clarijs-fietstassen.nl\/de\/wp-json\/wp\/v2\/types\/product"}],"replies":[{"embeddable":true,"href":"https:\/\/clarijs-fietstassen.nl\/de\/wp-json\/wp\/v2\/comments?post=48824"}],"wp:featuredmedia":[{"embeddable":true,"href":"https:\/\/clarijs-fietstassen.nl\/de\/wp-json\/wp\/v2\/media\/48826"}],"wp:attachment":[{"href":"https:\/\/clarijs-fietstassen.nl\/de\/wp-json\/wp\/v2\/media?parent=48824"}],"wp:term":[{"taxonomy":"product_brand","embeddable":true,"href":"https:\/\/clarijs-fietstassen.nl\/de\/wp-json\/wp\/v2\/product_brand?post=48824"},{"taxonomy":"product_cat","embeddable":true,"href":"https:\/\/clarijs-fietstassen.nl\/de\/wp-json\/wp\/v2\/product_cat?post=48824"},{"taxonomy":"product_tag","embeddable":true,"href":"https:\/\/clarijs-fietstassen.nl\/de\/wp-json\/wp\/v2\/product_tag?post=48824"}],"curies":[{"name":"wp","href":"https:\/\/api.w.org\/{rel}","templated":true}]}}