{"id":48871,"date":"2023-07-03T14:14:12","date_gmt":"2023-07-03T12:14:12","guid":{"rendered":"https:\/\/clarijs-fietstassen.nl\/abdeckung-fuer-fahrradfabrik-bf-smart\/"},"modified":"2025-09-30T15:39:51","modified_gmt":"2025-09-30T13:39:51","slug":"abdeckung-fuer-fahrradfabrik-bf-smart","status":"publish","type":"product","link":"https:\/\/clarijs-fietstassen.nl\/de\/produkt\/abdeckung-fuer-fahrradfabrik-bf-smart\/","title":{"rendered":"Plane f\u00fcr Fietsfabriek BF Smart"},"content":{"rendered":"<p><span style=\"font-weight: 400;\">Die Plane f\u00fcr Fietsfabriek BF Smart h\u00e4lt Ihr Lastenfahrrad sicher und trocken, egal bei welchem Wetter. Die Plane ist aus strapazierf\u00e4higem und wasserdichtem Material gefertigt, das Regen, Schnee und anderen Niederschl\u00e4gen standh\u00e4lt. So bleibt Ihr Fietsfabriek Lastenfahrrad vor Feuchtigkeit gesch\u00fctzt und der Innenraum trocken.  <\/span><\/p>\n<p><b>Vorteile<\/b> des Deckblatts f\u00fcr Fietsfabriek BF Smart:<\/p>\n<ul>\n<li style=\"font-weight: 400;\" aria-level=\"1\"><span style=\"font-weight: 400;\">Die Plane ist wasserfest<\/span><\/li>\n<li style=\"font-weight: 400;\" aria-level=\"1\"><span style=\"font-weight: 400;\">Die Plane hat eine hohe Farbechtheit<\/span><\/li>\n<li style=\"font-weight: 400;\" aria-level=\"1\"><span style=\"font-weight: 400;\">F\u00fcr diese Plane ben\u00f6tigen Sie kein Rahmen<\/span><\/li>\n<\/ul>\n<p><b>100 % wasserdicht<\/b><\/p>\n<p><span style=\"font-weight: 400;\">Die Plane f\u00fcr Fietsfabriek BF Smart ist aus Bisonyl PVC &#8211; Gewebe hergestellt. Dies sorgt daf\u00fcr, dass die Plane wasserabweisend ist. Dar\u00fcber hinaus ist sie widerstandsf\u00e4hig gegen den t\u00e4glichen Gebrauch. Die Wasserdichtigkeit des Bisonyl PVC-Gewebes ist auf die Kombination der wasserabweisenden Eigenschaften des PVC-Materials und der dichten Konstruktion des gewebten Stoffes zur\u00fcckzuf\u00fchren. Dadurch bleibt die Ladung oder der Gegenstand, der unter dem Tuch platziert wird, auch bei starkem Regen oder anderen nassen Bedingungen trocken und gesch\u00fctzt.    <\/span><\/p>\n<p><b>Hochwertiges Material<\/b><\/p>\n<ul>\n<li style=\"font-weight: 400;\" aria-level=\"1\"><span style=\"font-weight: 400;\">Die hochwertigen Materialien der Plane sorgen daf\u00fcr, dass sie dem t\u00e4glichen Gebrauch standh\u00e4lt.<\/span><\/li>\n<li style=\"font-weight: 400;\" aria-level=\"1\"><span style=\"font-weight: 400;\">Das PVC-Gewebe ist wasserdicht und bietet hervorragenden Schutz vor Regen und Feuchtigkeit. So bleiben Ihre Habseligkeiten auch bei schlechtem Wetter trocken. <\/span><\/li>\n<li style=\"font-weight: 400;\" aria-level=\"1\"><span style=\"font-weight: 400;\">Das PVC-Gewebe ist stark und h\u00e4lt gro\u00dfen Belastungen stand. Dadurch eignet es sich zum Tragen schwerer Gegenst\u00e4nde oder zum Aufbau stabiler Strukturen. <\/span><\/li>\n<\/ul>\n","protected":false},"excerpt":{"rendered":"<p>Die Plane f\u00fcr Fietsfabriek BF Smart h\u00e4lt Ihr Lastenfahrrad sicher und trocken, egal bei welchem Wetter. Die Plane ist aus strapazierf\u00e4higem und wasserdichtem Material gefertigt, das Regen, Schnee und anderen Niederschl\u00e4gen standh\u00e4lt. So bleibt Ihr Fietsfabriek Lastenfahrrad vor Feuchtigkeit gesch\u00fctzt und der Innenraum trocken. Vorteile des Deckblatts f\u00fcr Fietsfabriek BF Smart: Die Plane ist wasserfest [&hellip;]<\/p>\n","protected":false},"featured_media":48873,"comment_status":"closed","ping_status":"closed","template":"","meta":{"_acf_changed":false,"_et_pb_use_builder":"","_et_pb_old_content":"","_et_gb_content_width":""},"product_brand":[],"product_cat":[686,689,724],"product_tag":[],"class_list":{"0":"post-48871","1":"product","2":"type-product","3":"status-publish","4":"has-post-thumbnail","6":"product_cat-bakfiets-de","7":"product_cat-bakfiets-planen","8":"product_cat-fietsfabriek-de","9":"pa_kleur-matt-schwarz-de","10":"pa_materiaal-bisonyl-pvc-leinwand","11":"pa_merk-clarijs-covers-b-v-de","13":"first","14":"instock","15":"taxable","16":"shipping-taxable","17":"purchasable","18":"product-type-variable","19":"has-default-attributes"},"acf":[],"yoast_head":"<!-- This site is optimized with the Yoast SEO Premium plugin v27.2 (Yoast SEO v27.4) - https:\/\/yoast.com\/product\/yoast-seo-premium-wordpress\/ -->\n<title>Plane f\u00fcr Fietsfabriek BF Smart - Clarijs Fietstassen<\/title>\n<meta name=\"description\" content=\"Die Plane f\u00fcr Fietsfabriek BF Smart h\u00e4lt Ihr Lastenfahrrad bei jedem Wetter trocken. Die Plane ist aus strapazierf\u00e4higem und wasserdichtem Material gefertigt.\" \/>\n<meta name=\"robots\" content=\"index, follow, max-snippet:-1, max-image-preview:large, max-video-preview:-1\" \/>\n<link rel=\"canonical\" href=\"http:\/\/clarijs-fietstassen.nl\/produkt\/afdekzeil-voor-fietsfabriek-bf-smart\/\" \/>\n<meta property=\"og:locale\" content=\"de_DE\" \/>\n<meta property=\"og:type\" content=\"article\" \/>\n<meta property=\"og:title\" content=\"Plane f\u00fcr Fietsfabriek BF Smart\" \/>\n<meta property=\"og:description\" content=\"Die Plane f\u00fcr Fietsfabriek BF Smart h\u00e4lt Ihr Lastenfahrrad bei jedem Wetter trocken. Die Plane ist aus strapazierf\u00e4higem und wasserdichtem Material gefertigt.\" \/>\n<meta property=\"og:url\" content=\"http:\/\/clarijs-fietstassen.nl\/produkt\/afdekzeil-voor-fietsfabriek-bf-smart\/\" \/>\n<meta property=\"og:site_name\" content=\"Clarijs Fietstassen\" \/>\n<meta property=\"article:publisher\" content=\"https:\/\/www.facebook.com\/clarijs1948\/\" \/>\n<meta property=\"article:modified_time\" content=\"2025-09-30T13:39:51+00:00\" \/>\n<meta property=\"og:image\" content=\"https:\/\/clarijs-fietstassen.nl\/wp-content\/uploads\/2023\/07\/0001535_fietsfabriek-afdekzeil-bf-smart.jpeg\" \/>\n\t<meta property=\"og:image:width\" content=\"640\" \/>\n\t<meta property=\"og:image:height\" content=\"428\" \/>\n\t<meta property=\"og:image:type\" content=\"image\/jpeg\" \/>\n<meta name=\"twitter:card\" content=\"summary_large_image\" \/>\n<meta name=\"twitter:label1\" content=\"Verf\u00fcgbarkeit\" \/>\n\t<meta name=\"twitter:data1\" content=\"Auf Lager\" \/>\n<script type=\"application\/ld+json\" class=\"yoast-schema-graph\">{\"@context\":\"https:\\\/\\\/schema.org\",\"@graph\":[{\"@type\":\"WebPage\",\"@id\":\"http:\\\/\\\/clarijs-fietstassen.nl\\\/produkt\\\/afdekzeil-voor-fietsfabriek-bf-smart\\\/\",\"url\":\"http:\\\/\\\/clarijs-fietstassen.nl\\\/produkt\\\/afdekzeil-voor-fietsfabriek-bf-smart\\\/\",\"name\":\"Plane f\u00fcr Fietsfabriek BF Smart - Clarijs Fietstassen\",\"isPartOf\":{\"@id\":\"https:\\\/\\\/clarijs-fietstassen.nl\\\/de\\\/#website\"},\"primaryImageOfPage\":{\"@id\":\"http:\\\/\\\/clarijs-fietstassen.nl\\\/produkt\\\/afdekzeil-voor-fietsfabriek-bf-smart\\\/#primaryimage\"},\"image\":{\"@id\":\"http:\\\/\\\/clarijs-fietstassen.nl\\\/produkt\\\/afdekzeil-voor-fietsfabriek-bf-smart\\\/#primaryimage\"},\"thumbnailUrl\":\"https:\\\/\\\/clarijs-fietstassen.nl\\\/wp-content\\\/uploads\\\/2023\\\/07\\\/0001535_fietsfabriek-afdekzeil-bf-smart.jpeg\",\"datePublished\":\"2023-07-03T12:14:12+00:00\",\"dateModified\":\"2025-09-30T13:39:51+00:00\",\"description\":\"Die Plane f\u00fcr Fietsfabriek BF Smart h\u00e4lt Ihr Lastenfahrrad bei jedem Wetter trocken. Die Plane ist aus strapazierf\u00e4higem und wasserdichtem Material gefertigt.\",\"breadcrumb\":{\"@id\":\"http:\\\/\\\/clarijs-fietstassen.nl\\\/produkt\\\/afdekzeil-voor-fietsfabriek-bf-smart\\\/#breadcrumb\"},\"inLanguage\":\"de\",\"potentialAction\":[{\"@type\":\"ReadAction\",\"target\":[\"http:\\\/\\\/clarijs-fietstassen.nl\\\/produkt\\\/afdekzeil-voor-fietsfabriek-bf-smart\\\/\"]}]},{\"@type\":\"ImageObject\",\"inLanguage\":\"de\",\"@id\":\"http:\\\/\\\/clarijs-fietstassen.nl\\\/produkt\\\/afdekzeil-voor-fietsfabriek-bf-smart\\\/#primaryimage\",\"url\":\"https:\\\/\\\/clarijs-fietstassen.nl\\\/wp-content\\\/uploads\\\/2023\\\/07\\\/0001535_fietsfabriek-afdekzeil-bf-smart.jpeg\",\"contentUrl\":\"https:\\\/\\\/clarijs-fietstassen.nl\\\/wp-content\\\/uploads\\\/2023\\\/07\\\/0001535_fietsfabriek-afdekzeil-bf-smart.jpeg\",\"width\":640,\"height\":428,\"caption\":\"Plane f\u00fcr Fietsfabriek BF Smart\"},{\"@type\":\"BreadcrumbList\",\"@id\":\"http:\\\/\\\/clarijs-fietstassen.nl\\\/produkt\\\/afdekzeil-voor-fietsfabriek-bf-smart\\\/#breadcrumb\",\"itemListElement\":[{\"@type\":\"ListItem\",\"position\":1,\"name\":\"Home\",\"item\":\"https:\\\/\\\/clarijs-fietstassen.nl\\\/de\\\/\"},{\"@type\":\"ListItem\",\"position\":2,\"name\":\"Shop\",\"item\":\"https:\\\/\\\/clarijs-fietstassen.nl\\\/de\\\/shop\\\/\"},{\"@type\":\"ListItem\",\"position\":3,\"name\":\"Fietsfabriek\",\"item\":\"https:\\\/\\\/clarijs-fietstassen.nl\\\/en\\\/fietsfabriek\\\/\"},{\"@type\":\"ListItem\",\"position\":4,\"name\":\"Plane f\u00fcr Fietsfabriek BF Smart\"}]},{\"@type\":\"WebSite\",\"@id\":\"https:\\\/\\\/clarijs-fietstassen.nl\\\/de\\\/#website\",\"url\":\"https:\\\/\\\/clarijs-fietstassen.nl\\\/de\\\/\",\"name\":\"Clarijs Fietstassen\",\"description\":\"Kwaliteit &amp; ambacht sinds 1948\",\"publisher\":{\"@id\":\"https:\\\/\\\/clarijs-fietstassen.nl\\\/de\\\/#organization\"},\"potentialAction\":[{\"@type\":\"SearchAction\",\"target\":{\"@type\":\"EntryPoint\",\"urlTemplate\":\"https:\\\/\\\/clarijs-fietstassen.nl\\\/de\\\/?s={search_term_string}\"},\"query-input\":{\"@type\":\"PropertyValueSpecification\",\"valueRequired\":true,\"valueName\":\"search_term_string\"}}],\"inLanguage\":\"de\"},{\"@type\":\"Organization\",\"@id\":\"https:\\\/\\\/clarijs-fietstassen.nl\\\/de\\\/#organization\",\"name\":\"Clarijs Fietstassen\",\"url\":\"https:\\\/\\\/clarijs-fietstassen.nl\\\/de\\\/\",\"logo\":{\"@type\":\"ImageObject\",\"inLanguage\":\"de\",\"@id\":\"https:\\\/\\\/clarijs-fietstassen.nl\\\/de\\\/#\\\/schema\\\/logo\\\/image\\\/\",\"url\":\"https:\\\/\\\/clarijs-fietstassen.nl\\\/wp-content\\\/uploads\\\/2024\\\/01\\\/clarijs-logo-met-rand.jpg\",\"contentUrl\":\"https:\\\/\\\/clarijs-fietstassen.nl\\\/wp-content\\\/uploads\\\/2024\\\/01\\\/clarijs-logo-met-rand.jpg\",\"width\":560,\"height\":266,\"caption\":\"Clarijs Fietstassen\"},\"image\":{\"@id\":\"https:\\\/\\\/clarijs-fietstassen.nl\\\/de\\\/#\\\/schema\\\/logo\\\/image\\\/\"},\"sameAs\":[\"https:\\\/\\\/www.facebook.com\\\/clarijs1948\\\/\",\"https:\\\/\\\/www.instagram.com\\\/clarijscovers\\\/\"]}]}<\/script>\n<meta property=\"og:availability\" content=\"instock\" \/>\n<meta property=\"product:availability\" content=\"instock\" \/>\n<meta property=\"product:retailer_item_id\" content=\"5036\" \/>\n<meta property=\"product:condition\" content=\"new\" \/>\n<!-- \/ Yoast SEO Premium plugin. -->","yoast_head_json":{"title":"Plane f\u00fcr Fietsfabriek BF Smart - Clarijs Fietstassen","description":"Die Plane f\u00fcr Fietsfabriek BF Smart h\u00e4lt Ihr Lastenfahrrad bei jedem Wetter trocken. Die Plane ist aus strapazierf\u00e4higem und wasserdichtem Material gefertigt.","robots":{"index":"index","follow":"follow","max-snippet":"max-snippet:-1","max-image-preview":"max-image-preview:large","max-video-preview":"max-video-preview:-1"},"canonical":"http:\/\/clarijs-fietstassen.nl\/produkt\/afdekzeil-voor-fietsfabriek-bf-smart\/","og_locale":"de_DE","og_type":"article","og_title":"Plane f\u00fcr Fietsfabriek BF Smart","og_description":"Die Plane f\u00fcr Fietsfabriek BF Smart h\u00e4lt Ihr Lastenfahrrad bei jedem Wetter trocken. Die Plane ist aus strapazierf\u00e4higem und wasserdichtem Material gefertigt.","og_url":"http:\/\/clarijs-fietstassen.nl\/produkt\/afdekzeil-voor-fietsfabriek-bf-smart\/","og_site_name":"Clarijs Fietstassen","article_publisher":"https:\/\/www.facebook.com\/clarijs1948\/","article_modified_time":"2025-09-30T13:39:51+00:00","og_image":[{"width":640,"height":428,"url":"https:\/\/clarijs-fietstassen.nl\/wp-content\/uploads\/2023\/07\/0001535_fietsfabriek-afdekzeil-bf-smart.jpeg","type":"image\/jpeg"}],"twitter_card":"summary_large_image","twitter_misc":{"Verf\u00fcgbarkeit":"Auf Lager"},"schema":{"@context":"https:\/\/schema.org","@graph":[{"@type":"WebPage","@id":"http:\/\/clarijs-fietstassen.nl\/produkt\/afdekzeil-voor-fietsfabriek-bf-smart\/","url":"http:\/\/clarijs-fietstassen.nl\/produkt\/afdekzeil-voor-fietsfabriek-bf-smart\/","name":"Plane f\u00fcr Fietsfabriek BF Smart - Clarijs Fietstassen","isPartOf":{"@id":"https:\/\/clarijs-fietstassen.nl\/de\/#website"},"primaryImageOfPage":{"@id":"http:\/\/clarijs-fietstassen.nl\/produkt\/afdekzeil-voor-fietsfabriek-bf-smart\/#primaryimage"},"image":{"@id":"http:\/\/clarijs-fietstassen.nl\/produkt\/afdekzeil-voor-fietsfabriek-bf-smart\/#primaryimage"},"thumbnailUrl":"https:\/\/clarijs-fietstassen.nl\/wp-content\/uploads\/2023\/07\/0001535_fietsfabriek-afdekzeil-bf-smart.jpeg","datePublished":"2023-07-03T12:14:12+00:00","dateModified":"2025-09-30T13:39:51+00:00","description":"Die Plane f\u00fcr Fietsfabriek BF Smart h\u00e4lt Ihr Lastenfahrrad bei jedem Wetter trocken. Die Plane ist aus strapazierf\u00e4higem und wasserdichtem Material gefertigt.","breadcrumb":{"@id":"http:\/\/clarijs-fietstassen.nl\/produkt\/afdekzeil-voor-fietsfabriek-bf-smart\/#breadcrumb"},"inLanguage":"de","potentialAction":[{"@type":"ReadAction","target":["http:\/\/clarijs-fietstassen.nl\/produkt\/afdekzeil-voor-fietsfabriek-bf-smart\/"]}]},{"@type":"ImageObject","inLanguage":"de","@id":"http:\/\/clarijs-fietstassen.nl\/produkt\/afdekzeil-voor-fietsfabriek-bf-smart\/#primaryimage","url":"https:\/\/clarijs-fietstassen.nl\/wp-content\/uploads\/2023\/07\/0001535_fietsfabriek-afdekzeil-bf-smart.jpeg","contentUrl":"https:\/\/clarijs-fietstassen.nl\/wp-content\/uploads\/2023\/07\/0001535_fietsfabriek-afdekzeil-bf-smart.jpeg","width":640,"height":428,"caption":"Plane f\u00fcr Fietsfabriek BF Smart"},{"@type":"BreadcrumbList","@id":"http:\/\/clarijs-fietstassen.nl\/produkt\/afdekzeil-voor-fietsfabriek-bf-smart\/#breadcrumb","itemListElement":[{"@type":"ListItem","position":1,"name":"Home","item":"https:\/\/clarijs-fietstassen.nl\/de\/"},{"@type":"ListItem","position":2,"name":"Shop","item":"https:\/\/clarijs-fietstassen.nl\/de\/shop\/"},{"@type":"ListItem","position":3,"name":"Fietsfabriek","item":"https:\/\/clarijs-fietstassen.nl\/en\/fietsfabriek\/"},{"@type":"ListItem","position":4,"name":"Plane f\u00fcr Fietsfabriek BF Smart"}]},{"@type":"WebSite","@id":"https:\/\/clarijs-fietstassen.nl\/de\/#website","url":"https:\/\/clarijs-fietstassen.nl\/de\/","name":"Clarijs Fietstassen","description":"Kwaliteit &amp; ambacht sinds 1948","publisher":{"@id":"https:\/\/clarijs-fietstassen.nl\/de\/#organization"},"potentialAction":[{"@type":"SearchAction","target":{"@type":"EntryPoint","urlTemplate":"https:\/\/clarijs-fietstassen.nl\/de\/?s={search_term_string}"},"query-input":{"@type":"PropertyValueSpecification","valueRequired":true,"valueName":"search_term_string"}}],"inLanguage":"de"},{"@type":"Organization","@id":"https:\/\/clarijs-fietstassen.nl\/de\/#organization","name":"Clarijs Fietstassen","url":"https:\/\/clarijs-fietstassen.nl\/de\/","logo":{"@type":"ImageObject","inLanguage":"de","@id":"https:\/\/clarijs-fietstassen.nl\/de\/#\/schema\/logo\/image\/","url":"https:\/\/clarijs-fietstassen.nl\/wp-content\/uploads\/2024\/01\/clarijs-logo-met-rand.jpg","contentUrl":"https:\/\/clarijs-fietstassen.nl\/wp-content\/uploads\/2024\/01\/clarijs-logo-met-rand.jpg","width":560,"height":266,"caption":"Clarijs Fietstassen"},"image":{"@id":"https:\/\/clarijs-fietstassen.nl\/de\/#\/schema\/logo\/image\/"},"sameAs":["https:\/\/www.facebook.com\/clarijs1948\/","https:\/\/www.instagram.com\/clarijscovers\/"]}]},"og_availability":"instock","product_availability":"instock","product_retailer_item_id":"5036","product_condition":"new"},"_links":{"self":[{"href":"https:\/\/clarijs-fietstassen.nl\/de\/wp-json\/wp\/v2\/product\/48871","targetHints":{"allow":["GET"]}}],"collection":[{"href":"https:\/\/clarijs-fietstassen.nl\/de\/wp-json\/wp\/v2\/product"}],"about":[{"href":"https:\/\/clarijs-fietstassen.nl\/de\/wp-json\/wp\/v2\/types\/product"}],"replies":[{"embeddable":true,"href":"https:\/\/clarijs-fietstassen.nl\/de\/wp-json\/wp\/v2\/comments?post=48871"}],"wp:featuredmedia":[{"embeddable":true,"href":"https:\/\/clarijs-fietstassen.nl\/de\/wp-json\/wp\/v2\/media\/48873"}],"wp:attachment":[{"href":"https:\/\/clarijs-fietstassen.nl\/de\/wp-json\/wp\/v2\/media?parent=48871"}],"wp:term":[{"taxonomy":"product_brand","embeddable":true,"href":"https:\/\/clarijs-fietstassen.nl\/de\/wp-json\/wp\/v2\/product_brand?post=48871"},{"taxonomy":"product_cat","embeddable":true,"href":"https:\/\/clarijs-fietstassen.nl\/de\/wp-json\/wp\/v2\/product_cat?post=48871"},{"taxonomy":"product_tag","embeddable":true,"href":"https:\/\/clarijs-fietstassen.nl\/de\/wp-json\/wp\/v2\/product_tag?post=48871"}],"curies":[{"name":"wp","href":"https:\/\/api.w.org\/{rel}","templated":true}]}}