{"id":48878,"date":"2023-07-03T14:19:58","date_gmt":"2023-07-03T12:19:58","guid":{"rendered":"https:\/\/clarijs-fietstassen.nl\/reflektierender-aufkleber-50cm-fuer-bakfiets-schwarz\/"},"modified":"2025-02-17T13:17:31","modified_gmt":"2025-02-17T12:17:31","slug":"reflektierender-aufkleber-50cm-fuer-bakfiets-schwarz","status":"publish","type":"product","link":"https:\/\/clarijs-fietstassen.nl\/de\/produkt\/reflektierender-aufkleber-50cm-fuer-bakfiets-schwarz\/","title":{"rendered":"Reflektierender Aufkleber 50cm f\u00fcr Bakfiets (schwarz)"},"content":{"rendered":"<p><span style=\"font-weight: 400;\">Wir pr\u00e4sentieren den 50cm langen Reflektionsaufkleber f\u00fcr Bakfiets (Schwarz) &#8211; Erh\u00f6hen Sie Ihre Sicherheit im Dunkeln!<\/span><\/p>\n<p><span style=\"font-weight: 400;\">Sind Sie auf der Suche nach einer einfachen und effektiven M\u00f6glichkeit, Ihr Lastenfahrrad im Dunkeln sicherer zu machen? Dann ist unser reflektierender Aufkleber die perfekte L\u00f6sung! Dieser spezielle Aufkleber ist f\u00fcr alle PVC-Zelte und Planen ohne aufgen\u00e4hten Reflektionsstreifen gedacht.  <\/span><\/p>\n<p><span style=\"font-weight: 400;\">Mit einer L\u00e4nge von 50 cm bietet dieser schwarze Reflexstreifen optimale Sichtbarkeit und Sicherheit bei n\u00e4chtlichen Fahrten. Dank seines reflektierenden Materials leuchtet der Streifen wie andere reflektierende Materialien und macht Sie so auch bei schlechten Lichtverh\u00e4ltnissen f\u00fcr andere Verkehrsteilnehmer gut sichtbar. <\/span><\/p>\n<p><span style=\"font-weight: 400;\">Einfach zu befestigen und langlebig:<\/span><\/p>\n<p><span style=\"font-weight: 400;\">Unser Reflection Sticker ist nicht nur funktionell, sondern auch einfach anzubringen. Sie k\u00f6nnen ihn schnell und sicher auf Ihrem PVC-Zelt oder Ihrer Plane anbringen, ohne dass es zu Problemen kommt. Das schwarze Design f\u00fcgt sich nahtlos in den Look Ihres Lastenfahrrads ein und bietet gleichzeitig zus\u00e4tzliche Sicherheit.  <\/span><\/p>\n<p><span style=\"font-weight: 400;\">Erh\u00f6hen Sie Ihre Sichtbarkeit und fahren Sie mit Zuversicht, weil Sie wissen, dass Sie in der Dunkelheit gut zu erkennen sind. Ob Sie nun ein begeisterter Radfahrer sind, als Elternteil Ihre Kinder zur Schule bringen oder einfach nur Ihre t\u00e4glichen Besorgungen machen, unser Reflektionsaufkleber f\u00fcr Bakfiets sorgt f\u00fcr eine sichere und beruhigende Fahrt. <\/span><\/p>\n<p><br style=\"font-weight: 400;\"><\/p>\n","protected":false},"excerpt":{"rendered":"<p>Wir pr\u00e4sentieren den 50cm langen Reflektionsaufkleber f\u00fcr Bakfiets (Schwarz) &#8211; Erh\u00f6hen Sie Ihre Sicherheit im Dunkeln! Sind Sie auf der Suche nach einer einfachen und effektiven M\u00f6glichkeit, Ihr Lastenfahrrad im Dunkeln sicherer zu machen? Dann ist unser reflektierender Aufkleber die perfekte L\u00f6sung! Dieser spezielle Aufkleber ist f\u00fcr alle PVC-Zelte und Planen ohne aufgen\u00e4hten Reflektionsstreifen gedacht. [&hellip;]<\/p>\n","protected":false},"featured_media":48881,"comment_status":"closed","ping_status":"closed","template":"","meta":{"_acf_changed":false,"_et_pb_use_builder":"","_et_pb_old_content":"","_et_gb_content_width":""},"product_brand":[],"product_cat":[686,688,684],"product_tag":[],"class_list":{"0":"post-48878","1":"product","2":"type-product","3":"status-publish","4":"has-post-thumbnail","6":"product_cat-bakfiets-de","7":"product_cat-lastenrad-zubehor","8":"product_cat-zubehor","9":"pa_geschikt-voor-e-bike-ja-de","10":"pa_geschikt-voor-ledlampjes-ja-de","11":"pa_kleur-blau","12":"pa_kleur-camel-de","13":"pa_kleur-grau","14":"pa_kleur-rot","15":"pa_kleur-schokoladen-braun","16":"pa_kleur-schwarz","17":"pa_materiaal-bisonyl-pvc-leinwand","18":"pa_merk-clarijs-covers-b-v-de","19":"pa_reflectie-nein","20":"pa_snelbinders-toegankelijk-ja-de","22":"first","23":"instock","24":"taxable","25":"shipping-taxable","26":"purchasable","27":"product-type-simple"},"acf":[],"yoast_head":"<!-- This site is optimized with the Yoast SEO Premium plugin v27.2 (Yoast SEO v27.3) - https:\/\/yoast.com\/product\/yoast-seo-premium-wordpress\/ -->\n<title>Reflektionsaufkleber 50cm f\u00fcr Bakfiets | Clarijs Panniers<\/title>\n<meta name=\"description\" content=\"Sehen Sie sich jetzt diesen 50 cm langen Reflektionsaufkleber f\u00fcr Lastenfahrr\u00e4der an! Dieser Streifen ist schwarz und leuchtet wie jede andere Reflexion. Jetzt erh\u00e4ltlich bei Clarijs.\" \/>\n<meta name=\"robots\" content=\"index, follow, max-snippet:-1, max-image-preview:large, max-video-preview:-1\" \/>\n<link rel=\"canonical\" href=\"http:\/\/clarijs-fietstassen.nl\/produkt\/reflectie-sticker-50cm-voor-bakfiets-zwart\/\" \/>\n<meta property=\"og:locale\" content=\"de_DE\" \/>\n<meta property=\"og:type\" content=\"article\" \/>\n<meta property=\"og:title\" content=\"Reflektierender Aufkleber 50cm f\u00fcr Bakfiets (schwarz)\" \/>\n<meta property=\"og:description\" content=\"Sehen Sie sich jetzt diesen 50 cm langen Reflektionsaufkleber f\u00fcr Lastenfahrr\u00e4der an! Dieser Streifen ist schwarz und leuchtet wie jede andere Reflexion. Jetzt erh\u00e4ltlich bei Clarijs.\" \/>\n<meta property=\"og:url\" content=\"http:\/\/clarijs-fietstassen.nl\/produkt\/reflectie-sticker-50cm-voor-bakfiets-zwart\/\" \/>\n<meta property=\"og:site_name\" content=\"Clarijs Fietstassen\" \/>\n<meta property=\"article:publisher\" content=\"https:\/\/www.facebook.com\/clarijs1948\/\" \/>\n<meta property=\"article:modified_time\" content=\"2025-02-17T12:17:31+00:00\" \/>\n<meta property=\"og:image\" content=\"https:\/\/clarijs-fietstassen.nl\/wp-content\/uploads\/2023\/07\/reflectie-bakfiets-2_1903x.jpg\" \/>\n\t<meta property=\"og:image:width\" content=\"900\" \/>\n\t<meta property=\"og:image:height\" content=\"900\" \/>\n\t<meta property=\"og:image:type\" content=\"image\/jpeg\" \/>\n<meta name=\"twitter:card\" content=\"summary_large_image\" \/>\n<meta name=\"twitter:label1\" content=\"Preis\" \/>\n\t<meta name=\"twitter:data1\" content=\"&euro;9.99\" \/>\n\t<meta name=\"twitter:label2\" content=\"Verf\u00fcgbarkeit\" \/>\n\t<meta name=\"twitter:data2\" content=\"Auf Lager\" \/>\n<script type=\"application\/ld+json\" class=\"yoast-schema-graph\">{\"@context\":\"https:\\\/\\\/schema.org\",\"@graph\":[{\"@type\":\"WebPage\",\"@id\":\"http:\\\/\\\/clarijs-fietstassen.nl\\\/produkt\\\/reflectie-sticker-50cm-voor-bakfiets-zwart\\\/\",\"url\":\"http:\\\/\\\/clarijs-fietstassen.nl\\\/produkt\\\/reflectie-sticker-50cm-voor-bakfiets-zwart\\\/\",\"name\":\"Reflektionsaufkleber 50cm f\u00fcr Bakfiets | Clarijs Panniers\",\"isPartOf\":{\"@id\":\"https:\\\/\\\/clarijs-fietstassen.nl\\\/de\\\/#website\"},\"primaryImageOfPage\":{\"@id\":\"http:\\\/\\\/clarijs-fietstassen.nl\\\/produkt\\\/reflectie-sticker-50cm-voor-bakfiets-zwart\\\/#primaryimage\"},\"image\":{\"@id\":\"http:\\\/\\\/clarijs-fietstassen.nl\\\/produkt\\\/reflectie-sticker-50cm-voor-bakfiets-zwart\\\/#primaryimage\"},\"thumbnailUrl\":\"https:\\\/\\\/clarijs-fietstassen.nl\\\/wp-content\\\/uploads\\\/2023\\\/07\\\/reflectie-bakfiets-2_1903x.jpg\",\"datePublished\":\"2023-07-03T12:19:58+00:00\",\"dateModified\":\"2025-02-17T12:17:31+00:00\",\"description\":\"Sehen Sie sich jetzt diesen 50 cm langen Reflektionsaufkleber f\u00fcr Lastenfahrr\u00e4der an! Dieser Streifen ist schwarz und leuchtet wie jede andere Reflexion. Jetzt erh\u00e4ltlich bei Clarijs.\",\"breadcrumb\":{\"@id\":\"http:\\\/\\\/clarijs-fietstassen.nl\\\/produkt\\\/reflectie-sticker-50cm-voor-bakfiets-zwart\\\/#breadcrumb\"},\"inLanguage\":\"de\",\"potentialAction\":[{\"@type\":\"ReadAction\",\"target\":[\"http:\\\/\\\/clarijs-fietstassen.nl\\\/produkt\\\/reflectie-sticker-50cm-voor-bakfiets-zwart\\\/\"]}]},{\"@type\":\"ImageObject\",\"inLanguage\":\"de\",\"@id\":\"http:\\\/\\\/clarijs-fietstassen.nl\\\/produkt\\\/reflectie-sticker-50cm-voor-bakfiets-zwart\\\/#primaryimage\",\"url\":\"https:\\\/\\\/clarijs-fietstassen.nl\\\/wp-content\\\/uploads\\\/2023\\\/07\\\/reflectie-bakfiets-2_1903x.jpg\",\"contentUrl\":\"https:\\\/\\\/clarijs-fietstassen.nl\\\/wp-content\\\/uploads\\\/2023\\\/07\\\/reflectie-bakfiets-2_1903x.jpg\",\"width\":900,\"height\":900,\"caption\":\"Bakfiets\"},{\"@type\":\"BreadcrumbList\",\"@id\":\"http:\\\/\\\/clarijs-fietstassen.nl\\\/produkt\\\/reflectie-sticker-50cm-voor-bakfiets-zwart\\\/#breadcrumb\",\"itemListElement\":[{\"@type\":\"ListItem\",\"position\":1,\"name\":\"Home\",\"item\":\"https:\\\/\\\/clarijs-fietstassen.nl\\\/de\\\/\"},{\"@type\":\"ListItem\",\"position\":2,\"name\":\"Shop\",\"item\":\"https:\\\/\\\/clarijs-fietstassen.nl\\\/de\\\/shop\\\/\"},{\"@type\":\"ListItem\",\"position\":3,\"name\":\"Bakfiets\",\"item\":\"https:\\\/\\\/clarijs-fietstassen.nl\\\/bakfiets\\\/\"},{\"@type\":\"ListItem\",\"position\":4,\"name\":\"Reflektierender Aufkleber 50cm f\u00fcr Bakfiets (schwarz)\"}]},{\"@type\":\"WebSite\",\"@id\":\"https:\\\/\\\/clarijs-fietstassen.nl\\\/de\\\/#website\",\"url\":\"https:\\\/\\\/clarijs-fietstassen.nl\\\/de\\\/\",\"name\":\"Clarijs Fietstassen\",\"description\":\"Kwaliteit &amp; ambacht sinds 1948\",\"publisher\":{\"@id\":\"https:\\\/\\\/clarijs-fietstassen.nl\\\/de\\\/#organization\"},\"potentialAction\":[{\"@type\":\"SearchAction\",\"target\":{\"@type\":\"EntryPoint\",\"urlTemplate\":\"https:\\\/\\\/clarijs-fietstassen.nl\\\/de\\\/?s={search_term_string}\"},\"query-input\":{\"@type\":\"PropertyValueSpecification\",\"valueRequired\":true,\"valueName\":\"search_term_string\"}}],\"inLanguage\":\"de\"},{\"@type\":\"Organization\",\"@id\":\"https:\\\/\\\/clarijs-fietstassen.nl\\\/de\\\/#organization\",\"name\":\"Clarijs Fietstassen\",\"url\":\"https:\\\/\\\/clarijs-fietstassen.nl\\\/de\\\/\",\"logo\":{\"@type\":\"ImageObject\",\"inLanguage\":\"de\",\"@id\":\"https:\\\/\\\/clarijs-fietstassen.nl\\\/de\\\/#\\\/schema\\\/logo\\\/image\\\/\",\"url\":\"https:\\\/\\\/clarijs-fietstassen.nl\\\/wp-content\\\/uploads\\\/2024\\\/01\\\/clarijs-logo-met-rand.jpg\",\"contentUrl\":\"https:\\\/\\\/clarijs-fietstassen.nl\\\/wp-content\\\/uploads\\\/2024\\\/01\\\/clarijs-logo-met-rand.jpg\",\"width\":560,\"height\":266,\"caption\":\"Clarijs Fietstassen\"},\"image\":{\"@id\":\"https:\\\/\\\/clarijs-fietstassen.nl\\\/de\\\/#\\\/schema\\\/logo\\\/image\\\/\"},\"sameAs\":[\"https:\\\/\\\/www.facebook.com\\\/clarijs1948\\\/\",\"https:\\\/\\\/www.instagram.com\\\/clarijscovers\\\/\"]}]}<\/script>\n<meta property=\"product:price:amount\" content=\"9.99\" \/>\n<meta property=\"product:price:currency\" content=\"EUR\" \/>\n<meta property=\"og:availability\" content=\"instock\" \/>\n<meta property=\"product:availability\" content=\"instock\" \/>\n<meta property=\"product:retailer_item_id\" content=\"4018\" \/>\n<meta property=\"product:condition\" content=\"new\" \/>\n<!-- \/ Yoast SEO Premium plugin. -->","yoast_head_json":{"title":"Reflektionsaufkleber 50cm f\u00fcr Bakfiets | Clarijs Panniers","description":"Sehen Sie sich jetzt diesen 50 cm langen Reflektionsaufkleber f\u00fcr Lastenfahrr\u00e4der an! Dieser Streifen ist schwarz und leuchtet wie jede andere Reflexion. Jetzt erh\u00e4ltlich bei Clarijs.","robots":{"index":"index","follow":"follow","max-snippet":"max-snippet:-1","max-image-preview":"max-image-preview:large","max-video-preview":"max-video-preview:-1"},"canonical":"http:\/\/clarijs-fietstassen.nl\/produkt\/reflectie-sticker-50cm-voor-bakfiets-zwart\/","og_locale":"de_DE","og_type":"article","og_title":"Reflektierender Aufkleber 50cm f\u00fcr Bakfiets (schwarz)","og_description":"Sehen Sie sich jetzt diesen 50 cm langen Reflektionsaufkleber f\u00fcr Lastenfahrr\u00e4der an! Dieser Streifen ist schwarz und leuchtet wie jede andere Reflexion. Jetzt erh\u00e4ltlich bei Clarijs.","og_url":"http:\/\/clarijs-fietstassen.nl\/produkt\/reflectie-sticker-50cm-voor-bakfiets-zwart\/","og_site_name":"Clarijs Fietstassen","article_publisher":"https:\/\/www.facebook.com\/clarijs1948\/","article_modified_time":"2025-02-17T12:17:31+00:00","og_image":[{"width":900,"height":900,"url":"https:\/\/clarijs-fietstassen.nl\/wp-content\/uploads\/2023\/07\/reflectie-bakfiets-2_1903x.jpg","type":"image\/jpeg"}],"twitter_card":"summary_large_image","twitter_misc":{"Preis":"&euro;9.99","Verf\u00fcgbarkeit":"Auf Lager"},"schema":{"@context":"https:\/\/schema.org","@graph":[{"@type":"WebPage","@id":"http:\/\/clarijs-fietstassen.nl\/produkt\/reflectie-sticker-50cm-voor-bakfiets-zwart\/","url":"http:\/\/clarijs-fietstassen.nl\/produkt\/reflectie-sticker-50cm-voor-bakfiets-zwart\/","name":"Reflektionsaufkleber 50cm f\u00fcr Bakfiets | Clarijs Panniers","isPartOf":{"@id":"https:\/\/clarijs-fietstassen.nl\/de\/#website"},"primaryImageOfPage":{"@id":"http:\/\/clarijs-fietstassen.nl\/produkt\/reflectie-sticker-50cm-voor-bakfiets-zwart\/#primaryimage"},"image":{"@id":"http:\/\/clarijs-fietstassen.nl\/produkt\/reflectie-sticker-50cm-voor-bakfiets-zwart\/#primaryimage"},"thumbnailUrl":"https:\/\/clarijs-fietstassen.nl\/wp-content\/uploads\/2023\/07\/reflectie-bakfiets-2_1903x.jpg","datePublished":"2023-07-03T12:19:58+00:00","dateModified":"2025-02-17T12:17:31+00:00","description":"Sehen Sie sich jetzt diesen 50 cm langen Reflektionsaufkleber f\u00fcr Lastenfahrr\u00e4der an! Dieser Streifen ist schwarz und leuchtet wie jede andere Reflexion. Jetzt erh\u00e4ltlich bei Clarijs.","breadcrumb":{"@id":"http:\/\/clarijs-fietstassen.nl\/produkt\/reflectie-sticker-50cm-voor-bakfiets-zwart\/#breadcrumb"},"inLanguage":"de","potentialAction":[{"@type":"ReadAction","target":["http:\/\/clarijs-fietstassen.nl\/produkt\/reflectie-sticker-50cm-voor-bakfiets-zwart\/"]}]},{"@type":"ImageObject","inLanguage":"de","@id":"http:\/\/clarijs-fietstassen.nl\/produkt\/reflectie-sticker-50cm-voor-bakfiets-zwart\/#primaryimage","url":"https:\/\/clarijs-fietstassen.nl\/wp-content\/uploads\/2023\/07\/reflectie-bakfiets-2_1903x.jpg","contentUrl":"https:\/\/clarijs-fietstassen.nl\/wp-content\/uploads\/2023\/07\/reflectie-bakfiets-2_1903x.jpg","width":900,"height":900,"caption":"Bakfiets"},{"@type":"BreadcrumbList","@id":"http:\/\/clarijs-fietstassen.nl\/produkt\/reflectie-sticker-50cm-voor-bakfiets-zwart\/#breadcrumb","itemListElement":[{"@type":"ListItem","position":1,"name":"Home","item":"https:\/\/clarijs-fietstassen.nl\/de\/"},{"@type":"ListItem","position":2,"name":"Shop","item":"https:\/\/clarijs-fietstassen.nl\/de\/shop\/"},{"@type":"ListItem","position":3,"name":"Bakfiets","item":"https:\/\/clarijs-fietstassen.nl\/bakfiets\/"},{"@type":"ListItem","position":4,"name":"Reflektierender Aufkleber 50cm f\u00fcr Bakfiets (schwarz)"}]},{"@type":"WebSite","@id":"https:\/\/clarijs-fietstassen.nl\/de\/#website","url":"https:\/\/clarijs-fietstassen.nl\/de\/","name":"Clarijs Fietstassen","description":"Kwaliteit &amp; ambacht sinds 1948","publisher":{"@id":"https:\/\/clarijs-fietstassen.nl\/de\/#organization"},"potentialAction":[{"@type":"SearchAction","target":{"@type":"EntryPoint","urlTemplate":"https:\/\/clarijs-fietstassen.nl\/de\/?s={search_term_string}"},"query-input":{"@type":"PropertyValueSpecification","valueRequired":true,"valueName":"search_term_string"}}],"inLanguage":"de"},{"@type":"Organization","@id":"https:\/\/clarijs-fietstassen.nl\/de\/#organization","name":"Clarijs Fietstassen","url":"https:\/\/clarijs-fietstassen.nl\/de\/","logo":{"@type":"ImageObject","inLanguage":"de","@id":"https:\/\/clarijs-fietstassen.nl\/de\/#\/schema\/logo\/image\/","url":"https:\/\/clarijs-fietstassen.nl\/wp-content\/uploads\/2024\/01\/clarijs-logo-met-rand.jpg","contentUrl":"https:\/\/clarijs-fietstassen.nl\/wp-content\/uploads\/2024\/01\/clarijs-logo-met-rand.jpg","width":560,"height":266,"caption":"Clarijs Fietstassen"},"image":{"@id":"https:\/\/clarijs-fietstassen.nl\/de\/#\/schema\/logo\/image\/"},"sameAs":["https:\/\/www.facebook.com\/clarijs1948\/","https:\/\/www.instagram.com\/clarijscovers\/"]}]},"product_price_amount":"9.99","product_price_currency":"EUR","og_availability":"instock","product_availability":"instock","product_retailer_item_id":"4018","product_condition":"new"},"_links":{"self":[{"href":"https:\/\/clarijs-fietstassen.nl\/de\/wp-json\/wp\/v2\/product\/48878","targetHints":{"allow":["GET"]}}],"collection":[{"href":"https:\/\/clarijs-fietstassen.nl\/de\/wp-json\/wp\/v2\/product"}],"about":[{"href":"https:\/\/clarijs-fietstassen.nl\/de\/wp-json\/wp\/v2\/types\/product"}],"replies":[{"embeddable":true,"href":"https:\/\/clarijs-fietstassen.nl\/de\/wp-json\/wp\/v2\/comments?post=48878"}],"wp:featuredmedia":[{"embeddable":true,"href":"https:\/\/clarijs-fietstassen.nl\/de\/wp-json\/wp\/v2\/media\/48881"}],"wp:attachment":[{"href":"https:\/\/clarijs-fietstassen.nl\/de\/wp-json\/wp\/v2\/media?parent=48878"}],"wp:term":[{"taxonomy":"product_brand","embeddable":true,"href":"https:\/\/clarijs-fietstassen.nl\/de\/wp-json\/wp\/v2\/product_brand?post=48878"},{"taxonomy":"product_cat","embeddable":true,"href":"https:\/\/clarijs-fietstassen.nl\/de\/wp-json\/wp\/v2\/product_cat?post=48878"},{"taxonomy":"product_tag","embeddable":true,"href":"https:\/\/clarijs-fietstassen.nl\/de\/wp-json\/wp\/v2\/product_tag?post=48878"}],"curies":[{"name":"wp","href":"https:\/\/api.w.org\/{rel}","templated":true}]}}