{"id":48921,"date":"2023-07-03T14:20:06","date_gmt":"2023-07-03T12:20:06","guid":{"rendered":"https:\/\/clarijs-fietstassen.nl\/kistenmantel-35-x-43-cm\/"},"modified":"2025-02-17T13:17:31","modified_gmt":"2025-02-17T12:17:31","slug":"kistenmantel-35-x-43-cm","status":"publish","type":"product","link":"https:\/\/clarijs-fietstassen.nl\/de\/produkt\/kistenmantel-35-x-43-cm\/","title":{"rendered":"Kistenmantel 35 x 43 cm"},"content":{"rendered":"<p><span style=\"font-weight: 400;\">Entdecken Sie den praktischen und vielseitigen 35 x 43 cm gro\u00dfen Kistenmantel &#8211; die ideale L\u00f6sung, um Ihr Hab und Gut bei Ihren Fahrradabenteuern sicher und gesch\u00fctzt aufzubewahren!<\/span><\/p>\n<p><span style=\"font-weight: 400;\">Die Crate Jacket wurde entwickelt, um Ihre Fahrradkiste abzudecken und Ihr Hab und Gut vor verschiedenen Wetterbedingungen zu sch\u00fctzen. Egal, ob es regnet, schneit oder windig ist, diese Crate Jacket h\u00e4lt Ihre Sachen trocken und sch\u00fctzt sie, so dass Sie sich keine Sorgen um Ihr Gep\u00e4ck machen m\u00fcssen. <\/span><\/p>\n<p><span style=\"font-weight: 400;\">Strapazierf\u00e4higes und wetterfestes Material:<\/span><\/p>\n<p><span style=\"font-weight: 400;\">Die Crate Jacket ist aus strapazierf\u00e4higem und witterungsbest\u00e4ndigem Material gefertigt, so dass sie dem t\u00e4glichen Gebrauch und l\u00e4ngerem Kontakt mit den Elementen standh\u00e4lt. Ihre Sachen bleiben sicher und trocken, egal wie das Wetter ist. <\/span><\/p>\n","protected":false},"excerpt":{"rendered":"<p>Entdecken Sie den praktischen und vielseitigen 35 x 43 cm gro\u00dfen Kistenmantel &#8211; die ideale L\u00f6sung, um Ihr Hab und Gut bei Ihren Fahrradabenteuern sicher und gesch\u00fctzt aufzubewahren! Die Crate Jacket wurde entwickelt, um Ihre Fahrradkiste abzudecken und Ihr Hab und Gut vor verschiedenen Wetterbedingungen zu sch\u00fctzen. Egal, ob es regnet, schneit oder windig ist, [&hellip;]<\/p>\n","protected":false},"featured_media":49611,"comment_status":"closed","ping_status":"closed","template":"","meta":{"_acf_changed":false,"_et_pb_use_builder":"","_et_pb_old_content":"","_et_gb_content_width":""},"product_brand":[],"product_cat":[725,684],"product_tag":[],"class_list":{"0":"post-48921","1":"product","2":"type-product","3":"status-publish","4":"has-post-thumbnail","6":"product_cat-fahrradkisten","7":"product_cat-zubehor","8":"pa_geschikt-voor-e-bike-ja-de","9":"pa_kleur-apfelgrun","10":"pa_kleur-azurblau","11":"pa_kleur-bordeaux-rot","12":"pa_kleur-creme-de","13":"pa_kleur-dunkelblau","14":"pa_kleur-feuerwehr-rot","15":"pa_kleur-gelb","16":"pa_kleur-holland-orange-de","17":"pa_kleur-lila","18":"pa_kleur-matt-schwarz-de","19":"pa_kleur-rosa","20":"pa_kleur-schokoladen-braun","21":"pa_kleur-schwarz","22":"pa_kleur-silber-metallic","23":"pa_kleur-weis","24":"pa_materiaal-bisonyl-pvc-leinwand","25":"pa_merk-clarijs-covers-b-v-de","27":"first","28":"instock","29":"taxable","30":"shipping-taxable","31":"purchasable","32":"product-type-variable"},"acf":[],"yoast_head":"<!-- This site is optimized with the Yoast SEO Premium plugin v27.2 (Yoast SEO v27.4) - https:\/\/yoast.com\/product\/yoast-seo-premium-wordpress\/ -->\n<title>Kistenmantel 35 x 43 cm - Clarijs Fietstassen<\/title>\n<meta name=\"description\" content=\"Entdecken Sie den praktischen und vielseitigen Kistenmantel 35 x 43 cm - die ideale L\u00f6sung, um Ihr Hab und Gut sicher aufzubewahren.\" \/>\n<meta name=\"robots\" content=\"index, follow, max-snippet:-1, max-image-preview:large, max-video-preview:-1\" \/>\n<link rel=\"canonical\" href=\"http:\/\/clarijs-fietstassen.nl\/produkt\/kratjas-35-x-43-cm\/\" \/>\n<meta property=\"og:locale\" content=\"de_DE\" \/>\n<meta property=\"og:type\" content=\"article\" \/>\n<meta property=\"og:title\" content=\"Kistenmantel 35 x 43 cm\" \/>\n<meta property=\"og:description\" content=\"Entdecken Sie den praktischen und vielseitigen Kistenmantel 35 x 43 cm - die ideale L\u00f6sung, um Ihr Hab und Gut sicher aufzubewahren.\" \/>\n<meta property=\"og:url\" content=\"http:\/\/clarijs-fietstassen.nl\/produkt\/kratjas-35-x-43-cm\/\" \/>\n<meta property=\"og:site_name\" content=\"Clarijs Fietstassen\" \/>\n<meta property=\"article:publisher\" content=\"https:\/\/www.facebook.com\/clarijs1948\/\" \/>\n<meta property=\"article:modified_time\" content=\"2025-02-17T12:17:31+00:00\" \/>\n<meta property=\"og:image\" content=\"https:\/\/clarijs-fietstassen.nl\/wp-content\/uploads\/2023\/07\/kratjas-mat-zwart-1.png\" \/>\n\t<meta property=\"og:image:width\" content=\"1000\" \/>\n\t<meta property=\"og:image:height\" content=\"1000\" \/>\n\t<meta property=\"og:image:type\" content=\"image\/png\" \/>\n<meta name=\"twitter:card\" content=\"summary_large_image\" \/>\n<meta name=\"twitter:label1\" content=\"Verf\u00fcgbarkeit\" \/>\n\t<meta name=\"twitter:data1\" content=\"Auf Lager\" \/>\n<script type=\"application\/ld+json\" class=\"yoast-schema-graph\">{\"@context\":\"https:\\\/\\\/schema.org\",\"@graph\":[{\"@type\":\"WebPage\",\"@id\":\"http:\\\/\\\/clarijs-fietstassen.nl\\\/produkt\\\/kratjas-35-x-43-cm\\\/\",\"url\":\"http:\\\/\\\/clarijs-fietstassen.nl\\\/produkt\\\/kratjas-35-x-43-cm\\\/\",\"name\":\"Kistenmantel 35 x 43 cm - Clarijs Fietstassen\",\"isPartOf\":{\"@id\":\"https:\\\/\\\/clarijs-fietstassen.nl\\\/de\\\/#website\"},\"primaryImageOfPage\":{\"@id\":\"http:\\\/\\\/clarijs-fietstassen.nl\\\/produkt\\\/kratjas-35-x-43-cm\\\/#primaryimage\"},\"image\":{\"@id\":\"http:\\\/\\\/clarijs-fietstassen.nl\\\/produkt\\\/kratjas-35-x-43-cm\\\/#primaryimage\"},\"thumbnailUrl\":\"https:\\\/\\\/clarijs-fietstassen.nl\\\/wp-content\\\/uploads\\\/2023\\\/07\\\/kratjas-mat-zwart-1.png\",\"datePublished\":\"2023-07-03T12:20:06+00:00\",\"dateModified\":\"2025-02-17T12:17:31+00:00\",\"description\":\"Entdecken Sie den praktischen und vielseitigen Kistenmantel 35 x 43 cm - die ideale L\u00f6sung, um Ihr Hab und Gut sicher aufzubewahren.\",\"breadcrumb\":{\"@id\":\"http:\\\/\\\/clarijs-fietstassen.nl\\\/produkt\\\/kratjas-35-x-43-cm\\\/#breadcrumb\"},\"inLanguage\":\"de\",\"potentialAction\":[{\"@type\":\"ReadAction\",\"target\":[\"http:\\\/\\\/clarijs-fietstassen.nl\\\/produkt\\\/kratjas-35-x-43-cm\\\/\"]}]},{\"@type\":\"ImageObject\",\"inLanguage\":\"de\",\"@id\":\"http:\\\/\\\/clarijs-fietstassen.nl\\\/produkt\\\/kratjas-35-x-43-cm\\\/#primaryimage\",\"url\":\"https:\\\/\\\/clarijs-fietstassen.nl\\\/wp-content\\\/uploads\\\/2023\\\/07\\\/kratjas-mat-zwart-1.png\",\"contentUrl\":\"https:\\\/\\\/clarijs-fietstassen.nl\\\/wp-content\\\/uploads\\\/2023\\\/07\\\/kratjas-mat-zwart-1.png\",\"width\":1000,\"height\":1000,\"caption\":\"Kratjas 35x43cm\"},{\"@type\":\"BreadcrumbList\",\"@id\":\"http:\\\/\\\/clarijs-fietstassen.nl\\\/produkt\\\/kratjas-35-x-43-cm\\\/#breadcrumb\",\"itemListElement\":[{\"@type\":\"ListItem\",\"position\":1,\"name\":\"Home\",\"item\":\"https:\\\/\\\/clarijs-fietstassen.nl\\\/de\\\/\"},{\"@type\":\"ListItem\",\"position\":2,\"name\":\"Shop\",\"item\":\"https:\\\/\\\/clarijs-fietstassen.nl\\\/de\\\/shop\\\/\"},{\"@type\":\"ListItem\",\"position\":3,\"name\":\"Accessoires\",\"item\":\"https:\\\/\\\/clarijs-fietstassen.nl\\\/accessoires\\\/\"},{\"@type\":\"ListItem\",\"position\":4,\"name\":\"Kistenmantel 35 x 43 cm\"}]},{\"@type\":\"WebSite\",\"@id\":\"https:\\\/\\\/clarijs-fietstassen.nl\\\/de\\\/#website\",\"url\":\"https:\\\/\\\/clarijs-fietstassen.nl\\\/de\\\/\",\"name\":\"Clarijs Fietstassen\",\"description\":\"Kwaliteit &amp; ambacht sinds 1948\",\"publisher\":{\"@id\":\"https:\\\/\\\/clarijs-fietstassen.nl\\\/de\\\/#organization\"},\"potentialAction\":[{\"@type\":\"SearchAction\",\"target\":{\"@type\":\"EntryPoint\",\"urlTemplate\":\"https:\\\/\\\/clarijs-fietstassen.nl\\\/de\\\/?s={search_term_string}\"},\"query-input\":{\"@type\":\"PropertyValueSpecification\",\"valueRequired\":true,\"valueName\":\"search_term_string\"}}],\"inLanguage\":\"de\"},{\"@type\":\"Organization\",\"@id\":\"https:\\\/\\\/clarijs-fietstassen.nl\\\/de\\\/#organization\",\"name\":\"Clarijs Fietstassen\",\"url\":\"https:\\\/\\\/clarijs-fietstassen.nl\\\/de\\\/\",\"logo\":{\"@type\":\"ImageObject\",\"inLanguage\":\"de\",\"@id\":\"https:\\\/\\\/clarijs-fietstassen.nl\\\/de\\\/#\\\/schema\\\/logo\\\/image\\\/\",\"url\":\"https:\\\/\\\/clarijs-fietstassen.nl\\\/wp-content\\\/uploads\\\/2024\\\/01\\\/clarijs-logo-met-rand.jpg\",\"contentUrl\":\"https:\\\/\\\/clarijs-fietstassen.nl\\\/wp-content\\\/uploads\\\/2024\\\/01\\\/clarijs-logo-met-rand.jpg\",\"width\":560,\"height\":266,\"caption\":\"Clarijs Fietstassen\"},\"image\":{\"@id\":\"https:\\\/\\\/clarijs-fietstassen.nl\\\/de\\\/#\\\/schema\\\/logo\\\/image\\\/\"},\"sameAs\":[\"https:\\\/\\\/www.facebook.com\\\/clarijs1948\\\/\",\"https:\\\/\\\/www.instagram.com\\\/clarijscovers\\\/\"]}]}<\/script>\n<meta property=\"og:availability\" content=\"instock\" \/>\n<meta property=\"product:availability\" content=\"instock\" \/>\n<meta property=\"product:retailer_item_id\" content=\"4003\" \/>\n<meta property=\"product:condition\" content=\"new\" \/>\n<!-- \/ Yoast SEO Premium plugin. -->","yoast_head_json":{"title":"Kistenmantel 35 x 43 cm - Clarijs Fietstassen","description":"Entdecken Sie den praktischen und vielseitigen Kistenmantel 35 x 43 cm - die ideale L\u00f6sung, um Ihr Hab und Gut sicher aufzubewahren.","robots":{"index":"index","follow":"follow","max-snippet":"max-snippet:-1","max-image-preview":"max-image-preview:large","max-video-preview":"max-video-preview:-1"},"canonical":"http:\/\/clarijs-fietstassen.nl\/produkt\/kratjas-35-x-43-cm\/","og_locale":"de_DE","og_type":"article","og_title":"Kistenmantel 35 x 43 cm","og_description":"Entdecken Sie den praktischen und vielseitigen Kistenmantel 35 x 43 cm - die ideale L\u00f6sung, um Ihr Hab und Gut sicher aufzubewahren.","og_url":"http:\/\/clarijs-fietstassen.nl\/produkt\/kratjas-35-x-43-cm\/","og_site_name":"Clarijs Fietstassen","article_publisher":"https:\/\/www.facebook.com\/clarijs1948\/","article_modified_time":"2025-02-17T12:17:31+00:00","og_image":[{"width":1000,"height":1000,"url":"https:\/\/clarijs-fietstassen.nl\/wp-content\/uploads\/2023\/07\/kratjas-mat-zwart-1.png","type":"image\/png"}],"twitter_card":"summary_large_image","twitter_misc":{"Verf\u00fcgbarkeit":"Auf Lager"},"schema":{"@context":"https:\/\/schema.org","@graph":[{"@type":"WebPage","@id":"http:\/\/clarijs-fietstassen.nl\/produkt\/kratjas-35-x-43-cm\/","url":"http:\/\/clarijs-fietstassen.nl\/produkt\/kratjas-35-x-43-cm\/","name":"Kistenmantel 35 x 43 cm - Clarijs Fietstassen","isPartOf":{"@id":"https:\/\/clarijs-fietstassen.nl\/de\/#website"},"primaryImageOfPage":{"@id":"http:\/\/clarijs-fietstassen.nl\/produkt\/kratjas-35-x-43-cm\/#primaryimage"},"image":{"@id":"http:\/\/clarijs-fietstassen.nl\/produkt\/kratjas-35-x-43-cm\/#primaryimage"},"thumbnailUrl":"https:\/\/clarijs-fietstassen.nl\/wp-content\/uploads\/2023\/07\/kratjas-mat-zwart-1.png","datePublished":"2023-07-03T12:20:06+00:00","dateModified":"2025-02-17T12:17:31+00:00","description":"Entdecken Sie den praktischen und vielseitigen Kistenmantel 35 x 43 cm - die ideale L\u00f6sung, um Ihr Hab und Gut sicher aufzubewahren.","breadcrumb":{"@id":"http:\/\/clarijs-fietstassen.nl\/produkt\/kratjas-35-x-43-cm\/#breadcrumb"},"inLanguage":"de","potentialAction":[{"@type":"ReadAction","target":["http:\/\/clarijs-fietstassen.nl\/produkt\/kratjas-35-x-43-cm\/"]}]},{"@type":"ImageObject","inLanguage":"de","@id":"http:\/\/clarijs-fietstassen.nl\/produkt\/kratjas-35-x-43-cm\/#primaryimage","url":"https:\/\/clarijs-fietstassen.nl\/wp-content\/uploads\/2023\/07\/kratjas-mat-zwart-1.png","contentUrl":"https:\/\/clarijs-fietstassen.nl\/wp-content\/uploads\/2023\/07\/kratjas-mat-zwart-1.png","width":1000,"height":1000,"caption":"Kratjas 35x43cm"},{"@type":"BreadcrumbList","@id":"http:\/\/clarijs-fietstassen.nl\/produkt\/kratjas-35-x-43-cm\/#breadcrumb","itemListElement":[{"@type":"ListItem","position":1,"name":"Home","item":"https:\/\/clarijs-fietstassen.nl\/de\/"},{"@type":"ListItem","position":2,"name":"Shop","item":"https:\/\/clarijs-fietstassen.nl\/de\/shop\/"},{"@type":"ListItem","position":3,"name":"Accessoires","item":"https:\/\/clarijs-fietstassen.nl\/accessoires\/"},{"@type":"ListItem","position":4,"name":"Kistenmantel 35 x 43 cm"}]},{"@type":"WebSite","@id":"https:\/\/clarijs-fietstassen.nl\/de\/#website","url":"https:\/\/clarijs-fietstassen.nl\/de\/","name":"Clarijs Fietstassen","description":"Kwaliteit &amp; ambacht sinds 1948","publisher":{"@id":"https:\/\/clarijs-fietstassen.nl\/de\/#organization"},"potentialAction":[{"@type":"SearchAction","target":{"@type":"EntryPoint","urlTemplate":"https:\/\/clarijs-fietstassen.nl\/de\/?s={search_term_string}"},"query-input":{"@type":"PropertyValueSpecification","valueRequired":true,"valueName":"search_term_string"}}],"inLanguage":"de"},{"@type":"Organization","@id":"https:\/\/clarijs-fietstassen.nl\/de\/#organization","name":"Clarijs Fietstassen","url":"https:\/\/clarijs-fietstassen.nl\/de\/","logo":{"@type":"ImageObject","inLanguage":"de","@id":"https:\/\/clarijs-fietstassen.nl\/de\/#\/schema\/logo\/image\/","url":"https:\/\/clarijs-fietstassen.nl\/wp-content\/uploads\/2024\/01\/clarijs-logo-met-rand.jpg","contentUrl":"https:\/\/clarijs-fietstassen.nl\/wp-content\/uploads\/2024\/01\/clarijs-logo-met-rand.jpg","width":560,"height":266,"caption":"Clarijs Fietstassen"},"image":{"@id":"https:\/\/clarijs-fietstassen.nl\/de\/#\/schema\/logo\/image\/"},"sameAs":["https:\/\/www.facebook.com\/clarijs1948\/","https:\/\/www.instagram.com\/clarijscovers\/"]}]},"og_availability":"instock","product_availability":"instock","product_retailer_item_id":"4003","product_condition":"new"},"_links":{"self":[{"href":"https:\/\/clarijs-fietstassen.nl\/de\/wp-json\/wp\/v2\/product\/48921","targetHints":{"allow":["GET"]}}],"collection":[{"href":"https:\/\/clarijs-fietstassen.nl\/de\/wp-json\/wp\/v2\/product"}],"about":[{"href":"https:\/\/clarijs-fietstassen.nl\/de\/wp-json\/wp\/v2\/types\/product"}],"replies":[{"embeddable":true,"href":"https:\/\/clarijs-fietstassen.nl\/de\/wp-json\/wp\/v2\/comments?post=48921"}],"wp:featuredmedia":[{"embeddable":true,"href":"https:\/\/clarijs-fietstassen.nl\/de\/wp-json\/wp\/v2\/media\/49611"}],"wp:attachment":[{"href":"https:\/\/clarijs-fietstassen.nl\/de\/wp-json\/wp\/v2\/media?parent=48921"}],"wp:term":[{"taxonomy":"product_brand","embeddable":true,"href":"https:\/\/clarijs-fietstassen.nl\/de\/wp-json\/wp\/v2\/product_brand?post=48921"},{"taxonomy":"product_cat","embeddable":true,"href":"https:\/\/clarijs-fietstassen.nl\/de\/wp-json\/wp\/v2\/product_cat?post=48921"},{"taxonomy":"product_tag","embeddable":true,"href":"https:\/\/clarijs-fietstassen.nl\/de\/wp-json\/wp\/v2\/product_tag?post=48921"}],"curies":[{"name":"wp","href":"https:\/\/api.w.org\/{rel}","templated":true}]}}