{"id":48991,"date":"2023-07-03T14:24:52","date_gmt":"2023-07-03T13:24:52","guid":{"rendered":"https:\/\/clarijs-fietstassen.nl\/city-shopper-lila\/"},"modified":"2026-03-31T12:51:36","modified_gmt":"2026-03-31T10:51:36","slug":"city-shopper-lila","status":"publish","type":"product","link":"https:\/\/clarijs-fietstassen.nl\/de\/produkt\/city-shopper-lila\/","title":{"rendered":"City Shopper lila"},"content":{"rendered":"<p><span style=\"font-weight: 400;\">Entdecken Sie den City Shopper lila. Diese trendige Tasche kombiniert Funktionalit\u00e4t mit einem minimalistischen Design. Mit viel Stauraum und praktischen Details ist dieser City Shopper perfekt f\u00fcr den t\u00e4glichen Gebrauch.<\/span><\/p>\n<p><b>Vorteile:<\/b><\/p>\n<ul>\n<li style=\"font-weight: 400;\" aria-level=\"1\"><span style=\"font-weight: 400;\">Der City Shopper ist wasserabweisend.  <\/span><\/li>\n<li style=\"font-weight: 400;\" aria-level=\"1\"><span style=\"font-weight: 400;\">Dieser City Shopper ist aus den besten Materialien gefertigt.  <\/span><\/li>\n<li style=\"font-weight: 400;\" aria-level=\"1\"><span style=\"font-weight: 400;\">Der City Shopper passt problemlos in Ihre Gep\u00e4cktaschen.  <\/span><\/li>\n<\/ul>\n<div>\n<p><strong>Gr\u00f6\u00dfen<\/strong> &#8211; <a href=\"https:\/\/clarijs-fietstassen.nl\/wp-content\/uploads\/2026\/03\/Shopper-lijntekening.jpg\" target=\"_blank\" rel=\"noopener\">Bild<\/a><br \/>\nDie Ma\u00dfe der Doppel-Fahrradtaschen sind in Zentimetern angegeben als: L\u00e4nge x Tiefe\/Breite x H\u00f6he<\/p>\n<p>Innen 33 x 16 x 32<br \/>\nAu\u00dfen 36 x 18 x 36<\/p>\n<p>Da die Taschen handgefertigt sind, k\u00f6nnen die Ma\u00dfe um etwa einen Zentimeter variieren.<\/p>\n<\/div>\n<p><b>Hochwertiges Material<\/b><\/p>\n<ul>\n<li style=\"font-weight: 400;\" aria-level=\"1\"><span style=\"font-weight: 400;\">Die hochwertigen Materialien des City Shoppers sorgen daf\u00fcr, dass er dem t\u00e4glichen Gebrauch standh\u00e4lt.  <\/span><\/li>\n<li style=\"font-weight: 400;\" aria-level=\"1\"><span style=\"font-weight: 400;\">Das PVC-Gewebe ist wasserdicht und bietet hervorragenden Schutz vor Regen und Feuchtigkeit. So bleiben Ihre Habseligkeiten auch bei schlechtem Wetter trocken. <\/span><\/li>\n<li style=\"font-weight: 400;\" aria-level=\"1\"><span style=\"font-weight: 400;\">Das PVC-Gewebe ist stark und h\u00e4lt gro\u00dfen Belastungen stand. Dadurch eignet es sich zum Tragen schwerer Gegenst\u00e4nde oder zum Aufbau stabiler Strukturen. <\/span><\/li>\n<li style=\"font-weight: 400;\" aria-level=\"1\"><span style=\"font-weight: 400;\">PVC-Tuch ist leicht zu reinigen und zu pflegen. Sie k\u00f6nnen es mit einem feuchten Tuch abwischen oder mit milder Seife und Wasser reinigen. <\/span><\/li>\n<\/ul>\n","protected":false},"excerpt":{"rendered":"<p>Entdecken Sie den City Shopper lila. Diese trendige Tasche kombiniert Funktionalit\u00e4t mit einem minimalistischen Design. Mit viel Stauraum und praktischen Details ist dieser City Shopper perfekt f\u00fcr den t\u00e4glichen Gebrauch. Vorteile: Der City Shopper ist wasserabweisend. Dieser City Shopper ist aus den besten Materialien gefertigt. Der City Shopper passt problemlos in Ihre Gep\u00e4cktaschen. Gr\u00f6\u00dfen &#8211; [&hellip;]<\/p>\n","protected":false},"featured_media":48993,"comment_status":"closed","ping_status":"closed","template":"","meta":{"_acf_changed":false,"_et_pb_use_builder":"","_et_pb_old_content":"","_et_gb_content_width":""},"product_brand":[],"product_cat":[695,703,756,769],"product_tag":[],"class_list":{"0":"post-48991","1":"product","2":"type-product","3":"status-publish","4":"has-post-thumbnail","6":"product_cat-bisonyl-packtaschen","7":"product_cat-city-shoppers-de","8":"product_cat-shoppers-de","9":"product_cat-taschen","10":"pa_afmetingen-36-x-18-x-36-cm-l-x-b-x-h-de","11":"pa_kleur-lila","12":"pa_materiaal-bisonyl-pvc-leinwand","13":"pa_merk-clarijs-covers-b-v-de","15":"first","16":"outofstock","17":"taxable","18":"shipping-taxable","19":"purchasable","20":"product-type-simple"},"acf":[],"yoast_head":"<!-- This site is optimized with the Yoast SEO Premium plugin v27.2 (Yoast SEO v27.3) - https:\/\/yoast.com\/product\/yoast-seo-premium-wordpress\/ -->\n<title>City Shopper lila - Clarijs Fietstassen<\/title>\n<meta name=\"description\" content=\"City Shopper lilaEntdecken Sie die . Diese trendige Tasche kombiniert Funktionalit\u00e4t mit einem auff\u00e4lligen Design.\" \/>\n<meta name=\"robots\" content=\"index, follow, max-snippet:-1, max-image-preview:large, max-video-preview:-1\" \/>\n<link rel=\"canonical\" href=\"https:\/\/clarijs-fietstassen.nl\/de\/city-shopper-lila\/\" \/>\n<meta property=\"og:locale\" content=\"de_DE\" \/>\n<meta property=\"og:type\" content=\"article\" \/>\n<meta property=\"og:title\" content=\"City Shopper lila\" \/>\n<meta property=\"og:description\" content=\"City Shopper lilaEntdecken Sie die . Diese trendige Tasche kombiniert Funktionalit\u00e4t mit einem auff\u00e4lligen Design.\" \/>\n<meta property=\"og:url\" content=\"https:\/\/clarijs-fietstassen.nl\/de\/city-shopper-lila\/\" \/>\n<meta property=\"og:site_name\" content=\"Clarijs Fietstassen\" \/>\n<meta property=\"article:publisher\" content=\"https:\/\/www.facebook.com\/clarijs1948\/\" \/>\n<meta property=\"article:modified_time\" content=\"2026-03-31T10:51:36+00:00\" \/>\n<meta property=\"og:image\" content=\"https:\/\/clarijs-fietstassen.nl\/wp-content\/uploads\/2023\/07\/0000262_city-shopper-paars_1903x.jpg\" \/>\n\t<meta property=\"og:image:width\" content=\"800\" \/>\n\t<meta property=\"og:image:height\" content=\"600\" \/>\n\t<meta property=\"og:image:type\" content=\"image\/jpeg\" \/>\n<meta name=\"twitter:card\" content=\"summary_large_image\" \/>\n<meta name=\"twitter:label1\" content=\"Preis\" \/>\n\t<meta name=\"twitter:data1\" content=\"&euro;35.00\" \/>\n\t<meta name=\"twitter:label2\" content=\"Verf\u00fcgbarkeit\" \/>\n\t<meta name=\"twitter:data2\" content=\"ausverkauft\" \/>\n<script type=\"application\/ld+json\" class=\"yoast-schema-graph\">{\"@context\":\"https:\\\/\\\/schema.org\",\"@graph\":[{\"@type\":\"WebPage\",\"@id\":\"https:\\\/\\\/clarijs-fietstassen.nl\\\/de\\\/city-shopper-lila\\\/\",\"url\":\"https:\\\/\\\/clarijs-fietstassen.nl\\\/de\\\/city-shopper-lila\\\/\",\"name\":\"City Shopper lila - Clarijs Fietstassen\",\"isPartOf\":{\"@id\":\"https:\\\/\\\/clarijs-fietstassen.nl\\\/de\\\/#website\"},\"primaryImageOfPage\":{\"@id\":\"https:\\\/\\\/clarijs-fietstassen.nl\\\/de\\\/city-shopper-lila\\\/#primaryimage\"},\"image\":{\"@id\":\"https:\\\/\\\/clarijs-fietstassen.nl\\\/de\\\/city-shopper-lila\\\/#primaryimage\"},\"thumbnailUrl\":\"https:\\\/\\\/clarijs-fietstassen.nl\\\/wp-content\\\/uploads\\\/2023\\\/07\\\/0000262_city-shopper-paars_1903x.jpg\",\"datePublished\":\"2023-07-03T13:24:52+00:00\",\"dateModified\":\"2026-03-31T10:51:36+00:00\",\"description\":\"City Shopper lilaEntdecken Sie die . Diese trendige Tasche kombiniert Funktionalit\u00e4t mit einem auff\u00e4lligen Design.\",\"breadcrumb\":{\"@id\":\"https:\\\/\\\/clarijs-fietstassen.nl\\\/de\\\/city-shopper-lila\\\/#breadcrumb\"},\"inLanguage\":\"de\",\"potentialAction\":[{\"@type\":\"ReadAction\",\"target\":[\"https:\\\/\\\/clarijs-fietstassen.nl\\\/de\\\/city-shopper-lila\\\/\"]}]},{\"@type\":\"ImageObject\",\"inLanguage\":\"de\",\"@id\":\"https:\\\/\\\/clarijs-fietstassen.nl\\\/de\\\/city-shopper-lila\\\/#primaryimage\",\"url\":\"https:\\\/\\\/clarijs-fietstassen.nl\\\/wp-content\\\/uploads\\\/2023\\\/07\\\/0000262_city-shopper-paars_1903x.jpg\",\"contentUrl\":\"https:\\\/\\\/clarijs-fietstassen.nl\\\/wp-content\\\/uploads\\\/2023\\\/07\\\/0000262_city-shopper-paars_1903x.jpg\",\"width\":800,\"height\":600,\"caption\":\"City Shopper lila\"},{\"@type\":\"BreadcrumbList\",\"@id\":\"https:\\\/\\\/clarijs-fietstassen.nl\\\/de\\\/city-shopper-lila\\\/#breadcrumb\",\"itemListElement\":[{\"@type\":\"ListItem\",\"position\":1,\"name\":\"Home\",\"item\":\"https:\\\/\\\/clarijs-fietstassen.nl\\\/de\\\/\"},{\"@type\":\"ListItem\",\"position\":2,\"name\":\"Shop\",\"item\":\"https:\\\/\\\/clarijs-fietstassen.nl\\\/de\\\/shop\\\/\"},{\"@type\":\"ListItem\",\"position\":3,\"name\":\"Bisonyl Packtaschen\",\"item\":\"https:\\\/\\\/clarijs-fietstassen.nl\\\/de\\\/bisonyl-packtaschen\\\/\"},{\"@type\":\"ListItem\",\"position\":4,\"name\":\"City Shopper lila\"}]},{\"@type\":\"WebSite\",\"@id\":\"https:\\\/\\\/clarijs-fietstassen.nl\\\/de\\\/#website\",\"url\":\"https:\\\/\\\/clarijs-fietstassen.nl\\\/de\\\/\",\"name\":\"Clarijs Fietstassen\",\"description\":\"Kwaliteit &amp; ambacht sinds 1948\",\"publisher\":{\"@id\":\"https:\\\/\\\/clarijs-fietstassen.nl\\\/de\\\/#organization\"},\"potentialAction\":[{\"@type\":\"SearchAction\",\"target\":{\"@type\":\"EntryPoint\",\"urlTemplate\":\"https:\\\/\\\/clarijs-fietstassen.nl\\\/de\\\/?s={search_term_string}\"},\"query-input\":{\"@type\":\"PropertyValueSpecification\",\"valueRequired\":true,\"valueName\":\"search_term_string\"}}],\"inLanguage\":\"de\"},{\"@type\":\"Organization\",\"@id\":\"https:\\\/\\\/clarijs-fietstassen.nl\\\/de\\\/#organization\",\"name\":\"Clarijs Fietstassen\",\"url\":\"https:\\\/\\\/clarijs-fietstassen.nl\\\/de\\\/\",\"logo\":{\"@type\":\"ImageObject\",\"inLanguage\":\"de\",\"@id\":\"https:\\\/\\\/clarijs-fietstassen.nl\\\/de\\\/#\\\/schema\\\/logo\\\/image\\\/\",\"url\":\"https:\\\/\\\/clarijs-fietstassen.nl\\\/wp-content\\\/uploads\\\/2024\\\/01\\\/clarijs-logo-met-rand.jpg\",\"contentUrl\":\"https:\\\/\\\/clarijs-fietstassen.nl\\\/wp-content\\\/uploads\\\/2024\\\/01\\\/clarijs-logo-met-rand.jpg\",\"width\":560,\"height\":266,\"caption\":\"Clarijs Fietstassen\"},\"image\":{\"@id\":\"https:\\\/\\\/clarijs-fietstassen.nl\\\/de\\\/#\\\/schema\\\/logo\\\/image\\\/\"},\"sameAs\":[\"https:\\\/\\\/www.facebook.com\\\/clarijs1948\\\/\",\"https:\\\/\\\/www.instagram.com\\\/clarijscovers\\\/\"]}]}<\/script>\n<meta property=\"product:price:amount\" content=\"35.00\" \/>\n<meta property=\"product:price:currency\" content=\"EUR\" \/>\n<meta property=\"og:availability\" content=\"out of stock\" \/>\n<meta property=\"product:availability\" content=\"out of stock\" \/>\n<meta property=\"product:retailer_item_id\" content=\"2000\" \/>\n<meta property=\"product:condition\" content=\"new\" \/>\n<!-- \/ Yoast SEO Premium plugin. -->","yoast_head_json":{"title":"City Shopper lila - Clarijs Fietstassen","description":"City Shopper lilaEntdecken Sie die . Diese trendige Tasche kombiniert Funktionalit\u00e4t mit einem auff\u00e4lligen Design.","robots":{"index":"index","follow":"follow","max-snippet":"max-snippet:-1","max-image-preview":"max-image-preview:large","max-video-preview":"max-video-preview:-1"},"canonical":"https:\/\/clarijs-fietstassen.nl\/de\/city-shopper-lila\/","og_locale":"de_DE","og_type":"article","og_title":"City Shopper lila","og_description":"City Shopper lilaEntdecken Sie die . Diese trendige Tasche kombiniert Funktionalit\u00e4t mit einem auff\u00e4lligen Design.","og_url":"https:\/\/clarijs-fietstassen.nl\/de\/city-shopper-lila\/","og_site_name":"Clarijs Fietstassen","article_publisher":"https:\/\/www.facebook.com\/clarijs1948\/","article_modified_time":"2026-03-31T10:51:36+00:00","og_image":[{"width":800,"height":600,"url":"https:\/\/clarijs-fietstassen.nl\/wp-content\/uploads\/2023\/07\/0000262_city-shopper-paars_1903x.jpg","type":"image\/jpeg"}],"twitter_card":"summary_large_image","twitter_misc":{"Preis":"&euro;35.00","Verf\u00fcgbarkeit":"ausverkauft"},"schema":{"@context":"https:\/\/schema.org","@graph":[{"@type":"WebPage","@id":"https:\/\/clarijs-fietstassen.nl\/de\/city-shopper-lila\/","url":"https:\/\/clarijs-fietstassen.nl\/de\/city-shopper-lila\/","name":"City Shopper lila - Clarijs Fietstassen","isPartOf":{"@id":"https:\/\/clarijs-fietstassen.nl\/de\/#website"},"primaryImageOfPage":{"@id":"https:\/\/clarijs-fietstassen.nl\/de\/city-shopper-lila\/#primaryimage"},"image":{"@id":"https:\/\/clarijs-fietstassen.nl\/de\/city-shopper-lila\/#primaryimage"},"thumbnailUrl":"https:\/\/clarijs-fietstassen.nl\/wp-content\/uploads\/2023\/07\/0000262_city-shopper-paars_1903x.jpg","datePublished":"2023-07-03T13:24:52+00:00","dateModified":"2026-03-31T10:51:36+00:00","description":"City Shopper lilaEntdecken Sie die . Diese trendige Tasche kombiniert Funktionalit\u00e4t mit einem auff\u00e4lligen Design.","breadcrumb":{"@id":"https:\/\/clarijs-fietstassen.nl\/de\/city-shopper-lila\/#breadcrumb"},"inLanguage":"de","potentialAction":[{"@type":"ReadAction","target":["https:\/\/clarijs-fietstassen.nl\/de\/city-shopper-lila\/"]}]},{"@type":"ImageObject","inLanguage":"de","@id":"https:\/\/clarijs-fietstassen.nl\/de\/city-shopper-lila\/#primaryimage","url":"https:\/\/clarijs-fietstassen.nl\/wp-content\/uploads\/2023\/07\/0000262_city-shopper-paars_1903x.jpg","contentUrl":"https:\/\/clarijs-fietstassen.nl\/wp-content\/uploads\/2023\/07\/0000262_city-shopper-paars_1903x.jpg","width":800,"height":600,"caption":"City Shopper lila"},{"@type":"BreadcrumbList","@id":"https:\/\/clarijs-fietstassen.nl\/de\/city-shopper-lila\/#breadcrumb","itemListElement":[{"@type":"ListItem","position":1,"name":"Home","item":"https:\/\/clarijs-fietstassen.nl\/de\/"},{"@type":"ListItem","position":2,"name":"Shop","item":"https:\/\/clarijs-fietstassen.nl\/de\/shop\/"},{"@type":"ListItem","position":3,"name":"Bisonyl Packtaschen","item":"https:\/\/clarijs-fietstassen.nl\/de\/bisonyl-packtaschen\/"},{"@type":"ListItem","position":4,"name":"City Shopper lila"}]},{"@type":"WebSite","@id":"https:\/\/clarijs-fietstassen.nl\/de\/#website","url":"https:\/\/clarijs-fietstassen.nl\/de\/","name":"Clarijs Fietstassen","description":"Kwaliteit &amp; ambacht sinds 1948","publisher":{"@id":"https:\/\/clarijs-fietstassen.nl\/de\/#organization"},"potentialAction":[{"@type":"SearchAction","target":{"@type":"EntryPoint","urlTemplate":"https:\/\/clarijs-fietstassen.nl\/de\/?s={search_term_string}"},"query-input":{"@type":"PropertyValueSpecification","valueRequired":true,"valueName":"search_term_string"}}],"inLanguage":"de"},{"@type":"Organization","@id":"https:\/\/clarijs-fietstassen.nl\/de\/#organization","name":"Clarijs Fietstassen","url":"https:\/\/clarijs-fietstassen.nl\/de\/","logo":{"@type":"ImageObject","inLanguage":"de","@id":"https:\/\/clarijs-fietstassen.nl\/de\/#\/schema\/logo\/image\/","url":"https:\/\/clarijs-fietstassen.nl\/wp-content\/uploads\/2024\/01\/clarijs-logo-met-rand.jpg","contentUrl":"https:\/\/clarijs-fietstassen.nl\/wp-content\/uploads\/2024\/01\/clarijs-logo-met-rand.jpg","width":560,"height":266,"caption":"Clarijs Fietstassen"},"image":{"@id":"https:\/\/clarijs-fietstassen.nl\/de\/#\/schema\/logo\/image\/"},"sameAs":["https:\/\/www.facebook.com\/clarijs1948\/","https:\/\/www.instagram.com\/clarijscovers\/"]}]},"product_price_amount":"35.00","product_price_currency":"EUR","og_availability":"out of stock","product_availability":"out of stock","product_retailer_item_id":"2000","product_condition":"new"},"_links":{"self":[{"href":"https:\/\/clarijs-fietstassen.nl\/de\/wp-json\/wp\/v2\/product\/48991","targetHints":{"allow":["GET"]}}],"collection":[{"href":"https:\/\/clarijs-fietstassen.nl\/de\/wp-json\/wp\/v2\/product"}],"about":[{"href":"https:\/\/clarijs-fietstassen.nl\/de\/wp-json\/wp\/v2\/types\/product"}],"replies":[{"embeddable":true,"href":"https:\/\/clarijs-fietstassen.nl\/de\/wp-json\/wp\/v2\/comments?post=48991"}],"wp:featuredmedia":[{"embeddable":true,"href":"https:\/\/clarijs-fietstassen.nl\/de\/wp-json\/wp\/v2\/media\/48993"}],"wp:attachment":[{"href":"https:\/\/clarijs-fietstassen.nl\/de\/wp-json\/wp\/v2\/media?parent=48991"}],"wp:term":[{"taxonomy":"product_brand","embeddable":true,"href":"https:\/\/clarijs-fietstassen.nl\/de\/wp-json\/wp\/v2\/product_brand?post=48991"},{"taxonomy":"product_cat","embeddable":true,"href":"https:\/\/clarijs-fietstassen.nl\/de\/wp-json\/wp\/v2\/product_cat?post=48991"},{"taxonomy":"product_tag","embeddable":true,"href":"https:\/\/clarijs-fietstassen.nl\/de\/wp-json\/wp\/v2\/product_tag?post=48991"}],"curies":[{"name":"wp","href":"https:\/\/api.w.org\/{rel}","templated":true}]}}