{"id":48992,"date":"2023-07-03T14:41:03","date_gmt":"2023-07-03T12:41:03","guid":{"rendered":"https:\/\/clarijs-fietstassen.nl\/ventisit-bodenmatte-workcycles-kr8-69x45-38-cm\/"},"modified":"2025-02-17T13:17:31","modified_gmt":"2025-02-17T12:17:31","slug":"ventisit-bodenmatte-workcycles-kr8-69x45-38-cm","status":"publish","type":"product","link":"https:\/\/clarijs-fietstassen.nl\/de\/produkt\/ventisit-bodenmatte-workcycles-kr8-69x45-38-cm\/","title":{"rendered":"Ventisit Bodenmatte Workcycles Kr8 69&#215;45\/38 cm"},"content":{"rendered":"<p>Entdecken Sie die Ventisit Bodenmatte f\u00fcr WorkCycles KR8 Lastenfahrrad Optimaler Komfort und Schutz nach Ma\u00df! Machen Sie Ihr WorkCycles KR8 Lastenfahrrad noch komfortabler und gesch\u00fctzter mit unserer speziell entwickelten Ventisit Bodenmatte!<br \/>\nMit einer perfekten Passform von 69&#215;45\/38cm wurde diese Bodenmatte speziell entwickelt, um Ihnen und Ihrer Ladung das ultimative Fahrgef\u00fchl zu bieten. Entwickelt f\u00fcr Ihr WorkCycles KR8 Lastenfahrrad: Diese Bodenmatte wurde speziell f\u00fcr die WorkCycles KR8 Lastenfahrradmodelle entwickelt und passt nahtlos in Ihr Lastenfahrrad. Der hochwertige Schaumstoff sorgt f\u00fcr Langlebigkeit auch bei t\u00e4glichem Gebrauch, und die perfekten Abmessungen gew\u00e4hrleisten, dass Ihr Boden vollst\u00e4ndig abgedeckt und optimal gesch\u00fctzt ist. Mit der Ventisit Bodenmatte genie\u00dfen Sie Komfort und Ruhe bei Ihren Fahrten mit dem WorkCycles KR8 Lastenfahrrad.<\/p>\n","protected":false},"excerpt":{"rendered":"<p>Entdecken Sie die Ventisit Bodenmatte f\u00fcr WorkCycles KR8 Lastenfahrrad Optimaler Komfort und Schutz nach Ma\u00df! Machen Sie Ihr WorkCycles KR8 Lastenfahrrad noch komfortabler und gesch\u00fctzter mit unserer speziell entwickelten Ventisit Bodenmatte! Mit einer perfekten Passform von 69&#215;45\/38cm wurde diese Bodenmatte speziell entwickelt, um Ihnen und Ihrer Ladung das ultimative Fahrgef\u00fchl zu bieten. Entwickelt f\u00fcr Ihr [&hellip;]<\/p>\n","protected":false},"featured_media":48995,"comment_status":"closed","ping_status":"closed","template":"","meta":{"_acf_changed":false,"_et_pb_use_builder":"","_et_pb_old_content":"","_et_gb_content_width":""},"product_brand":[],"product_cat":[686,691,688,684],"product_tag":[],"class_list":{"0":"post-48992","1":"product","2":"type-product","3":"status-publish","4":"has-post-thumbnail","6":"product_cat-bakfiets-de","7":"product_cat-lastenrad-fusmatten","8":"product_cat-lastenrad-zubehor","9":"product_cat-zubehor","11":"first","12":"instock","13":"taxable","14":"shipping-taxable","15":"purchasable","16":"product-type-simple"},"acf":[],"yoast_head":"<!-- This site is optimized with the Yoast SEO Premium plugin v27.2 (Yoast SEO v27.3) - https:\/\/yoast.com\/product\/yoast-seo-premium-wordpress\/ -->\n<title>Ventisit Bodenmatte Workcycles Kr8 69x45\/38 cm - Clarijs Fietstassen<\/title>\n<meta name=\"description\" content=\"Entdecken Sie die Ventisit Bodenmatte f\u00fcr WorkCycles KR8 Bakfiets Optimaler Komfort und Schutz nach Ma\u00df! Kaufen Sie jetzt bei Clarijs.\" \/>\n<meta name=\"robots\" content=\"index, follow, max-snippet:-1, max-image-preview:large, max-video-preview:-1\" \/>\n<link rel=\"canonical\" href=\"http:\/\/clarijs-fietstassen.nl\/produkt\/ventisit-vloermat-workcycles-kr8-69x45-38-cm\/\" \/>\n<meta property=\"og:locale\" content=\"de_DE\" \/>\n<meta property=\"og:type\" content=\"article\" \/>\n<meta property=\"og:title\" content=\"Ventisit Bodenmatte Workcycles Kr8 69x45\/38 cm\" \/>\n<meta property=\"og:description\" content=\"Entdecken Sie die Ventisit Bodenmatte f\u00fcr WorkCycles KR8 Bakfiets Optimaler Komfort und Schutz nach Ma\u00df! Kaufen Sie jetzt bei Clarijs.\" \/>\n<meta property=\"og:url\" content=\"http:\/\/clarijs-fietstassen.nl\/produkt\/ventisit-vloermat-workcycles-kr8-69x45-38-cm\/\" \/>\n<meta property=\"og:site_name\" content=\"Clarijs Fietstassen\" \/>\n<meta property=\"article:publisher\" content=\"https:\/\/www.facebook.com\/clarijs1948\/\" \/>\n<meta property=\"article:modified_time\" content=\"2025-02-17T12:17:31+00:00\" \/>\n<meta property=\"og:image\" content=\"https:\/\/clarijs-fietstassen.nl\/wp-content\/uploads\/2023\/07\/vloermat2-1.png\" \/>\n\t<meta property=\"og:image:width\" content=\"1000\" \/>\n\t<meta property=\"og:image:height\" content=\"1000\" \/>\n\t<meta property=\"og:image:type\" content=\"image\/png\" \/>\n<meta name=\"twitter:card\" content=\"summary_large_image\" \/>\n<meta name=\"twitter:label1\" content=\"Preis\" \/>\n\t<meta name=\"twitter:data1\" content=\"&euro;39.00\" \/>\n\t<meta name=\"twitter:label2\" content=\"Verf\u00fcgbarkeit\" \/>\n\t<meta name=\"twitter:data2\" content=\"Auf Lager\" \/>\n<script type=\"application\/ld+json\" class=\"yoast-schema-graph\">{\"@context\":\"https:\\\/\\\/schema.org\",\"@graph\":[{\"@type\":\"WebPage\",\"@id\":\"http:\\\/\\\/clarijs-fietstassen.nl\\\/produkt\\\/ventisit-vloermat-workcycles-kr8-69x45-38-cm\\\/\",\"url\":\"http:\\\/\\\/clarijs-fietstassen.nl\\\/produkt\\\/ventisit-vloermat-workcycles-kr8-69x45-38-cm\\\/\",\"name\":\"Ventisit Bodenmatte Workcycles Kr8 69x45\\\/38 cm - Clarijs Fietstassen\",\"isPartOf\":{\"@id\":\"https:\\\/\\\/clarijs-fietstassen.nl\\\/de\\\/#website\"},\"primaryImageOfPage\":{\"@id\":\"http:\\\/\\\/clarijs-fietstassen.nl\\\/produkt\\\/ventisit-vloermat-workcycles-kr8-69x45-38-cm\\\/#primaryimage\"},\"image\":{\"@id\":\"http:\\\/\\\/clarijs-fietstassen.nl\\\/produkt\\\/ventisit-vloermat-workcycles-kr8-69x45-38-cm\\\/#primaryimage\"},\"thumbnailUrl\":\"https:\\\/\\\/clarijs-fietstassen.nl\\\/wp-content\\\/uploads\\\/2023\\\/07\\\/vloermat2-1.png\",\"datePublished\":\"2023-07-03T12:41:03+00:00\",\"dateModified\":\"2025-02-17T12:17:31+00:00\",\"description\":\"Entdecken Sie die Ventisit Bodenmatte f\u00fcr WorkCycles KR8 Bakfiets Optimaler Komfort und Schutz nach Ma\u00df! Kaufen Sie jetzt bei Clarijs.\",\"breadcrumb\":{\"@id\":\"http:\\\/\\\/clarijs-fietstassen.nl\\\/produkt\\\/ventisit-vloermat-workcycles-kr8-69x45-38-cm\\\/#breadcrumb\"},\"inLanguage\":\"de\",\"potentialAction\":[{\"@type\":\"ReadAction\",\"target\":[\"http:\\\/\\\/clarijs-fietstassen.nl\\\/produkt\\\/ventisit-vloermat-workcycles-kr8-69x45-38-cm\\\/\"]}]},{\"@type\":\"ImageObject\",\"inLanguage\":\"de\",\"@id\":\"http:\\\/\\\/clarijs-fietstassen.nl\\\/produkt\\\/ventisit-vloermat-workcycles-kr8-69x45-38-cm\\\/#primaryimage\",\"url\":\"https:\\\/\\\/clarijs-fietstassen.nl\\\/wp-content\\\/uploads\\\/2023\\\/07\\\/vloermat2-1.png\",\"contentUrl\":\"https:\\\/\\\/clarijs-fietstassen.nl\\\/wp-content\\\/uploads\\\/2023\\\/07\\\/vloermat2-1.png\",\"width\":1000,\"height\":1000,\"caption\":\"Fu\u00dfmatte\"},{\"@type\":\"BreadcrumbList\",\"@id\":\"http:\\\/\\\/clarijs-fietstassen.nl\\\/produkt\\\/ventisit-vloermat-workcycles-kr8-69x45-38-cm\\\/#breadcrumb\",\"itemListElement\":[{\"@type\":\"ListItem\",\"position\":1,\"name\":\"Home\",\"item\":\"https:\\\/\\\/clarijs-fietstassen.nl\\\/de\\\/\"},{\"@type\":\"ListItem\",\"position\":2,\"name\":\"Shop\",\"item\":\"https:\\\/\\\/clarijs-fietstassen.nl\\\/de\\\/shop\\\/\"},{\"@type\":\"ListItem\",\"position\":3,\"name\":\"Bakfiets Accessoires\",\"item\":\"https:\\\/\\\/clarijs-fietstassen.nl\\\/bakfiets-accessoires\\\/\"},{\"@type\":\"ListItem\",\"position\":4,\"name\":\"Ventisit Bodenmatte Workcycles Kr8 69&#215;45\\\/38 cm\"}]},{\"@type\":\"WebSite\",\"@id\":\"https:\\\/\\\/clarijs-fietstassen.nl\\\/de\\\/#website\",\"url\":\"https:\\\/\\\/clarijs-fietstassen.nl\\\/de\\\/\",\"name\":\"Clarijs Fietstassen\",\"description\":\"Kwaliteit &amp; ambacht sinds 1948\",\"publisher\":{\"@id\":\"https:\\\/\\\/clarijs-fietstassen.nl\\\/de\\\/#organization\"},\"potentialAction\":[{\"@type\":\"SearchAction\",\"target\":{\"@type\":\"EntryPoint\",\"urlTemplate\":\"https:\\\/\\\/clarijs-fietstassen.nl\\\/de\\\/?s={search_term_string}\"},\"query-input\":{\"@type\":\"PropertyValueSpecification\",\"valueRequired\":true,\"valueName\":\"search_term_string\"}}],\"inLanguage\":\"de\"},{\"@type\":\"Organization\",\"@id\":\"https:\\\/\\\/clarijs-fietstassen.nl\\\/de\\\/#organization\",\"name\":\"Clarijs Fietstassen\",\"url\":\"https:\\\/\\\/clarijs-fietstassen.nl\\\/de\\\/\",\"logo\":{\"@type\":\"ImageObject\",\"inLanguage\":\"de\",\"@id\":\"https:\\\/\\\/clarijs-fietstassen.nl\\\/de\\\/#\\\/schema\\\/logo\\\/image\\\/\",\"url\":\"https:\\\/\\\/clarijs-fietstassen.nl\\\/wp-content\\\/uploads\\\/2024\\\/01\\\/clarijs-logo-met-rand.jpg\",\"contentUrl\":\"https:\\\/\\\/clarijs-fietstassen.nl\\\/wp-content\\\/uploads\\\/2024\\\/01\\\/clarijs-logo-met-rand.jpg\",\"width\":560,\"height\":266,\"caption\":\"Clarijs Fietstassen\"},\"image\":{\"@id\":\"https:\\\/\\\/clarijs-fietstassen.nl\\\/de\\\/#\\\/schema\\\/logo\\\/image\\\/\"},\"sameAs\":[\"https:\\\/\\\/www.facebook.com\\\/clarijs1948\\\/\",\"https:\\\/\\\/www.instagram.com\\\/clarijscovers\\\/\"]}]}<\/script>\n<meta property=\"product:price:amount\" content=\"39.00\" \/>\n<meta property=\"product:price:currency\" content=\"EUR\" \/>\n<meta property=\"og:availability\" content=\"instock\" \/>\n<meta property=\"product:availability\" content=\"instock\" \/>\n<meta property=\"product:retailer_item_id\" content=\"4055\" \/>\n<meta property=\"product:condition\" content=\"new\" \/>\n<!-- \/ Yoast SEO Premium plugin. -->","yoast_head_json":{"title":"Ventisit Bodenmatte Workcycles Kr8 69x45\/38 cm - Clarijs Fietstassen","description":"Entdecken Sie die Ventisit Bodenmatte f\u00fcr WorkCycles KR8 Bakfiets Optimaler Komfort und Schutz nach Ma\u00df! Kaufen Sie jetzt bei Clarijs.","robots":{"index":"index","follow":"follow","max-snippet":"max-snippet:-1","max-image-preview":"max-image-preview:large","max-video-preview":"max-video-preview:-1"},"canonical":"http:\/\/clarijs-fietstassen.nl\/produkt\/ventisit-vloermat-workcycles-kr8-69x45-38-cm\/","og_locale":"de_DE","og_type":"article","og_title":"Ventisit Bodenmatte Workcycles Kr8 69x45\/38 cm","og_description":"Entdecken Sie die Ventisit Bodenmatte f\u00fcr WorkCycles KR8 Bakfiets Optimaler Komfort und Schutz nach Ma\u00df! Kaufen Sie jetzt bei Clarijs.","og_url":"http:\/\/clarijs-fietstassen.nl\/produkt\/ventisit-vloermat-workcycles-kr8-69x45-38-cm\/","og_site_name":"Clarijs Fietstassen","article_publisher":"https:\/\/www.facebook.com\/clarijs1948\/","article_modified_time":"2025-02-17T12:17:31+00:00","og_image":[{"width":1000,"height":1000,"url":"https:\/\/clarijs-fietstassen.nl\/wp-content\/uploads\/2023\/07\/vloermat2-1.png","type":"image\/png"}],"twitter_card":"summary_large_image","twitter_misc":{"Preis":"&euro;39.00","Verf\u00fcgbarkeit":"Auf Lager"},"schema":{"@context":"https:\/\/schema.org","@graph":[{"@type":"WebPage","@id":"http:\/\/clarijs-fietstassen.nl\/produkt\/ventisit-vloermat-workcycles-kr8-69x45-38-cm\/","url":"http:\/\/clarijs-fietstassen.nl\/produkt\/ventisit-vloermat-workcycles-kr8-69x45-38-cm\/","name":"Ventisit Bodenmatte Workcycles Kr8 69x45\/38 cm - Clarijs Fietstassen","isPartOf":{"@id":"https:\/\/clarijs-fietstassen.nl\/de\/#website"},"primaryImageOfPage":{"@id":"http:\/\/clarijs-fietstassen.nl\/produkt\/ventisit-vloermat-workcycles-kr8-69x45-38-cm\/#primaryimage"},"image":{"@id":"http:\/\/clarijs-fietstassen.nl\/produkt\/ventisit-vloermat-workcycles-kr8-69x45-38-cm\/#primaryimage"},"thumbnailUrl":"https:\/\/clarijs-fietstassen.nl\/wp-content\/uploads\/2023\/07\/vloermat2-1.png","datePublished":"2023-07-03T12:41:03+00:00","dateModified":"2025-02-17T12:17:31+00:00","description":"Entdecken Sie die Ventisit Bodenmatte f\u00fcr WorkCycles KR8 Bakfiets Optimaler Komfort und Schutz nach Ma\u00df! Kaufen Sie jetzt bei Clarijs.","breadcrumb":{"@id":"http:\/\/clarijs-fietstassen.nl\/produkt\/ventisit-vloermat-workcycles-kr8-69x45-38-cm\/#breadcrumb"},"inLanguage":"de","potentialAction":[{"@type":"ReadAction","target":["http:\/\/clarijs-fietstassen.nl\/produkt\/ventisit-vloermat-workcycles-kr8-69x45-38-cm\/"]}]},{"@type":"ImageObject","inLanguage":"de","@id":"http:\/\/clarijs-fietstassen.nl\/produkt\/ventisit-vloermat-workcycles-kr8-69x45-38-cm\/#primaryimage","url":"https:\/\/clarijs-fietstassen.nl\/wp-content\/uploads\/2023\/07\/vloermat2-1.png","contentUrl":"https:\/\/clarijs-fietstassen.nl\/wp-content\/uploads\/2023\/07\/vloermat2-1.png","width":1000,"height":1000,"caption":"Fu\u00dfmatte"},{"@type":"BreadcrumbList","@id":"http:\/\/clarijs-fietstassen.nl\/produkt\/ventisit-vloermat-workcycles-kr8-69x45-38-cm\/#breadcrumb","itemListElement":[{"@type":"ListItem","position":1,"name":"Home","item":"https:\/\/clarijs-fietstassen.nl\/de\/"},{"@type":"ListItem","position":2,"name":"Shop","item":"https:\/\/clarijs-fietstassen.nl\/de\/shop\/"},{"@type":"ListItem","position":3,"name":"Bakfiets Accessoires","item":"https:\/\/clarijs-fietstassen.nl\/bakfiets-accessoires\/"},{"@type":"ListItem","position":4,"name":"Ventisit Bodenmatte Workcycles Kr8 69&#215;45\/38 cm"}]},{"@type":"WebSite","@id":"https:\/\/clarijs-fietstassen.nl\/de\/#website","url":"https:\/\/clarijs-fietstassen.nl\/de\/","name":"Clarijs Fietstassen","description":"Kwaliteit &amp; ambacht sinds 1948","publisher":{"@id":"https:\/\/clarijs-fietstassen.nl\/de\/#organization"},"potentialAction":[{"@type":"SearchAction","target":{"@type":"EntryPoint","urlTemplate":"https:\/\/clarijs-fietstassen.nl\/de\/?s={search_term_string}"},"query-input":{"@type":"PropertyValueSpecification","valueRequired":true,"valueName":"search_term_string"}}],"inLanguage":"de"},{"@type":"Organization","@id":"https:\/\/clarijs-fietstassen.nl\/de\/#organization","name":"Clarijs Fietstassen","url":"https:\/\/clarijs-fietstassen.nl\/de\/","logo":{"@type":"ImageObject","inLanguage":"de","@id":"https:\/\/clarijs-fietstassen.nl\/de\/#\/schema\/logo\/image\/","url":"https:\/\/clarijs-fietstassen.nl\/wp-content\/uploads\/2024\/01\/clarijs-logo-met-rand.jpg","contentUrl":"https:\/\/clarijs-fietstassen.nl\/wp-content\/uploads\/2024\/01\/clarijs-logo-met-rand.jpg","width":560,"height":266,"caption":"Clarijs Fietstassen"},"image":{"@id":"https:\/\/clarijs-fietstassen.nl\/de\/#\/schema\/logo\/image\/"},"sameAs":["https:\/\/www.facebook.com\/clarijs1948\/","https:\/\/www.instagram.com\/clarijscovers\/"]}]},"product_price_amount":"39.00","product_price_currency":"EUR","og_availability":"instock","product_availability":"instock","product_retailer_item_id":"4055","product_condition":"new"},"_links":{"self":[{"href":"https:\/\/clarijs-fietstassen.nl\/de\/wp-json\/wp\/v2\/product\/48992","targetHints":{"allow":["GET"]}}],"collection":[{"href":"https:\/\/clarijs-fietstassen.nl\/de\/wp-json\/wp\/v2\/product"}],"about":[{"href":"https:\/\/clarijs-fietstassen.nl\/de\/wp-json\/wp\/v2\/types\/product"}],"replies":[{"embeddable":true,"href":"https:\/\/clarijs-fietstassen.nl\/de\/wp-json\/wp\/v2\/comments?post=48992"}],"wp:featuredmedia":[{"embeddable":true,"href":"https:\/\/clarijs-fietstassen.nl\/de\/wp-json\/wp\/v2\/media\/48995"}],"wp:attachment":[{"href":"https:\/\/clarijs-fietstassen.nl\/de\/wp-json\/wp\/v2\/media?parent=48992"}],"wp:term":[{"taxonomy":"product_brand","embeddable":true,"href":"https:\/\/clarijs-fietstassen.nl\/de\/wp-json\/wp\/v2\/product_brand?post=48992"},{"taxonomy":"product_cat","embeddable":true,"href":"https:\/\/clarijs-fietstassen.nl\/de\/wp-json\/wp\/v2\/product_cat?post=48992"},{"taxonomy":"product_tag","embeddable":true,"href":"https:\/\/clarijs-fietstassen.nl\/de\/wp-json\/wp\/v2\/product_tag?post=48992"}],"curies":[{"name":"wp","href":"https:\/\/api.w.org\/{rel}","templated":true}]}}