{"id":48997,"date":"2023-07-03T14:41:30","date_gmt":"2023-07-03T12:41:30","guid":{"rendered":"https:\/\/clarijs-fietstassen.nl\/ventisit-bodenmatte-cargo-trike-86x65cm\/"},"modified":"2025-02-17T13:17:31","modified_gmt":"2025-02-17T12:17:31","slug":"ventisit-bodenmatte-cargo-trike-86x65cm","status":"publish","type":"product","link":"https:\/\/clarijs-fietstassen.nl\/de\/produkt\/ventisit-bodenmatte-cargo-trike-86x65cm\/","title":{"rendered":"Ventisit Bodenmatte Cargo Trike 86x65cm"},"content":{"rendered":"<p><span style=\"font-weight: 400;\">Entdecken Sie die Ventisit Bodenmatte f\u00fcr Cargo Trike &#8211; Ultimativer Komfort und Schutz f\u00fcr Ihr Trike-Lastenfahrrad!<\/span><\/p>\n<p><span style=\"font-weight: 400;\">Machen Sie Ihr Cargo Trike Lastenrad noch komfortabler und gesch\u00fctzter mit unserer speziellen Ventisit Bodenmatte! Mit einer perfekten Passform von 86&#215;65 cm bietet diese Bodenmatte ultimativen Komfort und hervorragenden Schutz f\u00fcr Sie, Ihre Passagiere und Ihre wertvolle Fracht. <\/span><\/p>\n<p><span style=\"font-weight: 400;\">R\u00fcsten Sie Ihr Cargo Trike Lastenfahrrad mit der Ventisit Bodenmatte auf und erleben Sie den ultimativen Komfort und Schutz, den Sie verdienen. Legen Sie diese hochwertige Bodenmatte jetzt \u00fcber unsere Website unter folgendem Link in Ihren Warenkorb: [link naar de website], und genie\u00dfen Sie eine neue Dimension von Fahrspa\u00df und Komfort bei all Ihren Cargo Trike Abenteuern! <\/span><\/p>\n<p>&nbsp;<\/p>\n","protected":false},"excerpt":{"rendered":"<p>Entdecken Sie die Ventisit Bodenmatte f\u00fcr Cargo Trike &#8211; Ultimativer Komfort und Schutz f\u00fcr Ihr Trike-Lastenfahrrad! Machen Sie Ihr Cargo Trike Lastenrad noch komfortabler und gesch\u00fctzter mit unserer speziellen Ventisit Bodenmatte! Mit einer perfekten Passform von 86&#215;65 cm bietet diese Bodenmatte ultimativen Komfort und hervorragenden Schutz f\u00fcr Sie, Ihre Passagiere und Ihre wertvolle Fracht. R\u00fcsten [&hellip;]<\/p>\n","protected":false},"featured_media":48999,"comment_status":"closed","ping_status":"closed","template":"","meta":{"_acf_changed":false,"_et_pb_use_builder":"","_et_pb_old_content":"","_et_gb_content_width":""},"product_brand":[],"product_cat":[686,691,688,684],"product_tag":[],"class_list":{"0":"post-48997","1":"product","2":"type-product","3":"status-publish","4":"has-post-thumbnail","6":"product_cat-bakfiets-de","7":"product_cat-lastenrad-fusmatten","8":"product_cat-lastenrad-zubehor","9":"product_cat-zubehor","11":"first","12":"instock","13":"taxable","14":"shipping-taxable","15":"purchasable","16":"product-type-simple"},"acf":[],"yoast_head":"<!-- This site is optimized with the Yoast SEO Premium plugin v27.2 (Yoast SEO v27.3) - https:\/\/yoast.com\/product\/yoast-seo-premium-wordpress\/ -->\n<title>Ventisit Bodenmatte Cargo Trike 86x65cm - Clarijs Fietstassen<\/title>\n<meta name=\"description\" content=\"Machen Sie Ihr Cargo Trike Lastenfahrrad noch komfortabler und gesch\u00fctzter mit unserer speziellen Ventisit Bodenmatte! Mit einer perfekten Passform von 86x65 cm\" \/>\n<meta name=\"robots\" content=\"index, follow, max-snippet:-1, max-image-preview:large, max-video-preview:-1\" \/>\n<link rel=\"canonical\" href=\"http:\/\/clarijs-fietstassen.nl\/produkt\/ventisit-vloermat-cargo-trike-86x65cm\/\" \/>\n<meta property=\"og:locale\" content=\"de_DE\" \/>\n<meta property=\"og:type\" content=\"article\" \/>\n<meta property=\"og:title\" content=\"Ventisit Bodenmatte Cargo Trike 86x65cm\" \/>\n<meta property=\"og:description\" content=\"Machen Sie Ihr Cargo Trike Lastenfahrrad noch komfortabler und gesch\u00fctzter mit unserer speziellen Ventisit Bodenmatte! Mit einer perfekten Passform von 86x65 cm\" \/>\n<meta property=\"og:url\" content=\"http:\/\/clarijs-fietstassen.nl\/produkt\/ventisit-vloermat-cargo-trike-86x65cm\/\" \/>\n<meta property=\"og:site_name\" content=\"Clarijs Fietstassen\" \/>\n<meta property=\"article:publisher\" content=\"https:\/\/www.facebook.com\/clarijs1948\/\" \/>\n<meta property=\"article:modified_time\" content=\"2025-02-17T12:17:31+00:00\" \/>\n<meta property=\"og:image\" content=\"https:\/\/clarijs-fietstassen.nl\/wp-content\/uploads\/2023\/07\/vloermat5-1.png\" \/>\n\t<meta property=\"og:image:width\" content=\"1000\" \/>\n\t<meta property=\"og:image:height\" content=\"992\" \/>\n\t<meta property=\"og:image:type\" content=\"image\/png\" \/>\n<meta name=\"twitter:card\" content=\"summary_large_image\" \/>\n<meta name=\"twitter:label1\" content=\"Preis\" \/>\n\t<meta name=\"twitter:data1\" content=\"&euro;59.00\" \/>\n\t<meta name=\"twitter:label2\" content=\"Verf\u00fcgbarkeit\" \/>\n\t<meta name=\"twitter:data2\" content=\"Auf Lager\" \/>\n<script type=\"application\/ld+json\" class=\"yoast-schema-graph\">{\"@context\":\"https:\\\/\\\/schema.org\",\"@graph\":[{\"@type\":\"WebPage\",\"@id\":\"http:\\\/\\\/clarijs-fietstassen.nl\\\/produkt\\\/ventisit-vloermat-cargo-trike-86x65cm\\\/\",\"url\":\"http:\\\/\\\/clarijs-fietstassen.nl\\\/produkt\\\/ventisit-vloermat-cargo-trike-86x65cm\\\/\",\"name\":\"Ventisit Bodenmatte Cargo Trike 86x65cm - Clarijs Fietstassen\",\"isPartOf\":{\"@id\":\"https:\\\/\\\/clarijs-fietstassen.nl\\\/de\\\/#website\"},\"primaryImageOfPage\":{\"@id\":\"http:\\\/\\\/clarijs-fietstassen.nl\\\/produkt\\\/ventisit-vloermat-cargo-trike-86x65cm\\\/#primaryimage\"},\"image\":{\"@id\":\"http:\\\/\\\/clarijs-fietstassen.nl\\\/produkt\\\/ventisit-vloermat-cargo-trike-86x65cm\\\/#primaryimage\"},\"thumbnailUrl\":\"https:\\\/\\\/clarijs-fietstassen.nl\\\/wp-content\\\/uploads\\\/2023\\\/07\\\/vloermat5-1.png\",\"datePublished\":\"2023-07-03T12:41:30+00:00\",\"dateModified\":\"2025-02-17T12:17:31+00:00\",\"description\":\"Machen Sie Ihr Cargo Trike Lastenfahrrad noch komfortabler und gesch\u00fctzter mit unserer speziellen Ventisit Bodenmatte! Mit einer perfekten Passform von 86x65 cm\",\"breadcrumb\":{\"@id\":\"http:\\\/\\\/clarijs-fietstassen.nl\\\/produkt\\\/ventisit-vloermat-cargo-trike-86x65cm\\\/#breadcrumb\"},\"inLanguage\":\"de\",\"potentialAction\":[{\"@type\":\"ReadAction\",\"target\":[\"http:\\\/\\\/clarijs-fietstassen.nl\\\/produkt\\\/ventisit-vloermat-cargo-trike-86x65cm\\\/\"]}]},{\"@type\":\"ImageObject\",\"inLanguage\":\"de\",\"@id\":\"http:\\\/\\\/clarijs-fietstassen.nl\\\/produkt\\\/ventisit-vloermat-cargo-trike-86x65cm\\\/#primaryimage\",\"url\":\"https:\\\/\\\/clarijs-fietstassen.nl\\\/wp-content\\\/uploads\\\/2023\\\/07\\\/vloermat5-1.png\",\"contentUrl\":\"https:\\\/\\\/clarijs-fietstassen.nl\\\/wp-content\\\/uploads\\\/2023\\\/07\\\/vloermat5-1.png\",\"width\":1000,\"height\":992,\"caption\":\"Fu\u00dfmatte\"},{\"@type\":\"BreadcrumbList\",\"@id\":\"http:\\\/\\\/clarijs-fietstassen.nl\\\/produkt\\\/ventisit-vloermat-cargo-trike-86x65cm\\\/#breadcrumb\",\"itemListElement\":[{\"@type\":\"ListItem\",\"position\":1,\"name\":\"Home\",\"item\":\"https:\\\/\\\/clarijs-fietstassen.nl\\\/de\\\/\"},{\"@type\":\"ListItem\",\"position\":2,\"name\":\"Shop\",\"item\":\"https:\\\/\\\/clarijs-fietstassen.nl\\\/de\\\/shop\\\/\"},{\"@type\":\"ListItem\",\"position\":3,\"name\":\"Bakfiets Accessoires\",\"item\":\"https:\\\/\\\/clarijs-fietstassen.nl\\\/bakfiets-accessoires\\\/\"},{\"@type\":\"ListItem\",\"position\":4,\"name\":\"Ventisit Bodenmatte Cargo Trike 86x65cm\"}]},{\"@type\":\"WebSite\",\"@id\":\"https:\\\/\\\/clarijs-fietstassen.nl\\\/de\\\/#website\",\"url\":\"https:\\\/\\\/clarijs-fietstassen.nl\\\/de\\\/\",\"name\":\"Clarijs Fietstassen\",\"description\":\"Kwaliteit &amp; ambacht sinds 1948\",\"publisher\":{\"@id\":\"https:\\\/\\\/clarijs-fietstassen.nl\\\/de\\\/#organization\"},\"potentialAction\":[{\"@type\":\"SearchAction\",\"target\":{\"@type\":\"EntryPoint\",\"urlTemplate\":\"https:\\\/\\\/clarijs-fietstassen.nl\\\/de\\\/?s={search_term_string}\"},\"query-input\":{\"@type\":\"PropertyValueSpecification\",\"valueRequired\":true,\"valueName\":\"search_term_string\"}}],\"inLanguage\":\"de\"},{\"@type\":\"Organization\",\"@id\":\"https:\\\/\\\/clarijs-fietstassen.nl\\\/de\\\/#organization\",\"name\":\"Clarijs Fietstassen\",\"url\":\"https:\\\/\\\/clarijs-fietstassen.nl\\\/de\\\/\",\"logo\":{\"@type\":\"ImageObject\",\"inLanguage\":\"de\",\"@id\":\"https:\\\/\\\/clarijs-fietstassen.nl\\\/de\\\/#\\\/schema\\\/logo\\\/image\\\/\",\"url\":\"https:\\\/\\\/clarijs-fietstassen.nl\\\/wp-content\\\/uploads\\\/2024\\\/01\\\/clarijs-logo-met-rand.jpg\",\"contentUrl\":\"https:\\\/\\\/clarijs-fietstassen.nl\\\/wp-content\\\/uploads\\\/2024\\\/01\\\/clarijs-logo-met-rand.jpg\",\"width\":560,\"height\":266,\"caption\":\"Clarijs Fietstassen\"},\"image\":{\"@id\":\"https:\\\/\\\/clarijs-fietstassen.nl\\\/de\\\/#\\\/schema\\\/logo\\\/image\\\/\"},\"sameAs\":[\"https:\\\/\\\/www.facebook.com\\\/clarijs1948\\\/\",\"https:\\\/\\\/www.instagram.com\\\/clarijscovers\\\/\"]}]}<\/script>\n<meta property=\"product:price:amount\" content=\"59.00\" \/>\n<meta property=\"product:price:currency\" content=\"EUR\" \/>\n<meta property=\"og:availability\" content=\"instock\" \/>\n<meta property=\"product:availability\" content=\"instock\" \/>\n<meta property=\"product:retailer_item_id\" content=\"4059\" \/>\n<meta property=\"product:condition\" content=\"new\" \/>\n<!-- \/ Yoast SEO Premium plugin. -->","yoast_head_json":{"title":"Ventisit Bodenmatte Cargo Trike 86x65cm - Clarijs Fietstassen","description":"Machen Sie Ihr Cargo Trike Lastenfahrrad noch komfortabler und gesch\u00fctzter mit unserer speziellen Ventisit Bodenmatte! Mit einer perfekten Passform von 86x65 cm","robots":{"index":"index","follow":"follow","max-snippet":"max-snippet:-1","max-image-preview":"max-image-preview:large","max-video-preview":"max-video-preview:-1"},"canonical":"http:\/\/clarijs-fietstassen.nl\/produkt\/ventisit-vloermat-cargo-trike-86x65cm\/","og_locale":"de_DE","og_type":"article","og_title":"Ventisit Bodenmatte Cargo Trike 86x65cm","og_description":"Machen Sie Ihr Cargo Trike Lastenfahrrad noch komfortabler und gesch\u00fctzter mit unserer speziellen Ventisit Bodenmatte! Mit einer perfekten Passform von 86x65 cm","og_url":"http:\/\/clarijs-fietstassen.nl\/produkt\/ventisit-vloermat-cargo-trike-86x65cm\/","og_site_name":"Clarijs Fietstassen","article_publisher":"https:\/\/www.facebook.com\/clarijs1948\/","article_modified_time":"2025-02-17T12:17:31+00:00","og_image":[{"width":1000,"height":992,"url":"https:\/\/clarijs-fietstassen.nl\/wp-content\/uploads\/2023\/07\/vloermat5-1.png","type":"image\/png"}],"twitter_card":"summary_large_image","twitter_misc":{"Preis":"&euro;59.00","Verf\u00fcgbarkeit":"Auf Lager"},"schema":{"@context":"https:\/\/schema.org","@graph":[{"@type":"WebPage","@id":"http:\/\/clarijs-fietstassen.nl\/produkt\/ventisit-vloermat-cargo-trike-86x65cm\/","url":"http:\/\/clarijs-fietstassen.nl\/produkt\/ventisit-vloermat-cargo-trike-86x65cm\/","name":"Ventisit Bodenmatte Cargo Trike 86x65cm - Clarijs Fietstassen","isPartOf":{"@id":"https:\/\/clarijs-fietstassen.nl\/de\/#website"},"primaryImageOfPage":{"@id":"http:\/\/clarijs-fietstassen.nl\/produkt\/ventisit-vloermat-cargo-trike-86x65cm\/#primaryimage"},"image":{"@id":"http:\/\/clarijs-fietstassen.nl\/produkt\/ventisit-vloermat-cargo-trike-86x65cm\/#primaryimage"},"thumbnailUrl":"https:\/\/clarijs-fietstassen.nl\/wp-content\/uploads\/2023\/07\/vloermat5-1.png","datePublished":"2023-07-03T12:41:30+00:00","dateModified":"2025-02-17T12:17:31+00:00","description":"Machen Sie Ihr Cargo Trike Lastenfahrrad noch komfortabler und gesch\u00fctzter mit unserer speziellen Ventisit Bodenmatte! Mit einer perfekten Passform von 86x65 cm","breadcrumb":{"@id":"http:\/\/clarijs-fietstassen.nl\/produkt\/ventisit-vloermat-cargo-trike-86x65cm\/#breadcrumb"},"inLanguage":"de","potentialAction":[{"@type":"ReadAction","target":["http:\/\/clarijs-fietstassen.nl\/produkt\/ventisit-vloermat-cargo-trike-86x65cm\/"]}]},{"@type":"ImageObject","inLanguage":"de","@id":"http:\/\/clarijs-fietstassen.nl\/produkt\/ventisit-vloermat-cargo-trike-86x65cm\/#primaryimage","url":"https:\/\/clarijs-fietstassen.nl\/wp-content\/uploads\/2023\/07\/vloermat5-1.png","contentUrl":"https:\/\/clarijs-fietstassen.nl\/wp-content\/uploads\/2023\/07\/vloermat5-1.png","width":1000,"height":992,"caption":"Fu\u00dfmatte"},{"@type":"BreadcrumbList","@id":"http:\/\/clarijs-fietstassen.nl\/produkt\/ventisit-vloermat-cargo-trike-86x65cm\/#breadcrumb","itemListElement":[{"@type":"ListItem","position":1,"name":"Home","item":"https:\/\/clarijs-fietstassen.nl\/de\/"},{"@type":"ListItem","position":2,"name":"Shop","item":"https:\/\/clarijs-fietstassen.nl\/de\/shop\/"},{"@type":"ListItem","position":3,"name":"Bakfiets Accessoires","item":"https:\/\/clarijs-fietstassen.nl\/bakfiets-accessoires\/"},{"@type":"ListItem","position":4,"name":"Ventisit Bodenmatte Cargo Trike 86x65cm"}]},{"@type":"WebSite","@id":"https:\/\/clarijs-fietstassen.nl\/de\/#website","url":"https:\/\/clarijs-fietstassen.nl\/de\/","name":"Clarijs Fietstassen","description":"Kwaliteit &amp; ambacht sinds 1948","publisher":{"@id":"https:\/\/clarijs-fietstassen.nl\/de\/#organization"},"potentialAction":[{"@type":"SearchAction","target":{"@type":"EntryPoint","urlTemplate":"https:\/\/clarijs-fietstassen.nl\/de\/?s={search_term_string}"},"query-input":{"@type":"PropertyValueSpecification","valueRequired":true,"valueName":"search_term_string"}}],"inLanguage":"de"},{"@type":"Organization","@id":"https:\/\/clarijs-fietstassen.nl\/de\/#organization","name":"Clarijs Fietstassen","url":"https:\/\/clarijs-fietstassen.nl\/de\/","logo":{"@type":"ImageObject","inLanguage":"de","@id":"https:\/\/clarijs-fietstassen.nl\/de\/#\/schema\/logo\/image\/","url":"https:\/\/clarijs-fietstassen.nl\/wp-content\/uploads\/2024\/01\/clarijs-logo-met-rand.jpg","contentUrl":"https:\/\/clarijs-fietstassen.nl\/wp-content\/uploads\/2024\/01\/clarijs-logo-met-rand.jpg","width":560,"height":266,"caption":"Clarijs Fietstassen"},"image":{"@id":"https:\/\/clarijs-fietstassen.nl\/de\/#\/schema\/logo\/image\/"},"sameAs":["https:\/\/www.facebook.com\/clarijs1948\/","https:\/\/www.instagram.com\/clarijscovers\/"]}]},"product_price_amount":"59.00","product_price_currency":"EUR","og_availability":"instock","product_availability":"instock","product_retailer_item_id":"4059","product_condition":"new"},"_links":{"self":[{"href":"https:\/\/clarijs-fietstassen.nl\/de\/wp-json\/wp\/v2\/product\/48997","targetHints":{"allow":["GET"]}}],"collection":[{"href":"https:\/\/clarijs-fietstassen.nl\/de\/wp-json\/wp\/v2\/product"}],"about":[{"href":"https:\/\/clarijs-fietstassen.nl\/de\/wp-json\/wp\/v2\/types\/product"}],"replies":[{"embeddable":true,"href":"https:\/\/clarijs-fietstassen.nl\/de\/wp-json\/wp\/v2\/comments?post=48997"}],"wp:featuredmedia":[{"embeddable":true,"href":"https:\/\/clarijs-fietstassen.nl\/de\/wp-json\/wp\/v2\/media\/48999"}],"wp:attachment":[{"href":"https:\/\/clarijs-fietstassen.nl\/de\/wp-json\/wp\/v2\/media?parent=48997"}],"wp:term":[{"taxonomy":"product_brand","embeddable":true,"href":"https:\/\/clarijs-fietstassen.nl\/de\/wp-json\/wp\/v2\/product_brand?post=48997"},{"taxonomy":"product_cat","embeddable":true,"href":"https:\/\/clarijs-fietstassen.nl\/de\/wp-json\/wp\/v2\/product_cat?post=48997"},{"taxonomy":"product_tag","embeddable":true,"href":"https:\/\/clarijs-fietstassen.nl\/de\/wp-json\/wp\/v2\/product_tag?post=48997"}],"curies":[{"name":"wp","href":"https:\/\/api.w.org\/{rel}","templated":true}]}}