{"id":48998,"date":"2023-07-03T14:24:54","date_gmt":"2023-07-03T13:24:54","guid":{"rendered":"https:\/\/clarijs-fietstassen.nl\/kistendeckel-35-x-43-cm-mit-ihrem-logo\/"},"modified":"2025-02-17T13:17:31","modified_gmt":"2025-02-17T12:17:31","slug":"kistendeckel-35-x-43-cm-mit-ihrem-logo","status":"publish","type":"product","link":"https:\/\/clarijs-fietstassen.nl\/de\/produkt\/kistendeckel-35-x-43-cm-mit-ihrem-logo\/","title":{"rendered":"Kistendeckel 35 x 43 cm mit Ihrem Logo"},"content":{"rendered":"<p><span style=\"font-weight: 400;\">Entdecken Sie die vielseitige Kistenkappe mit Ihrem eigenen Logo &#8211; die perfekte Art, f\u00fcr Ihre Marke zu werben und gleichzeitig Ihr Hab und Gut sicher zu transportieren!<\/span><\/p>\n<p><span style=\"font-weight: 400;\">Der Crate Hat ist eine einzigartige und kreative M\u00f6glichkeit, Ihr Logo auf Ihrem Fahrrad zu pr\u00e4sentieren. Mit einer Gr\u00f6\u00dfe von 35 x 43 cm bietet dieser Crate Hat gen\u00fcgend Platz, um Ihr Logo auff\u00e4llig und stilvoll zu pr\u00e4sentieren. <\/span><\/p>\n<p><span style=\"font-weight: 400;\">Langlebiges und hochwertiges Material:<\/span><\/p>\n<p><span style=\"font-weight: 400;\">Die Kistenkappe ist aus strapazierf\u00e4higem Material gefertigt, wodurch sie verschiedenen Wetterbedingungen und dem t\u00e4glichen Gebrauch standh\u00e4lt. Ihr Logo bleibt auch bei starker Beanspruchung immer gut sichtbar und unversehrt. <\/span><\/p>\n","protected":false},"excerpt":{"rendered":"<p>Entdecken Sie die vielseitige Kistenkappe mit Ihrem eigenen Logo &#8211; die perfekte Art, f\u00fcr Ihre Marke zu werben und gleichzeitig Ihr Hab und Gut sicher zu transportieren! Der Crate Hat ist eine einzigartige und kreative M\u00f6glichkeit, Ihr Logo auf Ihrem Fahrrad zu pr\u00e4sentieren. Mit einer Gr\u00f6\u00dfe von 35 x 43 cm bietet dieser Crate Hat [&hellip;]<\/p>\n","protected":false},"featured_media":49000,"comment_status":"closed","ping_status":"closed","template":"","meta":{"_acf_changed":false,"_et_pb_use_builder":"","_et_pb_old_content":"","_et_gb_content_width":""},"product_brand":[],"product_cat":[725,684],"product_tag":[],"class_list":{"0":"post-48998","1":"product","2":"type-product","3":"status-publish","4":"has-post-thumbnail","6":"product_cat-fahrradkisten","7":"product_cat-zubehor","8":"pa_kleur-apfelgrun","9":"pa_kleur-azurblau","10":"pa_kleur-bordeaux-rot","11":"pa_kleur-creme-de","12":"pa_kleur-dunkelblau","13":"pa_kleur-feuerwehr-rot","14":"pa_kleur-gelb","15":"pa_kleur-holland-orange-de","16":"pa_kleur-lila","17":"pa_kleur-matt-schwarz-de","18":"pa_kleur-rosa","19":"pa_kleur-schokoladen-braun","20":"pa_kleur-schwarz","21":"pa_kleur-silber-metallic","22":"pa_kleur-weis","23":"pa_materiaal-bisonyl-pvc-leinwand","24":"pa_merk-clarijs-covers-b-v-de","26":"first","27":"instock","28":"taxable","29":"shipping-taxable","30":"purchasable","31":"product-type-variable"},"acf":[],"yoast_head":"<!-- This site is optimized with the Yoast SEO Premium plugin v27.2 (Yoast SEO v27.3) - https:\/\/yoast.com\/product\/yoast-seo-premium-wordpress\/ -->\n<title>Kistendeckel 35 x 43 cm mit Ihrem Logo - Clarijs Fietstassen<\/title>\n<meta name=\"description\" content=\"Entdecken Sie die vielseitige Kistenkappe mit Ihrem eigenen Logo - die perfekte Art, f\u00fcr Ihre Marke zu werben und gleichzeitig Ihr Hab und Gut sicher zu transportieren!\" \/>\n<meta name=\"robots\" content=\"index, follow, max-snippet:-1, max-image-preview:large, max-video-preview:-1\" \/>\n<link rel=\"canonical\" href=\"https:\/\/clarijs-fietstassen.nl\/de\/produkt\/kistendeckel-35-x-43-cm-mit-ihrem-logo\/\" \/>\n<meta property=\"og:locale\" content=\"de_DE\" \/>\n<meta property=\"og:type\" content=\"article\" \/>\n<meta property=\"og:title\" content=\"Kistendeckel 35 x 43 cm mit Ihrem Logo\" \/>\n<meta property=\"og:description\" content=\"Entdecken Sie die vielseitige Kistenkappe mit Ihrem eigenen Logo - die perfekte Art, f\u00fcr Ihre Marke zu werben und gleichzeitig Ihr Hab und Gut sicher zu transportieren!\" \/>\n<meta property=\"og:url\" content=\"https:\/\/clarijs-fietstassen.nl\/de\/produkt\/kistendeckel-35-x-43-cm-mit-ihrem-logo\/\" \/>\n<meta property=\"og:site_name\" content=\"Clarijs Fietstassen\" \/>\n<meta property=\"article:publisher\" content=\"https:\/\/www.facebook.com\/clarijs1948\/\" \/>\n<meta property=\"article:modified_time\" content=\"2025-02-17T12:17:31+00:00\" \/>\n<meta property=\"og:image\" content=\"https:\/\/clarijs-fietstassen.nl\/wp-content\/uploads\/2023\/07\/0003727_kratmuts-35-x-43-met-uw-logo_1903x.jpeg\" \/>\n\t<meta property=\"og:image:width\" content=\"1275\" \/>\n\t<meta property=\"og:image:height\" content=\"956\" \/>\n\t<meta property=\"og:image:type\" content=\"image\/jpeg\" \/>\n<meta name=\"twitter:card\" content=\"summary_large_image\" \/>\n<meta name=\"twitter:label1\" content=\"Verf\u00fcgbarkeit\" \/>\n\t<meta name=\"twitter:data1\" content=\"Auf Lager\" \/>\n<script type=\"application\/ld+json\" class=\"yoast-schema-graph\">{\"@context\":\"https:\\\/\\\/schema.org\",\"@graph\":[{\"@type\":\"WebPage\",\"@id\":\"https:\\\/\\\/clarijs-fietstassen.nl\\\/de\\\/produkt\\\/kistendeckel-35-x-43-cm-mit-ihrem-logo\\\/\",\"url\":\"https:\\\/\\\/clarijs-fietstassen.nl\\\/de\\\/produkt\\\/kistendeckel-35-x-43-cm-mit-ihrem-logo\\\/\",\"name\":\"Kistendeckel 35 x 43 cm mit Ihrem Logo - Clarijs Fietstassen\",\"isPartOf\":{\"@id\":\"https:\\\/\\\/clarijs-fietstassen.nl\\\/de\\\/#website\"},\"primaryImageOfPage\":{\"@id\":\"https:\\\/\\\/clarijs-fietstassen.nl\\\/de\\\/produkt\\\/kistendeckel-35-x-43-cm-mit-ihrem-logo\\\/#primaryimage\"},\"image\":{\"@id\":\"https:\\\/\\\/clarijs-fietstassen.nl\\\/de\\\/produkt\\\/kistendeckel-35-x-43-cm-mit-ihrem-logo\\\/#primaryimage\"},\"thumbnailUrl\":\"https:\\\/\\\/clarijs-fietstassen.nl\\\/wp-content\\\/uploads\\\/2023\\\/07\\\/0003727_kratmuts-35-x-43-met-uw-logo_1903x.jpeg\",\"datePublished\":\"2023-07-03T13:24:54+00:00\",\"dateModified\":\"2025-02-17T12:17:31+00:00\",\"description\":\"Entdecken Sie die vielseitige Kistenkappe mit Ihrem eigenen Logo - die perfekte Art, f\u00fcr Ihre Marke zu werben und gleichzeitig Ihr Hab und Gut sicher zu transportieren!\",\"breadcrumb\":{\"@id\":\"https:\\\/\\\/clarijs-fietstassen.nl\\\/de\\\/produkt\\\/kistendeckel-35-x-43-cm-mit-ihrem-logo\\\/#breadcrumb\"},\"inLanguage\":\"de\",\"potentialAction\":[{\"@type\":\"ReadAction\",\"target\":[\"https:\\\/\\\/clarijs-fietstassen.nl\\\/de\\\/produkt\\\/kistendeckel-35-x-43-cm-mit-ihrem-logo\\\/\"]}]},{\"@type\":\"ImageObject\",\"inLanguage\":\"de\",\"@id\":\"https:\\\/\\\/clarijs-fietstassen.nl\\\/de\\\/produkt\\\/kistendeckel-35-x-43-cm-mit-ihrem-logo\\\/#primaryimage\",\"url\":\"https:\\\/\\\/clarijs-fietstassen.nl\\\/wp-content\\\/uploads\\\/2023\\\/07\\\/0003727_kratmuts-35-x-43-met-uw-logo_1903x.jpeg\",\"contentUrl\":\"https:\\\/\\\/clarijs-fietstassen.nl\\\/wp-content\\\/uploads\\\/2023\\\/07\\\/0003727_kratmuts-35-x-43-met-uw-logo_1903x.jpeg\",\"width\":1275,\"height\":956},{\"@type\":\"BreadcrumbList\",\"@id\":\"https:\\\/\\\/clarijs-fietstassen.nl\\\/de\\\/produkt\\\/kistendeckel-35-x-43-cm-mit-ihrem-logo\\\/#breadcrumb\",\"itemListElement\":[{\"@type\":\"ListItem\",\"position\":1,\"name\":\"Home\",\"item\":\"https:\\\/\\\/clarijs-fietstassen.nl\\\/de\\\/\"},{\"@type\":\"ListItem\",\"position\":2,\"name\":\"Shop\",\"item\":\"https:\\\/\\\/clarijs-fietstassen.nl\\\/de\\\/shop\\\/\"},{\"@type\":\"ListItem\",\"position\":3,\"name\":\"Accessoires\",\"item\":\"https:\\\/\\\/clarijs-fietstassen.nl\\\/accessoires\\\/\"},{\"@type\":\"ListItem\",\"position\":4,\"name\":\"Kistendeckel 35 x 43 cm mit Ihrem Logo\"}]},{\"@type\":\"WebSite\",\"@id\":\"https:\\\/\\\/clarijs-fietstassen.nl\\\/de\\\/#website\",\"url\":\"https:\\\/\\\/clarijs-fietstassen.nl\\\/de\\\/\",\"name\":\"Clarijs Fietstassen\",\"description\":\"Kwaliteit &amp; ambacht sinds 1948\",\"publisher\":{\"@id\":\"https:\\\/\\\/clarijs-fietstassen.nl\\\/de\\\/#organization\"},\"potentialAction\":[{\"@type\":\"SearchAction\",\"target\":{\"@type\":\"EntryPoint\",\"urlTemplate\":\"https:\\\/\\\/clarijs-fietstassen.nl\\\/de\\\/?s={search_term_string}\"},\"query-input\":{\"@type\":\"PropertyValueSpecification\",\"valueRequired\":true,\"valueName\":\"search_term_string\"}}],\"inLanguage\":\"de\"},{\"@type\":\"Organization\",\"@id\":\"https:\\\/\\\/clarijs-fietstassen.nl\\\/de\\\/#organization\",\"name\":\"Clarijs Fietstassen\",\"url\":\"https:\\\/\\\/clarijs-fietstassen.nl\\\/de\\\/\",\"logo\":{\"@type\":\"ImageObject\",\"inLanguage\":\"de\",\"@id\":\"https:\\\/\\\/clarijs-fietstassen.nl\\\/de\\\/#\\\/schema\\\/logo\\\/image\\\/\",\"url\":\"https:\\\/\\\/clarijs-fietstassen.nl\\\/wp-content\\\/uploads\\\/2024\\\/01\\\/clarijs-logo-met-rand.jpg\",\"contentUrl\":\"https:\\\/\\\/clarijs-fietstassen.nl\\\/wp-content\\\/uploads\\\/2024\\\/01\\\/clarijs-logo-met-rand.jpg\",\"width\":560,\"height\":266,\"caption\":\"Clarijs Fietstassen\"},\"image\":{\"@id\":\"https:\\\/\\\/clarijs-fietstassen.nl\\\/de\\\/#\\\/schema\\\/logo\\\/image\\\/\"},\"sameAs\":[\"https:\\\/\\\/www.facebook.com\\\/clarijs1948\\\/\",\"https:\\\/\\\/www.instagram.com\\\/clarijscovers\\\/\"]}]}<\/script>\n<meta property=\"og:availability\" content=\"instock\" \/>\n<meta property=\"product:availability\" content=\"instock\" \/>\n<meta property=\"product:retailer_item_id\" content=\"4005\" \/>\n<meta property=\"product:condition\" content=\"new\" \/>\n<!-- \/ Yoast SEO Premium plugin. -->","yoast_head_json":{"title":"Kistendeckel 35 x 43 cm mit Ihrem Logo - Clarijs Fietstassen","description":"Entdecken Sie die vielseitige Kistenkappe mit Ihrem eigenen Logo - die perfekte Art, f\u00fcr Ihre Marke zu werben und gleichzeitig Ihr Hab und Gut sicher zu transportieren!","robots":{"index":"index","follow":"follow","max-snippet":"max-snippet:-1","max-image-preview":"max-image-preview:large","max-video-preview":"max-video-preview:-1"},"canonical":"https:\/\/clarijs-fietstassen.nl\/de\/produkt\/kistendeckel-35-x-43-cm-mit-ihrem-logo\/","og_locale":"de_DE","og_type":"article","og_title":"Kistendeckel 35 x 43 cm mit Ihrem Logo","og_description":"Entdecken Sie die vielseitige Kistenkappe mit Ihrem eigenen Logo - die perfekte Art, f\u00fcr Ihre Marke zu werben und gleichzeitig Ihr Hab und Gut sicher zu transportieren!","og_url":"https:\/\/clarijs-fietstassen.nl\/de\/produkt\/kistendeckel-35-x-43-cm-mit-ihrem-logo\/","og_site_name":"Clarijs Fietstassen","article_publisher":"https:\/\/www.facebook.com\/clarijs1948\/","article_modified_time":"2025-02-17T12:17:31+00:00","og_image":[{"width":1275,"height":956,"url":"https:\/\/clarijs-fietstassen.nl\/wp-content\/uploads\/2023\/07\/0003727_kratmuts-35-x-43-met-uw-logo_1903x.jpeg","type":"image\/jpeg"}],"twitter_card":"summary_large_image","twitter_misc":{"Verf\u00fcgbarkeit":"Auf Lager"},"schema":{"@context":"https:\/\/schema.org","@graph":[{"@type":"WebPage","@id":"https:\/\/clarijs-fietstassen.nl\/de\/produkt\/kistendeckel-35-x-43-cm-mit-ihrem-logo\/","url":"https:\/\/clarijs-fietstassen.nl\/de\/produkt\/kistendeckel-35-x-43-cm-mit-ihrem-logo\/","name":"Kistendeckel 35 x 43 cm mit Ihrem Logo - Clarijs Fietstassen","isPartOf":{"@id":"https:\/\/clarijs-fietstassen.nl\/de\/#website"},"primaryImageOfPage":{"@id":"https:\/\/clarijs-fietstassen.nl\/de\/produkt\/kistendeckel-35-x-43-cm-mit-ihrem-logo\/#primaryimage"},"image":{"@id":"https:\/\/clarijs-fietstassen.nl\/de\/produkt\/kistendeckel-35-x-43-cm-mit-ihrem-logo\/#primaryimage"},"thumbnailUrl":"https:\/\/clarijs-fietstassen.nl\/wp-content\/uploads\/2023\/07\/0003727_kratmuts-35-x-43-met-uw-logo_1903x.jpeg","datePublished":"2023-07-03T13:24:54+00:00","dateModified":"2025-02-17T12:17:31+00:00","description":"Entdecken Sie die vielseitige Kistenkappe mit Ihrem eigenen Logo - die perfekte Art, f\u00fcr Ihre Marke zu werben und gleichzeitig Ihr Hab und Gut sicher zu transportieren!","breadcrumb":{"@id":"https:\/\/clarijs-fietstassen.nl\/de\/produkt\/kistendeckel-35-x-43-cm-mit-ihrem-logo\/#breadcrumb"},"inLanguage":"de","potentialAction":[{"@type":"ReadAction","target":["https:\/\/clarijs-fietstassen.nl\/de\/produkt\/kistendeckel-35-x-43-cm-mit-ihrem-logo\/"]}]},{"@type":"ImageObject","inLanguage":"de","@id":"https:\/\/clarijs-fietstassen.nl\/de\/produkt\/kistendeckel-35-x-43-cm-mit-ihrem-logo\/#primaryimage","url":"https:\/\/clarijs-fietstassen.nl\/wp-content\/uploads\/2023\/07\/0003727_kratmuts-35-x-43-met-uw-logo_1903x.jpeg","contentUrl":"https:\/\/clarijs-fietstassen.nl\/wp-content\/uploads\/2023\/07\/0003727_kratmuts-35-x-43-met-uw-logo_1903x.jpeg","width":1275,"height":956},{"@type":"BreadcrumbList","@id":"https:\/\/clarijs-fietstassen.nl\/de\/produkt\/kistendeckel-35-x-43-cm-mit-ihrem-logo\/#breadcrumb","itemListElement":[{"@type":"ListItem","position":1,"name":"Home","item":"https:\/\/clarijs-fietstassen.nl\/de\/"},{"@type":"ListItem","position":2,"name":"Shop","item":"https:\/\/clarijs-fietstassen.nl\/de\/shop\/"},{"@type":"ListItem","position":3,"name":"Accessoires","item":"https:\/\/clarijs-fietstassen.nl\/accessoires\/"},{"@type":"ListItem","position":4,"name":"Kistendeckel 35 x 43 cm mit Ihrem Logo"}]},{"@type":"WebSite","@id":"https:\/\/clarijs-fietstassen.nl\/de\/#website","url":"https:\/\/clarijs-fietstassen.nl\/de\/","name":"Clarijs Fietstassen","description":"Kwaliteit &amp; ambacht sinds 1948","publisher":{"@id":"https:\/\/clarijs-fietstassen.nl\/de\/#organization"},"potentialAction":[{"@type":"SearchAction","target":{"@type":"EntryPoint","urlTemplate":"https:\/\/clarijs-fietstassen.nl\/de\/?s={search_term_string}"},"query-input":{"@type":"PropertyValueSpecification","valueRequired":true,"valueName":"search_term_string"}}],"inLanguage":"de"},{"@type":"Organization","@id":"https:\/\/clarijs-fietstassen.nl\/de\/#organization","name":"Clarijs Fietstassen","url":"https:\/\/clarijs-fietstassen.nl\/de\/","logo":{"@type":"ImageObject","inLanguage":"de","@id":"https:\/\/clarijs-fietstassen.nl\/de\/#\/schema\/logo\/image\/","url":"https:\/\/clarijs-fietstassen.nl\/wp-content\/uploads\/2024\/01\/clarijs-logo-met-rand.jpg","contentUrl":"https:\/\/clarijs-fietstassen.nl\/wp-content\/uploads\/2024\/01\/clarijs-logo-met-rand.jpg","width":560,"height":266,"caption":"Clarijs Fietstassen"},"image":{"@id":"https:\/\/clarijs-fietstassen.nl\/de\/#\/schema\/logo\/image\/"},"sameAs":["https:\/\/www.facebook.com\/clarijs1948\/","https:\/\/www.instagram.com\/clarijscovers\/"]}]},"og_availability":"instock","product_availability":"instock","product_retailer_item_id":"4005","product_condition":"new"},"_links":{"self":[{"href":"https:\/\/clarijs-fietstassen.nl\/de\/wp-json\/wp\/v2\/product\/48998","targetHints":{"allow":["GET"]}}],"collection":[{"href":"https:\/\/clarijs-fietstassen.nl\/de\/wp-json\/wp\/v2\/product"}],"about":[{"href":"https:\/\/clarijs-fietstassen.nl\/de\/wp-json\/wp\/v2\/types\/product"}],"replies":[{"embeddable":true,"href":"https:\/\/clarijs-fietstassen.nl\/de\/wp-json\/wp\/v2\/comments?post=48998"}],"wp:featuredmedia":[{"embeddable":true,"href":"https:\/\/clarijs-fietstassen.nl\/de\/wp-json\/wp\/v2\/media\/49000"}],"wp:attachment":[{"href":"https:\/\/clarijs-fietstassen.nl\/de\/wp-json\/wp\/v2\/media?parent=48998"}],"wp:term":[{"taxonomy":"product_brand","embeddable":true,"href":"https:\/\/clarijs-fietstassen.nl\/de\/wp-json\/wp\/v2\/product_brand?post=48998"},{"taxonomy":"product_cat","embeddable":true,"href":"https:\/\/clarijs-fietstassen.nl\/de\/wp-json\/wp\/v2\/product_cat?post=48998"},{"taxonomy":"product_tag","embeddable":true,"href":"https:\/\/clarijs-fietstassen.nl\/de\/wp-json\/wp\/v2\/product_tag?post=48998"}],"curies":[{"name":"wp","href":"https:\/\/api.w.org\/{rel}","templated":true}]}}