{"id":49019,"date":"2023-07-03T14:26:09","date_gmt":"2023-07-03T13:26:09","guid":{"rendered":"https:\/\/clarijs-fietstassen.nl\/bikecap-gepaecktraeger-kissen\/"},"modified":"2025-08-20T09:40:04","modified_gmt":"2025-08-20T07:40:04","slug":"bikecap-gepaecktraeger-kissen","status":"publish","type":"product","link":"https:\/\/clarijs-fietstassen.nl\/de\/produkt\/bikecap-gepaecktraeger-kissen\/","title":{"rendered":"Bikecap Fahrradkissen"},"content":{"rendered":"<p class=\"ai-optimize-23 ai-optimize-introduction\">SDu suchst ein Fahrradsitzkissen, das nicht nur bequem ist, sondern auch alle Blicke auf sich zieht?<br \/>Das BikeCap Bike Seat Pad ist der absolute Hingucker f\u00fcr deinen Gep\u00e4cktr\u00e4ger! Mit fr\u00f6hlichen Mustern und grafischen Prints macht BikeCap jede Fahrt ein St\u00fcck bunter.  <\/p>\n<p class=\"ai-optimize-23 ai-optimize-introduction\">Dieses Fahrradsitzkissen ist stylisch, praktisch und super bequem. Dank der starken Klettverschl\u00fcsse an der Unterseite l\u00e4sst es sich im Handumdrehen am Gep\u00e4cktr\u00e4ger befestigen \u2013 und bleibt auch auf holprigen Strecken sicher an Ort und Stelle. Ein cleveres Extra: Auf der R\u00fcckseite befindet sich ein Reflektorstreifen f\u00fcr bessere Sichtbarkeit im Dunkeln. F\u00fcr mehr Sicherheit unterwegs!    <\/p>\n<p class=\"ai-optimize-26\"><strong>Warum ein BikeCap Bike Seat Pad w\u00e4hlen?<\/strong><\/p>\n<ul>\n<li class=\"ai-optimize-27\">Auff\u00e4llige Muster und leuchtende Farben<\/li>\n<li class=\"ai-optimize-28\">Schnelle Befestigung mit stabilem Klettverschluss<\/li>\n<li class=\"ai-optimize-29\">Bequeme Sitzfl\u00e4che f\u00fcr den Gep\u00e4cktr\u00e4ger<\/li>\n<li class=\"ai-optimize-30\">Reflektierender Streifen f\u00fcr mehr Sichtbarkeit<\/li>\n<li class=\"ai-optimize-31\">Wasserabweisendes und robustes Material<\/li>\n<\/ul>\n<p class=\"ai-optimize-32\">Ma\u00dfe: 36 x 18 x 4 cm<\/p>\n<p class=\"ai-optimize-33\">W\u00e4hle jetzt dein Lieblingsdesign und mache jede Fahrt ein bisschen sicherer und fr\u00f6hlicher \u2013 mit dem BikeCap Bike Seat Pad, dem stylischen Fahrradzubeh\u00f6r f\u00fcr den Alltag!<\/p>\n<p>&nbsp;<\/p>\n","protected":false},"excerpt":{"rendered":"<p>SDu suchst ein Fahrradsitzkissen, das nicht nur bequem ist, sondern auch alle Blicke auf sich zieht?Das BikeCap Bike Seat Pad ist der absolute Hingucker f\u00fcr deinen Gep\u00e4cktr\u00e4ger! Mit fr\u00f6hlichen Mustern und grafischen Prints macht BikeCap jede Fahrt ein St\u00fcck bunter. Dieses Fahrradsitzkissen ist stylisch, praktisch und super bequem. Dank der starken Klettverschl\u00fcsse an der Unterseite [&hellip;]<\/p>\n","protected":false},"featured_media":49020,"comment_status":"closed","ping_status":"closed","template":"","meta":{"_acf_changed":false,"_et_pb_use_builder":"","_et_pb_old_content":"","_et_gb_content_width":""},"product_brand":[],"product_cat":[881,686,879,723,688,692,684],"product_tag":[],"class_list":{"0":"post-49019","1":"product","2":"type-product","3":"status-publish","4":"has-post-thumbnail","6":"product_cat-angebote","7":"product_cat-bakfiets-de","8":"product_cat-deals","9":"product_cat-fahrradzubehor","10":"product_cat-lastenrad-zubehor","11":"product_cat-lastenradkissen","12":"product_cat-zubehor","13":"pa_color-amsterdam-de","14":"pa_color-gras-de","15":"pa_color-koe-de","16":"pa_color-red-dots-de","17":"pa_color-weinlese","18":"pa_geschikt-voor-e-bike-ja-de","20":"first","21":"instock","22":"sale","23":"taxable","24":"shipping-taxable","25":"purchasable","26":"product-type-variable"},"acf":[],"yoast_head":"<!-- This site is optimized with the Yoast SEO Premium plugin v27.2 (Yoast SEO v27.3) - https:\/\/yoast.com\/product\/yoast-seo-premium-wordpress\/ -->\n<title>Bikecap Fahrradkissen - Clarijs Fietstassen<\/title>\n<meta name=\"description\" content=\"Die BikeCap Bike Seat Pads von Clarijs sind die perfekte Erg\u00e4nzung f\u00fcr jeden Standard-Gep\u00e4cktr\u00e4ger. Stilvoll, bequem und mit reflektierendem Streifen f\u00fcr mehr Sicherheit \u2013 jetzt entdecken!\" \/>\n<meta name=\"robots\" content=\"index, follow, max-snippet:-1, max-image-preview:large, max-video-preview:-1\" \/>\n<link rel=\"canonical\" href=\"http:\/\/clarijs-fietstassen.nl\/produkt\/bikecap-bagagedrager-kussen\/\" \/>\n<meta property=\"og:locale\" content=\"de_DE\" \/>\n<meta property=\"og:type\" content=\"article\" \/>\n<meta property=\"og:title\" content=\"Bikecap Fahrradkissen\" \/>\n<meta property=\"og:description\" content=\"Die BikeCap Bike Seat Pads von Clarijs sind die perfekte Erg\u00e4nzung f\u00fcr jeden Standard-Gep\u00e4cktr\u00e4ger. Stilvoll, bequem und mit reflektierendem Streifen f\u00fcr mehr Sicherheit \u2013 jetzt entdecken!\" \/>\n<meta property=\"og:url\" content=\"http:\/\/clarijs-fietstassen.nl\/produkt\/bikecap-bagagedrager-kussen\/\" \/>\n<meta property=\"og:site_name\" content=\"Clarijs Fietstassen\" \/>\n<meta property=\"article:publisher\" content=\"https:\/\/www.facebook.com\/clarijs1948\/\" \/>\n<meta property=\"article:modified_time\" content=\"2025-08-20T07:40:04+00:00\" \/>\n<meta property=\"og:image\" content=\"https:\/\/clarijs-fietstassen.nl\/wp-content\/uploads\/2023\/07\/fietskussen-cow-1.jpg\" \/>\n\t<meta property=\"og:image:width\" content=\"1000\" \/>\n\t<meta property=\"og:image:height\" content=\"1000\" \/>\n\t<meta property=\"og:image:type\" content=\"image\/jpeg\" \/>\n<meta name=\"twitter:card\" content=\"summary_large_image\" \/>\n<meta name=\"twitter:label1\" content=\"Verf\u00fcgbarkeit\" \/>\n\t<meta name=\"twitter:data1\" content=\"Auf Lager\" \/>\n<script type=\"application\/ld+json\" class=\"yoast-schema-graph\">{\"@context\":\"https:\\\/\\\/schema.org\",\"@graph\":[{\"@type\":\"WebPage\",\"@id\":\"http:\\\/\\\/clarijs-fietstassen.nl\\\/produkt\\\/bikecap-bagagedrager-kussen\\\/\",\"url\":\"http:\\\/\\\/clarijs-fietstassen.nl\\\/produkt\\\/bikecap-bagagedrager-kussen\\\/\",\"name\":\"Bikecap Fahrradkissen - Clarijs Fietstassen\",\"isPartOf\":{\"@id\":\"https:\\\/\\\/clarijs-fietstassen.nl\\\/de\\\/#website\"},\"primaryImageOfPage\":{\"@id\":\"http:\\\/\\\/clarijs-fietstassen.nl\\\/produkt\\\/bikecap-bagagedrager-kussen\\\/#primaryimage\"},\"image\":{\"@id\":\"http:\\\/\\\/clarijs-fietstassen.nl\\\/produkt\\\/bikecap-bagagedrager-kussen\\\/#primaryimage\"},\"thumbnailUrl\":\"https:\\\/\\\/clarijs-fietstassen.nl\\\/wp-content\\\/uploads\\\/2023\\\/07\\\/fietskussen-cow-1.jpg\",\"datePublished\":\"2023-07-03T13:26:09+00:00\",\"dateModified\":\"2025-08-20T07:40:04+00:00\",\"description\":\"Die BikeCap Bike Seat Pads von Clarijs sind die perfekte Erg\u00e4nzung f\u00fcr jeden Standard-Gep\u00e4cktr\u00e4ger. Stilvoll, bequem und mit reflektierendem Streifen f\u00fcr mehr Sicherheit \u2013 jetzt entdecken!\",\"breadcrumb\":{\"@id\":\"http:\\\/\\\/clarijs-fietstassen.nl\\\/produkt\\\/bikecap-bagagedrager-kussen\\\/#breadcrumb\"},\"inLanguage\":\"de\",\"potentialAction\":[{\"@type\":\"ReadAction\",\"target\":[\"http:\\\/\\\/clarijs-fietstassen.nl\\\/produkt\\\/bikecap-bagagedrager-kussen\\\/\"]}]},{\"@type\":\"ImageObject\",\"inLanguage\":\"de\",\"@id\":\"http:\\\/\\\/clarijs-fietstassen.nl\\\/produkt\\\/bikecap-bagagedrager-kussen\\\/#primaryimage\",\"url\":\"https:\\\/\\\/clarijs-fietstassen.nl\\\/wp-content\\\/uploads\\\/2023\\\/07\\\/fietskussen-cow-1.jpg\",\"contentUrl\":\"https:\\\/\\\/clarijs-fietstassen.nl\\\/wp-content\\\/uploads\\\/2023\\\/07\\\/fietskussen-cow-1.jpg\",\"width\":1000,\"height\":1000,\"caption\":\"Bikecap Fahrradkissen\"},{\"@type\":\"BreadcrumbList\",\"@id\":\"http:\\\/\\\/clarijs-fietstassen.nl\\\/produkt\\\/bikecap-bagagedrager-kussen\\\/#breadcrumb\",\"itemListElement\":[{\"@type\":\"ListItem\",\"position\":1,\"name\":\"Home\",\"item\":\"https:\\\/\\\/clarijs-fietstassen.nl\\\/de\\\/\"},{\"@type\":\"ListItem\",\"position\":2,\"name\":\"Shop\",\"item\":\"https:\\\/\\\/clarijs-fietstassen.nl\\\/de\\\/shop\\\/\"},{\"@type\":\"ListItem\",\"position\":3,\"name\":\"Accessoires\",\"item\":\"https:\\\/\\\/clarijs-fietstassen.nl\\\/accessoires\\\/\"},{\"@type\":\"ListItem\",\"position\":4,\"name\":\"Bikecap Fahrradkissen\"}]},{\"@type\":\"WebSite\",\"@id\":\"https:\\\/\\\/clarijs-fietstassen.nl\\\/de\\\/#website\",\"url\":\"https:\\\/\\\/clarijs-fietstassen.nl\\\/de\\\/\",\"name\":\"Clarijs Fietstassen\",\"description\":\"Kwaliteit &amp; ambacht sinds 1948\",\"publisher\":{\"@id\":\"https:\\\/\\\/clarijs-fietstassen.nl\\\/de\\\/#organization\"},\"potentialAction\":[{\"@type\":\"SearchAction\",\"target\":{\"@type\":\"EntryPoint\",\"urlTemplate\":\"https:\\\/\\\/clarijs-fietstassen.nl\\\/de\\\/?s={search_term_string}\"},\"query-input\":{\"@type\":\"PropertyValueSpecification\",\"valueRequired\":true,\"valueName\":\"search_term_string\"}}],\"inLanguage\":\"de\"},{\"@type\":\"Organization\",\"@id\":\"https:\\\/\\\/clarijs-fietstassen.nl\\\/de\\\/#organization\",\"name\":\"Clarijs Fietstassen\",\"url\":\"https:\\\/\\\/clarijs-fietstassen.nl\\\/de\\\/\",\"logo\":{\"@type\":\"ImageObject\",\"inLanguage\":\"de\",\"@id\":\"https:\\\/\\\/clarijs-fietstassen.nl\\\/de\\\/#\\\/schema\\\/logo\\\/image\\\/\",\"url\":\"https:\\\/\\\/clarijs-fietstassen.nl\\\/wp-content\\\/uploads\\\/2024\\\/01\\\/clarijs-logo-met-rand.jpg\",\"contentUrl\":\"https:\\\/\\\/clarijs-fietstassen.nl\\\/wp-content\\\/uploads\\\/2024\\\/01\\\/clarijs-logo-met-rand.jpg\",\"width\":560,\"height\":266,\"caption\":\"Clarijs Fietstassen\"},\"image\":{\"@id\":\"https:\\\/\\\/clarijs-fietstassen.nl\\\/de\\\/#\\\/schema\\\/logo\\\/image\\\/\"},\"sameAs\":[\"https:\\\/\\\/www.facebook.com\\\/clarijs1948\\\/\",\"https:\\\/\\\/www.instagram.com\\\/clarijscovers\\\/\"]}]}<\/script>\n<meta property=\"og:availability\" content=\"instock\" \/>\n<meta property=\"product:availability\" content=\"instock\" \/>\n<meta property=\"product:retailer_item_id\" content=\"4012\" \/>\n<meta property=\"product:condition\" content=\"new\" \/>\n<!-- \/ Yoast SEO Premium plugin. -->","yoast_head_json":{"title":"Bikecap Fahrradkissen - Clarijs Fietstassen","description":"Die BikeCap Bike Seat Pads von Clarijs sind die perfekte Erg\u00e4nzung f\u00fcr jeden Standard-Gep\u00e4cktr\u00e4ger. Stilvoll, bequem und mit reflektierendem Streifen f\u00fcr mehr Sicherheit \u2013 jetzt entdecken!","robots":{"index":"index","follow":"follow","max-snippet":"max-snippet:-1","max-image-preview":"max-image-preview:large","max-video-preview":"max-video-preview:-1"},"canonical":"http:\/\/clarijs-fietstassen.nl\/produkt\/bikecap-bagagedrager-kussen\/","og_locale":"de_DE","og_type":"article","og_title":"Bikecap Fahrradkissen","og_description":"Die BikeCap Bike Seat Pads von Clarijs sind die perfekte Erg\u00e4nzung f\u00fcr jeden Standard-Gep\u00e4cktr\u00e4ger. Stilvoll, bequem und mit reflektierendem Streifen f\u00fcr mehr Sicherheit \u2013 jetzt entdecken!","og_url":"http:\/\/clarijs-fietstassen.nl\/produkt\/bikecap-bagagedrager-kussen\/","og_site_name":"Clarijs Fietstassen","article_publisher":"https:\/\/www.facebook.com\/clarijs1948\/","article_modified_time":"2025-08-20T07:40:04+00:00","og_image":[{"width":1000,"height":1000,"url":"https:\/\/clarijs-fietstassen.nl\/wp-content\/uploads\/2023\/07\/fietskussen-cow-1.jpg","type":"image\/jpeg"}],"twitter_card":"summary_large_image","twitter_misc":{"Verf\u00fcgbarkeit":"Auf Lager"},"schema":{"@context":"https:\/\/schema.org","@graph":[{"@type":"WebPage","@id":"http:\/\/clarijs-fietstassen.nl\/produkt\/bikecap-bagagedrager-kussen\/","url":"http:\/\/clarijs-fietstassen.nl\/produkt\/bikecap-bagagedrager-kussen\/","name":"Bikecap Fahrradkissen - Clarijs Fietstassen","isPartOf":{"@id":"https:\/\/clarijs-fietstassen.nl\/de\/#website"},"primaryImageOfPage":{"@id":"http:\/\/clarijs-fietstassen.nl\/produkt\/bikecap-bagagedrager-kussen\/#primaryimage"},"image":{"@id":"http:\/\/clarijs-fietstassen.nl\/produkt\/bikecap-bagagedrager-kussen\/#primaryimage"},"thumbnailUrl":"https:\/\/clarijs-fietstassen.nl\/wp-content\/uploads\/2023\/07\/fietskussen-cow-1.jpg","datePublished":"2023-07-03T13:26:09+00:00","dateModified":"2025-08-20T07:40:04+00:00","description":"Die BikeCap Bike Seat Pads von Clarijs sind die perfekte Erg\u00e4nzung f\u00fcr jeden Standard-Gep\u00e4cktr\u00e4ger. Stilvoll, bequem und mit reflektierendem Streifen f\u00fcr mehr Sicherheit \u2013 jetzt entdecken!","breadcrumb":{"@id":"http:\/\/clarijs-fietstassen.nl\/produkt\/bikecap-bagagedrager-kussen\/#breadcrumb"},"inLanguage":"de","potentialAction":[{"@type":"ReadAction","target":["http:\/\/clarijs-fietstassen.nl\/produkt\/bikecap-bagagedrager-kussen\/"]}]},{"@type":"ImageObject","inLanguage":"de","@id":"http:\/\/clarijs-fietstassen.nl\/produkt\/bikecap-bagagedrager-kussen\/#primaryimage","url":"https:\/\/clarijs-fietstassen.nl\/wp-content\/uploads\/2023\/07\/fietskussen-cow-1.jpg","contentUrl":"https:\/\/clarijs-fietstassen.nl\/wp-content\/uploads\/2023\/07\/fietskussen-cow-1.jpg","width":1000,"height":1000,"caption":"Bikecap Fahrradkissen"},{"@type":"BreadcrumbList","@id":"http:\/\/clarijs-fietstassen.nl\/produkt\/bikecap-bagagedrager-kussen\/#breadcrumb","itemListElement":[{"@type":"ListItem","position":1,"name":"Home","item":"https:\/\/clarijs-fietstassen.nl\/de\/"},{"@type":"ListItem","position":2,"name":"Shop","item":"https:\/\/clarijs-fietstassen.nl\/de\/shop\/"},{"@type":"ListItem","position":3,"name":"Accessoires","item":"https:\/\/clarijs-fietstassen.nl\/accessoires\/"},{"@type":"ListItem","position":4,"name":"Bikecap Fahrradkissen"}]},{"@type":"WebSite","@id":"https:\/\/clarijs-fietstassen.nl\/de\/#website","url":"https:\/\/clarijs-fietstassen.nl\/de\/","name":"Clarijs Fietstassen","description":"Kwaliteit &amp; ambacht sinds 1948","publisher":{"@id":"https:\/\/clarijs-fietstassen.nl\/de\/#organization"},"potentialAction":[{"@type":"SearchAction","target":{"@type":"EntryPoint","urlTemplate":"https:\/\/clarijs-fietstassen.nl\/de\/?s={search_term_string}"},"query-input":{"@type":"PropertyValueSpecification","valueRequired":true,"valueName":"search_term_string"}}],"inLanguage":"de"},{"@type":"Organization","@id":"https:\/\/clarijs-fietstassen.nl\/de\/#organization","name":"Clarijs Fietstassen","url":"https:\/\/clarijs-fietstassen.nl\/de\/","logo":{"@type":"ImageObject","inLanguage":"de","@id":"https:\/\/clarijs-fietstassen.nl\/de\/#\/schema\/logo\/image\/","url":"https:\/\/clarijs-fietstassen.nl\/wp-content\/uploads\/2024\/01\/clarijs-logo-met-rand.jpg","contentUrl":"https:\/\/clarijs-fietstassen.nl\/wp-content\/uploads\/2024\/01\/clarijs-logo-met-rand.jpg","width":560,"height":266,"caption":"Clarijs Fietstassen"},"image":{"@id":"https:\/\/clarijs-fietstassen.nl\/de\/#\/schema\/logo\/image\/"},"sameAs":["https:\/\/www.facebook.com\/clarijs1948\/","https:\/\/www.instagram.com\/clarijscovers\/"]}]},"og_availability":"instock","product_availability":"instock","product_retailer_item_id":"4012","product_condition":"new"},"_links":{"self":[{"href":"https:\/\/clarijs-fietstassen.nl\/de\/wp-json\/wp\/v2\/product\/49019","targetHints":{"allow":["GET"]}}],"collection":[{"href":"https:\/\/clarijs-fietstassen.nl\/de\/wp-json\/wp\/v2\/product"}],"about":[{"href":"https:\/\/clarijs-fietstassen.nl\/de\/wp-json\/wp\/v2\/types\/product"}],"replies":[{"embeddable":true,"href":"https:\/\/clarijs-fietstassen.nl\/de\/wp-json\/wp\/v2\/comments?post=49019"}],"wp:featuredmedia":[{"embeddable":true,"href":"https:\/\/clarijs-fietstassen.nl\/de\/wp-json\/wp\/v2\/media\/49020"}],"wp:attachment":[{"href":"https:\/\/clarijs-fietstassen.nl\/de\/wp-json\/wp\/v2\/media?parent=49019"}],"wp:term":[{"taxonomy":"product_brand","embeddable":true,"href":"https:\/\/clarijs-fietstassen.nl\/de\/wp-json\/wp\/v2\/product_brand?post=49019"},{"taxonomy":"product_cat","embeddable":true,"href":"https:\/\/clarijs-fietstassen.nl\/de\/wp-json\/wp\/v2\/product_cat?post=49019"},{"taxonomy":"product_tag","embeddable":true,"href":"https:\/\/clarijs-fietstassen.nl\/de\/wp-json\/wp\/v2\/product_tag?post=49019"}],"curies":[{"name":"wp","href":"https:\/\/api.w.org\/{rel}","templated":true}]}}