{"id":49031,"date":"2023-07-03T15:26:10","date_gmt":"2023-07-03T13:26:10","guid":{"rendered":"https:\/\/clarijs-fietstassen.nl\/basil-mik-carrier-gepaecktraegerplatte-schwarz\/"},"modified":"2025-02-17T13:17:31","modified_gmt":"2025-02-17T12:17:31","slug":"basil-mik-carrier-gepaecktraegerplatte-schwarz","status":"publish","type":"product","link":"https:\/\/clarijs-fietstassen.nl\/de\/produkt\/basil-mik-carrier-gepaecktraegerplatte-schwarz\/","title":{"rendered":"BASIL MIK CARRIER GEP\u00c4CKTR\u00c4GERPLATTE SCHWARZ"},"content":{"rendered":"<p><span style=\"font-weight: 400;\">Entdecken Sie die vielseitige Basil Mik Carrier Gep\u00e4cktr\u00e4gerplatte in stilvollem Schwarz &#8211; die perfekte Erg\u00e4nzung zu Ihrem Fahrrad f\u00fcr zus\u00e4tzliche Transportkapazit\u00e4t!<\/span><\/p>\n<p><span style=\"font-weight: 400;\">Mit der Basil Mik Carrier Gep\u00e4cktr\u00e4gerplatte k\u00f6nnen Sie Ihr Gep\u00e4ck und Ihre Habseligkeiten einfach und sicher transportieren. Diese robuste Gep\u00e4cktr\u00e4gerplatte wurde speziell f\u00fcr den Basil Mik Fahrradkorb entwickelt und bringt Ihre Fahrradausr\u00fcstung auf die n\u00e4chste Stufe. <\/span><\/p>\n<p><span style=\"font-weight: 400;\">Das schwarze Design sorgt nicht nur f\u00fcr einen modernen Look, sondern auch f\u00fcr eine langlebige und strapazierf\u00e4hige Oberfl\u00e4che. Diese Gep\u00e4cktr\u00e4gerplatte ist f\u00fcr eine lange Lebensdauer ausgelegt, auch im t\u00e4glichen Gebrauch. Die MIK-Gep\u00e4cktr\u00e4gerplatte ist f\u00fcr alle Universalgep\u00e4cktr\u00e4ger mit einer Breite von 100-170 mm geeignet. So k\u00f6nnen Sie Ihr MIK-Fahrradzubeh\u00f6r m\u00fchelos befestigen und Ihr Fahrrad noch praktischer machen.  <\/span><\/p>\n<p>&nbsp;<\/p>\n","protected":false},"excerpt":{"rendered":"<p>Entdecken Sie die vielseitige Basil Mik Carrier Gep\u00e4cktr\u00e4gerplatte in stilvollem Schwarz &#8211; die perfekte Erg\u00e4nzung zu Ihrem Fahrrad f\u00fcr zus\u00e4tzliche Transportkapazit\u00e4t! Mit der Basil Mik Carrier Gep\u00e4cktr\u00e4gerplatte k\u00f6nnen Sie Ihr Gep\u00e4ck und Ihre Habseligkeiten einfach und sicher transportieren. Diese robuste Gep\u00e4cktr\u00e4gerplatte wurde speziell f\u00fcr den Basil Mik Fahrradkorb entwickelt und bringt Ihre Fahrradausr\u00fcstung auf die [&hellip;]<\/p>\n","protected":false},"featured_media":49032,"comment_status":"closed","ping_status":"closed","template":"","meta":{"_acf_changed":false,"_et_pb_use_builder":"","_et_pb_old_content":"","_et_gb_content_width":""},"product_brand":[],"product_cat":[723,684],"product_tag":[],"class_list":{"0":"post-49031","1":"product","2":"type-product","3":"status-publish","4":"has-post-thumbnail","6":"product_cat-fahrradzubehor","7":"product_cat-zubehor","9":"first","10":"instock","11":"taxable","12":"shipping-taxable","13":"purchasable","14":"product-type-simple"},"acf":[],"yoast_head":"<!-- This site is optimized with the Yoast SEO Premium plugin v27.2 (Yoast SEO v27.3) - https:\/\/yoast.com\/product\/yoast-seo-premium-wordpress\/ -->\n<title>BASIL MIK CARRIER GEP\u00c4CKTR\u00c4GERPLATTE SCHWARZ - Clarijs Fietstassen<\/title>\n<meta name=\"description\" content=\"Entdecken Sie die vielseitige Basil Mik Carrier Gep\u00e4cktr\u00e4gerplatte in stilvollem Schwarz - die perfekte Erg\u00e4nzung zu Ihrem Fahrrad f\u00fcr zus\u00e4tzliche Transportkapazit\u00e4t!\" \/>\n<meta name=\"robots\" content=\"index, follow, max-snippet:-1, max-image-preview:large, max-video-preview:-1\" \/>\n<link rel=\"canonical\" href=\"http:\/\/clarijs-fietstassen.nl\/produkt\/basil-mik-carrier-bagagedragerplaat-zwart\/\" \/>\n<meta property=\"og:locale\" content=\"de_DE\" \/>\n<meta property=\"og:type\" content=\"article\" \/>\n<meta property=\"og:title\" content=\"BASIL MIK CARRIER GEP\u00c4CKTR\u00c4GERPLATTE SCHWARZ\" \/>\n<meta property=\"og:description\" content=\"Entdecken Sie die vielseitige Basil Mik Carrier Gep\u00e4cktr\u00e4gerplatte in stilvollem Schwarz - die perfekte Erg\u00e4nzung zu Ihrem Fahrrad f\u00fcr zus\u00e4tzliche Transportkapazit\u00e4t!\" \/>\n<meta property=\"og:url\" content=\"http:\/\/clarijs-fietstassen.nl\/produkt\/basil-mik-carrier-bagagedragerplaat-zwart\/\" \/>\n<meta property=\"og:site_name\" content=\"Clarijs Fietstassen\" \/>\n<meta property=\"article:publisher\" content=\"https:\/\/www.facebook.com\/clarijs1948\/\" \/>\n<meta property=\"article:modified_time\" content=\"2025-02-17T12:17:31+00:00\" \/>\n<meta property=\"og:image\" content=\"https:\/\/clarijs-fietstassen.nl\/wp-content\/uploads\/2023\/07\/mik-carrier.jpg\" \/>\n\t<meta property=\"og:image:width\" content=\"500\" \/>\n\t<meta property=\"og:image:height\" content=\"500\" \/>\n\t<meta property=\"og:image:type\" content=\"image\/jpeg\" \/>\n<meta name=\"twitter:card\" content=\"summary_large_image\" \/>\n<meta name=\"twitter:label1\" content=\"Preis\" \/>\n\t<meta name=\"twitter:data1\" content=\"&euro;24.99\" \/>\n\t<meta name=\"twitter:label2\" content=\"Verf\u00fcgbarkeit\" \/>\n\t<meta name=\"twitter:data2\" content=\"Auf Lager\" \/>\n<script type=\"application\/ld+json\" class=\"yoast-schema-graph\">{\"@context\":\"https:\\\/\\\/schema.org\",\"@graph\":[{\"@type\":\"WebPage\",\"@id\":\"http:\\\/\\\/clarijs-fietstassen.nl\\\/produkt\\\/basil-mik-carrier-bagagedragerplaat-zwart\\\/\",\"url\":\"http:\\\/\\\/clarijs-fietstassen.nl\\\/produkt\\\/basil-mik-carrier-bagagedragerplaat-zwart\\\/\",\"name\":\"BASIL MIK CARRIER GEP\u00c4CKTR\u00c4GERPLATTE SCHWARZ - Clarijs Fietstassen\",\"isPartOf\":{\"@id\":\"https:\\\/\\\/clarijs-fietstassen.nl\\\/de\\\/#website\"},\"primaryImageOfPage\":{\"@id\":\"http:\\\/\\\/clarijs-fietstassen.nl\\\/produkt\\\/basil-mik-carrier-bagagedragerplaat-zwart\\\/#primaryimage\"},\"image\":{\"@id\":\"http:\\\/\\\/clarijs-fietstassen.nl\\\/produkt\\\/basil-mik-carrier-bagagedragerplaat-zwart\\\/#primaryimage\"},\"thumbnailUrl\":\"https:\\\/\\\/clarijs-fietstassen.nl\\\/wp-content\\\/uploads\\\/2023\\\/07\\\/mik-carrier.jpg\",\"datePublished\":\"2023-07-03T13:26:10+00:00\",\"dateModified\":\"2025-02-17T12:17:31+00:00\",\"description\":\"Entdecken Sie die vielseitige Basil Mik Carrier Gep\u00e4cktr\u00e4gerplatte in stilvollem Schwarz - die perfekte Erg\u00e4nzung zu Ihrem Fahrrad f\u00fcr zus\u00e4tzliche Transportkapazit\u00e4t!\",\"breadcrumb\":{\"@id\":\"http:\\\/\\\/clarijs-fietstassen.nl\\\/produkt\\\/basil-mik-carrier-bagagedragerplaat-zwart\\\/#breadcrumb\"},\"inLanguage\":\"de\",\"potentialAction\":[{\"@type\":\"ReadAction\",\"target\":[\"http:\\\/\\\/clarijs-fietstassen.nl\\\/produkt\\\/basil-mik-carrier-bagagedragerplaat-zwart\\\/\"]}]},{\"@type\":\"ImageObject\",\"inLanguage\":\"de\",\"@id\":\"http:\\\/\\\/clarijs-fietstassen.nl\\\/produkt\\\/basil-mik-carrier-bagagedragerplaat-zwart\\\/#primaryimage\",\"url\":\"https:\\\/\\\/clarijs-fietstassen.nl\\\/wp-content\\\/uploads\\\/2023\\\/07\\\/mik-carrier.jpg\",\"contentUrl\":\"https:\\\/\\\/clarijs-fietstassen.nl\\\/wp-content\\\/uploads\\\/2023\\\/07\\\/mik-carrier.jpg\",\"width\":500,\"height\":500},{\"@type\":\"BreadcrumbList\",\"@id\":\"http:\\\/\\\/clarijs-fietstassen.nl\\\/produkt\\\/basil-mik-carrier-bagagedragerplaat-zwart\\\/#breadcrumb\",\"itemListElement\":[{\"@type\":\"ListItem\",\"position\":1,\"name\":\"Home\",\"item\":\"https:\\\/\\\/clarijs-fietstassen.nl\\\/de\\\/\"},{\"@type\":\"ListItem\",\"position\":2,\"name\":\"Shop\",\"item\":\"https:\\\/\\\/clarijs-fietstassen.nl\\\/de\\\/shop\\\/\"},{\"@type\":\"ListItem\",\"position\":3,\"name\":\"Fiets Accessoires\",\"item\":\"https:\\\/\\\/clarijs-fietstassen.nl\\\/fiets-accessoires\\\/\"},{\"@type\":\"ListItem\",\"position\":4,\"name\":\"BASIL MIK CARRIER GEP\u00c4CKTR\u00c4GERPLATTE SCHWARZ\"}]},{\"@type\":\"WebSite\",\"@id\":\"https:\\\/\\\/clarijs-fietstassen.nl\\\/de\\\/#website\",\"url\":\"https:\\\/\\\/clarijs-fietstassen.nl\\\/de\\\/\",\"name\":\"Clarijs Fietstassen\",\"description\":\"Kwaliteit &amp; ambacht sinds 1948\",\"publisher\":{\"@id\":\"https:\\\/\\\/clarijs-fietstassen.nl\\\/de\\\/#organization\"},\"potentialAction\":[{\"@type\":\"SearchAction\",\"target\":{\"@type\":\"EntryPoint\",\"urlTemplate\":\"https:\\\/\\\/clarijs-fietstassen.nl\\\/de\\\/?s={search_term_string}\"},\"query-input\":{\"@type\":\"PropertyValueSpecification\",\"valueRequired\":true,\"valueName\":\"search_term_string\"}}],\"inLanguage\":\"de\"},{\"@type\":\"Organization\",\"@id\":\"https:\\\/\\\/clarijs-fietstassen.nl\\\/de\\\/#organization\",\"name\":\"Clarijs Fietstassen\",\"url\":\"https:\\\/\\\/clarijs-fietstassen.nl\\\/de\\\/\",\"logo\":{\"@type\":\"ImageObject\",\"inLanguage\":\"de\",\"@id\":\"https:\\\/\\\/clarijs-fietstassen.nl\\\/de\\\/#\\\/schema\\\/logo\\\/image\\\/\",\"url\":\"https:\\\/\\\/clarijs-fietstassen.nl\\\/wp-content\\\/uploads\\\/2024\\\/01\\\/clarijs-logo-met-rand.jpg\",\"contentUrl\":\"https:\\\/\\\/clarijs-fietstassen.nl\\\/wp-content\\\/uploads\\\/2024\\\/01\\\/clarijs-logo-met-rand.jpg\",\"width\":560,\"height\":266,\"caption\":\"Clarijs Fietstassen\"},\"image\":{\"@id\":\"https:\\\/\\\/clarijs-fietstassen.nl\\\/de\\\/#\\\/schema\\\/logo\\\/image\\\/\"},\"sameAs\":[\"https:\\\/\\\/www.facebook.com\\\/clarijs1948\\\/\",\"https:\\\/\\\/www.instagram.com\\\/clarijscovers\\\/\"]}]}<\/script>\n<meta property=\"product:price:amount\" content=\"24.99\" \/>\n<meta property=\"product:price:currency\" content=\"EUR\" \/>\n<meta property=\"og:availability\" content=\"instock\" \/>\n<meta property=\"product:availability\" content=\"instock\" \/>\n<meta property=\"product:retailer_item_id\" content=\"4011\" \/>\n<meta property=\"product:condition\" content=\"new\" \/>\n<!-- \/ Yoast SEO Premium plugin. -->","yoast_head_json":{"title":"BASIL MIK CARRIER GEP\u00c4CKTR\u00c4GERPLATTE SCHWARZ - Clarijs Fietstassen","description":"Entdecken Sie die vielseitige Basil Mik Carrier Gep\u00e4cktr\u00e4gerplatte in stilvollem Schwarz - die perfekte Erg\u00e4nzung zu Ihrem Fahrrad f\u00fcr zus\u00e4tzliche Transportkapazit\u00e4t!","robots":{"index":"index","follow":"follow","max-snippet":"max-snippet:-1","max-image-preview":"max-image-preview:large","max-video-preview":"max-video-preview:-1"},"canonical":"http:\/\/clarijs-fietstassen.nl\/produkt\/basil-mik-carrier-bagagedragerplaat-zwart\/","og_locale":"de_DE","og_type":"article","og_title":"BASIL MIK CARRIER GEP\u00c4CKTR\u00c4GERPLATTE SCHWARZ","og_description":"Entdecken Sie die vielseitige Basil Mik Carrier Gep\u00e4cktr\u00e4gerplatte in stilvollem Schwarz - die perfekte Erg\u00e4nzung zu Ihrem Fahrrad f\u00fcr zus\u00e4tzliche Transportkapazit\u00e4t!","og_url":"http:\/\/clarijs-fietstassen.nl\/produkt\/basil-mik-carrier-bagagedragerplaat-zwart\/","og_site_name":"Clarijs Fietstassen","article_publisher":"https:\/\/www.facebook.com\/clarijs1948\/","article_modified_time":"2025-02-17T12:17:31+00:00","og_image":[{"width":500,"height":500,"url":"https:\/\/clarijs-fietstassen.nl\/wp-content\/uploads\/2023\/07\/mik-carrier.jpg","type":"image\/jpeg"}],"twitter_card":"summary_large_image","twitter_misc":{"Preis":"&euro;24.99","Verf\u00fcgbarkeit":"Auf Lager"},"schema":{"@context":"https:\/\/schema.org","@graph":[{"@type":"WebPage","@id":"http:\/\/clarijs-fietstassen.nl\/produkt\/basil-mik-carrier-bagagedragerplaat-zwart\/","url":"http:\/\/clarijs-fietstassen.nl\/produkt\/basil-mik-carrier-bagagedragerplaat-zwart\/","name":"BASIL MIK CARRIER GEP\u00c4CKTR\u00c4GERPLATTE SCHWARZ - Clarijs Fietstassen","isPartOf":{"@id":"https:\/\/clarijs-fietstassen.nl\/de\/#website"},"primaryImageOfPage":{"@id":"http:\/\/clarijs-fietstassen.nl\/produkt\/basil-mik-carrier-bagagedragerplaat-zwart\/#primaryimage"},"image":{"@id":"http:\/\/clarijs-fietstassen.nl\/produkt\/basil-mik-carrier-bagagedragerplaat-zwart\/#primaryimage"},"thumbnailUrl":"https:\/\/clarijs-fietstassen.nl\/wp-content\/uploads\/2023\/07\/mik-carrier.jpg","datePublished":"2023-07-03T13:26:10+00:00","dateModified":"2025-02-17T12:17:31+00:00","description":"Entdecken Sie die vielseitige Basil Mik Carrier Gep\u00e4cktr\u00e4gerplatte in stilvollem Schwarz - die perfekte Erg\u00e4nzung zu Ihrem Fahrrad f\u00fcr zus\u00e4tzliche Transportkapazit\u00e4t!","breadcrumb":{"@id":"http:\/\/clarijs-fietstassen.nl\/produkt\/basil-mik-carrier-bagagedragerplaat-zwart\/#breadcrumb"},"inLanguage":"de","potentialAction":[{"@type":"ReadAction","target":["http:\/\/clarijs-fietstassen.nl\/produkt\/basil-mik-carrier-bagagedragerplaat-zwart\/"]}]},{"@type":"ImageObject","inLanguage":"de","@id":"http:\/\/clarijs-fietstassen.nl\/produkt\/basil-mik-carrier-bagagedragerplaat-zwart\/#primaryimage","url":"https:\/\/clarijs-fietstassen.nl\/wp-content\/uploads\/2023\/07\/mik-carrier.jpg","contentUrl":"https:\/\/clarijs-fietstassen.nl\/wp-content\/uploads\/2023\/07\/mik-carrier.jpg","width":500,"height":500},{"@type":"BreadcrumbList","@id":"http:\/\/clarijs-fietstassen.nl\/produkt\/basil-mik-carrier-bagagedragerplaat-zwart\/#breadcrumb","itemListElement":[{"@type":"ListItem","position":1,"name":"Home","item":"https:\/\/clarijs-fietstassen.nl\/de\/"},{"@type":"ListItem","position":2,"name":"Shop","item":"https:\/\/clarijs-fietstassen.nl\/de\/shop\/"},{"@type":"ListItem","position":3,"name":"Fiets Accessoires","item":"https:\/\/clarijs-fietstassen.nl\/fiets-accessoires\/"},{"@type":"ListItem","position":4,"name":"BASIL MIK CARRIER GEP\u00c4CKTR\u00c4GERPLATTE SCHWARZ"}]},{"@type":"WebSite","@id":"https:\/\/clarijs-fietstassen.nl\/de\/#website","url":"https:\/\/clarijs-fietstassen.nl\/de\/","name":"Clarijs Fietstassen","description":"Kwaliteit &amp; ambacht sinds 1948","publisher":{"@id":"https:\/\/clarijs-fietstassen.nl\/de\/#organization"},"potentialAction":[{"@type":"SearchAction","target":{"@type":"EntryPoint","urlTemplate":"https:\/\/clarijs-fietstassen.nl\/de\/?s={search_term_string}"},"query-input":{"@type":"PropertyValueSpecification","valueRequired":true,"valueName":"search_term_string"}}],"inLanguage":"de"},{"@type":"Organization","@id":"https:\/\/clarijs-fietstassen.nl\/de\/#organization","name":"Clarijs Fietstassen","url":"https:\/\/clarijs-fietstassen.nl\/de\/","logo":{"@type":"ImageObject","inLanguage":"de","@id":"https:\/\/clarijs-fietstassen.nl\/de\/#\/schema\/logo\/image\/","url":"https:\/\/clarijs-fietstassen.nl\/wp-content\/uploads\/2024\/01\/clarijs-logo-met-rand.jpg","contentUrl":"https:\/\/clarijs-fietstassen.nl\/wp-content\/uploads\/2024\/01\/clarijs-logo-met-rand.jpg","width":560,"height":266,"caption":"Clarijs Fietstassen"},"image":{"@id":"https:\/\/clarijs-fietstassen.nl\/de\/#\/schema\/logo\/image\/"},"sameAs":["https:\/\/www.facebook.com\/clarijs1948\/","https:\/\/www.instagram.com\/clarijscovers\/"]}]},"product_price_amount":"24.99","product_price_currency":"EUR","og_availability":"instock","product_availability":"instock","product_retailer_item_id":"4011","product_condition":"new"},"_links":{"self":[{"href":"https:\/\/clarijs-fietstassen.nl\/de\/wp-json\/wp\/v2\/product\/49031","targetHints":{"allow":["GET"]}}],"collection":[{"href":"https:\/\/clarijs-fietstassen.nl\/de\/wp-json\/wp\/v2\/product"}],"about":[{"href":"https:\/\/clarijs-fietstassen.nl\/de\/wp-json\/wp\/v2\/types\/product"}],"replies":[{"embeddable":true,"href":"https:\/\/clarijs-fietstassen.nl\/de\/wp-json\/wp\/v2\/comments?post=49031"}],"wp:featuredmedia":[{"embeddable":true,"href":"https:\/\/clarijs-fietstassen.nl\/de\/wp-json\/wp\/v2\/media\/49032"}],"wp:attachment":[{"href":"https:\/\/clarijs-fietstassen.nl\/de\/wp-json\/wp\/v2\/media?parent=49031"}],"wp:term":[{"taxonomy":"product_brand","embeddable":true,"href":"https:\/\/clarijs-fietstassen.nl\/de\/wp-json\/wp\/v2\/product_brand?post=49031"},{"taxonomy":"product_cat","embeddable":true,"href":"https:\/\/clarijs-fietstassen.nl\/de\/wp-json\/wp\/v2\/product_cat?post=49031"},{"taxonomy":"product_tag","embeddable":true,"href":"https:\/\/clarijs-fietstassen.nl\/de\/wp-json\/wp\/v2\/product_tag?post=49031"}],"curies":[{"name":"wp","href":"https:\/\/api.w.org\/{rel}","templated":true}]}}