{"id":49436,"date":"2025-02-05T16:29:45","date_gmt":"2025-02-05T15:29:45","guid":{"rendered":"https:\/\/clarijs-fietstassen.nl\/?post_type=product&#038;p=49436"},"modified":"2026-03-31T14:03:03","modified_gmt":"2026-03-31T12:03:03","slug":"zipper-shopper-matt-schwarz-kopie","status":"publish","type":"product","link":"https:\/\/clarijs-fietstassen.nl\/de\/produkt\/zipper-shopper-matt-schwarz-kopie\/","title":{"rendered":"Zipper Shopper Matt Mandelbl\u00fcte"},"content":{"rendered":"<p>Lernen Sie den Zipper Shopper Matt Mandelbl\u00fcte kennen, eine elegante Tasche, die m\u00fchelos Funktionalit\u00e4t und minimalistisches Design vereint. Mit reichlich Stauraum und praktischen Details ist dieser Shopper ideal f\u00fcr den t\u00e4glichen Gebrauch. Die Tasche verf\u00fcgt \u00fcber einen Rei\u00dfverschluss und einen langen Henkel, der f\u00fcr zus\u00e4tzlichen Tragekomfort sorgt &#8211; perfekt f\u00fcr eine schnelle Besorgung. Au\u00dferdem passt der Shopper genau in unsere Doppelpacktaschen und kann f\u00fcr zus\u00e4tzlichen Komfort einfach platziert werden.   <\/p>\n<p><strong>Die Vorteile des Zipper Shoppers:<\/strong><\/p>\n<ul>\n<li>Mit einem Rei\u00dfverschluss und einem langen Griff f\u00fcr zus\u00e4tzlichen Tragekomfort<\/li>\n<li>Innenfach mit Rei\u00dfverschluss<\/li>\n<li>Hergestellt aus hochwertigen Materialien, damit die Tasche dem t\u00e4glichen Gebrauch standh\u00e4lt<\/li>\n<li>Der Zipper Shopper passt perfekt in Ihre Gep\u00e4cktaschen.<\/li>\n<\/ul>\n<p>Gr\u00f6\u00dfen \u2013 <a href=\"https:\/\/clarijs-fietstassen.nl\/wp-content\/uploads\/2026\/03\/Shopper-lijntekening.jpg\" target=\"_blank\" rel=\"noopener\">Afbeelding<\/a><br \/>\nDie Ma\u00dfe der Doppel-Fahrradtaschen sind in Zentimetern angegeben als: L\u00e4nge x Tiefe\/Breite x H\u00f6he<\/p>\n<p>Innen 33 x 16 x 32<br \/>\nAu\u00dfen 36 x 18 x 36<\/p>\n<p>Da die Taschen handgefertigt sind, k\u00f6nnen die Ma\u00dfe um etwa einen Zentimeter variieren.<\/p>\n<p><strong>Hochwertiges Material<\/strong><\/p>\n<p>Der Zipper Shopper Matt Mandelbl\u00fcte ist aus Bisonyl PVC-Gewebe gefertigt, einem Material, das f\u00fcr seine hervorragende Wasserdichtigkeit bekannt ist. Dieses hochwertige PVC-beschichtete Polyestergewebe bildet eine wasserabweisende Barriere, die Ihre Sachen auch bei Regen trocken h\u00e4lt. Dar\u00fcber hinaus ist PVC-Gewebe leicht zu reinigen und zu pflegen. Sie k\u00f6nnen die Tasche einfach mit einem feuchten Tuch abwischen oder mit milder Seife und Wasser reinigen.   <\/p>\n","protected":false},"excerpt":{"rendered":"<p>Lernen Sie den Zipper Shopper Matt Mandelbl\u00fcte kennen, eine elegante Tasche, die m\u00fchelos Funktionalit\u00e4t und minimalistisches Design vereint. Mit reichlich Stauraum und praktischen Details ist dieser Shopper ideal f\u00fcr den t\u00e4glichen Gebrauch. Die Tasche verf\u00fcgt \u00fcber einen Rei\u00dfverschluss und einen langen Henkel, der f\u00fcr zus\u00e4tzlichen Tragekomfort sorgt &#8211; perfekt f\u00fcr eine schnelle Besorgung. Au\u00dferdem passt [&hellip;]<\/p>\n","protected":false},"featured_media":49452,"comment_status":"open","ping_status":"closed","template":"","meta":{"_acf_changed":false,"_et_pb_use_builder":"","_et_pb_old_content":"","_et_gb_content_width":""},"product_brand":[],"product_cat":[695,756,759,760,769,755],"product_tag":[],"class_list":{"0":"post-49436","1":"product","2":"type-product","3":"status-publish","4":"has-post-thumbnail","6":"product_cat-bisonyl-packtaschen","7":"product_cat-shoppers-de","8":"product_cat-shoppers-mit-druck","9":"product_cat-shoppers-mit-reisverschluss","10":"product_cat-taschen","11":"product_cat-umhangetaschen","12":"pa_afmetingen-36-x-18-x-36-cm-l-x-b-x-h-de","13":"pa_kleur-matt-olive-de","14":"pa_materiaal-bisonyl-pvc-leinwand","15":"pa_merk-clarijs-covers-b-v-de","17":"first","18":"instock","19":"taxable","20":"shipping-taxable","21":"purchasable","22":"product-type-simple"},"acf":[],"yoast_head":"<!-- This site is optimized with the Yoast SEO Premium plugin v27.2 (Yoast SEO v27.3) - https:\/\/yoast.com\/product\/yoast-seo-premium-wordpress\/ -->\n<title>Zipper Shopper Matt Mandelbl\u00fcte - Clarijs Fietstassen<\/title>\n<meta name=\"description\" content=\"Der Zipper Shopper ist eine elegante Rei\u00dfverschlusstasche mit einem langen Griff. Er ist ideal f\u00fcr den t\u00e4glichen Gebrauch und passt nahtlos in die Clarijs Doppelpacktaschen.\" \/>\n<meta name=\"robots\" content=\"index, follow, max-snippet:-1, max-image-preview:large, max-video-preview:-1\" \/>\n<link rel=\"canonical\" href=\"https:\/\/clarijs-fietstassen.nl\/de\/produkt\/zipper-shopper-matt-schwarz-kopie\/\" \/>\n<meta property=\"og:locale\" content=\"de_DE\" \/>\n<meta property=\"og:type\" content=\"article\" \/>\n<meta property=\"og:title\" content=\"Zipper Shopper Matt Mandelbl\u00fcte\" \/>\n<meta property=\"og:description\" content=\"Der Zipper Shopper ist eine elegante Rei\u00dfverschlusstasche mit einem langen Griff. Er ist ideal f\u00fcr den t\u00e4glichen Gebrauch und passt nahtlos in die Clarijs Doppelpacktaschen.\" \/>\n<meta property=\"og:url\" content=\"https:\/\/clarijs-fietstassen.nl\/de\/produkt\/zipper-shopper-matt-schwarz-kopie\/\" \/>\n<meta property=\"og:site_name\" content=\"Clarijs Fietstassen\" \/>\n<meta property=\"article:publisher\" content=\"https:\/\/www.facebook.com\/clarijs1948\/\" \/>\n<meta property=\"article:modified_time\" content=\"2026-03-31T12:03:03+00:00\" \/>\n<meta property=\"og:image\" content=\"https:\/\/clarijs-fietstassen.nl\/wp-content\/uploads\/2025\/02\/zipper-shopper-amandel-bloesem.png\" \/>\n\t<meta property=\"og:image:width\" content=\"1000\" \/>\n\t<meta property=\"og:image:height\" content=\"1000\" \/>\n\t<meta property=\"og:image:type\" content=\"image\/png\" \/>\n<meta name=\"twitter:card\" content=\"summary_large_image\" \/>\n<meta name=\"twitter:label1\" content=\"Preis\" \/>\n\t<meta name=\"twitter:data1\" content=\"&euro;49.00\" \/>\n\t<meta name=\"twitter:label2\" content=\"Verf\u00fcgbarkeit\" \/>\n\t<meta name=\"twitter:data2\" content=\"Auf Lager\" \/>\n<script type=\"application\/ld+json\" class=\"yoast-schema-graph\">{\"@context\":\"https:\\\/\\\/schema.org\",\"@graph\":[{\"@type\":\"WebPage\",\"@id\":\"https:\\\/\\\/clarijs-fietstassen.nl\\\/de\\\/produkt\\\/zipper-shopper-matt-schwarz-kopie\\\/\",\"url\":\"https:\\\/\\\/clarijs-fietstassen.nl\\\/de\\\/produkt\\\/zipper-shopper-matt-schwarz-kopie\\\/\",\"name\":\"Zipper Shopper Matt Mandelbl\u00fcte - Clarijs Fietstassen\",\"isPartOf\":{\"@id\":\"https:\\\/\\\/clarijs-fietstassen.nl\\\/de\\\/#website\"},\"primaryImageOfPage\":{\"@id\":\"https:\\\/\\\/clarijs-fietstassen.nl\\\/de\\\/produkt\\\/zipper-shopper-matt-schwarz-kopie\\\/#primaryimage\"},\"image\":{\"@id\":\"https:\\\/\\\/clarijs-fietstassen.nl\\\/de\\\/produkt\\\/zipper-shopper-matt-schwarz-kopie\\\/#primaryimage\"},\"thumbnailUrl\":\"https:\\\/\\\/clarijs-fietstassen.nl\\\/wp-content\\\/uploads\\\/2025\\\/02\\\/zipper-shopper-amandel-bloesem.png\",\"datePublished\":\"2025-02-05T15:29:45+00:00\",\"dateModified\":\"2026-03-31T12:03:03+00:00\",\"description\":\"Der Zipper Shopper ist eine elegante Rei\u00dfverschlusstasche mit einem langen Griff. Er ist ideal f\u00fcr den t\u00e4glichen Gebrauch und passt nahtlos in die Clarijs Doppelpacktaschen.\",\"breadcrumb\":{\"@id\":\"https:\\\/\\\/clarijs-fietstassen.nl\\\/de\\\/produkt\\\/zipper-shopper-matt-schwarz-kopie\\\/#breadcrumb\"},\"inLanguage\":\"de\",\"potentialAction\":[{\"@type\":\"ReadAction\",\"target\":[\"https:\\\/\\\/clarijs-fietstassen.nl\\\/de\\\/produkt\\\/zipper-shopper-matt-schwarz-kopie\\\/\"]}]},{\"@type\":\"ImageObject\",\"inLanguage\":\"de\",\"@id\":\"https:\\\/\\\/clarijs-fietstassen.nl\\\/de\\\/produkt\\\/zipper-shopper-matt-schwarz-kopie\\\/#primaryimage\",\"url\":\"https:\\\/\\\/clarijs-fietstassen.nl\\\/wp-content\\\/uploads\\\/2025\\\/02\\\/zipper-shopper-amandel-bloesem.png\",\"contentUrl\":\"https:\\\/\\\/clarijs-fietstassen.nl\\\/wp-content\\\/uploads\\\/2025\\\/02\\\/zipper-shopper-amandel-bloesem.png\",\"width\":1000,\"height\":1000,\"caption\":\"Zipper Shopper Matt Mandelbl\u00fcte\"},{\"@type\":\"BreadcrumbList\",\"@id\":\"https:\\\/\\\/clarijs-fietstassen.nl\\\/de\\\/produkt\\\/zipper-shopper-matt-schwarz-kopie\\\/#breadcrumb\",\"itemListElement\":[{\"@type\":\"ListItem\",\"position\":1,\"name\":\"Home\",\"item\":\"https:\\\/\\\/clarijs-fietstassen.nl\\\/de\\\/\"},{\"@type\":\"ListItem\",\"position\":2,\"name\":\"Shop\",\"item\":\"https:\\\/\\\/clarijs-fietstassen.nl\\\/de\\\/shop\\\/\"},{\"@type\":\"ListItem\",\"position\":3,\"name\":\"Shoppers met rits\",\"item\":\"https:\\\/\\\/clarijs-fietstassen.nl\\\/shoppers-met-rits\\\/\"},{\"@type\":\"ListItem\",\"position\":4,\"name\":\"Zipper Shopper Matt Mandelbl\u00fcte\"}]},{\"@type\":\"WebSite\",\"@id\":\"https:\\\/\\\/clarijs-fietstassen.nl\\\/de\\\/#website\",\"url\":\"https:\\\/\\\/clarijs-fietstassen.nl\\\/de\\\/\",\"name\":\"Clarijs Fietstassen\",\"description\":\"Kwaliteit &amp; ambacht sinds 1948\",\"publisher\":{\"@id\":\"https:\\\/\\\/clarijs-fietstassen.nl\\\/de\\\/#organization\"},\"potentialAction\":[{\"@type\":\"SearchAction\",\"target\":{\"@type\":\"EntryPoint\",\"urlTemplate\":\"https:\\\/\\\/clarijs-fietstassen.nl\\\/de\\\/?s={search_term_string}\"},\"query-input\":{\"@type\":\"PropertyValueSpecification\",\"valueRequired\":true,\"valueName\":\"search_term_string\"}}],\"inLanguage\":\"de\"},{\"@type\":\"Organization\",\"@id\":\"https:\\\/\\\/clarijs-fietstassen.nl\\\/de\\\/#organization\",\"name\":\"Clarijs Fietstassen\",\"url\":\"https:\\\/\\\/clarijs-fietstassen.nl\\\/de\\\/\",\"logo\":{\"@type\":\"ImageObject\",\"inLanguage\":\"de\",\"@id\":\"https:\\\/\\\/clarijs-fietstassen.nl\\\/de\\\/#\\\/schema\\\/logo\\\/image\\\/\",\"url\":\"https:\\\/\\\/clarijs-fietstassen.nl\\\/wp-content\\\/uploads\\\/2024\\\/01\\\/clarijs-logo-met-rand.jpg\",\"contentUrl\":\"https:\\\/\\\/clarijs-fietstassen.nl\\\/wp-content\\\/uploads\\\/2024\\\/01\\\/clarijs-logo-met-rand.jpg\",\"width\":560,\"height\":266,\"caption\":\"Clarijs Fietstassen\"},\"image\":{\"@id\":\"https:\\\/\\\/clarijs-fietstassen.nl\\\/de\\\/#\\\/schema\\\/logo\\\/image\\\/\"},\"sameAs\":[\"https:\\\/\\\/www.facebook.com\\\/clarijs1948\\\/\",\"https:\\\/\\\/www.instagram.com\\\/clarijscovers\\\/\"]}]}<\/script>\n<meta property=\"product:price:amount\" content=\"49.00\" \/>\n<meta property=\"product:price:currency\" content=\"EUR\" \/>\n<meta property=\"og:availability\" content=\"instock\" \/>\n<meta property=\"product:availability\" content=\"instock\" \/>\n<meta property=\"product:retailer_item_id\" content=\"2105\" \/>\n<meta property=\"product:condition\" content=\"new\" \/>\n<!-- \/ Yoast SEO Premium plugin. -->","yoast_head_json":{"title":"Zipper Shopper Matt Mandelbl\u00fcte - Clarijs Fietstassen","description":"Der Zipper Shopper ist eine elegante Rei\u00dfverschlusstasche mit einem langen Griff. Er ist ideal f\u00fcr den t\u00e4glichen Gebrauch und passt nahtlos in die Clarijs Doppelpacktaschen.","robots":{"index":"index","follow":"follow","max-snippet":"max-snippet:-1","max-image-preview":"max-image-preview:large","max-video-preview":"max-video-preview:-1"},"canonical":"https:\/\/clarijs-fietstassen.nl\/de\/produkt\/zipper-shopper-matt-schwarz-kopie\/","og_locale":"de_DE","og_type":"article","og_title":"Zipper Shopper Matt Mandelbl\u00fcte","og_description":"Der Zipper Shopper ist eine elegante Rei\u00dfverschlusstasche mit einem langen Griff. Er ist ideal f\u00fcr den t\u00e4glichen Gebrauch und passt nahtlos in die Clarijs Doppelpacktaschen.","og_url":"https:\/\/clarijs-fietstassen.nl\/de\/produkt\/zipper-shopper-matt-schwarz-kopie\/","og_site_name":"Clarijs Fietstassen","article_publisher":"https:\/\/www.facebook.com\/clarijs1948\/","article_modified_time":"2026-03-31T12:03:03+00:00","og_image":[{"width":1000,"height":1000,"url":"https:\/\/clarijs-fietstassen.nl\/wp-content\/uploads\/2025\/02\/zipper-shopper-amandel-bloesem.png","type":"image\/png"}],"twitter_card":"summary_large_image","twitter_misc":{"Preis":"&euro;49.00","Verf\u00fcgbarkeit":"Auf Lager"},"schema":{"@context":"https:\/\/schema.org","@graph":[{"@type":"WebPage","@id":"https:\/\/clarijs-fietstassen.nl\/de\/produkt\/zipper-shopper-matt-schwarz-kopie\/","url":"https:\/\/clarijs-fietstassen.nl\/de\/produkt\/zipper-shopper-matt-schwarz-kopie\/","name":"Zipper Shopper Matt Mandelbl\u00fcte - Clarijs Fietstassen","isPartOf":{"@id":"https:\/\/clarijs-fietstassen.nl\/de\/#website"},"primaryImageOfPage":{"@id":"https:\/\/clarijs-fietstassen.nl\/de\/produkt\/zipper-shopper-matt-schwarz-kopie\/#primaryimage"},"image":{"@id":"https:\/\/clarijs-fietstassen.nl\/de\/produkt\/zipper-shopper-matt-schwarz-kopie\/#primaryimage"},"thumbnailUrl":"https:\/\/clarijs-fietstassen.nl\/wp-content\/uploads\/2025\/02\/zipper-shopper-amandel-bloesem.png","datePublished":"2025-02-05T15:29:45+00:00","dateModified":"2026-03-31T12:03:03+00:00","description":"Der Zipper Shopper ist eine elegante Rei\u00dfverschlusstasche mit einem langen Griff. Er ist ideal f\u00fcr den t\u00e4glichen Gebrauch und passt nahtlos in die Clarijs Doppelpacktaschen.","breadcrumb":{"@id":"https:\/\/clarijs-fietstassen.nl\/de\/produkt\/zipper-shopper-matt-schwarz-kopie\/#breadcrumb"},"inLanguage":"de","potentialAction":[{"@type":"ReadAction","target":["https:\/\/clarijs-fietstassen.nl\/de\/produkt\/zipper-shopper-matt-schwarz-kopie\/"]}]},{"@type":"ImageObject","inLanguage":"de","@id":"https:\/\/clarijs-fietstassen.nl\/de\/produkt\/zipper-shopper-matt-schwarz-kopie\/#primaryimage","url":"https:\/\/clarijs-fietstassen.nl\/wp-content\/uploads\/2025\/02\/zipper-shopper-amandel-bloesem.png","contentUrl":"https:\/\/clarijs-fietstassen.nl\/wp-content\/uploads\/2025\/02\/zipper-shopper-amandel-bloesem.png","width":1000,"height":1000,"caption":"Zipper Shopper Matt Mandelbl\u00fcte"},{"@type":"BreadcrumbList","@id":"https:\/\/clarijs-fietstassen.nl\/de\/produkt\/zipper-shopper-matt-schwarz-kopie\/#breadcrumb","itemListElement":[{"@type":"ListItem","position":1,"name":"Home","item":"https:\/\/clarijs-fietstassen.nl\/de\/"},{"@type":"ListItem","position":2,"name":"Shop","item":"https:\/\/clarijs-fietstassen.nl\/de\/shop\/"},{"@type":"ListItem","position":3,"name":"Shoppers met rits","item":"https:\/\/clarijs-fietstassen.nl\/shoppers-met-rits\/"},{"@type":"ListItem","position":4,"name":"Zipper Shopper Matt Mandelbl\u00fcte"}]},{"@type":"WebSite","@id":"https:\/\/clarijs-fietstassen.nl\/de\/#website","url":"https:\/\/clarijs-fietstassen.nl\/de\/","name":"Clarijs Fietstassen","description":"Kwaliteit &amp; ambacht sinds 1948","publisher":{"@id":"https:\/\/clarijs-fietstassen.nl\/de\/#organization"},"potentialAction":[{"@type":"SearchAction","target":{"@type":"EntryPoint","urlTemplate":"https:\/\/clarijs-fietstassen.nl\/de\/?s={search_term_string}"},"query-input":{"@type":"PropertyValueSpecification","valueRequired":true,"valueName":"search_term_string"}}],"inLanguage":"de"},{"@type":"Organization","@id":"https:\/\/clarijs-fietstassen.nl\/de\/#organization","name":"Clarijs Fietstassen","url":"https:\/\/clarijs-fietstassen.nl\/de\/","logo":{"@type":"ImageObject","inLanguage":"de","@id":"https:\/\/clarijs-fietstassen.nl\/de\/#\/schema\/logo\/image\/","url":"https:\/\/clarijs-fietstassen.nl\/wp-content\/uploads\/2024\/01\/clarijs-logo-met-rand.jpg","contentUrl":"https:\/\/clarijs-fietstassen.nl\/wp-content\/uploads\/2024\/01\/clarijs-logo-met-rand.jpg","width":560,"height":266,"caption":"Clarijs Fietstassen"},"image":{"@id":"https:\/\/clarijs-fietstassen.nl\/de\/#\/schema\/logo\/image\/"},"sameAs":["https:\/\/www.facebook.com\/clarijs1948\/","https:\/\/www.instagram.com\/clarijscovers\/"]}]},"product_price_amount":"49.00","product_price_currency":"EUR","og_availability":"instock","product_availability":"instock","product_retailer_item_id":"2105","product_condition":"new"},"_links":{"self":[{"href":"https:\/\/clarijs-fietstassen.nl\/de\/wp-json\/wp\/v2\/product\/49436","targetHints":{"allow":["GET"]}}],"collection":[{"href":"https:\/\/clarijs-fietstassen.nl\/de\/wp-json\/wp\/v2\/product"}],"about":[{"href":"https:\/\/clarijs-fietstassen.nl\/de\/wp-json\/wp\/v2\/types\/product"}],"replies":[{"embeddable":true,"href":"https:\/\/clarijs-fietstassen.nl\/de\/wp-json\/wp\/v2\/comments?post=49436"}],"wp:featuredmedia":[{"embeddable":true,"href":"https:\/\/clarijs-fietstassen.nl\/de\/wp-json\/wp\/v2\/media\/49452"}],"wp:attachment":[{"href":"https:\/\/clarijs-fietstassen.nl\/de\/wp-json\/wp\/v2\/media?parent=49436"}],"wp:term":[{"taxonomy":"product_brand","embeddable":true,"href":"https:\/\/clarijs-fietstassen.nl\/de\/wp-json\/wp\/v2\/product_brand?post=49436"},{"taxonomy":"product_cat","embeddable":true,"href":"https:\/\/clarijs-fietstassen.nl\/de\/wp-json\/wp\/v2\/product_cat?post=49436"},{"taxonomy":"product_tag","embeddable":true,"href":"https:\/\/clarijs-fietstassen.nl\/de\/wp-json\/wp\/v2\/product_tag?post=49436"}],"curies":[{"name":"wp","href":"https:\/\/api.w.org\/{rel}","templated":true}]}}