{"id":49539,"date":"2020-07-10T15:55:59","date_gmt":"2020-07-10T13:55:59","guid":{"rendered":"https:\/\/clarijs-fietstassen.nl\/?post_type=product&#038;p=49539"},"modified":"2025-11-28T10:17:59","modified_gmt":"2025-11-28T09:17:59","slug":"regenschutz-fahrrad-lastenrad","status":"publish","type":"product","link":"https:\/\/clarijs-fietstassen.nl\/de\/produkt\/regenschutz-fahrrad-lastenrad\/","title":{"rendered":"ReCover Regenh\u00fclle Fahrrad"},"content":{"rendered":"<p data-start=\"308\" data-end=\"593\">Mit dem <strong data-start=\"315\" data-end=\"342\">ReCover Fahrradregenh\u00fclle <\/strong>von Clarijs ist Ihr Fahrrad jederzeit gut gesch\u00fctzt. Diese robuste Abdeckung sch\u00fctzt vor Regen, Sonne und Schmutz, verhindert aber auch Sch\u00e4den durch \u00e4u\u00dfere Einfl\u00fcsse, wenn Ihr Fahrrad im Freien steht. So sieht Ihr Fahrrad l\u00e4nger gut aus und ist f\u00fcr den t\u00e4glichen Gebrauch bereit.  <\/p>\n<p data-start=\"595\" data-end=\"1019\"><strong data-start=\"595\" data-end=\"633\">Warum diesen Regenschutz w\u00e4hlen?<\/strong><br data-start=\"633\" data-end=\"636\">Dank des durchdachten Designs kannst du dein Fahrrad auch mit aufgezogener H\u00fclle leicht bewegen oder verschieben. Der Regenschutz h\u00e4lt dein Fahrrad bei Regen und Schnee trocken und sch\u00fctzt zudem vor Staub, Schmutz und Kratzern, wenn es l\u00e4ngere Zeit drau\u00dfen abgestellt ist. Das Material ist robust, wasserdicht und best\u00e4ndig gegen intensive Nutzung und langanhaltende Witterungseinfl\u00fcsse.  <\/p>\n<p data-start=\"1021\" data-end=\"1321\"><strong data-start=\"1021\" data-end=\"1054\">Praktisch und langlebig im Gebrauch<\/strong><br data-start=\"1054\" data-end=\"1057\">Der Clarijs Regenschutz ist ideal f\u00fcr alle, die ihr Fahrrad regelm\u00e4\u00dfig im Freien abstellen und dabei auf bestm\u00f6glichen Schutz achten. Ob f\u00fcr den t\u00e4glichen Arbeitsweg oder f\u00fcr Freizeitfahrten \u2013 mit dieser H\u00fclle bleibt dein Fahrrad jederzeit sicher und sauber. <\/p>\n<p data-start=\"1323\" data-end=\"1450\">Mit dem <strong>ReCover Regenh\u00fclle f\u00fcr Fahrr\u00e4der <\/strong>von Clarijs haben Sie die Gewissheit, dass Ihr Fahrrad immer gut gesch\u00fctzt ist, egal wie das Wetter ist oder wie lange Ihr Fahrrad drau\u00dfen steht. Ideal f\u00fcr den t\u00e4glichen Gebrauch und einfach zu benutzen, wenn Sie Ihr Fahrrad drau\u00dfen abstellen. Bestellen Sie noch heute!  <\/p>\n","protected":false},"excerpt":{"rendered":"<p>Mit dem ReCover Fahrradregenh\u00fclle von Clarijs ist Ihr Fahrrad jederzeit gut gesch\u00fctzt. Diese robuste Abdeckung sch\u00fctzt vor Regen, Sonne und Schmutz, verhindert aber auch Sch\u00e4den durch \u00e4u\u00dfere Einfl\u00fcsse, wenn Ihr Fahrrad im Freien steht. So sieht Ihr Fahrrad l\u00e4nger gut aus und ist f\u00fcr den t\u00e4glichen Gebrauch bereit. Warum diesen Regenschutz w\u00e4hlen?Dank des durchdachten Designs [&hellip;]<\/p>\n","protected":false},"featured_media":64650,"comment_status":"closed","ping_status":"closed","template":"","meta":{"_acf_changed":false,"_et_pb_use_builder":"","_et_pb_old_content":"","_et_gb_content_width":""},"product_brand":[],"product_cat":[687,694,698,701,700,708,723,738,693,688,749,751,775,684],"product_tag":[],"class_list":{"0":"post-49539","1":"product","2":"type-product","3":"status-publish","4":"has-post-thumbnail","6":"product_cat-bakfiets-nl-de","7":"product_cat-bimas-de","8":"product_cat-bullitt-de","9":"product_cat-cangoo-de","10":"product_cat-cube-de","11":"product_cat-dolly-de","12":"product_cat-fahrradzubehor","13":"product_cat-kr8-de","14":"product_cat-lastenrad-regenschutz","15":"product_cat-lastenrad-zubehor","16":"product_cat-nihola-de","17":"product_cat-raaks-de","18":"product_cat-vogue-de","19":"product_cat-zubehor","20":"pa_materiaal-gewebtes-nylon-pu","22":"first","23":"instock","24":"taxable","25":"shipping-taxable","26":"purchasable","27":"product-type-simple"},"acf":[],"yoast_head":"<!-- This site is optimized with the Yoast SEO Premium plugin v27.2 (Yoast SEO v27.3) - https:\/\/yoast.com\/product\/yoast-seo-premium-wordpress\/ -->\n<title>ReCover Regenh\u00fclle Fahrrad - Clarijs Fietstassen<\/title>\n<meta name=\"description\" content=\"SSch\u00fctze dein Fahrrad mit dem Clarijs Regenschutz. 100 % wasserdicht, robust und langlebig. Ideal f\u00fcr den t\u00e4glichen Einsatz im Freien.\" \/>\n<meta name=\"robots\" content=\"index, follow, max-snippet:-1, max-image-preview:large, max-video-preview:-1\" \/>\n<link rel=\"canonical\" href=\"https:\/\/clarijs-fietstassen.nl\/de\/produkt\/regenschutz-fahrrad-lastenrad\/\" \/>\n<meta property=\"og:locale\" content=\"de_DE\" \/>\n<meta property=\"og:type\" content=\"article\" \/>\n<meta property=\"og:title\" content=\"ReCover Regenh\u00fclle Fahrrad\" \/>\n<meta property=\"og:description\" content=\"SSch\u00fctze dein Fahrrad mit dem Clarijs Regenschutz. 100 % wasserdicht, robust und langlebig. Ideal f\u00fcr den t\u00e4glichen Einsatz im Freien.\" \/>\n<meta property=\"og:url\" content=\"https:\/\/clarijs-fietstassen.nl\/de\/produkt\/regenschutz-fahrrad-lastenrad\/\" \/>\n<meta property=\"og:site_name\" content=\"Clarijs Fietstassen\" \/>\n<meta property=\"article:publisher\" content=\"https:\/\/www.facebook.com\/clarijs1948\/\" \/>\n<meta property=\"article:modified_time\" content=\"2025-11-28T09:17:59+00:00\" \/>\n<meta property=\"og:image\" content=\"https:\/\/clarijs-fietstassen.nl\/wp-content\/uploads\/2025\/02\/regenhoes-bak-fiets-2.png\" \/>\n\t<meta property=\"og:image:width\" content=\"1000\" \/>\n\t<meta property=\"og:image:height\" content=\"1000\" \/>\n\t<meta property=\"og:image:type\" content=\"image\/png\" \/>\n<meta name=\"twitter:card\" content=\"summary_large_image\" \/>\n<meta name=\"twitter:label1\" content=\"Preis\" \/>\n\t<meta name=\"twitter:data1\" content=\"&euro;99.00\" \/>\n\t<meta name=\"twitter:label2\" content=\"Verf\u00fcgbarkeit\" \/>\n\t<meta name=\"twitter:data2\" content=\"Auf Lager\" \/>\n<script type=\"application\/ld+json\" class=\"yoast-schema-graph\">{\"@context\":\"https:\\\/\\\/schema.org\",\"@graph\":[{\"@type\":\"WebPage\",\"@id\":\"https:\\\/\\\/clarijs-fietstassen.nl\\\/de\\\/produkt\\\/regenschutz-fahrrad-lastenrad\\\/\",\"url\":\"https:\\\/\\\/clarijs-fietstassen.nl\\\/de\\\/produkt\\\/regenschutz-fahrrad-lastenrad\\\/\",\"name\":\"ReCover Regenh\u00fclle Fahrrad - Clarijs Fietstassen\",\"isPartOf\":{\"@id\":\"https:\\\/\\\/clarijs-fietstassen.nl\\\/de\\\/#website\"},\"primaryImageOfPage\":{\"@id\":\"https:\\\/\\\/clarijs-fietstassen.nl\\\/de\\\/produkt\\\/regenschutz-fahrrad-lastenrad\\\/#primaryimage\"},\"image\":{\"@id\":\"https:\\\/\\\/clarijs-fietstassen.nl\\\/de\\\/produkt\\\/regenschutz-fahrrad-lastenrad\\\/#primaryimage\"},\"thumbnailUrl\":\"https:\\\/\\\/clarijs-fietstassen.nl\\\/wp-content\\\/uploads\\\/2020\\\/07\\\/regenhoes-fiets.jpg\",\"datePublished\":\"2020-07-10T13:55:59+00:00\",\"dateModified\":\"2025-11-28T09:17:59+00:00\",\"description\":\"SSch\u00fctze dein Fahrrad mit dem Clarijs Regenschutz. 100 % wasserdicht, robust und langlebig. Ideal f\u00fcr den t\u00e4glichen Einsatz im Freien.\",\"breadcrumb\":{\"@id\":\"https:\\\/\\\/clarijs-fietstassen.nl\\\/de\\\/produkt\\\/regenschutz-fahrrad-lastenrad\\\/#breadcrumb\"},\"inLanguage\":\"de\",\"potentialAction\":[{\"@type\":\"ReadAction\",\"target\":[\"https:\\\/\\\/clarijs-fietstassen.nl\\\/de\\\/produkt\\\/regenschutz-fahrrad-lastenrad\\\/\"]}]},{\"@type\":\"ImageObject\",\"inLanguage\":\"de\",\"@id\":\"https:\\\/\\\/clarijs-fietstassen.nl\\\/de\\\/produkt\\\/regenschutz-fahrrad-lastenrad\\\/#primaryimage\",\"url\":\"https:\\\/\\\/clarijs-fietstassen.nl\\\/wp-content\\\/uploads\\\/2020\\\/07\\\/regenhoes-fiets.jpg\",\"contentUrl\":\"https:\\\/\\\/clarijs-fietstassen.nl\\\/wp-content\\\/uploads\\\/2020\\\/07\\\/regenhoes-fiets.jpg\",\"width\":1200,\"height\":1200,\"caption\":\"Regenhoes voor je fiets\"},{\"@type\":\"BreadcrumbList\",\"@id\":\"https:\\\/\\\/clarijs-fietstassen.nl\\\/de\\\/produkt\\\/regenschutz-fahrrad-lastenrad\\\/#breadcrumb\",\"itemListElement\":[{\"@type\":\"ListItem\",\"position\":1,\"name\":\"Home\",\"item\":\"https:\\\/\\\/clarijs-fietstassen.nl\\\/de\\\/\"},{\"@type\":\"ListItem\",\"position\":2,\"name\":\"Shop\",\"item\":\"https:\\\/\\\/clarijs-fietstassen.nl\\\/de\\\/shop\\\/\"},{\"@type\":\"ListItem\",\"position\":3,\"name\":\"Accessoires\",\"item\":\"https:\\\/\\\/clarijs-fietstassen.nl\\\/accessoires\\\/\"},{\"@type\":\"ListItem\",\"position\":4,\"name\":\"ReCover Regenh\u00fclle Fahrrad\"}]},{\"@type\":\"WebSite\",\"@id\":\"https:\\\/\\\/clarijs-fietstassen.nl\\\/de\\\/#website\",\"url\":\"https:\\\/\\\/clarijs-fietstassen.nl\\\/de\\\/\",\"name\":\"Clarijs Fietstassen\",\"description\":\"Kwaliteit &amp; ambacht sinds 1948\",\"publisher\":{\"@id\":\"https:\\\/\\\/clarijs-fietstassen.nl\\\/de\\\/#organization\"},\"potentialAction\":[{\"@type\":\"SearchAction\",\"target\":{\"@type\":\"EntryPoint\",\"urlTemplate\":\"https:\\\/\\\/clarijs-fietstassen.nl\\\/de\\\/?s={search_term_string}\"},\"query-input\":{\"@type\":\"PropertyValueSpecification\",\"valueRequired\":true,\"valueName\":\"search_term_string\"}}],\"inLanguage\":\"de\"},{\"@type\":\"Organization\",\"@id\":\"https:\\\/\\\/clarijs-fietstassen.nl\\\/de\\\/#organization\",\"name\":\"Clarijs Fietstassen\",\"url\":\"https:\\\/\\\/clarijs-fietstassen.nl\\\/de\\\/\",\"logo\":{\"@type\":\"ImageObject\",\"inLanguage\":\"de\",\"@id\":\"https:\\\/\\\/clarijs-fietstassen.nl\\\/de\\\/#\\\/schema\\\/logo\\\/image\\\/\",\"url\":\"https:\\\/\\\/clarijs-fietstassen.nl\\\/wp-content\\\/uploads\\\/2024\\\/01\\\/clarijs-logo-met-rand.jpg\",\"contentUrl\":\"https:\\\/\\\/clarijs-fietstassen.nl\\\/wp-content\\\/uploads\\\/2024\\\/01\\\/clarijs-logo-met-rand.jpg\",\"width\":560,\"height\":266,\"caption\":\"Clarijs Fietstassen\"},\"image\":{\"@id\":\"https:\\\/\\\/clarijs-fietstassen.nl\\\/de\\\/#\\\/schema\\\/logo\\\/image\\\/\"},\"sameAs\":[\"https:\\\/\\\/www.facebook.com\\\/clarijs1948\\\/\",\"https:\\\/\\\/www.instagram.com\\\/clarijscovers\\\/\"]}]}<\/script>\n<meta property=\"product:price:amount\" content=\"99.00\" \/>\n<meta property=\"product:price:currency\" content=\"EUR\" \/>\n<meta property=\"og:availability\" content=\"instock\" \/>\n<meta property=\"product:availability\" content=\"instock\" \/>\n<meta property=\"product:retailer_item_id\" content=\"4082\" \/>\n<meta property=\"product:condition\" content=\"new\" \/>\n<!-- \/ Yoast SEO Premium plugin. -->","yoast_head_json":{"title":"ReCover Regenh\u00fclle Fahrrad - Clarijs Fietstassen","description":"SSch\u00fctze dein Fahrrad mit dem Clarijs Regenschutz. 100 % wasserdicht, robust und langlebig. Ideal f\u00fcr den t\u00e4glichen Einsatz im Freien.","robots":{"index":"index","follow":"follow","max-snippet":"max-snippet:-1","max-image-preview":"max-image-preview:large","max-video-preview":"max-video-preview:-1"},"canonical":"https:\/\/clarijs-fietstassen.nl\/de\/produkt\/regenschutz-fahrrad-lastenrad\/","og_locale":"de_DE","og_type":"article","og_title":"ReCover Regenh\u00fclle Fahrrad","og_description":"SSch\u00fctze dein Fahrrad mit dem Clarijs Regenschutz. 100 % wasserdicht, robust und langlebig. Ideal f\u00fcr den t\u00e4glichen Einsatz im Freien.","og_url":"https:\/\/clarijs-fietstassen.nl\/de\/produkt\/regenschutz-fahrrad-lastenrad\/","og_site_name":"Clarijs Fietstassen","article_publisher":"https:\/\/www.facebook.com\/clarijs1948\/","article_modified_time":"2025-11-28T09:17:59+00:00","og_image":[{"width":1000,"height":1000,"url":"https:\/\/clarijs-fietstassen.nl\/wp-content\/uploads\/2025\/02\/regenhoes-bak-fiets-2.png","type":"image\/png"}],"twitter_card":"summary_large_image","twitter_misc":{"Preis":"&euro;99.00","Verf\u00fcgbarkeit":"Auf Lager"},"schema":{"@context":"https:\/\/schema.org","@graph":[{"@type":"WebPage","@id":"https:\/\/clarijs-fietstassen.nl\/de\/produkt\/regenschutz-fahrrad-lastenrad\/","url":"https:\/\/clarijs-fietstassen.nl\/de\/produkt\/regenschutz-fahrrad-lastenrad\/","name":"ReCover Regenh\u00fclle Fahrrad - Clarijs Fietstassen","isPartOf":{"@id":"https:\/\/clarijs-fietstassen.nl\/de\/#website"},"primaryImageOfPage":{"@id":"https:\/\/clarijs-fietstassen.nl\/de\/produkt\/regenschutz-fahrrad-lastenrad\/#primaryimage"},"image":{"@id":"https:\/\/clarijs-fietstassen.nl\/de\/produkt\/regenschutz-fahrrad-lastenrad\/#primaryimage"},"thumbnailUrl":"https:\/\/clarijs-fietstassen.nl\/wp-content\/uploads\/2020\/07\/regenhoes-fiets.jpg","datePublished":"2020-07-10T13:55:59+00:00","dateModified":"2025-11-28T09:17:59+00:00","description":"SSch\u00fctze dein Fahrrad mit dem Clarijs Regenschutz. 100 % wasserdicht, robust und langlebig. Ideal f\u00fcr den t\u00e4glichen Einsatz im Freien.","breadcrumb":{"@id":"https:\/\/clarijs-fietstassen.nl\/de\/produkt\/regenschutz-fahrrad-lastenrad\/#breadcrumb"},"inLanguage":"de","potentialAction":[{"@type":"ReadAction","target":["https:\/\/clarijs-fietstassen.nl\/de\/produkt\/regenschutz-fahrrad-lastenrad\/"]}]},{"@type":"ImageObject","inLanguage":"de","@id":"https:\/\/clarijs-fietstassen.nl\/de\/produkt\/regenschutz-fahrrad-lastenrad\/#primaryimage","url":"https:\/\/clarijs-fietstassen.nl\/wp-content\/uploads\/2020\/07\/regenhoes-fiets.jpg","contentUrl":"https:\/\/clarijs-fietstassen.nl\/wp-content\/uploads\/2020\/07\/regenhoes-fiets.jpg","width":1200,"height":1200,"caption":"Regenhoes voor je fiets"},{"@type":"BreadcrumbList","@id":"https:\/\/clarijs-fietstassen.nl\/de\/produkt\/regenschutz-fahrrad-lastenrad\/#breadcrumb","itemListElement":[{"@type":"ListItem","position":1,"name":"Home","item":"https:\/\/clarijs-fietstassen.nl\/de\/"},{"@type":"ListItem","position":2,"name":"Shop","item":"https:\/\/clarijs-fietstassen.nl\/de\/shop\/"},{"@type":"ListItem","position":3,"name":"Accessoires","item":"https:\/\/clarijs-fietstassen.nl\/accessoires\/"},{"@type":"ListItem","position":4,"name":"ReCover Regenh\u00fclle Fahrrad"}]},{"@type":"WebSite","@id":"https:\/\/clarijs-fietstassen.nl\/de\/#website","url":"https:\/\/clarijs-fietstassen.nl\/de\/","name":"Clarijs Fietstassen","description":"Kwaliteit &amp; ambacht sinds 1948","publisher":{"@id":"https:\/\/clarijs-fietstassen.nl\/de\/#organization"},"potentialAction":[{"@type":"SearchAction","target":{"@type":"EntryPoint","urlTemplate":"https:\/\/clarijs-fietstassen.nl\/de\/?s={search_term_string}"},"query-input":{"@type":"PropertyValueSpecification","valueRequired":true,"valueName":"search_term_string"}}],"inLanguage":"de"},{"@type":"Organization","@id":"https:\/\/clarijs-fietstassen.nl\/de\/#organization","name":"Clarijs Fietstassen","url":"https:\/\/clarijs-fietstassen.nl\/de\/","logo":{"@type":"ImageObject","inLanguage":"de","@id":"https:\/\/clarijs-fietstassen.nl\/de\/#\/schema\/logo\/image\/","url":"https:\/\/clarijs-fietstassen.nl\/wp-content\/uploads\/2024\/01\/clarijs-logo-met-rand.jpg","contentUrl":"https:\/\/clarijs-fietstassen.nl\/wp-content\/uploads\/2024\/01\/clarijs-logo-met-rand.jpg","width":560,"height":266,"caption":"Clarijs Fietstassen"},"image":{"@id":"https:\/\/clarijs-fietstassen.nl\/de\/#\/schema\/logo\/image\/"},"sameAs":["https:\/\/www.facebook.com\/clarijs1948\/","https:\/\/www.instagram.com\/clarijscovers\/"]}]},"product_price_amount":"99.00","product_price_currency":"EUR","og_availability":"instock","product_availability":"instock","product_retailer_item_id":"4082","product_condition":"new"},"_links":{"self":[{"href":"https:\/\/clarijs-fietstassen.nl\/de\/wp-json\/wp\/v2\/product\/49539","targetHints":{"allow":["GET"]}}],"collection":[{"href":"https:\/\/clarijs-fietstassen.nl\/de\/wp-json\/wp\/v2\/product"}],"about":[{"href":"https:\/\/clarijs-fietstassen.nl\/de\/wp-json\/wp\/v2\/types\/product"}],"replies":[{"embeddable":true,"href":"https:\/\/clarijs-fietstassen.nl\/de\/wp-json\/wp\/v2\/comments?post=49539"}],"wp:featuredmedia":[{"embeddable":true,"href":"https:\/\/clarijs-fietstassen.nl\/de\/wp-json\/wp\/v2\/media\/64650"}],"wp:attachment":[{"href":"https:\/\/clarijs-fietstassen.nl\/de\/wp-json\/wp\/v2\/media?parent=49539"}],"wp:term":[{"taxonomy":"product_brand","embeddable":true,"href":"https:\/\/clarijs-fietstassen.nl\/de\/wp-json\/wp\/v2\/product_brand?post=49539"},{"taxonomy":"product_cat","embeddable":true,"href":"https:\/\/clarijs-fietstassen.nl\/de\/wp-json\/wp\/v2\/product_cat?post=49539"},{"taxonomy":"product_tag","embeddable":true,"href":"https:\/\/clarijs-fietstassen.nl\/de\/wp-json\/wp\/v2\/product_tag?post=49539"}],"curies":[{"name":"wp","href":"https:\/\/api.w.org\/{rel}","templated":true}]}}