{"id":49749,"date":"2025-02-17T11:56:59","date_gmt":"2025-02-17T10:56:59","guid":{"rendered":"https:\/\/clarijs-fietstassen.nl\/?post_type=product&#038;p=49749"},"modified":"2026-03-12T10:35:34","modified_gmt":"2026-03-12T09:35:34","slug":"doppelte-fahrradtasche-dutch-houses","status":"publish","type":"product","link":"https:\/\/clarijs-fietstassen.nl\/de\/produkt\/doppelte-fahrradtasche-dutch-houses\/","title":{"rendered":"Outlet &#8211; Dubbele Fietstas Travel"},"content":{"rendered":"<p data-start=\"180\" data-end=\"535\">Das Outlet \u2013 Doppelte Fahrradtasche Travel ist eine handgefertigte und voll funktionsf\u00e4hige Fahrradtasche von Clarijs. Mit einem Preisnachlass von 35% profitieren Sie von der gleichen Qualit\u00e4t und Haltbarkeit, aber jetzt zu einem besonders g\u00fcnstigen Preis. Diese Outlet-Tasche hat einen Aufdruck, der nicht mehr verf\u00fcgbar ist.  <\/p>\n<p>Die Tasche ist praktisch im Gebrauch und f\u00fcr den t\u00e4glichen Einsatz geeignet. Das ger\u00e4umige Fassungsverm\u00f6gen bietet gen\u00fcgend Platz f\u00fcr Lebensmittel, Sportausr\u00fcstung oder Ihre t\u00e4glichen Arbeitsutensilien. Dank der robusten Materialien und der guten Verarbeitung kann die Tasche Wind und Wetter trotzen und ist somit perfekt f\u00fcr den t\u00e4glichen Gebrauch geeignet.  <\/p>\n<p data-start=\"873\" data-end=\"1070\">Wie alle Clarijs Fahrradtaschen wird auch dieses Outlet-Modell in den Niederlanden aus hochwertigen EU-Materialien handgefertigt. Mit diesem Outlet-Angebot erhalten Sie Spitzenqualit\u00e4t zu einem reduzierten Preis. <\/p>\n<p data-start=\"1082\" data-end=\"1143\"><strong data-start=\"1082\" data-end=\"1141\">Sind Outlet-Fahrradtaschen trotzdem von guter Qualit\u00e4t?<\/strong><\/p>\n<p data-start=\"1082\" data-end=\"1143\">Ja, unsere Outlet-Fahrradtaschen bieten die gleiche Funktionalit\u00e4t und Qualit\u00e4t wie die regul\u00e4ren Modelle.<\/p>\n<ul data-start=\"1144\" data-end=\"1336\">\n<li data-start=\"1144\" data-end=\"1206\">\n<p data-start=\"1146\" data-end=\"1206\">Outlet-Modell mit Rabatt, da der Aufdruck nicht mehr verf\u00fcgbar ist<\/p>\n<\/li>\n<li> Voll funktionsf\u00e4hig und bereit f\u00fcr den t\u00e4glichen Gebrauch<\/li>\n<li data-start=\"1207\" data-end=\"1257\">\n<p data-start=\"1209\" data-end=\"1257\">Handgefertigt in den Niederlanden aus starken Materialien<\/p>\n<\/li>\n<li data-start=\"1258\" data-end=\"1284\">\n<p data-start=\"1260\" data-end=\"1284\">Gr\u00f6\u00dfe: Innen 36 \u00d7 18 \u00d7 32 cm | Au\u00dfen 40 \u00d7 20 \u00d7 33 cm<\/p>\n<\/li>\n<\/ul>\n","protected":false},"excerpt":{"rendered":"<p>Das Outlet \u2013 Doppelte Fahrradtasche Travel ist eine handgefertigte und voll funktionsf\u00e4hige Fahrradtasche von Clarijs. Mit einem Preisnachlass von 35% profitieren Sie von der gleichen Qualit\u00e4t und Haltbarkeit, aber jetzt zu einem besonders g\u00fcnstigen Preis. Diese Outlet-Tasche hat einen Aufdruck, der nicht mehr verf\u00fcgbar ist. Die Tasche ist praktisch im Gebrauch und f\u00fcr den t\u00e4glichen [&hellip;]<\/p>\n","protected":false},"featured_media":58167,"comment_status":"closed","ping_status":"closed","template":"","meta":{"_acf_changed":false,"_et_pb_use_builder":"","_et_pb_old_content":"","_et_gb_content_width":""},"product_brand":[],"product_cat":[879,714,939,777],"product_tag":[],"class_list":{"0":"post-49749","1":"product","2":"type-product","3":"status-publish","4":"has-post-thumbnail","6":"product_cat-deals","7":"product_cat-doppelte-fahrradtaschen","8":"product_cat-de-outlet","9":"product_cat-wasserdichte-fahrradtaschen","10":"pa_afmetingen-40-x-20-x-33-cm-l-x-b-x-h-de","11":"pa_geschikt-voor-e-bike-ja-de","12":"pa_geschikt-voor-ledlampjes-ja-de","13":"pa_inhoud-42-liter-de","14":"pa_materiaal-bisonyl-pvc-leinwand","15":"pa_reflectie-ja-de","16":"pa_snelbinders-toegankelijk-ja-wahlen-sie-die-option-schneiden-oder-aussparen-der-mitte","18":"first","19":"instock","20":"taxable","21":"shipping-taxable","22":"purchasable","23":"product-type-simple"},"acf":[],"yoast_head":"<!-- This site is optimized with the Yoast SEO Premium plugin v27.2 (Yoast SEO v27.3) - https:\/\/yoast.com\/product\/yoast-seo-premium-wordpress\/ -->\n<title>Outlet - Dubbele Fietstas Travel - Clarijs Fietstassen<\/title>\n<meta name=\"description\" content=\"Outlet - Dubbele Fietstas Travel Sie ist aus PVC-Canvas, einem wasserdichten Material, hergestellt. Die Tasche hat au\u00dferdem Reflexionen auf der Vorder- und R\u00fcckseite. Bestellen Sie es jetzt!\" \/>\n<meta name=\"robots\" content=\"index, follow, max-snippet:-1, max-image-preview:large, max-video-preview:-1\" \/>\n<link rel=\"canonical\" href=\"https:\/\/clarijs-fietstassen.nl\/dubbele-fietstas-travel\/\" \/>\n<meta property=\"og:locale\" content=\"de_DE\" \/>\n<meta property=\"og:type\" content=\"article\" \/>\n<meta property=\"og:title\" content=\"Outlet - Dubbele Fietstas Travel\" \/>\n<meta property=\"og:description\" content=\"Outlet - Dubbele Fietstas Travel Sie ist aus PVC-Canvas, einem wasserdichten Material, hergestellt. Die Tasche hat au\u00dferdem Reflexionen auf der Vorder- und R\u00fcckseite. Bestellen Sie es jetzt!\" \/>\n<meta property=\"og:url\" content=\"https:\/\/clarijs-fietstassen.nl\/dubbele-fietstas-travel\/\" \/>\n<meta property=\"og:site_name\" content=\"Clarijs Fietstassen\" \/>\n<meta property=\"article:publisher\" content=\"https:\/\/www.facebook.com\/clarijs1948\/\" \/>\n<meta property=\"article:modified_time\" content=\"2026-03-12T09:35:34+00:00\" \/>\n<meta property=\"og:image\" content=\"https:\/\/clarijs-fietstassen.nl\/wp-content\/uploads\/2025\/02\/Outlet-Dubbele-Fietstas-Travel-XL-.png\" \/>\n\t<meta property=\"og:image:width\" content=\"1000\" \/>\n\t<meta property=\"og:image:height\" content=\"1000\" \/>\n\t<meta property=\"og:image:type\" content=\"image\/png\" \/>\n<meta name=\"twitter:card\" content=\"summary_large_image\" \/>\n<meta name=\"twitter:label1\" content=\"Preis\" \/>\n\t<meta name=\"twitter:data1\" content=\"&euro;48.75\" \/>\n\t<meta name=\"twitter:label2\" content=\"Verf\u00fcgbarkeit\" \/>\n\t<meta name=\"twitter:data2\" content=\"Auf Lager\" \/>\n<script type=\"application\/ld+json\" class=\"yoast-schema-graph\">{\"@context\":\"https:\\\/\\\/schema.org\",\"@graph\":[{\"@type\":\"WebPage\",\"@id\":\"https:\\\/\\\/clarijs-fietstassen.nl\\\/dubbele-fietstas-travel\\\/\",\"url\":\"https:\\\/\\\/clarijs-fietstassen.nl\\\/dubbele-fietstas-travel\\\/\",\"name\":\"Outlet - Dubbele Fietstas Travel - Clarijs Fietstassen\",\"isPartOf\":{\"@id\":\"https:\\\/\\\/clarijs-fietstassen.nl\\\/de\\\/#website\"},\"primaryImageOfPage\":{\"@id\":\"https:\\\/\\\/clarijs-fietstassen.nl\\\/dubbele-fietstas-travel\\\/#primaryimage\"},\"image\":{\"@id\":\"https:\\\/\\\/clarijs-fietstassen.nl\\\/dubbele-fietstas-travel\\\/#primaryimage\"},\"thumbnailUrl\":\"https:\\\/\\\/clarijs-fietstassen.nl\\\/wp-content\\\/uploads\\\/2025\\\/02\\\/Outlet-Dubbele-Fietstas-Travel-XL-.png\",\"datePublished\":\"2025-02-17T10:56:59+00:00\",\"dateModified\":\"2026-03-12T09:35:34+00:00\",\"description\":\"Outlet - Dubbele Fietstas Travel Sie ist aus PVC-Canvas, einem wasserdichten Material, hergestellt. Die Tasche hat au\u00dferdem Reflexionen auf der Vorder- und R\u00fcckseite. Bestellen Sie es jetzt!\",\"breadcrumb\":{\"@id\":\"https:\\\/\\\/clarijs-fietstassen.nl\\\/dubbele-fietstas-travel\\\/#breadcrumb\"},\"inLanguage\":\"de\",\"potentialAction\":[{\"@type\":\"ReadAction\",\"target\":[\"https:\\\/\\\/clarijs-fietstassen.nl\\\/dubbele-fietstas-travel\\\/\"]}]},{\"@type\":\"ImageObject\",\"inLanguage\":\"de\",\"@id\":\"https:\\\/\\\/clarijs-fietstassen.nl\\\/dubbele-fietstas-travel\\\/#primaryimage\",\"url\":\"https:\\\/\\\/clarijs-fietstassen.nl\\\/wp-content\\\/uploads\\\/2025\\\/02\\\/Outlet-Dubbele-Fietstas-Travel-XL-.png\",\"contentUrl\":\"https:\\\/\\\/clarijs-fietstassen.nl\\\/wp-content\\\/uploads\\\/2025\\\/02\\\/Outlet-Dubbele-Fietstas-Travel-XL-.png\",\"width\":1000,\"height\":1000,\"caption\":\"Outlet \u2013 Doppelte Fahrradtasche Travel\"},{\"@type\":\"BreadcrumbList\",\"@id\":\"https:\\\/\\\/clarijs-fietstassen.nl\\\/dubbele-fietstas-travel\\\/#breadcrumb\",\"itemListElement\":[{\"@type\":\"ListItem\",\"position\":1,\"name\":\"Home\",\"item\":\"https:\\\/\\\/clarijs-fietstassen.nl\\\/de\\\/\"},{\"@type\":\"ListItem\",\"position\":2,\"name\":\"Shop\",\"item\":\"https:\\\/\\\/clarijs-fietstassen.nl\\\/de\\\/shop\\\/\"},{\"@type\":\"ListItem\",\"position\":3,\"name\":\"Deals\",\"item\":\"https:\\\/\\\/clarijs-fietstassen.nl\\\/de\\\/deals\\\/\"},{\"@type\":\"ListItem\",\"position\":4,\"name\":\"Outlet &#8211; Dubbele Fietstas Travel\"}]},{\"@type\":\"WebSite\",\"@id\":\"https:\\\/\\\/clarijs-fietstassen.nl\\\/de\\\/#website\",\"url\":\"https:\\\/\\\/clarijs-fietstassen.nl\\\/de\\\/\",\"name\":\"Clarijs Fietstassen\",\"description\":\"Kwaliteit &amp; ambacht sinds 1948\",\"publisher\":{\"@id\":\"https:\\\/\\\/clarijs-fietstassen.nl\\\/de\\\/#organization\"},\"potentialAction\":[{\"@type\":\"SearchAction\",\"target\":{\"@type\":\"EntryPoint\",\"urlTemplate\":\"https:\\\/\\\/clarijs-fietstassen.nl\\\/de\\\/?s={search_term_string}\"},\"query-input\":{\"@type\":\"PropertyValueSpecification\",\"valueRequired\":true,\"valueName\":\"search_term_string\"}}],\"inLanguage\":\"de\"},{\"@type\":\"Organization\",\"@id\":\"https:\\\/\\\/clarijs-fietstassen.nl\\\/de\\\/#organization\",\"name\":\"Clarijs Fietstassen\",\"url\":\"https:\\\/\\\/clarijs-fietstassen.nl\\\/de\\\/\",\"logo\":{\"@type\":\"ImageObject\",\"inLanguage\":\"de\",\"@id\":\"https:\\\/\\\/clarijs-fietstassen.nl\\\/de\\\/#\\\/schema\\\/logo\\\/image\\\/\",\"url\":\"https:\\\/\\\/clarijs-fietstassen.nl\\\/wp-content\\\/uploads\\\/2024\\\/01\\\/clarijs-logo-met-rand.jpg\",\"contentUrl\":\"https:\\\/\\\/clarijs-fietstassen.nl\\\/wp-content\\\/uploads\\\/2024\\\/01\\\/clarijs-logo-met-rand.jpg\",\"width\":560,\"height\":266,\"caption\":\"Clarijs Fietstassen\"},\"image\":{\"@id\":\"https:\\\/\\\/clarijs-fietstassen.nl\\\/de\\\/#\\\/schema\\\/logo\\\/image\\\/\"},\"sameAs\":[\"https:\\\/\\\/www.facebook.com\\\/clarijs1948\\\/\",\"https:\\\/\\\/www.instagram.com\\\/clarijscovers\\\/\"]}]}<\/script>\n<meta property=\"product:price:amount\" content=\"48.75\" \/>\n<meta property=\"product:price:currency\" content=\"EUR\" \/>\n<meta property=\"og:availability\" content=\"instock\" \/>\n<meta property=\"product:availability\" content=\"instock\" \/>\n<meta property=\"product:retailer_item_id\" content=\"1096\" \/>\n<meta property=\"product:condition\" content=\"new\" \/>\n<!-- \/ Yoast SEO Premium plugin. -->","yoast_head_json":{"title":"Outlet - Dubbele Fietstas Travel - Clarijs Fietstassen","description":"Outlet - Dubbele Fietstas Travel Sie ist aus PVC-Canvas, einem wasserdichten Material, hergestellt. Die Tasche hat au\u00dferdem Reflexionen auf der Vorder- und R\u00fcckseite. Bestellen Sie es jetzt!","robots":{"index":"index","follow":"follow","max-snippet":"max-snippet:-1","max-image-preview":"max-image-preview:large","max-video-preview":"max-video-preview:-1"},"canonical":"https:\/\/clarijs-fietstassen.nl\/dubbele-fietstas-travel\/","og_locale":"de_DE","og_type":"article","og_title":"Outlet - Dubbele Fietstas Travel","og_description":"Outlet - Dubbele Fietstas Travel Sie ist aus PVC-Canvas, einem wasserdichten Material, hergestellt. Die Tasche hat au\u00dferdem Reflexionen auf der Vorder- und R\u00fcckseite. Bestellen Sie es jetzt!","og_url":"https:\/\/clarijs-fietstassen.nl\/dubbele-fietstas-travel\/","og_site_name":"Clarijs Fietstassen","article_publisher":"https:\/\/www.facebook.com\/clarijs1948\/","article_modified_time":"2026-03-12T09:35:34+00:00","og_image":[{"width":1000,"height":1000,"url":"https:\/\/clarijs-fietstassen.nl\/wp-content\/uploads\/2025\/02\/Outlet-Dubbele-Fietstas-Travel-XL-.png","type":"image\/png"}],"twitter_card":"summary_large_image","twitter_misc":{"Preis":"&euro;48.75","Verf\u00fcgbarkeit":"Auf Lager"},"schema":{"@context":"https:\/\/schema.org","@graph":[{"@type":"WebPage","@id":"https:\/\/clarijs-fietstassen.nl\/dubbele-fietstas-travel\/","url":"https:\/\/clarijs-fietstassen.nl\/dubbele-fietstas-travel\/","name":"Outlet - Dubbele Fietstas Travel - Clarijs Fietstassen","isPartOf":{"@id":"https:\/\/clarijs-fietstassen.nl\/de\/#website"},"primaryImageOfPage":{"@id":"https:\/\/clarijs-fietstassen.nl\/dubbele-fietstas-travel\/#primaryimage"},"image":{"@id":"https:\/\/clarijs-fietstassen.nl\/dubbele-fietstas-travel\/#primaryimage"},"thumbnailUrl":"https:\/\/clarijs-fietstassen.nl\/wp-content\/uploads\/2025\/02\/Outlet-Dubbele-Fietstas-Travel-XL-.png","datePublished":"2025-02-17T10:56:59+00:00","dateModified":"2026-03-12T09:35:34+00:00","description":"Outlet - Dubbele Fietstas Travel Sie ist aus PVC-Canvas, einem wasserdichten Material, hergestellt. Die Tasche hat au\u00dferdem Reflexionen auf der Vorder- und R\u00fcckseite. Bestellen Sie es jetzt!","breadcrumb":{"@id":"https:\/\/clarijs-fietstassen.nl\/dubbele-fietstas-travel\/#breadcrumb"},"inLanguage":"de","potentialAction":[{"@type":"ReadAction","target":["https:\/\/clarijs-fietstassen.nl\/dubbele-fietstas-travel\/"]}]},{"@type":"ImageObject","inLanguage":"de","@id":"https:\/\/clarijs-fietstassen.nl\/dubbele-fietstas-travel\/#primaryimage","url":"https:\/\/clarijs-fietstassen.nl\/wp-content\/uploads\/2025\/02\/Outlet-Dubbele-Fietstas-Travel-XL-.png","contentUrl":"https:\/\/clarijs-fietstassen.nl\/wp-content\/uploads\/2025\/02\/Outlet-Dubbele-Fietstas-Travel-XL-.png","width":1000,"height":1000,"caption":"Outlet \u2013 Doppelte Fahrradtasche Travel"},{"@type":"BreadcrumbList","@id":"https:\/\/clarijs-fietstassen.nl\/dubbele-fietstas-travel\/#breadcrumb","itemListElement":[{"@type":"ListItem","position":1,"name":"Home","item":"https:\/\/clarijs-fietstassen.nl\/de\/"},{"@type":"ListItem","position":2,"name":"Shop","item":"https:\/\/clarijs-fietstassen.nl\/de\/shop\/"},{"@type":"ListItem","position":3,"name":"Deals","item":"https:\/\/clarijs-fietstassen.nl\/de\/deals\/"},{"@type":"ListItem","position":4,"name":"Outlet &#8211; Dubbele Fietstas Travel"}]},{"@type":"WebSite","@id":"https:\/\/clarijs-fietstassen.nl\/de\/#website","url":"https:\/\/clarijs-fietstassen.nl\/de\/","name":"Clarijs Fietstassen","description":"Kwaliteit &amp; ambacht sinds 1948","publisher":{"@id":"https:\/\/clarijs-fietstassen.nl\/de\/#organization"},"potentialAction":[{"@type":"SearchAction","target":{"@type":"EntryPoint","urlTemplate":"https:\/\/clarijs-fietstassen.nl\/de\/?s={search_term_string}"},"query-input":{"@type":"PropertyValueSpecification","valueRequired":true,"valueName":"search_term_string"}}],"inLanguage":"de"},{"@type":"Organization","@id":"https:\/\/clarijs-fietstassen.nl\/de\/#organization","name":"Clarijs Fietstassen","url":"https:\/\/clarijs-fietstassen.nl\/de\/","logo":{"@type":"ImageObject","inLanguage":"de","@id":"https:\/\/clarijs-fietstassen.nl\/de\/#\/schema\/logo\/image\/","url":"https:\/\/clarijs-fietstassen.nl\/wp-content\/uploads\/2024\/01\/clarijs-logo-met-rand.jpg","contentUrl":"https:\/\/clarijs-fietstassen.nl\/wp-content\/uploads\/2024\/01\/clarijs-logo-met-rand.jpg","width":560,"height":266,"caption":"Clarijs Fietstassen"},"image":{"@id":"https:\/\/clarijs-fietstassen.nl\/de\/#\/schema\/logo\/image\/"},"sameAs":["https:\/\/www.facebook.com\/clarijs1948\/","https:\/\/www.instagram.com\/clarijscovers\/"]}]},"product_price_amount":"48.75","product_price_currency":"EUR","og_availability":"instock","product_availability":"instock","product_retailer_item_id":"1096","product_condition":"new"},"_links":{"self":[{"href":"https:\/\/clarijs-fietstassen.nl\/de\/wp-json\/wp\/v2\/product\/49749","targetHints":{"allow":["GET"]}}],"collection":[{"href":"https:\/\/clarijs-fietstassen.nl\/de\/wp-json\/wp\/v2\/product"}],"about":[{"href":"https:\/\/clarijs-fietstassen.nl\/de\/wp-json\/wp\/v2\/types\/product"}],"replies":[{"embeddable":true,"href":"https:\/\/clarijs-fietstassen.nl\/de\/wp-json\/wp\/v2\/comments?post=49749"}],"wp:featuredmedia":[{"embeddable":true,"href":"https:\/\/clarijs-fietstassen.nl\/de\/wp-json\/wp\/v2\/media\/58167"}],"wp:attachment":[{"href":"https:\/\/clarijs-fietstassen.nl\/de\/wp-json\/wp\/v2\/media?parent=49749"}],"wp:term":[{"taxonomy":"product_brand","embeddable":true,"href":"https:\/\/clarijs-fietstassen.nl\/de\/wp-json\/wp\/v2\/product_brand?post=49749"},{"taxonomy":"product_cat","embeddable":true,"href":"https:\/\/clarijs-fietstassen.nl\/de\/wp-json\/wp\/v2\/product_cat?post=49749"},{"taxonomy":"product_tag","embeddable":true,"href":"https:\/\/clarijs-fietstassen.nl\/de\/wp-json\/wp\/v2\/product_tag?post=49749"}],"curies":[{"name":"wp","href":"https:\/\/api.w.org\/{rel}","templated":true}]}}