{"id":50287,"date":"2025-03-05T13:07:21","date_gmt":"2025-03-05T12:07:21","guid":{"rendered":"https:\/\/clarijs-fietstassen.nl\/?post_type=product&#038;p=50287"},"modified":"2025-03-05T14:14:20","modified_gmt":"2025-03-05T13:14:20","slug":"kombinationskiste-mit-kistendeckel-35-x-43-cm-kopie-2","status":"publish","type":"product","link":"https:\/\/clarijs-fietstassen.nl\/de\/produkt\/kombinationskiste-mit-kistendeckel-35-x-43-cm-kopie-2\/","title":{"rendered":"Kombinationskiste mit Kistendeckel 35 x 43 cm (kopie)"},"content":{"rendered":"<p><span style=\"font-weight: 400;\">Entdecken Sie die ultimative Kombination f\u00fcr Ihre Fahrradkiste &#8211; die 35 x 43 cm gro\u00dfe Kiste mit Kistendeckel. Mit diesem Set haben Sie alles, was Sie brauchen, um Ihr Hab und Gut sicher zu transportieren und es gleichzeitig stilvoll zu sch\u00fctzen! <\/span><\/p>\n<p><span style=\"font-weight: 400;\">Die Crate bietet gen\u00fcgend Platz, um all Ihre wichtigen Dinge auf Ihren Fahrradtouren zu transportieren. Egal, ob Sie Besorgungen machen, Ihre Picknickausr\u00fcstung transportieren oder einfach nur Ihre t\u00e4glichen Sachen mitnehmen, diese Crate ist der ideale Begleiter f\u00fcr alle Ihre Abenteuer. <\/span><\/p>\n<p><span style=\"font-weight: 400;\">Die Crate Cap wurde speziell entwickelt, um Ihre Fahrradkiste abzudecken und Ihr Hab und Gut vor verschiedenen Wetterbedingungen zu sch\u00fctzen. Mit einer Gr\u00f6\u00dfe von 35 x 43 cm passt sie perfekt auf Ihre Kiste und bietet bequemen Schutz vor Regen, Schnee und Wind. <\/span><\/p>\n","protected":false},"excerpt":{"rendered":"<p>Entdecken Sie die ultimative Kombination f\u00fcr Ihre Fahrradkiste &#8211; die 35 x 43 cm gro\u00dfe Kiste mit Kistendeckel. Mit diesem Set haben Sie alles, was Sie brauchen, um Ihr Hab und Gut sicher zu transportieren und es gleichzeitig stilvoll zu sch\u00fctzen! Die Crate bietet gen\u00fcgend Platz, um all Ihre wichtigen Dinge auf Ihren Fahrradtouren zu [&hellip;]<\/p>\n","protected":false},"featured_media":50425,"comment_status":"closed","ping_status":"closed","template":"","meta":{"_acf_changed":false,"_et_pb_use_builder":"","_et_pb_old_content":"","_et_gb_content_width":""},"product_brand":[],"product_cat":[725,783,684],"product_tag":[],"class_list":{"0":"post-50287","1":"product","2":"type-product","3":"status-publish","4":"has-post-thumbnail","6":"product_cat-fahrradkisten","7":"product_cat-recycled-de","8":"product_cat-zubehor","9":"pa_geschikt-voor-e-bike-ja-de","10":"pa_kleur-grun","11":"pa_materiaal-recyceltes-pvc","12":"pa_merk-clarijs-covers-b-v-de","14":"first","15":"instock","16":"taxable","17":"shipping-taxable","18":"purchasable","19":"product-type-simple"},"acf":[],"yoast_head":"<!-- This site is optimized with the Yoast SEO Premium plugin v27.2 (Yoast SEO v27.3) - https:\/\/yoast.com\/product\/yoast-seo-premium-wordpress\/ -->\n<title>Kombinationskiste mit Kistendeckel 35 x 43 cm (kopie) - Clarijs Fietstassen<\/title>\n<meta name=\"description\" content=\"Entdecken Sie die ultimative Kombination f\u00fcr Ihre Fahrradkiste - die 35 x 43 cm gro\u00dfe Kiste mit Kistendeckel. Dieses Set bietet Ihnen alles, was Sie brauchen. Kaufen Sie es jetzt.\" \/>\n<meta name=\"robots\" content=\"index, follow, max-snippet:-1, max-image-preview:large, max-video-preview:-1\" \/>\n<link rel=\"canonical\" href=\"http:\/\/clarijs-fietstassen.nl\/produkt\/combinatie-krat-met-kratmuts-recycled-groen\/\" \/>\n<meta property=\"og:locale\" content=\"de_DE\" \/>\n<meta property=\"og:type\" content=\"article\" \/>\n<meta property=\"og:title\" content=\"Kombinationskiste mit Kistendeckel 35 x 43 cm (kopie)\" \/>\n<meta property=\"og:description\" content=\"Entdecken Sie die ultimative Kombination f\u00fcr Ihre Fahrradkiste - die 35 x 43 cm gro\u00dfe Kiste mit Kistendeckel. Dieses Set bietet Ihnen alles, was Sie brauchen. Kaufen Sie es jetzt.\" \/>\n<meta property=\"og:url\" content=\"http:\/\/clarijs-fietstassen.nl\/produkt\/combinatie-krat-met-kratmuts-recycled-groen\/\" \/>\n<meta property=\"og:site_name\" content=\"Clarijs Fietstassen\" \/>\n<meta property=\"article:publisher\" content=\"https:\/\/www.facebook.com\/clarijs1948\/\" \/>\n<meta property=\"article:modified_time\" content=\"2025-03-05T13:14:20+00:00\" \/>\n<meta property=\"og:image\" content=\"https:\/\/clarijs-fietstassen.nl\/wp-content\/uploads\/2025\/03\/combinatie-krat-met-kratjas-reCYCLEd-groen.png\" \/>\n\t<meta property=\"og:image:width\" content=\"1000\" \/>\n\t<meta property=\"og:image:height\" content=\"1000\" \/>\n\t<meta property=\"og:image:type\" content=\"image\/png\" \/>\n<meta name=\"twitter:card\" content=\"summary_large_image\" \/>\n<meta name=\"twitter:label1\" content=\"Preis\" \/>\n\t<meta name=\"twitter:data1\" content=\"&euro;33.00\" \/>\n\t<meta name=\"twitter:label2\" content=\"Verf\u00fcgbarkeit\" \/>\n\t<meta name=\"twitter:data2\" content=\"Auf Lager\" \/>\n<script type=\"application\/ld+json\" class=\"yoast-schema-graph\">{\"@context\":\"https:\\\/\\\/schema.org\",\"@graph\":[{\"@type\":\"WebPage\",\"@id\":\"http:\\\/\\\/clarijs-fietstassen.nl\\\/produkt\\\/combinatie-krat-met-kratmuts-recycled-groen\\\/\",\"url\":\"http:\\\/\\\/clarijs-fietstassen.nl\\\/produkt\\\/combinatie-krat-met-kratmuts-recycled-groen\\\/\",\"name\":\"Kombinationskiste mit Kistendeckel 35 x 43 cm (kopie) - Clarijs Fietstassen\",\"isPartOf\":{\"@id\":\"https:\\\/\\\/clarijs-fietstassen.nl\\\/de\\\/#website\"},\"primaryImageOfPage\":{\"@id\":\"http:\\\/\\\/clarijs-fietstassen.nl\\\/produkt\\\/combinatie-krat-met-kratmuts-recycled-groen\\\/#primaryimage\"},\"image\":{\"@id\":\"http:\\\/\\\/clarijs-fietstassen.nl\\\/produkt\\\/combinatie-krat-met-kratmuts-recycled-groen\\\/#primaryimage\"},\"thumbnailUrl\":\"https:\\\/\\\/clarijs-fietstassen.nl\\\/wp-content\\\/uploads\\\/2025\\\/03\\\/combinatie-krat-met-kratjas-reCYCLEd-groen.png\",\"datePublished\":\"2025-03-05T12:07:21+00:00\",\"dateModified\":\"2025-03-05T13:14:20+00:00\",\"description\":\"Entdecken Sie die ultimative Kombination f\u00fcr Ihre Fahrradkiste - die 35 x 43 cm gro\u00dfe Kiste mit Kistendeckel. Dieses Set bietet Ihnen alles, was Sie brauchen. Kaufen Sie es jetzt.\",\"breadcrumb\":{\"@id\":\"http:\\\/\\\/clarijs-fietstassen.nl\\\/produkt\\\/combinatie-krat-met-kratmuts-recycled-groen\\\/#breadcrumb\"},\"inLanguage\":\"de\",\"potentialAction\":[{\"@type\":\"ReadAction\",\"target\":[\"http:\\\/\\\/clarijs-fietstassen.nl\\\/produkt\\\/combinatie-krat-met-kratmuts-recycled-groen\\\/\"]}]},{\"@type\":\"ImageObject\",\"inLanguage\":\"de\",\"@id\":\"http:\\\/\\\/clarijs-fietstassen.nl\\\/produkt\\\/combinatie-krat-met-kratmuts-recycled-groen\\\/#primaryimage\",\"url\":\"https:\\\/\\\/clarijs-fietstassen.nl\\\/wp-content\\\/uploads\\\/2025\\\/03\\\/combinatie-krat-met-kratjas-reCYCLEd-groen.png\",\"contentUrl\":\"https:\\\/\\\/clarijs-fietstassen.nl\\\/wp-content\\\/uploads\\\/2025\\\/03\\\/combinatie-krat-met-kratjas-reCYCLEd-groen.png\",\"width\":1000,\"height\":1000,\"caption\":\"combinatie krat met kratjas reCYCLEd groen\"},{\"@type\":\"BreadcrumbList\",\"@id\":\"http:\\\/\\\/clarijs-fietstassen.nl\\\/produkt\\\/combinatie-krat-met-kratmuts-recycled-groen\\\/#breadcrumb\",\"itemListElement\":[{\"@type\":\"ListItem\",\"position\":1,\"name\":\"Home\",\"item\":\"https:\\\/\\\/clarijs-fietstassen.nl\\\/de\\\/\"},{\"@type\":\"ListItem\",\"position\":2,\"name\":\"Shop\",\"item\":\"https:\\\/\\\/clarijs-fietstassen.nl\\\/de\\\/shop\\\/\"},{\"@type\":\"ListItem\",\"position\":3,\"name\":\"Accessoires\",\"item\":\"https:\\\/\\\/clarijs-fietstassen.nl\\\/accessoires\\\/\"},{\"@type\":\"ListItem\",\"position\":4,\"name\":\"Kombinationskiste mit Kistendeckel 35 x 43 cm (kopie)\"}]},{\"@type\":\"WebSite\",\"@id\":\"https:\\\/\\\/clarijs-fietstassen.nl\\\/de\\\/#website\",\"url\":\"https:\\\/\\\/clarijs-fietstassen.nl\\\/de\\\/\",\"name\":\"Clarijs Fietstassen\",\"description\":\"Kwaliteit &amp; ambacht sinds 1948\",\"publisher\":{\"@id\":\"https:\\\/\\\/clarijs-fietstassen.nl\\\/de\\\/#organization\"},\"potentialAction\":[{\"@type\":\"SearchAction\",\"target\":{\"@type\":\"EntryPoint\",\"urlTemplate\":\"https:\\\/\\\/clarijs-fietstassen.nl\\\/de\\\/?s={search_term_string}\"},\"query-input\":{\"@type\":\"PropertyValueSpecification\",\"valueRequired\":true,\"valueName\":\"search_term_string\"}}],\"inLanguage\":\"de\"},{\"@type\":\"Organization\",\"@id\":\"https:\\\/\\\/clarijs-fietstassen.nl\\\/de\\\/#organization\",\"name\":\"Clarijs Fietstassen\",\"url\":\"https:\\\/\\\/clarijs-fietstassen.nl\\\/de\\\/\",\"logo\":{\"@type\":\"ImageObject\",\"inLanguage\":\"de\",\"@id\":\"https:\\\/\\\/clarijs-fietstassen.nl\\\/de\\\/#\\\/schema\\\/logo\\\/image\\\/\",\"url\":\"https:\\\/\\\/clarijs-fietstassen.nl\\\/wp-content\\\/uploads\\\/2024\\\/01\\\/clarijs-logo-met-rand.jpg\",\"contentUrl\":\"https:\\\/\\\/clarijs-fietstassen.nl\\\/wp-content\\\/uploads\\\/2024\\\/01\\\/clarijs-logo-met-rand.jpg\",\"width\":560,\"height\":266,\"caption\":\"Clarijs Fietstassen\"},\"image\":{\"@id\":\"https:\\\/\\\/clarijs-fietstassen.nl\\\/de\\\/#\\\/schema\\\/logo\\\/image\\\/\"},\"sameAs\":[\"https:\\\/\\\/www.facebook.com\\\/clarijs1948\\\/\",\"https:\\\/\\\/www.instagram.com\\\/clarijscovers\\\/\"]}]}<\/script>\n<meta property=\"product:price:amount\" content=\"33.00\" \/>\n<meta property=\"product:price:currency\" content=\"EUR\" \/>\n<meta property=\"og:availability\" content=\"instock\" \/>\n<meta property=\"product:availability\" content=\"instock\" \/>\n<meta property=\"product:retailer_item_id\" content=\"4084\" \/>\n<meta property=\"product:condition\" content=\"new\" \/>\n<!-- \/ Yoast SEO Premium plugin. -->","yoast_head_json":{"title":"Kombinationskiste mit Kistendeckel 35 x 43 cm (kopie) - Clarijs Fietstassen","description":"Entdecken Sie die ultimative Kombination f\u00fcr Ihre Fahrradkiste - die 35 x 43 cm gro\u00dfe Kiste mit Kistendeckel. Dieses Set bietet Ihnen alles, was Sie brauchen. Kaufen Sie es jetzt.","robots":{"index":"index","follow":"follow","max-snippet":"max-snippet:-1","max-image-preview":"max-image-preview:large","max-video-preview":"max-video-preview:-1"},"canonical":"http:\/\/clarijs-fietstassen.nl\/produkt\/combinatie-krat-met-kratmuts-recycled-groen\/","og_locale":"de_DE","og_type":"article","og_title":"Kombinationskiste mit Kistendeckel 35 x 43 cm (kopie)","og_description":"Entdecken Sie die ultimative Kombination f\u00fcr Ihre Fahrradkiste - die 35 x 43 cm gro\u00dfe Kiste mit Kistendeckel. Dieses Set bietet Ihnen alles, was Sie brauchen. Kaufen Sie es jetzt.","og_url":"http:\/\/clarijs-fietstassen.nl\/produkt\/combinatie-krat-met-kratmuts-recycled-groen\/","og_site_name":"Clarijs Fietstassen","article_publisher":"https:\/\/www.facebook.com\/clarijs1948\/","article_modified_time":"2025-03-05T13:14:20+00:00","og_image":[{"width":1000,"height":1000,"url":"https:\/\/clarijs-fietstassen.nl\/wp-content\/uploads\/2025\/03\/combinatie-krat-met-kratjas-reCYCLEd-groen.png","type":"image\/png"}],"twitter_card":"summary_large_image","twitter_misc":{"Preis":"&euro;33.00","Verf\u00fcgbarkeit":"Auf Lager"},"schema":{"@context":"https:\/\/schema.org","@graph":[{"@type":"WebPage","@id":"http:\/\/clarijs-fietstassen.nl\/produkt\/combinatie-krat-met-kratmuts-recycled-groen\/","url":"http:\/\/clarijs-fietstassen.nl\/produkt\/combinatie-krat-met-kratmuts-recycled-groen\/","name":"Kombinationskiste mit Kistendeckel 35 x 43 cm (kopie) - Clarijs Fietstassen","isPartOf":{"@id":"https:\/\/clarijs-fietstassen.nl\/de\/#website"},"primaryImageOfPage":{"@id":"http:\/\/clarijs-fietstassen.nl\/produkt\/combinatie-krat-met-kratmuts-recycled-groen\/#primaryimage"},"image":{"@id":"http:\/\/clarijs-fietstassen.nl\/produkt\/combinatie-krat-met-kratmuts-recycled-groen\/#primaryimage"},"thumbnailUrl":"https:\/\/clarijs-fietstassen.nl\/wp-content\/uploads\/2025\/03\/combinatie-krat-met-kratjas-reCYCLEd-groen.png","datePublished":"2025-03-05T12:07:21+00:00","dateModified":"2025-03-05T13:14:20+00:00","description":"Entdecken Sie die ultimative Kombination f\u00fcr Ihre Fahrradkiste - die 35 x 43 cm gro\u00dfe Kiste mit Kistendeckel. Dieses Set bietet Ihnen alles, was Sie brauchen. Kaufen Sie es jetzt.","breadcrumb":{"@id":"http:\/\/clarijs-fietstassen.nl\/produkt\/combinatie-krat-met-kratmuts-recycled-groen\/#breadcrumb"},"inLanguage":"de","potentialAction":[{"@type":"ReadAction","target":["http:\/\/clarijs-fietstassen.nl\/produkt\/combinatie-krat-met-kratmuts-recycled-groen\/"]}]},{"@type":"ImageObject","inLanguage":"de","@id":"http:\/\/clarijs-fietstassen.nl\/produkt\/combinatie-krat-met-kratmuts-recycled-groen\/#primaryimage","url":"https:\/\/clarijs-fietstassen.nl\/wp-content\/uploads\/2025\/03\/combinatie-krat-met-kratjas-reCYCLEd-groen.png","contentUrl":"https:\/\/clarijs-fietstassen.nl\/wp-content\/uploads\/2025\/03\/combinatie-krat-met-kratjas-reCYCLEd-groen.png","width":1000,"height":1000,"caption":"combinatie krat met kratjas reCYCLEd groen"},{"@type":"BreadcrumbList","@id":"http:\/\/clarijs-fietstassen.nl\/produkt\/combinatie-krat-met-kratmuts-recycled-groen\/#breadcrumb","itemListElement":[{"@type":"ListItem","position":1,"name":"Home","item":"https:\/\/clarijs-fietstassen.nl\/de\/"},{"@type":"ListItem","position":2,"name":"Shop","item":"https:\/\/clarijs-fietstassen.nl\/de\/shop\/"},{"@type":"ListItem","position":3,"name":"Accessoires","item":"https:\/\/clarijs-fietstassen.nl\/accessoires\/"},{"@type":"ListItem","position":4,"name":"Kombinationskiste mit Kistendeckel 35 x 43 cm (kopie)"}]},{"@type":"WebSite","@id":"https:\/\/clarijs-fietstassen.nl\/de\/#website","url":"https:\/\/clarijs-fietstassen.nl\/de\/","name":"Clarijs Fietstassen","description":"Kwaliteit &amp; ambacht sinds 1948","publisher":{"@id":"https:\/\/clarijs-fietstassen.nl\/de\/#organization"},"potentialAction":[{"@type":"SearchAction","target":{"@type":"EntryPoint","urlTemplate":"https:\/\/clarijs-fietstassen.nl\/de\/?s={search_term_string}"},"query-input":{"@type":"PropertyValueSpecification","valueRequired":true,"valueName":"search_term_string"}}],"inLanguage":"de"},{"@type":"Organization","@id":"https:\/\/clarijs-fietstassen.nl\/de\/#organization","name":"Clarijs Fietstassen","url":"https:\/\/clarijs-fietstassen.nl\/de\/","logo":{"@type":"ImageObject","inLanguage":"de","@id":"https:\/\/clarijs-fietstassen.nl\/de\/#\/schema\/logo\/image\/","url":"https:\/\/clarijs-fietstassen.nl\/wp-content\/uploads\/2024\/01\/clarijs-logo-met-rand.jpg","contentUrl":"https:\/\/clarijs-fietstassen.nl\/wp-content\/uploads\/2024\/01\/clarijs-logo-met-rand.jpg","width":560,"height":266,"caption":"Clarijs Fietstassen"},"image":{"@id":"https:\/\/clarijs-fietstassen.nl\/de\/#\/schema\/logo\/image\/"},"sameAs":["https:\/\/www.facebook.com\/clarijs1948\/","https:\/\/www.instagram.com\/clarijscovers\/"]}]},"product_price_amount":"33.00","product_price_currency":"EUR","og_availability":"instock","product_availability":"instock","product_retailer_item_id":"4084","product_condition":"new"},"_links":{"self":[{"href":"https:\/\/clarijs-fietstassen.nl\/de\/wp-json\/wp\/v2\/product\/50287","targetHints":{"allow":["GET"]}}],"collection":[{"href":"https:\/\/clarijs-fietstassen.nl\/de\/wp-json\/wp\/v2\/product"}],"about":[{"href":"https:\/\/clarijs-fietstassen.nl\/de\/wp-json\/wp\/v2\/types\/product"}],"replies":[{"embeddable":true,"href":"https:\/\/clarijs-fietstassen.nl\/de\/wp-json\/wp\/v2\/comments?post=50287"}],"wp:featuredmedia":[{"embeddable":true,"href":"https:\/\/clarijs-fietstassen.nl\/de\/wp-json\/wp\/v2\/media\/50425"}],"wp:attachment":[{"href":"https:\/\/clarijs-fietstassen.nl\/de\/wp-json\/wp\/v2\/media?parent=50287"}],"wp:term":[{"taxonomy":"product_brand","embeddable":true,"href":"https:\/\/clarijs-fietstassen.nl\/de\/wp-json\/wp\/v2\/product_brand?post=50287"},{"taxonomy":"product_cat","embeddable":true,"href":"https:\/\/clarijs-fietstassen.nl\/de\/wp-json\/wp\/v2\/product_cat?post=50287"},{"taxonomy":"product_tag","embeddable":true,"href":"https:\/\/clarijs-fietstassen.nl\/de\/wp-json\/wp\/v2\/product_tag?post=50287"}],"curies":[{"name":"wp","href":"https:\/\/api.w.org\/{rel}","templated":true}]}}