{"id":50575,"date":"2025-03-10T15:40:30","date_gmt":"2025-03-10T14:40:30","guid":{"rendered":"https:\/\/clarijs-fietstassen.nl\/?post_type=product&#038;p=50575"},"modified":"2026-02-25T16:30:45","modified_gmt":"2026-02-25T15:30:45","slug":"tote-bag-shopper-matte-sand","status":"publish","type":"product","link":"https:\/\/clarijs-fietstassen.nl\/de\/produkt\/tote-bag-shopper-matte-sand\/","title":{"rendered":"Tote bag Shopper Matt Sand"},"content":{"rendered":"<p>Lernen Sie die Tote Bag Shopper Matt Sand kennen, eine stilvolle Tasche, die Funktionalit\u00e4t und minimalistisches Design m\u00fchelos kombiniert. Mit ausreichend Stauraum ist diese Shopper ideal f\u00fcr den t\u00e4glichen Gebrauch. Diese Tote Bag hat einen langen Griff, der zus\u00e4tzlichen Tragekomfort bietet \u2013 perfekt f\u00fcr einen schnellen Einkauf. Au\u00dferdem passt die Shopper genau in unsere doppelte Fahrradtaschen.   <\/p>\n<p><strong>Vorteile:<\/strong><\/p>\n<ul>\n<li>Ausgestattet mit einem langen Griff f\u00fcr zus\u00e4tzlichen Tragekomfort<\/li>\n<li>Hergestellt aus hochwertigen Materialien, damit die Tasche dem t\u00e4glichen Gebrauch standh\u00e4lt<\/li>\n<li>De Shopper Tasche passt perfekt in deine Fahrradtaschen.<\/li>\n<\/ul>\n<div><strong>Abmessungen:<\/strong><\/div>\n<div>Die Gr\u00f6\u00dfen der Shopper in Zentimetern sind: L\u00e4nge x Tiefe\/Breite x H\u00f6he<\/div>\n<ul>\n<li>Innen 33 x 16 x 32<\/li>\n<li>Au\u00dfen 36 x 18 x 36<\/li>\n<\/ul>\n<p>Die Gr\u00f6\u00dfen k\u00f6nnen leicht variieren, da alle unsere Taschen handgefertigt sind.<\/p>\n<p><strong>Hochwertiges Material<\/strong><\/p>\n<p>Die Tote Bag Shopper Matt Sand ist aus Bisonyl PVC-Gewebe gefertigt, einem Material, das f\u00fcr seine hervorragende Wasserbest\u00e4ndigkeit bekannt ist. Dieses hochwertige, PVC-beschichtete Polyestergewebe bildet eine wasserabweisende Barriere, sodass deine Sachen auch bei regnerischen Bedingungen trocken bleiben. Dar\u00fcber hinaus ist PVC-Gewebe einfach zu reinigen und zu pflegen. Du kannst die Tasche einfach mit einem feuchten Tuch abwischen oder mit milder Seife und Wasser reinigen.<br \/>\nKaufe jetzt diese Tote Bag Shopper in deiner Lieblingsfarbe!   <\/p>\n","protected":false},"excerpt":{"rendered":"<p>Lernen Sie die Tote Bag Shopper Matt Sand kennen, eine stilvolle Tasche, die Funktionalit\u00e4t und minimalistisches Design m\u00fchelos kombiniert. Mit ausreichend Stauraum ist diese Shopper ideal f\u00fcr den t\u00e4glichen Gebrauch. Diese Tote Bag hat einen langen Griff, der zus\u00e4tzlichen Tragekomfort bietet \u2013 perfekt f\u00fcr einen schnellen Einkauf. Au\u00dferdem passt die Shopper genau in unsere doppelte [&hellip;]<\/p>\n","protected":false},"featured_media":50583,"comment_status":"open","ping_status":"closed","template":"","meta":{"_acf_changed":false,"_et_pb_use_builder":"","_et_pb_old_content":"","_et_gb_content_width":""},"product_brand":[],"product_cat":[695,756,769,817,755],"product_tag":[],"class_list":{"0":"post-50575","1":"product","2":"type-product","3":"status-publish","4":"has-post-thumbnail","6":"product_cat-bisonyl-packtaschen","7":"product_cat-shoppers-de","8":"product_cat-taschen","9":"product_cat-umhangetasche","10":"product_cat-umhangetaschen","11":"pa_afmetingen-36-x-18-x-36-cm-l-x-b-x-h-de","12":"pa_kleur-matt-sand-de","13":"pa_materiaal-bisonyl-pvc-leinwand","14":"pa_merk-clarijs-covers-b-v-de","16":"first","17":"instock","18":"taxable","19":"shipping-taxable","20":"purchasable","21":"product-type-simple"},"acf":[],"yoast_head":"<!-- This site is optimized with the Yoast SEO Premium plugin v27.2 (Yoast SEO v27.3) - https:\/\/yoast.com\/product\/yoast-seo-premium-wordpress\/ -->\n<title>Tote bag Shopper Matt Sand - Clarijs Fietstassen<\/title>\n<meta name=\"description\" content=\"Entdecken Sie den Tote bag Shopper Matt Sand: stilvoll, ger\u00e4umig und praktisch. Mit langem Griff f\u00fcr zus\u00e4tzlichen Komfort und perfektem Sitz in Ihren Packtaschen.\" \/>\n<meta name=\"robots\" content=\"index, follow, max-snippet:-1, max-image-preview:large, max-video-preview:-1\" \/>\n<link rel=\"canonical\" href=\"https:\/\/clarijs-fietstassen.nl\/de\/produkt\/tote-bag-shopper-matte-sand\/\" \/>\n<meta property=\"og:locale\" content=\"de_DE\" \/>\n<meta property=\"og:type\" content=\"article\" \/>\n<meta property=\"og:title\" content=\"Tote bag Shopper Matt Sand\" \/>\n<meta property=\"og:description\" content=\"Entdecken Sie den Tote bag Shopper Matt Sand: stilvoll, ger\u00e4umig und praktisch. Mit langem Griff f\u00fcr zus\u00e4tzlichen Komfort und perfektem Sitz in Ihren Packtaschen.\" \/>\n<meta property=\"og:url\" content=\"https:\/\/clarijs-fietstassen.nl\/de\/produkt\/tote-bag-shopper-matte-sand\/\" \/>\n<meta property=\"og:site_name\" content=\"Clarijs Fietstassen\" \/>\n<meta property=\"article:publisher\" content=\"https:\/\/www.facebook.com\/clarijs1948\/\" \/>\n<meta property=\"article:modified_time\" content=\"2026-02-25T15:30:45+00:00\" \/>\n<meta property=\"og:image\" content=\"https:\/\/clarijs-fietstassen.nl\/wp-content\/uploads\/2025\/03\/Totebag-shopper-Mat-Sand-3.png\" \/>\n\t<meta property=\"og:image:width\" content=\"1000\" \/>\n\t<meta property=\"og:image:height\" content=\"1000\" \/>\n\t<meta property=\"og:image:type\" content=\"image\/png\" \/>\n<meta name=\"twitter:card\" content=\"summary_large_image\" \/>\n<meta name=\"twitter:label1\" content=\"Preis\" \/>\n\t<meta name=\"twitter:data1\" content=\"&euro;36.00\" \/>\n\t<meta name=\"twitter:label2\" content=\"Verf\u00fcgbarkeit\" \/>\n\t<meta name=\"twitter:data2\" content=\"Auf Lager\" \/>\n<script type=\"application\/ld+json\" class=\"yoast-schema-graph\">{\"@context\":\"https:\\\/\\\/schema.org\",\"@graph\":[{\"@type\":\"WebPage\",\"@id\":\"https:\\\/\\\/clarijs-fietstassen.nl\\\/de\\\/produkt\\\/tote-bag-shopper-matte-sand\\\/\",\"url\":\"https:\\\/\\\/clarijs-fietstassen.nl\\\/de\\\/produkt\\\/tote-bag-shopper-matte-sand\\\/\",\"name\":\"Tote bag Shopper Matt Sand - Clarijs Fietstassen\",\"isPartOf\":{\"@id\":\"https:\\\/\\\/clarijs-fietstassen.nl\\\/de\\\/#website\"},\"primaryImageOfPage\":{\"@id\":\"https:\\\/\\\/clarijs-fietstassen.nl\\\/de\\\/produkt\\\/tote-bag-shopper-matte-sand\\\/#primaryimage\"},\"image\":{\"@id\":\"https:\\\/\\\/clarijs-fietstassen.nl\\\/de\\\/produkt\\\/tote-bag-shopper-matte-sand\\\/#primaryimage\"},\"thumbnailUrl\":\"https:\\\/\\\/clarijs-fietstassen.nl\\\/wp-content\\\/uploads\\\/2025\\\/03\\\/Totebag-shopper-Mat-Sand-3.png\",\"datePublished\":\"2025-03-10T14:40:30+00:00\",\"dateModified\":\"2026-02-25T15:30:45+00:00\",\"description\":\"Entdecken Sie den Tote bag Shopper Matt Sand: stilvoll, ger\u00e4umig und praktisch. Mit langem Griff f\u00fcr zus\u00e4tzlichen Komfort und perfektem Sitz in Ihren Packtaschen.\",\"breadcrumb\":{\"@id\":\"https:\\\/\\\/clarijs-fietstassen.nl\\\/de\\\/produkt\\\/tote-bag-shopper-matte-sand\\\/#breadcrumb\"},\"inLanguage\":\"de\",\"potentialAction\":[{\"@type\":\"ReadAction\",\"target\":[\"https:\\\/\\\/clarijs-fietstassen.nl\\\/de\\\/produkt\\\/tote-bag-shopper-matte-sand\\\/\"]}]},{\"@type\":\"ImageObject\",\"inLanguage\":\"de\",\"@id\":\"https:\\\/\\\/clarijs-fietstassen.nl\\\/de\\\/produkt\\\/tote-bag-shopper-matte-sand\\\/#primaryimage\",\"url\":\"https:\\\/\\\/clarijs-fietstassen.nl\\\/wp-content\\\/uploads\\\/2025\\\/03\\\/Totebag-shopper-Mat-Sand-3.png\",\"contentUrl\":\"https:\\\/\\\/clarijs-fietstassen.nl\\\/wp-content\\\/uploads\\\/2025\\\/03\\\/Totebag-shopper-Mat-Sand-3.png\",\"width\":1000,\"height\":1000,\"caption\":\"Totebag Shopper Matt Sand\"},{\"@type\":\"BreadcrumbList\",\"@id\":\"https:\\\/\\\/clarijs-fietstassen.nl\\\/de\\\/produkt\\\/tote-bag-shopper-matte-sand\\\/#breadcrumb\",\"itemListElement\":[{\"@type\":\"ListItem\",\"position\":1,\"name\":\"Home\",\"item\":\"https:\\\/\\\/clarijs-fietstassen.nl\\\/de\\\/\"},{\"@type\":\"ListItem\",\"position\":2,\"name\":\"Shop\",\"item\":\"https:\\\/\\\/clarijs-fietstassen.nl\\\/de\\\/shop\\\/\"},{\"@type\":\"ListItem\",\"position\":3,\"name\":\"Shoppers\",\"item\":\"https:\\\/\\\/clarijs-fietstassen.nl\\\/shoppers\\\/\"},{\"@type\":\"ListItem\",\"position\":4,\"name\":\"Tote bag Shopper Matt Sand\"}]},{\"@type\":\"WebSite\",\"@id\":\"https:\\\/\\\/clarijs-fietstassen.nl\\\/de\\\/#website\",\"url\":\"https:\\\/\\\/clarijs-fietstassen.nl\\\/de\\\/\",\"name\":\"Clarijs Fietstassen\",\"description\":\"Kwaliteit &amp; ambacht sinds 1948\",\"publisher\":{\"@id\":\"https:\\\/\\\/clarijs-fietstassen.nl\\\/de\\\/#organization\"},\"potentialAction\":[{\"@type\":\"SearchAction\",\"target\":{\"@type\":\"EntryPoint\",\"urlTemplate\":\"https:\\\/\\\/clarijs-fietstassen.nl\\\/de\\\/?s={search_term_string}\"},\"query-input\":{\"@type\":\"PropertyValueSpecification\",\"valueRequired\":true,\"valueName\":\"search_term_string\"}}],\"inLanguage\":\"de\"},{\"@type\":\"Organization\",\"@id\":\"https:\\\/\\\/clarijs-fietstassen.nl\\\/de\\\/#organization\",\"name\":\"Clarijs Fietstassen\",\"url\":\"https:\\\/\\\/clarijs-fietstassen.nl\\\/de\\\/\",\"logo\":{\"@type\":\"ImageObject\",\"inLanguage\":\"de\",\"@id\":\"https:\\\/\\\/clarijs-fietstassen.nl\\\/de\\\/#\\\/schema\\\/logo\\\/image\\\/\",\"url\":\"https:\\\/\\\/clarijs-fietstassen.nl\\\/wp-content\\\/uploads\\\/2024\\\/01\\\/clarijs-logo-met-rand.jpg\",\"contentUrl\":\"https:\\\/\\\/clarijs-fietstassen.nl\\\/wp-content\\\/uploads\\\/2024\\\/01\\\/clarijs-logo-met-rand.jpg\",\"width\":560,\"height\":266,\"caption\":\"Clarijs Fietstassen\"},\"image\":{\"@id\":\"https:\\\/\\\/clarijs-fietstassen.nl\\\/de\\\/#\\\/schema\\\/logo\\\/image\\\/\"},\"sameAs\":[\"https:\\\/\\\/www.facebook.com\\\/clarijs1948\\\/\",\"https:\\\/\\\/www.instagram.com\\\/clarijscovers\\\/\"]}]}<\/script>\n<meta property=\"product:price:amount\" content=\"36.00\" \/>\n<meta property=\"product:price:currency\" content=\"EUR\" \/>\n<meta property=\"og:availability\" content=\"instock\" \/>\n<meta property=\"product:availability\" content=\"instock\" \/>\n<meta property=\"product:retailer_item_id\" content=\"2109\" \/>\n<meta property=\"product:condition\" content=\"new\" \/>\n<!-- \/ Yoast SEO Premium plugin. -->","yoast_head_json":{"title":"Tote bag Shopper Matt Sand - Clarijs Fietstassen","description":"Entdecken Sie den Tote bag Shopper Matt Sand: stilvoll, ger\u00e4umig und praktisch. Mit langem Griff f\u00fcr zus\u00e4tzlichen Komfort und perfektem Sitz in Ihren Packtaschen.","robots":{"index":"index","follow":"follow","max-snippet":"max-snippet:-1","max-image-preview":"max-image-preview:large","max-video-preview":"max-video-preview:-1"},"canonical":"https:\/\/clarijs-fietstassen.nl\/de\/produkt\/tote-bag-shopper-matte-sand\/","og_locale":"de_DE","og_type":"article","og_title":"Tote bag Shopper Matt Sand","og_description":"Entdecken Sie den Tote bag Shopper Matt Sand: stilvoll, ger\u00e4umig und praktisch. Mit langem Griff f\u00fcr zus\u00e4tzlichen Komfort und perfektem Sitz in Ihren Packtaschen.","og_url":"https:\/\/clarijs-fietstassen.nl\/de\/produkt\/tote-bag-shopper-matte-sand\/","og_site_name":"Clarijs Fietstassen","article_publisher":"https:\/\/www.facebook.com\/clarijs1948\/","article_modified_time":"2026-02-25T15:30:45+00:00","og_image":[{"width":1000,"height":1000,"url":"https:\/\/clarijs-fietstassen.nl\/wp-content\/uploads\/2025\/03\/Totebag-shopper-Mat-Sand-3.png","type":"image\/png"}],"twitter_card":"summary_large_image","twitter_misc":{"Preis":"&euro;36.00","Verf\u00fcgbarkeit":"Auf Lager"},"schema":{"@context":"https:\/\/schema.org","@graph":[{"@type":"WebPage","@id":"https:\/\/clarijs-fietstassen.nl\/de\/produkt\/tote-bag-shopper-matte-sand\/","url":"https:\/\/clarijs-fietstassen.nl\/de\/produkt\/tote-bag-shopper-matte-sand\/","name":"Tote bag Shopper Matt Sand - Clarijs Fietstassen","isPartOf":{"@id":"https:\/\/clarijs-fietstassen.nl\/de\/#website"},"primaryImageOfPage":{"@id":"https:\/\/clarijs-fietstassen.nl\/de\/produkt\/tote-bag-shopper-matte-sand\/#primaryimage"},"image":{"@id":"https:\/\/clarijs-fietstassen.nl\/de\/produkt\/tote-bag-shopper-matte-sand\/#primaryimage"},"thumbnailUrl":"https:\/\/clarijs-fietstassen.nl\/wp-content\/uploads\/2025\/03\/Totebag-shopper-Mat-Sand-3.png","datePublished":"2025-03-10T14:40:30+00:00","dateModified":"2026-02-25T15:30:45+00:00","description":"Entdecken Sie den Tote bag Shopper Matt Sand: stilvoll, ger\u00e4umig und praktisch. Mit langem Griff f\u00fcr zus\u00e4tzlichen Komfort und perfektem Sitz in Ihren Packtaschen.","breadcrumb":{"@id":"https:\/\/clarijs-fietstassen.nl\/de\/produkt\/tote-bag-shopper-matte-sand\/#breadcrumb"},"inLanguage":"de","potentialAction":[{"@type":"ReadAction","target":["https:\/\/clarijs-fietstassen.nl\/de\/produkt\/tote-bag-shopper-matte-sand\/"]}]},{"@type":"ImageObject","inLanguage":"de","@id":"https:\/\/clarijs-fietstassen.nl\/de\/produkt\/tote-bag-shopper-matte-sand\/#primaryimage","url":"https:\/\/clarijs-fietstassen.nl\/wp-content\/uploads\/2025\/03\/Totebag-shopper-Mat-Sand-3.png","contentUrl":"https:\/\/clarijs-fietstassen.nl\/wp-content\/uploads\/2025\/03\/Totebag-shopper-Mat-Sand-3.png","width":1000,"height":1000,"caption":"Totebag Shopper Matt Sand"},{"@type":"BreadcrumbList","@id":"https:\/\/clarijs-fietstassen.nl\/de\/produkt\/tote-bag-shopper-matte-sand\/#breadcrumb","itemListElement":[{"@type":"ListItem","position":1,"name":"Home","item":"https:\/\/clarijs-fietstassen.nl\/de\/"},{"@type":"ListItem","position":2,"name":"Shop","item":"https:\/\/clarijs-fietstassen.nl\/de\/shop\/"},{"@type":"ListItem","position":3,"name":"Shoppers","item":"https:\/\/clarijs-fietstassen.nl\/shoppers\/"},{"@type":"ListItem","position":4,"name":"Tote bag Shopper Matt Sand"}]},{"@type":"WebSite","@id":"https:\/\/clarijs-fietstassen.nl\/de\/#website","url":"https:\/\/clarijs-fietstassen.nl\/de\/","name":"Clarijs Fietstassen","description":"Kwaliteit &amp; ambacht sinds 1948","publisher":{"@id":"https:\/\/clarijs-fietstassen.nl\/de\/#organization"},"potentialAction":[{"@type":"SearchAction","target":{"@type":"EntryPoint","urlTemplate":"https:\/\/clarijs-fietstassen.nl\/de\/?s={search_term_string}"},"query-input":{"@type":"PropertyValueSpecification","valueRequired":true,"valueName":"search_term_string"}}],"inLanguage":"de"},{"@type":"Organization","@id":"https:\/\/clarijs-fietstassen.nl\/de\/#organization","name":"Clarijs Fietstassen","url":"https:\/\/clarijs-fietstassen.nl\/de\/","logo":{"@type":"ImageObject","inLanguage":"de","@id":"https:\/\/clarijs-fietstassen.nl\/de\/#\/schema\/logo\/image\/","url":"https:\/\/clarijs-fietstassen.nl\/wp-content\/uploads\/2024\/01\/clarijs-logo-met-rand.jpg","contentUrl":"https:\/\/clarijs-fietstassen.nl\/wp-content\/uploads\/2024\/01\/clarijs-logo-met-rand.jpg","width":560,"height":266,"caption":"Clarijs Fietstassen"},"image":{"@id":"https:\/\/clarijs-fietstassen.nl\/de\/#\/schema\/logo\/image\/"},"sameAs":["https:\/\/www.facebook.com\/clarijs1948\/","https:\/\/www.instagram.com\/clarijscovers\/"]}]},"product_price_amount":"36.00","product_price_currency":"EUR","og_availability":"instock","product_availability":"instock","product_retailer_item_id":"2109","product_condition":"new"},"_links":{"self":[{"href":"https:\/\/clarijs-fietstassen.nl\/de\/wp-json\/wp\/v2\/product\/50575","targetHints":{"allow":["GET"]}}],"collection":[{"href":"https:\/\/clarijs-fietstassen.nl\/de\/wp-json\/wp\/v2\/product"}],"about":[{"href":"https:\/\/clarijs-fietstassen.nl\/de\/wp-json\/wp\/v2\/types\/product"}],"replies":[{"embeddable":true,"href":"https:\/\/clarijs-fietstassen.nl\/de\/wp-json\/wp\/v2\/comments?post=50575"}],"wp:featuredmedia":[{"embeddable":true,"href":"https:\/\/clarijs-fietstassen.nl\/de\/wp-json\/wp\/v2\/media\/50583"}],"wp:attachment":[{"href":"https:\/\/clarijs-fietstassen.nl\/de\/wp-json\/wp\/v2\/media?parent=50575"}],"wp:term":[{"taxonomy":"product_brand","embeddable":true,"href":"https:\/\/clarijs-fietstassen.nl\/de\/wp-json\/wp\/v2\/product_brand?post=50575"},{"taxonomy":"product_cat","embeddable":true,"href":"https:\/\/clarijs-fietstassen.nl\/de\/wp-json\/wp\/v2\/product_cat?post=50575"},{"taxonomy":"product_tag","embeddable":true,"href":"https:\/\/clarijs-fietstassen.nl\/de\/wp-json\/wp\/v2\/product_tag?post=50575"}],"curies":[{"name":"wp","href":"https:\/\/api.w.org\/{rel}","templated":true}]}}