{"id":52288,"date":"2025-04-16T13:41:55","date_gmt":"2025-04-16T11:41:55","guid":{"rendered":"https:\/\/clarijs-fietstassen.nl\/?post_type=product&#038;p=52288"},"modified":"2026-04-20T16:53:25","modified_gmt":"2026-04-20T14:53:25","slug":"bikecap-gepacktrager-kissen-kopie","status":"publish","type":"product","link":"https:\/\/clarijs-fietstassen.nl\/de\/produkt\/bikecap-gepacktrager-kissen-kopie\/","title":{"rendered":"Fahrrad-Gep\u00e4cktr\u00e4ger Sitzkissen \u2013 Clarijs"},"content":{"rendered":"<p data-start=\"96\" data-end=\"623\">Eine Fahrt auf dem Gep\u00e4cktr\u00e4ger wird sofort komfortabler mit dem <strong>Fahrrad-Gep\u00e4cktr\u00e4ger Sitzkissen \u2013 Clarijs<\/strong>. Dieses handgefertigte Sitzkissen wird in den Niederlanden produziert und besteht aus hochwertigem Material: mattem PVC mit Reliefstruktur. Ein robustes und langlebiges Clarijs Produkt, das Komfort und Qualit\u00e4t perfekt vereint. <\/p>\n<p data-start=\"625\" data-end=\"952\">Das extra lange Klettband sorgt f\u00fcr eine feste und stabile Befestigung auf nahezu jedem Gep\u00e4cktr\u00e4ger. Dank der durchdachten Positionierung der Klettb\u00e4nder l\u00e4sst sich das Kissen zudem optimal mit einer <a href=\"https:\/\/clarijs-fietstassen.nl\/de\/doppelte-fahrradtaschen\/\"><strong>Doppelte Fahrradtaschenbbelen<\/strong><\/a> met uitsparing in het midden. Ook ideaal wanneer je gebruikmaakt van een kinderzitje of snelbinders.  <\/p>\n<p data-start=\"954\" data-end=\"1005\"><strong>Warum das Clarijs Fahrrad-Gep\u00e4cktr\u00e4ger Sitzkissen w\u00e4hlen?<\/strong><\/p>\n<ul>\n<li data-start=\"1007\" data-end=\"1354\">Extra dick f\u00fcr optimalen Sitzkomfort<\/li>\n<li data-start=\"1007\" data-end=\"1354\">Hergestellt aus hochwertigem Material: mattem PVC mit Reliefstruktur<\/li>\n<li data-start=\"1007\" data-end=\"1354\">Verst\u00e4rkte Innenplatten f\u00fcr Formstabilit\u00e4t und Unterst\u00fctzung<\/li>\n<li data-start=\"1007\" data-end=\"1354\">Verschlei\u00dffest und geeignet f\u00fcr intensive Nutzung<\/li>\n<li data-start=\"1007\" data-end=\"1354\">Extra langes Klettband f\u00fcr eine sichere Befestigung<\/li>\n<li data-start=\"1007\" data-end=\"1354\">Durchdachte Positionierung f\u00fcr Kombination mit Fahrradtasche und Kindersitz<\/li>\n<li data-start=\"1007\" data-end=\"1354\">Passt auf nahezu jeden Gep\u00e4cktr\u00e4ger<\/li>\n<\/ul>\n<p data-start=\"1356\" data-end=\"1385\">Ma\u00dfe: L 35 &#8211; B 16 &#8211; H 6.5 cm<\/p>\n<p data-start=\"1387\" data-end=\"1450\" data-is-last-node=\"\" data-is-only-node=\"\">Gib deinem Mitfahrer den Komfort, den er verdient, und mache jede Fahrt noch angenehmer \u2013 bestelle dein Fahrrad-Gep\u00e4cktr\u00e4ger Sitzkissen, Clarijs noch heute!<\/p>\n","protected":false},"excerpt":{"rendered":"<p>Eine Fahrt auf dem Gep\u00e4cktr\u00e4ger wird sofort komfortabler mit dem Fahrrad-Gep\u00e4cktr\u00e4ger Sitzkissen \u2013 Clarijs. Dieses handgefertigte Sitzkissen wird in den Niederlanden produziert und besteht aus hochwertigem Material: mattem PVC mit Reliefstruktur. Ein robustes und langlebiges Clarijs Produkt, das Komfort und Qualit\u00e4t perfekt vereint. Das extra lange Klettband sorgt f\u00fcr eine feste und stabile Befestigung auf [&hellip;]<\/p>\n","protected":false},"featured_media":65214,"comment_status":"closed","ping_status":"closed","template":"","meta":{"_acf_changed":false,"_et_pb_use_builder":"off","_et_pb_old_content":"<p data-start=\"96\" data-end=\"623\">Een ritje achterop wordt direct comfortabeler met het <strong>Bagagedrager Fietskussen van Clarijs.<\/strong> Dit handgemaakte bagagedrager fietskussen is geproduceerd in Nederland en gemaakt van hoogwaardig matriaal van mat PVC met reli\u00ebfstructuur. Een sterk en duurzaam Clarijs product dat comfort en kwaliteit perfect combineert.<\/p>\r\n<p data-start=\"625\" data-end=\"952\">De extra lange klittenband zorgt voor een stevige en stabiele bevestiging op vrijwel iedere bagagedrager. Dankzij de slimme positionering van de klittenbandjes is het kussen bovendien perfect te combineren met een <a href=\"https:\/\/clarijs-fietstassen.nl\/dubbele-fietstassen\/\"><strong>dubbele fietstas<\/strong><\/a> met uitsparing in het midden. Ook ideaal wanneer je gebruikmaakt van een kinderzitje of snelbinders.<\/p>\r\n<p data-start=\"954\" data-end=\"1005\"><strong>Waarom kiezen voor het Clarijs bagagedrager kussen?<\/strong><\/p>\r\n\r\n<ul>\r\n \t<li data-start=\"1007\" data-end=\"1354\">Extra dik voor optimaal zitcomfort<\/li>\r\n \t<li data-start=\"1007\" data-end=\"1354\">Gemaakt van hoogwaardig materiaal mat PVC met reli\u00ebfstructuur<\/li>\r\n \t<li data-start=\"1007\" data-end=\"1354\">Extra verstevigde platen voor vormvastheid en ondersteuning<\/li>\r\n \t<li data-start=\"1007\" data-end=\"1354\">Slijtvast en geschikt voor intensief gebruik<\/li>\r\n \t<li data-start=\"1007\" data-end=\"1354\">Extra lange klittenband voor stevige bevestiging<\/li>\r\n \t<li data-start=\"1007\" data-end=\"1354\">Slim geplaatst voor combinatie met fietstas en kinderzitje<\/li>\r\n \t<li data-start=\"1007\" data-end=\"1354\">Past op vrijwel elke bagagedrager<\/li>\r\n<\/ul>\r\n<p data-start=\"1356\" data-end=\"1385\">Maten: L 35 - B 16 - H 6.5 cm<\/p>\r\n<p data-start=\"1387\" data-end=\"1450\" data-is-last-node=\"\" data-is-only-node=\"\">Geef je passagier het comfort dat ze verdienen en maak elke rit net even beter, bestel jouw Bagagedrager Fietskussen vandaag nog!<\/p>","_et_gb_content_width":""},"product_brand":[],"product_cat":[686,723,688,692,684],"product_tag":[],"class_list":{"0":"post-52288","1":"product","2":"type-product","3":"status-publish","4":"has-post-thumbnail","6":"product_cat-bakfiets-de","7":"product_cat-fahrradzubehor","8":"product_cat-lastenrad-zubehor","9":"product_cat-lastenradkissen","10":"product_cat-zubehor","11":"pa_geschikt-voor-e-bike-ja-de","12":"pa_kleur-matt-olive-de","13":"pa_kleur-matt-schwarz-de","14":"pa_materiaal-mattes-pvc-relief","16":"first","17":"instock","18":"taxable","19":"shipping-taxable","20":"purchasable","21":"product-type-variable"},"acf":[],"yoast_head":"<!-- This site is optimized with the Yoast SEO Premium plugin v27.2 (Yoast SEO v27.3) - https:\/\/yoast.com\/product\/yoast-seo-premium-wordpress\/ -->\n<title>Fahrrad-Gep\u00e4cktr\u00e4ger Sitzkissen \u2013 Clarijs - Clarijs Fietstassen<\/title>\n<meta name=\"description\" content=\"Mach deine Fahrt komfortabler mit dem Clarijs Fahrrad-Gep\u00e4cktr\u00e4ger Sitzkissen. Extra dick, robust und einfach zu befestigen. Perfekt f\u00fcr lange Strecken und kurze Fahrten.\" \/>\n<meta name=\"robots\" content=\"index, follow, max-snippet:-1, max-image-preview:large, max-video-preview:-1\" \/>\n<link rel=\"canonical\" href=\"https:\/\/clarijs-fietstassen.nl\/de\/bikecap-gepacktrager-kissen-kopie\/\" \/>\n<meta property=\"og:locale\" content=\"de_DE\" \/>\n<meta property=\"og:type\" content=\"article\" \/>\n<meta property=\"og:title\" content=\"Fahrrad-Gep\u00e4cktr\u00e4ger Sitzkissen \u2013 Clarijs\" \/>\n<meta property=\"og:description\" content=\"Mach deine Fahrt komfortabler mit dem Clarijs Fahrrad-Gep\u00e4cktr\u00e4ger Sitzkissen. Extra dick, robust und einfach zu befestigen. Perfekt f\u00fcr lange Strecken und kurze Fahrten.\" \/>\n<meta property=\"og:url\" content=\"https:\/\/clarijs-fietstassen.nl\/de\/bikecap-gepacktrager-kissen-kopie\/\" \/>\n<meta property=\"og:site_name\" content=\"Clarijs Fietstassen\" \/>\n<meta property=\"article:publisher\" content=\"https:\/\/www.facebook.com\/clarijs1948\/\" \/>\n<meta property=\"article:modified_time\" content=\"2026-04-20T14:53:25+00:00\" \/>\n<meta property=\"og:image\" content=\"https:\/\/clarijs-fietstassen.nl\/wp-content\/uploads\/2025\/04\/Bagagedrager-fietskussen-Clarijs-zwart-op-fiets1.jpg\" \/>\n\t<meta property=\"og:image:width\" content=\"1200\" \/>\n\t<meta property=\"og:image:height\" content=\"1200\" \/>\n\t<meta property=\"og:image:type\" content=\"image\/jpeg\" \/>\n<meta name=\"twitter:card\" content=\"summary_large_image\" \/>\n<meta name=\"twitter:label1\" content=\"Verf\u00fcgbarkeit\" \/>\n\t<meta name=\"twitter:data1\" content=\"Auf Lager\" \/>\n<script type=\"application\/ld+json\" class=\"yoast-schema-graph\">{\"@context\":\"https:\\\/\\\/schema.org\",\"@graph\":[{\"@type\":\"WebPage\",\"@id\":\"https:\\\/\\\/clarijs-fietstassen.nl\\\/de\\\/bikecap-gepacktrager-kissen-kopie\\\/\",\"url\":\"https:\\\/\\\/clarijs-fietstassen.nl\\\/de\\\/bikecap-gepacktrager-kissen-kopie\\\/\",\"name\":\"Fahrrad-Gep\u00e4cktr\u00e4ger Sitzkissen \u2013 Clarijs - Clarijs Fietstassen\",\"isPartOf\":{\"@id\":\"https:\\\/\\\/clarijs-fietstassen.nl\\\/de\\\/#website\"},\"primaryImageOfPage\":{\"@id\":\"https:\\\/\\\/clarijs-fietstassen.nl\\\/de\\\/bikecap-gepacktrager-kissen-kopie\\\/#primaryimage\"},\"image\":{\"@id\":\"https:\\\/\\\/clarijs-fietstassen.nl\\\/de\\\/bikecap-gepacktrager-kissen-kopie\\\/#primaryimage\"},\"thumbnailUrl\":\"https:\\\/\\\/clarijs-fietstassen.nl\\\/wp-content\\\/uploads\\\/2025\\\/04\\\/Bagagedrager-fietskussen-Clarijs-zwart-op-fiets1.jpg\",\"datePublished\":\"2025-04-16T11:41:55+00:00\",\"dateModified\":\"2026-04-20T14:53:25+00:00\",\"description\":\"Mach deine Fahrt komfortabler mit dem Clarijs Fahrrad-Gep\u00e4cktr\u00e4ger Sitzkissen. Extra dick, robust und einfach zu befestigen. Perfekt f\u00fcr lange Strecken und kurze Fahrten.\",\"breadcrumb\":{\"@id\":\"https:\\\/\\\/clarijs-fietstassen.nl\\\/de\\\/bikecap-gepacktrager-kissen-kopie\\\/#breadcrumb\"},\"inLanguage\":\"de\",\"potentialAction\":[{\"@type\":\"ReadAction\",\"target\":[\"https:\\\/\\\/clarijs-fietstassen.nl\\\/de\\\/bikecap-gepacktrager-kissen-kopie\\\/\"]}]},{\"@type\":\"ImageObject\",\"inLanguage\":\"de\",\"@id\":\"https:\\\/\\\/clarijs-fietstassen.nl\\\/de\\\/bikecap-gepacktrager-kissen-kopie\\\/#primaryimage\",\"url\":\"https:\\\/\\\/clarijs-fietstassen.nl\\\/wp-content\\\/uploads\\\/2025\\\/04\\\/Bagagedrager-fietskussen-Clarijs-zwart-op-fiets1.jpg\",\"contentUrl\":\"https:\\\/\\\/clarijs-fietstassen.nl\\\/wp-content\\\/uploads\\\/2025\\\/04\\\/Bagagedrager-fietskussen-Clarijs-zwart-op-fiets1.jpg\",\"width\":1200,\"height\":1200,\"caption\":\"Bagagedrager-fietskussen-Clarijs-zwart\"},{\"@type\":\"BreadcrumbList\",\"@id\":\"https:\\\/\\\/clarijs-fietstassen.nl\\\/de\\\/bikecap-gepacktrager-kissen-kopie\\\/#breadcrumb\",\"itemListElement\":[{\"@type\":\"ListItem\",\"position\":1,\"name\":\"Home\",\"item\":\"https:\\\/\\\/clarijs-fietstassen.nl\\\/de\\\/\"},{\"@type\":\"ListItem\",\"position\":2,\"name\":\"Shop\",\"item\":\"https:\\\/\\\/clarijs-fietstassen.nl\\\/de\\\/shop\\\/\"},{\"@type\":\"ListItem\",\"position\":3,\"name\":\"Accessoires\",\"item\":\"https:\\\/\\\/clarijs-fietstassen.nl\\\/accessoires\\\/\"},{\"@type\":\"ListItem\",\"position\":4,\"name\":\"Fahrrad-Gep\u00e4cktr\u00e4ger Sitzkissen \u2013 Clarijs\"}]},{\"@type\":\"WebSite\",\"@id\":\"https:\\\/\\\/clarijs-fietstassen.nl\\\/de\\\/#website\",\"url\":\"https:\\\/\\\/clarijs-fietstassen.nl\\\/de\\\/\",\"name\":\"Clarijs Fietstassen\",\"description\":\"Kwaliteit &amp; ambacht sinds 1948\",\"publisher\":{\"@id\":\"https:\\\/\\\/clarijs-fietstassen.nl\\\/de\\\/#organization\"},\"potentialAction\":[{\"@type\":\"SearchAction\",\"target\":{\"@type\":\"EntryPoint\",\"urlTemplate\":\"https:\\\/\\\/clarijs-fietstassen.nl\\\/de\\\/?s={search_term_string}\"},\"query-input\":{\"@type\":\"PropertyValueSpecification\",\"valueRequired\":true,\"valueName\":\"search_term_string\"}}],\"inLanguage\":\"de\"},{\"@type\":\"Organization\",\"@id\":\"https:\\\/\\\/clarijs-fietstassen.nl\\\/de\\\/#organization\",\"name\":\"Clarijs Fietstassen\",\"url\":\"https:\\\/\\\/clarijs-fietstassen.nl\\\/de\\\/\",\"logo\":{\"@type\":\"ImageObject\",\"inLanguage\":\"de\",\"@id\":\"https:\\\/\\\/clarijs-fietstassen.nl\\\/de\\\/#\\\/schema\\\/logo\\\/image\\\/\",\"url\":\"https:\\\/\\\/clarijs-fietstassen.nl\\\/wp-content\\\/uploads\\\/2024\\\/01\\\/clarijs-logo-met-rand.jpg\",\"contentUrl\":\"https:\\\/\\\/clarijs-fietstassen.nl\\\/wp-content\\\/uploads\\\/2024\\\/01\\\/clarijs-logo-met-rand.jpg\",\"width\":560,\"height\":266,\"caption\":\"Clarijs Fietstassen\"},\"image\":{\"@id\":\"https:\\\/\\\/clarijs-fietstassen.nl\\\/de\\\/#\\\/schema\\\/logo\\\/image\\\/\"},\"sameAs\":[\"https:\\\/\\\/www.facebook.com\\\/clarijs1948\\\/\",\"https:\\\/\\\/www.instagram.com\\\/clarijscovers\\\/\"]}]}<\/script>\n<meta property=\"og:availability\" content=\"instock\" \/>\n<meta property=\"product:availability\" content=\"instock\" \/>\n<meta property=\"product:retailer_item_id\" content=\"4086\" \/>\n<meta property=\"product:condition\" content=\"new\" \/>\n<!-- \/ Yoast SEO Premium plugin. -->","yoast_head_json":{"title":"Fahrrad-Gep\u00e4cktr\u00e4ger Sitzkissen \u2013 Clarijs - Clarijs Fietstassen","description":"Mach deine Fahrt komfortabler mit dem Clarijs Fahrrad-Gep\u00e4cktr\u00e4ger Sitzkissen. Extra dick, robust und einfach zu befestigen. Perfekt f\u00fcr lange Strecken und kurze Fahrten.","robots":{"index":"index","follow":"follow","max-snippet":"max-snippet:-1","max-image-preview":"max-image-preview:large","max-video-preview":"max-video-preview:-1"},"canonical":"https:\/\/clarijs-fietstassen.nl\/de\/bikecap-gepacktrager-kissen-kopie\/","og_locale":"de_DE","og_type":"article","og_title":"Fahrrad-Gep\u00e4cktr\u00e4ger Sitzkissen \u2013 Clarijs","og_description":"Mach deine Fahrt komfortabler mit dem Clarijs Fahrrad-Gep\u00e4cktr\u00e4ger Sitzkissen. Extra dick, robust und einfach zu befestigen. Perfekt f\u00fcr lange Strecken und kurze Fahrten.","og_url":"https:\/\/clarijs-fietstassen.nl\/de\/bikecap-gepacktrager-kissen-kopie\/","og_site_name":"Clarijs Fietstassen","article_publisher":"https:\/\/www.facebook.com\/clarijs1948\/","article_modified_time":"2026-04-20T14:53:25+00:00","og_image":[{"width":1200,"height":1200,"url":"https:\/\/clarijs-fietstassen.nl\/wp-content\/uploads\/2025\/04\/Bagagedrager-fietskussen-Clarijs-zwart-op-fiets1.jpg","type":"image\/jpeg"}],"twitter_card":"summary_large_image","twitter_misc":{"Verf\u00fcgbarkeit":"Auf Lager"},"schema":{"@context":"https:\/\/schema.org","@graph":[{"@type":"WebPage","@id":"https:\/\/clarijs-fietstassen.nl\/de\/bikecap-gepacktrager-kissen-kopie\/","url":"https:\/\/clarijs-fietstassen.nl\/de\/bikecap-gepacktrager-kissen-kopie\/","name":"Fahrrad-Gep\u00e4cktr\u00e4ger Sitzkissen \u2013 Clarijs - Clarijs Fietstassen","isPartOf":{"@id":"https:\/\/clarijs-fietstassen.nl\/de\/#website"},"primaryImageOfPage":{"@id":"https:\/\/clarijs-fietstassen.nl\/de\/bikecap-gepacktrager-kissen-kopie\/#primaryimage"},"image":{"@id":"https:\/\/clarijs-fietstassen.nl\/de\/bikecap-gepacktrager-kissen-kopie\/#primaryimage"},"thumbnailUrl":"https:\/\/clarijs-fietstassen.nl\/wp-content\/uploads\/2025\/04\/Bagagedrager-fietskussen-Clarijs-zwart-op-fiets1.jpg","datePublished":"2025-04-16T11:41:55+00:00","dateModified":"2026-04-20T14:53:25+00:00","description":"Mach deine Fahrt komfortabler mit dem Clarijs Fahrrad-Gep\u00e4cktr\u00e4ger Sitzkissen. Extra dick, robust und einfach zu befestigen. Perfekt f\u00fcr lange Strecken und kurze Fahrten.","breadcrumb":{"@id":"https:\/\/clarijs-fietstassen.nl\/de\/bikecap-gepacktrager-kissen-kopie\/#breadcrumb"},"inLanguage":"de","potentialAction":[{"@type":"ReadAction","target":["https:\/\/clarijs-fietstassen.nl\/de\/bikecap-gepacktrager-kissen-kopie\/"]}]},{"@type":"ImageObject","inLanguage":"de","@id":"https:\/\/clarijs-fietstassen.nl\/de\/bikecap-gepacktrager-kissen-kopie\/#primaryimage","url":"https:\/\/clarijs-fietstassen.nl\/wp-content\/uploads\/2025\/04\/Bagagedrager-fietskussen-Clarijs-zwart-op-fiets1.jpg","contentUrl":"https:\/\/clarijs-fietstassen.nl\/wp-content\/uploads\/2025\/04\/Bagagedrager-fietskussen-Clarijs-zwart-op-fiets1.jpg","width":1200,"height":1200,"caption":"Bagagedrager-fietskussen-Clarijs-zwart"},{"@type":"BreadcrumbList","@id":"https:\/\/clarijs-fietstassen.nl\/de\/bikecap-gepacktrager-kissen-kopie\/#breadcrumb","itemListElement":[{"@type":"ListItem","position":1,"name":"Home","item":"https:\/\/clarijs-fietstassen.nl\/de\/"},{"@type":"ListItem","position":2,"name":"Shop","item":"https:\/\/clarijs-fietstassen.nl\/de\/shop\/"},{"@type":"ListItem","position":3,"name":"Accessoires","item":"https:\/\/clarijs-fietstassen.nl\/accessoires\/"},{"@type":"ListItem","position":4,"name":"Fahrrad-Gep\u00e4cktr\u00e4ger Sitzkissen \u2013 Clarijs"}]},{"@type":"WebSite","@id":"https:\/\/clarijs-fietstassen.nl\/de\/#website","url":"https:\/\/clarijs-fietstassen.nl\/de\/","name":"Clarijs Fietstassen","description":"Kwaliteit &amp; ambacht sinds 1948","publisher":{"@id":"https:\/\/clarijs-fietstassen.nl\/de\/#organization"},"potentialAction":[{"@type":"SearchAction","target":{"@type":"EntryPoint","urlTemplate":"https:\/\/clarijs-fietstassen.nl\/de\/?s={search_term_string}"},"query-input":{"@type":"PropertyValueSpecification","valueRequired":true,"valueName":"search_term_string"}}],"inLanguage":"de"},{"@type":"Organization","@id":"https:\/\/clarijs-fietstassen.nl\/de\/#organization","name":"Clarijs Fietstassen","url":"https:\/\/clarijs-fietstassen.nl\/de\/","logo":{"@type":"ImageObject","inLanguage":"de","@id":"https:\/\/clarijs-fietstassen.nl\/de\/#\/schema\/logo\/image\/","url":"https:\/\/clarijs-fietstassen.nl\/wp-content\/uploads\/2024\/01\/clarijs-logo-met-rand.jpg","contentUrl":"https:\/\/clarijs-fietstassen.nl\/wp-content\/uploads\/2024\/01\/clarijs-logo-met-rand.jpg","width":560,"height":266,"caption":"Clarijs Fietstassen"},"image":{"@id":"https:\/\/clarijs-fietstassen.nl\/de\/#\/schema\/logo\/image\/"},"sameAs":["https:\/\/www.facebook.com\/clarijs1948\/","https:\/\/www.instagram.com\/clarijscovers\/"]}]},"og_availability":"instock","product_availability":"instock","product_retailer_item_id":"4086","product_condition":"new"},"_links":{"self":[{"href":"https:\/\/clarijs-fietstassen.nl\/de\/wp-json\/wp\/v2\/product\/52288","targetHints":{"allow":["GET"]}}],"collection":[{"href":"https:\/\/clarijs-fietstassen.nl\/de\/wp-json\/wp\/v2\/product"}],"about":[{"href":"https:\/\/clarijs-fietstassen.nl\/de\/wp-json\/wp\/v2\/types\/product"}],"replies":[{"embeddable":true,"href":"https:\/\/clarijs-fietstassen.nl\/de\/wp-json\/wp\/v2\/comments?post=52288"}],"wp:featuredmedia":[{"embeddable":true,"href":"https:\/\/clarijs-fietstassen.nl\/de\/wp-json\/wp\/v2\/media\/65214"}],"wp:attachment":[{"href":"https:\/\/clarijs-fietstassen.nl\/de\/wp-json\/wp\/v2\/media?parent=52288"}],"wp:term":[{"taxonomy":"product_brand","embeddable":true,"href":"https:\/\/clarijs-fietstassen.nl\/de\/wp-json\/wp\/v2\/product_brand?post=52288"},{"taxonomy":"product_cat","embeddable":true,"href":"https:\/\/clarijs-fietstassen.nl\/de\/wp-json\/wp\/v2\/product_cat?post=52288"},{"taxonomy":"product_tag","embeddable":true,"href":"https:\/\/clarijs-fietstassen.nl\/de\/wp-json\/wp\/v2\/product_tag?post=52288"}],"curies":[{"name":"wp","href":"https:\/\/api.w.org\/{rel}","templated":true}]}}