{"id":52325,"date":"2025-04-16T16:45:28","date_gmt":"2025-04-16T14:45:28","guid":{"rendered":"https:\/\/clarijs-fietstassen.nl\/?post_type=product&#038;p=52325"},"modified":"2025-04-23T13:44:45","modified_gmt":"2025-04-23T11:44:45","slug":"umhangetasche-mit-klettverschluss-kopie","status":"publish","type":"product","link":"https:\/\/clarijs-fietstassen.nl\/de\/produkt\/umhangetasche-mit-klettverschluss-kopie\/","title":{"rendered":"Umh\u00e4ngetasche Schwarz-Grau"},"content":{"rendered":"<p class=\"\" data-start=\"393\" data-end=\"710\">Suchen Sie eine robuste und stilvolle Tasche f\u00fcr das Radfahren und die Freizeit? Die Clarijs <strong>Umh\u00e4ngetasche Mat Black-Grey<\/strong> vereint Funktionalit\u00e4t, Design und Strapazierf\u00e4higkeit in einem schlanken Design. Au\u00dferdem ist diese Umh\u00e4ngetasche aus zweifarbigem Bisonyl-PVC-Gewebe gefertigt, wodurch sie absolut wasserdicht und strapazierf\u00e4hig ist. Die Umh\u00e4ngetasche Mat Black-Grey ist dank des verstellbaren Schulterriemens, des praktischen Klettverschlusses und der eleganten Gr\u00f6\u00dfe ideal f\u00fcr den t\u00e4glichen Gebrauch. Die Kombination aus matten Farben und einem minimalistischen Look schafft einen modernen Look, der zu allem passt. Egal, ob Sie auf dem Weg zur Arbeit, zur Schule oder zu einem Stadtbummel sind, diese Umh\u00e4ngetasche bewahrt Ihre Sachen sicher und trocken auf.     <\/p>\n<p><b>Vorteile:  <\/b><\/p>\n<ul>\n<li style=\"font-weight: 400;\" aria-level=\"1\">Praktischer Klettverschluss<\/li>\n<li style=\"font-weight: 400;\" aria-level=\"1\">Verstellbarer Schultergurt f\u00fcr optimalen Tragekomfort<\/li>\n<li>Innenfach mit Rei\u00dfverschluss<\/li>\n<li aria-level=\"1\">Handgefertigt aus 100 % wasserdichtem Bisonyl-PVC-Gewebe<\/li>\n<li aria-level=\"1\">Hergestellt in der EU mit Fokus auf Qualit\u00e4t und Nachhaltigkeit<\/li>\n<\/ul>\n<p><strong>Abmessungen: <\/strong><\/p>\n<p><span style=\"font-weight: 400;\">L\u00e4nge 36 cm<\/span><span style=\"font-weight: 400;\"><br \/>\n<\/span><span style=\"font-weight: 400;\">H\u00f6he 32 cm  <\/span><i><span style=\"font-weight: 400;\"><br \/>\n<\/span><\/i><span style=\"font-weight: 400;\">Tiefe 12 cm<\/span><\/p>\n<p><em>Die Gr\u00f6\u00dfen k\u00f6nnen leicht variieren, da alle unsere Taschen handgefertigt sind.<\/em><\/p>\n<p><b>Hochwertiges Material<\/b><\/p>\n<p>Bei Clarijs setzen wir auf echtes Handwerk und h\u00f6chste Qualit\u00e4t. Seit 1948 fertigen wir in den Niederlanden langlebige (Fahrrad-)Taschen, die einiges aushalten. Die <strong>Umh\u00e4ngetasche Matt Schwarz-Grau<\/strong> wird aus Bisonyl-PVC-Gewebe hergestellt \u2013 ein Material, das f\u00fcr seine hervorragende Wasserdichtigkeit bekannt ist. Dieses hochwertige, PVC-beschichtete Polyestergewebe bildet eine wasserabweisende Barriere, damit deine Sachen auch bei Regen trocken bleiben. Zudem ist das PVC-Gewebe pflegeleicht und einfach zu reinigen.<\/p>\n<p>Diese Umh\u00e4ngetasche Mat Olive-Black von Clarijs wird Ihre neue Lieblingstasche f\u00fcr jeden Tag, die Sie \u00fcberall hin begleitet und immer die richtige Wahl ist! Kaufen Sie diese Tasche jetzt in unserem Webshop! <\/p>\n","protected":false},"excerpt":{"rendered":"<p>Suchen Sie eine robuste und stilvolle Tasche f\u00fcr das Radfahren und die Freizeit? Die Clarijs Umh\u00e4ngetasche Mat Black-Grey vereint Funktionalit\u00e4t, Design und Strapazierf\u00e4higkeit in einem schlanken Design. Au\u00dferdem ist diese Umh\u00e4ngetasche aus zweifarbigem Bisonyl-PVC-Gewebe gefertigt, wodurch sie absolut wasserdicht und strapazierf\u00e4hig ist. Die Umh\u00e4ngetasche Mat Black-Grey ist dank des verstellbaren Schulterriemens, des praktischen Klettverschlusses und [&hellip;]<\/p>\n","protected":false},"featured_media":52383,"comment_status":"closed","ping_status":"closed","template":"","meta":{"_acf_changed":false,"_et_pb_use_builder":"","_et_pb_old_content":"","_et_gb_content_width":""},"product_brand":[],"product_cat":[695,769,755],"product_tag":[],"class_list":{"0":"post-52325","1":"product","2":"type-product","3":"status-publish","4":"has-post-thumbnail","6":"product_cat-bisonyl-packtaschen","7":"product_cat-taschen","8":"product_cat-umhangetaschen","9":"pa_afmetingen-standard-de","10":"pa_kleur-matt-grau-de","11":"pa_kleur-matt-schwarz-de","12":"pa_materiaal-bisonyl-pvc-leinwand","13":"pa_merk-clarijs-covers-b-v-de","15":"first","16":"instock","17":"taxable","18":"shipping-taxable","19":"purchasable","20":"product-type-simple"},"acf":[],"yoast_head":"<!-- This site is optimized with the Yoast SEO Premium plugin v27.2 (Yoast SEO v27.3) - https:\/\/yoast.com\/product\/yoast-seo-premium-wordpress\/ -->\n<title>Umh\u00e4ngetasche Schwarz-Grau - Clarijs Fietstassen<\/title>\n<meta name=\"description\" content=\"Entdecke die handgefertigte Umh\u00e4ngetasche in Schwarz-Grau von Clarijs! Stilvoll, wasserdicht und langlebig \u2013 perfekt f\u00fcr Alltag, Arbeit und Freizeit. Jetzt online bestellen!\" \/>\n<meta name=\"robots\" content=\"index, follow, max-snippet:-1, max-image-preview:large, max-video-preview:-1\" \/>\n<link rel=\"canonical\" href=\"http:\/\/clarijs-fietstassen.nl\/produkt\/schoudertas-mat-zwart-grijs\/\" \/>\n<meta property=\"og:locale\" content=\"de_DE\" \/>\n<meta property=\"og:type\" content=\"article\" \/>\n<meta property=\"og:title\" content=\"Umh\u00e4ngetasche Schwarz-Grau\" \/>\n<meta property=\"og:description\" content=\"Entdecke die handgefertigte Umh\u00e4ngetasche in Schwarz-Grau von Clarijs! Stilvoll, wasserdicht und langlebig \u2013 perfekt f\u00fcr Alltag, Arbeit und Freizeit. Jetzt online bestellen!\" \/>\n<meta property=\"og:url\" content=\"http:\/\/clarijs-fietstassen.nl\/produkt\/schoudertas-mat-zwart-grijs\/\" \/>\n<meta property=\"og:site_name\" content=\"Clarijs Fietstassen\" \/>\n<meta property=\"article:publisher\" content=\"https:\/\/www.facebook.com\/clarijs1948\/\" \/>\n<meta property=\"article:modified_time\" content=\"2025-04-23T11:44:45+00:00\" \/>\n<meta property=\"og:image\" content=\"https:\/\/clarijs-fietstassen.nl\/wp-content\/uploads\/2025\/04\/Schoudertas-Mat-Zwart-Grijs.png\" \/>\n\t<meta property=\"og:image:width\" content=\"1000\" \/>\n\t<meta property=\"og:image:height\" content=\"1000\" \/>\n\t<meta property=\"og:image:type\" content=\"image\/png\" \/>\n<meta name=\"twitter:card\" content=\"summary_large_image\" \/>\n<meta name=\"twitter:label1\" content=\"Preis\" \/>\n\t<meta name=\"twitter:data1\" content=\"&euro;65.00\" \/>\n\t<meta name=\"twitter:label2\" content=\"Verf\u00fcgbarkeit\" \/>\n\t<meta name=\"twitter:data2\" content=\"Auf Lager\" \/>\n<script type=\"application\/ld+json\" class=\"yoast-schema-graph\">{\"@context\":\"https:\\\/\\\/schema.org\",\"@graph\":[{\"@type\":\"WebPage\",\"@id\":\"http:\\\/\\\/clarijs-fietstassen.nl\\\/produkt\\\/schoudertas-mat-zwart-grijs\\\/\",\"url\":\"http:\\\/\\\/clarijs-fietstassen.nl\\\/produkt\\\/schoudertas-mat-zwart-grijs\\\/\",\"name\":\"Umh\u00e4ngetasche Schwarz-Grau - Clarijs Fietstassen\",\"isPartOf\":{\"@id\":\"https:\\\/\\\/clarijs-fietstassen.nl\\\/de\\\/#website\"},\"primaryImageOfPage\":{\"@id\":\"http:\\\/\\\/clarijs-fietstassen.nl\\\/produkt\\\/schoudertas-mat-zwart-grijs\\\/#primaryimage\"},\"image\":{\"@id\":\"http:\\\/\\\/clarijs-fietstassen.nl\\\/produkt\\\/schoudertas-mat-zwart-grijs\\\/#primaryimage\"},\"thumbnailUrl\":\"https:\\\/\\\/clarijs-fietstassen.nl\\\/wp-content\\\/uploads\\\/2025\\\/04\\\/Schoudertas-Mat-Zwart-Grijs.png\",\"datePublished\":\"2025-04-16T14:45:28+00:00\",\"dateModified\":\"2025-04-23T11:44:45+00:00\",\"description\":\"Entdecke die handgefertigte Umh\u00e4ngetasche in Schwarz-Grau von Clarijs! Stilvoll, wasserdicht und langlebig \u2013 perfekt f\u00fcr Alltag, Arbeit und Freizeit. Jetzt online bestellen!\",\"breadcrumb\":{\"@id\":\"http:\\\/\\\/clarijs-fietstassen.nl\\\/produkt\\\/schoudertas-mat-zwart-grijs\\\/#breadcrumb\"},\"inLanguage\":\"de\",\"potentialAction\":[{\"@type\":\"ReadAction\",\"target\":[\"http:\\\/\\\/clarijs-fietstassen.nl\\\/produkt\\\/schoudertas-mat-zwart-grijs\\\/\"]}]},{\"@type\":\"ImageObject\",\"inLanguage\":\"de\",\"@id\":\"http:\\\/\\\/clarijs-fietstassen.nl\\\/produkt\\\/schoudertas-mat-zwart-grijs\\\/#primaryimage\",\"url\":\"https:\\\/\\\/clarijs-fietstassen.nl\\\/wp-content\\\/uploads\\\/2025\\\/04\\\/Schoudertas-Mat-Zwart-Grijs.png\",\"contentUrl\":\"https:\\\/\\\/clarijs-fietstassen.nl\\\/wp-content\\\/uploads\\\/2025\\\/04\\\/Schoudertas-Mat-Zwart-Grijs.png\",\"width\":1000,\"height\":1000,\"caption\":\"Umh\u00e4ngetasche Schwarz-Grau\"},{\"@type\":\"BreadcrumbList\",\"@id\":\"http:\\\/\\\/clarijs-fietstassen.nl\\\/produkt\\\/schoudertas-mat-zwart-grijs\\\/#breadcrumb\",\"itemListElement\":[{\"@type\":\"ListItem\",\"position\":1,\"name\":\"Home\",\"item\":\"https:\\\/\\\/clarijs-fietstassen.nl\\\/de\\\/\"},{\"@type\":\"ListItem\",\"position\":2,\"name\":\"Shop\",\"item\":\"https:\\\/\\\/clarijs-fietstassen.nl\\\/de\\\/shop\\\/\"},{\"@type\":\"ListItem\",\"position\":3,\"name\":\"Bisonyl Fietstassen\",\"item\":\"https:\\\/\\\/clarijs-fietstassen.nl\\\/bisonyl-fietstassen\\\/\"},{\"@type\":\"ListItem\",\"position\":4,\"name\":\"Umh\u00e4ngetasche Schwarz-Grau\"}]},{\"@type\":\"WebSite\",\"@id\":\"https:\\\/\\\/clarijs-fietstassen.nl\\\/de\\\/#website\",\"url\":\"https:\\\/\\\/clarijs-fietstassen.nl\\\/de\\\/\",\"name\":\"Clarijs Fietstassen\",\"description\":\"Kwaliteit &amp; ambacht sinds 1948\",\"publisher\":{\"@id\":\"https:\\\/\\\/clarijs-fietstassen.nl\\\/de\\\/#organization\"},\"potentialAction\":[{\"@type\":\"SearchAction\",\"target\":{\"@type\":\"EntryPoint\",\"urlTemplate\":\"https:\\\/\\\/clarijs-fietstassen.nl\\\/de\\\/?s={search_term_string}\"},\"query-input\":{\"@type\":\"PropertyValueSpecification\",\"valueRequired\":true,\"valueName\":\"search_term_string\"}}],\"inLanguage\":\"de\"},{\"@type\":\"Organization\",\"@id\":\"https:\\\/\\\/clarijs-fietstassen.nl\\\/de\\\/#organization\",\"name\":\"Clarijs Fietstassen\",\"url\":\"https:\\\/\\\/clarijs-fietstassen.nl\\\/de\\\/\",\"logo\":{\"@type\":\"ImageObject\",\"inLanguage\":\"de\",\"@id\":\"https:\\\/\\\/clarijs-fietstassen.nl\\\/de\\\/#\\\/schema\\\/logo\\\/image\\\/\",\"url\":\"https:\\\/\\\/clarijs-fietstassen.nl\\\/wp-content\\\/uploads\\\/2024\\\/01\\\/clarijs-logo-met-rand.jpg\",\"contentUrl\":\"https:\\\/\\\/clarijs-fietstassen.nl\\\/wp-content\\\/uploads\\\/2024\\\/01\\\/clarijs-logo-met-rand.jpg\",\"width\":560,\"height\":266,\"caption\":\"Clarijs Fietstassen\"},\"image\":{\"@id\":\"https:\\\/\\\/clarijs-fietstassen.nl\\\/de\\\/#\\\/schema\\\/logo\\\/image\\\/\"},\"sameAs\":[\"https:\\\/\\\/www.facebook.com\\\/clarijs1948\\\/\",\"https:\\\/\\\/www.instagram.com\\\/clarijscovers\\\/\"]}]}<\/script>\n<meta property=\"product:price:amount\" content=\"65.00\" \/>\n<meta property=\"product:price:currency\" content=\"EUR\" \/>\n<meta property=\"og:availability\" content=\"instock\" \/>\n<meta property=\"product:availability\" content=\"instock\" \/>\n<meta property=\"product:retailer_item_id\" content=\"2117\" \/>\n<meta property=\"product:condition\" content=\"new\" \/>\n<!-- \/ Yoast SEO Premium plugin. -->","yoast_head_json":{"title":"Umh\u00e4ngetasche Schwarz-Grau - Clarijs Fietstassen","description":"Entdecke die handgefertigte Umh\u00e4ngetasche in Schwarz-Grau von Clarijs! Stilvoll, wasserdicht und langlebig \u2013 perfekt f\u00fcr Alltag, Arbeit und Freizeit. Jetzt online bestellen!","robots":{"index":"index","follow":"follow","max-snippet":"max-snippet:-1","max-image-preview":"max-image-preview:large","max-video-preview":"max-video-preview:-1"},"canonical":"http:\/\/clarijs-fietstassen.nl\/produkt\/schoudertas-mat-zwart-grijs\/","og_locale":"de_DE","og_type":"article","og_title":"Umh\u00e4ngetasche Schwarz-Grau","og_description":"Entdecke die handgefertigte Umh\u00e4ngetasche in Schwarz-Grau von Clarijs! Stilvoll, wasserdicht und langlebig \u2013 perfekt f\u00fcr Alltag, Arbeit und Freizeit. Jetzt online bestellen!","og_url":"http:\/\/clarijs-fietstassen.nl\/produkt\/schoudertas-mat-zwart-grijs\/","og_site_name":"Clarijs Fietstassen","article_publisher":"https:\/\/www.facebook.com\/clarijs1948\/","article_modified_time":"2025-04-23T11:44:45+00:00","og_image":[{"width":1000,"height":1000,"url":"https:\/\/clarijs-fietstassen.nl\/wp-content\/uploads\/2025\/04\/Schoudertas-Mat-Zwart-Grijs.png","type":"image\/png"}],"twitter_card":"summary_large_image","twitter_misc":{"Preis":"&euro;65.00","Verf\u00fcgbarkeit":"Auf Lager"},"schema":{"@context":"https:\/\/schema.org","@graph":[{"@type":"WebPage","@id":"http:\/\/clarijs-fietstassen.nl\/produkt\/schoudertas-mat-zwart-grijs\/","url":"http:\/\/clarijs-fietstassen.nl\/produkt\/schoudertas-mat-zwart-grijs\/","name":"Umh\u00e4ngetasche Schwarz-Grau - Clarijs Fietstassen","isPartOf":{"@id":"https:\/\/clarijs-fietstassen.nl\/de\/#website"},"primaryImageOfPage":{"@id":"http:\/\/clarijs-fietstassen.nl\/produkt\/schoudertas-mat-zwart-grijs\/#primaryimage"},"image":{"@id":"http:\/\/clarijs-fietstassen.nl\/produkt\/schoudertas-mat-zwart-grijs\/#primaryimage"},"thumbnailUrl":"https:\/\/clarijs-fietstassen.nl\/wp-content\/uploads\/2025\/04\/Schoudertas-Mat-Zwart-Grijs.png","datePublished":"2025-04-16T14:45:28+00:00","dateModified":"2025-04-23T11:44:45+00:00","description":"Entdecke die handgefertigte Umh\u00e4ngetasche in Schwarz-Grau von Clarijs! Stilvoll, wasserdicht und langlebig \u2013 perfekt f\u00fcr Alltag, Arbeit und Freizeit. Jetzt online bestellen!","breadcrumb":{"@id":"http:\/\/clarijs-fietstassen.nl\/produkt\/schoudertas-mat-zwart-grijs\/#breadcrumb"},"inLanguage":"de","potentialAction":[{"@type":"ReadAction","target":["http:\/\/clarijs-fietstassen.nl\/produkt\/schoudertas-mat-zwart-grijs\/"]}]},{"@type":"ImageObject","inLanguage":"de","@id":"http:\/\/clarijs-fietstassen.nl\/produkt\/schoudertas-mat-zwart-grijs\/#primaryimage","url":"https:\/\/clarijs-fietstassen.nl\/wp-content\/uploads\/2025\/04\/Schoudertas-Mat-Zwart-Grijs.png","contentUrl":"https:\/\/clarijs-fietstassen.nl\/wp-content\/uploads\/2025\/04\/Schoudertas-Mat-Zwart-Grijs.png","width":1000,"height":1000,"caption":"Umh\u00e4ngetasche Schwarz-Grau"},{"@type":"BreadcrumbList","@id":"http:\/\/clarijs-fietstassen.nl\/produkt\/schoudertas-mat-zwart-grijs\/#breadcrumb","itemListElement":[{"@type":"ListItem","position":1,"name":"Home","item":"https:\/\/clarijs-fietstassen.nl\/de\/"},{"@type":"ListItem","position":2,"name":"Shop","item":"https:\/\/clarijs-fietstassen.nl\/de\/shop\/"},{"@type":"ListItem","position":3,"name":"Bisonyl Fietstassen","item":"https:\/\/clarijs-fietstassen.nl\/bisonyl-fietstassen\/"},{"@type":"ListItem","position":4,"name":"Umh\u00e4ngetasche Schwarz-Grau"}]},{"@type":"WebSite","@id":"https:\/\/clarijs-fietstassen.nl\/de\/#website","url":"https:\/\/clarijs-fietstassen.nl\/de\/","name":"Clarijs Fietstassen","description":"Kwaliteit &amp; ambacht sinds 1948","publisher":{"@id":"https:\/\/clarijs-fietstassen.nl\/de\/#organization"},"potentialAction":[{"@type":"SearchAction","target":{"@type":"EntryPoint","urlTemplate":"https:\/\/clarijs-fietstassen.nl\/de\/?s={search_term_string}"},"query-input":{"@type":"PropertyValueSpecification","valueRequired":true,"valueName":"search_term_string"}}],"inLanguage":"de"},{"@type":"Organization","@id":"https:\/\/clarijs-fietstassen.nl\/de\/#organization","name":"Clarijs Fietstassen","url":"https:\/\/clarijs-fietstassen.nl\/de\/","logo":{"@type":"ImageObject","inLanguage":"de","@id":"https:\/\/clarijs-fietstassen.nl\/de\/#\/schema\/logo\/image\/","url":"https:\/\/clarijs-fietstassen.nl\/wp-content\/uploads\/2024\/01\/clarijs-logo-met-rand.jpg","contentUrl":"https:\/\/clarijs-fietstassen.nl\/wp-content\/uploads\/2024\/01\/clarijs-logo-met-rand.jpg","width":560,"height":266,"caption":"Clarijs Fietstassen"},"image":{"@id":"https:\/\/clarijs-fietstassen.nl\/de\/#\/schema\/logo\/image\/"},"sameAs":["https:\/\/www.facebook.com\/clarijs1948\/","https:\/\/www.instagram.com\/clarijscovers\/"]}]},"product_price_amount":"65.00","product_price_currency":"EUR","og_availability":"instock","product_availability":"instock","product_retailer_item_id":"2117","product_condition":"new"},"_links":{"self":[{"href":"https:\/\/clarijs-fietstassen.nl\/de\/wp-json\/wp\/v2\/product\/52325","targetHints":{"allow":["GET"]}}],"collection":[{"href":"https:\/\/clarijs-fietstassen.nl\/de\/wp-json\/wp\/v2\/product"}],"about":[{"href":"https:\/\/clarijs-fietstassen.nl\/de\/wp-json\/wp\/v2\/types\/product"}],"replies":[{"embeddable":true,"href":"https:\/\/clarijs-fietstassen.nl\/de\/wp-json\/wp\/v2\/comments?post=52325"}],"wp:featuredmedia":[{"embeddable":true,"href":"https:\/\/clarijs-fietstassen.nl\/de\/wp-json\/wp\/v2\/media\/52383"}],"wp:attachment":[{"href":"https:\/\/clarijs-fietstassen.nl\/de\/wp-json\/wp\/v2\/media?parent=52325"}],"wp:term":[{"taxonomy":"product_brand","embeddable":true,"href":"https:\/\/clarijs-fietstassen.nl\/de\/wp-json\/wp\/v2\/product_brand?post=52325"},{"taxonomy":"product_cat","embeddable":true,"href":"https:\/\/clarijs-fietstassen.nl\/de\/wp-json\/wp\/v2\/product_cat?post=52325"},{"taxonomy":"product_tag","embeddable":true,"href":"https:\/\/clarijs-fietstassen.nl\/de\/wp-json\/wp\/v2\/product_tag?post=52325"}],"curies":[{"name":"wp","href":"https:\/\/api.w.org\/{rel}","templated":true}]}}