{"id":52403,"date":"2025-04-23T11:43:18","date_gmt":"2025-04-23T09:43:18","guid":{"rendered":"https:\/\/clarijs-fietstassen.nl\/?post_type=product&#038;p=52403"},"modified":"2025-04-23T13:43:08","modified_gmt":"2025-04-23T11:43:08","slug":"umhangetasche-schwarz-grau-kopie","status":"publish","type":"product","link":"https:\/\/clarijs-fietstassen.nl\/de\/produkt\/umhangetasche-schwarz-grau-kopie\/","title":{"rendered":"Umh\u00e4ngetasche Matte Olive-Schwarz"},"content":{"rendered":"<p>Suchen Sie eine robuste und stilvolle Tasche f\u00fcr das Radfahren und die Freizeit? Die Clarijs <strong>Umh\u00e4ngetasche Mat Olive-Black<\/strong> vereint Funktionalit\u00e4t, Design und Haltbarkeit in einem schlanken Design. Au\u00dferdem ist diese Umh\u00e4ngetasche aus zweifarbigem Bisonyl-PVC-Gewebe gefertigt, wodurch sie absolut wasserdicht und strapazierf\u00e4hig ist. Die Umh\u00e4ngetasche Mat Olive-Black ist dank des verstellbaren Schulterriemens, des praktischen Klettverschlusses und der eleganten Gr\u00f6\u00dfe ideal f\u00fcr den t\u00e4glichen Gebrauch. Die Kombination aus matten Farben und einem minimalistischen Look schafft einen modernen Look, der zu allem passt. Ganz gleich, ob Sie auf dem Weg zur Arbeit, zur Schule oder zu einem Stadtbummel sind, in dieser Umh\u00e4ngetasche sind Ihre Habseligkeiten sicher und trocken untergebracht.     <\/p>\n<p><b>Vorteile:  <\/b><\/p>\n<ul>\n<li style=\"font-weight: 400;\" aria-level=\"1\">Praktischer Klettverschluss<\/li>\n<li style=\"font-weight: 400;\" aria-level=\"1\">Verstellbarer Schultergurt f\u00fcr optimalen Tragekomfort<\/li>\n<li>Innenfach mit Rei\u00dfverschluss<\/li>\n<li aria-level=\"1\">Handgefertigt aus 100 % wasserdichtem Bisonyl-PVC-Gewebe<\/li>\n<li aria-level=\"1\">Hergestellt in der EU mit Fokus auf Qualit\u00e4t und Nachhaltigkeit<\/li>\n<\/ul>\n<p><strong>Abmessungen: <\/strong><\/p>\n<p><span style=\"font-weight: 400;\">L\u00e4nge 36 cm<\/span><span style=\"font-weight: 400;\"><br \/>\n<\/span><span style=\"font-weight: 400;\">H\u00f6he 32 cm  <\/span><i><span style=\"font-weight: 400;\"><br \/>\n<\/span><\/i><span style=\"font-weight: 400;\">Tiefe 12 cm<\/span><\/p>\n<p><em>Die Gr\u00f6\u00dfen k\u00f6nnen leicht variieren, da alle unsere Taschen handgefertigt sind.<\/em><\/p>\n<p><b>Hochwertiges Material<\/b><\/p>\n<p>Bei Clarijs setzen wir auf echtes Handwerk und h\u00f6chste Qualit\u00e4t. Seit 1948 fertigen wir in den Niederlanden langlebige (Fahrrad-)Taschen, die einiges aushalten. Die <strong>Umh\u00e4ngetasche Matt Schwarz-Grau<\/strong> wird aus Bisonyl-PVC-Gewebe hergestellt \u2013 ein Material, das f\u00fcr seine hervorragende Wasserdichtigkeit bekannt ist. Dieses hochwertige, PVC-beschichtete Polyestergewebe bildet eine wasserabweisende Barriere, damit deine Sachen auch bei Regen trocken bleiben. Zudem ist das PVC-Gewebe pflegeleicht und einfach zu reinigen.    <\/p>\n<p>Diese Umh\u00e4ngetasche Mat Olive-Black von Clarijs wird Ihre neue Lieblingstasche f\u00fcr jeden Tag, die Sie \u00fcberall hin begleitet und immer die richtige Wahl ist! Kaufen Sie diese Tasche jetzt in unserem Webshop! <\/p>\n","protected":false},"excerpt":{"rendered":"<p>Suchen Sie eine robuste und stilvolle Tasche f\u00fcr das Radfahren und die Freizeit? Die Clarijs Umh\u00e4ngetasche Mat Olive-Black vereint Funktionalit\u00e4t, Design und Haltbarkeit in einem schlanken Design. Au\u00dferdem ist diese Umh\u00e4ngetasche aus zweifarbigem Bisonyl-PVC-Gewebe gefertigt, wodurch sie absolut wasserdicht und strapazierf\u00e4hig ist. Die Umh\u00e4ngetasche Mat Olive-Black ist dank des verstellbaren Schulterriemens, des praktischen Klettverschlusses und [&hellip;]<\/p>\n","protected":false},"featured_media":52428,"comment_status":"closed","ping_status":"closed","template":"","meta":{"_acf_changed":false,"_et_pb_use_builder":"","_et_pb_old_content":"","_et_gb_content_width":""},"product_brand":[],"product_cat":[695,769,755],"product_tag":[],"class_list":{"0":"post-52403","1":"product","2":"type-product","3":"status-publish","4":"has-post-thumbnail","6":"product_cat-bisonyl-packtaschen","7":"product_cat-taschen","8":"product_cat-umhangetaschen","9":"pa_afmetingen-standard-de","10":"pa_kleur-matt-olive-de","11":"pa_kleur-matt-schwarz-de","12":"pa_materiaal-bisonyl-pvc-leinwand","13":"pa_merk-clarijs-covers-b-v-de","15":"first","16":"instock","17":"taxable","18":"shipping-taxable","19":"purchasable","20":"product-type-simple"},"acf":[],"yoast_head":"<!-- This site is optimized with the Yoast SEO Premium plugin v27.2 (Yoast SEO v27.3) - https:\/\/yoast.com\/product\/yoast-seo-premium-wordpress\/ -->\n<title>Umh\u00e4ngetasche Matte Olive-Schwarz - Clarijs Fietstassen<\/title>\n<meta name=\"description\" content=\"Entdecke die handgefertigte Umh\u00e4ngetasche in Schwarz-Grau von Clarijs! Stilvoll, wasserdicht und langlebig \u2013 perfekt f\u00fcr Alltag, Arbeit und Freizeit. Jetzt online bestellen!\" \/>\n<meta name=\"robots\" content=\"index, follow, max-snippet:-1, max-image-preview:large, max-video-preview:-1\" \/>\n<link rel=\"canonical\" href=\"https:\/\/clarijs-fietstassen.nl\/de\/produkt\/umhangetasche-schwarz-grau-kopie\/\" \/>\n<meta property=\"og:locale\" content=\"de_DE\" \/>\n<meta property=\"og:type\" content=\"article\" \/>\n<meta property=\"og:title\" content=\"Umh\u00e4ngetasche Matte Olive-Schwarz\" \/>\n<meta property=\"og:description\" content=\"Entdecke die handgefertigte Umh\u00e4ngetasche in Schwarz-Grau von Clarijs! Stilvoll, wasserdicht und langlebig \u2013 perfekt f\u00fcr Alltag, Arbeit und Freizeit. Jetzt online bestellen!\" \/>\n<meta property=\"og:url\" content=\"https:\/\/clarijs-fietstassen.nl\/de\/produkt\/umhangetasche-schwarz-grau-kopie\/\" \/>\n<meta property=\"og:site_name\" content=\"Clarijs Fietstassen\" \/>\n<meta property=\"article:publisher\" content=\"https:\/\/www.facebook.com\/clarijs1948\/\" \/>\n<meta property=\"article:modified_time\" content=\"2025-04-23T11:43:08+00:00\" \/>\n<meta property=\"og:image\" content=\"https:\/\/clarijs-fietstassen.nl\/wp-content\/uploads\/2025\/04\/Schoudertas-Mat-Olive-Zwart-aangepast.png\" \/>\n\t<meta property=\"og:image:width\" content=\"1000\" \/>\n\t<meta property=\"og:image:height\" content=\"1000\" \/>\n\t<meta property=\"og:image:type\" content=\"image\/png\" \/>\n<meta name=\"twitter:card\" content=\"summary_large_image\" \/>\n<meta name=\"twitter:label1\" content=\"Preis\" \/>\n\t<meta name=\"twitter:data1\" content=\"&euro;65.00\" \/>\n\t<meta name=\"twitter:label2\" content=\"Verf\u00fcgbarkeit\" \/>\n\t<meta name=\"twitter:data2\" content=\"Auf Lager\" \/>\n<script type=\"application\/ld+json\" class=\"yoast-schema-graph\">{\"@context\":\"https:\\\/\\\/schema.org\",\"@graph\":[{\"@type\":\"WebPage\",\"@id\":\"https:\\\/\\\/clarijs-fietstassen.nl\\\/de\\\/produkt\\\/umhangetasche-schwarz-grau-kopie\\\/\",\"url\":\"https:\\\/\\\/clarijs-fietstassen.nl\\\/de\\\/produkt\\\/umhangetasche-schwarz-grau-kopie\\\/\",\"name\":\"Umh\u00e4ngetasche Matte Olive-Schwarz - Clarijs Fietstassen\",\"isPartOf\":{\"@id\":\"https:\\\/\\\/clarijs-fietstassen.nl\\\/de\\\/#website\"},\"primaryImageOfPage\":{\"@id\":\"https:\\\/\\\/clarijs-fietstassen.nl\\\/de\\\/produkt\\\/umhangetasche-schwarz-grau-kopie\\\/#primaryimage\"},\"image\":{\"@id\":\"https:\\\/\\\/clarijs-fietstassen.nl\\\/de\\\/produkt\\\/umhangetasche-schwarz-grau-kopie\\\/#primaryimage\"},\"thumbnailUrl\":\"https:\\\/\\\/clarijs-fietstassen.nl\\\/wp-content\\\/uploads\\\/2025\\\/04\\\/Schoudertas-Mat-Olive-Zwart-aangepast.png\",\"datePublished\":\"2025-04-23T09:43:18+00:00\",\"dateModified\":\"2025-04-23T11:43:08+00:00\",\"description\":\"Entdecke die handgefertigte Umh\u00e4ngetasche in Schwarz-Grau von Clarijs! Stilvoll, wasserdicht und langlebig \u2013 perfekt f\u00fcr Alltag, Arbeit und Freizeit. Jetzt online bestellen!\",\"breadcrumb\":{\"@id\":\"https:\\\/\\\/clarijs-fietstassen.nl\\\/de\\\/produkt\\\/umhangetasche-schwarz-grau-kopie\\\/#breadcrumb\"},\"inLanguage\":\"de\",\"potentialAction\":[{\"@type\":\"ReadAction\",\"target\":[\"https:\\\/\\\/clarijs-fietstassen.nl\\\/de\\\/produkt\\\/umhangetasche-schwarz-grau-kopie\\\/\"]}]},{\"@type\":\"ImageObject\",\"inLanguage\":\"de\",\"@id\":\"https:\\\/\\\/clarijs-fietstassen.nl\\\/de\\\/produkt\\\/umhangetasche-schwarz-grau-kopie\\\/#primaryimage\",\"url\":\"https:\\\/\\\/clarijs-fietstassen.nl\\\/wp-content\\\/uploads\\\/2025\\\/04\\\/Schoudertas-Mat-Olive-Zwart-aangepast.png\",\"contentUrl\":\"https:\\\/\\\/clarijs-fietstassen.nl\\\/wp-content\\\/uploads\\\/2025\\\/04\\\/Schoudertas-Mat-Olive-Zwart-aangepast.png\",\"width\":1000,\"height\":1000,\"caption\":\"Schoudertas Mat Olive-Zwart\"},{\"@type\":\"BreadcrumbList\",\"@id\":\"https:\\\/\\\/clarijs-fietstassen.nl\\\/de\\\/produkt\\\/umhangetasche-schwarz-grau-kopie\\\/#breadcrumb\",\"itemListElement\":[{\"@type\":\"ListItem\",\"position\":1,\"name\":\"Home\",\"item\":\"https:\\\/\\\/clarijs-fietstassen.nl\\\/de\\\/\"},{\"@type\":\"ListItem\",\"position\":2,\"name\":\"Shop\",\"item\":\"https:\\\/\\\/clarijs-fietstassen.nl\\\/de\\\/shop\\\/\"},{\"@type\":\"ListItem\",\"position\":3,\"name\":\"Bisonyl Packtaschen\",\"item\":\"https:\\\/\\\/clarijs-fietstassen.nl\\\/de\\\/bisonyl-packtaschen\\\/\"},{\"@type\":\"ListItem\",\"position\":4,\"name\":\"Umh\u00e4ngetasche Matte Olive-Schwarz\"}]},{\"@type\":\"WebSite\",\"@id\":\"https:\\\/\\\/clarijs-fietstassen.nl\\\/de\\\/#website\",\"url\":\"https:\\\/\\\/clarijs-fietstassen.nl\\\/de\\\/\",\"name\":\"Clarijs Fietstassen\",\"description\":\"Kwaliteit &amp; ambacht sinds 1948\",\"publisher\":{\"@id\":\"https:\\\/\\\/clarijs-fietstassen.nl\\\/de\\\/#organization\"},\"potentialAction\":[{\"@type\":\"SearchAction\",\"target\":{\"@type\":\"EntryPoint\",\"urlTemplate\":\"https:\\\/\\\/clarijs-fietstassen.nl\\\/de\\\/?s={search_term_string}\"},\"query-input\":{\"@type\":\"PropertyValueSpecification\",\"valueRequired\":true,\"valueName\":\"search_term_string\"}}],\"inLanguage\":\"de\"},{\"@type\":\"Organization\",\"@id\":\"https:\\\/\\\/clarijs-fietstassen.nl\\\/de\\\/#organization\",\"name\":\"Clarijs Fietstassen\",\"url\":\"https:\\\/\\\/clarijs-fietstassen.nl\\\/de\\\/\",\"logo\":{\"@type\":\"ImageObject\",\"inLanguage\":\"de\",\"@id\":\"https:\\\/\\\/clarijs-fietstassen.nl\\\/de\\\/#\\\/schema\\\/logo\\\/image\\\/\",\"url\":\"https:\\\/\\\/clarijs-fietstassen.nl\\\/wp-content\\\/uploads\\\/2024\\\/01\\\/clarijs-logo-met-rand.jpg\",\"contentUrl\":\"https:\\\/\\\/clarijs-fietstassen.nl\\\/wp-content\\\/uploads\\\/2024\\\/01\\\/clarijs-logo-met-rand.jpg\",\"width\":560,\"height\":266,\"caption\":\"Clarijs Fietstassen\"},\"image\":{\"@id\":\"https:\\\/\\\/clarijs-fietstassen.nl\\\/de\\\/#\\\/schema\\\/logo\\\/image\\\/\"},\"sameAs\":[\"https:\\\/\\\/www.facebook.com\\\/clarijs1948\\\/\",\"https:\\\/\\\/www.instagram.com\\\/clarijscovers\\\/\"]}]}<\/script>\n<meta property=\"product:price:amount\" content=\"65.00\" \/>\n<meta property=\"product:price:currency\" content=\"EUR\" \/>\n<meta property=\"og:availability\" content=\"instock\" \/>\n<meta property=\"product:availability\" content=\"instock\" \/>\n<meta property=\"product:retailer_item_id\" content=\"2118\" \/>\n<meta property=\"product:condition\" content=\"new\" \/>\n<!-- \/ Yoast SEO Premium plugin. -->","yoast_head_json":{"title":"Umh\u00e4ngetasche Matte Olive-Schwarz - Clarijs Fietstassen","description":"Entdecke die handgefertigte Umh\u00e4ngetasche in Schwarz-Grau von Clarijs! Stilvoll, wasserdicht und langlebig \u2013 perfekt f\u00fcr Alltag, Arbeit und Freizeit. Jetzt online bestellen!","robots":{"index":"index","follow":"follow","max-snippet":"max-snippet:-1","max-image-preview":"max-image-preview:large","max-video-preview":"max-video-preview:-1"},"canonical":"https:\/\/clarijs-fietstassen.nl\/de\/produkt\/umhangetasche-schwarz-grau-kopie\/","og_locale":"de_DE","og_type":"article","og_title":"Umh\u00e4ngetasche Matte Olive-Schwarz","og_description":"Entdecke die handgefertigte Umh\u00e4ngetasche in Schwarz-Grau von Clarijs! Stilvoll, wasserdicht und langlebig \u2013 perfekt f\u00fcr Alltag, Arbeit und Freizeit. Jetzt online bestellen!","og_url":"https:\/\/clarijs-fietstassen.nl\/de\/produkt\/umhangetasche-schwarz-grau-kopie\/","og_site_name":"Clarijs Fietstassen","article_publisher":"https:\/\/www.facebook.com\/clarijs1948\/","article_modified_time":"2025-04-23T11:43:08+00:00","og_image":[{"width":1000,"height":1000,"url":"https:\/\/clarijs-fietstassen.nl\/wp-content\/uploads\/2025\/04\/Schoudertas-Mat-Olive-Zwart-aangepast.png","type":"image\/png"}],"twitter_card":"summary_large_image","twitter_misc":{"Preis":"&euro;65.00","Verf\u00fcgbarkeit":"Auf Lager"},"schema":{"@context":"https:\/\/schema.org","@graph":[{"@type":"WebPage","@id":"https:\/\/clarijs-fietstassen.nl\/de\/produkt\/umhangetasche-schwarz-grau-kopie\/","url":"https:\/\/clarijs-fietstassen.nl\/de\/produkt\/umhangetasche-schwarz-grau-kopie\/","name":"Umh\u00e4ngetasche Matte Olive-Schwarz - Clarijs Fietstassen","isPartOf":{"@id":"https:\/\/clarijs-fietstassen.nl\/de\/#website"},"primaryImageOfPage":{"@id":"https:\/\/clarijs-fietstassen.nl\/de\/produkt\/umhangetasche-schwarz-grau-kopie\/#primaryimage"},"image":{"@id":"https:\/\/clarijs-fietstassen.nl\/de\/produkt\/umhangetasche-schwarz-grau-kopie\/#primaryimage"},"thumbnailUrl":"https:\/\/clarijs-fietstassen.nl\/wp-content\/uploads\/2025\/04\/Schoudertas-Mat-Olive-Zwart-aangepast.png","datePublished":"2025-04-23T09:43:18+00:00","dateModified":"2025-04-23T11:43:08+00:00","description":"Entdecke die handgefertigte Umh\u00e4ngetasche in Schwarz-Grau von Clarijs! Stilvoll, wasserdicht und langlebig \u2013 perfekt f\u00fcr Alltag, Arbeit und Freizeit. Jetzt online bestellen!","breadcrumb":{"@id":"https:\/\/clarijs-fietstassen.nl\/de\/produkt\/umhangetasche-schwarz-grau-kopie\/#breadcrumb"},"inLanguage":"de","potentialAction":[{"@type":"ReadAction","target":["https:\/\/clarijs-fietstassen.nl\/de\/produkt\/umhangetasche-schwarz-grau-kopie\/"]}]},{"@type":"ImageObject","inLanguage":"de","@id":"https:\/\/clarijs-fietstassen.nl\/de\/produkt\/umhangetasche-schwarz-grau-kopie\/#primaryimage","url":"https:\/\/clarijs-fietstassen.nl\/wp-content\/uploads\/2025\/04\/Schoudertas-Mat-Olive-Zwart-aangepast.png","contentUrl":"https:\/\/clarijs-fietstassen.nl\/wp-content\/uploads\/2025\/04\/Schoudertas-Mat-Olive-Zwart-aangepast.png","width":1000,"height":1000,"caption":"Schoudertas Mat Olive-Zwart"},{"@type":"BreadcrumbList","@id":"https:\/\/clarijs-fietstassen.nl\/de\/produkt\/umhangetasche-schwarz-grau-kopie\/#breadcrumb","itemListElement":[{"@type":"ListItem","position":1,"name":"Home","item":"https:\/\/clarijs-fietstassen.nl\/de\/"},{"@type":"ListItem","position":2,"name":"Shop","item":"https:\/\/clarijs-fietstassen.nl\/de\/shop\/"},{"@type":"ListItem","position":3,"name":"Bisonyl Packtaschen","item":"https:\/\/clarijs-fietstassen.nl\/de\/bisonyl-packtaschen\/"},{"@type":"ListItem","position":4,"name":"Umh\u00e4ngetasche Matte Olive-Schwarz"}]},{"@type":"WebSite","@id":"https:\/\/clarijs-fietstassen.nl\/de\/#website","url":"https:\/\/clarijs-fietstassen.nl\/de\/","name":"Clarijs Fietstassen","description":"Kwaliteit &amp; ambacht sinds 1948","publisher":{"@id":"https:\/\/clarijs-fietstassen.nl\/de\/#organization"},"potentialAction":[{"@type":"SearchAction","target":{"@type":"EntryPoint","urlTemplate":"https:\/\/clarijs-fietstassen.nl\/de\/?s={search_term_string}"},"query-input":{"@type":"PropertyValueSpecification","valueRequired":true,"valueName":"search_term_string"}}],"inLanguage":"de"},{"@type":"Organization","@id":"https:\/\/clarijs-fietstassen.nl\/de\/#organization","name":"Clarijs Fietstassen","url":"https:\/\/clarijs-fietstassen.nl\/de\/","logo":{"@type":"ImageObject","inLanguage":"de","@id":"https:\/\/clarijs-fietstassen.nl\/de\/#\/schema\/logo\/image\/","url":"https:\/\/clarijs-fietstassen.nl\/wp-content\/uploads\/2024\/01\/clarijs-logo-met-rand.jpg","contentUrl":"https:\/\/clarijs-fietstassen.nl\/wp-content\/uploads\/2024\/01\/clarijs-logo-met-rand.jpg","width":560,"height":266,"caption":"Clarijs Fietstassen"},"image":{"@id":"https:\/\/clarijs-fietstassen.nl\/de\/#\/schema\/logo\/image\/"},"sameAs":["https:\/\/www.facebook.com\/clarijs1948\/","https:\/\/www.instagram.com\/clarijscovers\/"]}]},"product_price_amount":"65.00","product_price_currency":"EUR","og_availability":"instock","product_availability":"instock","product_retailer_item_id":"2118","product_condition":"new"},"_links":{"self":[{"href":"https:\/\/clarijs-fietstassen.nl\/de\/wp-json\/wp\/v2\/product\/52403","targetHints":{"allow":["GET"]}}],"collection":[{"href":"https:\/\/clarijs-fietstassen.nl\/de\/wp-json\/wp\/v2\/product"}],"about":[{"href":"https:\/\/clarijs-fietstassen.nl\/de\/wp-json\/wp\/v2\/types\/product"}],"replies":[{"embeddable":true,"href":"https:\/\/clarijs-fietstassen.nl\/de\/wp-json\/wp\/v2\/comments?post=52403"}],"wp:featuredmedia":[{"embeddable":true,"href":"https:\/\/clarijs-fietstassen.nl\/de\/wp-json\/wp\/v2\/media\/52428"}],"wp:attachment":[{"href":"https:\/\/clarijs-fietstassen.nl\/de\/wp-json\/wp\/v2\/media?parent=52403"}],"wp:term":[{"taxonomy":"product_brand","embeddable":true,"href":"https:\/\/clarijs-fietstassen.nl\/de\/wp-json\/wp\/v2\/product_brand?post=52403"},{"taxonomy":"product_cat","embeddable":true,"href":"https:\/\/clarijs-fietstassen.nl\/de\/wp-json\/wp\/v2\/product_cat?post=52403"},{"taxonomy":"product_tag","embeddable":true,"href":"https:\/\/clarijs-fietstassen.nl\/de\/wp-json\/wp\/v2\/product_tag?post=52403"}],"curies":[{"name":"wp","href":"https:\/\/api.w.org\/{rel}","templated":true}]}}