{"id":53504,"date":"2025-05-26T14:42:15","date_gmt":"2025-05-26T12:42:15","guid":{"rendered":"https:\/\/clarijs-fietstassen.nl\/?post_type=product&#038;p=53504"},"modified":"2025-05-26T16:19:24","modified_gmt":"2025-05-26T14:19:24","slug":"tragbare-e-bike-akku-abdeckung-grau-kopie","status":"publish","type":"product","link":"https:\/\/clarijs-fietstassen.nl\/de\/produkt\/tragbare-e-bike-akku-abdeckung-grau-kopie\/","title":{"rendered":"Tragbare E-Bike Akku-Abdeckung &#8211; Schwarz"},"content":{"rendered":"<p data-pm-slice=\"1 1 []\">Diese tragbarer Fahrradbatterie\/Akkutasche- Schwarz wurde speziell f\u00fcr den sicheren und bequemen Transport Ihres E-Bike-Akkus entwickelt. Die Tasche ist f\u00fcr Akkus von Elektrofahrr\u00e4dern wie Urban Arrow, Dolly, Ten Ways und anderen beliebten E-Bikes geeignet. Sie k\u00f6nnen Ihren Akku ganz einfach mitnehmen, ohne sich Gedanken \u00fcber einen Diebstahl zu machen, wenn Sie Ihr Fahrrad abstellen. Die H\u00fclle bietet den perfekten Schutz f\u00fcr alle, die ihren E-Bike-Akku sicher und trocken transportieren m\u00f6chten.   <\/p>\n<p data-start=\"385\" data-end=\"399\"><strong data-start=\"385\" data-end=\"399\">Vorteile:<\/strong><\/p>\n<ul data-start=\"400\" data-end=\"888\">\n<li data-start=\"400\" data-end=\"470\"><strong data-start=\"402\" data-end=\"415\">Tragbar<\/strong> als Umh\u00e4ngetasche dank des verstellbaren Schultergurts<\/li>\n<li data-start=\"471\" data-end=\"555\"><strong data-start=\"473\" data-end=\"492\">100% wasserdichtes<\/strong> Material, damit Ihr Akku bei jedem Wetter gesch\u00fctzt ist<\/li>\n<li data-start=\"556\" data-end=\"658\">Schlie\u00dft einfach und sicher mit dem <strong data-start=\"591\" data-end=\"623\">magnetischen FIDLOCK-Verschluss<\/strong><\/li>\n<li data-start=\"659\" data-end=\"746\">Geeignet f\u00fcr verschiedene Batteriegr\u00f6\u00dfen, ideal f\u00fcr verschiedene Fahrradmodelle<\/li>\n<li data-start=\"659\" data-end=\"746\">Verhindern Sie Diebstahl, indem Sie Ihren Akku sicher in dieser Tasche transportieren<\/li>\n<li data-start=\"747\" data-end=\"888\" data-is-only-node=\"\">Hergestellt aus <strong data-start=\"765\" data-end=\"785\">Bisonyl PVC-Canvas<\/strong>, einem haltbaren und starken Material, das die Batterie optimal vor St\u00f6\u00dfen und Witterungseinfl\u00fcssen sch\u00fctzt.<\/li>\n<\/ul>\n<p><strong>Gr\u00f6\u00dfen:<\/strong><\/p>\n<p>Geeignet f\u00fcr Batterien mit einer L\u00e4nge von bis zu 43 cm &#8211; einer Breite von bis zu 13 cm &#8211; einer H\u00f6he von bis zu 8 cm. ( siehe Bild) <\/p>\n<p class=\"\" data-start=\"1319\" data-end=\"1420\">Sch\u00fctzen Sie Ihren E-Bike-Akku optimal &#8211; bestellen Sie jetzt Ihre <strong data-start=\"1369\" data-end=\"1407\">Akkuabdeckung f\u00fcr Elektrofahrr\u00e4der<\/strong> bei Clarijs!<\/p>\n","protected":false},"excerpt":{"rendered":"<p>Diese tragbarer Fahrradbatterie\/Akkutasche- Schwarz wurde speziell f\u00fcr den sicheren und bequemen Transport Ihres E-Bike-Akkus entwickelt. Die Tasche ist f\u00fcr Akkus von Elektrofahrr\u00e4dern wie Urban Arrow, Dolly, Ten Ways und anderen beliebten E-Bikes geeignet. Sie k\u00f6nnen Ihren Akku ganz einfach mitnehmen, ohne sich Gedanken \u00fcber einen Diebstahl zu machen, wenn Sie Ihr Fahrrad abstellen. Die H\u00fclle [&hellip;]<\/p>\n","protected":false},"featured_media":53502,"comment_status":"open","ping_status":"closed","template":"","meta":{"_acf_changed":false,"_et_pb_use_builder":"","_et_pb_old_content":"","_et_gb_content_width":""},"product_brand":[],"product_cat":[814,723,769,684],"product_tag":[],"class_list":{"0":"post-53504","1":"product","2":"type-product","3":"status-publish","4":"has-post-thumbnail","6":"product_cat-e-bike-akkutaschen-de","7":"product_cat-fahrradzubehor","8":"product_cat-taschen","9":"product_cat-zubehor","10":"pa_geschikt-voor-e-bike-ja-de","11":"pa_kleur-schwarz","12":"pa_materiaal-mattes-pvc-relief","13":"pa_merk-clarijs-covers-b-v-de","15":"first","16":"instock","17":"taxable","18":"shipping-taxable","19":"purchasable","20":"product-type-simple"},"acf":[],"yoast_head":"<!-- This site is optimized with the Yoast SEO Premium plugin v27.2 (Yoast SEO v27.3) - https:\/\/yoast.com\/product\/yoast-seo-premium-wordpress\/ -->\n<title>Tragbare E-Bike Akku-Abdeckung - Schwarz - Clarijs Fietstassen<\/title>\n<meta name=\"description\" content=\"Tragbarer Deckel Fahrradbatterie - sch\u00fctzt Ihren E-Bike-Akku vor Diebstahl und Regen. Geeignet f\u00fcr E-Bike-Akkus wie Urban Arrow, Dolly, Ten Ways.\" \/>\n<meta name=\"robots\" content=\"index, follow, max-snippet:-1, max-image-preview:large, max-video-preview:-1\" \/>\n<link rel=\"canonical\" href=\"https:\/\/clarijs-fietstassen.nl\/de\/produkt\/tragbare-e-bike-akku-abdeckung-grau-kopie\/\" \/>\n<meta property=\"og:locale\" content=\"de_DE\" \/>\n<meta property=\"og:type\" content=\"article\" \/>\n<meta property=\"og:title\" content=\"Tragbare E-Bike Akku-Abdeckung - Schwarz\" \/>\n<meta property=\"og:description\" content=\"Tragbarer Deckel Fahrradbatterie - sch\u00fctzt Ihren E-Bike-Akku vor Diebstahl und Regen. Geeignet f\u00fcr E-Bike-Akkus wie Urban Arrow, Dolly, Ten Ways.\" \/>\n<meta property=\"og:url\" content=\"https:\/\/clarijs-fietstassen.nl\/de\/produkt\/tragbare-e-bike-akku-abdeckung-grau-kopie\/\" \/>\n<meta property=\"og:site_name\" content=\"Clarijs Fietstassen\" \/>\n<meta property=\"article:publisher\" content=\"https:\/\/www.facebook.com\/clarijs1948\/\" \/>\n<meta property=\"article:modified_time\" content=\"2025-05-26T14:19:24+00:00\" \/>\n<meta property=\"og:image\" content=\"https:\/\/clarijs-fietstassen.nl\/wp-content\/uploads\/2025\/05\/Draagbare-e-bike-Accu-Hoes-zwart.png\" \/>\n\t<meta property=\"og:image:width\" content=\"1000\" \/>\n\t<meta property=\"og:image:height\" content=\"1000\" \/>\n\t<meta property=\"og:image:type\" content=\"image\/png\" \/>\n<meta name=\"twitter:card\" content=\"summary_large_image\" \/>\n<meta name=\"twitter:label1\" content=\"Preis\" \/>\n\t<meta name=\"twitter:data1\" content=\"&euro;39.00\" \/>\n\t<meta name=\"twitter:label2\" content=\"Verf\u00fcgbarkeit\" \/>\n\t<meta name=\"twitter:data2\" content=\"Auf Lager\" \/>\n<script type=\"application\/ld+json\" class=\"yoast-schema-graph\">{\"@context\":\"https:\\\/\\\/schema.org\",\"@graph\":[{\"@type\":\"WebPage\",\"@id\":\"https:\\\/\\\/clarijs-fietstassen.nl\\\/de\\\/produkt\\\/tragbare-e-bike-akku-abdeckung-grau-kopie\\\/\",\"url\":\"https:\\\/\\\/clarijs-fietstassen.nl\\\/de\\\/produkt\\\/tragbare-e-bike-akku-abdeckung-grau-kopie\\\/\",\"name\":\"Tragbare E-Bike Akku-Abdeckung - Schwarz - Clarijs Fietstassen\",\"isPartOf\":{\"@id\":\"https:\\\/\\\/clarijs-fietstassen.nl\\\/de\\\/#website\"},\"primaryImageOfPage\":{\"@id\":\"https:\\\/\\\/clarijs-fietstassen.nl\\\/de\\\/produkt\\\/tragbare-e-bike-akku-abdeckung-grau-kopie\\\/#primaryimage\"},\"image\":{\"@id\":\"https:\\\/\\\/clarijs-fietstassen.nl\\\/de\\\/produkt\\\/tragbare-e-bike-akku-abdeckung-grau-kopie\\\/#primaryimage\"},\"thumbnailUrl\":\"https:\\\/\\\/clarijs-fietstassen.nl\\\/wp-content\\\/uploads\\\/2025\\\/05\\\/Draagbare-e-bike-Accu-Hoes-zwart.png\",\"datePublished\":\"2025-05-26T12:42:15+00:00\",\"dateModified\":\"2025-05-26T14:19:24+00:00\",\"description\":\"Tragbarer Deckel Fahrradbatterie - sch\u00fctzt Ihren E-Bike-Akku vor Diebstahl und Regen. Geeignet f\u00fcr E-Bike-Akkus wie Urban Arrow, Dolly, Ten Ways.\",\"breadcrumb\":{\"@id\":\"https:\\\/\\\/clarijs-fietstassen.nl\\\/de\\\/produkt\\\/tragbare-e-bike-akku-abdeckung-grau-kopie\\\/#breadcrumb\"},\"inLanguage\":\"de\",\"potentialAction\":[{\"@type\":\"ReadAction\",\"target\":[\"https:\\\/\\\/clarijs-fietstassen.nl\\\/de\\\/produkt\\\/tragbare-e-bike-akku-abdeckung-grau-kopie\\\/\"]}]},{\"@type\":\"ImageObject\",\"inLanguage\":\"de\",\"@id\":\"https:\\\/\\\/clarijs-fietstassen.nl\\\/de\\\/produkt\\\/tragbare-e-bike-akku-abdeckung-grau-kopie\\\/#primaryimage\",\"url\":\"https:\\\/\\\/clarijs-fietstassen.nl\\\/wp-content\\\/uploads\\\/2025\\\/05\\\/Draagbare-e-bike-Accu-Hoes-zwart.png\",\"contentUrl\":\"https:\\\/\\\/clarijs-fietstassen.nl\\\/wp-content\\\/uploads\\\/2025\\\/05\\\/Draagbare-e-bike-Accu-Hoes-zwart.png\",\"width\":1000,\"height\":1000,\"caption\":\"Tragbarer Deckel Fahrradbatterie schwarz\"},{\"@type\":\"BreadcrumbList\",\"@id\":\"https:\\\/\\\/clarijs-fietstassen.nl\\\/de\\\/produkt\\\/tragbare-e-bike-akku-abdeckung-grau-kopie\\\/#breadcrumb\",\"itemListElement\":[{\"@type\":\"ListItem\",\"position\":1,\"name\":\"Home\",\"item\":\"https:\\\/\\\/clarijs-fietstassen.nl\\\/de\\\/\"},{\"@type\":\"ListItem\",\"position\":2,\"name\":\"Shop\",\"item\":\"https:\\\/\\\/clarijs-fietstassen.nl\\\/de\\\/shop\\\/\"},{\"@type\":\"ListItem\",\"position\":3,\"name\":\"Accessoires\",\"item\":\"https:\\\/\\\/clarijs-fietstassen.nl\\\/accessoires\\\/\"},{\"@type\":\"ListItem\",\"position\":4,\"name\":\"Tragbare E-Bike Akku-Abdeckung &#8211; Schwarz\"}]},{\"@type\":\"WebSite\",\"@id\":\"https:\\\/\\\/clarijs-fietstassen.nl\\\/de\\\/#website\",\"url\":\"https:\\\/\\\/clarijs-fietstassen.nl\\\/de\\\/\",\"name\":\"Clarijs Fietstassen\",\"description\":\"Kwaliteit &amp; ambacht sinds 1948\",\"publisher\":{\"@id\":\"https:\\\/\\\/clarijs-fietstassen.nl\\\/de\\\/#organization\"},\"potentialAction\":[{\"@type\":\"SearchAction\",\"target\":{\"@type\":\"EntryPoint\",\"urlTemplate\":\"https:\\\/\\\/clarijs-fietstassen.nl\\\/de\\\/?s={search_term_string}\"},\"query-input\":{\"@type\":\"PropertyValueSpecification\",\"valueRequired\":true,\"valueName\":\"search_term_string\"}}],\"inLanguage\":\"de\"},{\"@type\":\"Organization\",\"@id\":\"https:\\\/\\\/clarijs-fietstassen.nl\\\/de\\\/#organization\",\"name\":\"Clarijs Fietstassen\",\"url\":\"https:\\\/\\\/clarijs-fietstassen.nl\\\/de\\\/\",\"logo\":{\"@type\":\"ImageObject\",\"inLanguage\":\"de\",\"@id\":\"https:\\\/\\\/clarijs-fietstassen.nl\\\/de\\\/#\\\/schema\\\/logo\\\/image\\\/\",\"url\":\"https:\\\/\\\/clarijs-fietstassen.nl\\\/wp-content\\\/uploads\\\/2024\\\/01\\\/clarijs-logo-met-rand.jpg\",\"contentUrl\":\"https:\\\/\\\/clarijs-fietstassen.nl\\\/wp-content\\\/uploads\\\/2024\\\/01\\\/clarijs-logo-met-rand.jpg\",\"width\":560,\"height\":266,\"caption\":\"Clarijs Fietstassen\"},\"image\":{\"@id\":\"https:\\\/\\\/clarijs-fietstassen.nl\\\/de\\\/#\\\/schema\\\/logo\\\/image\\\/\"},\"sameAs\":[\"https:\\\/\\\/www.facebook.com\\\/clarijs1948\\\/\",\"https:\\\/\\\/www.instagram.com\\\/clarijscovers\\\/\"]}]}<\/script>\n<meta property=\"product:price:amount\" content=\"39.00\" \/>\n<meta property=\"product:price:currency\" content=\"EUR\" \/>\n<meta property=\"og:availability\" content=\"instock\" \/>\n<meta property=\"product:availability\" content=\"instock\" \/>\n<meta property=\"product:retailer_item_id\" content=\"4087\" \/>\n<meta property=\"product:condition\" content=\"new\" \/>\n<!-- \/ Yoast SEO Premium plugin. -->","yoast_head_json":{"title":"Tragbare E-Bike Akku-Abdeckung - Schwarz - Clarijs Fietstassen","description":"Tragbarer Deckel Fahrradbatterie - sch\u00fctzt Ihren E-Bike-Akku vor Diebstahl und Regen. Geeignet f\u00fcr E-Bike-Akkus wie Urban Arrow, Dolly, Ten Ways.","robots":{"index":"index","follow":"follow","max-snippet":"max-snippet:-1","max-image-preview":"max-image-preview:large","max-video-preview":"max-video-preview:-1"},"canonical":"https:\/\/clarijs-fietstassen.nl\/de\/produkt\/tragbare-e-bike-akku-abdeckung-grau-kopie\/","og_locale":"de_DE","og_type":"article","og_title":"Tragbare E-Bike Akku-Abdeckung - Schwarz","og_description":"Tragbarer Deckel Fahrradbatterie - sch\u00fctzt Ihren E-Bike-Akku vor Diebstahl und Regen. Geeignet f\u00fcr E-Bike-Akkus wie Urban Arrow, Dolly, Ten Ways.","og_url":"https:\/\/clarijs-fietstassen.nl\/de\/produkt\/tragbare-e-bike-akku-abdeckung-grau-kopie\/","og_site_name":"Clarijs Fietstassen","article_publisher":"https:\/\/www.facebook.com\/clarijs1948\/","article_modified_time":"2025-05-26T14:19:24+00:00","og_image":[{"width":1000,"height":1000,"url":"https:\/\/clarijs-fietstassen.nl\/wp-content\/uploads\/2025\/05\/Draagbare-e-bike-Accu-Hoes-zwart.png","type":"image\/png"}],"twitter_card":"summary_large_image","twitter_misc":{"Preis":"&euro;39.00","Verf\u00fcgbarkeit":"Auf Lager"},"schema":{"@context":"https:\/\/schema.org","@graph":[{"@type":"WebPage","@id":"https:\/\/clarijs-fietstassen.nl\/de\/produkt\/tragbare-e-bike-akku-abdeckung-grau-kopie\/","url":"https:\/\/clarijs-fietstassen.nl\/de\/produkt\/tragbare-e-bike-akku-abdeckung-grau-kopie\/","name":"Tragbare E-Bike Akku-Abdeckung - Schwarz - Clarijs Fietstassen","isPartOf":{"@id":"https:\/\/clarijs-fietstassen.nl\/de\/#website"},"primaryImageOfPage":{"@id":"https:\/\/clarijs-fietstassen.nl\/de\/produkt\/tragbare-e-bike-akku-abdeckung-grau-kopie\/#primaryimage"},"image":{"@id":"https:\/\/clarijs-fietstassen.nl\/de\/produkt\/tragbare-e-bike-akku-abdeckung-grau-kopie\/#primaryimage"},"thumbnailUrl":"https:\/\/clarijs-fietstassen.nl\/wp-content\/uploads\/2025\/05\/Draagbare-e-bike-Accu-Hoes-zwart.png","datePublished":"2025-05-26T12:42:15+00:00","dateModified":"2025-05-26T14:19:24+00:00","description":"Tragbarer Deckel Fahrradbatterie - sch\u00fctzt Ihren E-Bike-Akku vor Diebstahl und Regen. Geeignet f\u00fcr E-Bike-Akkus wie Urban Arrow, Dolly, Ten Ways.","breadcrumb":{"@id":"https:\/\/clarijs-fietstassen.nl\/de\/produkt\/tragbare-e-bike-akku-abdeckung-grau-kopie\/#breadcrumb"},"inLanguage":"de","potentialAction":[{"@type":"ReadAction","target":["https:\/\/clarijs-fietstassen.nl\/de\/produkt\/tragbare-e-bike-akku-abdeckung-grau-kopie\/"]}]},{"@type":"ImageObject","inLanguage":"de","@id":"https:\/\/clarijs-fietstassen.nl\/de\/produkt\/tragbare-e-bike-akku-abdeckung-grau-kopie\/#primaryimage","url":"https:\/\/clarijs-fietstassen.nl\/wp-content\/uploads\/2025\/05\/Draagbare-e-bike-Accu-Hoes-zwart.png","contentUrl":"https:\/\/clarijs-fietstassen.nl\/wp-content\/uploads\/2025\/05\/Draagbare-e-bike-Accu-Hoes-zwart.png","width":1000,"height":1000,"caption":"Tragbarer Deckel Fahrradbatterie schwarz"},{"@type":"BreadcrumbList","@id":"https:\/\/clarijs-fietstassen.nl\/de\/produkt\/tragbare-e-bike-akku-abdeckung-grau-kopie\/#breadcrumb","itemListElement":[{"@type":"ListItem","position":1,"name":"Home","item":"https:\/\/clarijs-fietstassen.nl\/de\/"},{"@type":"ListItem","position":2,"name":"Shop","item":"https:\/\/clarijs-fietstassen.nl\/de\/shop\/"},{"@type":"ListItem","position":3,"name":"Accessoires","item":"https:\/\/clarijs-fietstassen.nl\/accessoires\/"},{"@type":"ListItem","position":4,"name":"Tragbare E-Bike Akku-Abdeckung &#8211; Schwarz"}]},{"@type":"WebSite","@id":"https:\/\/clarijs-fietstassen.nl\/de\/#website","url":"https:\/\/clarijs-fietstassen.nl\/de\/","name":"Clarijs Fietstassen","description":"Kwaliteit &amp; ambacht sinds 1948","publisher":{"@id":"https:\/\/clarijs-fietstassen.nl\/de\/#organization"},"potentialAction":[{"@type":"SearchAction","target":{"@type":"EntryPoint","urlTemplate":"https:\/\/clarijs-fietstassen.nl\/de\/?s={search_term_string}"},"query-input":{"@type":"PropertyValueSpecification","valueRequired":true,"valueName":"search_term_string"}}],"inLanguage":"de"},{"@type":"Organization","@id":"https:\/\/clarijs-fietstassen.nl\/de\/#organization","name":"Clarijs Fietstassen","url":"https:\/\/clarijs-fietstassen.nl\/de\/","logo":{"@type":"ImageObject","inLanguage":"de","@id":"https:\/\/clarijs-fietstassen.nl\/de\/#\/schema\/logo\/image\/","url":"https:\/\/clarijs-fietstassen.nl\/wp-content\/uploads\/2024\/01\/clarijs-logo-met-rand.jpg","contentUrl":"https:\/\/clarijs-fietstassen.nl\/wp-content\/uploads\/2024\/01\/clarijs-logo-met-rand.jpg","width":560,"height":266,"caption":"Clarijs Fietstassen"},"image":{"@id":"https:\/\/clarijs-fietstassen.nl\/de\/#\/schema\/logo\/image\/"},"sameAs":["https:\/\/www.facebook.com\/clarijs1948\/","https:\/\/www.instagram.com\/clarijscovers\/"]}]},"product_price_amount":"39.00","product_price_currency":"EUR","og_availability":"instock","product_availability":"instock","product_retailer_item_id":"4087","product_condition":"new"},"_links":{"self":[{"href":"https:\/\/clarijs-fietstassen.nl\/de\/wp-json\/wp\/v2\/product\/53504","targetHints":{"allow":["GET"]}}],"collection":[{"href":"https:\/\/clarijs-fietstassen.nl\/de\/wp-json\/wp\/v2\/product"}],"about":[{"href":"https:\/\/clarijs-fietstassen.nl\/de\/wp-json\/wp\/v2\/types\/product"}],"replies":[{"embeddable":true,"href":"https:\/\/clarijs-fietstassen.nl\/de\/wp-json\/wp\/v2\/comments?post=53504"}],"wp:featuredmedia":[{"embeddable":true,"href":"https:\/\/clarijs-fietstassen.nl\/de\/wp-json\/wp\/v2\/media\/53502"}],"wp:attachment":[{"href":"https:\/\/clarijs-fietstassen.nl\/de\/wp-json\/wp\/v2\/media?parent=53504"}],"wp:term":[{"taxonomy":"product_brand","embeddable":true,"href":"https:\/\/clarijs-fietstassen.nl\/de\/wp-json\/wp\/v2\/product_brand?post=53504"},{"taxonomy":"product_cat","embeddable":true,"href":"https:\/\/clarijs-fietstassen.nl\/de\/wp-json\/wp\/v2\/product_cat?post=53504"},{"taxonomy":"product_tag","embeddable":true,"href":"https:\/\/clarijs-fietstassen.nl\/de\/wp-json\/wp\/v2\/product_tag?post=53504"}],"curies":[{"name":"wp","href":"https:\/\/api.w.org\/{rel}","templated":true}]}}