{"id":54056,"date":"2026-02-18T12:09:51","date_gmt":"2026-02-18T11:09:51","guid":{"rendered":"https:\/\/clarijs-fietstassen.nl\/?post_type=product&#038;p=54056"},"modified":"2026-04-20T13:33:40","modified_gmt":"2026-04-20T11:33:40","slug":"regenverdeck-fur-vogue-superior-deluxe-exkl-gestell","status":"publish","type":"product","link":"https:\/\/clarijs-fietstassen.nl\/de\/produkt\/regenverdeck-fur-vogue-superior-deluxe-exkl-gestell\/","title":{"rendered":"Regenzelt f\u00fcr Vogue Superior Deluxe (Excl. Rahmen)"},"content":{"rendered":"<p>Dieses Regenverdeck wurde speziell f\u00fcr das Vogue Superior Deluxe entwickelt und wird ohne Gestell geliefert. Die Regenhaube ist ausschlie\u00dflich f\u00fcr diesen speziellen Lastenradtyp geeignet und nicht universell f\u00fcr andere Modelle einsetzbar. Das sorgt f\u00fcr eine perfekte Passform und einen sauberen, passgenauen Abschluss an der Transportbox. Dieses Regenverdeck passt nur auf Superior Deluxe Modelle mit Baujahr 2022 oder neuer.   <\/p>\n<p data-start=\"729\" data-end=\"1120\"><strong>Warum ist dieses Regenzelt ideal f\u00fcr den t\u00e4glichen Einsatz?<\/strong><br data-start=\"813\" data-end=\"816\">Die Vogue Superior Deluxe ist f\u00fcr den komfortablen und stabilen Transport mehrerer Kinder konzipiert. Dieses Regenzelt erg\u00e4nzt das Konzept optimal und sch\u00fctzt Kinder und Gep\u00e4ck zuverl\u00e4ssig vor Regen und Wind. So bleibt das Fahren auch bei wechselnden Wetterbedingungen angenehm und sicher.   An beiden Seiten sind jeweils zwei Rei\u00dfverschl\u00fcsse angebracht, sodass die Seitenfenster einfach aufgerollt werden k\u00f6nnen. Praktisch bei sch\u00f6nem Wetter sowie beim Be- und Entladen. Die R\u00fcckseite l\u00e4sst sich mit Klettverschluss \u00f6ffnen und sorgt f\u00fcr zus\u00e4tzliche Bel\u00fcftung und angenehmen Fahrkomfort beim Radfahren mit Kindern.   Au\u00dferdem findest du hier auch ein ger\u00e4umiges Aufbewahrungsfach, praktisch f\u00fcr kleine Gegenst\u00e4nde.<\/p>\n<p data-start=\"1122\" data-end=\"1480\"><strong>Aus welchem Material besteht dieses Regenzelt?<\/strong><br data-start=\"1184\" data-end=\"1187\">Das Regenzelt besteht aus gewebtem Nylon PU. Dieses Material ist flexibel, robust und vollst\u00e4ndig wasserdicht und bietet zuverl\u00e4ssigen Schutz vor Regen und Wind. Zus\u00e4tzlich ist das Regenzelt mit hochwertigen wasserabweisenden Rei\u00dfverschl\u00fcssen mit einer St\u00e4rke von 10 mm ausgestattet, die f\u00fcr den intensiven t\u00e4glichen Gebrauch geeignet sind.  <\/p>\n<p data-start=\"1482\" data-end=\"1793\"><strong>Welche praktischen Vorteile bietet dieses Regenzelt?<\/strong><\/p>\n<ul>\n<li data-start=\"1482\" data-end=\"1793\">Sch\u00fctzt Kinder und Gep\u00e4ck vor Regen, Wind und K\u00e4lte<\/li>\n<li data-start=\"1482\" data-end=\"1793\">H\u00e4lt die Ladebox sauber und trocken<\/li>\n<li data-start=\"1482\" data-end=\"1793\">Perfekte Passform f\u00fcr die Vogue Superior Deluxe<\/li>\n<li data-start=\"1482\" data-end=\"1793\">Erh\u00f6ht Komfort und Sicherheit beim Fahren<\/li>\n<li data-start=\"1482\" data-end=\"1793\">F\u00fcr den t\u00e4glichen und intensiven Gebrauch geeignet.<\/li>\n<\/ul>\n<p data-start=\"1795\" data-end=\"2024\">Mit seinem stilvollen Design und der hochwertigen Konstruktion ist dieses Regenzelt eine ideale Erg\u00e4nzung f\u00fcr komfortables Fahren zu jeder Jahreszeit. <\/p>\n","protected":false},"excerpt":{"rendered":"<p>Dieses Regenverdeck wurde speziell f\u00fcr das Vogue Superior Deluxe entwickelt und wird ohne Gestell geliefert. Die Regenhaube ist ausschlie\u00dflich f\u00fcr diesen speziellen Lastenradtyp geeignet und nicht universell f\u00fcr andere Modelle einsetzbar. Das sorgt f\u00fcr eine perfekte Passform und einen sauberen, passgenauen Abschluss an der Transportbox. Dieses Regenverdeck passt nur auf Superior Deluxe Modelle mit Baujahr [&hellip;]<\/p>\n","protected":false},"featured_media":54087,"comment_status":"closed","ping_status":"closed","template":"","meta":{"_acf_changed":false,"_et_pb_use_builder":"","_et_pb_old_content":"","_et_gb_content_width":""},"product_brand":[],"product_cat":[686,690,775],"product_tag":[],"class_list":{"0":"post-54056","1":"product","2":"type-product","3":"status-publish","4":"has-post-thumbnail","6":"product_cat-bakfiets-de","7":"product_cat-lastenrad-regenverdeck","8":"product_cat-vogue-de","9":"pa_kleur-schwarz","10":"pa_materiaal-gewebtes-nylon-pu","11":"pa_merk-clarijs-covers-b-v-de","12":"pa_reflectie-ja-de","14":"first","15":"instock","16":"taxable","17":"shipping-taxable","18":"purchasable","19":"product-type-simple"},"acf":[],"yoast_head":"<!-- This site is optimized with the Yoast SEO Premium plugin v27.2 (Yoast SEO v27.3) - https:\/\/yoast.com\/product\/yoast-seo-premium-wordpress\/ -->\n<title>Regenzelt f\u00fcr Vogue Superior Deluxe (Excl. Rahmen) - Clarijs Fietstassen<\/title>\n<meta name=\"description\" content=\"Regenzelt f\u00fcr Vogue Superior Deluxe (Excl. Rahmen). Wasserdichtes Nylon PU, perfekte Passform und robuste Rei\u00dfverschl\u00fcsse f\u00fcr den Alltag.\" \/>\n<meta name=\"robots\" content=\"index, follow, max-snippet:-1, max-image-preview:large, max-video-preview:-1\" \/>\n<link rel=\"canonical\" href=\"https:\/\/clarijs-fietstassen.nl\/de\/regenverdeck-fur-vogue-superior-deluxe-exkl-gestell\/\" \/>\n<meta property=\"og:locale\" content=\"de_DE\" \/>\n<meta property=\"og:type\" content=\"article\" \/>\n<meta property=\"og:title\" content=\"Regenzelt f\u00fcr Vogue Superior Deluxe (Excl. Rahmen)\" \/>\n<meta property=\"og:description\" content=\"Regenzelt f\u00fcr Vogue Superior Deluxe (Excl. Rahmen). Wasserdichtes Nylon PU, perfekte Passform und robuste Rei\u00dfverschl\u00fcsse f\u00fcr den Alltag.\" \/>\n<meta property=\"og:url\" content=\"https:\/\/clarijs-fietstassen.nl\/de\/regenverdeck-fur-vogue-superior-deluxe-exkl-gestell\/\" \/>\n<meta property=\"og:site_name\" content=\"Clarijs Fietstassen\" \/>\n<meta property=\"article:publisher\" content=\"https:\/\/www.facebook.com\/clarijs1948\/\" \/>\n<meta property=\"article:modified_time\" content=\"2026-04-20T11:33:40+00:00\" \/>\n<meta property=\"og:image\" content=\"https:\/\/clarijs-fietstassen.nl\/wp-content\/uploads\/2025\/06\/Regentent-Vogue-Superior-Deluxe.png\" \/>\n\t<meta property=\"og:image:width\" content=\"1000\" \/>\n\t<meta property=\"og:image:height\" content=\"1000\" \/>\n\t<meta property=\"og:image:type\" content=\"image\/png\" \/>\n<meta name=\"twitter:card\" content=\"summary_large_image\" \/>\n<meta name=\"twitter:label1\" content=\"Preis\" \/>\n\t<meta name=\"twitter:data1\" content=\"&euro;219.00\" \/>\n\t<meta name=\"twitter:label2\" content=\"Verf\u00fcgbarkeit\" \/>\n\t<meta name=\"twitter:data2\" content=\"Auf Lager\" \/>\n<script type=\"application\/ld+json\" class=\"yoast-schema-graph\">{\"@context\":\"https:\\\/\\\/schema.org\",\"@graph\":[{\"@type\":\"WebPage\",\"@id\":\"https:\\\/\\\/clarijs-fietstassen.nl\\\/de\\\/regenverdeck-fur-vogue-superior-deluxe-exkl-gestell\\\/\",\"url\":\"https:\\\/\\\/clarijs-fietstassen.nl\\\/de\\\/regenverdeck-fur-vogue-superior-deluxe-exkl-gestell\\\/\",\"name\":\"Regenzelt f\u00fcr Vogue Superior Deluxe (Excl. Rahmen) - Clarijs Fietstassen\",\"isPartOf\":{\"@id\":\"https:\\\/\\\/clarijs-fietstassen.nl\\\/de\\\/#website\"},\"primaryImageOfPage\":{\"@id\":\"https:\\\/\\\/clarijs-fietstassen.nl\\\/de\\\/regenverdeck-fur-vogue-superior-deluxe-exkl-gestell\\\/#primaryimage\"},\"image\":{\"@id\":\"https:\\\/\\\/clarijs-fietstassen.nl\\\/de\\\/regenverdeck-fur-vogue-superior-deluxe-exkl-gestell\\\/#primaryimage\"},\"thumbnailUrl\":\"https:\\\/\\\/clarijs-fietstassen.nl\\\/wp-content\\\/uploads\\\/2025\\\/06\\\/Regentent-Vogue-Superior-Deluxe.png\",\"datePublished\":\"2026-02-18T11:09:51+00:00\",\"dateModified\":\"2026-04-20T11:33:40+00:00\",\"description\":\"Regenzelt f\u00fcr Vogue Superior Deluxe (Excl. Rahmen). Wasserdichtes Nylon PU, perfekte Passform und robuste Rei\u00dfverschl\u00fcsse f\u00fcr den Alltag.\",\"breadcrumb\":{\"@id\":\"https:\\\/\\\/clarijs-fietstassen.nl\\\/de\\\/regenverdeck-fur-vogue-superior-deluxe-exkl-gestell\\\/#breadcrumb\"},\"inLanguage\":\"de\",\"potentialAction\":[{\"@type\":\"ReadAction\",\"target\":[\"https:\\\/\\\/clarijs-fietstassen.nl\\\/de\\\/regenverdeck-fur-vogue-superior-deluxe-exkl-gestell\\\/\"]}]},{\"@type\":\"ImageObject\",\"inLanguage\":\"de\",\"@id\":\"https:\\\/\\\/clarijs-fietstassen.nl\\\/de\\\/regenverdeck-fur-vogue-superior-deluxe-exkl-gestell\\\/#primaryimage\",\"url\":\"https:\\\/\\\/clarijs-fietstassen.nl\\\/wp-content\\\/uploads\\\/2025\\\/06\\\/Regentent-Vogue-Superior-Deluxe.png\",\"contentUrl\":\"https:\\\/\\\/clarijs-fietstassen.nl\\\/wp-content\\\/uploads\\\/2025\\\/06\\\/Regentent-Vogue-Superior-Deluxe.png\",\"width\":1000,\"height\":1000,\"caption\":\"Regenzelt f\u00fcr Vogue Superior Deluxe\"},{\"@type\":\"BreadcrumbList\",\"@id\":\"https:\\\/\\\/clarijs-fietstassen.nl\\\/de\\\/regenverdeck-fur-vogue-superior-deluxe-exkl-gestell\\\/#breadcrumb\",\"itemListElement\":[{\"@type\":\"ListItem\",\"position\":1,\"name\":\"Home\",\"item\":\"https:\\\/\\\/clarijs-fietstassen.nl\\\/de\\\/\"},{\"@type\":\"ListItem\",\"position\":2,\"name\":\"Shop\",\"item\":\"https:\\\/\\\/clarijs-fietstassen.nl\\\/de\\\/shop\\\/\"},{\"@type\":\"ListItem\",\"position\":3,\"name\":\"Vogue\",\"item\":\"https:\\\/\\\/clarijs-fietstassen.nl\\\/vogue\\\/\"},{\"@type\":\"ListItem\",\"position\":4,\"name\":\"Regenzelt f\u00fcr Vogue Superior Deluxe (Excl. Rahmen)\"}]},{\"@type\":\"WebSite\",\"@id\":\"https:\\\/\\\/clarijs-fietstassen.nl\\\/de\\\/#website\",\"url\":\"https:\\\/\\\/clarijs-fietstassen.nl\\\/de\\\/\",\"name\":\"Clarijs Fietstassen\",\"description\":\"Kwaliteit &amp; ambacht sinds 1948\",\"publisher\":{\"@id\":\"https:\\\/\\\/clarijs-fietstassen.nl\\\/de\\\/#organization\"},\"potentialAction\":[{\"@type\":\"SearchAction\",\"target\":{\"@type\":\"EntryPoint\",\"urlTemplate\":\"https:\\\/\\\/clarijs-fietstassen.nl\\\/de\\\/?s={search_term_string}\"},\"query-input\":{\"@type\":\"PropertyValueSpecification\",\"valueRequired\":true,\"valueName\":\"search_term_string\"}}],\"inLanguage\":\"de\"},{\"@type\":\"Organization\",\"@id\":\"https:\\\/\\\/clarijs-fietstassen.nl\\\/de\\\/#organization\",\"name\":\"Clarijs Fietstassen\",\"url\":\"https:\\\/\\\/clarijs-fietstassen.nl\\\/de\\\/\",\"logo\":{\"@type\":\"ImageObject\",\"inLanguage\":\"de\",\"@id\":\"https:\\\/\\\/clarijs-fietstassen.nl\\\/de\\\/#\\\/schema\\\/logo\\\/image\\\/\",\"url\":\"https:\\\/\\\/clarijs-fietstassen.nl\\\/wp-content\\\/uploads\\\/2024\\\/01\\\/clarijs-logo-met-rand.jpg\",\"contentUrl\":\"https:\\\/\\\/clarijs-fietstassen.nl\\\/wp-content\\\/uploads\\\/2024\\\/01\\\/clarijs-logo-met-rand.jpg\",\"width\":560,\"height\":266,\"caption\":\"Clarijs Fietstassen\"},\"image\":{\"@id\":\"https:\\\/\\\/clarijs-fietstassen.nl\\\/de\\\/#\\\/schema\\\/logo\\\/image\\\/\"},\"sameAs\":[\"https:\\\/\\\/www.facebook.com\\\/clarijs1948\\\/\",\"https:\\\/\\\/www.instagram.com\\\/clarijscovers\\\/\"]}]}<\/script>\n<meta property=\"product:price:amount\" content=\"219.00\" \/>\n<meta property=\"product:price:currency\" content=\"EUR\" \/>\n<meta property=\"og:availability\" content=\"instock\" \/>\n<meta property=\"product:availability\" content=\"instock\" \/>\n<meta property=\"product:retailer_item_id\" content=\"5103\" \/>\n<meta property=\"product:condition\" content=\"new\" \/>\n<!-- \/ Yoast SEO Premium plugin. -->","yoast_head_json":{"title":"Regenzelt f\u00fcr Vogue Superior Deluxe (Excl. Rahmen) - Clarijs Fietstassen","description":"Regenzelt f\u00fcr Vogue Superior Deluxe (Excl. Rahmen). Wasserdichtes Nylon PU, perfekte Passform und robuste Rei\u00dfverschl\u00fcsse f\u00fcr den Alltag.","robots":{"index":"index","follow":"follow","max-snippet":"max-snippet:-1","max-image-preview":"max-image-preview:large","max-video-preview":"max-video-preview:-1"},"canonical":"https:\/\/clarijs-fietstassen.nl\/de\/regenverdeck-fur-vogue-superior-deluxe-exkl-gestell\/","og_locale":"de_DE","og_type":"article","og_title":"Regenzelt f\u00fcr Vogue Superior Deluxe (Excl. Rahmen)","og_description":"Regenzelt f\u00fcr Vogue Superior Deluxe (Excl. Rahmen). Wasserdichtes Nylon PU, perfekte Passform und robuste Rei\u00dfverschl\u00fcsse f\u00fcr den Alltag.","og_url":"https:\/\/clarijs-fietstassen.nl\/de\/regenverdeck-fur-vogue-superior-deluxe-exkl-gestell\/","og_site_name":"Clarijs Fietstassen","article_publisher":"https:\/\/www.facebook.com\/clarijs1948\/","article_modified_time":"2026-04-20T11:33:40+00:00","og_image":[{"width":1000,"height":1000,"url":"https:\/\/clarijs-fietstassen.nl\/wp-content\/uploads\/2025\/06\/Regentent-Vogue-Superior-Deluxe.png","type":"image\/png"}],"twitter_card":"summary_large_image","twitter_misc":{"Preis":"&euro;219.00","Verf\u00fcgbarkeit":"Auf Lager"},"schema":{"@context":"https:\/\/schema.org","@graph":[{"@type":"WebPage","@id":"https:\/\/clarijs-fietstassen.nl\/de\/regenverdeck-fur-vogue-superior-deluxe-exkl-gestell\/","url":"https:\/\/clarijs-fietstassen.nl\/de\/regenverdeck-fur-vogue-superior-deluxe-exkl-gestell\/","name":"Regenzelt f\u00fcr Vogue Superior Deluxe (Excl. Rahmen) - Clarijs Fietstassen","isPartOf":{"@id":"https:\/\/clarijs-fietstassen.nl\/de\/#website"},"primaryImageOfPage":{"@id":"https:\/\/clarijs-fietstassen.nl\/de\/regenverdeck-fur-vogue-superior-deluxe-exkl-gestell\/#primaryimage"},"image":{"@id":"https:\/\/clarijs-fietstassen.nl\/de\/regenverdeck-fur-vogue-superior-deluxe-exkl-gestell\/#primaryimage"},"thumbnailUrl":"https:\/\/clarijs-fietstassen.nl\/wp-content\/uploads\/2025\/06\/Regentent-Vogue-Superior-Deluxe.png","datePublished":"2026-02-18T11:09:51+00:00","dateModified":"2026-04-20T11:33:40+00:00","description":"Regenzelt f\u00fcr Vogue Superior Deluxe (Excl. Rahmen). Wasserdichtes Nylon PU, perfekte Passform und robuste Rei\u00dfverschl\u00fcsse f\u00fcr den Alltag.","breadcrumb":{"@id":"https:\/\/clarijs-fietstassen.nl\/de\/regenverdeck-fur-vogue-superior-deluxe-exkl-gestell\/#breadcrumb"},"inLanguage":"de","potentialAction":[{"@type":"ReadAction","target":["https:\/\/clarijs-fietstassen.nl\/de\/regenverdeck-fur-vogue-superior-deluxe-exkl-gestell\/"]}]},{"@type":"ImageObject","inLanguage":"de","@id":"https:\/\/clarijs-fietstassen.nl\/de\/regenverdeck-fur-vogue-superior-deluxe-exkl-gestell\/#primaryimage","url":"https:\/\/clarijs-fietstassen.nl\/wp-content\/uploads\/2025\/06\/Regentent-Vogue-Superior-Deluxe.png","contentUrl":"https:\/\/clarijs-fietstassen.nl\/wp-content\/uploads\/2025\/06\/Regentent-Vogue-Superior-Deluxe.png","width":1000,"height":1000,"caption":"Regenzelt f\u00fcr Vogue Superior Deluxe"},{"@type":"BreadcrumbList","@id":"https:\/\/clarijs-fietstassen.nl\/de\/regenverdeck-fur-vogue-superior-deluxe-exkl-gestell\/#breadcrumb","itemListElement":[{"@type":"ListItem","position":1,"name":"Home","item":"https:\/\/clarijs-fietstassen.nl\/de\/"},{"@type":"ListItem","position":2,"name":"Shop","item":"https:\/\/clarijs-fietstassen.nl\/de\/shop\/"},{"@type":"ListItem","position":3,"name":"Vogue","item":"https:\/\/clarijs-fietstassen.nl\/vogue\/"},{"@type":"ListItem","position":4,"name":"Regenzelt f\u00fcr Vogue Superior Deluxe (Excl. Rahmen)"}]},{"@type":"WebSite","@id":"https:\/\/clarijs-fietstassen.nl\/de\/#website","url":"https:\/\/clarijs-fietstassen.nl\/de\/","name":"Clarijs Fietstassen","description":"Kwaliteit &amp; ambacht sinds 1948","publisher":{"@id":"https:\/\/clarijs-fietstassen.nl\/de\/#organization"},"potentialAction":[{"@type":"SearchAction","target":{"@type":"EntryPoint","urlTemplate":"https:\/\/clarijs-fietstassen.nl\/de\/?s={search_term_string}"},"query-input":{"@type":"PropertyValueSpecification","valueRequired":true,"valueName":"search_term_string"}}],"inLanguage":"de"},{"@type":"Organization","@id":"https:\/\/clarijs-fietstassen.nl\/de\/#organization","name":"Clarijs Fietstassen","url":"https:\/\/clarijs-fietstassen.nl\/de\/","logo":{"@type":"ImageObject","inLanguage":"de","@id":"https:\/\/clarijs-fietstassen.nl\/de\/#\/schema\/logo\/image\/","url":"https:\/\/clarijs-fietstassen.nl\/wp-content\/uploads\/2024\/01\/clarijs-logo-met-rand.jpg","contentUrl":"https:\/\/clarijs-fietstassen.nl\/wp-content\/uploads\/2024\/01\/clarijs-logo-met-rand.jpg","width":560,"height":266,"caption":"Clarijs Fietstassen"},"image":{"@id":"https:\/\/clarijs-fietstassen.nl\/de\/#\/schema\/logo\/image\/"},"sameAs":["https:\/\/www.facebook.com\/clarijs1948\/","https:\/\/www.instagram.com\/clarijscovers\/"]}]},"product_price_amount":"219.00","product_price_currency":"EUR","og_availability":"instock","product_availability":"instock","product_retailer_item_id":"5103","product_condition":"new"},"_links":{"self":[{"href":"https:\/\/clarijs-fietstassen.nl\/de\/wp-json\/wp\/v2\/product\/54056","targetHints":{"allow":["GET"]}}],"collection":[{"href":"https:\/\/clarijs-fietstassen.nl\/de\/wp-json\/wp\/v2\/product"}],"about":[{"href":"https:\/\/clarijs-fietstassen.nl\/de\/wp-json\/wp\/v2\/types\/product"}],"replies":[{"embeddable":true,"href":"https:\/\/clarijs-fietstassen.nl\/de\/wp-json\/wp\/v2\/comments?post=54056"}],"wp:featuredmedia":[{"embeddable":true,"href":"https:\/\/clarijs-fietstassen.nl\/de\/wp-json\/wp\/v2\/media\/54087"}],"wp:attachment":[{"href":"https:\/\/clarijs-fietstassen.nl\/de\/wp-json\/wp\/v2\/media?parent=54056"}],"wp:term":[{"taxonomy":"product_brand","embeddable":true,"href":"https:\/\/clarijs-fietstassen.nl\/de\/wp-json\/wp\/v2\/product_brand?post=54056"},{"taxonomy":"product_cat","embeddable":true,"href":"https:\/\/clarijs-fietstassen.nl\/de\/wp-json\/wp\/v2\/product_cat?post=54056"},{"taxonomy":"product_tag","embeddable":true,"href":"https:\/\/clarijs-fietstassen.nl\/de\/wp-json\/wp\/v2\/product_tag?post=54056"}],"curies":[{"name":"wp","href":"https:\/\/api.w.org\/{rel}","templated":true}]}}