{"id":54635,"date":"2025-06-16T10:38:11","date_gmt":"2025-06-16T08:38:11","guid":{"rendered":"https:\/\/clarijs-fietstassen.nl\/?post_type=product&#038;p=54635"},"modified":"2025-06-20T12:40:33","modified_gmt":"2025-06-20T10:40:33","slug":"spanner-mit-ball-15cm-lastenrad-zelt-kopie","status":"publish","type":"product","link":"https:\/\/clarijs-fietstassen.nl\/de\/produkt\/spanner-mit-ball-15cm-lastenrad-zelt-kopie\/","title":{"rendered":"Spanner mit Haken 13 cm Lastenrad Zelt"},"content":{"rendered":"<p >Haben Sie genug von lockerem oder durchh\u00e4ngendem Zeltstoff? Mit diesem Gummiband mit 13 cm Haken k\u00f6nnen Sie Ihr Lastenrad Zelt schnell und straff spannen. Ideal als Ersatz f\u00fcr verschlissene Teile oder als zus\u00e4tzliches Ersatzteil. Dieses Gummiband mit Haken sorgt f\u00fcr eine feste, aber flexible Befestigung ohne viel Aufhebens. Genau die richtige Gr\u00f6\u00dfe f\u00fcr unser Lastenrad Zelt, damit alles ordentlich an seinem Platz bleibt, auch wenn Sie unterwegs auf eine Windb\u00f6e treffen!    <\/p>\n<p >Gr\u00f6\u00dfe: 13 cm<\/p>\n","protected":false},"excerpt":{"rendered":"<p>Haben Sie genug von lockerem oder durchh\u00e4ngendem Zeltstoff? Mit diesem Gummiband mit 13 cm Haken k\u00f6nnen Sie Ihr Lastenrad Zelt schnell und straff spannen. Ideal als Ersatz f\u00fcr verschlissene Teile oder als zus\u00e4tzliches Ersatzteil. Dieses Gummiband mit Haken sorgt f\u00fcr eine feste, aber flexible Befestigung ohne viel Aufhebens. Genau die richtige Gr\u00f6\u00dfe f\u00fcr unser Lastenrad [&hellip;]<\/p>\n","protected":false},"featured_media":54633,"comment_status":"open","ping_status":"closed","template":"","meta":{"_acf_changed":false,"_et_pb_use_builder":"","_et_pb_old_content":"","_et_gb_content_width":""},"product_brand":[],"product_cat":[686,688],"product_tag":[],"class_list":{"0":"post-54635","1":"product","2":"type-product","3":"status-publish","4":"has-post-thumbnail","6":"product_cat-bakfiets-de","7":"product_cat-lastenrad-zubehor","9":"first","10":"instock","11":"taxable","12":"shipping-taxable","13":"purchasable","14":"product-type-simple"},"acf":[],"yoast_head":"<!-- This site is optimized with the Yoast SEO Premium plugin v27.2 (Yoast SEO v27.4) - https:\/\/yoast.com\/product\/yoast-seo-premium-wordpress\/ -->\n<title>Spanner mit Haken 13 cm Lastenrad Zelt - Clarijs Fietstassen<\/title>\n<meta name=\"description\" content=\"Gummiband mit Haken 13 cm f\u00fcr Bakfietsentent. Ideal als Ersatz oder Reserve. Einfach in der Anwendung und sicher in der Befestigung.\" \/>\n<meta name=\"robots\" content=\"index, follow, max-snippet:-1, max-image-preview:large, max-video-preview:-1\" \/>\n<link rel=\"canonical\" href=\"http:\/\/clarijs-fietstassen.nl\/produkt\/elastiek-met-haak-13-cm-bakfiets-tent\/\" \/>\n<meta property=\"og:locale\" content=\"de_DE\" \/>\n<meta property=\"og:type\" content=\"article\" \/>\n<meta property=\"og:title\" content=\"Spanner mit Haken 13 cm Lastenrad Zelt\" \/>\n<meta property=\"og:description\" content=\"Gummiband mit Haken 13 cm f\u00fcr Bakfietsentent. Ideal als Ersatz oder Reserve. Einfach in der Anwendung und sicher in der Befestigung.\" \/>\n<meta property=\"og:url\" content=\"http:\/\/clarijs-fietstassen.nl\/produkt\/elastiek-met-haak-13-cm-bakfiets-tent\/\" \/>\n<meta property=\"og:site_name\" content=\"Clarijs Fietstassen\" \/>\n<meta property=\"article:publisher\" content=\"https:\/\/www.facebook.com\/clarijs1948\/\" \/>\n<meta property=\"article:modified_time\" content=\"2025-06-20T10:40:33+00:00\" \/>\n<meta property=\"og:image\" content=\"https:\/\/clarijs-fietstassen.nl\/wp-content\/uploads\/2025\/06\/elastiek-met-haak-18-cm-1.png\" \/>\n\t<meta property=\"og:image:width\" content=\"1000\" \/>\n\t<meta property=\"og:image:height\" content=\"1000\" \/>\n\t<meta property=\"og:image:type\" content=\"image\/png\" \/>\n<meta name=\"twitter:card\" content=\"summary_large_image\" \/>\n<meta name=\"twitter:label1\" content=\"Preis\" \/>\n\t<meta name=\"twitter:data1\" content=\"&euro;1.30\" \/>\n\t<meta name=\"twitter:label2\" content=\"Verf\u00fcgbarkeit\" \/>\n\t<meta name=\"twitter:data2\" content=\"Auf Lager\" \/>\n<script type=\"application\/ld+json\" class=\"yoast-schema-graph\">{\"@context\":\"https:\\\/\\\/schema.org\",\"@graph\":[{\"@type\":\"WebPage\",\"@id\":\"http:\\\/\\\/clarijs-fietstassen.nl\\\/produkt\\\/elastiek-met-haak-13-cm-bakfiets-tent\\\/\",\"url\":\"http:\\\/\\\/clarijs-fietstassen.nl\\\/produkt\\\/elastiek-met-haak-13-cm-bakfiets-tent\\\/\",\"name\":\"Spanner mit Haken 13 cm Lastenrad Zelt - Clarijs Fietstassen\",\"isPartOf\":{\"@id\":\"https:\\\/\\\/clarijs-fietstassen.nl\\\/de\\\/#website\"},\"primaryImageOfPage\":{\"@id\":\"http:\\\/\\\/clarijs-fietstassen.nl\\\/produkt\\\/elastiek-met-haak-13-cm-bakfiets-tent\\\/#primaryimage\"},\"image\":{\"@id\":\"http:\\\/\\\/clarijs-fietstassen.nl\\\/produkt\\\/elastiek-met-haak-13-cm-bakfiets-tent\\\/#primaryimage\"},\"thumbnailUrl\":\"https:\\\/\\\/clarijs-fietstassen.nl\\\/wp-content\\\/uploads\\\/2025\\\/06\\\/elastiek-met-haak-18-cm-1.png\",\"datePublished\":\"2025-06-16T08:38:11+00:00\",\"dateModified\":\"2025-06-20T10:40:33+00:00\",\"description\":\"Gummiband mit Haken 13 cm f\u00fcr Bakfietsentent. Ideal als Ersatz oder Reserve. Einfach in der Anwendung und sicher in der Befestigung.\",\"breadcrumb\":{\"@id\":\"http:\\\/\\\/clarijs-fietstassen.nl\\\/produkt\\\/elastiek-met-haak-13-cm-bakfiets-tent\\\/#breadcrumb\"},\"inLanguage\":\"de\",\"potentialAction\":[{\"@type\":\"ReadAction\",\"target\":[\"http:\\\/\\\/clarijs-fietstassen.nl\\\/produkt\\\/elastiek-met-haak-13-cm-bakfiets-tent\\\/\"]}]},{\"@type\":\"ImageObject\",\"inLanguage\":\"de\",\"@id\":\"http:\\\/\\\/clarijs-fietstassen.nl\\\/produkt\\\/elastiek-met-haak-13-cm-bakfiets-tent\\\/#primaryimage\",\"url\":\"https:\\\/\\\/clarijs-fietstassen.nl\\\/wp-content\\\/uploads\\\/2025\\\/06\\\/elastiek-met-haak-18-cm-1.png\",\"contentUrl\":\"https:\\\/\\\/clarijs-fietstassen.nl\\\/wp-content\\\/uploads\\\/2025\\\/06\\\/elastiek-met-haak-18-cm-1.png\",\"width\":1000,\"height\":1000,\"caption\":\"Gummiband mit Haken 13 cm\"},{\"@type\":\"BreadcrumbList\",\"@id\":\"http:\\\/\\\/clarijs-fietstassen.nl\\\/produkt\\\/elastiek-met-haak-13-cm-bakfiets-tent\\\/#breadcrumb\",\"itemListElement\":[{\"@type\":\"ListItem\",\"position\":1,\"name\":\"Home\",\"item\":\"https:\\\/\\\/clarijs-fietstassen.nl\\\/de\\\/\"},{\"@type\":\"ListItem\",\"position\":2,\"name\":\"Shop\",\"item\":\"https:\\\/\\\/clarijs-fietstassen.nl\\\/de\\\/shop\\\/\"},{\"@type\":\"ListItem\",\"position\":3,\"name\":\"Bakfiets\",\"item\":\"https:\\\/\\\/clarijs-fietstassen.nl\\\/bakfiets\\\/\"},{\"@type\":\"ListItem\",\"position\":4,\"name\":\"Spanner mit Haken 13 cm Lastenrad Zelt\"}]},{\"@type\":\"WebSite\",\"@id\":\"https:\\\/\\\/clarijs-fietstassen.nl\\\/de\\\/#website\",\"url\":\"https:\\\/\\\/clarijs-fietstassen.nl\\\/de\\\/\",\"name\":\"Clarijs Fietstassen\",\"description\":\"Kwaliteit &amp; ambacht sinds 1948\",\"publisher\":{\"@id\":\"https:\\\/\\\/clarijs-fietstassen.nl\\\/de\\\/#organization\"},\"potentialAction\":[{\"@type\":\"SearchAction\",\"target\":{\"@type\":\"EntryPoint\",\"urlTemplate\":\"https:\\\/\\\/clarijs-fietstassen.nl\\\/de\\\/?s={search_term_string}\"},\"query-input\":{\"@type\":\"PropertyValueSpecification\",\"valueRequired\":true,\"valueName\":\"search_term_string\"}}],\"inLanguage\":\"de\"},{\"@type\":\"Organization\",\"@id\":\"https:\\\/\\\/clarijs-fietstassen.nl\\\/de\\\/#organization\",\"name\":\"Clarijs Fietstassen\",\"url\":\"https:\\\/\\\/clarijs-fietstassen.nl\\\/de\\\/\",\"logo\":{\"@type\":\"ImageObject\",\"inLanguage\":\"de\",\"@id\":\"https:\\\/\\\/clarijs-fietstassen.nl\\\/de\\\/#\\\/schema\\\/logo\\\/image\\\/\",\"url\":\"https:\\\/\\\/clarijs-fietstassen.nl\\\/wp-content\\\/uploads\\\/2024\\\/01\\\/clarijs-logo-met-rand.jpg\",\"contentUrl\":\"https:\\\/\\\/clarijs-fietstassen.nl\\\/wp-content\\\/uploads\\\/2024\\\/01\\\/clarijs-logo-met-rand.jpg\",\"width\":560,\"height\":266,\"caption\":\"Clarijs Fietstassen\"},\"image\":{\"@id\":\"https:\\\/\\\/clarijs-fietstassen.nl\\\/de\\\/#\\\/schema\\\/logo\\\/image\\\/\"},\"sameAs\":[\"https:\\\/\\\/www.facebook.com\\\/clarijs1948\\\/\",\"https:\\\/\\\/www.instagram.com\\\/clarijscovers\\\/\"]}]}<\/script>\n<meta property=\"product:price:amount\" content=\"1.30\" \/>\n<meta property=\"product:price:currency\" content=\"EUR\" \/>\n<meta property=\"og:availability\" content=\"instock\" \/>\n<meta property=\"product:availability\" content=\"instock\" \/>\n<meta property=\"product:retailer_item_id\" content=\"5109\" \/>\n<meta property=\"product:condition\" content=\"new\" \/>\n<!-- \/ Yoast SEO Premium plugin. -->","yoast_head_json":{"title":"Spanner mit Haken 13 cm Lastenrad Zelt - Clarijs Fietstassen","description":"Gummiband mit Haken 13 cm f\u00fcr Bakfietsentent. Ideal als Ersatz oder Reserve. Einfach in der Anwendung und sicher in der Befestigung.","robots":{"index":"index","follow":"follow","max-snippet":"max-snippet:-1","max-image-preview":"max-image-preview:large","max-video-preview":"max-video-preview:-1"},"canonical":"http:\/\/clarijs-fietstassen.nl\/produkt\/elastiek-met-haak-13-cm-bakfiets-tent\/","og_locale":"de_DE","og_type":"article","og_title":"Spanner mit Haken 13 cm Lastenrad Zelt","og_description":"Gummiband mit Haken 13 cm f\u00fcr Bakfietsentent. Ideal als Ersatz oder Reserve. Einfach in der Anwendung und sicher in der Befestigung.","og_url":"http:\/\/clarijs-fietstassen.nl\/produkt\/elastiek-met-haak-13-cm-bakfiets-tent\/","og_site_name":"Clarijs Fietstassen","article_publisher":"https:\/\/www.facebook.com\/clarijs1948\/","article_modified_time":"2025-06-20T10:40:33+00:00","og_image":[{"width":1000,"height":1000,"url":"https:\/\/clarijs-fietstassen.nl\/wp-content\/uploads\/2025\/06\/elastiek-met-haak-18-cm-1.png","type":"image\/png"}],"twitter_card":"summary_large_image","twitter_misc":{"Preis":"&euro;1.30","Verf\u00fcgbarkeit":"Auf Lager"},"schema":{"@context":"https:\/\/schema.org","@graph":[{"@type":"WebPage","@id":"http:\/\/clarijs-fietstassen.nl\/produkt\/elastiek-met-haak-13-cm-bakfiets-tent\/","url":"http:\/\/clarijs-fietstassen.nl\/produkt\/elastiek-met-haak-13-cm-bakfiets-tent\/","name":"Spanner mit Haken 13 cm Lastenrad Zelt - Clarijs Fietstassen","isPartOf":{"@id":"https:\/\/clarijs-fietstassen.nl\/de\/#website"},"primaryImageOfPage":{"@id":"http:\/\/clarijs-fietstassen.nl\/produkt\/elastiek-met-haak-13-cm-bakfiets-tent\/#primaryimage"},"image":{"@id":"http:\/\/clarijs-fietstassen.nl\/produkt\/elastiek-met-haak-13-cm-bakfiets-tent\/#primaryimage"},"thumbnailUrl":"https:\/\/clarijs-fietstassen.nl\/wp-content\/uploads\/2025\/06\/elastiek-met-haak-18-cm-1.png","datePublished":"2025-06-16T08:38:11+00:00","dateModified":"2025-06-20T10:40:33+00:00","description":"Gummiband mit Haken 13 cm f\u00fcr Bakfietsentent. Ideal als Ersatz oder Reserve. Einfach in der Anwendung und sicher in der Befestigung.","breadcrumb":{"@id":"http:\/\/clarijs-fietstassen.nl\/produkt\/elastiek-met-haak-13-cm-bakfiets-tent\/#breadcrumb"},"inLanguage":"de","potentialAction":[{"@type":"ReadAction","target":["http:\/\/clarijs-fietstassen.nl\/produkt\/elastiek-met-haak-13-cm-bakfiets-tent\/"]}]},{"@type":"ImageObject","inLanguage":"de","@id":"http:\/\/clarijs-fietstassen.nl\/produkt\/elastiek-met-haak-13-cm-bakfiets-tent\/#primaryimage","url":"https:\/\/clarijs-fietstassen.nl\/wp-content\/uploads\/2025\/06\/elastiek-met-haak-18-cm-1.png","contentUrl":"https:\/\/clarijs-fietstassen.nl\/wp-content\/uploads\/2025\/06\/elastiek-met-haak-18-cm-1.png","width":1000,"height":1000,"caption":"Gummiband mit Haken 13 cm"},{"@type":"BreadcrumbList","@id":"http:\/\/clarijs-fietstassen.nl\/produkt\/elastiek-met-haak-13-cm-bakfiets-tent\/#breadcrumb","itemListElement":[{"@type":"ListItem","position":1,"name":"Home","item":"https:\/\/clarijs-fietstassen.nl\/de\/"},{"@type":"ListItem","position":2,"name":"Shop","item":"https:\/\/clarijs-fietstassen.nl\/de\/shop\/"},{"@type":"ListItem","position":3,"name":"Bakfiets","item":"https:\/\/clarijs-fietstassen.nl\/bakfiets\/"},{"@type":"ListItem","position":4,"name":"Spanner mit Haken 13 cm Lastenrad Zelt"}]},{"@type":"WebSite","@id":"https:\/\/clarijs-fietstassen.nl\/de\/#website","url":"https:\/\/clarijs-fietstassen.nl\/de\/","name":"Clarijs Fietstassen","description":"Kwaliteit &amp; ambacht sinds 1948","publisher":{"@id":"https:\/\/clarijs-fietstassen.nl\/de\/#organization"},"potentialAction":[{"@type":"SearchAction","target":{"@type":"EntryPoint","urlTemplate":"https:\/\/clarijs-fietstassen.nl\/de\/?s={search_term_string}"},"query-input":{"@type":"PropertyValueSpecification","valueRequired":true,"valueName":"search_term_string"}}],"inLanguage":"de"},{"@type":"Organization","@id":"https:\/\/clarijs-fietstassen.nl\/de\/#organization","name":"Clarijs Fietstassen","url":"https:\/\/clarijs-fietstassen.nl\/de\/","logo":{"@type":"ImageObject","inLanguage":"de","@id":"https:\/\/clarijs-fietstassen.nl\/de\/#\/schema\/logo\/image\/","url":"https:\/\/clarijs-fietstassen.nl\/wp-content\/uploads\/2024\/01\/clarijs-logo-met-rand.jpg","contentUrl":"https:\/\/clarijs-fietstassen.nl\/wp-content\/uploads\/2024\/01\/clarijs-logo-met-rand.jpg","width":560,"height":266,"caption":"Clarijs Fietstassen"},"image":{"@id":"https:\/\/clarijs-fietstassen.nl\/de\/#\/schema\/logo\/image\/"},"sameAs":["https:\/\/www.facebook.com\/clarijs1948\/","https:\/\/www.instagram.com\/clarijscovers\/"]}]},"product_price_amount":"1.30","product_price_currency":"EUR","og_availability":"instock","product_availability":"instock","product_retailer_item_id":"5109","product_condition":"new"},"_links":{"self":[{"href":"https:\/\/clarijs-fietstassen.nl\/de\/wp-json\/wp\/v2\/product\/54635","targetHints":{"allow":["GET"]}}],"collection":[{"href":"https:\/\/clarijs-fietstassen.nl\/de\/wp-json\/wp\/v2\/product"}],"about":[{"href":"https:\/\/clarijs-fietstassen.nl\/de\/wp-json\/wp\/v2\/types\/product"}],"replies":[{"embeddable":true,"href":"https:\/\/clarijs-fietstassen.nl\/de\/wp-json\/wp\/v2\/comments?post=54635"}],"wp:featuredmedia":[{"embeddable":true,"href":"https:\/\/clarijs-fietstassen.nl\/de\/wp-json\/wp\/v2\/media\/54633"}],"wp:attachment":[{"href":"https:\/\/clarijs-fietstassen.nl\/de\/wp-json\/wp\/v2\/media?parent=54635"}],"wp:term":[{"taxonomy":"product_brand","embeddable":true,"href":"https:\/\/clarijs-fietstassen.nl\/de\/wp-json\/wp\/v2\/product_brand?post=54635"},{"taxonomy":"product_cat","embeddable":true,"href":"https:\/\/clarijs-fietstassen.nl\/de\/wp-json\/wp\/v2\/product_cat?post=54635"},{"taxonomy":"product_tag","embeddable":true,"href":"https:\/\/clarijs-fietstassen.nl\/de\/wp-json\/wp\/v2\/product_tag?post=54635"}],"curies":[{"name":"wp","href":"https:\/\/api.w.org\/{rel}","templated":true}]}}