{"id":55163,"date":"2026-02-18T12:09:46","date_gmt":"2026-02-18T11:09:46","guid":{"rendered":"https:\/\/clarijs-fietstassen.nl\/?post_type=product&#038;p=55163"},"modified":"2026-04-20T13:37:51","modified_gmt":"2026-04-20T11:37:51","slug":"regenzelt-fur-vogue-carry-2-exkl-gestell","status":"publish","type":"product","link":"https:\/\/clarijs-fietstassen.nl\/de\/produkt\/regenzelt-fur-vogue-carry-2-exkl-gestell\/","title":{"rendered":"Regenzelt f\u00fcr Vogue Carry 2 (exkl. Rahmen)"},"content":{"rendered":"<p>Dieses Regenzelt wurde speziell f\u00fcr den <strong>Vogue Carry 2<\/strong> entwickelt und <strong>wird ohne Gest\u00e4nge geliefert<\/strong>. Dieses Regenverdeck ist nur f\u00fcr das Vogue Carry 2; Baujahr 2021 oder h\u00f6her geeignet und ist nicht universell einsetzbar, um eine optimale Passform zu gew\u00e4hrleisten. Das Regenverdeck ist praktisch in der Anwendung und auf das t\u00e4gliche Radfahren mit Kindern oder Gep\u00e4ck zugeschnitten.  <\/p>\n<p><strong>Warum ist diese Regenzelt f\u00fcr den t\u00e4glichen Einsatz geeignet?<\/strong><br data-start=\"1307\" data-end=\"1310\">Das Regenzelt ist optimal auf den t\u00e4glichen Einsatz der Vogue Carry 2 als elektrisches Familien-Lastenrad abgestimmt. Dank der ger\u00e4umigen Ladebox und des stabilen Fahrverhaltens bleiben Kinder und Gep\u00e4ck auch bei l\u00e4ngeren Fahrten oder wechselnden Wetterbedingungen komfortabel vor Regen und Wind gesch\u00fctzt. <\/p>\n<p>An beiden Seiten befinden sich jeweils zwei Rei\u00dfverschl\u00fcsse, sodass die Seitenfenster bei sch\u00f6nem Wetter oder beim Be- und Entladen des Laderaums einfach aufgerollt werden k\u00f6nnen. Die R\u00fcckseite des Verdecks l\u00e4sst sich mit Klettverschluss \u00f6ffnen. Das sorgt f\u00fcr mehr Interaktion mit den Kindern und eine bessere Luftzirkulation w\u00e4hrend der Fahrt. Dieses Regenverdeck wurde speziell f\u00fcr das Vogue Carry 2 entwickelt und ist nicht universell f\u00fcr andere Lastenr\u00e4der geeignet.   <\/p>\n<p><strong>Aus welchem Material besteht dieses Regenzelt?<\/strong><\/p>\n<p>Das Regenzelt besteht aus mattem PVC mit einer hochwertigen Reliefstruktur. Dieses Material ist flexibel, robust und vollst\u00e4ndig wasserdicht. Zus\u00e4tzlich ist das Regenzelt mit hochwertigen wasserabweisenden Rei\u00dfverschl\u00fcssen mit einer St\u00e4rke von 10 mm ausgestattet, die f\u00fcr den intensiven t\u00e4glichen Gebrauch ausgelegt sind.  <\/p>\n<p><strong>Welche praktischen Vorteile bietet dieses Regenzelt?<\/strong><\/p>\n<ul>\n<li>Sch\u00fctzt Kinder und Gep\u00e4ck vor Regen, Wind und K\u00e4lte<\/li>\n<li>H\u00e4lt die Ladebox sauber und trocken<\/li>\n<li>Erh\u00f6ht Komfort und Sicherheit beim Fahren<\/li>\n<li>F\u00fcr den t\u00e4glichen und intensiven Gebrauch geeignet<\/li>\n<\/ul>\n<p>Mit seinem stilvollen Design und der hochwertigen Konstruktion ist dieses Regenzelt die ideale Erg\u00e4nzung f\u00fcr die Vogue Carry 2. Entscheiden Sie sich f\u00fcr Komfort und Schutz zu jeder Jahreszeit und machen Sie Ihr Lastenrad komplett. <\/p>\n","protected":false},"excerpt":{"rendered":"<p><br data-mce-bogus=\"1\"><\/p>\n","protected":false},"featured_media":55171,"comment_status":"closed","ping_status":"closed","template":"","meta":{"_acf_changed":false,"_et_pb_use_builder":"","_et_pb_old_content":"","_et_gb_content_width":""},"product_brand":[],"product_cat":[686,690,775],"product_tag":[],"class_list":{"0":"post-55163","1":"product","2":"type-product","3":"status-publish","4":"has-post-thumbnail","6":"product_cat-bakfiets-de","7":"product_cat-lastenrad-regenverdeck","8":"product_cat-vogue-de","9":"pa_kleur-schwarz","10":"pa_materiaal-mattes-pvc-relief","11":"pa_merk-clarijs-covers-b-v-de","12":"pa_reflectie-ja-de","14":"first","15":"instock","16":"taxable","17":"shipping-taxable","18":"purchasable","19":"product-type-simple"},"acf":[],"yoast_head":"<!-- This site is optimized with the Yoast SEO Premium plugin v27.2 (Yoast SEO v27.3) - https:\/\/yoast.com\/product\/yoast-seo-premium-wordpress\/ -->\n<title>Regenzelt f\u00fcr Vogue Carry 2 (exkl. Rahmen) - Clarijs Fietstassen<\/title>\n<meta name=\"description\" content=\"Das Regenzelt f\u00fcr Vogue Carry 2 (exkl. Rahmen) hat zwei Rei\u00dfverschl\u00fcsse auf jeder Seite, so dass die Seitenfenster bei sch\u00f6nem Wetter aufgerollt werden k\u00f6nnen. Modell 2021 oder h\u00f6her.\" \/>\n<meta name=\"robots\" content=\"index, follow, max-snippet:-1, max-image-preview:large, max-video-preview:-1\" \/>\n<link rel=\"canonical\" href=\"https:\/\/clarijs-fietstassen.nl\/de\/regenzelt-fur-vogue-carry-2-exkl-gestell\/\" \/>\n<meta property=\"og:locale\" content=\"de_DE\" \/>\n<meta property=\"og:type\" content=\"article\" \/>\n<meta property=\"og:title\" content=\"Regenzelt f\u00fcr Vogue Carry 2 (exkl. Rahmen)\" \/>\n<meta property=\"og:description\" content=\"Das Regenzelt f\u00fcr Vogue Carry 2 (exkl. Rahmen) hat zwei Rei\u00dfverschl\u00fcsse auf jeder Seite, so dass die Seitenfenster bei sch\u00f6nem Wetter aufgerollt werden k\u00f6nnen. Modell 2021 oder h\u00f6her.\" \/>\n<meta property=\"og:url\" content=\"https:\/\/clarijs-fietstassen.nl\/de\/regenzelt-fur-vogue-carry-2-exkl-gestell\/\" \/>\n<meta property=\"og:site_name\" content=\"Clarijs Fietstassen\" \/>\n<meta property=\"article:publisher\" content=\"https:\/\/www.facebook.com\/clarijs1948\/\" \/>\n<meta property=\"article:modified_time\" content=\"2026-04-20T11:37:51+00:00\" \/>\n<meta property=\"og:image\" content=\"https:\/\/clarijs-fietstassen.nl\/wp-content\/uploads\/2025\/06\/Regentent-Carry2-Vogue1.png\" \/>\n\t<meta property=\"og:image:width\" content=\"1000\" \/>\n\t<meta property=\"og:image:height\" content=\"1000\" \/>\n\t<meta property=\"og:image:type\" content=\"image\/png\" \/>\n<meta name=\"twitter:card\" content=\"summary_large_image\" \/>\n<meta name=\"twitter:label1\" content=\"Preis\" \/>\n\t<meta name=\"twitter:data1\" content=\"&euro;219.00\" \/>\n\t<meta name=\"twitter:label2\" content=\"Verf\u00fcgbarkeit\" \/>\n\t<meta name=\"twitter:data2\" content=\"Auf Lager\" \/>\n<script type=\"application\/ld+json\" class=\"yoast-schema-graph\">{\"@context\":\"https:\\\/\\\/schema.org\",\"@graph\":[{\"@type\":\"WebPage\",\"@id\":\"https:\\\/\\\/clarijs-fietstassen.nl\\\/de\\\/regenzelt-fur-vogue-carry-2-exkl-gestell\\\/\",\"url\":\"https:\\\/\\\/clarijs-fietstassen.nl\\\/de\\\/regenzelt-fur-vogue-carry-2-exkl-gestell\\\/\",\"name\":\"Regenzelt f\u00fcr Vogue Carry 2 (exkl. Rahmen) - Clarijs Fietstassen\",\"isPartOf\":{\"@id\":\"https:\\\/\\\/clarijs-fietstassen.nl\\\/de\\\/#website\"},\"primaryImageOfPage\":{\"@id\":\"https:\\\/\\\/clarijs-fietstassen.nl\\\/de\\\/regenzelt-fur-vogue-carry-2-exkl-gestell\\\/#primaryimage\"},\"image\":{\"@id\":\"https:\\\/\\\/clarijs-fietstassen.nl\\\/de\\\/regenzelt-fur-vogue-carry-2-exkl-gestell\\\/#primaryimage\"},\"thumbnailUrl\":\"https:\\\/\\\/clarijs-fietstassen.nl\\\/wp-content\\\/uploads\\\/2025\\\/06\\\/Regentent-Carry2-Vogue1.png\",\"datePublished\":\"2026-02-18T11:09:46+00:00\",\"dateModified\":\"2026-04-20T11:37:51+00:00\",\"description\":\"Das Regenzelt f\u00fcr Vogue Carry 2 (exkl. Rahmen) hat zwei Rei\u00dfverschl\u00fcsse auf jeder Seite, so dass die Seitenfenster bei sch\u00f6nem Wetter aufgerollt werden k\u00f6nnen. Modell 2021 oder h\u00f6her.\",\"breadcrumb\":{\"@id\":\"https:\\\/\\\/clarijs-fietstassen.nl\\\/de\\\/regenzelt-fur-vogue-carry-2-exkl-gestell\\\/#breadcrumb\"},\"inLanguage\":\"de\",\"potentialAction\":[{\"@type\":\"ReadAction\",\"target\":[\"https:\\\/\\\/clarijs-fietstassen.nl\\\/de\\\/regenzelt-fur-vogue-carry-2-exkl-gestell\\\/\"]}]},{\"@type\":\"ImageObject\",\"inLanguage\":\"de\",\"@id\":\"https:\\\/\\\/clarijs-fietstassen.nl\\\/de\\\/regenzelt-fur-vogue-carry-2-exkl-gestell\\\/#primaryimage\",\"url\":\"https:\\\/\\\/clarijs-fietstassen.nl\\\/wp-content\\\/uploads\\\/2025\\\/06\\\/Regentent-Carry2-Vogue1.png\",\"contentUrl\":\"https:\\\/\\\/clarijs-fietstassen.nl\\\/wp-content\\\/uploads\\\/2025\\\/06\\\/Regentent-Carry2-Vogue1.png\",\"width\":1000,\"height\":1000,\"caption\":\"Regenzelt Carry2 Vogue1\"},{\"@type\":\"BreadcrumbList\",\"@id\":\"https:\\\/\\\/clarijs-fietstassen.nl\\\/de\\\/regenzelt-fur-vogue-carry-2-exkl-gestell\\\/#breadcrumb\",\"itemListElement\":[{\"@type\":\"ListItem\",\"position\":1,\"name\":\"Home\",\"item\":\"https:\\\/\\\/clarijs-fietstassen.nl\\\/de\\\/\"},{\"@type\":\"ListItem\",\"position\":2,\"name\":\"Shop\",\"item\":\"https:\\\/\\\/clarijs-fietstassen.nl\\\/de\\\/shop\\\/\"},{\"@type\":\"ListItem\",\"position\":3,\"name\":\"Vogue\",\"item\":\"https:\\\/\\\/clarijs-fietstassen.nl\\\/vogue\\\/\"},{\"@type\":\"ListItem\",\"position\":4,\"name\":\"Regenzelt f\u00fcr Vogue Carry 2 (exkl. Rahmen)\"}]},{\"@type\":\"WebSite\",\"@id\":\"https:\\\/\\\/clarijs-fietstassen.nl\\\/de\\\/#website\",\"url\":\"https:\\\/\\\/clarijs-fietstassen.nl\\\/de\\\/\",\"name\":\"Clarijs Fietstassen\",\"description\":\"Kwaliteit &amp; ambacht sinds 1948\",\"publisher\":{\"@id\":\"https:\\\/\\\/clarijs-fietstassen.nl\\\/de\\\/#organization\"},\"potentialAction\":[{\"@type\":\"SearchAction\",\"target\":{\"@type\":\"EntryPoint\",\"urlTemplate\":\"https:\\\/\\\/clarijs-fietstassen.nl\\\/de\\\/?s={search_term_string}\"},\"query-input\":{\"@type\":\"PropertyValueSpecification\",\"valueRequired\":true,\"valueName\":\"search_term_string\"}}],\"inLanguage\":\"de\"},{\"@type\":\"Organization\",\"@id\":\"https:\\\/\\\/clarijs-fietstassen.nl\\\/de\\\/#organization\",\"name\":\"Clarijs Fietstassen\",\"url\":\"https:\\\/\\\/clarijs-fietstassen.nl\\\/de\\\/\",\"logo\":{\"@type\":\"ImageObject\",\"inLanguage\":\"de\",\"@id\":\"https:\\\/\\\/clarijs-fietstassen.nl\\\/de\\\/#\\\/schema\\\/logo\\\/image\\\/\",\"url\":\"https:\\\/\\\/clarijs-fietstassen.nl\\\/wp-content\\\/uploads\\\/2024\\\/01\\\/clarijs-logo-met-rand.jpg\",\"contentUrl\":\"https:\\\/\\\/clarijs-fietstassen.nl\\\/wp-content\\\/uploads\\\/2024\\\/01\\\/clarijs-logo-met-rand.jpg\",\"width\":560,\"height\":266,\"caption\":\"Clarijs Fietstassen\"},\"image\":{\"@id\":\"https:\\\/\\\/clarijs-fietstassen.nl\\\/de\\\/#\\\/schema\\\/logo\\\/image\\\/\"},\"sameAs\":[\"https:\\\/\\\/www.facebook.com\\\/clarijs1948\\\/\",\"https:\\\/\\\/www.instagram.com\\\/clarijscovers\\\/\"]}]}<\/script>\n<meta property=\"product:price:amount\" content=\"219.00\" \/>\n<meta property=\"product:price:currency\" content=\"EUR\" \/>\n<meta property=\"og:availability\" content=\"instock\" \/>\n<meta property=\"product:availability\" content=\"instock\" \/>\n<meta property=\"product:retailer_item_id\" content=\"5111\" \/>\n<meta property=\"product:condition\" content=\"new\" \/>\n<!-- \/ Yoast SEO Premium plugin. -->","yoast_head_json":{"title":"Regenzelt f\u00fcr Vogue Carry 2 (exkl. Rahmen) - Clarijs Fietstassen","description":"Das Regenzelt f\u00fcr Vogue Carry 2 (exkl. Rahmen) hat zwei Rei\u00dfverschl\u00fcsse auf jeder Seite, so dass die Seitenfenster bei sch\u00f6nem Wetter aufgerollt werden k\u00f6nnen. Modell 2021 oder h\u00f6her.","robots":{"index":"index","follow":"follow","max-snippet":"max-snippet:-1","max-image-preview":"max-image-preview:large","max-video-preview":"max-video-preview:-1"},"canonical":"https:\/\/clarijs-fietstassen.nl\/de\/regenzelt-fur-vogue-carry-2-exkl-gestell\/","og_locale":"de_DE","og_type":"article","og_title":"Regenzelt f\u00fcr Vogue Carry 2 (exkl. Rahmen)","og_description":"Das Regenzelt f\u00fcr Vogue Carry 2 (exkl. Rahmen) hat zwei Rei\u00dfverschl\u00fcsse auf jeder Seite, so dass die Seitenfenster bei sch\u00f6nem Wetter aufgerollt werden k\u00f6nnen. Modell 2021 oder h\u00f6her.","og_url":"https:\/\/clarijs-fietstassen.nl\/de\/regenzelt-fur-vogue-carry-2-exkl-gestell\/","og_site_name":"Clarijs Fietstassen","article_publisher":"https:\/\/www.facebook.com\/clarijs1948\/","article_modified_time":"2026-04-20T11:37:51+00:00","og_image":[{"width":1000,"height":1000,"url":"https:\/\/clarijs-fietstassen.nl\/wp-content\/uploads\/2025\/06\/Regentent-Carry2-Vogue1.png","type":"image\/png"}],"twitter_card":"summary_large_image","twitter_misc":{"Preis":"&euro;219.00","Verf\u00fcgbarkeit":"Auf Lager"},"schema":{"@context":"https:\/\/schema.org","@graph":[{"@type":"WebPage","@id":"https:\/\/clarijs-fietstassen.nl\/de\/regenzelt-fur-vogue-carry-2-exkl-gestell\/","url":"https:\/\/clarijs-fietstassen.nl\/de\/regenzelt-fur-vogue-carry-2-exkl-gestell\/","name":"Regenzelt f\u00fcr Vogue Carry 2 (exkl. Rahmen) - Clarijs Fietstassen","isPartOf":{"@id":"https:\/\/clarijs-fietstassen.nl\/de\/#website"},"primaryImageOfPage":{"@id":"https:\/\/clarijs-fietstassen.nl\/de\/regenzelt-fur-vogue-carry-2-exkl-gestell\/#primaryimage"},"image":{"@id":"https:\/\/clarijs-fietstassen.nl\/de\/regenzelt-fur-vogue-carry-2-exkl-gestell\/#primaryimage"},"thumbnailUrl":"https:\/\/clarijs-fietstassen.nl\/wp-content\/uploads\/2025\/06\/Regentent-Carry2-Vogue1.png","datePublished":"2026-02-18T11:09:46+00:00","dateModified":"2026-04-20T11:37:51+00:00","description":"Das Regenzelt f\u00fcr Vogue Carry 2 (exkl. Rahmen) hat zwei Rei\u00dfverschl\u00fcsse auf jeder Seite, so dass die Seitenfenster bei sch\u00f6nem Wetter aufgerollt werden k\u00f6nnen. Modell 2021 oder h\u00f6her.","breadcrumb":{"@id":"https:\/\/clarijs-fietstassen.nl\/de\/regenzelt-fur-vogue-carry-2-exkl-gestell\/#breadcrumb"},"inLanguage":"de","potentialAction":[{"@type":"ReadAction","target":["https:\/\/clarijs-fietstassen.nl\/de\/regenzelt-fur-vogue-carry-2-exkl-gestell\/"]}]},{"@type":"ImageObject","inLanguage":"de","@id":"https:\/\/clarijs-fietstassen.nl\/de\/regenzelt-fur-vogue-carry-2-exkl-gestell\/#primaryimage","url":"https:\/\/clarijs-fietstassen.nl\/wp-content\/uploads\/2025\/06\/Regentent-Carry2-Vogue1.png","contentUrl":"https:\/\/clarijs-fietstassen.nl\/wp-content\/uploads\/2025\/06\/Regentent-Carry2-Vogue1.png","width":1000,"height":1000,"caption":"Regenzelt Carry2 Vogue1"},{"@type":"BreadcrumbList","@id":"https:\/\/clarijs-fietstassen.nl\/de\/regenzelt-fur-vogue-carry-2-exkl-gestell\/#breadcrumb","itemListElement":[{"@type":"ListItem","position":1,"name":"Home","item":"https:\/\/clarijs-fietstassen.nl\/de\/"},{"@type":"ListItem","position":2,"name":"Shop","item":"https:\/\/clarijs-fietstassen.nl\/de\/shop\/"},{"@type":"ListItem","position":3,"name":"Vogue","item":"https:\/\/clarijs-fietstassen.nl\/vogue\/"},{"@type":"ListItem","position":4,"name":"Regenzelt f\u00fcr Vogue Carry 2 (exkl. Rahmen)"}]},{"@type":"WebSite","@id":"https:\/\/clarijs-fietstassen.nl\/de\/#website","url":"https:\/\/clarijs-fietstassen.nl\/de\/","name":"Clarijs Fietstassen","description":"Kwaliteit &amp; ambacht sinds 1948","publisher":{"@id":"https:\/\/clarijs-fietstassen.nl\/de\/#organization"},"potentialAction":[{"@type":"SearchAction","target":{"@type":"EntryPoint","urlTemplate":"https:\/\/clarijs-fietstassen.nl\/de\/?s={search_term_string}"},"query-input":{"@type":"PropertyValueSpecification","valueRequired":true,"valueName":"search_term_string"}}],"inLanguage":"de"},{"@type":"Organization","@id":"https:\/\/clarijs-fietstassen.nl\/de\/#organization","name":"Clarijs Fietstassen","url":"https:\/\/clarijs-fietstassen.nl\/de\/","logo":{"@type":"ImageObject","inLanguage":"de","@id":"https:\/\/clarijs-fietstassen.nl\/de\/#\/schema\/logo\/image\/","url":"https:\/\/clarijs-fietstassen.nl\/wp-content\/uploads\/2024\/01\/clarijs-logo-met-rand.jpg","contentUrl":"https:\/\/clarijs-fietstassen.nl\/wp-content\/uploads\/2024\/01\/clarijs-logo-met-rand.jpg","width":560,"height":266,"caption":"Clarijs Fietstassen"},"image":{"@id":"https:\/\/clarijs-fietstassen.nl\/de\/#\/schema\/logo\/image\/"},"sameAs":["https:\/\/www.facebook.com\/clarijs1948\/","https:\/\/www.instagram.com\/clarijscovers\/"]}]},"product_price_amount":"219.00","product_price_currency":"EUR","og_availability":"instock","product_availability":"instock","product_retailer_item_id":"5111","product_condition":"new"},"_links":{"self":[{"href":"https:\/\/clarijs-fietstassen.nl\/de\/wp-json\/wp\/v2\/product\/55163","targetHints":{"allow":["GET"]}}],"collection":[{"href":"https:\/\/clarijs-fietstassen.nl\/de\/wp-json\/wp\/v2\/product"}],"about":[{"href":"https:\/\/clarijs-fietstassen.nl\/de\/wp-json\/wp\/v2\/types\/product"}],"replies":[{"embeddable":true,"href":"https:\/\/clarijs-fietstassen.nl\/de\/wp-json\/wp\/v2\/comments?post=55163"}],"wp:featuredmedia":[{"embeddable":true,"href":"https:\/\/clarijs-fietstassen.nl\/de\/wp-json\/wp\/v2\/media\/55171"}],"wp:attachment":[{"href":"https:\/\/clarijs-fietstassen.nl\/de\/wp-json\/wp\/v2\/media?parent=55163"}],"wp:term":[{"taxonomy":"product_brand","embeddable":true,"href":"https:\/\/clarijs-fietstassen.nl\/de\/wp-json\/wp\/v2\/product_brand?post=55163"},{"taxonomy":"product_cat","embeddable":true,"href":"https:\/\/clarijs-fietstassen.nl\/de\/wp-json\/wp\/v2\/product_cat?post=55163"},{"taxonomy":"product_tag","embeddable":true,"href":"https:\/\/clarijs-fietstassen.nl\/de\/wp-json\/wp\/v2\/product_tag?post=55163"}],"curies":[{"name":"wp","href":"https:\/\/api.w.org\/{rel}","templated":true}]}}