{"id":55203,"date":"2025-06-26T15:11:17","date_gmt":"2025-06-26T13:11:17","guid":{"rendered":"https:\/\/clarijs-fietstassen.nl\/?post_type=product&#038;p=55203"},"modified":"2025-12-09T06:41:54","modified_gmt":"2025-12-09T05:41:54","slug":"laptop-hulle-recycled-urban-drift","status":"publish","type":"product","link":"https:\/\/clarijs-fietstassen.nl\/de\/produkt\/laptop-hulle-recycled-urban-drift\/","title":{"rendered":"Laptop-H\u00fclle reCYCLEd &#8211; Urban Drift"},"content":{"rendered":"<p><span style=\"font-weight: 400;\">Die Laptoph\u00fclle reCYCLEd &#8211; Urban Drift wird aus reCYCLEd Lkw-Planen handgefertigt, wodurch jede Laptoph\u00fclle einzigartig wird. Die H\u00fclle ist mit schwarzen Paspeln versehen, die ihr einen sto\u00dffesten und robusten Charakter verleihen. Leicht zu tragen, lose oder in Ihrer Tasche.  <\/span><\/p>\n<p>HINWEIS: Die Laptoph\u00fcllen werden nie genau so aussehen wie auf dem Bild gezeigt.<\/p>\n<p><strong>Gr\u00f6\u00dfe<\/strong> <em>13 bis 14 Zoll<\/em><\/p>\n<ul>\n<li><em>Innenma\u00df: 34,5cm x 22,5cm<\/em><\/li>\n<li><em>Au\u00dfenma\u00dfe: 38 cm x 25,5 cm<\/em><\/li>\n<\/ul>\n<p><b>Vorteile <\/b><em>der Laptop-H\u00fclle Urban Drift:<\/em><\/p>\n<ul>\n<li aria-level=\"1\"><strong>Wasserabweisendes<\/strong> Material<\/li>\n<li aria-level=\"1\">Widerstandsf\u00e4hig gegen <strong>St\u00f6\u00dfe und Kratzer<\/strong><\/li>\n<li style=\"font-weight: 400;\" aria-level=\"1\">Hergestellt aus <strong>robustem, recyceltem Material<\/strong><\/li>\n<li style=\"font-weight: 400;\" aria-level=\"1\"><strong>Handgefertigt in den Niederlanden<\/strong><\/li>\n<\/ul>\n<p><b>Hochwertiges Material<\/b><\/p>\n<ul>\n<li style=\"font-weight: 400;\" aria-level=\"1\"><span style=\"font-weight: 400;\">Die Laptop-H\u00fclle reCYCLEd Urban Drift wird aus Stoffresten hergestellt, die normalerweise im M\u00fcll landen. F\u00fcr alle, die Praktisches mit einem haltbaren und stilvollen Produkt kombinieren m\u00f6chten. <\/span><\/li>\n<\/ul>\n","protected":false},"excerpt":{"rendered":"<p>Die Laptoph\u00fclle reCYCLEd &#8211; Urban Drift wird aus reCYCLEd Lkw-Planen handgefertigt, wodurch jede Laptoph\u00fclle einzigartig wird. Die H\u00fclle ist mit schwarzen Paspeln versehen, die ihr einen sto\u00dffesten und robusten Charakter verleihen. Leicht zu tragen, lose oder in Ihrer Tasche. HINWEIS: Die Laptoph\u00fcllen werden nie genau so aussehen wie auf dem Bild gezeigt. Gr\u00f6\u00dfe 13 bis [&hellip;]<\/p>\n","protected":false},"featured_media":55218,"comment_status":"closed","ping_status":"closed","template":"","meta":{"_acf_changed":false,"_et_pb_use_builder":"","_et_pb_old_content":"","_et_gb_content_width":""},"product_brand":[],"product_cat":[783],"product_tag":[],"class_list":{"0":"post-55203","1":"product","2":"type-product","3":"status-publish","4":"has-post-thumbnail","6":"product_cat-recycled-de","7":"pa_afmetingen-13-inch-14-inch-de","8":"pa_materiaal-recyceltes-pvc","9":"pa_merk-clarijs-covers-b-v-de","11":"first","12":"outofstock","13":"featured","14":"taxable","15":"shipping-taxable","16":"purchasable","17":"product-type-simple"},"acf":[],"yoast_head":"<!-- This site is optimized with the Yoast SEO Premium plugin v27.2 (Yoast SEO v27.3) - https:\/\/yoast.com\/product\/yoast-seo-premium-wordpress\/ -->\n<title>Laptop-H\u00fclle reCYCLEd - Urban Drift - Clarijs Fietstassen<\/title>\n<meta name=\"description\" content=\"Die Laptoph\u00fclle reCYCLEd Urban Drift wird aus reCYCLEd Lkw-Stoff handgefertigt, wodurch jede Laptoph\u00fclle einzigartig wird.\" \/>\n<meta name=\"robots\" content=\"index, follow, max-snippet:-1, max-image-preview:large, max-video-preview:-1\" \/>\n<link rel=\"canonical\" href=\"https:\/\/clarijs-fietstassen.nl\/?post_type=product&p=55200\" \/>\n<meta property=\"og:locale\" content=\"de_DE\" \/>\n<meta property=\"og:type\" content=\"article\" \/>\n<meta property=\"og:title\" content=\"Laptop-H\u00fclle reCYCLEd - Urban Drift\" \/>\n<meta property=\"og:description\" content=\"Die Laptoph\u00fclle reCYCLEd Urban Drift wird aus reCYCLEd Lkw-Stoff handgefertigt, wodurch jede Laptoph\u00fclle einzigartig wird.\" \/>\n<meta property=\"og:url\" content=\"https:\/\/clarijs-fietstassen.nl\/?post_type=product&amp;p=55200\" \/>\n<meta property=\"og:site_name\" content=\"Clarijs Fietstassen\" \/>\n<meta property=\"article:publisher\" content=\"https:\/\/www.facebook.com\/clarijs1948\/\" \/>\n<meta property=\"article:modified_time\" content=\"2025-12-09T05:41:54+00:00\" \/>\n<meta property=\"og:image\" content=\"https:\/\/clarijs-fietstassen.nl\/wp-content\/uploads\/2025\/06\/laptop-sleeve-reCYCLEd-Urban-Drift-1.png\" \/>\n\t<meta property=\"og:image:width\" content=\"1000\" \/>\n\t<meta property=\"og:image:height\" content=\"1000\" \/>\n\t<meta property=\"og:image:type\" content=\"image\/png\" \/>\n<meta name=\"twitter:card\" content=\"summary_large_image\" \/>\n<meta name=\"twitter:label1\" content=\"Preis\" \/>\n\t<meta name=\"twitter:data1\" content=\"&euro;59.00\" \/>\n\t<meta name=\"twitter:label2\" content=\"Verf\u00fcgbarkeit\" \/>\n\t<meta name=\"twitter:data2\" content=\"ausverkauft\" \/>\n<script type=\"application\/ld+json\" class=\"yoast-schema-graph\">{\"@context\":\"https:\\\/\\\/schema.org\",\"@graph\":[{\"@type\":\"WebPage\",\"@id\":\"https:\\\/\\\/clarijs-fietstassen.nl\\\/?post_type=product&p=55200\",\"url\":\"https:\\\/\\\/clarijs-fietstassen.nl\\\/?post_type=product&p=55200\",\"name\":\"Laptop-H\u00fclle reCYCLEd - Urban Drift - Clarijs Fietstassen\",\"isPartOf\":{\"@id\":\"https:\\\/\\\/clarijs-fietstassen.nl\\\/de\\\/#website\"},\"primaryImageOfPage\":{\"@id\":\"https:\\\/\\\/clarijs-fietstassen.nl\\\/?post_type=product&p=55200#primaryimage\"},\"image\":{\"@id\":\"https:\\\/\\\/clarijs-fietstassen.nl\\\/?post_type=product&p=55200#primaryimage\"},\"thumbnailUrl\":\"https:\\\/\\\/clarijs-fietstassen.nl\\\/wp-content\\\/uploads\\\/2025\\\/06\\\/laptop-sleeve-reCYCLEd-Urban-Drift-1.png\",\"datePublished\":\"2025-06-26T13:11:17+00:00\",\"dateModified\":\"2025-12-09T05:41:54+00:00\",\"description\":\"Die Laptoph\u00fclle reCYCLEd Urban Drift wird aus reCYCLEd Lkw-Stoff handgefertigt, wodurch jede Laptoph\u00fclle einzigartig wird.\",\"breadcrumb\":{\"@id\":\"https:\\\/\\\/clarijs-fietstassen.nl\\\/?post_type=product&p=55200#breadcrumb\"},\"inLanguage\":\"de\",\"potentialAction\":[{\"@type\":\"ReadAction\",\"target\":[\"https:\\\/\\\/clarijs-fietstassen.nl\\\/?post_type=product&p=55200\"]}]},{\"@type\":\"ImageObject\",\"inLanguage\":\"de\",\"@id\":\"https:\\\/\\\/clarijs-fietstassen.nl\\\/?post_type=product&p=55200#primaryimage\",\"url\":\"https:\\\/\\\/clarijs-fietstassen.nl\\\/wp-content\\\/uploads\\\/2025\\\/06\\\/laptop-sleeve-reCYCLEd-Urban-Drift-1.png\",\"contentUrl\":\"https:\\\/\\\/clarijs-fietstassen.nl\\\/wp-content\\\/uploads\\\/2025\\\/06\\\/laptop-sleeve-reCYCLEd-Urban-Drift-1.png\",\"width\":1000,\"height\":1000,\"caption\":\"Laptop-H\u00fclle reCYCLEd Urban Drift 1\"},{\"@type\":\"BreadcrumbList\",\"@id\":\"https:\\\/\\\/clarijs-fietstassen.nl\\\/?post_type=product&p=55200#breadcrumb\",\"itemListElement\":[{\"@type\":\"ListItem\",\"position\":1,\"name\":\"Home\",\"item\":\"https:\\\/\\\/clarijs-fietstassen.nl\\\/de\\\/\"},{\"@type\":\"ListItem\",\"position\":2,\"name\":\"Shop\",\"item\":\"https:\\\/\\\/clarijs-fietstassen.nl\\\/de\\\/shop\\\/\"},{\"@type\":\"ListItem\",\"position\":3,\"name\":\"reCYCLEd\",\"item\":\"http:\\\/\\\/clarijs-fietstassen.nl\\\/de\\\/recycled-de\\\/\"},{\"@type\":\"ListItem\",\"position\":4,\"name\":\"Laptop-H\u00fclle reCYCLEd &#8211; Urban Drift\"}]},{\"@type\":\"WebSite\",\"@id\":\"https:\\\/\\\/clarijs-fietstassen.nl\\\/de\\\/#website\",\"url\":\"https:\\\/\\\/clarijs-fietstassen.nl\\\/de\\\/\",\"name\":\"Clarijs Fietstassen\",\"description\":\"Kwaliteit &amp; ambacht sinds 1948\",\"publisher\":{\"@id\":\"https:\\\/\\\/clarijs-fietstassen.nl\\\/de\\\/#organization\"},\"potentialAction\":[{\"@type\":\"SearchAction\",\"target\":{\"@type\":\"EntryPoint\",\"urlTemplate\":\"https:\\\/\\\/clarijs-fietstassen.nl\\\/de\\\/?s={search_term_string}\"},\"query-input\":{\"@type\":\"PropertyValueSpecification\",\"valueRequired\":true,\"valueName\":\"search_term_string\"}}],\"inLanguage\":\"de\"},{\"@type\":\"Organization\",\"@id\":\"https:\\\/\\\/clarijs-fietstassen.nl\\\/de\\\/#organization\",\"name\":\"Clarijs Fietstassen\",\"url\":\"https:\\\/\\\/clarijs-fietstassen.nl\\\/de\\\/\",\"logo\":{\"@type\":\"ImageObject\",\"inLanguage\":\"de\",\"@id\":\"https:\\\/\\\/clarijs-fietstassen.nl\\\/de\\\/#\\\/schema\\\/logo\\\/image\\\/\",\"url\":\"https:\\\/\\\/clarijs-fietstassen.nl\\\/wp-content\\\/uploads\\\/2024\\\/01\\\/clarijs-logo-met-rand.jpg\",\"contentUrl\":\"https:\\\/\\\/clarijs-fietstassen.nl\\\/wp-content\\\/uploads\\\/2024\\\/01\\\/clarijs-logo-met-rand.jpg\",\"width\":560,\"height\":266,\"caption\":\"Clarijs Fietstassen\"},\"image\":{\"@id\":\"https:\\\/\\\/clarijs-fietstassen.nl\\\/de\\\/#\\\/schema\\\/logo\\\/image\\\/\"},\"sameAs\":[\"https:\\\/\\\/www.facebook.com\\\/clarijs1948\\\/\",\"https:\\\/\\\/www.instagram.com\\\/clarijscovers\\\/\"]}]}<\/script>\n<meta property=\"product:price:amount\" content=\"59.00\" \/>\n<meta property=\"product:price:currency\" content=\"EUR\" \/>\n<meta property=\"og:availability\" content=\"out of stock\" \/>\n<meta property=\"product:availability\" content=\"out of stock\" \/>\n<meta property=\"product:retailer_item_id\" content=\"4088\" \/>\n<meta property=\"product:condition\" content=\"new\" \/>\n<!-- \/ Yoast SEO Premium plugin. -->","yoast_head_json":{"title":"Laptop-H\u00fclle reCYCLEd - Urban Drift - Clarijs Fietstassen","description":"Die Laptoph\u00fclle reCYCLEd Urban Drift wird aus reCYCLEd Lkw-Stoff handgefertigt, wodurch jede Laptoph\u00fclle einzigartig wird.","robots":{"index":"index","follow":"follow","max-snippet":"max-snippet:-1","max-image-preview":"max-image-preview:large","max-video-preview":"max-video-preview:-1"},"canonical":"https:\/\/clarijs-fietstassen.nl\/?post_type=product&p=55200","og_locale":"de_DE","og_type":"article","og_title":"Laptop-H\u00fclle reCYCLEd - Urban Drift","og_description":"Die Laptoph\u00fclle reCYCLEd Urban Drift wird aus reCYCLEd Lkw-Stoff handgefertigt, wodurch jede Laptoph\u00fclle einzigartig wird.","og_url":"https:\/\/clarijs-fietstassen.nl\/?post_type=product&p=55200","og_site_name":"Clarijs Fietstassen","article_publisher":"https:\/\/www.facebook.com\/clarijs1948\/","article_modified_time":"2025-12-09T05:41:54+00:00","og_image":[{"width":1000,"height":1000,"url":"https:\/\/clarijs-fietstassen.nl\/wp-content\/uploads\/2025\/06\/laptop-sleeve-reCYCLEd-Urban-Drift-1.png","type":"image\/png"}],"twitter_card":"summary_large_image","twitter_misc":{"Preis":"&euro;59.00","Verf\u00fcgbarkeit":"ausverkauft"},"schema":{"@context":"https:\/\/schema.org","@graph":[{"@type":"WebPage","@id":"https:\/\/clarijs-fietstassen.nl\/?post_type=product&p=55200","url":"https:\/\/clarijs-fietstassen.nl\/?post_type=product&p=55200","name":"Laptop-H\u00fclle reCYCLEd - Urban Drift - Clarijs Fietstassen","isPartOf":{"@id":"https:\/\/clarijs-fietstassen.nl\/de\/#website"},"primaryImageOfPage":{"@id":"https:\/\/clarijs-fietstassen.nl\/?post_type=product&p=55200#primaryimage"},"image":{"@id":"https:\/\/clarijs-fietstassen.nl\/?post_type=product&p=55200#primaryimage"},"thumbnailUrl":"https:\/\/clarijs-fietstassen.nl\/wp-content\/uploads\/2025\/06\/laptop-sleeve-reCYCLEd-Urban-Drift-1.png","datePublished":"2025-06-26T13:11:17+00:00","dateModified":"2025-12-09T05:41:54+00:00","description":"Die Laptoph\u00fclle reCYCLEd Urban Drift wird aus reCYCLEd Lkw-Stoff handgefertigt, wodurch jede Laptoph\u00fclle einzigartig wird.","breadcrumb":{"@id":"https:\/\/clarijs-fietstassen.nl\/?post_type=product&p=55200#breadcrumb"},"inLanguage":"de","potentialAction":[{"@type":"ReadAction","target":["https:\/\/clarijs-fietstassen.nl\/?post_type=product&p=55200"]}]},{"@type":"ImageObject","inLanguage":"de","@id":"https:\/\/clarijs-fietstassen.nl\/?post_type=product&p=55200#primaryimage","url":"https:\/\/clarijs-fietstassen.nl\/wp-content\/uploads\/2025\/06\/laptop-sleeve-reCYCLEd-Urban-Drift-1.png","contentUrl":"https:\/\/clarijs-fietstassen.nl\/wp-content\/uploads\/2025\/06\/laptop-sleeve-reCYCLEd-Urban-Drift-1.png","width":1000,"height":1000,"caption":"Laptop-H\u00fclle reCYCLEd Urban Drift 1"},{"@type":"BreadcrumbList","@id":"https:\/\/clarijs-fietstassen.nl\/?post_type=product&p=55200#breadcrumb","itemListElement":[{"@type":"ListItem","position":1,"name":"Home","item":"https:\/\/clarijs-fietstassen.nl\/de\/"},{"@type":"ListItem","position":2,"name":"Shop","item":"https:\/\/clarijs-fietstassen.nl\/de\/shop\/"},{"@type":"ListItem","position":3,"name":"reCYCLEd","item":"http:\/\/clarijs-fietstassen.nl\/de\/recycled-de\/"},{"@type":"ListItem","position":4,"name":"Laptop-H\u00fclle reCYCLEd &#8211; Urban Drift"}]},{"@type":"WebSite","@id":"https:\/\/clarijs-fietstassen.nl\/de\/#website","url":"https:\/\/clarijs-fietstassen.nl\/de\/","name":"Clarijs Fietstassen","description":"Kwaliteit &amp; ambacht sinds 1948","publisher":{"@id":"https:\/\/clarijs-fietstassen.nl\/de\/#organization"},"potentialAction":[{"@type":"SearchAction","target":{"@type":"EntryPoint","urlTemplate":"https:\/\/clarijs-fietstassen.nl\/de\/?s={search_term_string}"},"query-input":{"@type":"PropertyValueSpecification","valueRequired":true,"valueName":"search_term_string"}}],"inLanguage":"de"},{"@type":"Organization","@id":"https:\/\/clarijs-fietstassen.nl\/de\/#organization","name":"Clarijs Fietstassen","url":"https:\/\/clarijs-fietstassen.nl\/de\/","logo":{"@type":"ImageObject","inLanguage":"de","@id":"https:\/\/clarijs-fietstassen.nl\/de\/#\/schema\/logo\/image\/","url":"https:\/\/clarijs-fietstassen.nl\/wp-content\/uploads\/2024\/01\/clarijs-logo-met-rand.jpg","contentUrl":"https:\/\/clarijs-fietstassen.nl\/wp-content\/uploads\/2024\/01\/clarijs-logo-met-rand.jpg","width":560,"height":266,"caption":"Clarijs Fietstassen"},"image":{"@id":"https:\/\/clarijs-fietstassen.nl\/de\/#\/schema\/logo\/image\/"},"sameAs":["https:\/\/www.facebook.com\/clarijs1948\/","https:\/\/www.instagram.com\/clarijscovers\/"]}]},"product_price_amount":"59.00","product_price_currency":"EUR","og_availability":"out of stock","product_availability":"out of stock","product_retailer_item_id":"4088","product_condition":"new"},"_links":{"self":[{"href":"https:\/\/clarijs-fietstassen.nl\/de\/wp-json\/wp\/v2\/product\/55203","targetHints":{"allow":["GET"]}}],"collection":[{"href":"https:\/\/clarijs-fietstassen.nl\/de\/wp-json\/wp\/v2\/product"}],"about":[{"href":"https:\/\/clarijs-fietstassen.nl\/de\/wp-json\/wp\/v2\/types\/product"}],"replies":[{"embeddable":true,"href":"https:\/\/clarijs-fietstassen.nl\/de\/wp-json\/wp\/v2\/comments?post=55203"}],"wp:featuredmedia":[{"embeddable":true,"href":"https:\/\/clarijs-fietstassen.nl\/de\/wp-json\/wp\/v2\/media\/55218"}],"wp:attachment":[{"href":"https:\/\/clarijs-fietstassen.nl\/de\/wp-json\/wp\/v2\/media?parent=55203"}],"wp:term":[{"taxonomy":"product_brand","embeddable":true,"href":"https:\/\/clarijs-fietstassen.nl\/de\/wp-json\/wp\/v2\/product_brand?post=55203"},{"taxonomy":"product_cat","embeddable":true,"href":"https:\/\/clarijs-fietstassen.nl\/de\/wp-json\/wp\/v2\/product_cat?post=55203"},{"taxonomy":"product_tag","embeddable":true,"href":"https:\/\/clarijs-fietstassen.nl\/de\/wp-json\/wp\/v2\/product_tag?post=55203"}],"curies":[{"name":"wp","href":"https:\/\/api.w.org\/{rel}","templated":true}]}}