{"id":55220,"date":"2025-06-26T15:35:01","date_gmt":"2025-06-26T13:35:01","guid":{"rendered":"https:\/\/clarijs-fietstassen.nl\/?post_type=product&#038;p=55220"},"modified":"2025-07-21T11:01:56","modified_gmt":"2025-07-21T09:01:56","slug":"laptop-hulle-recycled-dockside","status":"publish","type":"product","link":"https:\/\/clarijs-fietstassen.nl\/de\/produkt\/laptop-hulle-recycled-dockside\/","title":{"rendered":"Laptop-H\u00fclle reCYCLEd &#8211; Dockside"},"content":{"rendered":"<p><span style=\"font-weight: 400;\">Die Laptoph\u00fclle reCYCLEd &#8211; Dockside wird aus reCYCLEd-LKW-Planen handgefertigt, wodurch jede Laptoph\u00fclle einzigartig wird. Die H\u00fclle ist mit einer schwarzen Paspel versehen, die f\u00fcr einen sto\u00dffesten und robusten Look sorgt. Leicht zu tragen, lose oder in Ihrer Tasche. <\/span><\/p>\n<p>HINWEIS: Die Laptoph\u00fcllen werden nie genau so aussehen wie auf dem Bild gezeigt.<\/p>\n<p><strong>Abmessungen<\/strong> <em>13-Zoll<\/em><\/p>\n<ul>\n<li><em>Innenma\u00df: 34,5cm x 22,5cm<\/em><\/li>\n<li><em>Au\u00dfenma\u00dfe: 38 cm x 25,5 cm<\/em><\/li>\n<\/ul>\n<p><strong>Abmessung<\/strong> <em>15-Zoll<\/em><\/p>\n<ul>\n<li><em>Innenma\u00df: 38 cm x 22,5 cm<\/em><\/li>\n<li><em>Au\u00dfenma\u00dfe: 42 cm x 25,5 cm<\/em><\/li>\n<\/ul>\n<p><b>Vorteile <\/b><em>der Laptop-H\u00fclle Urban Drift:<\/em><\/p>\n<ul>\n<li aria-level=\"1\"><strong>Wasserabweisendes<\/strong> Material<\/li>\n<li aria-level=\"1\">Widerstandsf\u00e4hig gegen <strong>St\u00f6\u00dfe und Kratzer<\/strong><\/li>\n<li style=\"font-weight: 400;\" aria-level=\"1\">Hergestellt aus <strong>robustem, recyceltem Material<\/strong><\/li>\n<li style=\"font-weight: 400;\" aria-level=\"1\"><strong>Handgefertigt in den Niederlanden<\/strong><\/li>\n<\/ul>\n<p><b>Hochwertiges Material<\/b><\/p>\n<ul>\n<li style=\"font-weight: 400;\" aria-level=\"1\"><span style=\"font-weight: 400;\">Die Laptop-H\u00fclle reCYCLEd Dockside wird aus Stoffresten hergestellt, die normalerweise im M\u00fcll landen. F\u00fcr alle, die Praktisches mit einem haltbaren und stilvollen Produkt kombinieren m\u00f6chten. <\/span><\/li>\n<\/ul>\n","protected":false},"excerpt":{"rendered":"<p>Die Laptoph\u00fclle reCYCLEd &#8211; Dockside wird aus reCYCLEd-LKW-Planen handgefertigt, wodurch jede Laptoph\u00fclle einzigartig wird. Die H\u00fclle ist mit einer schwarzen Paspel versehen, die f\u00fcr einen sto\u00dffesten und robusten Look sorgt. Leicht zu tragen, lose oder in Ihrer Tasche. HINWEIS: Die Laptoph\u00fcllen werden nie genau so aussehen wie auf dem Bild gezeigt. Abmessungen 13-Zoll Innenma\u00df: 34,5cm [&hellip;]<\/p>\n","protected":false},"featured_media":55236,"comment_status":"closed","ping_status":"closed","template":"","meta":{"_acf_changed":false,"_et_pb_use_builder":"","_et_pb_old_content":"","_et_gb_content_width":""},"product_brand":[],"product_cat":[783],"product_tag":[],"class_list":{"0":"post-55220","1":"product","2":"type-product","3":"status-publish","4":"has-post-thumbnail","6":"product_cat-recycled-de","8":"first","9":"instock","10":"taxable","11":"shipping-taxable","12":"product-type-variable"},"acf":[],"yoast_head":"<!-- This site is optimized with the Yoast SEO Premium plugin v27.2 (Yoast SEO v27.3) - https:\/\/yoast.com\/product\/yoast-seo-premium-wordpress\/ -->\n<title>Laptop-H\u00fclle reCYCLEd - Dockside - Clarijs Fietstassen<\/title>\n<meta name=\"description\" content=\"Die Laptoph\u00fclle reCYCLEd Dockside wird aus reCYCLEd Lkw-Stoff handgefertigt, wodurch jede Laptoph\u00fclle einzigartig wird.\" \/>\n<meta name=\"robots\" content=\"index, follow, max-snippet:-1, max-image-preview:large, max-video-preview:-1\" \/>\n<link rel=\"canonical\" href=\"http:\/\/clarijs-fietstassen.nl\/produkt\/laptop-sleeve-recycled-dockside\/\" \/>\n<meta property=\"og:locale\" content=\"de_DE\" \/>\n<meta property=\"og:type\" content=\"article\" \/>\n<meta property=\"og:title\" content=\"Laptop-H\u00fclle reCYCLEd - Dockside\" \/>\n<meta property=\"og:description\" content=\"Die Laptoph\u00fclle reCYCLEd Dockside wird aus reCYCLEd Lkw-Stoff handgefertigt, wodurch jede Laptoph\u00fclle einzigartig wird.\" \/>\n<meta property=\"og:url\" content=\"http:\/\/clarijs-fietstassen.nl\/produkt\/laptop-sleeve-recycled-dockside\/\" \/>\n<meta property=\"og:site_name\" content=\"Clarijs Fietstassen\" \/>\n<meta property=\"article:publisher\" content=\"https:\/\/www.facebook.com\/clarijs1948\/\" \/>\n<meta property=\"article:modified_time\" content=\"2025-07-21T09:01:56+00:00\" \/>\n<meta property=\"og:image\" content=\"https:\/\/clarijs-fietstassen.nl\/wp-content\/uploads\/2025\/06\/laptop-sleeve-reCYCLEd-Dockside.png\" \/>\n\t<meta property=\"og:image:width\" content=\"1000\" \/>\n\t<meta property=\"og:image:height\" content=\"1000\" \/>\n\t<meta property=\"og:image:type\" content=\"image\/png\" \/>\n<meta name=\"twitter:card\" content=\"summary_large_image\" \/>\n<meta name=\"twitter:label1\" content=\"Verf\u00fcgbarkeit\" \/>\n\t<meta name=\"twitter:data1\" content=\"Auf Lager\" \/>\n<script type=\"application\/ld+json\" class=\"yoast-schema-graph\">{\"@context\":\"https:\\\/\\\/schema.org\",\"@graph\":[{\"@type\":\"WebPage\",\"@id\":\"http:\\\/\\\/clarijs-fietstassen.nl\\\/produkt\\\/laptop-sleeve-recycled-dockside\\\/\",\"url\":\"http:\\\/\\\/clarijs-fietstassen.nl\\\/produkt\\\/laptop-sleeve-recycled-dockside\\\/\",\"name\":\"Laptop-H\u00fclle reCYCLEd - Dockside - Clarijs Fietstassen\",\"isPartOf\":{\"@id\":\"https:\\\/\\\/clarijs-fietstassen.nl\\\/de\\\/#website\"},\"primaryImageOfPage\":{\"@id\":\"http:\\\/\\\/clarijs-fietstassen.nl\\\/produkt\\\/laptop-sleeve-recycled-dockside\\\/#primaryimage\"},\"image\":{\"@id\":\"http:\\\/\\\/clarijs-fietstassen.nl\\\/produkt\\\/laptop-sleeve-recycled-dockside\\\/#primaryimage\"},\"thumbnailUrl\":\"https:\\\/\\\/clarijs-fietstassen.nl\\\/wp-content\\\/uploads\\\/2025\\\/06\\\/laptop-sleeve-reCYCLEd-Dockside.png\",\"datePublished\":\"2025-06-26T13:35:01+00:00\",\"dateModified\":\"2025-07-21T09:01:56+00:00\",\"description\":\"Die Laptoph\u00fclle reCYCLEd Dockside wird aus reCYCLEd Lkw-Stoff handgefertigt, wodurch jede Laptoph\u00fclle einzigartig wird.\",\"breadcrumb\":{\"@id\":\"http:\\\/\\\/clarijs-fietstassen.nl\\\/produkt\\\/laptop-sleeve-recycled-dockside\\\/#breadcrumb\"},\"inLanguage\":\"de\",\"potentialAction\":[{\"@type\":\"ReadAction\",\"target\":[\"http:\\\/\\\/clarijs-fietstassen.nl\\\/produkt\\\/laptop-sleeve-recycled-dockside\\\/\"]}]},{\"@type\":\"ImageObject\",\"inLanguage\":\"de\",\"@id\":\"http:\\\/\\\/clarijs-fietstassen.nl\\\/produkt\\\/laptop-sleeve-recycled-dockside\\\/#primaryimage\",\"url\":\"https:\\\/\\\/clarijs-fietstassen.nl\\\/wp-content\\\/uploads\\\/2025\\\/06\\\/laptop-sleeve-reCYCLEd-Dockside.png\",\"contentUrl\":\"https:\\\/\\\/clarijs-fietstassen.nl\\\/wp-content\\\/uploads\\\/2025\\\/06\\\/laptop-sleeve-reCYCLEd-Dockside.png\",\"width\":1000,\"height\":1000,\"caption\":\"Laptop-H\u00fclle reCYCLEd- Dockside\"},{\"@type\":\"BreadcrumbList\",\"@id\":\"http:\\\/\\\/clarijs-fietstassen.nl\\\/produkt\\\/laptop-sleeve-recycled-dockside\\\/#breadcrumb\",\"itemListElement\":[{\"@type\":\"ListItem\",\"position\":1,\"name\":\"Home\",\"item\":\"https:\\\/\\\/clarijs-fietstassen.nl\\\/de\\\/\"},{\"@type\":\"ListItem\",\"position\":2,\"name\":\"Shop\",\"item\":\"https:\\\/\\\/clarijs-fietstassen.nl\\\/de\\\/shop\\\/\"},{\"@type\":\"ListItem\",\"position\":3,\"name\":\"reCYCLEd\",\"item\":\"https:\\\/\\\/clarijs-fietstassen.nl\\\/recycled\\\/\"},{\"@type\":\"ListItem\",\"position\":4,\"name\":\"Laptop-H\u00fclle reCYCLEd &#8211; Dockside\"}]},{\"@type\":\"WebSite\",\"@id\":\"https:\\\/\\\/clarijs-fietstassen.nl\\\/de\\\/#website\",\"url\":\"https:\\\/\\\/clarijs-fietstassen.nl\\\/de\\\/\",\"name\":\"Clarijs Fietstassen\",\"description\":\"Kwaliteit &amp; ambacht sinds 1948\",\"publisher\":{\"@id\":\"https:\\\/\\\/clarijs-fietstassen.nl\\\/de\\\/#organization\"},\"potentialAction\":[{\"@type\":\"SearchAction\",\"target\":{\"@type\":\"EntryPoint\",\"urlTemplate\":\"https:\\\/\\\/clarijs-fietstassen.nl\\\/de\\\/?s={search_term_string}\"},\"query-input\":{\"@type\":\"PropertyValueSpecification\",\"valueRequired\":true,\"valueName\":\"search_term_string\"}}],\"inLanguage\":\"de\"},{\"@type\":\"Organization\",\"@id\":\"https:\\\/\\\/clarijs-fietstassen.nl\\\/de\\\/#organization\",\"name\":\"Clarijs Fietstassen\",\"url\":\"https:\\\/\\\/clarijs-fietstassen.nl\\\/de\\\/\",\"logo\":{\"@type\":\"ImageObject\",\"inLanguage\":\"de\",\"@id\":\"https:\\\/\\\/clarijs-fietstassen.nl\\\/de\\\/#\\\/schema\\\/logo\\\/image\\\/\",\"url\":\"https:\\\/\\\/clarijs-fietstassen.nl\\\/wp-content\\\/uploads\\\/2024\\\/01\\\/clarijs-logo-met-rand.jpg\",\"contentUrl\":\"https:\\\/\\\/clarijs-fietstassen.nl\\\/wp-content\\\/uploads\\\/2024\\\/01\\\/clarijs-logo-met-rand.jpg\",\"width\":560,\"height\":266,\"caption\":\"Clarijs Fietstassen\"},\"image\":{\"@id\":\"https:\\\/\\\/clarijs-fietstassen.nl\\\/de\\\/#\\\/schema\\\/logo\\\/image\\\/\"},\"sameAs\":[\"https:\\\/\\\/www.facebook.com\\\/clarijs1948\\\/\",\"https:\\\/\\\/www.instagram.com\\\/clarijscovers\\\/\"]}]}<\/script>\n<meta property=\"og:availability\" content=\"instock\" \/>\n<meta property=\"product:availability\" content=\"instock\" \/>\n<meta property=\"product:retailer_item_id\" content=\"4089\" \/>\n<meta property=\"product:condition\" content=\"new\" \/>\n<!-- \/ Yoast SEO Premium plugin. -->","yoast_head_json":{"title":"Laptop-H\u00fclle reCYCLEd - Dockside - Clarijs Fietstassen","description":"Die Laptoph\u00fclle reCYCLEd Dockside wird aus reCYCLEd Lkw-Stoff handgefertigt, wodurch jede Laptoph\u00fclle einzigartig wird.","robots":{"index":"index","follow":"follow","max-snippet":"max-snippet:-1","max-image-preview":"max-image-preview:large","max-video-preview":"max-video-preview:-1"},"canonical":"http:\/\/clarijs-fietstassen.nl\/produkt\/laptop-sleeve-recycled-dockside\/","og_locale":"de_DE","og_type":"article","og_title":"Laptop-H\u00fclle reCYCLEd - Dockside","og_description":"Die Laptoph\u00fclle reCYCLEd Dockside wird aus reCYCLEd Lkw-Stoff handgefertigt, wodurch jede Laptoph\u00fclle einzigartig wird.","og_url":"http:\/\/clarijs-fietstassen.nl\/produkt\/laptop-sleeve-recycled-dockside\/","og_site_name":"Clarijs Fietstassen","article_publisher":"https:\/\/www.facebook.com\/clarijs1948\/","article_modified_time":"2025-07-21T09:01:56+00:00","og_image":[{"width":1000,"height":1000,"url":"https:\/\/clarijs-fietstassen.nl\/wp-content\/uploads\/2025\/06\/laptop-sleeve-reCYCLEd-Dockside.png","type":"image\/png"}],"twitter_card":"summary_large_image","twitter_misc":{"Verf\u00fcgbarkeit":"Auf Lager"},"schema":{"@context":"https:\/\/schema.org","@graph":[{"@type":"WebPage","@id":"http:\/\/clarijs-fietstassen.nl\/produkt\/laptop-sleeve-recycled-dockside\/","url":"http:\/\/clarijs-fietstassen.nl\/produkt\/laptop-sleeve-recycled-dockside\/","name":"Laptop-H\u00fclle reCYCLEd - Dockside - Clarijs Fietstassen","isPartOf":{"@id":"https:\/\/clarijs-fietstassen.nl\/de\/#website"},"primaryImageOfPage":{"@id":"http:\/\/clarijs-fietstassen.nl\/produkt\/laptop-sleeve-recycled-dockside\/#primaryimage"},"image":{"@id":"http:\/\/clarijs-fietstassen.nl\/produkt\/laptop-sleeve-recycled-dockside\/#primaryimage"},"thumbnailUrl":"https:\/\/clarijs-fietstassen.nl\/wp-content\/uploads\/2025\/06\/laptop-sleeve-reCYCLEd-Dockside.png","datePublished":"2025-06-26T13:35:01+00:00","dateModified":"2025-07-21T09:01:56+00:00","description":"Die Laptoph\u00fclle reCYCLEd Dockside wird aus reCYCLEd Lkw-Stoff handgefertigt, wodurch jede Laptoph\u00fclle einzigartig wird.","breadcrumb":{"@id":"http:\/\/clarijs-fietstassen.nl\/produkt\/laptop-sleeve-recycled-dockside\/#breadcrumb"},"inLanguage":"de","potentialAction":[{"@type":"ReadAction","target":["http:\/\/clarijs-fietstassen.nl\/produkt\/laptop-sleeve-recycled-dockside\/"]}]},{"@type":"ImageObject","inLanguage":"de","@id":"http:\/\/clarijs-fietstassen.nl\/produkt\/laptop-sleeve-recycled-dockside\/#primaryimage","url":"https:\/\/clarijs-fietstassen.nl\/wp-content\/uploads\/2025\/06\/laptop-sleeve-reCYCLEd-Dockside.png","contentUrl":"https:\/\/clarijs-fietstassen.nl\/wp-content\/uploads\/2025\/06\/laptop-sleeve-reCYCLEd-Dockside.png","width":1000,"height":1000,"caption":"Laptop-H\u00fclle reCYCLEd- Dockside"},{"@type":"BreadcrumbList","@id":"http:\/\/clarijs-fietstassen.nl\/produkt\/laptop-sleeve-recycled-dockside\/#breadcrumb","itemListElement":[{"@type":"ListItem","position":1,"name":"Home","item":"https:\/\/clarijs-fietstassen.nl\/de\/"},{"@type":"ListItem","position":2,"name":"Shop","item":"https:\/\/clarijs-fietstassen.nl\/de\/shop\/"},{"@type":"ListItem","position":3,"name":"reCYCLEd","item":"https:\/\/clarijs-fietstassen.nl\/recycled\/"},{"@type":"ListItem","position":4,"name":"Laptop-H\u00fclle reCYCLEd &#8211; Dockside"}]},{"@type":"WebSite","@id":"https:\/\/clarijs-fietstassen.nl\/de\/#website","url":"https:\/\/clarijs-fietstassen.nl\/de\/","name":"Clarijs Fietstassen","description":"Kwaliteit &amp; ambacht sinds 1948","publisher":{"@id":"https:\/\/clarijs-fietstassen.nl\/de\/#organization"},"potentialAction":[{"@type":"SearchAction","target":{"@type":"EntryPoint","urlTemplate":"https:\/\/clarijs-fietstassen.nl\/de\/?s={search_term_string}"},"query-input":{"@type":"PropertyValueSpecification","valueRequired":true,"valueName":"search_term_string"}}],"inLanguage":"de"},{"@type":"Organization","@id":"https:\/\/clarijs-fietstassen.nl\/de\/#organization","name":"Clarijs Fietstassen","url":"https:\/\/clarijs-fietstassen.nl\/de\/","logo":{"@type":"ImageObject","inLanguage":"de","@id":"https:\/\/clarijs-fietstassen.nl\/de\/#\/schema\/logo\/image\/","url":"https:\/\/clarijs-fietstassen.nl\/wp-content\/uploads\/2024\/01\/clarijs-logo-met-rand.jpg","contentUrl":"https:\/\/clarijs-fietstassen.nl\/wp-content\/uploads\/2024\/01\/clarijs-logo-met-rand.jpg","width":560,"height":266,"caption":"Clarijs Fietstassen"},"image":{"@id":"https:\/\/clarijs-fietstassen.nl\/de\/#\/schema\/logo\/image\/"},"sameAs":["https:\/\/www.facebook.com\/clarijs1948\/","https:\/\/www.instagram.com\/clarijscovers\/"]}]},"og_availability":"instock","product_availability":"instock","product_retailer_item_id":"4089","product_condition":"new"},"_links":{"self":[{"href":"https:\/\/clarijs-fietstassen.nl\/de\/wp-json\/wp\/v2\/product\/55220","targetHints":{"allow":["GET"]}}],"collection":[{"href":"https:\/\/clarijs-fietstassen.nl\/de\/wp-json\/wp\/v2\/product"}],"about":[{"href":"https:\/\/clarijs-fietstassen.nl\/de\/wp-json\/wp\/v2\/types\/product"}],"replies":[{"embeddable":true,"href":"https:\/\/clarijs-fietstassen.nl\/de\/wp-json\/wp\/v2\/comments?post=55220"}],"wp:featuredmedia":[{"embeddable":true,"href":"https:\/\/clarijs-fietstassen.nl\/de\/wp-json\/wp\/v2\/media\/55236"}],"wp:attachment":[{"href":"https:\/\/clarijs-fietstassen.nl\/de\/wp-json\/wp\/v2\/media?parent=55220"}],"wp:term":[{"taxonomy":"product_brand","embeddable":true,"href":"https:\/\/clarijs-fietstassen.nl\/de\/wp-json\/wp\/v2\/product_brand?post=55220"},{"taxonomy":"product_cat","embeddable":true,"href":"https:\/\/clarijs-fietstassen.nl\/de\/wp-json\/wp\/v2\/product_cat?post=55220"},{"taxonomy":"product_tag","embeddable":true,"href":"https:\/\/clarijs-fietstassen.nl\/de\/wp-json\/wp\/v2\/product_tag?post=55220"}],"curies":[{"name":"wp","href":"https:\/\/api.w.org\/{rel}","templated":true}]}}