{"id":55839,"date":"2025-07-28T11:29:37","date_gmt":"2025-07-28T09:29:37","guid":{"rendered":"https:\/\/clarijs-fietstassen.nl\/?post_type=product&#038;p=55839"},"modified":"2025-07-30T09:49:47","modified_gmt":"2025-07-30T07:49:47","slug":"basil-mik-carrier-gepacktragerplatte-schwarz-kopie","status":"publish","type":"product","link":"https:\/\/clarijs-fietstassen.nl\/de\/produkt\/basil-mik-carrier-gepacktragerplatte-schwarz-kopie\/","title":{"rendered":"Basil MIK Halterungen f\u00fcr einzelne Fahrradtaschen &#8211; Taschenschl\u00e4uche"},"content":{"rendered":"<p data-start=\"385\" data-end=\"717\">M\u00f6chten Sie eine einzelne Gep\u00e4cktr\u00e4gertasche sicher an Ihrem MIK Gep\u00e4cktr\u00e4ger befestigen? Mit den <strong data-start=\"455\" data-end=\"508\">Basil MIK Pannier Bag Tubes &#8211; Single Pannier Bags<\/strong> vervollst\u00e4ndigen Sie Ihr Fahrradsystem. Dieses clevere Halterungsset ist speziell f\u00fcr Gep\u00e4cktaschen mit Hakensystem konzipiert. Denken Sie zum Beispiel an einen <a href=\"https:\/\/clarijs-fietstassen.nl\/de\/einzelne-fahrradtaschen\/\"><strong data-start=\"653\" data-end=\"680\">Clarijs Einzelgep\u00e4cktasche<\/strong><\/a>wie die <a href=\"https:\/\/clarijs-fietstassen.nl\/de\/solobags-de\/\">Solobag<\/a> oder <a href=\"https:\/\/clarijs-fietstassen.nl\/de\/zippers-de\/\">Zipper<\/a>.   <\/p>\n<p data-start=\"719\" data-end=\"1033\">Das Set besteht aus zwei schwarzen Aluminium-Seitenstangen (Taschenrohre). <strong data-start=\"1280\" data-end=\"1291\">Bitte beachten Sie:<\/strong> die MIK-Gep\u00e4cktr\u00e4gerplatte ist nicht enthalten.<\/p>\n<p data-start=\"719\" data-end=\"1033\">Sie montieren sie einfach zwischen der MIK-Gep\u00e4cktr\u00e4gerplatte und den Klammern. Dank des verstellbaren Designs (100 bis 170 mm) passen sie auf fast alle Universaltr\u00e4ger. Auf diese Weise verwenden Sie Ihre Clarijs Gep\u00e4cktr\u00e4gertasche sicher und stabil an einem Fahrrad mit MIK-System. Die <strong data-start=\"1038\" data-end=\"1069\">Basil MIK Packtaschenrohre<\/strong> sind robust, leicht und f\u00fcr den t\u00e4glichen Gebrauch geeignet. Sie tragen bis zu 10 kg. Ideal zum Pendeln, Einkaufen oder f\u00fcr eine lange Fahrradtour.     <\/p>\n<p data-start=\"719\" data-end=\"1033\">Sie befestigen die Taschenrohre ganz einfach ohne Werkzeug. Mit den mitgelieferten Eins\u00e4tzen passen Sie die Haken an die Dicke Ihres Gep\u00e4cktr\u00e4gers an. Klicken Sie sie einfach ein, schnell und einfach. Die Haken halten automatisch am Gep\u00e4cktr\u00e4ger, so dass Sie nichts einstellen m\u00fcssen. M\u00f6chten Sie sie abnehmen? Auch das ist mit einem Handgriff \u00fcber den Griff erledigt.     <\/p>\n<p data-start=\"1035\" data-end=\"1230\"><strong>Vorteile der Basil MIK Gep\u00e4cktr\u00e4gertaschenschl\u00e4uche<\/strong><\/p>\n<p data-start=\"1035\" data-end=\"1230\">&#8211; Geeignet f\u00fcr einzelne Packtaschen mit Hakensystem<br data-start=\"1401\" data-end=\"1404\">&#8211; Kombinierbar mit der <a href=\"https:\/\/clarijs-fietstassen.nl\/de\/produkt\/basil-mik-carrier-gepaecktraegerplatte-schwarz\/\">MIK-Gep\u00e4cktr\u00e4gerplatte<\/a><br data-start=\"1444\" data-end=\"1447\">&#8211; Verstellbar von 100 bis 170 mm f\u00fcr universelle Gep\u00e4cktr\u00e4ger<br data-start=\"1509\" data-end=\"1512\">&#8211; Leicht, stabil und belastbar bis 10 kg<\/p>\n<p data-start=\"1035\" data-end=\"1230\">Kaufen Sie jetzt die Basil MIK Gep\u00e4cktr\u00e4gerschl\u00e4uche und machen Sie Ihre Clarijs Gep\u00e4cktr\u00e4gertasche noch vielseitiger, perfekt f\u00fcr jeden aktiven Radfahrer mit einem MIK Gep\u00e4cktr\u00e4ger!<\/p>\n","protected":false},"excerpt":{"rendered":"<p>M\u00f6chten Sie eine einzelne Gep\u00e4cktr\u00e4gertasche sicher an Ihrem MIK Gep\u00e4cktr\u00e4ger befestigen? Mit den Basil MIK Pannier Bag Tubes &#8211; Single Pannier Bags vervollst\u00e4ndigen Sie Ihr Fahrradsystem. Dieses clevere Halterungsset ist speziell f\u00fcr Gep\u00e4cktaschen mit Hakensystem konzipiert. Denken Sie zum Beispiel an einen Clarijs Einzelgep\u00e4cktaschewie die Solobag oder Zipper. Das Set besteht aus zwei schwarzen Aluminium-Seitenstangen [&hellip;]<\/p>\n","protected":false},"featured_media":55834,"comment_status":"closed","ping_status":"closed","template":"","meta":{"_acf_changed":false,"_et_pb_use_builder":"","_et_pb_old_content":"","_et_gb_content_width":""},"product_brand":[],"product_cat":[723,684],"product_tag":[],"class_list":{"0":"post-55839","1":"product","2":"type-product","3":"status-publish","4":"has-post-thumbnail","6":"product_cat-fahrradzubehor","7":"product_cat-zubehor","9":"first","10":"instock","11":"taxable","12":"shipping-taxable","13":"purchasable","14":"product-type-simple"},"acf":[],"yoast_head":"<!-- This site is optimized with the Yoast SEO Premium plugin v27.2 (Yoast SEO v27.3) - https:\/\/yoast.com\/product\/yoast-seo-premium-wordpress\/ -->\n<title>Basil MIK Halterungen f\u00fcr einzelne Fahrradtaschen - Taschenschl\u00e4uche - Clarijs Fietstassen<\/title>\n<meta name=\"description\" content=\"Befestigen Sie Ihre Clarijs Gep\u00e4cktr\u00e4gertasche sicher an einem MIK Gep\u00e4cktr\u00e4ger mit den Basil MIK Gep\u00e4cktr\u00e4gerrohren. Verstellbar, stabil und ideal f\u00fcr jeden aktiven Radfahrer!\" \/>\n<meta name=\"robots\" content=\"index, follow, max-snippet:-1, max-image-preview:large, max-video-preview:-1\" \/>\n<link rel=\"canonical\" href=\"https:\/\/clarijs-fietstassen.nl\/de\/produkt\/basil-mik-carrier-gepacktragerplatte-schwarz-kopie\/\" \/>\n<meta property=\"og:locale\" content=\"de_DE\" \/>\n<meta property=\"og:type\" content=\"article\" \/>\n<meta property=\"og:title\" content=\"Basil MIK Halterungen f\u00fcr einzelne Fahrradtaschen - Taschenschl\u00e4uche\" \/>\n<meta property=\"og:description\" content=\"Befestigen Sie Ihre Clarijs Gep\u00e4cktr\u00e4gertasche sicher an einem MIK Gep\u00e4cktr\u00e4ger mit den Basil MIK Gep\u00e4cktr\u00e4gerrohren. Verstellbar, stabil und ideal f\u00fcr jeden aktiven Radfahrer!\" \/>\n<meta property=\"og:url\" content=\"https:\/\/clarijs-fietstassen.nl\/de\/produkt\/basil-mik-carrier-gepacktragerplatte-schwarz-kopie\/\" \/>\n<meta property=\"og:site_name\" content=\"Clarijs Fietstassen\" \/>\n<meta property=\"article:publisher\" content=\"https:\/\/www.facebook.com\/clarijs1948\/\" \/>\n<meta property=\"article:modified_time\" content=\"2025-07-30T07:49:47+00:00\" \/>\n<meta property=\"og:image\" content=\"https:\/\/clarijs-fietstassen.nl\/wp-content\/uploads\/2025\/07\/MIK-bag-tubes-single-pannier-bag.png\" \/>\n\t<meta property=\"og:image:width\" content=\"1000\" \/>\n\t<meta property=\"og:image:height\" content=\"1000\" \/>\n\t<meta property=\"og:image:type\" content=\"image\/png\" \/>\n<meta name=\"twitter:card\" content=\"summary_large_image\" \/>\n<meta name=\"twitter:label1\" content=\"Preis\" \/>\n\t<meta name=\"twitter:data1\" content=\"&euro;19.99\" \/>\n\t<meta name=\"twitter:label2\" content=\"Verf\u00fcgbarkeit\" \/>\n\t<meta name=\"twitter:data2\" content=\"Auf Lager\" \/>\n<script type=\"application\/ld+json\" class=\"yoast-schema-graph\">{\"@context\":\"https:\\\/\\\/schema.org\",\"@graph\":[{\"@type\":\"WebPage\",\"@id\":\"https:\\\/\\\/clarijs-fietstassen.nl\\\/de\\\/produkt\\\/basil-mik-carrier-gepacktragerplatte-schwarz-kopie\\\/\",\"url\":\"https:\\\/\\\/clarijs-fietstassen.nl\\\/de\\\/produkt\\\/basil-mik-carrier-gepacktragerplatte-schwarz-kopie\\\/\",\"name\":\"Basil MIK Halterungen f\u00fcr einzelne Fahrradtaschen - Taschenschl\u00e4uche - Clarijs Fietstassen\",\"isPartOf\":{\"@id\":\"https:\\\/\\\/clarijs-fietstassen.nl\\\/de\\\/#website\"},\"primaryImageOfPage\":{\"@id\":\"https:\\\/\\\/clarijs-fietstassen.nl\\\/de\\\/produkt\\\/basil-mik-carrier-gepacktragerplatte-schwarz-kopie\\\/#primaryimage\"},\"image\":{\"@id\":\"https:\\\/\\\/clarijs-fietstassen.nl\\\/de\\\/produkt\\\/basil-mik-carrier-gepacktragerplatte-schwarz-kopie\\\/#primaryimage\"},\"thumbnailUrl\":\"https:\\\/\\\/clarijs-fietstassen.nl\\\/wp-content\\\/uploads\\\/2025\\\/07\\\/MIK-bag-tubes-single-pannier-bag.png\",\"datePublished\":\"2025-07-28T09:29:37+00:00\",\"dateModified\":\"2025-07-30T07:49:47+00:00\",\"description\":\"Befestigen Sie Ihre Clarijs Gep\u00e4cktr\u00e4gertasche sicher an einem MIK Gep\u00e4cktr\u00e4ger mit den Basil MIK Gep\u00e4cktr\u00e4gerrohren. Verstellbar, stabil und ideal f\u00fcr jeden aktiven Radfahrer!\",\"breadcrumb\":{\"@id\":\"https:\\\/\\\/clarijs-fietstassen.nl\\\/de\\\/produkt\\\/basil-mik-carrier-gepacktragerplatte-schwarz-kopie\\\/#breadcrumb\"},\"inLanguage\":\"de\",\"potentialAction\":[{\"@type\":\"ReadAction\",\"target\":[\"https:\\\/\\\/clarijs-fietstassen.nl\\\/de\\\/produkt\\\/basil-mik-carrier-gepacktragerplatte-schwarz-kopie\\\/\"]}]},{\"@type\":\"ImageObject\",\"inLanguage\":\"de\",\"@id\":\"https:\\\/\\\/clarijs-fietstassen.nl\\\/de\\\/produkt\\\/basil-mik-carrier-gepacktragerplatte-schwarz-kopie\\\/#primaryimage\",\"url\":\"https:\\\/\\\/clarijs-fietstassen.nl\\\/wp-content\\\/uploads\\\/2025\\\/07\\\/MIK-bag-tubes-single-pannier-bag.png\",\"contentUrl\":\"https:\\\/\\\/clarijs-fietstassen.nl\\\/wp-content\\\/uploads\\\/2025\\\/07\\\/MIK-bag-tubes-single-pannier-bag.png\",\"width\":1000,\"height\":1000,\"caption\":\"MIK- Gep\u00e4cktr\u00e4gertaschenschl\u00e4uche -Einzelgep\u00e4cktr\u00e4gertasche\"},{\"@type\":\"BreadcrumbList\",\"@id\":\"https:\\\/\\\/clarijs-fietstassen.nl\\\/de\\\/produkt\\\/basil-mik-carrier-gepacktragerplatte-schwarz-kopie\\\/#breadcrumb\",\"itemListElement\":[{\"@type\":\"ListItem\",\"position\":1,\"name\":\"Home\",\"item\":\"https:\\\/\\\/clarijs-fietstassen.nl\\\/de\\\/\"},{\"@type\":\"ListItem\",\"position\":2,\"name\":\"Shop\",\"item\":\"https:\\\/\\\/clarijs-fietstassen.nl\\\/de\\\/shop\\\/\"},{\"@type\":\"ListItem\",\"position\":3,\"name\":\"Fahrradzubeh\u00f6r\",\"item\":\"https:\\\/\\\/clarijs-fietstassen.nl\\\/de\\\/fahrradzubehor\\\/\"},{\"@type\":\"ListItem\",\"position\":4,\"name\":\"Basil MIK Halterungen f\u00fcr einzelne Fahrradtaschen &#8211; Taschenschl\u00e4uche\"}]},{\"@type\":\"WebSite\",\"@id\":\"https:\\\/\\\/clarijs-fietstassen.nl\\\/de\\\/#website\",\"url\":\"https:\\\/\\\/clarijs-fietstassen.nl\\\/de\\\/\",\"name\":\"Clarijs Fietstassen\",\"description\":\"Kwaliteit &amp; ambacht sinds 1948\",\"publisher\":{\"@id\":\"https:\\\/\\\/clarijs-fietstassen.nl\\\/de\\\/#organization\"},\"potentialAction\":[{\"@type\":\"SearchAction\",\"target\":{\"@type\":\"EntryPoint\",\"urlTemplate\":\"https:\\\/\\\/clarijs-fietstassen.nl\\\/de\\\/?s={search_term_string}\"},\"query-input\":{\"@type\":\"PropertyValueSpecification\",\"valueRequired\":true,\"valueName\":\"search_term_string\"}}],\"inLanguage\":\"de\"},{\"@type\":\"Organization\",\"@id\":\"https:\\\/\\\/clarijs-fietstassen.nl\\\/de\\\/#organization\",\"name\":\"Clarijs Fietstassen\",\"url\":\"https:\\\/\\\/clarijs-fietstassen.nl\\\/de\\\/\",\"logo\":{\"@type\":\"ImageObject\",\"inLanguage\":\"de\",\"@id\":\"https:\\\/\\\/clarijs-fietstassen.nl\\\/de\\\/#\\\/schema\\\/logo\\\/image\\\/\",\"url\":\"https:\\\/\\\/clarijs-fietstassen.nl\\\/wp-content\\\/uploads\\\/2024\\\/01\\\/clarijs-logo-met-rand.jpg\",\"contentUrl\":\"https:\\\/\\\/clarijs-fietstassen.nl\\\/wp-content\\\/uploads\\\/2024\\\/01\\\/clarijs-logo-met-rand.jpg\",\"width\":560,\"height\":266,\"caption\":\"Clarijs Fietstassen\"},\"image\":{\"@id\":\"https:\\\/\\\/clarijs-fietstassen.nl\\\/de\\\/#\\\/schema\\\/logo\\\/image\\\/\"},\"sameAs\":[\"https:\\\/\\\/www.facebook.com\\\/clarijs1948\\\/\",\"https:\\\/\\\/www.instagram.com\\\/clarijscovers\\\/\"]}]}<\/script>\n<meta property=\"product:price:amount\" content=\"19.99\" \/>\n<meta property=\"product:price:currency\" content=\"EUR\" \/>\n<meta property=\"og:availability\" content=\"instock\" \/>\n<meta property=\"product:availability\" content=\"instock\" \/>\n<meta property=\"product:retailer_item_id\" content=\"4090\" \/>\n<meta property=\"product:condition\" content=\"new\" \/>\n<!-- \/ Yoast SEO Premium plugin. -->","yoast_head_json":{"title":"Basil MIK Halterungen f\u00fcr einzelne Fahrradtaschen - Taschenschl\u00e4uche - Clarijs Fietstassen","description":"Befestigen Sie Ihre Clarijs Gep\u00e4cktr\u00e4gertasche sicher an einem MIK Gep\u00e4cktr\u00e4ger mit den Basil MIK Gep\u00e4cktr\u00e4gerrohren. Verstellbar, stabil und ideal f\u00fcr jeden aktiven Radfahrer!","robots":{"index":"index","follow":"follow","max-snippet":"max-snippet:-1","max-image-preview":"max-image-preview:large","max-video-preview":"max-video-preview:-1"},"canonical":"https:\/\/clarijs-fietstassen.nl\/de\/produkt\/basil-mik-carrier-gepacktragerplatte-schwarz-kopie\/","og_locale":"de_DE","og_type":"article","og_title":"Basil MIK Halterungen f\u00fcr einzelne Fahrradtaschen - Taschenschl\u00e4uche","og_description":"Befestigen Sie Ihre Clarijs Gep\u00e4cktr\u00e4gertasche sicher an einem MIK Gep\u00e4cktr\u00e4ger mit den Basil MIK Gep\u00e4cktr\u00e4gerrohren. Verstellbar, stabil und ideal f\u00fcr jeden aktiven Radfahrer!","og_url":"https:\/\/clarijs-fietstassen.nl\/de\/produkt\/basil-mik-carrier-gepacktragerplatte-schwarz-kopie\/","og_site_name":"Clarijs Fietstassen","article_publisher":"https:\/\/www.facebook.com\/clarijs1948\/","article_modified_time":"2025-07-30T07:49:47+00:00","og_image":[{"width":1000,"height":1000,"url":"https:\/\/clarijs-fietstassen.nl\/wp-content\/uploads\/2025\/07\/MIK-bag-tubes-single-pannier-bag.png","type":"image\/png"}],"twitter_card":"summary_large_image","twitter_misc":{"Preis":"&euro;19.99","Verf\u00fcgbarkeit":"Auf Lager"},"schema":{"@context":"https:\/\/schema.org","@graph":[{"@type":"WebPage","@id":"https:\/\/clarijs-fietstassen.nl\/de\/produkt\/basil-mik-carrier-gepacktragerplatte-schwarz-kopie\/","url":"https:\/\/clarijs-fietstassen.nl\/de\/produkt\/basil-mik-carrier-gepacktragerplatte-schwarz-kopie\/","name":"Basil MIK Halterungen f\u00fcr einzelne Fahrradtaschen - Taschenschl\u00e4uche - Clarijs Fietstassen","isPartOf":{"@id":"https:\/\/clarijs-fietstassen.nl\/de\/#website"},"primaryImageOfPage":{"@id":"https:\/\/clarijs-fietstassen.nl\/de\/produkt\/basil-mik-carrier-gepacktragerplatte-schwarz-kopie\/#primaryimage"},"image":{"@id":"https:\/\/clarijs-fietstassen.nl\/de\/produkt\/basil-mik-carrier-gepacktragerplatte-schwarz-kopie\/#primaryimage"},"thumbnailUrl":"https:\/\/clarijs-fietstassen.nl\/wp-content\/uploads\/2025\/07\/MIK-bag-tubes-single-pannier-bag.png","datePublished":"2025-07-28T09:29:37+00:00","dateModified":"2025-07-30T07:49:47+00:00","description":"Befestigen Sie Ihre Clarijs Gep\u00e4cktr\u00e4gertasche sicher an einem MIK Gep\u00e4cktr\u00e4ger mit den Basil MIK Gep\u00e4cktr\u00e4gerrohren. Verstellbar, stabil und ideal f\u00fcr jeden aktiven Radfahrer!","breadcrumb":{"@id":"https:\/\/clarijs-fietstassen.nl\/de\/produkt\/basil-mik-carrier-gepacktragerplatte-schwarz-kopie\/#breadcrumb"},"inLanguage":"de","potentialAction":[{"@type":"ReadAction","target":["https:\/\/clarijs-fietstassen.nl\/de\/produkt\/basil-mik-carrier-gepacktragerplatte-schwarz-kopie\/"]}]},{"@type":"ImageObject","inLanguage":"de","@id":"https:\/\/clarijs-fietstassen.nl\/de\/produkt\/basil-mik-carrier-gepacktragerplatte-schwarz-kopie\/#primaryimage","url":"https:\/\/clarijs-fietstassen.nl\/wp-content\/uploads\/2025\/07\/MIK-bag-tubes-single-pannier-bag.png","contentUrl":"https:\/\/clarijs-fietstassen.nl\/wp-content\/uploads\/2025\/07\/MIK-bag-tubes-single-pannier-bag.png","width":1000,"height":1000,"caption":"MIK- Gep\u00e4cktr\u00e4gertaschenschl\u00e4uche -Einzelgep\u00e4cktr\u00e4gertasche"},{"@type":"BreadcrumbList","@id":"https:\/\/clarijs-fietstassen.nl\/de\/produkt\/basil-mik-carrier-gepacktragerplatte-schwarz-kopie\/#breadcrumb","itemListElement":[{"@type":"ListItem","position":1,"name":"Home","item":"https:\/\/clarijs-fietstassen.nl\/de\/"},{"@type":"ListItem","position":2,"name":"Shop","item":"https:\/\/clarijs-fietstassen.nl\/de\/shop\/"},{"@type":"ListItem","position":3,"name":"Fahrradzubeh\u00f6r","item":"https:\/\/clarijs-fietstassen.nl\/de\/fahrradzubehor\/"},{"@type":"ListItem","position":4,"name":"Basil MIK Halterungen f\u00fcr einzelne Fahrradtaschen &#8211; Taschenschl\u00e4uche"}]},{"@type":"WebSite","@id":"https:\/\/clarijs-fietstassen.nl\/de\/#website","url":"https:\/\/clarijs-fietstassen.nl\/de\/","name":"Clarijs Fietstassen","description":"Kwaliteit &amp; ambacht sinds 1948","publisher":{"@id":"https:\/\/clarijs-fietstassen.nl\/de\/#organization"},"potentialAction":[{"@type":"SearchAction","target":{"@type":"EntryPoint","urlTemplate":"https:\/\/clarijs-fietstassen.nl\/de\/?s={search_term_string}"},"query-input":{"@type":"PropertyValueSpecification","valueRequired":true,"valueName":"search_term_string"}}],"inLanguage":"de"},{"@type":"Organization","@id":"https:\/\/clarijs-fietstassen.nl\/de\/#organization","name":"Clarijs Fietstassen","url":"https:\/\/clarijs-fietstassen.nl\/de\/","logo":{"@type":"ImageObject","inLanguage":"de","@id":"https:\/\/clarijs-fietstassen.nl\/de\/#\/schema\/logo\/image\/","url":"https:\/\/clarijs-fietstassen.nl\/wp-content\/uploads\/2024\/01\/clarijs-logo-met-rand.jpg","contentUrl":"https:\/\/clarijs-fietstassen.nl\/wp-content\/uploads\/2024\/01\/clarijs-logo-met-rand.jpg","width":560,"height":266,"caption":"Clarijs Fietstassen"},"image":{"@id":"https:\/\/clarijs-fietstassen.nl\/de\/#\/schema\/logo\/image\/"},"sameAs":["https:\/\/www.facebook.com\/clarijs1948\/","https:\/\/www.instagram.com\/clarijscovers\/"]}]},"product_price_amount":"19.99","product_price_currency":"EUR","og_availability":"instock","product_availability":"instock","product_retailer_item_id":"4090","product_condition":"new"},"_links":{"self":[{"href":"https:\/\/clarijs-fietstassen.nl\/de\/wp-json\/wp\/v2\/product\/55839","targetHints":{"allow":["GET"]}}],"collection":[{"href":"https:\/\/clarijs-fietstassen.nl\/de\/wp-json\/wp\/v2\/product"}],"about":[{"href":"https:\/\/clarijs-fietstassen.nl\/de\/wp-json\/wp\/v2\/types\/product"}],"replies":[{"embeddable":true,"href":"https:\/\/clarijs-fietstassen.nl\/de\/wp-json\/wp\/v2\/comments?post=55839"}],"wp:featuredmedia":[{"embeddable":true,"href":"https:\/\/clarijs-fietstassen.nl\/de\/wp-json\/wp\/v2\/media\/55834"}],"wp:attachment":[{"href":"https:\/\/clarijs-fietstassen.nl\/de\/wp-json\/wp\/v2\/media?parent=55839"}],"wp:term":[{"taxonomy":"product_brand","embeddable":true,"href":"https:\/\/clarijs-fietstassen.nl\/de\/wp-json\/wp\/v2\/product_brand?post=55839"},{"taxonomy":"product_cat","embeddable":true,"href":"https:\/\/clarijs-fietstassen.nl\/de\/wp-json\/wp\/v2\/product_cat?post=55839"},{"taxonomy":"product_tag","embeddable":true,"href":"https:\/\/clarijs-fietstassen.nl\/de\/wp-json\/wp\/v2\/product_tag?post=55839"}],"curies":[{"name":"wp","href":"https:\/\/api.w.org\/{rel}","templated":true}]}}