{"id":55858,"date":"2025-07-28T15:59:23","date_gmt":"2025-07-28T13:59:23","guid":{"rendered":"https:\/\/clarijs-fietstassen.nl\/?post_type=product&#038;p=55858"},"modified":"2025-07-30T09:49:21","modified_gmt":"2025-07-30T07:49:21","slug":"basil-mik-carrier-gepacktragerplatte-schwarz-kopie-kopie","status":"publish","type":"product","link":"https:\/\/clarijs-fietstassen.nl\/de\/produkt\/basil-mik-carrier-gepacktragerplatte-schwarz-kopie-kopie\/","title":{"rendered":"Basil MIK Doppeldecker f\u00fcr MIK Adapterplatte"},"content":{"rendered":"<p data-start=\"419\" data-end=\"678\">M\u00f6chten Sie eine Doppeltasche mit einem weiteren MIK-Zubeh\u00f6rteil, wie z.B. einem Korb, kombinieren? Dann ist diese clevere Zwischenplatte genau das Richtige f\u00fcr Sie. Damit k\u00f6nnen Sie ganz einfach ein zus\u00e4tzliches Zubeh\u00f6rteil auf Ihrer Doppeltasche befestigen &#8211; praktisch und platzsparend.  <\/p>\n<p data-start=\"680\" data-end=\"1004\">Sie klicken die <strong data-start=\"683\" data-end=\"732\">Basil MIK Double Decker f\u00fcr MIK Adapterplatte<\/strong> auf die Br\u00fccke Ihrer Doppeltasche mit vormontierter Adapterplatte. Dann setzen Sie z.B. ein anderes MIK-Zubeh\u00f6rteil darauf. Auf diese Weise verwandeln Sie Ihr Fahrrad in einen multifunktionalen Allzwecktr\u00e4ger.  <br data-start=\"946\" data-end=\"949\"><strong data-start=\"949\" data-end=\"960\">Bitte beachten Sie, dass<\/strong> die<a href=\"https:\/\/clarijs-fietstassen.nl\/de\/produkt\/basil-mik-carrier-gepaecktraegerplatte-schwarz\/\"> MIK-Adapterplatte<\/a> nicht im Lieferumfang enthalten ist.<\/p>\n<p data-start=\"1006\" data-end=\"1294\">Sie k\u00f6nnen die Halterung auf zwei Arten montieren: gerade nach oben oder 4 cm nach hinten, so dass Sie mehr Platz hinter Ihrem Sattel haben. Die aus robustem schwarzem Kunststoff gefertigte Verl\u00e4ngerung passt perfekt zum schlanken Design des MIK-Systems. Alles bleibt stabil, sicher und einfach zu bedienen.  <\/p>\n<p data-start=\"1035\" data-end=\"1230\"><strong>Vorteile<\/strong><\/p>\n<p data-start=\"1296\" data-end=\"1582\">&#8211; Kombinieren Sie eine Doppeltasche mit einem zus\u00e4tzlichen MIK-Zubeh\u00f6r<br data-start=\"1361\" data-end=\"1364\">&#8211; Zwei Positionen zur Auswahl: Standard oder 4 cm nach hinten<br data-start=\"1422\" data-end=\"1425\">&#8211; Aus leichtem, robustem Kunststoff<br data-start=\"1462\" data-end=\"1465\">&#8211; Einfache Montage ohne Werkzeug<\/p>\n<p data-start=\"1035\" data-end=\"1230\">Kaufen Sie jetzt den Basil MIK Double Decker f\u00fcr MIK-Adapterplatte und machen Sie Ihre Clarijs-Tasche noch vielseitiger, perfekt f\u00fcr jeden aktiven Radfahrer mit einem MIK-Gep\u00e4cktr\u00e4ger!<\/p>\n","protected":false},"excerpt":{"rendered":"<p>M\u00f6chten Sie eine Doppeltasche mit einem weiteren MIK-Zubeh\u00f6rteil, wie z.B. einem Korb, kombinieren? Dann ist diese clevere Zwischenplatte genau das Richtige f\u00fcr Sie. Damit k\u00f6nnen Sie ganz einfach ein zus\u00e4tzliches Zubeh\u00f6rteil auf Ihrer Doppeltasche befestigen &#8211; praktisch und platzsparend. Sie klicken die Basil MIK Double Decker f\u00fcr MIK Adapterplatte auf die Br\u00fccke Ihrer Doppeltasche mit [&hellip;]<\/p>\n","protected":false},"featured_media":55837,"comment_status":"closed","ping_status":"closed","template":"","meta":{"_acf_changed":false,"_et_pb_use_builder":"","_et_pb_old_content":"","_et_gb_content_width":""},"product_brand":[],"product_cat":[723,684],"product_tag":[],"class_list":{"0":"post-55858","1":"product","2":"type-product","3":"status-publish","4":"has-post-thumbnail","6":"product_cat-fahrradzubehor","7":"product_cat-zubehor","9":"first","10":"instock","11":"taxable","12":"shipping-taxable","13":"purchasable","14":"product-type-simple"},"acf":[],"yoast_head":"<!-- This site is optimized with the Yoast SEO Premium plugin v27.2 (Yoast SEO v27.3) - https:\/\/yoast.com\/product\/yoast-seo-premium-wordpress\/ -->\n<title>Basil MIK Doppeldecker f\u00fcr MIK Adapterplatte - Clarijs Fietstassen<\/title>\n<meta name=\"description\" content=\"Kombinieren Sie eine Doppelpacktasche mit zus\u00e4tzlichem MIK-Zubeh\u00f6r mit dem Basil MIK Double Decker. Intelligent, stabil und platzsparend. Bestellen Sie direkt bei Clarijs!\" \/>\n<meta name=\"robots\" content=\"index, follow, max-snippet:-1, max-image-preview:large, max-video-preview:-1\" \/>\n<link rel=\"canonical\" href=\"http:\/\/clarijs-fietstassen.nl\/produkt\/basil-mik-double-decker-voor-mik-adapterplaat\/\" \/>\n<meta property=\"og:locale\" content=\"de_DE\" \/>\n<meta property=\"og:type\" content=\"article\" \/>\n<meta property=\"og:title\" content=\"Basil MIK Doppeldecker f\u00fcr MIK Adapterplatte\" \/>\n<meta property=\"og:description\" content=\"Kombinieren Sie eine Doppelpacktasche mit zus\u00e4tzlichem MIK-Zubeh\u00f6r mit dem Basil MIK Double Decker. Intelligent, stabil und platzsparend. Bestellen Sie direkt bei Clarijs!\" \/>\n<meta property=\"og:url\" content=\"http:\/\/clarijs-fietstassen.nl\/produkt\/basil-mik-double-decker-voor-mik-adapterplaat\/\" \/>\n<meta property=\"og:site_name\" content=\"Clarijs Fietstassen\" \/>\n<meta property=\"article:publisher\" content=\"https:\/\/www.facebook.com\/clarijs1948\/\" \/>\n<meta property=\"article:modified_time\" content=\"2025-07-30T07:49:21+00:00\" \/>\n<meta property=\"og:image\" content=\"https:\/\/clarijs-fietstassen.nl\/wp-content\/uploads\/2025\/07\/MIK-double-decker-adapter-plate.png\" \/>\n\t<meta property=\"og:image:width\" content=\"1000\" \/>\n\t<meta property=\"og:image:height\" content=\"1000\" \/>\n\t<meta property=\"og:image:type\" content=\"image\/png\" \/>\n<meta name=\"twitter:card\" content=\"summary_large_image\" \/>\n<meta name=\"twitter:label1\" content=\"Preis\" \/>\n\t<meta name=\"twitter:data1\" content=\"&euro;19.99\" \/>\n\t<meta name=\"twitter:label2\" content=\"Verf\u00fcgbarkeit\" \/>\n\t<meta name=\"twitter:data2\" content=\"Auf Lager\" \/>\n<script type=\"application\/ld+json\" class=\"yoast-schema-graph\">{\"@context\":\"https:\\\/\\\/schema.org\",\"@graph\":[{\"@type\":\"WebPage\",\"@id\":\"http:\\\/\\\/clarijs-fietstassen.nl\\\/produkt\\\/basil-mik-double-decker-voor-mik-adapterplaat\\\/\",\"url\":\"http:\\\/\\\/clarijs-fietstassen.nl\\\/produkt\\\/basil-mik-double-decker-voor-mik-adapterplaat\\\/\",\"name\":\"Basil MIK Doppeldecker f\u00fcr MIK Adapterplatte - Clarijs Fietstassen\",\"isPartOf\":{\"@id\":\"https:\\\/\\\/clarijs-fietstassen.nl\\\/de\\\/#website\"},\"primaryImageOfPage\":{\"@id\":\"http:\\\/\\\/clarijs-fietstassen.nl\\\/produkt\\\/basil-mik-double-decker-voor-mik-adapterplaat\\\/#primaryimage\"},\"image\":{\"@id\":\"http:\\\/\\\/clarijs-fietstassen.nl\\\/produkt\\\/basil-mik-double-decker-voor-mik-adapterplaat\\\/#primaryimage\"},\"thumbnailUrl\":\"https:\\\/\\\/clarijs-fietstassen.nl\\\/wp-content\\\/uploads\\\/2025\\\/07\\\/MIK-double-decker-adapter-plate.png\",\"datePublished\":\"2025-07-28T13:59:23+00:00\",\"dateModified\":\"2025-07-30T07:49:21+00:00\",\"description\":\"Kombinieren Sie eine Doppelpacktasche mit zus\u00e4tzlichem MIK-Zubeh\u00f6r mit dem Basil MIK Double Decker. Intelligent, stabil und platzsparend. Bestellen Sie direkt bei Clarijs!\",\"breadcrumb\":{\"@id\":\"http:\\\/\\\/clarijs-fietstassen.nl\\\/produkt\\\/basil-mik-double-decker-voor-mik-adapterplaat\\\/#breadcrumb\"},\"inLanguage\":\"de\",\"potentialAction\":[{\"@type\":\"ReadAction\",\"target\":[\"http:\\\/\\\/clarijs-fietstassen.nl\\\/produkt\\\/basil-mik-double-decker-voor-mik-adapterplaat\\\/\"]}]},{\"@type\":\"ImageObject\",\"inLanguage\":\"de\",\"@id\":\"http:\\\/\\\/clarijs-fietstassen.nl\\\/produkt\\\/basil-mik-double-decker-voor-mik-adapterplaat\\\/#primaryimage\",\"url\":\"https:\\\/\\\/clarijs-fietstassen.nl\\\/wp-content\\\/uploads\\\/2025\\\/07\\\/MIK-double-decker-adapter-plate.png\",\"contentUrl\":\"https:\\\/\\\/clarijs-fietstassen.nl\\\/wp-content\\\/uploads\\\/2025\\\/07\\\/MIK-double-decker-adapter-plate.png\",\"width\":1000,\"height\":1000,\"caption\":\"MIK-Doppeldecker-Adapter-Platte\"},{\"@type\":\"BreadcrumbList\",\"@id\":\"http:\\\/\\\/clarijs-fietstassen.nl\\\/produkt\\\/basil-mik-double-decker-voor-mik-adapterplaat\\\/#breadcrumb\",\"itemListElement\":[{\"@type\":\"ListItem\",\"position\":1,\"name\":\"Home\",\"item\":\"https:\\\/\\\/clarijs-fietstassen.nl\\\/de\\\/\"},{\"@type\":\"ListItem\",\"position\":2,\"name\":\"Shop\",\"item\":\"https:\\\/\\\/clarijs-fietstassen.nl\\\/de\\\/shop\\\/\"},{\"@type\":\"ListItem\",\"position\":3,\"name\":\"Fiets Accessoires\",\"item\":\"https:\\\/\\\/clarijs-fietstassen.nl\\\/fiets-accessoires\\\/\"},{\"@type\":\"ListItem\",\"position\":4,\"name\":\"Basil MIK Doppeldecker f\u00fcr MIK Adapterplatte\"}]},{\"@type\":\"WebSite\",\"@id\":\"https:\\\/\\\/clarijs-fietstassen.nl\\\/de\\\/#website\",\"url\":\"https:\\\/\\\/clarijs-fietstassen.nl\\\/de\\\/\",\"name\":\"Clarijs Fietstassen\",\"description\":\"Kwaliteit &amp; ambacht sinds 1948\",\"publisher\":{\"@id\":\"https:\\\/\\\/clarijs-fietstassen.nl\\\/de\\\/#organization\"},\"potentialAction\":[{\"@type\":\"SearchAction\",\"target\":{\"@type\":\"EntryPoint\",\"urlTemplate\":\"https:\\\/\\\/clarijs-fietstassen.nl\\\/de\\\/?s={search_term_string}\"},\"query-input\":{\"@type\":\"PropertyValueSpecification\",\"valueRequired\":true,\"valueName\":\"search_term_string\"}}],\"inLanguage\":\"de\"},{\"@type\":\"Organization\",\"@id\":\"https:\\\/\\\/clarijs-fietstassen.nl\\\/de\\\/#organization\",\"name\":\"Clarijs Fietstassen\",\"url\":\"https:\\\/\\\/clarijs-fietstassen.nl\\\/de\\\/\",\"logo\":{\"@type\":\"ImageObject\",\"inLanguage\":\"de\",\"@id\":\"https:\\\/\\\/clarijs-fietstassen.nl\\\/de\\\/#\\\/schema\\\/logo\\\/image\\\/\",\"url\":\"https:\\\/\\\/clarijs-fietstassen.nl\\\/wp-content\\\/uploads\\\/2024\\\/01\\\/clarijs-logo-met-rand.jpg\",\"contentUrl\":\"https:\\\/\\\/clarijs-fietstassen.nl\\\/wp-content\\\/uploads\\\/2024\\\/01\\\/clarijs-logo-met-rand.jpg\",\"width\":560,\"height\":266,\"caption\":\"Clarijs Fietstassen\"},\"image\":{\"@id\":\"https:\\\/\\\/clarijs-fietstassen.nl\\\/de\\\/#\\\/schema\\\/logo\\\/image\\\/\"},\"sameAs\":[\"https:\\\/\\\/www.facebook.com\\\/clarijs1948\\\/\",\"https:\\\/\\\/www.instagram.com\\\/clarijscovers\\\/\"]}]}<\/script>\n<meta property=\"product:price:amount\" content=\"19.99\" \/>\n<meta property=\"product:price:currency\" content=\"EUR\" \/>\n<meta property=\"og:availability\" content=\"instock\" \/>\n<meta property=\"product:availability\" content=\"instock\" \/>\n<meta property=\"product:retailer_item_id\" content=\"4091\" \/>\n<meta property=\"product:condition\" content=\"new\" \/>\n<!-- \/ Yoast SEO Premium plugin. -->","yoast_head_json":{"title":"Basil MIK Doppeldecker f\u00fcr MIK Adapterplatte - Clarijs Fietstassen","description":"Kombinieren Sie eine Doppelpacktasche mit zus\u00e4tzlichem MIK-Zubeh\u00f6r mit dem Basil MIK Double Decker. Intelligent, stabil und platzsparend. Bestellen Sie direkt bei Clarijs!","robots":{"index":"index","follow":"follow","max-snippet":"max-snippet:-1","max-image-preview":"max-image-preview:large","max-video-preview":"max-video-preview:-1"},"canonical":"http:\/\/clarijs-fietstassen.nl\/produkt\/basil-mik-double-decker-voor-mik-adapterplaat\/","og_locale":"de_DE","og_type":"article","og_title":"Basil MIK Doppeldecker f\u00fcr MIK Adapterplatte","og_description":"Kombinieren Sie eine Doppelpacktasche mit zus\u00e4tzlichem MIK-Zubeh\u00f6r mit dem Basil MIK Double Decker. Intelligent, stabil und platzsparend. Bestellen Sie direkt bei Clarijs!","og_url":"http:\/\/clarijs-fietstassen.nl\/produkt\/basil-mik-double-decker-voor-mik-adapterplaat\/","og_site_name":"Clarijs Fietstassen","article_publisher":"https:\/\/www.facebook.com\/clarijs1948\/","article_modified_time":"2025-07-30T07:49:21+00:00","og_image":[{"width":1000,"height":1000,"url":"https:\/\/clarijs-fietstassen.nl\/wp-content\/uploads\/2025\/07\/MIK-double-decker-adapter-plate.png","type":"image\/png"}],"twitter_card":"summary_large_image","twitter_misc":{"Preis":"&euro;19.99","Verf\u00fcgbarkeit":"Auf Lager"},"schema":{"@context":"https:\/\/schema.org","@graph":[{"@type":"WebPage","@id":"http:\/\/clarijs-fietstassen.nl\/produkt\/basil-mik-double-decker-voor-mik-adapterplaat\/","url":"http:\/\/clarijs-fietstassen.nl\/produkt\/basil-mik-double-decker-voor-mik-adapterplaat\/","name":"Basil MIK Doppeldecker f\u00fcr MIK Adapterplatte - Clarijs Fietstassen","isPartOf":{"@id":"https:\/\/clarijs-fietstassen.nl\/de\/#website"},"primaryImageOfPage":{"@id":"http:\/\/clarijs-fietstassen.nl\/produkt\/basil-mik-double-decker-voor-mik-adapterplaat\/#primaryimage"},"image":{"@id":"http:\/\/clarijs-fietstassen.nl\/produkt\/basil-mik-double-decker-voor-mik-adapterplaat\/#primaryimage"},"thumbnailUrl":"https:\/\/clarijs-fietstassen.nl\/wp-content\/uploads\/2025\/07\/MIK-double-decker-adapter-plate.png","datePublished":"2025-07-28T13:59:23+00:00","dateModified":"2025-07-30T07:49:21+00:00","description":"Kombinieren Sie eine Doppelpacktasche mit zus\u00e4tzlichem MIK-Zubeh\u00f6r mit dem Basil MIK Double Decker. Intelligent, stabil und platzsparend. Bestellen Sie direkt bei Clarijs!","breadcrumb":{"@id":"http:\/\/clarijs-fietstassen.nl\/produkt\/basil-mik-double-decker-voor-mik-adapterplaat\/#breadcrumb"},"inLanguage":"de","potentialAction":[{"@type":"ReadAction","target":["http:\/\/clarijs-fietstassen.nl\/produkt\/basil-mik-double-decker-voor-mik-adapterplaat\/"]}]},{"@type":"ImageObject","inLanguage":"de","@id":"http:\/\/clarijs-fietstassen.nl\/produkt\/basil-mik-double-decker-voor-mik-adapterplaat\/#primaryimage","url":"https:\/\/clarijs-fietstassen.nl\/wp-content\/uploads\/2025\/07\/MIK-double-decker-adapter-plate.png","contentUrl":"https:\/\/clarijs-fietstassen.nl\/wp-content\/uploads\/2025\/07\/MIK-double-decker-adapter-plate.png","width":1000,"height":1000,"caption":"MIK-Doppeldecker-Adapter-Platte"},{"@type":"BreadcrumbList","@id":"http:\/\/clarijs-fietstassen.nl\/produkt\/basil-mik-double-decker-voor-mik-adapterplaat\/#breadcrumb","itemListElement":[{"@type":"ListItem","position":1,"name":"Home","item":"https:\/\/clarijs-fietstassen.nl\/de\/"},{"@type":"ListItem","position":2,"name":"Shop","item":"https:\/\/clarijs-fietstassen.nl\/de\/shop\/"},{"@type":"ListItem","position":3,"name":"Fiets Accessoires","item":"https:\/\/clarijs-fietstassen.nl\/fiets-accessoires\/"},{"@type":"ListItem","position":4,"name":"Basil MIK Doppeldecker f\u00fcr MIK Adapterplatte"}]},{"@type":"WebSite","@id":"https:\/\/clarijs-fietstassen.nl\/de\/#website","url":"https:\/\/clarijs-fietstassen.nl\/de\/","name":"Clarijs Fietstassen","description":"Kwaliteit &amp; ambacht sinds 1948","publisher":{"@id":"https:\/\/clarijs-fietstassen.nl\/de\/#organization"},"potentialAction":[{"@type":"SearchAction","target":{"@type":"EntryPoint","urlTemplate":"https:\/\/clarijs-fietstassen.nl\/de\/?s={search_term_string}"},"query-input":{"@type":"PropertyValueSpecification","valueRequired":true,"valueName":"search_term_string"}}],"inLanguage":"de"},{"@type":"Organization","@id":"https:\/\/clarijs-fietstassen.nl\/de\/#organization","name":"Clarijs Fietstassen","url":"https:\/\/clarijs-fietstassen.nl\/de\/","logo":{"@type":"ImageObject","inLanguage":"de","@id":"https:\/\/clarijs-fietstassen.nl\/de\/#\/schema\/logo\/image\/","url":"https:\/\/clarijs-fietstassen.nl\/wp-content\/uploads\/2024\/01\/clarijs-logo-met-rand.jpg","contentUrl":"https:\/\/clarijs-fietstassen.nl\/wp-content\/uploads\/2024\/01\/clarijs-logo-met-rand.jpg","width":560,"height":266,"caption":"Clarijs Fietstassen"},"image":{"@id":"https:\/\/clarijs-fietstassen.nl\/de\/#\/schema\/logo\/image\/"},"sameAs":["https:\/\/www.facebook.com\/clarijs1948\/","https:\/\/www.instagram.com\/clarijscovers\/"]}]},"product_price_amount":"19.99","product_price_currency":"EUR","og_availability":"instock","product_availability":"instock","product_retailer_item_id":"4091","product_condition":"new"},"_links":{"self":[{"href":"https:\/\/clarijs-fietstassen.nl\/de\/wp-json\/wp\/v2\/product\/55858","targetHints":{"allow":["GET"]}}],"collection":[{"href":"https:\/\/clarijs-fietstassen.nl\/de\/wp-json\/wp\/v2\/product"}],"about":[{"href":"https:\/\/clarijs-fietstassen.nl\/de\/wp-json\/wp\/v2\/types\/product"}],"replies":[{"embeddable":true,"href":"https:\/\/clarijs-fietstassen.nl\/de\/wp-json\/wp\/v2\/comments?post=55858"}],"wp:featuredmedia":[{"embeddable":true,"href":"https:\/\/clarijs-fietstassen.nl\/de\/wp-json\/wp\/v2\/media\/55837"}],"wp:attachment":[{"href":"https:\/\/clarijs-fietstassen.nl\/de\/wp-json\/wp\/v2\/media?parent=55858"}],"wp:term":[{"taxonomy":"product_brand","embeddable":true,"href":"https:\/\/clarijs-fietstassen.nl\/de\/wp-json\/wp\/v2\/product_brand?post=55858"},{"taxonomy":"product_cat","embeddable":true,"href":"https:\/\/clarijs-fietstassen.nl\/de\/wp-json\/wp\/v2\/product_cat?post=55858"},{"taxonomy":"product_tag","embeddable":true,"href":"https:\/\/clarijs-fietstassen.nl\/de\/wp-json\/wp\/v2\/product_tag?post=55858"}],"curies":[{"name":"wp","href":"https:\/\/api.w.org\/{rel}","templated":true}]}}