{"id":57162,"date":"2025-09-25T11:09:57","date_gmt":"2025-09-25T09:09:57","guid":{"rendered":"https:\/\/clarijs-fietstassen.nl\/?post_type=product&#038;p=57162"},"modified":"2025-09-25T11:39:40","modified_gmt":"2025-09-25T09:39:40","slug":"wasserfestes-spray-stimex-kopie","status":"publish","type":"product","link":"https:\/\/clarijs-fietstassen.nl\/de\/produkt\/wasserfestes-spray-stimex-kopie\/","title":{"rendered":"Dometic Seam Sealant &#8211; Nahtdichter"},"content":{"rendered":"<p data-start=\"167\" data-end=\"588\">Dometic Seam Sealant versiegelt N\u00e4hte auf synthetischen und nat\u00fcrlichen Stoffen schnell und zuverl\u00e4ssig. Die farblose, flexible und abwaschbare Formel macht N\u00e4hte wasserdicht und verl\u00e4ngert die Lebensdauer Ihrer Ausr\u00fcstung. Ideal f\u00fcr M\u00fclltonnenzelte, Packtaschen, Zelte, Vorzelte, wasserdichte Kleidung, Rucks\u00e4cke und Planen. Mit der 60 ml Flasche und Pinselapplikator tr\u00e4gst du den Nahtdichter pr\u00e4zise und sauber auf \u2013 auch an schwer zug\u00e4nglichen Stellen.   <\/p>\n<p data-start=\"590\" data-end=\"1037\">Dometic Seam Sealant repariert undichte N\u00e4hte schnell und dauerhaft. Die Nahtversiegelung dringt tief ein, f\u00fcllt Mikrorisse und verhindert das Eindringen von Regen oder Feuchtigkeit. Da die Formel farblos, elastisch und abwaschbar ist, bleibt der Schutz lange wirksam, auch im t\u00e4glichen Gebrauch oder nach der Reinigung. So bleibt Ihr Bakfietsent, Ihre Packtasche oder Ihre Outdoor-Ausr\u00fcstung l\u00e4nger in einem Top-Zustand und Sie sind bei jedem Wetter unbeschwert auf der Stra\u00dfe unterwegs.   <\/p>\n<p data-start=\"1039\" data-end=\"1128\">Bestelle Dometic Nahtdichter und verhindere Leckagen bei Lastenrad Regenverdecken, Fahrradtaschen und Zelten.<\/p>\n","protected":false},"excerpt":{"rendered":"<p>Dometic Seam Sealant versiegelt N\u00e4hte auf synthetischen und nat\u00fcrlichen Stoffen schnell und zuverl\u00e4ssig. Die farblose, flexible und abwaschbare Formel macht N\u00e4hte wasserdicht und verl\u00e4ngert die Lebensdauer Ihrer Ausr\u00fcstung. Ideal f\u00fcr M\u00fclltonnenzelte, Packtaschen, Zelte, Vorzelte, wasserdichte Kleidung, Rucks\u00e4cke und Planen. Mit der 60 ml Flasche und Pinselapplikator tr\u00e4gst du den Nahtdichter pr\u00e4zise und sauber auf \u2013 [&hellip;]<\/p>\n","protected":false},"featured_media":57166,"comment_status":"closed","ping_status":"closed","template":"","meta":{"_acf_changed":false,"_et_pb_use_builder":"","_et_pb_old_content":"","_et_gb_content_width":""},"product_brand":[],"product_cat":[723,688,684],"product_tag":[],"class_list":{"0":"post-57162","1":"product","2":"type-product","3":"status-publish","4":"has-post-thumbnail","6":"product_cat-fahrradzubehor","7":"product_cat-lastenrad-zubehor","8":"product_cat-zubehor","9":"pa_geschikt-voor-e-bike-ja-de","11":"first","12":"instock","13":"taxable","14":"shipping-taxable","15":"purchasable","16":"product-type-simple"},"acf":[],"yoast_head":"<!-- This site is optimized with the Yoast SEO Premium plugin v27.2 (Yoast SEO v27.3) - https:\/\/yoast.com\/product\/yoast-seo-premium-wordpress\/ -->\n<title>Dometic Seam Sealant - Nahtdichter - Clarijs Fietstassen<\/title>\n<meta name=\"description\" content=\"Dometic Seam Sealant dichtet die N\u00e4hte von Bakfietszelten, Zelten und Textilien ab. Farblos, flexibel, abwaschbar und leicht aufzutragen.\" \/>\n<meta name=\"robots\" content=\"index, follow, max-snippet:-1, max-image-preview:large, max-video-preview:-1\" \/>\n<link rel=\"canonical\" href=\"https:\/\/clarijs-fietstassen.nl\/de\/produkt\/wasserfestes-spray-stimex-kopie\/\" \/>\n<meta property=\"og:locale\" content=\"de_DE\" \/>\n<meta property=\"og:type\" content=\"article\" \/>\n<meta property=\"og:title\" content=\"Dometic Seam Sealant - Nahtdichter\" \/>\n<meta property=\"og:description\" content=\"Dometic Seam Sealant dichtet die N\u00e4hte von Bakfietszelten, Zelten und Textilien ab. Farblos, flexibel, abwaschbar und leicht aufzutragen.\" \/>\n<meta property=\"og:url\" content=\"https:\/\/clarijs-fietstassen.nl\/de\/produkt\/wasserfestes-spray-stimex-kopie\/\" \/>\n<meta property=\"og:site_name\" content=\"Clarijs Fietstassen\" \/>\n<meta property=\"article:publisher\" content=\"https:\/\/www.facebook.com\/clarijs1948\/\" \/>\n<meta property=\"article:modified_time\" content=\"2025-09-25T09:39:40+00:00\" \/>\n<meta property=\"og:image\" content=\"https:\/\/clarijs-fietstassen.nl\/wp-content\/uploads\/2025\/09\/Naad-afdichting-seam-sealant-repair-solution.png\" \/>\n\t<meta property=\"og:image:width\" content=\"1000\" \/>\n\t<meta property=\"og:image:height\" content=\"1000\" \/>\n\t<meta property=\"og:image:type\" content=\"image\/png\" \/>\n<meta name=\"twitter:card\" content=\"summary_large_image\" \/>\n<meta name=\"twitter:label1\" content=\"Preis\" \/>\n\t<meta name=\"twitter:data1\" content=\"&euro;7.50\" \/>\n\t<meta name=\"twitter:label2\" content=\"Verf\u00fcgbarkeit\" \/>\n\t<meta name=\"twitter:data2\" content=\"Auf Lager\" \/>\n<script type=\"application\/ld+json\" class=\"yoast-schema-graph\">{\"@context\":\"https:\\\/\\\/schema.org\",\"@graph\":[{\"@type\":\"WebPage\",\"@id\":\"https:\\\/\\\/clarijs-fietstassen.nl\\\/de\\\/produkt\\\/wasserfestes-spray-stimex-kopie\\\/\",\"url\":\"https:\\\/\\\/clarijs-fietstassen.nl\\\/de\\\/produkt\\\/wasserfestes-spray-stimex-kopie\\\/\",\"name\":\"Dometic Seam Sealant - Nahtdichter - Clarijs Fietstassen\",\"isPartOf\":{\"@id\":\"https:\\\/\\\/clarijs-fietstassen.nl\\\/de\\\/#website\"},\"primaryImageOfPage\":{\"@id\":\"https:\\\/\\\/clarijs-fietstassen.nl\\\/de\\\/produkt\\\/wasserfestes-spray-stimex-kopie\\\/#primaryimage\"},\"image\":{\"@id\":\"https:\\\/\\\/clarijs-fietstassen.nl\\\/de\\\/produkt\\\/wasserfestes-spray-stimex-kopie\\\/#primaryimage\"},\"thumbnailUrl\":\"https:\\\/\\\/clarijs-fietstassen.nl\\\/wp-content\\\/uploads\\\/2025\\\/09\\\/Naad-afdichting-seam-sealant-repair-solution.png\",\"datePublished\":\"2025-09-25T09:09:57+00:00\",\"dateModified\":\"2025-09-25T09:39:40+00:00\",\"description\":\"Dometic Seam Sealant dichtet die N\u00e4hte von Bakfietszelten, Zelten und Textilien ab. Farblos, flexibel, abwaschbar und leicht aufzutragen.\",\"breadcrumb\":{\"@id\":\"https:\\\/\\\/clarijs-fietstassen.nl\\\/de\\\/produkt\\\/wasserfestes-spray-stimex-kopie\\\/#breadcrumb\"},\"inLanguage\":\"de\",\"potentialAction\":[{\"@type\":\"ReadAction\",\"target\":[\"https:\\\/\\\/clarijs-fietstassen.nl\\\/de\\\/produkt\\\/wasserfestes-spray-stimex-kopie\\\/\"]}]},{\"@type\":\"ImageObject\",\"inLanguage\":\"de\",\"@id\":\"https:\\\/\\\/clarijs-fietstassen.nl\\\/de\\\/produkt\\\/wasserfestes-spray-stimex-kopie\\\/#primaryimage\",\"url\":\"https:\\\/\\\/clarijs-fietstassen.nl\\\/wp-content\\\/uploads\\\/2025\\\/09\\\/Naad-afdichting-seam-sealant-repair-solution.png\",\"contentUrl\":\"https:\\\/\\\/clarijs-fietstassen.nl\\\/wp-content\\\/uploads\\\/2025\\\/09\\\/Naad-afdichting-seam-sealant-repair-solution.png\",\"width\":1000,\"height\":1000,\"caption\":\"Dometic Seam Sealant - Nahtdichter mit Pinsel\"},{\"@type\":\"BreadcrumbList\",\"@id\":\"https:\\\/\\\/clarijs-fietstassen.nl\\\/de\\\/produkt\\\/wasserfestes-spray-stimex-kopie\\\/#breadcrumb\",\"itemListElement\":[{\"@type\":\"ListItem\",\"position\":1,\"name\":\"Home\",\"item\":\"https:\\\/\\\/clarijs-fietstassen.nl\\\/de\\\/\"},{\"@type\":\"ListItem\",\"position\":2,\"name\":\"Shop\",\"item\":\"https:\\\/\\\/clarijs-fietstassen.nl\\\/de\\\/shop\\\/\"},{\"@type\":\"ListItem\",\"position\":3,\"name\":\"Accessoires\",\"item\":\"https:\\\/\\\/clarijs-fietstassen.nl\\\/accessoires\\\/\"},{\"@type\":\"ListItem\",\"position\":4,\"name\":\"Dometic Seam Sealant &#8211; Nahtdichter\"}]},{\"@type\":\"WebSite\",\"@id\":\"https:\\\/\\\/clarijs-fietstassen.nl\\\/de\\\/#website\",\"url\":\"https:\\\/\\\/clarijs-fietstassen.nl\\\/de\\\/\",\"name\":\"Clarijs Fietstassen\",\"description\":\"Kwaliteit &amp; ambacht sinds 1948\",\"publisher\":{\"@id\":\"https:\\\/\\\/clarijs-fietstassen.nl\\\/de\\\/#organization\"},\"potentialAction\":[{\"@type\":\"SearchAction\",\"target\":{\"@type\":\"EntryPoint\",\"urlTemplate\":\"https:\\\/\\\/clarijs-fietstassen.nl\\\/de\\\/?s={search_term_string}\"},\"query-input\":{\"@type\":\"PropertyValueSpecification\",\"valueRequired\":true,\"valueName\":\"search_term_string\"}}],\"inLanguage\":\"de\"},{\"@type\":\"Organization\",\"@id\":\"https:\\\/\\\/clarijs-fietstassen.nl\\\/de\\\/#organization\",\"name\":\"Clarijs Fietstassen\",\"url\":\"https:\\\/\\\/clarijs-fietstassen.nl\\\/de\\\/\",\"logo\":{\"@type\":\"ImageObject\",\"inLanguage\":\"de\",\"@id\":\"https:\\\/\\\/clarijs-fietstassen.nl\\\/de\\\/#\\\/schema\\\/logo\\\/image\\\/\",\"url\":\"https:\\\/\\\/clarijs-fietstassen.nl\\\/wp-content\\\/uploads\\\/2024\\\/01\\\/clarijs-logo-met-rand.jpg\",\"contentUrl\":\"https:\\\/\\\/clarijs-fietstassen.nl\\\/wp-content\\\/uploads\\\/2024\\\/01\\\/clarijs-logo-met-rand.jpg\",\"width\":560,\"height\":266,\"caption\":\"Clarijs Fietstassen\"},\"image\":{\"@id\":\"https:\\\/\\\/clarijs-fietstassen.nl\\\/de\\\/#\\\/schema\\\/logo\\\/image\\\/\"},\"sameAs\":[\"https:\\\/\\\/www.facebook.com\\\/clarijs1948\\\/\",\"https:\\\/\\\/www.instagram.com\\\/clarijscovers\\\/\"]}]}<\/script>\n<meta property=\"product:price:amount\" content=\"7.50\" \/>\n<meta property=\"product:price:currency\" content=\"EUR\" \/>\n<meta property=\"og:availability\" content=\"instock\" \/>\n<meta property=\"product:availability\" content=\"instock\" \/>\n<meta property=\"product:retailer_item_id\" content=\"4093\" \/>\n<meta property=\"product:condition\" content=\"new\" \/>\n<!-- \/ Yoast SEO Premium plugin. -->","yoast_head_json":{"title":"Dometic Seam Sealant - Nahtdichter - Clarijs Fietstassen","description":"Dometic Seam Sealant dichtet die N\u00e4hte von Bakfietszelten, Zelten und Textilien ab. Farblos, flexibel, abwaschbar und leicht aufzutragen.","robots":{"index":"index","follow":"follow","max-snippet":"max-snippet:-1","max-image-preview":"max-image-preview:large","max-video-preview":"max-video-preview:-1"},"canonical":"https:\/\/clarijs-fietstassen.nl\/de\/produkt\/wasserfestes-spray-stimex-kopie\/","og_locale":"de_DE","og_type":"article","og_title":"Dometic Seam Sealant - Nahtdichter","og_description":"Dometic Seam Sealant dichtet die N\u00e4hte von Bakfietszelten, Zelten und Textilien ab. Farblos, flexibel, abwaschbar und leicht aufzutragen.","og_url":"https:\/\/clarijs-fietstassen.nl\/de\/produkt\/wasserfestes-spray-stimex-kopie\/","og_site_name":"Clarijs Fietstassen","article_publisher":"https:\/\/www.facebook.com\/clarijs1948\/","article_modified_time":"2025-09-25T09:39:40+00:00","og_image":[{"width":1000,"height":1000,"url":"https:\/\/clarijs-fietstassen.nl\/wp-content\/uploads\/2025\/09\/Naad-afdichting-seam-sealant-repair-solution.png","type":"image\/png"}],"twitter_card":"summary_large_image","twitter_misc":{"Preis":"&euro;7.50","Verf\u00fcgbarkeit":"Auf Lager"},"schema":{"@context":"https:\/\/schema.org","@graph":[{"@type":"WebPage","@id":"https:\/\/clarijs-fietstassen.nl\/de\/produkt\/wasserfestes-spray-stimex-kopie\/","url":"https:\/\/clarijs-fietstassen.nl\/de\/produkt\/wasserfestes-spray-stimex-kopie\/","name":"Dometic Seam Sealant - Nahtdichter - Clarijs Fietstassen","isPartOf":{"@id":"https:\/\/clarijs-fietstassen.nl\/de\/#website"},"primaryImageOfPage":{"@id":"https:\/\/clarijs-fietstassen.nl\/de\/produkt\/wasserfestes-spray-stimex-kopie\/#primaryimage"},"image":{"@id":"https:\/\/clarijs-fietstassen.nl\/de\/produkt\/wasserfestes-spray-stimex-kopie\/#primaryimage"},"thumbnailUrl":"https:\/\/clarijs-fietstassen.nl\/wp-content\/uploads\/2025\/09\/Naad-afdichting-seam-sealant-repair-solution.png","datePublished":"2025-09-25T09:09:57+00:00","dateModified":"2025-09-25T09:39:40+00:00","description":"Dometic Seam Sealant dichtet die N\u00e4hte von Bakfietszelten, Zelten und Textilien ab. Farblos, flexibel, abwaschbar und leicht aufzutragen.","breadcrumb":{"@id":"https:\/\/clarijs-fietstassen.nl\/de\/produkt\/wasserfestes-spray-stimex-kopie\/#breadcrumb"},"inLanguage":"de","potentialAction":[{"@type":"ReadAction","target":["https:\/\/clarijs-fietstassen.nl\/de\/produkt\/wasserfestes-spray-stimex-kopie\/"]}]},{"@type":"ImageObject","inLanguage":"de","@id":"https:\/\/clarijs-fietstassen.nl\/de\/produkt\/wasserfestes-spray-stimex-kopie\/#primaryimage","url":"https:\/\/clarijs-fietstassen.nl\/wp-content\/uploads\/2025\/09\/Naad-afdichting-seam-sealant-repair-solution.png","contentUrl":"https:\/\/clarijs-fietstassen.nl\/wp-content\/uploads\/2025\/09\/Naad-afdichting-seam-sealant-repair-solution.png","width":1000,"height":1000,"caption":"Dometic Seam Sealant - Nahtdichter mit Pinsel"},{"@type":"BreadcrumbList","@id":"https:\/\/clarijs-fietstassen.nl\/de\/produkt\/wasserfestes-spray-stimex-kopie\/#breadcrumb","itemListElement":[{"@type":"ListItem","position":1,"name":"Home","item":"https:\/\/clarijs-fietstassen.nl\/de\/"},{"@type":"ListItem","position":2,"name":"Shop","item":"https:\/\/clarijs-fietstassen.nl\/de\/shop\/"},{"@type":"ListItem","position":3,"name":"Accessoires","item":"https:\/\/clarijs-fietstassen.nl\/accessoires\/"},{"@type":"ListItem","position":4,"name":"Dometic Seam Sealant &#8211; Nahtdichter"}]},{"@type":"WebSite","@id":"https:\/\/clarijs-fietstassen.nl\/de\/#website","url":"https:\/\/clarijs-fietstassen.nl\/de\/","name":"Clarijs Fietstassen","description":"Kwaliteit &amp; ambacht sinds 1948","publisher":{"@id":"https:\/\/clarijs-fietstassen.nl\/de\/#organization"},"potentialAction":[{"@type":"SearchAction","target":{"@type":"EntryPoint","urlTemplate":"https:\/\/clarijs-fietstassen.nl\/de\/?s={search_term_string}"},"query-input":{"@type":"PropertyValueSpecification","valueRequired":true,"valueName":"search_term_string"}}],"inLanguage":"de"},{"@type":"Organization","@id":"https:\/\/clarijs-fietstassen.nl\/de\/#organization","name":"Clarijs Fietstassen","url":"https:\/\/clarijs-fietstassen.nl\/de\/","logo":{"@type":"ImageObject","inLanguage":"de","@id":"https:\/\/clarijs-fietstassen.nl\/de\/#\/schema\/logo\/image\/","url":"https:\/\/clarijs-fietstassen.nl\/wp-content\/uploads\/2024\/01\/clarijs-logo-met-rand.jpg","contentUrl":"https:\/\/clarijs-fietstassen.nl\/wp-content\/uploads\/2024\/01\/clarijs-logo-met-rand.jpg","width":560,"height":266,"caption":"Clarijs Fietstassen"},"image":{"@id":"https:\/\/clarijs-fietstassen.nl\/de\/#\/schema\/logo\/image\/"},"sameAs":["https:\/\/www.facebook.com\/clarijs1948\/","https:\/\/www.instagram.com\/clarijscovers\/"]}]},"product_price_amount":"7.50","product_price_currency":"EUR","og_availability":"instock","product_availability":"instock","product_retailer_item_id":"4093","product_condition":"new"},"_links":{"self":[{"href":"https:\/\/clarijs-fietstassen.nl\/de\/wp-json\/wp\/v2\/product\/57162","targetHints":{"allow":["GET"]}}],"collection":[{"href":"https:\/\/clarijs-fietstassen.nl\/de\/wp-json\/wp\/v2\/product"}],"about":[{"href":"https:\/\/clarijs-fietstassen.nl\/de\/wp-json\/wp\/v2\/types\/product"}],"replies":[{"embeddable":true,"href":"https:\/\/clarijs-fietstassen.nl\/de\/wp-json\/wp\/v2\/comments?post=57162"}],"wp:featuredmedia":[{"embeddable":true,"href":"https:\/\/clarijs-fietstassen.nl\/de\/wp-json\/wp\/v2\/media\/57166"}],"wp:attachment":[{"href":"https:\/\/clarijs-fietstassen.nl\/de\/wp-json\/wp\/v2\/media?parent=57162"}],"wp:term":[{"taxonomy":"product_brand","embeddable":true,"href":"https:\/\/clarijs-fietstassen.nl\/de\/wp-json\/wp\/v2\/product_brand?post=57162"},{"taxonomy":"product_cat","embeddable":true,"href":"https:\/\/clarijs-fietstassen.nl\/de\/wp-json\/wp\/v2\/product_cat?post=57162"},{"taxonomy":"product_tag","embeddable":true,"href":"https:\/\/clarijs-fietstassen.nl\/de\/wp-json\/wp\/v2\/product_tag?post=57162"}],"curies":[{"name":"wp","href":"https:\/\/api.w.org\/{rel}","templated":true}]}}