{"id":57171,"date":"2025-09-25T11:43:18","date_gmt":"2025-09-25T09:43:18","guid":{"rendered":"https:\/\/clarijs-fietstassen.nl\/?post_type=product&#038;p=57171"},"modified":"2025-09-25T12:10:25","modified_gmt":"2025-09-25T10:10:25","slug":"dometic-seam-sealant-nahtdichter-kopie","status":"publish","type":"product","link":"https:\/\/clarijs-fietstassen.nl\/de\/produkt\/dometic-seam-sealant-nahtdichter-kopie\/","title":{"rendered":"Gear Aid Seamgrip Silikondichtmittel f\u00fcr Zelte &#8211; 28 gr."},"content":{"rendered":"<p data-start=\"109\" data-end=\"479\">Gear Aid Seamgrip Silicone Tent Sealant wurde speziell f\u00fcr Outdoor-Produkte aus oder mit Silikon entwickelt. Dieses vulkanisierende Reparaturmittel f\u00fcllt Risse und L\u00f6cher, dichtet N\u00e4hte ab und sorgt f\u00fcr eine flexible, dauerhafte und nahezu unsichtbare Versiegelung. Ideal f\u00fcr Zelte, Lastenrad Regenverdecke und Fahrradtaschen, die zus\u00e4tzlichen Schutz ben\u00f6tigen.  <\/p>\n<p data-start=\"481\" data-end=\"801\">Die kompakte 28 g Tube ist mit einer Pinselspitze und einem zus\u00e4tzlichen B\u00fcrstchen ausgestattet. So l\u00e4sst sich der Nahtdichter einfach und pr\u00e4zise auftragen \u2013 auch an schwer zug\u00e4nglichen Stellen. Mit Gear Aid Seamgrip reparierst du schnell und dauerhaft N\u00e4hte und Risse, damit dein Lastenrad Regenverdeck oder deine Fahrradtasche jedem Wetter standh\u00e4lt.  <\/p>\n<p data-start=\"803\" data-end=\"913\">Bestelle Gear Aid Seamgrip Silicone Tent Sealant und verhindere Leckagen bei Lastenrad Regenverdecken, Fahrradtaschen und Zelten.<\/p>\n","protected":false},"excerpt":{"rendered":"<p>Gear Aid Seamgrip Silicone Tent Sealant wurde speziell f\u00fcr Outdoor-Produkte aus oder mit Silikon entwickelt. Dieses vulkanisierende Reparaturmittel f\u00fcllt Risse und L\u00f6cher, dichtet N\u00e4hte ab und sorgt f\u00fcr eine flexible, dauerhafte und nahezu unsichtbare Versiegelung. Ideal f\u00fcr Zelte, Lastenrad Regenverdecke und Fahrradtaschen, die zus\u00e4tzlichen Schutz ben\u00f6tigen. Die kompakte 28 g Tube ist mit einer Pinselspitze [&hellip;]<\/p>\n","protected":false},"featured_media":57176,"comment_status":"closed","ping_status":"closed","template":"","meta":{"_acf_changed":false,"_et_pb_use_builder":"","_et_pb_old_content":"","_et_gb_content_width":""},"product_brand":[],"product_cat":[723,688,684],"product_tag":[],"class_list":{"0":"post-57171","1":"product","2":"type-product","3":"status-publish","4":"has-post-thumbnail","6":"product_cat-fahrradzubehor","7":"product_cat-lastenrad-zubehor","8":"product_cat-zubehor","9":"pa_geschikt-voor-e-bike-ja-de","11":"first","12":"instock","13":"taxable","14":"shipping-taxable","15":"purchasable","16":"product-type-simple"},"acf":[],"yoast_head":"<!-- This site is optimized with the Yoast SEO Premium plugin v27.2 (Yoast SEO v27.3) - https:\/\/yoast.com\/product\/yoast-seo-premium-wordpress\/ -->\n<title>Gear Aid Seamgrip Silikondichtmittel f\u00fcr Zelte - 28 gr. - Clarijs Fietstassen<\/title>\n<meta name=\"description\" content=\"Gear Aid Seamgrip Silicone Tent Sealant dichtet N\u00e4hte ab und repariert Risse in Lastenrad Regenverdecken, Fahrradtaschen und Zelten. Flexibel, haltbar, leicht aufzutragen.\" \/>\n<meta name=\"robots\" content=\"index, follow, max-snippet:-1, max-image-preview:large, max-video-preview:-1\" \/>\n<link rel=\"canonical\" href=\"https:\/\/clarijs-fietstassen.nl\/de\/produkt\/dometic-seam-sealant-nahtdichter-kopie\/\" \/>\n<meta property=\"og:locale\" content=\"de_DE\" \/>\n<meta property=\"og:type\" content=\"article\" \/>\n<meta property=\"og:title\" content=\"Gear Aid Seamgrip Silikondichtmittel f\u00fcr Zelte - 28 gr.\" \/>\n<meta property=\"og:description\" content=\"Gear Aid Seamgrip Silicone Tent Sealant dichtet N\u00e4hte ab und repariert Risse in Lastenrad Regenverdecken, Fahrradtaschen und Zelten. Flexibel, haltbar, leicht aufzutragen.\" \/>\n<meta property=\"og:url\" content=\"https:\/\/clarijs-fietstassen.nl\/de\/produkt\/dometic-seam-sealant-nahtdichter-kopie\/\" \/>\n<meta property=\"og:site_name\" content=\"Clarijs Fietstassen\" \/>\n<meta property=\"article:publisher\" content=\"https:\/\/www.facebook.com\/clarijs1948\/\" \/>\n<meta property=\"article:modified_time\" content=\"2025-09-25T10:10:25+00:00\" \/>\n<meta property=\"og:image\" content=\"https:\/\/clarijs-fietstassen.nl\/wp-content\/uploads\/2025\/09\/Gear-Aid-Seamgrip-Silicone-Tent-Sealant.png\" \/>\n\t<meta property=\"og:image:width\" content=\"1000\" \/>\n\t<meta property=\"og:image:height\" content=\"1000\" \/>\n\t<meta property=\"og:image:type\" content=\"image\/png\" \/>\n<meta name=\"twitter:card\" content=\"summary_large_image\" \/>\n<meta name=\"twitter:label1\" content=\"Preis\" \/>\n\t<meta name=\"twitter:data1\" content=\"&euro;10.99\" \/>\n\t<meta name=\"twitter:label2\" content=\"Verf\u00fcgbarkeit\" \/>\n\t<meta name=\"twitter:data2\" content=\"Auf Lager\" \/>\n<script type=\"application\/ld+json\" class=\"yoast-schema-graph\">{\"@context\":\"https:\\\/\\\/schema.org\",\"@graph\":[{\"@type\":\"WebPage\",\"@id\":\"https:\\\/\\\/clarijs-fietstassen.nl\\\/de\\\/produkt\\\/dometic-seam-sealant-nahtdichter-kopie\\\/\",\"url\":\"https:\\\/\\\/clarijs-fietstassen.nl\\\/de\\\/produkt\\\/dometic-seam-sealant-nahtdichter-kopie\\\/\",\"name\":\"Gear Aid Seamgrip Silikondichtmittel f\u00fcr Zelte - 28 gr. - Clarijs Fietstassen\",\"isPartOf\":{\"@id\":\"https:\\\/\\\/clarijs-fietstassen.nl\\\/de\\\/#website\"},\"primaryImageOfPage\":{\"@id\":\"https:\\\/\\\/clarijs-fietstassen.nl\\\/de\\\/produkt\\\/dometic-seam-sealant-nahtdichter-kopie\\\/#primaryimage\"},\"image\":{\"@id\":\"https:\\\/\\\/clarijs-fietstassen.nl\\\/de\\\/produkt\\\/dometic-seam-sealant-nahtdichter-kopie\\\/#primaryimage\"},\"thumbnailUrl\":\"https:\\\/\\\/clarijs-fietstassen.nl\\\/wp-content\\\/uploads\\\/2025\\\/09\\\/Gear-Aid-Seamgrip-Silicone-Tent-Sealant.png\",\"datePublished\":\"2025-09-25T09:43:18+00:00\",\"dateModified\":\"2025-09-25T10:10:25+00:00\",\"description\":\"Gear Aid Seamgrip Silicone Tent Sealant dichtet N\u00e4hte ab und repariert Risse in Lastenrad Regenverdecken, Fahrradtaschen und Zelten. Flexibel, haltbar, leicht aufzutragen.\",\"breadcrumb\":{\"@id\":\"https:\\\/\\\/clarijs-fietstassen.nl\\\/de\\\/produkt\\\/dometic-seam-sealant-nahtdichter-kopie\\\/#breadcrumb\"},\"inLanguage\":\"de\",\"potentialAction\":[{\"@type\":\"ReadAction\",\"target\":[\"https:\\\/\\\/clarijs-fietstassen.nl\\\/de\\\/produkt\\\/dometic-seam-sealant-nahtdichter-kopie\\\/\"]}]},{\"@type\":\"ImageObject\",\"inLanguage\":\"de\",\"@id\":\"https:\\\/\\\/clarijs-fietstassen.nl\\\/de\\\/produkt\\\/dometic-seam-sealant-nahtdichter-kopie\\\/#primaryimage\",\"url\":\"https:\\\/\\\/clarijs-fietstassen.nl\\\/wp-content\\\/uploads\\\/2025\\\/09\\\/Gear-Aid-Seamgrip-Silicone-Tent-Sealant.png\",\"contentUrl\":\"https:\\\/\\\/clarijs-fietstassen.nl\\\/wp-content\\\/uploads\\\/2025\\\/09\\\/Gear-Aid-Seamgrip-Silicone-Tent-Sealant.png\",\"width\":1000,\"height\":1000,\"caption\":\"Gear Aid Seamgrip Silicone Tent Sealant\"},{\"@type\":\"BreadcrumbList\",\"@id\":\"https:\\\/\\\/clarijs-fietstassen.nl\\\/de\\\/produkt\\\/dometic-seam-sealant-nahtdichter-kopie\\\/#breadcrumb\",\"itemListElement\":[{\"@type\":\"ListItem\",\"position\":1,\"name\":\"Home\",\"item\":\"https:\\\/\\\/clarijs-fietstassen.nl\\\/de\\\/\"},{\"@type\":\"ListItem\",\"position\":2,\"name\":\"Shop\",\"item\":\"https:\\\/\\\/clarijs-fietstassen.nl\\\/de\\\/shop\\\/\"},{\"@type\":\"ListItem\",\"position\":3,\"name\":\"Accessoires\",\"item\":\"https:\\\/\\\/clarijs-fietstassen.nl\\\/accessoires\\\/\"},{\"@type\":\"ListItem\",\"position\":4,\"name\":\"Gear Aid Seamgrip Silikondichtmittel f\u00fcr Zelte &#8211; 28 gr.\"}]},{\"@type\":\"WebSite\",\"@id\":\"https:\\\/\\\/clarijs-fietstassen.nl\\\/de\\\/#website\",\"url\":\"https:\\\/\\\/clarijs-fietstassen.nl\\\/de\\\/\",\"name\":\"Clarijs Fietstassen\",\"description\":\"Kwaliteit &amp; ambacht sinds 1948\",\"publisher\":{\"@id\":\"https:\\\/\\\/clarijs-fietstassen.nl\\\/de\\\/#organization\"},\"potentialAction\":[{\"@type\":\"SearchAction\",\"target\":{\"@type\":\"EntryPoint\",\"urlTemplate\":\"https:\\\/\\\/clarijs-fietstassen.nl\\\/de\\\/?s={search_term_string}\"},\"query-input\":{\"@type\":\"PropertyValueSpecification\",\"valueRequired\":true,\"valueName\":\"search_term_string\"}}],\"inLanguage\":\"de\"},{\"@type\":\"Organization\",\"@id\":\"https:\\\/\\\/clarijs-fietstassen.nl\\\/de\\\/#organization\",\"name\":\"Clarijs Fietstassen\",\"url\":\"https:\\\/\\\/clarijs-fietstassen.nl\\\/de\\\/\",\"logo\":{\"@type\":\"ImageObject\",\"inLanguage\":\"de\",\"@id\":\"https:\\\/\\\/clarijs-fietstassen.nl\\\/de\\\/#\\\/schema\\\/logo\\\/image\\\/\",\"url\":\"https:\\\/\\\/clarijs-fietstassen.nl\\\/wp-content\\\/uploads\\\/2024\\\/01\\\/clarijs-logo-met-rand.jpg\",\"contentUrl\":\"https:\\\/\\\/clarijs-fietstassen.nl\\\/wp-content\\\/uploads\\\/2024\\\/01\\\/clarijs-logo-met-rand.jpg\",\"width\":560,\"height\":266,\"caption\":\"Clarijs Fietstassen\"},\"image\":{\"@id\":\"https:\\\/\\\/clarijs-fietstassen.nl\\\/de\\\/#\\\/schema\\\/logo\\\/image\\\/\"},\"sameAs\":[\"https:\\\/\\\/www.facebook.com\\\/clarijs1948\\\/\",\"https:\\\/\\\/www.instagram.com\\\/clarijscovers\\\/\"]}]}<\/script>\n<meta property=\"product:price:amount\" content=\"10.99\" \/>\n<meta property=\"product:price:currency\" content=\"EUR\" \/>\n<meta property=\"og:availability\" content=\"instock\" \/>\n<meta property=\"product:availability\" content=\"instock\" \/>\n<meta property=\"product:retailer_item_id\" content=\"4094\" \/>\n<meta property=\"product:condition\" content=\"new\" \/>\n<!-- \/ Yoast SEO Premium plugin. -->","yoast_head_json":{"title":"Gear Aid Seamgrip Silikondichtmittel f\u00fcr Zelte - 28 gr. - Clarijs Fietstassen","description":"Gear Aid Seamgrip Silicone Tent Sealant dichtet N\u00e4hte ab und repariert Risse in Lastenrad Regenverdecken, Fahrradtaschen und Zelten. Flexibel, haltbar, leicht aufzutragen.","robots":{"index":"index","follow":"follow","max-snippet":"max-snippet:-1","max-image-preview":"max-image-preview:large","max-video-preview":"max-video-preview:-1"},"canonical":"https:\/\/clarijs-fietstassen.nl\/de\/produkt\/dometic-seam-sealant-nahtdichter-kopie\/","og_locale":"de_DE","og_type":"article","og_title":"Gear Aid Seamgrip Silikondichtmittel f\u00fcr Zelte - 28 gr.","og_description":"Gear Aid Seamgrip Silicone Tent Sealant dichtet N\u00e4hte ab und repariert Risse in Lastenrad Regenverdecken, Fahrradtaschen und Zelten. Flexibel, haltbar, leicht aufzutragen.","og_url":"https:\/\/clarijs-fietstassen.nl\/de\/produkt\/dometic-seam-sealant-nahtdichter-kopie\/","og_site_name":"Clarijs Fietstassen","article_publisher":"https:\/\/www.facebook.com\/clarijs1948\/","article_modified_time":"2025-09-25T10:10:25+00:00","og_image":[{"width":1000,"height":1000,"url":"https:\/\/clarijs-fietstassen.nl\/wp-content\/uploads\/2025\/09\/Gear-Aid-Seamgrip-Silicone-Tent-Sealant.png","type":"image\/png"}],"twitter_card":"summary_large_image","twitter_misc":{"Preis":"&euro;10.99","Verf\u00fcgbarkeit":"Auf Lager"},"schema":{"@context":"https:\/\/schema.org","@graph":[{"@type":"WebPage","@id":"https:\/\/clarijs-fietstassen.nl\/de\/produkt\/dometic-seam-sealant-nahtdichter-kopie\/","url":"https:\/\/clarijs-fietstassen.nl\/de\/produkt\/dometic-seam-sealant-nahtdichter-kopie\/","name":"Gear Aid Seamgrip Silikondichtmittel f\u00fcr Zelte - 28 gr. - Clarijs Fietstassen","isPartOf":{"@id":"https:\/\/clarijs-fietstassen.nl\/de\/#website"},"primaryImageOfPage":{"@id":"https:\/\/clarijs-fietstassen.nl\/de\/produkt\/dometic-seam-sealant-nahtdichter-kopie\/#primaryimage"},"image":{"@id":"https:\/\/clarijs-fietstassen.nl\/de\/produkt\/dometic-seam-sealant-nahtdichter-kopie\/#primaryimage"},"thumbnailUrl":"https:\/\/clarijs-fietstassen.nl\/wp-content\/uploads\/2025\/09\/Gear-Aid-Seamgrip-Silicone-Tent-Sealant.png","datePublished":"2025-09-25T09:43:18+00:00","dateModified":"2025-09-25T10:10:25+00:00","description":"Gear Aid Seamgrip Silicone Tent Sealant dichtet N\u00e4hte ab und repariert Risse in Lastenrad Regenverdecken, Fahrradtaschen und Zelten. Flexibel, haltbar, leicht aufzutragen.","breadcrumb":{"@id":"https:\/\/clarijs-fietstassen.nl\/de\/produkt\/dometic-seam-sealant-nahtdichter-kopie\/#breadcrumb"},"inLanguage":"de","potentialAction":[{"@type":"ReadAction","target":["https:\/\/clarijs-fietstassen.nl\/de\/produkt\/dometic-seam-sealant-nahtdichter-kopie\/"]}]},{"@type":"ImageObject","inLanguage":"de","@id":"https:\/\/clarijs-fietstassen.nl\/de\/produkt\/dometic-seam-sealant-nahtdichter-kopie\/#primaryimage","url":"https:\/\/clarijs-fietstassen.nl\/wp-content\/uploads\/2025\/09\/Gear-Aid-Seamgrip-Silicone-Tent-Sealant.png","contentUrl":"https:\/\/clarijs-fietstassen.nl\/wp-content\/uploads\/2025\/09\/Gear-Aid-Seamgrip-Silicone-Tent-Sealant.png","width":1000,"height":1000,"caption":"Gear Aid Seamgrip Silicone Tent Sealant"},{"@type":"BreadcrumbList","@id":"https:\/\/clarijs-fietstassen.nl\/de\/produkt\/dometic-seam-sealant-nahtdichter-kopie\/#breadcrumb","itemListElement":[{"@type":"ListItem","position":1,"name":"Home","item":"https:\/\/clarijs-fietstassen.nl\/de\/"},{"@type":"ListItem","position":2,"name":"Shop","item":"https:\/\/clarijs-fietstassen.nl\/de\/shop\/"},{"@type":"ListItem","position":3,"name":"Accessoires","item":"https:\/\/clarijs-fietstassen.nl\/accessoires\/"},{"@type":"ListItem","position":4,"name":"Gear Aid Seamgrip Silikondichtmittel f\u00fcr Zelte &#8211; 28 gr."}]},{"@type":"WebSite","@id":"https:\/\/clarijs-fietstassen.nl\/de\/#website","url":"https:\/\/clarijs-fietstassen.nl\/de\/","name":"Clarijs Fietstassen","description":"Kwaliteit &amp; ambacht sinds 1948","publisher":{"@id":"https:\/\/clarijs-fietstassen.nl\/de\/#organization"},"potentialAction":[{"@type":"SearchAction","target":{"@type":"EntryPoint","urlTemplate":"https:\/\/clarijs-fietstassen.nl\/de\/?s={search_term_string}"},"query-input":{"@type":"PropertyValueSpecification","valueRequired":true,"valueName":"search_term_string"}}],"inLanguage":"de"},{"@type":"Organization","@id":"https:\/\/clarijs-fietstassen.nl\/de\/#organization","name":"Clarijs Fietstassen","url":"https:\/\/clarijs-fietstassen.nl\/de\/","logo":{"@type":"ImageObject","inLanguage":"de","@id":"https:\/\/clarijs-fietstassen.nl\/de\/#\/schema\/logo\/image\/","url":"https:\/\/clarijs-fietstassen.nl\/wp-content\/uploads\/2024\/01\/clarijs-logo-met-rand.jpg","contentUrl":"https:\/\/clarijs-fietstassen.nl\/wp-content\/uploads\/2024\/01\/clarijs-logo-met-rand.jpg","width":560,"height":266,"caption":"Clarijs Fietstassen"},"image":{"@id":"https:\/\/clarijs-fietstassen.nl\/de\/#\/schema\/logo\/image\/"},"sameAs":["https:\/\/www.facebook.com\/clarijs1948\/","https:\/\/www.instagram.com\/clarijscovers\/"]}]},"product_price_amount":"10.99","product_price_currency":"EUR","og_availability":"instock","product_availability":"instock","product_retailer_item_id":"4094","product_condition":"new"},"_links":{"self":[{"href":"https:\/\/clarijs-fietstassen.nl\/de\/wp-json\/wp\/v2\/product\/57171","targetHints":{"allow":["GET"]}}],"collection":[{"href":"https:\/\/clarijs-fietstassen.nl\/de\/wp-json\/wp\/v2\/product"}],"about":[{"href":"https:\/\/clarijs-fietstassen.nl\/de\/wp-json\/wp\/v2\/types\/product"}],"replies":[{"embeddable":true,"href":"https:\/\/clarijs-fietstassen.nl\/de\/wp-json\/wp\/v2\/comments?post=57171"}],"wp:featuredmedia":[{"embeddable":true,"href":"https:\/\/clarijs-fietstassen.nl\/de\/wp-json\/wp\/v2\/media\/57176"}],"wp:attachment":[{"href":"https:\/\/clarijs-fietstassen.nl\/de\/wp-json\/wp\/v2\/media?parent=57171"}],"wp:term":[{"taxonomy":"product_brand","embeddable":true,"href":"https:\/\/clarijs-fietstassen.nl\/de\/wp-json\/wp\/v2\/product_brand?post=57171"},{"taxonomy":"product_cat","embeddable":true,"href":"https:\/\/clarijs-fietstassen.nl\/de\/wp-json\/wp\/v2\/product_cat?post=57171"},{"taxonomy":"product_tag","embeddable":true,"href":"https:\/\/clarijs-fietstassen.nl\/de\/wp-json\/wp\/v2\/product_tag?post=57171"}],"curies":[{"name":"wp","href":"https:\/\/api.w.org\/{rel}","templated":true}]}}