{"id":57178,"date":"2025-09-25T12:16:04","date_gmt":"2025-09-25T10:16:04","guid":{"rendered":"https:\/\/clarijs-fietstassen.nl\/?post_type=product&#038;p=57178"},"modified":"2025-10-28T18:47:42","modified_gmt":"2025-10-28T17:47:42","slug":"wasserfestes-spray-stimex-kopie-2","status":"publish","type":"product","link":"https:\/\/clarijs-fietstassen.nl\/de\/produkt\/wasserfestes-spray-stimex-kopie-2\/","title":{"rendered":"Stimex Waterproof Seam Sealer"},"content":{"rendered":"<p data-start=\"159\" data-end=\"478\">Stimex Waterproof Seam Sealer ist die ideale L\u00f6sung, um N\u00e4hte schnell und effektiv wasserdicht zu machen. Geeignet f\u00fcr verschiedene Materialien wie Lastenrad Regenverdecke, Fahrradtaschen, Zelte, Rucks\u00e4cke und Regenbekleidung. Die flexible Schicht verhindert Leckagen und sch\u00fctzt das Material langanhaltend vor Feuchtigkeit.  <\/p>\n<p data-start=\"480\" data-end=\"796\">Die 80 ml Flasche ist kompakt und mit einer praktischen Pr\u00e4zisionsspitze ausgestattet, sodass sich der Nahtdichter einfach und gezielt auftragen l\u00e4sst. Trage den Seam Sealer immer auf die Innenseite des Gewebes auf, um UV-Verf\u00e4rbungen zu vermeiden. F\u00fcr ein optimales Ergebnis kann die Behandlung wiederholt werden.  <\/p>\n<p data-start=\"798\" data-end=\"912\">Bestelle Stimex Waterproof Seam Sealer und mache die N\u00e4hte deines Lastenrad Regenverdecks, deiner Fahrradtasche oder deines Zeltes vollst\u00e4ndig wasserdicht.<\/p>\n","protected":false},"excerpt":{"rendered":"<p>Stimex Waterproof Seam Sealer ist die ideale L\u00f6sung, um N\u00e4hte schnell und effektiv wasserdicht zu machen. Geeignet f\u00fcr verschiedene Materialien wie Lastenrad Regenverdecke, Fahrradtaschen, Zelte, Rucks\u00e4cke und Regenbekleidung. Die flexible Schicht verhindert Leckagen und sch\u00fctzt das Material langanhaltend vor Feuchtigkeit. Die 80 ml Flasche ist kompakt und mit einer praktischen Pr\u00e4zisionsspitze ausgestattet, sodass sich der [&hellip;]<\/p>\n","protected":false},"featured_media":57183,"comment_status":"closed","ping_status":"closed","template":"","meta":{"_acf_changed":false,"_et_pb_use_builder":"","_et_pb_old_content":"","_et_gb_content_width":""},"product_brand":[],"product_cat":[723,688,684],"product_tag":[],"class_list":{"0":"post-57178","1":"product","2":"type-product","3":"status-publish","4":"has-post-thumbnail","6":"product_cat-fahrradzubehor","7":"product_cat-lastenrad-zubehor","8":"product_cat-zubehor","9":"pa_geschikt-voor-e-bike-ja-de","11":"first","12":"instock","13":"taxable","14":"shipping-taxable","15":"purchasable","16":"product-type-simple"},"acf":[],"yoast_head":"<!-- This site is optimized with the Yoast SEO Premium plugin v27.2 (Yoast SEO v27.3) - https:\/\/yoast.com\/product\/yoast-seo-premium-wordpress\/ -->\n<title>Stimex Waterproof Seam Sealer - Clarijs Fietstassen<\/title>\n<meta name=\"description\" content=\"Stimex Waterproof Seam Sealer dichtet die N\u00e4hte von Eimerzelten, Packtaschen und Zelten ab. Kompakte 80 ml Flasche mit praktischem Pr\u00e4zisionsausgie\u00dfer.\" \/>\n<meta name=\"robots\" content=\"index, follow, max-snippet:-1, max-image-preview:large, max-video-preview:-1\" \/>\n<link rel=\"canonical\" href=\"https:\/\/clarijs-fietstassen.nl\/de\/produkt\/wasserfestes-spray-stimex-kopie-2\/\" \/>\n<meta property=\"og:locale\" content=\"de_DE\" \/>\n<meta property=\"og:type\" content=\"article\" \/>\n<meta property=\"og:title\" content=\"Stimex Waterproof Seam Sealer\" \/>\n<meta property=\"og:description\" content=\"Stimex Waterproof Seam Sealer dichtet die N\u00e4hte von Eimerzelten, Packtaschen und Zelten ab. Kompakte 80 ml Flasche mit praktischem Pr\u00e4zisionsausgie\u00dfer.\" \/>\n<meta property=\"og:url\" content=\"https:\/\/clarijs-fietstassen.nl\/de\/produkt\/wasserfestes-spray-stimex-kopie-2\/\" \/>\n<meta property=\"og:site_name\" content=\"Clarijs Fietstassen\" \/>\n<meta property=\"article:publisher\" content=\"https:\/\/www.facebook.com\/clarijs1948\/\" \/>\n<meta property=\"article:modified_time\" content=\"2025-10-28T17:47:42+00:00\" \/>\n<meta property=\"og:image\" content=\"https:\/\/clarijs-fietstassen.nl\/wp-content\/uploads\/2025\/09\/stimex-waterproof-seam-sealer.png\" \/>\n\t<meta property=\"og:image:width\" content=\"1000\" \/>\n\t<meta property=\"og:image:height\" content=\"1000\" \/>\n\t<meta property=\"og:image:type\" content=\"image\/png\" \/>\n<meta name=\"twitter:card\" content=\"summary_large_image\" \/>\n<meta name=\"twitter:label1\" content=\"Preis\" \/>\n\t<meta name=\"twitter:data1\" content=\"&euro;10.95\" \/>\n\t<meta name=\"twitter:label2\" content=\"Verf\u00fcgbarkeit\" \/>\n\t<meta name=\"twitter:data2\" content=\"Auf Lager\" \/>\n<script type=\"application\/ld+json\" class=\"yoast-schema-graph\">{\"@context\":\"https:\\\/\\\/schema.org\",\"@graph\":[{\"@type\":\"WebPage\",\"@id\":\"https:\\\/\\\/clarijs-fietstassen.nl\\\/de\\\/produkt\\\/wasserfestes-spray-stimex-kopie-2\\\/\",\"url\":\"https:\\\/\\\/clarijs-fietstassen.nl\\\/de\\\/produkt\\\/wasserfestes-spray-stimex-kopie-2\\\/\",\"name\":\"Stimex Waterproof Seam Sealer - Clarijs Fietstassen\",\"isPartOf\":{\"@id\":\"https:\\\/\\\/clarijs-fietstassen.nl\\\/de\\\/#website\"},\"primaryImageOfPage\":{\"@id\":\"https:\\\/\\\/clarijs-fietstassen.nl\\\/de\\\/produkt\\\/wasserfestes-spray-stimex-kopie-2\\\/#primaryimage\"},\"image\":{\"@id\":\"https:\\\/\\\/clarijs-fietstassen.nl\\\/de\\\/produkt\\\/wasserfestes-spray-stimex-kopie-2\\\/#primaryimage\"},\"thumbnailUrl\":\"https:\\\/\\\/clarijs-fietstassen.nl\\\/wp-content\\\/uploads\\\/2025\\\/09\\\/stimex-waterproof-seam-sealer.png\",\"datePublished\":\"2025-09-25T10:16:04+00:00\",\"dateModified\":\"2025-10-28T17:47:42+00:00\",\"description\":\"Stimex Waterproof Seam Sealer dichtet die N\u00e4hte von Eimerzelten, Packtaschen und Zelten ab. Kompakte 80 ml Flasche mit praktischem Pr\u00e4zisionsausgie\u00dfer.\",\"breadcrumb\":{\"@id\":\"https:\\\/\\\/clarijs-fietstassen.nl\\\/de\\\/produkt\\\/wasserfestes-spray-stimex-kopie-2\\\/#breadcrumb\"},\"inLanguage\":\"de\",\"potentialAction\":[{\"@type\":\"ReadAction\",\"target\":[\"https:\\\/\\\/clarijs-fietstassen.nl\\\/de\\\/produkt\\\/wasserfestes-spray-stimex-kopie-2\\\/\"]}]},{\"@type\":\"ImageObject\",\"inLanguage\":\"de\",\"@id\":\"https:\\\/\\\/clarijs-fietstassen.nl\\\/de\\\/produkt\\\/wasserfestes-spray-stimex-kopie-2\\\/#primaryimage\",\"url\":\"https:\\\/\\\/clarijs-fietstassen.nl\\\/wp-content\\\/uploads\\\/2025\\\/09\\\/stimex-waterproof-seam-sealer.png\",\"contentUrl\":\"https:\\\/\\\/clarijs-fietstassen.nl\\\/wp-content\\\/uploads\\\/2025\\\/09\\\/stimex-waterproof-seam-sealer.png\",\"width\":1000,\"height\":1000,\"caption\":\"Stimex Waterproof Seam Sealer - 80 ml\"},{\"@type\":\"BreadcrumbList\",\"@id\":\"https:\\\/\\\/clarijs-fietstassen.nl\\\/de\\\/produkt\\\/wasserfestes-spray-stimex-kopie-2\\\/#breadcrumb\",\"itemListElement\":[{\"@type\":\"ListItem\",\"position\":1,\"name\":\"Home\",\"item\":\"https:\\\/\\\/clarijs-fietstassen.nl\\\/de\\\/\"},{\"@type\":\"ListItem\",\"position\":2,\"name\":\"Shop\",\"item\":\"https:\\\/\\\/clarijs-fietstassen.nl\\\/de\\\/shop\\\/\"},{\"@type\":\"ListItem\",\"position\":3,\"name\":\"Accessoires\",\"item\":\"https:\\\/\\\/clarijs-fietstassen.nl\\\/accessoires\\\/\"},{\"@type\":\"ListItem\",\"position\":4,\"name\":\"Stimex Waterproof Seam Sealer\"}]},{\"@type\":\"WebSite\",\"@id\":\"https:\\\/\\\/clarijs-fietstassen.nl\\\/de\\\/#website\",\"url\":\"https:\\\/\\\/clarijs-fietstassen.nl\\\/de\\\/\",\"name\":\"Clarijs Fietstassen\",\"description\":\"Kwaliteit &amp; ambacht sinds 1948\",\"publisher\":{\"@id\":\"https:\\\/\\\/clarijs-fietstassen.nl\\\/de\\\/#organization\"},\"potentialAction\":[{\"@type\":\"SearchAction\",\"target\":{\"@type\":\"EntryPoint\",\"urlTemplate\":\"https:\\\/\\\/clarijs-fietstassen.nl\\\/de\\\/?s={search_term_string}\"},\"query-input\":{\"@type\":\"PropertyValueSpecification\",\"valueRequired\":true,\"valueName\":\"search_term_string\"}}],\"inLanguage\":\"de\"},{\"@type\":\"Organization\",\"@id\":\"https:\\\/\\\/clarijs-fietstassen.nl\\\/de\\\/#organization\",\"name\":\"Clarijs Fietstassen\",\"url\":\"https:\\\/\\\/clarijs-fietstassen.nl\\\/de\\\/\",\"logo\":{\"@type\":\"ImageObject\",\"inLanguage\":\"de\",\"@id\":\"https:\\\/\\\/clarijs-fietstassen.nl\\\/de\\\/#\\\/schema\\\/logo\\\/image\\\/\",\"url\":\"https:\\\/\\\/clarijs-fietstassen.nl\\\/wp-content\\\/uploads\\\/2024\\\/01\\\/clarijs-logo-met-rand.jpg\",\"contentUrl\":\"https:\\\/\\\/clarijs-fietstassen.nl\\\/wp-content\\\/uploads\\\/2024\\\/01\\\/clarijs-logo-met-rand.jpg\",\"width\":560,\"height\":266,\"caption\":\"Clarijs Fietstassen\"},\"image\":{\"@id\":\"https:\\\/\\\/clarijs-fietstassen.nl\\\/de\\\/#\\\/schema\\\/logo\\\/image\\\/\"},\"sameAs\":[\"https:\\\/\\\/www.facebook.com\\\/clarijs1948\\\/\",\"https:\\\/\\\/www.instagram.com\\\/clarijscovers\\\/\"]}]}<\/script>\n<meta property=\"product:price:amount\" content=\"10.95\" \/>\n<meta property=\"product:price:currency\" content=\"EUR\" \/>\n<meta property=\"og:availability\" content=\"instock\" \/>\n<meta property=\"product:availability\" content=\"instock\" \/>\n<meta property=\"product:retailer_item_id\" content=\"4095\" \/>\n<meta property=\"product:condition\" content=\"new\" \/>\n<!-- \/ Yoast SEO Premium plugin. -->","yoast_head_json":{"title":"Stimex Waterproof Seam Sealer - Clarijs Fietstassen","description":"Stimex Waterproof Seam Sealer dichtet die N\u00e4hte von Eimerzelten, Packtaschen und Zelten ab. Kompakte 80 ml Flasche mit praktischem Pr\u00e4zisionsausgie\u00dfer.","robots":{"index":"index","follow":"follow","max-snippet":"max-snippet:-1","max-image-preview":"max-image-preview:large","max-video-preview":"max-video-preview:-1"},"canonical":"https:\/\/clarijs-fietstassen.nl\/de\/produkt\/wasserfestes-spray-stimex-kopie-2\/","og_locale":"de_DE","og_type":"article","og_title":"Stimex Waterproof Seam Sealer","og_description":"Stimex Waterproof Seam Sealer dichtet die N\u00e4hte von Eimerzelten, Packtaschen und Zelten ab. Kompakte 80 ml Flasche mit praktischem Pr\u00e4zisionsausgie\u00dfer.","og_url":"https:\/\/clarijs-fietstassen.nl\/de\/produkt\/wasserfestes-spray-stimex-kopie-2\/","og_site_name":"Clarijs Fietstassen","article_publisher":"https:\/\/www.facebook.com\/clarijs1948\/","article_modified_time":"2025-10-28T17:47:42+00:00","og_image":[{"width":1000,"height":1000,"url":"https:\/\/clarijs-fietstassen.nl\/wp-content\/uploads\/2025\/09\/stimex-waterproof-seam-sealer.png","type":"image\/png"}],"twitter_card":"summary_large_image","twitter_misc":{"Preis":"&euro;10.95","Verf\u00fcgbarkeit":"Auf Lager"},"schema":{"@context":"https:\/\/schema.org","@graph":[{"@type":"WebPage","@id":"https:\/\/clarijs-fietstassen.nl\/de\/produkt\/wasserfestes-spray-stimex-kopie-2\/","url":"https:\/\/clarijs-fietstassen.nl\/de\/produkt\/wasserfestes-spray-stimex-kopie-2\/","name":"Stimex Waterproof Seam Sealer - Clarijs Fietstassen","isPartOf":{"@id":"https:\/\/clarijs-fietstassen.nl\/de\/#website"},"primaryImageOfPage":{"@id":"https:\/\/clarijs-fietstassen.nl\/de\/produkt\/wasserfestes-spray-stimex-kopie-2\/#primaryimage"},"image":{"@id":"https:\/\/clarijs-fietstassen.nl\/de\/produkt\/wasserfestes-spray-stimex-kopie-2\/#primaryimage"},"thumbnailUrl":"https:\/\/clarijs-fietstassen.nl\/wp-content\/uploads\/2025\/09\/stimex-waterproof-seam-sealer.png","datePublished":"2025-09-25T10:16:04+00:00","dateModified":"2025-10-28T17:47:42+00:00","description":"Stimex Waterproof Seam Sealer dichtet die N\u00e4hte von Eimerzelten, Packtaschen und Zelten ab. Kompakte 80 ml Flasche mit praktischem Pr\u00e4zisionsausgie\u00dfer.","breadcrumb":{"@id":"https:\/\/clarijs-fietstassen.nl\/de\/produkt\/wasserfestes-spray-stimex-kopie-2\/#breadcrumb"},"inLanguage":"de","potentialAction":[{"@type":"ReadAction","target":["https:\/\/clarijs-fietstassen.nl\/de\/produkt\/wasserfestes-spray-stimex-kopie-2\/"]}]},{"@type":"ImageObject","inLanguage":"de","@id":"https:\/\/clarijs-fietstassen.nl\/de\/produkt\/wasserfestes-spray-stimex-kopie-2\/#primaryimage","url":"https:\/\/clarijs-fietstassen.nl\/wp-content\/uploads\/2025\/09\/stimex-waterproof-seam-sealer.png","contentUrl":"https:\/\/clarijs-fietstassen.nl\/wp-content\/uploads\/2025\/09\/stimex-waterproof-seam-sealer.png","width":1000,"height":1000,"caption":"Stimex Waterproof Seam Sealer - 80 ml"},{"@type":"BreadcrumbList","@id":"https:\/\/clarijs-fietstassen.nl\/de\/produkt\/wasserfestes-spray-stimex-kopie-2\/#breadcrumb","itemListElement":[{"@type":"ListItem","position":1,"name":"Home","item":"https:\/\/clarijs-fietstassen.nl\/de\/"},{"@type":"ListItem","position":2,"name":"Shop","item":"https:\/\/clarijs-fietstassen.nl\/de\/shop\/"},{"@type":"ListItem","position":3,"name":"Accessoires","item":"https:\/\/clarijs-fietstassen.nl\/accessoires\/"},{"@type":"ListItem","position":4,"name":"Stimex Waterproof Seam Sealer"}]},{"@type":"WebSite","@id":"https:\/\/clarijs-fietstassen.nl\/de\/#website","url":"https:\/\/clarijs-fietstassen.nl\/de\/","name":"Clarijs Fietstassen","description":"Kwaliteit &amp; ambacht sinds 1948","publisher":{"@id":"https:\/\/clarijs-fietstassen.nl\/de\/#organization"},"potentialAction":[{"@type":"SearchAction","target":{"@type":"EntryPoint","urlTemplate":"https:\/\/clarijs-fietstassen.nl\/de\/?s={search_term_string}"},"query-input":{"@type":"PropertyValueSpecification","valueRequired":true,"valueName":"search_term_string"}}],"inLanguage":"de"},{"@type":"Organization","@id":"https:\/\/clarijs-fietstassen.nl\/de\/#organization","name":"Clarijs Fietstassen","url":"https:\/\/clarijs-fietstassen.nl\/de\/","logo":{"@type":"ImageObject","inLanguage":"de","@id":"https:\/\/clarijs-fietstassen.nl\/de\/#\/schema\/logo\/image\/","url":"https:\/\/clarijs-fietstassen.nl\/wp-content\/uploads\/2024\/01\/clarijs-logo-met-rand.jpg","contentUrl":"https:\/\/clarijs-fietstassen.nl\/wp-content\/uploads\/2024\/01\/clarijs-logo-met-rand.jpg","width":560,"height":266,"caption":"Clarijs Fietstassen"},"image":{"@id":"https:\/\/clarijs-fietstassen.nl\/de\/#\/schema\/logo\/image\/"},"sameAs":["https:\/\/www.facebook.com\/clarijs1948\/","https:\/\/www.instagram.com\/clarijscovers\/"]}]},"product_price_amount":"10.95","product_price_currency":"EUR","og_availability":"instock","product_availability":"instock","product_retailer_item_id":"4095","product_condition":"new"},"_links":{"self":[{"href":"https:\/\/clarijs-fietstassen.nl\/de\/wp-json\/wp\/v2\/product\/57178","targetHints":{"allow":["GET"]}}],"collection":[{"href":"https:\/\/clarijs-fietstassen.nl\/de\/wp-json\/wp\/v2\/product"}],"about":[{"href":"https:\/\/clarijs-fietstassen.nl\/de\/wp-json\/wp\/v2\/types\/product"}],"replies":[{"embeddable":true,"href":"https:\/\/clarijs-fietstassen.nl\/de\/wp-json\/wp\/v2\/comments?post=57178"}],"wp:featuredmedia":[{"embeddable":true,"href":"https:\/\/clarijs-fietstassen.nl\/de\/wp-json\/wp\/v2\/media\/57183"}],"wp:attachment":[{"href":"https:\/\/clarijs-fietstassen.nl\/de\/wp-json\/wp\/v2\/media?parent=57178"}],"wp:term":[{"taxonomy":"product_brand","embeddable":true,"href":"https:\/\/clarijs-fietstassen.nl\/de\/wp-json\/wp\/v2\/product_brand?post=57178"},{"taxonomy":"product_cat","embeddable":true,"href":"https:\/\/clarijs-fietstassen.nl\/de\/wp-json\/wp\/v2\/product_cat?post=57178"},{"taxonomy":"product_tag","embeddable":true,"href":"https:\/\/clarijs-fietstassen.nl\/de\/wp-json\/wp\/v2\/product_tag?post=57178"}],"curies":[{"name":"wp","href":"https:\/\/api.w.org\/{rel}","templated":true}]}}